{"id":1070673,"date":"2026-03-24T13:32:54","date_gmt":"2026-03-24T12:32:54","guid":{"rendered":"https:\/\/stilanddesign.se\/?post_type=product&#038;p=1070673"},"modified":"2026-04-02T22:36:52","modified_gmt":"2026-04-02T20:36:52","slug":"%f0%9f%a4%8e-drommig-kjol-fran-zabaione-%f0%9f%a4%8e","status":"publish","type":"product","link":"https:\/\/stilanddesign.se\/en\/product\/%f0%9f%a4%8e-drommig-kjol-fran-zabaione-%f0%9f%a4%8e\/","title":{"rendered":"\ud83e\udd0e Dreamy skirt from Zabaione \ud83e\udd0e"},"content":{"rendered":"<p data-start=\"42\" data-end=\"80\">\ud83e\udd0e <strong data-start=\"45\" data-end=\"75\">Dreamy skirt from Zabaione<\/strong> \ud83e\udd0e<\/p>\n<p data-start=\"82\" data-end=\"248\">A soft and airy skirt in 100% cotton that gives a relaxed yet feminine feel \u2728<br data-start=\"172\" data-end=\"175\" \/>The elastic waist makes it super comfortable to wear \u2013 perfect all day long!<\/p>\n<p data-start=\"250\" data-end=\"335\">The fine ruffle details create a beautiful drape and bring the skirt to life with every step \ud83d\udc83<\/p>\n<p data-start=\"337\" data-end=\"497\">\u2714 Elastic waist for maximum comfort<br data-start=\"371\" data-end=\"374\" \/>\u2714 Light and cool cotton<br data-start=\"396\" data-end=\"399\" \/>\u2714 Nice length that suits all occasions<br data-start=\"437\" data-end=\"440\" \/>\u2714 Easy to style \u2013 just as stylish with knitwear as with a top<\/p>\n<p data-start=\"499\" data-end=\"567\"><strong data-start=\"499\" data-end=\"512\">Material:<\/strong> 100% cotton<br data-start=\"524\" data-end=\"527\" \/><strong data-start=\"527\" data-end=\"539\">Size:<\/strong> S\u2013XXL<br data-start=\"545\" data-end=\"548\" \/><strong data-start=\"548\" data-end=\"561\">Washing instructions:<\/strong> 30\u00b0<\/p>\n<p data-start=\"569\" data-end=\"650\">A real wardrobe favorite \u2013 both for everyday wear and for more fancy occasions \ud83e\udd0d<\/p>","protected":false},"excerpt":{"rendered":"<p data-start=\"42\" data-end=\"80\">\ud83e\udd0e <strong data-start=\"45\" data-end=\"75\">Dreamy skirt from Zabaione<\/strong> \ud83e\udd0e<\/p>\n<p data-start=\"82\" data-end=\"248\">A soft and airy skirt in 100% cotton that gives a relaxed yet feminine feel \u2728<br data-start=\"172\" data-end=\"175\" \/>The elastic waist makes it super comfortable to wear \u2013 perfect all day long!<\/p>\n<p data-start=\"250\" data-end=\"335\">The fine ruffle details create a beautiful drape and bring the skirt to life with every step \ud83d\udc83<\/p>\n<p data-start=\"337\" data-end=\"497\">\u2714 Elastic waist for maximum comfort<br data-start=\"371\" data-end=\"374\" \/>\u2714 Light and cool cotton<br data-start=\"396\" data-end=\"399\" \/>\u2714 Nice length that suits all occasions<br data-start=\"437\" data-end=\"440\" \/>\u2714 Easy to style \u2013 just as stylish with knitwear as with a top<\/p>\n<p data-start=\"499\" data-end=\"567\"><strong data-start=\"499\" data-end=\"512\">Material:<\/strong> 100% cotton<br data-start=\"524\" data-end=\"527\" \/><strong data-start=\"527\" data-end=\"539\">Size:<\/strong> S\u2013XXL<br data-start=\"545\" data-end=\"548\" \/><strong data-start=\"548\" data-end=\"561\">Washing instructions:<\/strong> 30\u00b0<\/p>\n<p data-start=\"569\" data-end=\"650\">A real wardrobe favorite \u2013 both for everyday wear and for more fancy occasions \ud83e\udd0d<\/p>","protected":false},"featured_media":1070682,"comment_status":"closed","ping_status":"closed","template":"","meta":[],"product_brand":[],"product_cat":[221],"product_tag":[],"class_list":{"0":"post-1070673","1":"product","2":"type-product","3":"status-publish","4":"has-post-thumbnail","6":"product_cat-kjolar","8":"first","9":"instock","10":"taxable","11":"shipping-taxable","12":"purchasable","13":"product-type-variable"},"yoast_head":"<!-- This site is optimized with the Yoast SEO Premium plugin v27.1 (Yoast SEO v27.4) - https:\/\/yoast.com\/product\/yoast-seo-premium-wordpress\/ -->\n<title>\ud83e\udd0e Dr\u00f6mmig kjol fr\u00e5n Zabaione \ud83e\udd0e - Stil &amp; Design<\/title>\n<meta name=\"robots\" content=\"index, follow, max-snippet:-1, max-image-preview:large, max-video-preview:-1\" \/>\n<link rel=\"canonical\" href=\"https:\/\/stilanddesign.se\/en\/product\/\ud83e\udd0e-drommig-kjol-fran-zabaione-\ud83e\udd0e\/\" \/>\n<meta property=\"og:locale\" content=\"en_US\" \/>\n<meta property=\"og:type\" content=\"article\" \/>\n<meta property=\"og:title\" content=\"\ud83e\udd0e Dr\u00f6mmig kjol fr\u00e5n Zabaione \ud83e\udd0e\" \/>\n<meta property=\"og:description\" content=\"\ud83e\udd0e Dr\u00f6mmig kjol fr\u00e5n Zabaione \ud83e\udd0e En mjuk och luftig kjol i 100% bomull som ger en avslappnad men samtidigt feminin k\u00e4nsla \u2728Den elastiska midjan g\u00f6r den superbekv\u00e4m att b\u00e4ra \u2013 perfekt hela dagen! De fina volangdetaljerna skapar ett vackert fall och ger kjolen liv i varje steg \ud83d\udc83 \u2714 Res\u00e5r i midjan f\u00f6r b\u00e4sta komfort\u2714 L\u00e4tt och sval bomull\u2714 Fin l\u00e4ngd som passar alla tillf\u00e4llen\u2714 Enkel att styla \u2013 lika snygg med stickat som med topp Material: 100% bomullStorlek: S\u2013XXLTv\u00e4ttr\u00e5d: 30\u00b0 En riktig favorit i garderoben \u2013 b\u00e5de till vardag och lite finare tillf\u00e4llen \ud83e\udd0d\" \/>\n<meta property=\"og:url\" content=\"https:\/\/stilanddesign.se\/en\/product\/\ud83e\udd0e-drommig-kjol-fran-zabaione-\ud83e\udd0e\/\" \/>\n<meta property=\"og:site_name\" content=\"Stil &amp; Design\" \/>\n<meta property=\"article:modified_time\" content=\"2026-04-02T20:36:52+00:00\" \/>\n<meta property=\"og:image\" content=\"https:\/\/stilanddesign.se\/wp-content\/uploads\/2026\/03\/4070709043345_1.jpg\" \/>\n\t<meta property=\"og:image:width\" content=\"889\" \/>\n\t<meta property=\"og:image:height\" content=\"1280\" \/>\n\t<meta property=\"og:image:type\" content=\"image\/jpeg\" \/>\n<meta name=\"twitter:card\" content=\"summary_large_image\" \/>\n<meta name=\"twitter:label1\" content=\"Est. reading time\" \/>\n\t<meta name=\"twitter:data1\" content=\"1 minute\" \/>\n<script type=\"application\/ld+json\" class=\"yoast-schema-graph\">{\"@context\":\"https:\\\/\\\/schema.org\",\"@graph\":[{\"@type\":\"WebPage\",\"@id\":\"https:\\\/\\\/stilanddesign.se\\\/produkt\\\/%f0%9f%a4%8e-drommig-kjol-fran-zabaione-%f0%9f%a4%8e\\\/\",\"url\":\"https:\\\/\\\/stilanddesign.se\\\/produkt\\\/%f0%9f%a4%8e-drommig-kjol-fran-zabaione-%f0%9f%a4%8e\\\/\",\"name\":\"\ud83e\udd0e Dr\u00f6mmig kjol fr\u00e5n Zabaione \ud83e\udd0e - Stil &amp; Design\",\"isPartOf\":{\"@id\":\"https:\\\/\\\/stilanddesign.se\\\/#website\"},\"primaryImageOfPage\":{\"@id\":\"https:\\\/\\\/stilanddesign.se\\\/produkt\\\/%f0%9f%a4%8e-drommig-kjol-fran-zabaione-%f0%9f%a4%8e\\\/#primaryimage\"},\"image\":{\"@id\":\"https:\\\/\\\/stilanddesign.se\\\/produkt\\\/%f0%9f%a4%8e-drommig-kjol-fran-zabaione-%f0%9f%a4%8e\\\/#primaryimage\"},\"thumbnailUrl\":\"https:\\\/\\\/stilanddesign.se\\\/wp-content\\\/uploads\\\/2026\\\/03\\\/4070709043345_1.jpg\",\"datePublished\":\"2026-03-24T12:32:54+00:00\",\"dateModified\":\"2026-04-02T20:36:52+00:00\",\"breadcrumb\":{\"@id\":\"https:\\\/\\\/stilanddesign.se\\\/produkt\\\/%f0%9f%a4%8e-drommig-kjol-fran-zabaione-%f0%9f%a4%8e\\\/#breadcrumb\"},\"inLanguage\":\"en-US\",\"potentialAction\":[{\"@type\":\"ReadAction\",\"target\":[\"https:\\\/\\\/stilanddesign.se\\\/produkt\\\/%f0%9f%a4%8e-drommig-kjol-fran-zabaione-%f0%9f%a4%8e\\\/\"]}]},{\"@type\":\"ImageObject\",\"inLanguage\":\"en-US\",\"@id\":\"https:\\\/\\\/stilanddesign.se\\\/produkt\\\/%f0%9f%a4%8e-drommig-kjol-fran-zabaione-%f0%9f%a4%8e\\\/#primaryimage\",\"url\":\"https:\\\/\\\/stilanddesign.se\\\/wp-content\\\/uploads\\\/2026\\\/03\\\/4070709043345_1.jpg\",\"contentUrl\":\"https:\\\/\\\/stilanddesign.se\\\/wp-content\\\/uploads\\\/2026\\\/03\\\/4070709043345_1.jpg\",\"width\":889,\"height\":1280},{\"@type\":\"BreadcrumbList\",\"@id\":\"https:\\\/\\\/stilanddesign.se\\\/produkt\\\/%f0%9f%a4%8e-drommig-kjol-fran-zabaione-%f0%9f%a4%8e\\\/#breadcrumb\",\"itemListElement\":[{\"@type\":\"ListItem\",\"position\":1,\"name\":\"Hem\",\"item\":\"https:\\\/\\\/stilanddesign.se\\\/\"},{\"@type\":\"ListItem\",\"position\":2,\"name\":\"Butiken\",\"item\":\"https:\\\/\\\/stilanddesign.se\\\/butiken\\\/\"},{\"@type\":\"ListItem\",\"position\":3,\"name\":\"\ud83e\udd0e Dr\u00f6mmig kjol fr\u00e5n Zabaione \ud83e\udd0e\"}]},{\"@type\":\"WebSite\",\"@id\":\"https:\\\/\\\/stilanddesign.se\\\/#website\",\"url\":\"https:\\\/\\\/stilanddesign.se\\\/\",\"name\":\"Stil &amp; Design\",\"description\":\"F\u00f6r oss som \u00e4lskar mode!\",\"publisher\":{\"@id\":\"https:\\\/\\\/stilanddesign.se\\\/#organization\"},\"potentialAction\":[{\"@type\":\"SearchAction\",\"target\":{\"@type\":\"EntryPoint\",\"urlTemplate\":\"https:\\\/\\\/stilanddesign.se\\\/?s={search_term_string}\"},\"query-input\":{\"@type\":\"PropertyValueSpecification\",\"valueRequired\":true,\"valueName\":\"search_term_string\"}}],\"inLanguage\":\"en-US\"},{\"@type\":\"Organization\",\"@id\":\"https:\\\/\\\/stilanddesign.se\\\/#organization\",\"name\":\"Stil &amp; Design\",\"url\":\"https:\\\/\\\/stilanddesign.se\\\/\",\"logo\":{\"@type\":\"ImageObject\",\"inLanguage\":\"en-US\",\"@id\":\"https:\\\/\\\/stilanddesign.se\\\/#\\\/schema\\\/logo\\\/image\\\/\",\"url\":\"https:\\\/\\\/stilanddesign.se\\\/wp-content\\\/uploads\\\/2023\\\/12\\\/output-onlinepngtools-e1727784413220.png\",\"contentUrl\":\"https:\\\/\\\/stilanddesign.se\\\/wp-content\\\/uploads\\\/2023\\\/12\\\/output-onlinepngtools-e1727784413220.png\",\"width\":519,\"height\":135,\"caption\":\"Stil &amp; Design\"},\"image\":{\"@id\":\"https:\\\/\\\/stilanddesign.se\\\/#\\\/schema\\\/logo\\\/image\\\/\"}}]}<\/script>\n<!-- \/ Yoast SEO Premium plugin. -->","yoast_head_json":{"title":"\ud83e\udd0e Dr\u00f6mmig kjol fr\u00e5n Zabaione \ud83e\udd0e - Stil &amp; Design","robots":{"index":"index","follow":"follow","max-snippet":"max-snippet:-1","max-image-preview":"max-image-preview:large","max-video-preview":"max-video-preview:-1"},"canonical":"https:\/\/stilanddesign.se\/en\/product\/\ud83e\udd0e-drommig-kjol-fran-zabaione-\ud83e\udd0e\/","og_locale":"en_US","og_type":"article","og_title":"\ud83e\udd0e Dr\u00f6mmig kjol fr\u00e5n Zabaione \ud83e\udd0e","og_description":"\ud83e\udd0e Dr\u00f6mmig kjol fr\u00e5n Zabaione \ud83e\udd0e En mjuk och luftig kjol i 100% bomull som ger en avslappnad men samtidigt feminin k\u00e4nsla \u2728Den elastiska midjan g\u00f6r den superbekv\u00e4m att b\u00e4ra \u2013 perfekt hela dagen! De fina volangdetaljerna skapar ett vackert fall och ger kjolen liv i varje steg \ud83d\udc83 \u2714 Res\u00e5r i midjan f\u00f6r b\u00e4sta komfort\u2714 L\u00e4tt och sval bomull\u2714 Fin l\u00e4ngd som passar alla tillf\u00e4llen\u2714 Enkel att styla \u2013 lika snygg med stickat som med topp Material: 100% bomullStorlek: S\u2013XXLTv\u00e4ttr\u00e5d: 30\u00b0 En riktig favorit i garderoben \u2013 b\u00e5de till vardag och lite finare tillf\u00e4llen \ud83e\udd0d","og_url":"https:\/\/stilanddesign.se\/en\/product\/\ud83e\udd0e-drommig-kjol-fran-zabaione-\ud83e\udd0e\/","og_site_name":"Stil &amp; Design","article_modified_time":"2026-04-02T20:36:52+00:00","og_image":[{"width":889,"height":1280,"url":"https:\/\/stilanddesign.se\/wp-content\/uploads\/2026\/03\/4070709043345_1.jpg","type":"image\/jpeg"}],"twitter_card":"summary_large_image","twitter_misc":{"Est. reading time":"1 minute"},"schema":{"@context":"https:\/\/schema.org","@graph":[{"@type":"WebPage","@id":"https:\/\/stilanddesign.se\/produkt\/%f0%9f%a4%8e-drommig-kjol-fran-zabaione-%f0%9f%a4%8e\/","url":"https:\/\/stilanddesign.se\/produkt\/%f0%9f%a4%8e-drommig-kjol-fran-zabaione-%f0%9f%a4%8e\/","name":"\ud83e\udd0e Dr\u00f6mmig kjol fr\u00e5n Zabaione \ud83e\udd0e - Stil &amp; Design","isPartOf":{"@id":"https:\/\/stilanddesign.se\/#website"},"primaryImageOfPage":{"@id":"https:\/\/stilanddesign.se\/produkt\/%f0%9f%a4%8e-drommig-kjol-fran-zabaione-%f0%9f%a4%8e\/#primaryimage"},"image":{"@id":"https:\/\/stilanddesign.se\/produkt\/%f0%9f%a4%8e-drommig-kjol-fran-zabaione-%f0%9f%a4%8e\/#primaryimage"},"thumbnailUrl":"https:\/\/stilanddesign.se\/wp-content\/uploads\/2026\/03\/4070709043345_1.jpg","datePublished":"2026-03-24T12:32:54+00:00","dateModified":"2026-04-02T20:36:52+00:00","breadcrumb":{"@id":"https:\/\/stilanddesign.se\/produkt\/%f0%9f%a4%8e-drommig-kjol-fran-zabaione-%f0%9f%a4%8e\/#breadcrumb"},"inLanguage":"en-US","potentialAction":[{"@type":"ReadAction","target":["https:\/\/stilanddesign.se\/produkt\/%f0%9f%a4%8e-drommig-kjol-fran-zabaione-%f0%9f%a4%8e\/"]}]},{"@type":"ImageObject","inLanguage":"en-US","@id":"https:\/\/stilanddesign.se\/produkt\/%f0%9f%a4%8e-drommig-kjol-fran-zabaione-%f0%9f%a4%8e\/#primaryimage","url":"https:\/\/stilanddesign.se\/wp-content\/uploads\/2026\/03\/4070709043345_1.jpg","contentUrl":"https:\/\/stilanddesign.se\/wp-content\/uploads\/2026\/03\/4070709043345_1.jpg","width":889,"height":1280},{"@type":"BreadcrumbList","@id":"https:\/\/stilanddesign.se\/produkt\/%f0%9f%a4%8e-drommig-kjol-fran-zabaione-%f0%9f%a4%8e\/#breadcrumb","itemListElement":[{"@type":"ListItem","position":1,"name":"Hem","item":"https:\/\/stilanddesign.se\/"},{"@type":"ListItem","position":2,"name":"Butiken","item":"https:\/\/stilanddesign.se\/butiken\/"},{"@type":"ListItem","position":3,"name":"\ud83e\udd0e Dr\u00f6mmig kjol fr\u00e5n Zabaione \ud83e\udd0e"}]},{"@type":"WebSite","@id":"https:\/\/stilanddesign.se\/#website","url":"https:\/\/stilanddesign.se\/","name":"Style &amp; Design","description":"For those of us who love fashion!","publisher":{"@id":"https:\/\/stilanddesign.se\/#organization"},"potentialAction":[{"@type":"SearchAction","target":{"@type":"EntryPoint","urlTemplate":"https:\/\/stilanddesign.se\/?s={search_term_string}"},"query-input":{"@type":"PropertyValueSpecification","valueRequired":true,"valueName":"search_term_string"}}],"inLanguage":"en-US"},{"@type":"Organization","@id":"https:\/\/stilanddesign.se\/#organization","name":"Style &amp; Design","url":"https:\/\/stilanddesign.se\/","logo":{"@type":"ImageObject","inLanguage":"en-US","@id":"https:\/\/stilanddesign.se\/#\/schema\/logo\/image\/","url":"https:\/\/stilanddesign.se\/wp-content\/uploads\/2023\/12\/output-onlinepngtools-e1727784413220.png","contentUrl":"https:\/\/stilanddesign.se\/wp-content\/uploads\/2023\/12\/output-onlinepngtools-e1727784413220.png","width":519,"height":135,"caption":"Stil &amp; Design"},"image":{"@id":"https:\/\/stilanddesign.se\/#\/schema\/logo\/image\/"}}]}},"_links":{"self":[{"href":"https:\/\/stilanddesign.se\/en\/wp-json\/wp\/v2\/product\/1070673","targetHints":{"allow":["GET"]}}],"collection":[{"href":"https:\/\/stilanddesign.se\/en\/wp-json\/wp\/v2\/product"}],"about":[{"href":"https:\/\/stilanddesign.se\/en\/wp-json\/wp\/v2\/types\/product"}],"replies":[{"embeddable":true,"href":"https:\/\/stilanddesign.se\/en\/wp-json\/wp\/v2\/comments?post=1070673"}],"wp:featuredmedia":[{"embeddable":true,"href":"https:\/\/stilanddesign.se\/en\/wp-json\/wp\/v2\/media\/1070682"}],"wp:attachment":[{"href":"https:\/\/stilanddesign.se\/en\/wp-json\/wp\/v2\/media?parent=1070673"}],"wp:term":[{"taxonomy":"product_brand","embeddable":true,"href":"https:\/\/stilanddesign.se\/en\/wp-json\/wp\/v2\/product_brand?post=1070673"},{"taxonomy":"product_cat","embeddable":true,"href":"https:\/\/stilanddesign.se\/en\/wp-json\/wp\/v2\/product_cat?post=1070673"},{"taxonomy":"product_tag","embeddable":true,"href":"https:\/\/stilanddesign.se\/en\/wp-json\/wp\/v2\/product_tag?post=1070673"}],"curies":[{"name":"wp","href":"https:\/\/api.w.org\/{rel}","templated":true}]}}