{"id":1070543,"date":"2026-03-24T08:42:38","date_gmt":"2026-03-24T07:42:38","guid":{"rendered":"https:\/\/stilanddesign.se\/?post_type=product&#038;p=1070543"},"modified":"2026-04-01T20:58:30","modified_gmt":"2026-04-01T18:58:30","slug":"%f0%9f%8c%88-finstickad-ponchotroja-i-bomull-fargstark-skon-favorit-%e2%9c%a8","status":"publish","type":"product","link":"https:\/\/stilanddesign.se\/en\/product\/%f0%9f%8c%88-finstickad-ponchotroja-i-bomull-fargstark-skon-favorit-%e2%9c%a8\/","title":{"rendered":"\ud83c\udf08 Finely knitted poncho sweater in cotton \u2013 colorful &amp; comfortable favorite \u2728"},"content":{"rendered":"<p data-start=\"0\" data-end=\"69\">\ud83c\udf08 <strong data-start=\"3\" data-end=\"65\">Finely knitted poncho sweater in cotton \u2013 a colorful &amp; comfortable favorite<\/strong> \u2728<\/p>\n<p data-start=\"71\" data-end=\"261\">\ud83e\uddf6 100% cotton \u2013 soft &amp; cool feel<br data-start=\"106\" data-end=\"109\" \/>\ud83d\udcab Round neck for a classic style<br data-start=\"142\" data-end=\"145\" \/>\ud83c\udf3f Crocheted edge at the cuffs \u2013 nice detail<br data-start=\"182\" data-end=\"185\" \/>\ud83d\udc5a Loose &amp; relaxed fit<br data-start=\"213\" data-end=\"216\" data-is-only-node=\"\" \/>\u2728 Perfect for both everyday wear &amp; layering<\/p>\n<p data-start=\"263\" data-end=\"369\">\ud83c\udfa8 Available in several colors:<br data-start=\"287\" data-end=\"290\" \/>Fuchsia, Yellow, Cornflower blue, Light beige, Light blue, Light grey, Light pink, Navy blue, Black<\/p>\n<p data-start=\"371\" data-end=\"406\">\ud83d\udccf One size - fits approx. size 34-42<\/p>\n<p data-start=\"408\" data-end=\"424\">\ud83e\udee7 Washing: 30\u00b0C<\/p>\n<p data-start=\"426\" data-end=\"507\" data-is-last-node=\"\" data-is-only-node=\"\">\ud83d\udc56 <strong data-start=\"429\" data-end=\"445\">Styling tips:<\/strong> Match with jeans or shorts for a simple and summery look \ud83d\udc95<\/p>\n<p>&nbsp;<\/p>","protected":false},"excerpt":{"rendered":"<p data-start=\"0\" data-end=\"69\">\ud83c\udf08 <strong data-start=\"3\" data-end=\"65\">Finely knitted poncho sweater in cotton \u2013 a colorful &amp; comfortable favorite<\/strong> \u2728<\/p>\n<p data-start=\"71\" data-end=\"261\">\ud83e\uddf6 100% cotton \u2013 soft &amp; cool feel<br data-start=\"106\" data-end=\"109\" \/>\ud83d\udcab Round neck for a classic style<br data-start=\"142\" data-end=\"145\" \/>\ud83c\udf3f Crocheted edge at the cuffs \u2013 nice detail<br data-start=\"182\" data-end=\"185\" \/>\ud83d\udc5a Loose &amp; relaxed fit<br data-start=\"213\" data-end=\"216\" data-is-only-node=\"\" \/>\u2728 Perfect for both everyday wear &amp; layering<\/p>\n<p data-start=\"263\" data-end=\"369\">\ud83c\udfa8 Available in several colors:<br data-start=\"287\" data-end=\"290\" \/>Fuchsia, Yellow, Cornflower blue, Light beige, Light blue, Light grey, Light pink, Navy blue, Black<\/p>\n<p data-start=\"371\" data-end=\"406\">\ud83d\udccf One size - fits approx. size 34-42<\/p>\n<p data-start=\"408\" data-end=\"424\">\ud83e\udee7 Washing: 30\u00b0C<\/p>\n<p data-start=\"426\" data-end=\"507\" data-is-last-node=\"\" data-is-only-node=\"\">\ud83d\udc56 <strong data-start=\"429\" data-end=\"445\">Styling tips:<\/strong> Match with jeans or shorts for a simple and summery look \ud83d\udc95<\/p>","protected":false},"featured_media":1070540,"comment_status":"closed","ping_status":"closed","template":"","meta":[],"product_brand":[],"product_cat":[209],"product_tag":[],"class_list":{"0":"post-1070543","1":"product","2":"type-product","3":"status-publish","4":"has-post-thumbnail","6":"product_cat-reaprodukter","8":"first","9":"outofstock","10":"taxable","11":"shipping-taxable","12":"product-type-variable"},"yoast_head":"<!-- This site is optimized with the Yoast SEO Premium plugin v27.4 (Yoast SEO v27.4) - https:\/\/yoast.com\/product\/yoast-seo-premium-wordpress\/ -->\n<title>\ud83c\udf08 Finstickad ponchotr\u00f6ja i bomull \u2013 f\u00e4rgstark &amp; sk\u00f6n favorit \u2728 - Stil &amp; Design<\/title>\n<meta name=\"robots\" content=\"index, follow, max-snippet:-1, max-image-preview:large, max-video-preview:-1\" \/>\n<link rel=\"canonical\" href=\"https:\/\/stilanddesign.se\/en\/product\/\ud83c\udf08-finstickad-ponchotroja-i-bomull-fargstark-skon-favorit-\u2728\/\" \/>\n<meta property=\"og:locale\" content=\"en_US\" \/>\n<meta property=\"og:type\" content=\"article\" \/>\n<meta property=\"og:title\" content=\"\ud83c\udf08 Finstickad ponchotr\u00f6ja i bomull \u2013 f\u00e4rgstark &amp; sk\u00f6n favorit \u2728\" \/>\n<meta property=\"og:description\" content=\"\ud83c\udf08 Finstickad ponchotr\u00f6ja i bomull \u2013 f\u00e4rgstark &amp; sk\u00f6n favorit \u2728 \ud83e\uddf6 100% bomull \u2013 mjuk &amp; sval k\u00e4nsla\ud83d\udcab Rund hals f\u00f6r en klassisk stil\ud83c\udf3f Virkad kant i \u00e4rmslut \u2013 fin detalj\ud83d\udc5a L\u00f6s &amp; avslappnad passform\u2728 Perfekt till b\u00e5de vardag &amp; lager-p\u00e5-lager \ud83c\udfa8 Finns i flera f\u00e4rger:Fuchsia, Gul, Kornbl\u00e5, Ljusbeige, Ljusbl\u00e5, Ljusgr\u00e5, Ljusrosa, Marinbl\u00e5, Svart \ud83d\udccf One size \u2013 passar ca stl 34\u201342 \ud83e\udee7 Tv\u00e4tt: 30\u00b0C \ud83d\udc56 Stylingtips: Matcha med jeans eller shorts f\u00f6r en enkel och somrig look \ud83d\udc95\" \/>\n<meta property=\"og:url\" content=\"https:\/\/stilanddesign.se\/en\/product\/\ud83c\udf08-finstickad-ponchotroja-i-bomull-fargstark-skon-favorit-\u2728\/\" \/>\n<meta property=\"og:site_name\" content=\"Stil &amp; Design\" \/>\n<meta property=\"article:modified_time\" content=\"2026-04-01T18:58:30+00:00\" \/>\n<meta name=\"twitter:card\" content=\"summary_large_image\" \/>\n<meta name=\"twitter:label1\" content=\"Est. reading time\" \/>\n\t<meta name=\"twitter:data1\" content=\"1 minute\" \/>\n<script type=\"application\/ld+json\" class=\"yoast-schema-graph\">{\"@context\":\"https:\\\/\\\/schema.org\",\"@graph\":[{\"@type\":\"WebPage\",\"@id\":\"https:\\\/\\\/stilanddesign.se\\\/produkt\\\/%f0%9f%8c%88-finstickad-ponchotroja-i-bomull-fargstark-skon-favorit-%e2%9c%a8\\\/\",\"url\":\"https:\\\/\\\/stilanddesign.se\\\/produkt\\\/%f0%9f%8c%88-finstickad-ponchotroja-i-bomull-fargstark-skon-favorit-%e2%9c%a8\\\/\",\"name\":\"\ud83c\udf08 Finstickad ponchotr\u00f6ja i bomull \u2013 f\u00e4rgstark & sk\u00f6n favorit \u2728 - Stil &amp; Design\",\"isPartOf\":{\"@id\":\"https:\\\/\\\/stilanddesign.se\\\/#website\"},\"primaryImageOfPage\":{\"@id\":\"https:\\\/\\\/stilanddesign.se\\\/produkt\\\/%f0%9f%8c%88-finstickad-ponchotroja-i-bomull-fargstark-skon-favorit-%e2%9c%a8\\\/#primaryimage\"},\"image\":{\"@id\":\"https:\\\/\\\/stilanddesign.se\\\/produkt\\\/%f0%9f%8c%88-finstickad-ponchotroja-i-bomull-fargstark-skon-favorit-%e2%9c%a8\\\/#primaryimage\"},\"thumbnailUrl\":\"https:\\\/\\\/stilanddesign.se\\\/wp-content\\\/uploads\\\/2026\\\/03\\\/665565444.jpg\",\"datePublished\":\"2026-03-24T07:42:38+00:00\",\"dateModified\":\"2026-04-01T18:58:30+00:00\",\"breadcrumb\":{\"@id\":\"https:\\\/\\\/stilanddesign.se\\\/produkt\\\/%f0%9f%8c%88-finstickad-ponchotroja-i-bomull-fargstark-skon-favorit-%e2%9c%a8\\\/#breadcrumb\"},\"inLanguage\":\"en-US\",\"potentialAction\":[{\"@type\":\"ReadAction\",\"target\":[\"https:\\\/\\\/stilanddesign.se\\\/produkt\\\/%f0%9f%8c%88-finstickad-ponchotroja-i-bomull-fargstark-skon-favorit-%e2%9c%a8\\\/\"]}]},{\"@type\":\"ImageObject\",\"inLanguage\":\"en-US\",\"@id\":\"https:\\\/\\\/stilanddesign.se\\\/produkt\\\/%f0%9f%8c%88-finstickad-ponchotroja-i-bomull-fargstark-skon-favorit-%e2%9c%a8\\\/#primaryimage\",\"url\":\"https:\\\/\\\/stilanddesign.se\\\/wp-content\\\/uploads\\\/2026\\\/03\\\/665565444.jpg\",\"contentUrl\":\"https:\\\/\\\/stilanddesign.se\\\/wp-content\\\/uploads\\\/2026\\\/03\\\/665565444.jpg\",\"width\":640,\"height\":480,\"caption\":\"Stickad poncho i bomull med virkad \u00e4rm\"},{\"@type\":\"BreadcrumbList\",\"@id\":\"https:\\\/\\\/stilanddesign.se\\\/produkt\\\/%f0%9f%8c%88-finstickad-ponchotroja-i-bomull-fargstark-skon-favorit-%e2%9c%a8\\\/#breadcrumb\",\"itemListElement\":[{\"@type\":\"ListItem\",\"position\":1,\"name\":\"Hem\",\"item\":\"https:\\\/\\\/stilanddesign.se\\\/\"},{\"@type\":\"ListItem\",\"position\":2,\"name\":\"Butiken\",\"item\":\"https:\\\/\\\/stilanddesign.se\\\/butiken\\\/\"},{\"@type\":\"ListItem\",\"position\":3,\"name\":\"\ud83c\udf08 Finstickad ponchotr\u00f6ja i bomull \u2013 f\u00e4rgstark &#038; sk\u00f6n favorit \u2728\"}]},{\"@type\":\"WebSite\",\"@id\":\"https:\\\/\\\/stilanddesign.se\\\/#website\",\"url\":\"https:\\\/\\\/stilanddesign.se\\\/\",\"name\":\"Stil &amp; Design\",\"description\":\"F\u00f6r oss som \u00e4lskar mode!\",\"publisher\":{\"@id\":\"https:\\\/\\\/stilanddesign.se\\\/#organization\"},\"potentialAction\":[{\"@type\":\"SearchAction\",\"target\":{\"@type\":\"EntryPoint\",\"urlTemplate\":\"https:\\\/\\\/stilanddesign.se\\\/?s={search_term_string}\"},\"query-input\":{\"@type\":\"PropertyValueSpecification\",\"valueRequired\":true,\"valueName\":\"search_term_string\"}}],\"inLanguage\":\"en-US\"},{\"@type\":\"Organization\",\"@id\":\"https:\\\/\\\/stilanddesign.se\\\/#organization\",\"name\":\"Stil &amp; Design\",\"url\":\"https:\\\/\\\/stilanddesign.se\\\/\",\"logo\":{\"@type\":\"ImageObject\",\"inLanguage\":\"en-US\",\"@id\":\"https:\\\/\\\/stilanddesign.se\\\/#\\\/schema\\\/logo\\\/image\\\/\",\"url\":\"https:\\\/\\\/stilanddesign.se\\\/wp-content\\\/uploads\\\/2023\\\/12\\\/output-onlinepngtools-e1727784413220.png\",\"contentUrl\":\"https:\\\/\\\/stilanddesign.se\\\/wp-content\\\/uploads\\\/2023\\\/12\\\/output-onlinepngtools-e1727784413220.png\",\"width\":519,\"height\":135,\"caption\":\"Stil &amp; Design\"},\"image\":{\"@id\":\"https:\\\/\\\/stilanddesign.se\\\/#\\\/schema\\\/logo\\\/image\\\/\"}}]}<\/script>\n<!-- \/ Yoast SEO Premium plugin. -->","yoast_head_json":{"title":"\ud83c\udf08 Finstickad ponchotr\u00f6ja i bomull \u2013 f\u00e4rgstark & sk\u00f6n favorit \u2728 - Stil &amp; Design","robots":{"index":"index","follow":"follow","max-snippet":"max-snippet:-1","max-image-preview":"max-image-preview:large","max-video-preview":"max-video-preview:-1"},"canonical":"https:\/\/stilanddesign.se\/en\/product\/\ud83c\udf08-finstickad-ponchotroja-i-bomull-fargstark-skon-favorit-\u2728\/","og_locale":"en_US","og_type":"article","og_title":"\ud83c\udf08 Finstickad ponchotr\u00f6ja i bomull \u2013 f\u00e4rgstark & sk\u00f6n favorit \u2728","og_description":"\ud83c\udf08 Finstickad ponchotr\u00f6ja i bomull \u2013 f\u00e4rgstark &amp; sk\u00f6n favorit \u2728 \ud83e\uddf6 100% bomull \u2013 mjuk &amp; sval k\u00e4nsla\ud83d\udcab Rund hals f\u00f6r en klassisk stil\ud83c\udf3f Virkad kant i \u00e4rmslut \u2013 fin detalj\ud83d\udc5a L\u00f6s &amp; avslappnad passform\u2728 Perfekt till b\u00e5de vardag &amp; lager-p\u00e5-lager \ud83c\udfa8 Finns i flera f\u00e4rger:Fuchsia, Gul, Kornbl\u00e5, Ljusbeige, Ljusbl\u00e5, Ljusgr\u00e5, Ljusrosa, Marinbl\u00e5, Svart \ud83d\udccf One size \u2013 passar ca stl 34\u201342 \ud83e\udee7 Tv\u00e4tt: 30\u00b0C \ud83d\udc56 Stylingtips: Matcha med jeans eller shorts f\u00f6r en enkel och somrig look \ud83d\udc95","og_url":"https:\/\/stilanddesign.se\/en\/product\/\ud83c\udf08-finstickad-ponchotroja-i-bomull-fargstark-skon-favorit-\u2728\/","og_site_name":"Stil &amp; Design","article_modified_time":"2026-04-01T18:58:30+00:00","twitter_card":"summary_large_image","twitter_misc":{"Est. reading time":"1 minute"},"schema":{"@context":"https:\/\/schema.org","@graph":[{"@type":"WebPage","@id":"https:\/\/stilanddesign.se\/produkt\/%f0%9f%8c%88-finstickad-ponchotroja-i-bomull-fargstark-skon-favorit-%e2%9c%a8\/","url":"https:\/\/stilanddesign.se\/produkt\/%f0%9f%8c%88-finstickad-ponchotroja-i-bomull-fargstark-skon-favorit-%e2%9c%a8\/","name":"\ud83c\udf08 Finstickad ponchotr\u00f6ja i bomull \u2013 f\u00e4rgstark & sk\u00f6n favorit \u2728 - Stil &amp; Design","isPartOf":{"@id":"https:\/\/stilanddesign.se\/#website"},"primaryImageOfPage":{"@id":"https:\/\/stilanddesign.se\/produkt\/%f0%9f%8c%88-finstickad-ponchotroja-i-bomull-fargstark-skon-favorit-%e2%9c%a8\/#primaryimage"},"image":{"@id":"https:\/\/stilanddesign.se\/produkt\/%f0%9f%8c%88-finstickad-ponchotroja-i-bomull-fargstark-skon-favorit-%e2%9c%a8\/#primaryimage"},"thumbnailUrl":"https:\/\/stilanddesign.se\/wp-content\/uploads\/2026\/03\/665565444.jpg","datePublished":"2026-03-24T07:42:38+00:00","dateModified":"2026-04-01T18:58:30+00:00","breadcrumb":{"@id":"https:\/\/stilanddesign.se\/produkt\/%f0%9f%8c%88-finstickad-ponchotroja-i-bomull-fargstark-skon-favorit-%e2%9c%a8\/#breadcrumb"},"inLanguage":"en-US","potentialAction":[{"@type":"ReadAction","target":["https:\/\/stilanddesign.se\/produkt\/%f0%9f%8c%88-finstickad-ponchotroja-i-bomull-fargstark-skon-favorit-%e2%9c%a8\/"]}]},{"@type":"ImageObject","inLanguage":"en-US","@id":"https:\/\/stilanddesign.se\/produkt\/%f0%9f%8c%88-finstickad-ponchotroja-i-bomull-fargstark-skon-favorit-%e2%9c%a8\/#primaryimage","url":"https:\/\/stilanddesign.se\/wp-content\/uploads\/2026\/03\/665565444.jpg","contentUrl":"https:\/\/stilanddesign.se\/wp-content\/uploads\/2026\/03\/665565444.jpg","width":640,"height":480,"caption":"Stickad poncho i bomull med virkad \u00e4rm"},{"@type":"BreadcrumbList","@id":"https:\/\/stilanddesign.se\/produkt\/%f0%9f%8c%88-finstickad-ponchotroja-i-bomull-fargstark-skon-favorit-%e2%9c%a8\/#breadcrumb","itemListElement":[{"@type":"ListItem","position":1,"name":"Hem","item":"https:\/\/stilanddesign.se\/"},{"@type":"ListItem","position":2,"name":"Butiken","item":"https:\/\/stilanddesign.se\/butiken\/"},{"@type":"ListItem","position":3,"name":"\ud83c\udf08 Finstickad ponchotr\u00f6ja i bomull \u2013 f\u00e4rgstark &#038; sk\u00f6n favorit \u2728"}]},{"@type":"WebSite","@id":"https:\/\/stilanddesign.se\/#website","url":"https:\/\/stilanddesign.se\/","name":"Style &amp; Design","description":"For those of us who love fashion!","publisher":{"@id":"https:\/\/stilanddesign.se\/#organization"},"potentialAction":[{"@type":"SearchAction","target":{"@type":"EntryPoint","urlTemplate":"https:\/\/stilanddesign.se\/?s={search_term_string}"},"query-input":{"@type":"PropertyValueSpecification","valueRequired":true,"valueName":"search_term_string"}}],"inLanguage":"en-US"},{"@type":"Organization","@id":"https:\/\/stilanddesign.se\/#organization","name":"Style &amp; Design","url":"https:\/\/stilanddesign.se\/","logo":{"@type":"ImageObject","inLanguage":"en-US","@id":"https:\/\/stilanddesign.se\/#\/schema\/logo\/image\/","url":"https:\/\/stilanddesign.se\/wp-content\/uploads\/2023\/12\/output-onlinepngtools-e1727784413220.png","contentUrl":"https:\/\/stilanddesign.se\/wp-content\/uploads\/2023\/12\/output-onlinepngtools-e1727784413220.png","width":519,"height":135,"caption":"Stil &amp; Design"},"image":{"@id":"https:\/\/stilanddesign.se\/#\/schema\/logo\/image\/"}}]}},"_links":{"self":[{"href":"https:\/\/stilanddesign.se\/en\/wp-json\/wp\/v2\/product\/1070543","targetHints":{"allow":["GET"]}}],"collection":[{"href":"https:\/\/stilanddesign.se\/en\/wp-json\/wp\/v2\/product"}],"about":[{"href":"https:\/\/stilanddesign.se\/en\/wp-json\/wp\/v2\/types\/product"}],"replies":[{"embeddable":true,"href":"https:\/\/stilanddesign.se\/en\/wp-json\/wp\/v2\/comments?post=1070543"}],"wp:featuredmedia":[{"embeddable":true,"href":"https:\/\/stilanddesign.se\/en\/wp-json\/wp\/v2\/media\/1070540"}],"wp:attachment":[{"href":"https:\/\/stilanddesign.se\/en\/wp-json\/wp\/v2\/media?parent=1070543"}],"wp:term":[{"taxonomy":"product_brand","embeddable":true,"href":"https:\/\/stilanddesign.se\/en\/wp-json\/wp\/v2\/product_brand?post=1070543"},{"taxonomy":"product_cat","embeddable":true,"href":"https:\/\/stilanddesign.se\/en\/wp-json\/wp\/v2\/product_cat?post=1070543"},{"taxonomy":"product_tag","embeddable":true,"href":"https:\/\/stilanddesign.se\/en\/wp-json\/wp\/v2\/product_tag?post=1070543"}],"curies":[{"name":"wp","href":"https:\/\/api.w.org\/{rel}","templated":true}]}}