{"id":1070484,"date":"2026-04-24T15:34:39","date_gmt":"2026-04-24T13:34:39","guid":{"rendered":"https:\/\/stilanddesign.se\/?post_type=product&#038;p=1070484"},"modified":"2026-04-24T17:24:11","modified_gmt":"2026-04-24T15:24:11","slug":"%f0%9f%a4%8d-somrig-bomullsblus-caramell-fashion-%f0%9f%a4%8d-3","status":"publish","type":"product","link":"https:\/\/stilanddesign.se\/en\/product\/%f0%9f%a4%8d-somrig-bomullsblus-caramell-fashion-%f0%9f%a4%8d-3\/","title":{"rendered":"\ud83e\udd0d Summery cotton blouse \u2013 Caramell Fashion \ud83e\udd0d"},"content":{"rendered":"<h2 data-section-id=\"19xqym0\" data-start=\"0\" data-end=\"48\">\ud83e\udd0d Summery cotton blouse \u2013 Caramell Fashion \ud83e\udd0d<\/h2>\n<p data-start=\"50\" data-end=\"236\">A timeless and airy blouse that goes with everything! \u2728<br data-start=\"99\" data-end=\"102\" \/>This beautiful blouse from <strong data-start=\"127\" data-end=\"147\">Caramell Fashion<\/strong> is sewn from soft cotton and has a relaxed fit that feels as comfortable as it looks.<\/p>\n<p data-start=\"238\" data-end=\"386\">The elegant neckline with small buttons at the front gives the blouse a feminine and stylish feel - perfect for jeans, skirts or summer pants \u2600\ufe0f<\/p>\n<p data-start=\"388\" data-end=\"557\">\u2728 Airy and comfortable fit<br data-start=\"416\" data-end=\"419\" \/>\u2728 Beautiful neckline with decorative buttons<br data-start=\"463\" data-end=\"466\" \/>\u2728 Wide sleeves that give a soft and elegant fall<br data-start=\"513\" data-end=\"516\" \/>\u2728 Perfect for both everyday life and vacation<\/p>\n<p data-start=\"559\" data-end=\"577\">\ud83e\udd0d <strong data-start=\"562\" data-end=\"571\">Paint:<\/strong> Beige<\/p>\n<p data-start=\"579\" data-end=\"690\">\ud83e\uddf5 <strong data-start=\"582\" data-end=\"595\">Material:<\/strong> 100% cotton<br data-start=\"607\" data-end=\"610\" \/>\ud83d\udccf <strong data-start=\"613\" data-end=\"625\">Size:<\/strong> Onesize (fits approx. size 34\u201342)<br data-start=\"655\" data-end=\"658\" \/>\ud83d\udc5a <strong data-start=\"661\" data-end=\"671\">Make:<\/strong> Caramell Fashion<\/p>\n<p data-start=\"692\" data-end=\"782\" data-is-last-node=\"\" data-is-only-node=\"\">A <strong data-start=\"695\" data-end=\"724\">classic and stylish blouse<\/strong> that never goes out of fashion - a must in the summer wardrobe \u2728\ud83e\udd0d<\/p>","protected":false},"excerpt":{"rendered":"<h2 data-section-id=\"19xqym0\" data-start=\"0\" data-end=\"48\">\ud83e\udd0d Summery cotton blouse \u2013 Caramell Fashion \ud83e\udd0d<\/h2>\n<p data-start=\"50\" data-end=\"236\">A timeless and airy blouse that goes with everything! \u2728<br data-start=\"99\" data-end=\"102\" \/>This beautiful blouse from <strong data-start=\"127\" data-end=\"147\">Caramell Fashion<\/strong> is sewn from soft cotton and has a relaxed fit that feels as comfortable as it looks.<\/p>\n<p data-start=\"238\" data-end=\"386\">The elegant neckline with small buttons at the front gives the blouse a feminine and stylish feel - perfect for jeans, skirts or summer pants \u2600\ufe0f<\/p>\n<p data-start=\"388\" data-end=\"557\">\u2728 Airy and comfortable fit<br data-start=\"416\" data-end=\"419\" \/>\u2728 Beautiful neckline with decorative buttons<br data-start=\"463\" data-end=\"466\" \/>\u2728 Wide sleeves that give a soft and elegant fall<br data-start=\"513\" data-end=\"516\" \/>\u2728 Perfect for both everyday life and vacation<\/p>\n<p data-start=\"559\" data-end=\"577\">\ud83e\udd0d <strong data-start=\"562\" data-end=\"571\">Paint:<\/strong> Beige<\/p>\n<p data-start=\"579\" data-end=\"690\">\ud83e\uddf5 <strong data-start=\"582\" data-end=\"595\">Material:<\/strong> 100% cotton<br data-start=\"607\" data-end=\"610\" \/>\ud83d\udccf <strong data-start=\"613\" data-end=\"625\">Size:<\/strong> Onesize (fits approx. size 34\u201342)<br data-start=\"655\" data-end=\"658\" \/>\ud83d\udc5a <strong data-start=\"661\" data-end=\"671\">Make:<\/strong> Caramell Fashion<\/p>\n<p data-start=\"692\" data-end=\"782\" data-is-last-node=\"\" data-is-only-node=\"\">A <strong data-start=\"695\" data-end=\"724\">classic and stylish blouse<\/strong> that never goes out of fashion - a must in the summer wardrobe \u2728\ud83e\udd0d<\/p>","protected":false},"featured_media":1070498,"comment_status":"closed","ping_status":"closed","template":"","meta":[],"product_brand":[],"product_cat":[209],"product_tag":[],"class_list":{"0":"post-1070484","1":"product","2":"type-product","3":"status-publish","4":"has-post-thumbnail","6":"product_cat-reaprodukter","8":"first","9":"instock","10":"sale","11":"taxable","12":"shipping-taxable","13":"purchasable","14":"product-type-variable"},"yoast_head":"<!-- This site is optimized with the Yoast SEO Premium plugin v27.4 (Yoast SEO v27.4) - https:\/\/yoast.com\/product\/yoast-seo-premium-wordpress\/ -->\n<title>\ud83e\udd0d Somrig bomullsblus \u2013 Caramell Fashion \ud83e\udd0d - Stil &amp; Design<\/title>\n<meta name=\"robots\" content=\"index, follow, max-snippet:-1, max-image-preview:large, max-video-preview:-1\" \/>\n<link rel=\"canonical\" href=\"https:\/\/stilanddesign.se\/en\/product\/\ud83e\udd0d-somrig-bomullsblus-caramell-fashion-\ud83e\udd0d-3\/\" \/>\n<meta property=\"og:locale\" content=\"en_US\" \/>\n<meta property=\"og:type\" content=\"article\" \/>\n<meta property=\"og:title\" content=\"\ud83e\udd0d Somrig bomullsblus \u2013 Caramell Fashion \ud83e\udd0d\" \/>\n<meta property=\"og:description\" content=\"\ud83e\udd0d Somrig bomullsblus \u2013 Caramell Fashion \ud83e\udd0d En tidl\u00f6s och luftig blus som passar till allt! \u2728Den h\u00e4r fina blusen fr\u00e5n Caramell Fashion \u00e4r sydd i mjuk bomull och har en avslappnad passform som k\u00e4nns lika sk\u00f6n som den ser ut. Den eleganta halsringningen med sm\u00e5 knappar framtill ger blusen en feminin och stilren k\u00e4nsla \u2013 perfekt b\u00e5de till jeans, kjol eller sommarbyxor \u2600\ufe0f \u2728 Luftig och bekv\u00e4m passform\u2728 Vacker halsringning med dekorativa knappar\u2728 Vida \u00e4rmar som ger ett mjukt och elegant fall\u2728 Perfekt b\u00e5de till vardag och semester \ud83e\udd0d F\u00e4rg: Beige \ud83e\uddf5 Material: 100% bomull\ud83d\udccf Storlek: Onesize (passar ca stl 34\u201342)\ud83d\udc5a M\u00e4rke: Caramell Fashion En klassisk och stilren blus som aldrig g\u00e5r ur mode \u2013 ett m\u00e5ste i sommargarderoben \u2728\ud83e\udd0d\" \/>\n<meta property=\"og:url\" content=\"https:\/\/stilanddesign.se\/en\/product\/\ud83e\udd0d-somrig-bomullsblus-caramell-fashion-\ud83e\udd0d-3\/\" \/>\n<meta property=\"og:site_name\" content=\"Stil &amp; Design\" \/>\n<meta property=\"article:modified_time\" content=\"2026-04-24T15:24:11+00:00\" \/>\n<meta property=\"og:image\" content=\"https:\/\/stilanddesign.se\/wp-content\/uploads\/2026\/03\/93E4DD07-DD8B-48B5-9131-7859CC92AD7E-683x1024.png\" \/>\n\t<meta property=\"og:image:width\" content=\"683\" \/>\n\t<meta property=\"og:image:height\" content=\"1024\" \/>\n\t<meta property=\"og:image:type\" content=\"image\/png\" \/>\n<meta name=\"twitter:card\" content=\"summary_large_image\" \/>\n<meta name=\"twitter:label1\" content=\"Est. reading time\" \/>\n\t<meta name=\"twitter:data1\" content=\"1 minute\" \/>\n<script type=\"application\/ld+json\" class=\"yoast-schema-graph\">{\"@context\":\"https:\\\/\\\/schema.org\",\"@graph\":[{\"@type\":\"WebPage\",\"@id\":\"https:\\\/\\\/stilanddesign.se\\\/produkt\\\/%f0%9f%a4%8d-somrig-bomullsblus-caramell-fashion-%f0%9f%a4%8d-3\\\/\",\"url\":\"https:\\\/\\\/stilanddesign.se\\\/produkt\\\/%f0%9f%a4%8d-somrig-bomullsblus-caramell-fashion-%f0%9f%a4%8d-3\\\/\",\"name\":\"\ud83e\udd0d Somrig bomullsblus \u2013 Caramell Fashion \ud83e\udd0d - Stil &amp; Design\",\"isPartOf\":{\"@id\":\"https:\\\/\\\/stilanddesign.se\\\/#website\"},\"primaryImageOfPage\":{\"@id\":\"https:\\\/\\\/stilanddesign.se\\\/produkt\\\/%f0%9f%a4%8d-somrig-bomullsblus-caramell-fashion-%f0%9f%a4%8d-3\\\/#primaryimage\"},\"image\":{\"@id\":\"https:\\\/\\\/stilanddesign.se\\\/produkt\\\/%f0%9f%a4%8d-somrig-bomullsblus-caramell-fashion-%f0%9f%a4%8d-3\\\/#primaryimage\"},\"thumbnailUrl\":\"https:\\\/\\\/stilanddesign.se\\\/wp-content\\\/uploads\\\/2026\\\/03\\\/93E4DD07-DD8B-48B5-9131-7859CC92AD7E.png\",\"datePublished\":\"2026-04-24T13:34:39+00:00\",\"dateModified\":\"2026-04-24T15:24:11+00:00\",\"breadcrumb\":{\"@id\":\"https:\\\/\\\/stilanddesign.se\\\/produkt\\\/%f0%9f%a4%8d-somrig-bomullsblus-caramell-fashion-%f0%9f%a4%8d-3\\\/#breadcrumb\"},\"inLanguage\":\"en-US\",\"potentialAction\":[{\"@type\":\"ReadAction\",\"target\":[\"https:\\\/\\\/stilanddesign.se\\\/produkt\\\/%f0%9f%a4%8d-somrig-bomullsblus-caramell-fashion-%f0%9f%a4%8d-3\\\/\"]}]},{\"@type\":\"ImageObject\",\"inLanguage\":\"en-US\",\"@id\":\"https:\\\/\\\/stilanddesign.se\\\/produkt\\\/%f0%9f%a4%8d-somrig-bomullsblus-caramell-fashion-%f0%9f%a4%8d-3\\\/#primaryimage\",\"url\":\"https:\\\/\\\/stilanddesign.se\\\/wp-content\\\/uploads\\\/2026\\\/03\\\/93E4DD07-DD8B-48B5-9131-7859CC92AD7E.png\",\"contentUrl\":\"https:\\\/\\\/stilanddesign.se\\\/wp-content\\\/uploads\\\/2026\\\/03\\\/93E4DD07-DD8B-48B5-9131-7859CC92AD7E.png\",\"width\":1024,\"height\":1536},{\"@type\":\"BreadcrumbList\",\"@id\":\"https:\\\/\\\/stilanddesign.se\\\/produkt\\\/%f0%9f%a4%8d-somrig-bomullsblus-caramell-fashion-%f0%9f%a4%8d-3\\\/#breadcrumb\",\"itemListElement\":[{\"@type\":\"ListItem\",\"position\":1,\"name\":\"Hem\",\"item\":\"https:\\\/\\\/stilanddesign.se\\\/\"},{\"@type\":\"ListItem\",\"position\":2,\"name\":\"Butiken\",\"item\":\"https:\\\/\\\/stilanddesign.se\\\/butiken\\\/\"},{\"@type\":\"ListItem\",\"position\":3,\"name\":\"\ud83e\udd0d Somrig bomullsblus \u2013 Caramell Fashion \ud83e\udd0d\"}]},{\"@type\":\"WebSite\",\"@id\":\"https:\\\/\\\/stilanddesign.se\\\/#website\",\"url\":\"https:\\\/\\\/stilanddesign.se\\\/\",\"name\":\"Stil &amp; Design\",\"description\":\"F\u00f6r oss som \u00e4lskar mode!\",\"publisher\":{\"@id\":\"https:\\\/\\\/stilanddesign.se\\\/#organization\"},\"potentialAction\":[{\"@type\":\"SearchAction\",\"target\":{\"@type\":\"EntryPoint\",\"urlTemplate\":\"https:\\\/\\\/stilanddesign.se\\\/?s={search_term_string}\"},\"query-input\":{\"@type\":\"PropertyValueSpecification\",\"valueRequired\":true,\"valueName\":\"search_term_string\"}}],\"inLanguage\":\"en-US\"},{\"@type\":\"Organization\",\"@id\":\"https:\\\/\\\/stilanddesign.se\\\/#organization\",\"name\":\"Stil &amp; Design\",\"url\":\"https:\\\/\\\/stilanddesign.se\\\/\",\"logo\":{\"@type\":\"ImageObject\",\"inLanguage\":\"en-US\",\"@id\":\"https:\\\/\\\/stilanddesign.se\\\/#\\\/schema\\\/logo\\\/image\\\/\",\"url\":\"https:\\\/\\\/stilanddesign.se\\\/wp-content\\\/uploads\\\/2023\\\/12\\\/output-onlinepngtools-e1727784413220.png\",\"contentUrl\":\"https:\\\/\\\/stilanddesign.se\\\/wp-content\\\/uploads\\\/2023\\\/12\\\/output-onlinepngtools-e1727784413220.png\",\"width\":519,\"height\":135,\"caption\":\"Stil &amp; Design\"},\"image\":{\"@id\":\"https:\\\/\\\/stilanddesign.se\\\/#\\\/schema\\\/logo\\\/image\\\/\"}}]}<\/script>\n<!-- \/ Yoast SEO Premium plugin. -->","yoast_head_json":{"title":"\ud83e\udd0d Somrig bomullsblus \u2013 Caramell Fashion \ud83e\udd0d - Stil &amp; Design","robots":{"index":"index","follow":"follow","max-snippet":"max-snippet:-1","max-image-preview":"max-image-preview:large","max-video-preview":"max-video-preview:-1"},"canonical":"https:\/\/stilanddesign.se\/en\/product\/\ud83e\udd0d-somrig-bomullsblus-caramell-fashion-\ud83e\udd0d-3\/","og_locale":"en_US","og_type":"article","og_title":"\ud83e\udd0d Somrig bomullsblus \u2013 Caramell Fashion \ud83e\udd0d","og_description":"\ud83e\udd0d Somrig bomullsblus \u2013 Caramell Fashion \ud83e\udd0d En tidl\u00f6s och luftig blus som passar till allt! \u2728Den h\u00e4r fina blusen fr\u00e5n Caramell Fashion \u00e4r sydd i mjuk bomull och har en avslappnad passform som k\u00e4nns lika sk\u00f6n som den ser ut. Den eleganta halsringningen med sm\u00e5 knappar framtill ger blusen en feminin och stilren k\u00e4nsla \u2013 perfekt b\u00e5de till jeans, kjol eller sommarbyxor \u2600\ufe0f \u2728 Luftig och bekv\u00e4m passform\u2728 Vacker halsringning med dekorativa knappar\u2728 Vida \u00e4rmar som ger ett mjukt och elegant fall\u2728 Perfekt b\u00e5de till vardag och semester \ud83e\udd0d F\u00e4rg: Beige \ud83e\uddf5 Material: 100% bomull\ud83d\udccf Storlek: Onesize (passar ca stl 34\u201342)\ud83d\udc5a M\u00e4rke: Caramell Fashion En klassisk och stilren blus som aldrig g\u00e5r ur mode \u2013 ett m\u00e5ste i sommargarderoben \u2728\ud83e\udd0d","og_url":"https:\/\/stilanddesign.se\/en\/product\/\ud83e\udd0d-somrig-bomullsblus-caramell-fashion-\ud83e\udd0d-3\/","og_site_name":"Stil &amp; Design","article_modified_time":"2026-04-24T15:24:11+00:00","og_image":[{"width":683,"height":1024,"url":"https:\/\/stilanddesign.se\/wp-content\/uploads\/2026\/03\/93E4DD07-DD8B-48B5-9131-7859CC92AD7E-683x1024.png","type":"image\/png"}],"twitter_card":"summary_large_image","twitter_misc":{"Est. reading time":"1 minute"},"schema":{"@context":"https:\/\/schema.org","@graph":[{"@type":"WebPage","@id":"https:\/\/stilanddesign.se\/produkt\/%f0%9f%a4%8d-somrig-bomullsblus-caramell-fashion-%f0%9f%a4%8d-3\/","url":"https:\/\/stilanddesign.se\/produkt\/%f0%9f%a4%8d-somrig-bomullsblus-caramell-fashion-%f0%9f%a4%8d-3\/","name":"\ud83e\udd0d Somrig bomullsblus \u2013 Caramell Fashion \ud83e\udd0d - Stil &amp; Design","isPartOf":{"@id":"https:\/\/stilanddesign.se\/#website"},"primaryImageOfPage":{"@id":"https:\/\/stilanddesign.se\/produkt\/%f0%9f%a4%8d-somrig-bomullsblus-caramell-fashion-%f0%9f%a4%8d-3\/#primaryimage"},"image":{"@id":"https:\/\/stilanddesign.se\/produkt\/%f0%9f%a4%8d-somrig-bomullsblus-caramell-fashion-%f0%9f%a4%8d-3\/#primaryimage"},"thumbnailUrl":"https:\/\/stilanddesign.se\/wp-content\/uploads\/2026\/03\/93E4DD07-DD8B-48B5-9131-7859CC92AD7E.png","datePublished":"2026-04-24T13:34:39+00:00","dateModified":"2026-04-24T15:24:11+00:00","breadcrumb":{"@id":"https:\/\/stilanddesign.se\/produkt\/%f0%9f%a4%8d-somrig-bomullsblus-caramell-fashion-%f0%9f%a4%8d-3\/#breadcrumb"},"inLanguage":"en-US","potentialAction":[{"@type":"ReadAction","target":["https:\/\/stilanddesign.se\/produkt\/%f0%9f%a4%8d-somrig-bomullsblus-caramell-fashion-%f0%9f%a4%8d-3\/"]}]},{"@type":"ImageObject","inLanguage":"en-US","@id":"https:\/\/stilanddesign.se\/produkt\/%f0%9f%a4%8d-somrig-bomullsblus-caramell-fashion-%f0%9f%a4%8d-3\/#primaryimage","url":"https:\/\/stilanddesign.se\/wp-content\/uploads\/2026\/03\/93E4DD07-DD8B-48B5-9131-7859CC92AD7E.png","contentUrl":"https:\/\/stilanddesign.se\/wp-content\/uploads\/2026\/03\/93E4DD07-DD8B-48B5-9131-7859CC92AD7E.png","width":1024,"height":1536},{"@type":"BreadcrumbList","@id":"https:\/\/stilanddesign.se\/produkt\/%f0%9f%a4%8d-somrig-bomullsblus-caramell-fashion-%f0%9f%a4%8d-3\/#breadcrumb","itemListElement":[{"@type":"ListItem","position":1,"name":"Hem","item":"https:\/\/stilanddesign.se\/"},{"@type":"ListItem","position":2,"name":"Butiken","item":"https:\/\/stilanddesign.se\/butiken\/"},{"@type":"ListItem","position":3,"name":"\ud83e\udd0d Somrig bomullsblus \u2013 Caramell Fashion \ud83e\udd0d"}]},{"@type":"WebSite","@id":"https:\/\/stilanddesign.se\/#website","url":"https:\/\/stilanddesign.se\/","name":"Style &amp; Design","description":"For those of us who love fashion!","publisher":{"@id":"https:\/\/stilanddesign.se\/#organization"},"potentialAction":[{"@type":"SearchAction","target":{"@type":"EntryPoint","urlTemplate":"https:\/\/stilanddesign.se\/?s={search_term_string}"},"query-input":{"@type":"PropertyValueSpecification","valueRequired":true,"valueName":"search_term_string"}}],"inLanguage":"en-US"},{"@type":"Organization","@id":"https:\/\/stilanddesign.se\/#organization","name":"Style &amp; Design","url":"https:\/\/stilanddesign.se\/","logo":{"@type":"ImageObject","inLanguage":"en-US","@id":"https:\/\/stilanddesign.se\/#\/schema\/logo\/image\/","url":"https:\/\/stilanddesign.se\/wp-content\/uploads\/2023\/12\/output-onlinepngtools-e1727784413220.png","contentUrl":"https:\/\/stilanddesign.se\/wp-content\/uploads\/2023\/12\/output-onlinepngtools-e1727784413220.png","width":519,"height":135,"caption":"Stil &amp; Design"},"image":{"@id":"https:\/\/stilanddesign.se\/#\/schema\/logo\/image\/"}}]}},"_links":{"self":[{"href":"https:\/\/stilanddesign.se\/en\/wp-json\/wp\/v2\/product\/1070484","targetHints":{"allow":["GET"]}}],"collection":[{"href":"https:\/\/stilanddesign.se\/en\/wp-json\/wp\/v2\/product"}],"about":[{"href":"https:\/\/stilanddesign.se\/en\/wp-json\/wp\/v2\/types\/product"}],"replies":[{"embeddable":true,"href":"https:\/\/stilanddesign.se\/en\/wp-json\/wp\/v2\/comments?post=1070484"}],"wp:featuredmedia":[{"embeddable":true,"href":"https:\/\/stilanddesign.se\/en\/wp-json\/wp\/v2\/media\/1070498"}],"wp:attachment":[{"href":"https:\/\/stilanddesign.se\/en\/wp-json\/wp\/v2\/media?parent=1070484"}],"wp:term":[{"taxonomy":"product_brand","embeddable":true,"href":"https:\/\/stilanddesign.se\/en\/wp-json\/wp\/v2\/product_brand?post=1070484"},{"taxonomy":"product_cat","embeddable":true,"href":"https:\/\/stilanddesign.se\/en\/wp-json\/wp\/v2\/product_cat?post=1070484"},{"taxonomy":"product_tag","embeddable":true,"href":"https:\/\/stilanddesign.se\/en\/wp-json\/wp\/v2\/product_tag?post=1070484"}],"curies":[{"name":"wp","href":"https:\/\/api.w.org\/{rel}","templated":true}]}}