{"id":1070468,"date":"2026-03-27T14:28:56","date_gmt":"2026-03-27T13:28:56","guid":{"rendered":"https:\/\/stilanddesign.se\/?post_type=product&#038;p=1070468"},"modified":"2026-05-15T10:18:45","modified_gmt":"2026-05-15T08:18:45","slug":"%e2%9c%a8-topp-med-dekorativa-blommor-caramell-fashion-%e2%9c%a8","status":"publish","type":"product","link":"https:\/\/stilanddesign.se\/en\/product\/%e2%9c%a8-topp-med-dekorativa-blommor-caramell-fashion-%e2%9c%a8\/","title":{"rendered":"\u2728 Top with decorative flowers \u2013 Caramell Fashion \u2728"},"content":{"rendered":"<section class=\"text-token-text-primary w-full focus:outline-none [--shadow-height:45px] has-data-writing-block:pointer-events-none has-data-writing-block:-mt-(--shadow-height) has-data-writing-block:pt-(--shadow-height) [&amp;:has([data-writing-block])&gt;*]:pointer-events-auto R6Vx5W_threadScrollVars scroll-mb-[calc(var(--scroll-root-safe-area-inset-bottom,0px)+var(--thread-response-height,0px))] scroll-mt-(--header-height)\" dir=\"auto\" data-turn-id=\"b88c5e34-5ed7-4840-ab43-f1b930aa7070\" data-testid=\"conversation-turn-707\" data-scroll-anchor=\"false\" data-turn=\"user\"><\/section>\n<section class=\"text-token-text-primary w-full focus:outline-none [--shadow-height:45px] has-data-writing-block:pointer-events-none has-data-writing-block:-mt-(--shadow-height) has-data-writing-block:pt-(--shadow-height) [&amp;:has([data-writing-block])&gt;*]:pointer-events-auto R6Vx5W_threadScrollVars scroll-mb-[calc(var(--scroll-root-safe-area-inset-bottom,0px)+var(--thread-response-height,0px))] scroll-mt-[calc(var(--header-height)+min(200px,max(70px,20svh)))]\" dir=\"auto\" data-turn-id=\"request-691b1ef3-7890-8327-b9f7-b05c22f0401e-0\" data-testid=\"conversation-turn-708\" data-scroll-anchor=\"false\" data-turn=\"assistant\">\n<div class=\"text-base my-auto mx-auto pb-10 [--thread-content-margin:var(--thread-content-margin-xs,calc(var(--spacing)*4))] @w-sm\/main:[--thread-content-margin:var(--thread-content-margin-sm,calc(var(--spacing)*6))] @w-lg\/main:[--thread-content-margin:var(--thread-content-margin-lg,calc(var(--spacing)*16))] px-(--thread-content-margin)\">\n<div class=\"[--thread-content-max-width:40rem] @w-lg\/main:[--thread-content-max-width:48rem] mx-auto max-w-(--thread-content-max-width) flex-1 group\/turn-messages focus-visible:outline-hidden relative flex w-full min-w-0 flex-col agent-turn\">\n<div class=\"flex max-w-full flex-col gap-4 grow\">\n<div class=\"min-h-8 text-message relative flex w-full flex-col items-end gap-2 text-start break-words whitespace-normal outline-none keyboard-focused:focus-ring [.text-message+&amp;]:mt-1\" dir=\"auto\" tabindex=\"0\" data-message-author-role=\"assistant\" data-message-id=\"07641962-31ae-48bd-9096-ed109fa5ea5b\" data-message-model-slug=\"gpt-5-3\" data-turn-start-message=\"true\">\n<div class=\"flex w-full flex-col gap-1 empty:hidden\">\n<div class=\"markdown prose dark:prose-invert w-full wrap-break-word light markdown-new-styling\">\n<p data-start=\"0\" data-end=\"56\">\u2728 <strong data-start=\"2\" data-end=\"52\">Topp med dekorativa blommor \u2013 Caramell Fashion<\/strong> \u2728<\/p>\n<p data-start=\"58\" data-end=\"263\">En <strong data-start=\"61\" data-end=\"89\">stilren och feminin topp<\/strong> med vackra blomdetaljer som ger det lilla extra \ud83c\udf38 Perfekt n\u00e4r du vill k\u00e4nna dig b\u00e5de bekv\u00e4m och snygg \u2013 oavsett om det \u00e4r till vardag eller lite mer uppkl\u00e4tt tillf\u00e4lle \ud83d\udcab<\/p>\n<p data-start=\"265\" data-end=\"378\">Den mjuka kvaliteten faller fint mot kroppen och den avslappnade passformen g\u00f6r den l\u00e4tt att b\u00e4ra hela dagen \ud83e\udd0d<\/p>\n<p data-start=\"380\" data-end=\"548\">\u2728 <strong data-start=\"382\" data-end=\"395\">Detaljer:<\/strong><br data-start=\"395\" data-end=\"398\" \/>\u2022 Dekorativa blommor med fina detaljer<br data-start=\"436\" data-end=\"439\" \/>\u2022 Rund halsringning<br data-start=\"458\" data-end=\"461\" \/>\u2022 Kort \u00e4rm<br data-start=\"471\" data-end=\"474\" \/>\u2022 Mjuk och f\u00f6ljsam kvalitet<br data-start=\"501\" data-end=\"504\" data-is-only-node=\"\" \/>\u2022 L\u00e4tt att matcha till b\u00e5de byxor och kjol<\/p>\n<p data-start=\"550\" data-end=\"611\">\ud83c\udfa8 <strong data-start=\"553\" data-end=\"564\">F\u00e4rger:<\/strong><br data-start=\"564\" data-end=\"567\" \/>Black<br data-start=\"572\" data-end=\"575\" \/>White<br data-start=\"580\" data-end=\"583\" \/>Beige<br data-start=\"590\" data-end=\"593\" \/>Coffee<br data-start=\"599\" data-end=\"602\" data-is-only-node=\"\" \/>Skyblue<\/p>\n<p data-start=\"613\" data-end=\"645\">\ud83d\udccf <strong data-start=\"616\" data-end=\"630\">Storlekar:<\/strong><br data-start=\"630\" data-end=\"633\" \/>S\/M<br data-start=\"636\" data-end=\"639\" \/>L\/XL<\/p>\n<p data-start=\"647\" data-end=\"695\">\ud83e\uddf5 <strong data-start=\"650\" data-end=\"663\">Material:<\/strong><br data-start=\"663\" data-end=\"666\" \/>65% Viscose<br data-start=\"677\" data-end=\"680\" \/>35% Polyester<\/p>\n<p data-start=\"697\" data-end=\"775\" data-is-last-node=\"\" data-is-only-node=\"\">En <strong data-start=\"700\" data-end=\"728\">perfekt bas med en twist<\/strong> \u2013 lika fin till jeans som till kostymbyxor \ud83c\udf3f\u2728<\/p>\n<\/div>\n<\/div>\n<\/div>\n<\/div>\n<\/div>\n<\/div>\n<\/section>\n","protected":false},"excerpt":{"rendered":"<section class=\"text-token-text-primary w-full focus:outline-none [--shadow-height:45px] has-data-writing-block:pointer-events-none has-data-writing-block:-mt-(--shadow-height) has-data-writing-block:pt-(--shadow-height) [&amp;:has([data-writing-block])&gt;*]:pointer-events-auto R6Vx5W_threadScrollVars scroll-mb-[calc(var(--scroll-root-safe-area-inset-bottom,0px)+var(--thread-response-height,0px))] scroll-mt-(--header-height)\" dir=\"auto\" data-turn-id=\"b88c5e34-5ed7-4840-ab43-f1b930aa7070\" data-testid=\"conversation-turn-707\" data-scroll-anchor=\"false\" data-turn=\"user\"><\/section>\n<section class=\"text-token-text-primary w-full focus:outline-none [--shadow-height:45px] has-data-writing-block:pointer-events-none has-data-writing-block:-mt-(--shadow-height) has-data-writing-block:pt-(--shadow-height) [&amp;:has([data-writing-block])&gt;*]:pointer-events-auto R6Vx5W_threadScrollVars scroll-mb-[calc(var(--scroll-root-safe-area-inset-bottom,0px)+var(--thread-response-height,0px))] scroll-mt-[calc(var(--header-height)+min(200px,max(70px,20svh)))]\" dir=\"auto\" data-turn-id=\"request-691b1ef3-7890-8327-b9f7-b05c22f0401e-0\" data-testid=\"conversation-turn-708\" data-scroll-anchor=\"false\" data-turn=\"assistant\">\n<div class=\"text-base my-auto mx-auto pb-10 [--thread-content-margin:var(--thread-content-margin-xs,calc(var(--spacing)*4))] @w-sm\/main:[--thread-content-margin:var(--thread-content-margin-sm,calc(var(--spacing)*6))] @w-lg\/main:[--thread-content-margin:var(--thread-content-margin-lg,calc(var(--spacing)*16))] px-(--thread-content-margin)\">\n<div class=\"[--thread-content-max-width:40rem] @w-lg\/main:[--thread-content-max-width:48rem] mx-auto max-w-(--thread-content-max-width) flex-1 group\/turn-messages focus-visible:outline-hidden relative flex w-full min-w-0 flex-col agent-turn\">\n<div class=\"flex max-w-full flex-col gap-4 grow\">\n<div class=\"min-h-8 text-message relative flex w-full flex-col items-end gap-2 text-start break-words whitespace-normal outline-none keyboard-focused:focus-ring [.text-message+&amp;]:mt-1\" dir=\"auto\" tabindex=\"0\" data-message-author-role=\"assistant\" data-message-id=\"07641962-31ae-48bd-9096-ed109fa5ea5b\" data-message-model-slug=\"gpt-5-3\" data-turn-start-message=\"true\">\n<div class=\"flex w-full flex-col gap-1 empty:hidden\">\n<div class=\"markdown prose dark:prose-invert w-full wrap-break-word light markdown-new-styling\">\n<p data-start=\"0\" data-end=\"56\">\u2728 <strong data-start=\"2\" data-end=\"52\">Topp med dekorativa blommor \u2013 Caramell Fashion<\/strong> \u2728<\/p>\n<p data-start=\"58\" data-end=\"263\">En <strong data-start=\"61\" data-end=\"89\">stilren och feminin topp<\/strong> med vackra blomdetaljer som ger det lilla extra \ud83c\udf38 Perfekt n\u00e4r du vill k\u00e4nna dig b\u00e5de bekv\u00e4m och snygg \u2013 oavsett om det \u00e4r till vardag eller lite mer uppkl\u00e4tt tillf\u00e4lle \ud83d\udcab<\/p>\n<p data-start=\"265\" data-end=\"378\">Den mjuka kvaliteten faller fint mot kroppen och den avslappnade passformen g\u00f6r den l\u00e4tt att b\u00e4ra hela dagen \ud83e\udd0d<\/p>\n<p data-start=\"380\" data-end=\"548\">\u2728 <strong data-start=\"382\" data-end=\"395\">Detaljer:<\/strong><br data-start=\"395\" data-end=\"398\" \/>\u2022 Dekorativa blommor med fina detaljer<br data-start=\"436\" data-end=\"439\" \/>\u2022 Rund halsringning<br data-start=\"458\" data-end=\"461\" \/>\u2022 Kort \u00e4rm<br data-start=\"471\" data-end=\"474\" \/>\u2022 Mjuk och f\u00f6ljsam kvalitet<br data-start=\"501\" data-end=\"504\" data-is-only-node=\"\" \/>\u2022 L\u00e4tt att matcha till b\u00e5de byxor och kjol<\/p>\n<p data-start=\"550\" data-end=\"611\">\ud83c\udfa8 <strong data-start=\"553\" data-end=\"564\">F\u00e4rger:<\/strong><br data-start=\"564\" data-end=\"567\" \/>Black<br data-start=\"572\" data-end=\"575\" \/>White<br data-start=\"580\" data-end=\"583\" \/>Beige<br data-start=\"590\" data-end=\"593\" \/>Coffee<br data-start=\"599\" data-end=\"602\" data-is-only-node=\"\" \/>Skyblue<\/p>\n<p data-start=\"613\" data-end=\"645\">\ud83d\udccf <strong data-start=\"616\" data-end=\"630\">Storlekar:<\/strong><br data-start=\"630\" data-end=\"633\" \/>S\/M<br data-start=\"636\" data-end=\"639\" \/>L\/XL<\/p>\n<p data-start=\"647\" data-end=\"695\">\ud83e\uddf5 <strong data-start=\"650\" data-end=\"663\">Material:<\/strong><br data-start=\"663\" data-end=\"666\" \/>65% Viscose<br data-start=\"677\" data-end=\"680\" \/>35% Polyester<\/p>\n<p data-start=\"697\" data-end=\"775\" data-is-last-node=\"\" data-is-only-node=\"\">En <strong data-start=\"700\" data-end=\"728\">perfekt bas med en twist<\/strong> \u2013 lika fin till jeans som till kostymbyxor \ud83c\udf3f\u2728<\/p>\n<\/div>\n<\/div>\n<\/div>\n<\/div>\n<\/div>\n<\/div>\n<\/section>\n","protected":false},"featured_media":1070479,"comment_status":"closed","ping_status":"closed","template":"","meta":[],"product_brand":[],"product_cat":[222],"product_tag":[],"class_list":{"0":"post-1070468","1":"product","2":"type-product","3":"status-publish","4":"has-post-thumbnail","6":"product_cat-toppar-tischor","8":"first","9":"instock","10":"taxable","11":"shipping-taxable","12":"purchasable","13":"product-type-variable"},"yoast_head":"<!-- This site is optimized with the Yoast SEO Premium plugin v27.4 (Yoast SEO v27.6) - https:\/\/yoast.com\/product\/yoast-seo-premium-wordpress\/ -->\n<title>\u2728 Topp med dekorativa blommor \u2013 Caramell Fashion \u2728 - Stil &amp; Design<\/title>\n<meta name=\"robots\" content=\"index, follow, max-snippet:-1, max-image-preview:large, max-video-preview:-1\" \/>\n<link rel=\"canonical\" href=\"https:\/\/stilanddesign.se\/en\/product\/\u2728-topp-med-dekorativa-blommor-caramell-fashion-\u2728\/\" \/>\n<meta property=\"og:locale\" content=\"en_US\" \/>\n<meta property=\"og:type\" content=\"article\" \/>\n<meta property=\"og:title\" content=\"\u2728 Topp med dekorativa blommor \u2013 Caramell Fashion \u2728\" \/>\n<meta property=\"og:description\" content=\"\u2728 Topp med dekorativa blommor \u2013 Caramell Fashion \u2728 En stilren och feminin topp med vackra blomdetaljer som ger det lilla extra \ud83c\udf38 Perfekt n\u00e4r du vill k\u00e4nna dig b\u00e5de bekv\u00e4m och snygg \u2013 oavsett om det \u00e4r till vardag eller lite mer uppkl\u00e4tt tillf\u00e4lle \ud83d\udcab Den mjuka kvaliteten faller fint mot kroppen och den avslappnade passformen g\u00f6r den l\u00e4tt att b\u00e4ra hela dagen \ud83e\udd0d \u2728 Detaljer:\u2022 Dekorativa blommor med fina detaljer\u2022 Rund halsringning\u2022 Kort \u00e4rm\u2022 Mjuk och f\u00f6ljsam kvalitet\u2022 L\u00e4tt att matcha till b\u00e5de byxor och kjol \ud83c\udfa8 F\u00e4rger:BlackWhiteBeigeCoffeeSkyblue \ud83d\udccf Storlekar:S\/ML\/XL \ud83e\uddf5 Material:65% Viscose35% Polyester En perfekt bas med en twist \u2013 lika fin till jeans som till kostymbyxor \ud83c\udf3f\u2728\" \/>\n<meta property=\"og:url\" content=\"https:\/\/stilanddesign.se\/en\/product\/\u2728-topp-med-dekorativa-blommor-caramell-fashion-\u2728\/\" \/>\n<meta property=\"og:site_name\" content=\"Stil &amp; Design\" \/>\n<meta property=\"article:modified_time\" content=\"2026-05-15T08:18:45+00:00\" \/>\n<meta property=\"og:image\" content=\"https:\/\/stilanddesign.se\/wp-content\/uploads\/2026\/03\/M6592.jpg\" \/>\n\t<meta property=\"og:image:width\" content=\"684\" \/>\n\t<meta property=\"og:image:height\" content=\"622\" \/>\n\t<meta property=\"og:image:type\" content=\"image\/jpeg\" \/>\n<meta name=\"twitter:card\" content=\"summary_large_image\" \/>\n<meta name=\"twitter:label1\" content=\"Est. reading time\" \/>\n\t<meta name=\"twitter:data1\" content=\"1 minute\" \/>\n<script type=\"application\/ld+json\" class=\"yoast-schema-graph\">{\"@context\":\"https:\\\/\\\/schema.org\",\"@graph\":[{\"@type\":\"WebPage\",\"@id\":\"https:\\\/\\\/stilanddesign.se\\\/produkt\\\/%e2%9c%a8-topp-med-dekorativa-blommor-caramell-fashion-%e2%9c%a8\\\/\",\"url\":\"https:\\\/\\\/stilanddesign.se\\\/produkt\\\/%e2%9c%a8-topp-med-dekorativa-blommor-caramell-fashion-%e2%9c%a8\\\/\",\"name\":\"\u2728 Topp med dekorativa blommor \u2013 Caramell Fashion \u2728 - Stil &amp; Design\",\"isPartOf\":{\"@id\":\"https:\\\/\\\/stilanddesign.se\\\/#website\"},\"primaryImageOfPage\":{\"@id\":\"https:\\\/\\\/stilanddesign.se\\\/produkt\\\/%e2%9c%a8-topp-med-dekorativa-blommor-caramell-fashion-%e2%9c%a8\\\/#primaryimage\"},\"image\":{\"@id\":\"https:\\\/\\\/stilanddesign.se\\\/produkt\\\/%e2%9c%a8-topp-med-dekorativa-blommor-caramell-fashion-%e2%9c%a8\\\/#primaryimage\"},\"thumbnailUrl\":\"https:\\\/\\\/stilanddesign.se\\\/wp-content\\\/uploads\\\/2026\\\/03\\\/M6592.jpg\",\"datePublished\":\"2026-03-27T13:28:56+00:00\",\"dateModified\":\"2026-05-15T08:18:45+00:00\",\"breadcrumb\":{\"@id\":\"https:\\\/\\\/stilanddesign.se\\\/produkt\\\/%e2%9c%a8-topp-med-dekorativa-blommor-caramell-fashion-%e2%9c%a8\\\/#breadcrumb\"},\"inLanguage\":\"en-US\",\"potentialAction\":[{\"@type\":\"ReadAction\",\"target\":[\"https:\\\/\\\/stilanddesign.se\\\/produkt\\\/%e2%9c%a8-topp-med-dekorativa-blommor-caramell-fashion-%e2%9c%a8\\\/\"]}]},{\"@type\":\"ImageObject\",\"inLanguage\":\"en-US\",\"@id\":\"https:\\\/\\\/stilanddesign.se\\\/produkt\\\/%e2%9c%a8-topp-med-dekorativa-blommor-caramell-fashion-%e2%9c%a8\\\/#primaryimage\",\"url\":\"https:\\\/\\\/stilanddesign.se\\\/wp-content\\\/uploads\\\/2026\\\/03\\\/M6592.jpg\",\"contentUrl\":\"https:\\\/\\\/stilanddesign.se\\\/wp-content\\\/uploads\\\/2026\\\/03\\\/M6592.jpg\",\"width\":684,\"height\":622},{\"@type\":\"BreadcrumbList\",\"@id\":\"https:\\\/\\\/stilanddesign.se\\\/produkt\\\/%e2%9c%a8-topp-med-dekorativa-blommor-caramell-fashion-%e2%9c%a8\\\/#breadcrumb\",\"itemListElement\":[{\"@type\":\"ListItem\",\"position\":1,\"name\":\"Hem\",\"item\":\"https:\\\/\\\/stilanddesign.se\\\/\"},{\"@type\":\"ListItem\",\"position\":2,\"name\":\"Butiken\",\"item\":\"https:\\\/\\\/stilanddesign.se\\\/butiken\\\/\"},{\"@type\":\"ListItem\",\"position\":3,\"name\":\"\u2728 Topp med dekorativa blommor \u2013 Caramell Fashion \u2728\"}]},{\"@type\":\"WebSite\",\"@id\":\"https:\\\/\\\/stilanddesign.se\\\/#website\",\"url\":\"https:\\\/\\\/stilanddesign.se\\\/\",\"name\":\"Stil &amp; Design\",\"description\":\"F\u00f6r oss som \u00e4lskar mode!\",\"publisher\":{\"@id\":\"https:\\\/\\\/stilanddesign.se\\\/#organization\"},\"potentialAction\":[{\"@type\":\"SearchAction\",\"target\":{\"@type\":\"EntryPoint\",\"urlTemplate\":\"https:\\\/\\\/stilanddesign.se\\\/?s={search_term_string}\"},\"query-input\":{\"@type\":\"PropertyValueSpecification\",\"valueRequired\":true,\"valueName\":\"search_term_string\"}}],\"inLanguage\":\"en-US\"},{\"@type\":\"Organization\",\"@id\":\"https:\\\/\\\/stilanddesign.se\\\/#organization\",\"name\":\"Stil &amp; Design\",\"url\":\"https:\\\/\\\/stilanddesign.se\\\/\",\"logo\":{\"@type\":\"ImageObject\",\"inLanguage\":\"en-US\",\"@id\":\"https:\\\/\\\/stilanddesign.se\\\/#\\\/schema\\\/logo\\\/image\\\/\",\"url\":\"https:\\\/\\\/stilanddesign.se\\\/wp-content\\\/uploads\\\/2023\\\/12\\\/output-onlinepngtools-e1727784413220.png\",\"contentUrl\":\"https:\\\/\\\/stilanddesign.se\\\/wp-content\\\/uploads\\\/2023\\\/12\\\/output-onlinepngtools-e1727784413220.png\",\"width\":519,\"height\":135,\"caption\":\"Stil &amp; Design\"},\"image\":{\"@id\":\"https:\\\/\\\/stilanddesign.se\\\/#\\\/schema\\\/logo\\\/image\\\/\"}}]}<\/script>\n<!-- \/ Yoast SEO Premium plugin. -->","yoast_head_json":{"title":"\u2728 Topp med dekorativa blommor \u2013 Caramell Fashion \u2728 - Stil &amp; Design","robots":{"index":"index","follow":"follow","max-snippet":"max-snippet:-1","max-image-preview":"max-image-preview:large","max-video-preview":"max-video-preview:-1"},"canonical":"https:\/\/stilanddesign.se\/en\/product\/\u2728-topp-med-dekorativa-blommor-caramell-fashion-\u2728\/","og_locale":"en_US","og_type":"article","og_title":"\u2728 Topp med dekorativa blommor \u2013 Caramell Fashion \u2728","og_description":"\u2728 Topp med dekorativa blommor \u2013 Caramell Fashion \u2728 En stilren och feminin topp med vackra blomdetaljer som ger det lilla extra \ud83c\udf38 Perfekt n\u00e4r du vill k\u00e4nna dig b\u00e5de bekv\u00e4m och snygg \u2013 oavsett om det \u00e4r till vardag eller lite mer uppkl\u00e4tt tillf\u00e4lle \ud83d\udcab Den mjuka kvaliteten faller fint mot kroppen och den avslappnade passformen g\u00f6r den l\u00e4tt att b\u00e4ra hela dagen \ud83e\udd0d \u2728 Detaljer:\u2022 Dekorativa blommor med fina detaljer\u2022 Rund halsringning\u2022 Kort \u00e4rm\u2022 Mjuk och f\u00f6ljsam kvalitet\u2022 L\u00e4tt att matcha till b\u00e5de byxor och kjol \ud83c\udfa8 F\u00e4rger:BlackWhiteBeigeCoffeeSkyblue \ud83d\udccf Storlekar:S\/ML\/XL \ud83e\uddf5 Material:65% Viscose35% Polyester En perfekt bas med en twist \u2013 lika fin till jeans som till kostymbyxor \ud83c\udf3f\u2728","og_url":"https:\/\/stilanddesign.se\/en\/product\/\u2728-topp-med-dekorativa-blommor-caramell-fashion-\u2728\/","og_site_name":"Stil &amp; Design","article_modified_time":"2026-05-15T08:18:45+00:00","og_image":[{"width":684,"height":622,"url":"https:\/\/stilanddesign.se\/wp-content\/uploads\/2026\/03\/M6592.jpg","type":"image\/jpeg"}],"twitter_card":"summary_large_image","twitter_misc":{"Est. reading time":"1 minute"},"schema":{"@context":"https:\/\/schema.org","@graph":[{"@type":"WebPage","@id":"https:\/\/stilanddesign.se\/produkt\/%e2%9c%a8-topp-med-dekorativa-blommor-caramell-fashion-%e2%9c%a8\/","url":"https:\/\/stilanddesign.se\/produkt\/%e2%9c%a8-topp-med-dekorativa-blommor-caramell-fashion-%e2%9c%a8\/","name":"\u2728 Topp med dekorativa blommor \u2013 Caramell Fashion \u2728 - Stil &amp; Design","isPartOf":{"@id":"https:\/\/stilanddesign.se\/#website"},"primaryImageOfPage":{"@id":"https:\/\/stilanddesign.se\/produkt\/%e2%9c%a8-topp-med-dekorativa-blommor-caramell-fashion-%e2%9c%a8\/#primaryimage"},"image":{"@id":"https:\/\/stilanddesign.se\/produkt\/%e2%9c%a8-topp-med-dekorativa-blommor-caramell-fashion-%e2%9c%a8\/#primaryimage"},"thumbnailUrl":"https:\/\/stilanddesign.se\/wp-content\/uploads\/2026\/03\/M6592.jpg","datePublished":"2026-03-27T13:28:56+00:00","dateModified":"2026-05-15T08:18:45+00:00","breadcrumb":{"@id":"https:\/\/stilanddesign.se\/produkt\/%e2%9c%a8-topp-med-dekorativa-blommor-caramell-fashion-%e2%9c%a8\/#breadcrumb"},"inLanguage":"en-US","potentialAction":[{"@type":"ReadAction","target":["https:\/\/stilanddesign.se\/produkt\/%e2%9c%a8-topp-med-dekorativa-blommor-caramell-fashion-%e2%9c%a8\/"]}]},{"@type":"ImageObject","inLanguage":"en-US","@id":"https:\/\/stilanddesign.se\/produkt\/%e2%9c%a8-topp-med-dekorativa-blommor-caramell-fashion-%e2%9c%a8\/#primaryimage","url":"https:\/\/stilanddesign.se\/wp-content\/uploads\/2026\/03\/M6592.jpg","contentUrl":"https:\/\/stilanddesign.se\/wp-content\/uploads\/2026\/03\/M6592.jpg","width":684,"height":622},{"@type":"BreadcrumbList","@id":"https:\/\/stilanddesign.se\/produkt\/%e2%9c%a8-topp-med-dekorativa-blommor-caramell-fashion-%e2%9c%a8\/#breadcrumb","itemListElement":[{"@type":"ListItem","position":1,"name":"Hem","item":"https:\/\/stilanddesign.se\/"},{"@type":"ListItem","position":2,"name":"Butiken","item":"https:\/\/stilanddesign.se\/butiken\/"},{"@type":"ListItem","position":3,"name":"\u2728 Topp med dekorativa blommor \u2013 Caramell Fashion \u2728"}]},{"@type":"WebSite","@id":"https:\/\/stilanddesign.se\/#website","url":"https:\/\/stilanddesign.se\/","name":"Style &amp; Design","description":"For those of us who love fashion!","publisher":{"@id":"https:\/\/stilanddesign.se\/#organization"},"potentialAction":[{"@type":"SearchAction","target":{"@type":"EntryPoint","urlTemplate":"https:\/\/stilanddesign.se\/?s={search_term_string}"},"query-input":{"@type":"PropertyValueSpecification","valueRequired":true,"valueName":"search_term_string"}}],"inLanguage":"en-US"},{"@type":"Organization","@id":"https:\/\/stilanddesign.se\/#organization","name":"Style &amp; Design","url":"https:\/\/stilanddesign.se\/","logo":{"@type":"ImageObject","inLanguage":"en-US","@id":"https:\/\/stilanddesign.se\/#\/schema\/logo\/image\/","url":"https:\/\/stilanddesign.se\/wp-content\/uploads\/2023\/12\/output-onlinepngtools-e1727784413220.png","contentUrl":"https:\/\/stilanddesign.se\/wp-content\/uploads\/2023\/12\/output-onlinepngtools-e1727784413220.png","width":519,"height":135,"caption":"Stil &amp; Design"},"image":{"@id":"https:\/\/stilanddesign.se\/#\/schema\/logo\/image\/"}}]}},"_links":{"self":[{"href":"https:\/\/stilanddesign.se\/en\/wp-json\/wp\/v2\/product\/1070468","targetHints":{"allow":["GET"]}}],"collection":[{"href":"https:\/\/stilanddesign.se\/en\/wp-json\/wp\/v2\/product"}],"about":[{"href":"https:\/\/stilanddesign.se\/en\/wp-json\/wp\/v2\/types\/product"}],"replies":[{"embeddable":true,"href":"https:\/\/stilanddesign.se\/en\/wp-json\/wp\/v2\/comments?post=1070468"}],"wp:featuredmedia":[{"embeddable":true,"href":"https:\/\/stilanddesign.se\/en\/wp-json\/wp\/v2\/media\/1070479"}],"wp:attachment":[{"href":"https:\/\/stilanddesign.se\/en\/wp-json\/wp\/v2\/media?parent=1070468"}],"wp:term":[{"taxonomy":"product_brand","embeddable":true,"href":"https:\/\/stilanddesign.se\/en\/wp-json\/wp\/v2\/product_brand?post=1070468"},{"taxonomy":"product_cat","embeddable":true,"href":"https:\/\/stilanddesign.se\/en\/wp-json\/wp\/v2\/product_cat?post=1070468"},{"taxonomy":"product_tag","embeddable":true,"href":"https:\/\/stilanddesign.se\/en\/wp-json\/wp\/v2\/product_tag?post=1070468"}],"curies":[{"name":"wp","href":"https:\/\/api.w.org\/{rel}","templated":true}]}}