{"id":1070380,"date":"2026-04-20T15:20:16","date_gmt":"2026-04-20T13:20:16","guid":{"rendered":"https:\/\/stilanddesign.se\/?post_type=product&#038;p=1070380"},"modified":"2026-04-21T12:45:02","modified_gmt":"2026-04-21T10:45:02","slug":"%f0%9f%8c%b8-magiska-byxor-caramell-fashion-%f0%9f%8c%b8-3","status":"publish","type":"product","link":"https:\/\/stilanddesign.se\/en\/product\/%f0%9f%8c%b8-magiska-byxor-caramell-fashion-%f0%9f%8c%b8-3\/","title":{"rendered":"\ud83c\udf38 Magic Pants \u2013 Caramell Fashion \ud83c\udf38"},"content":{"rendered":"<p data-start=\"0\" data-end=\"44\">\ud83c\udf38 <strong data-start=\"3\" data-end=\"39\">Magic Pants \u2013 Caramell Fashion<\/strong> \ud83c\udf38<\/p>\n<p data-start=\"46\" data-end=\"258\">Super comfortable and <strong data-start=\"63\" data-end=\"113\">magically stretchy pants from Caramell Fashion<\/strong> with a nice floral pattern that gives a fresh and summery look. Perfect for both everyday wear and days off when you want to be both stylish and comfortable.<\/p>\n<p data-start=\"260\" data-end=\"468\">The pants have <strong data-start=\"272\" data-end=\"302\">elastic and drawstring at the waist<\/strong> for a comfortable fit and <strong data-start=\"329\" data-end=\"348\">front pockets<\/strong>. The slim legs with turn-ups at the bottom give a modern and relaxed style that goes just as well with sneakers as with sandals.<\/p>\n<p data-start=\"470\" data-end=\"598\">\u2728 <strong data-start=\"472\" data-end=\"485\">Details:<\/strong><br data-start=\"485\" data-end=\"488\" \/>\u2022 Elastic and drawstring at the waist<br data-start=\"516\" data-end=\"519\" \/>\u2022 Front pockets<br data-start=\"532\" data-end=\"535\" \/>\u2022 Comfortable stretch<br data-start=\"549\" data-end=\"552\" \/>\u2022 Straight legs with turn-ups<br data-start=\"574\" data-end=\"577\" \/>\u2022 Normal in size<\/p>\n<p data-start=\"600\" data-end=\"629\">\ud83c\udfa8 <strong data-start=\"603\" data-end=\"614\">Colors:<\/strong><br data-start=\"614\" data-end=\"617\" \/>Pink<br data-start=\"621\" data-end=\"624\" \/>Blue Green<\/p>\n<p data-start=\"631\" data-end=\"663\">\ud83d\udccf <strong data-start=\"634\" data-end=\"648\">Sizes:<\/strong><br data-start=\"648\" data-end=\"651\" \/>S\/M<br data-start=\"654\" data-end=\"657\" \/>L\/XL<\/p>\n<p data-start=\"665\" data-end=\"781\" data-is-last-node=\"\" data-is-only-node=\"\">A <strong data-start=\"668\" data-end=\"690\">real favorite pants<\/strong> which is easy to match with tops, blouses or knitwear for a stylish and comfortable outfit. \ud83d\udcab<\/p>","protected":false},"excerpt":{"rendered":"<p data-start=\"0\" data-end=\"44\">\ud83c\udf38 <strong data-start=\"3\" data-end=\"39\">Magic Pants \u2013 Caramell Fashion<\/strong> \ud83c\udf38<\/p>\n<p data-start=\"46\" data-end=\"258\">Super comfortable and <strong data-start=\"63\" data-end=\"113\">magically stretchy pants from Caramell Fashion<\/strong> with a nice floral pattern that gives a fresh and summery look. Perfect for both everyday wear and days off when you want to be both stylish and comfortable.<\/p>\n<p data-start=\"260\" data-end=\"468\">The pants have <strong data-start=\"272\" data-end=\"302\">elastic and drawstring at the waist<\/strong> for a comfortable fit and <strong data-start=\"329\" data-end=\"348\">front pockets<\/strong>. The slim legs with turn-ups at the bottom give a modern and relaxed style that goes just as well with sneakers as with sandals.<\/p>\n<p data-start=\"470\" data-end=\"598\">\u2728 <strong data-start=\"472\" data-end=\"485\">Details:<\/strong><br data-start=\"485\" data-end=\"488\" \/>\u2022 Elastic and drawstring at the waist<br data-start=\"516\" data-end=\"519\" \/>\u2022 Front pockets<br data-start=\"532\" data-end=\"535\" \/>\u2022 Comfortable stretch<br data-start=\"549\" data-end=\"552\" \/>\u2022 Straight legs with turn-ups<br data-start=\"574\" data-end=\"577\" \/>\u2022 Normal in size<\/p>\n<p data-start=\"600\" data-end=\"629\">\ud83c\udfa8 <strong data-start=\"603\" data-end=\"614\">Colors:<\/strong><br data-start=\"614\" data-end=\"617\" \/>Pink<br data-start=\"621\" data-end=\"624\" \/>Blue Green<\/p>\n<p data-start=\"631\" data-end=\"663\">\ud83d\udccf <strong data-start=\"634\" data-end=\"648\">Sizes:<\/strong><br data-start=\"648\" data-end=\"651\" \/>S\/M<br data-start=\"654\" data-end=\"657\" \/>L\/XL<\/p>\n<p data-start=\"665\" data-end=\"781\" data-is-last-node=\"\" data-is-only-node=\"\">A <strong data-start=\"668\" data-end=\"690\">real favorite pants<\/strong> which is easy to match with tops, blouses or knitwear for a stylish and comfortable outfit. \ud83d\udcab<\/p>","protected":false},"featured_media":1070379,"comment_status":"closed","ping_status":"closed","template":"","meta":[],"product_brand":[],"product_cat":[203,217],"product_tag":[],"class_list":{"0":"post-1070380","1":"product","2":"type-product","3":"status-publish","4":"has-post-thumbnail","6":"product_cat-byxor","7":"product_cat-produktnyheter","9":"first","10":"instock","11":"taxable","12":"shipping-taxable","13":"purchasable","14":"product-type-variable"},"yoast_head":"<!-- This site is optimized with the Yoast SEO Premium plugin v27.4 (Yoast SEO v27.4) - https:\/\/yoast.com\/product\/yoast-seo-premium-wordpress\/ -->\n<title>\ud83c\udf38 Magiska Byxor \u2013 Caramell Fashion \ud83c\udf38 - Stil &amp; Design<\/title>\n<meta name=\"robots\" content=\"index, follow, max-snippet:-1, max-image-preview:large, max-video-preview:-1\" \/>\n<link rel=\"canonical\" href=\"https:\/\/stilanddesign.se\/en\/product\/\ud83c\udf38-magiska-byxor-caramell-fashion-\ud83c\udf38-3\/\" \/>\n<meta property=\"og:locale\" content=\"en_US\" \/>\n<meta property=\"og:type\" content=\"article\" \/>\n<meta property=\"og:title\" content=\"\ud83c\udf38 Magiska Byxor \u2013 Caramell Fashion \ud83c\udf38\" \/>\n<meta property=\"og:description\" content=\"\ud83c\udf38 Magiska Byxor \u2013 Caramell Fashion \ud83c\udf38 Superbekv\u00e4ma och magiskt stretchiga byxor fr\u00e5n Caramell Fashion med ett fint blomm\u00f6nster som ger en fr\u00e4sch och somrig look. Perfekta b\u00e5de till vardag och lediga dagar n\u00e4r du vill vara b\u00e5de snygg och bekv\u00e4m. Byxorna har res\u00e5r och dragsko i midjan f\u00f6r en sk\u00f6n passform samt fickor framtill. De smala benen med uppvik nedtill ger en modern och avslappnad stil som passar lika fint till sneakers som sandaler. \u2728 Detaljer:\u2022 Res\u00e5r och dragsko i midjan\u2022 Fickor fram\u2022 Sk\u00f6n stretch\u2022 Raka ben med uppvik\u2022 Normala i storlek \ud83c\udfa8 F\u00e4rger:RosaBl\u00e5\u00a0 Gr\u00f6n \ud83d\udccf Storlekar:S\/ML\/XL En riktig favoritbyxa som \u00e4r l\u00e4tt att matcha med toppar, blusar eller stickat f\u00f6r en snygg och bekv\u00e4m outfit. \ud83d\udcab\" \/>\n<meta property=\"og:url\" content=\"https:\/\/stilanddesign.se\/en\/product\/\ud83c\udf38-magiska-byxor-caramell-fashion-\ud83c\udf38-3\/\" \/>\n<meta property=\"og:site_name\" content=\"Stil &amp; Design\" \/>\n<meta property=\"article:modified_time\" content=\"2026-04-21T10:45:02+00:00\" \/>\n<meta property=\"og:image\" content=\"https:\/\/stilanddesign.se\/wp-content\/uploads\/2026\/03\/7767655555555555555.jpeg\" \/>\n\t<meta property=\"og:image:width\" content=\"382\" \/>\n\t<meta property=\"og:image:height\" content=\"640\" \/>\n\t<meta property=\"og:image:type\" content=\"image\/jpeg\" \/>\n<meta name=\"twitter:card\" content=\"summary_large_image\" \/>\n<meta name=\"twitter:label1\" content=\"Est. reading time\" \/>\n\t<meta name=\"twitter:data1\" content=\"1 minute\" \/>\n<script type=\"application\/ld+json\" class=\"yoast-schema-graph\">{\"@context\":\"https:\\\/\\\/schema.org\",\"@graph\":[{\"@type\":\"WebPage\",\"@id\":\"https:\\\/\\\/stilanddesign.se\\\/produkt\\\/%f0%9f%8c%b8-magiska-byxor-caramell-fashion-%f0%9f%8c%b8-3\\\/\",\"url\":\"https:\\\/\\\/stilanddesign.se\\\/produkt\\\/%f0%9f%8c%b8-magiska-byxor-caramell-fashion-%f0%9f%8c%b8-3\\\/\",\"name\":\"\ud83c\udf38 Magiska Byxor \u2013 Caramell Fashion \ud83c\udf38 - Stil &amp; Design\",\"isPartOf\":{\"@id\":\"https:\\\/\\\/stilanddesign.se\\\/#website\"},\"primaryImageOfPage\":{\"@id\":\"https:\\\/\\\/stilanddesign.se\\\/produkt\\\/%f0%9f%8c%b8-magiska-byxor-caramell-fashion-%f0%9f%8c%b8-3\\\/#primaryimage\"},\"image\":{\"@id\":\"https:\\\/\\\/stilanddesign.se\\\/produkt\\\/%f0%9f%8c%b8-magiska-byxor-caramell-fashion-%f0%9f%8c%b8-3\\\/#primaryimage\"},\"thumbnailUrl\":\"https:\\\/\\\/stilanddesign.se\\\/wp-content\\\/uploads\\\/2026\\\/03\\\/7767655555555555555.jpeg\",\"datePublished\":\"2026-04-20T13:20:16+00:00\",\"dateModified\":\"2026-04-21T10:45:02+00:00\",\"breadcrumb\":{\"@id\":\"https:\\\/\\\/stilanddesign.se\\\/produkt\\\/%f0%9f%8c%b8-magiska-byxor-caramell-fashion-%f0%9f%8c%b8-3\\\/#breadcrumb\"},\"inLanguage\":\"en-US\",\"potentialAction\":[{\"@type\":\"ReadAction\",\"target\":[\"https:\\\/\\\/stilanddesign.se\\\/produkt\\\/%f0%9f%8c%b8-magiska-byxor-caramell-fashion-%f0%9f%8c%b8-3\\\/\"]}]},{\"@type\":\"ImageObject\",\"inLanguage\":\"en-US\",\"@id\":\"https:\\\/\\\/stilanddesign.se\\\/produkt\\\/%f0%9f%8c%b8-magiska-byxor-caramell-fashion-%f0%9f%8c%b8-3\\\/#primaryimage\",\"url\":\"https:\\\/\\\/stilanddesign.se\\\/wp-content\\\/uploads\\\/2026\\\/03\\\/7767655555555555555.jpeg\",\"contentUrl\":\"https:\\\/\\\/stilanddesign.se\\\/wp-content\\\/uploads\\\/2026\\\/03\\\/7767655555555555555.jpeg\",\"width\":382,\"height\":640,\"caption\":\"Magiska byxor i gr\u00f6nt och vitt\"},{\"@type\":\"BreadcrumbList\",\"@id\":\"https:\\\/\\\/stilanddesign.se\\\/produkt\\\/%f0%9f%8c%b8-magiska-byxor-caramell-fashion-%f0%9f%8c%b8-3\\\/#breadcrumb\",\"itemListElement\":[{\"@type\":\"ListItem\",\"position\":1,\"name\":\"Hem\",\"item\":\"https:\\\/\\\/stilanddesign.se\\\/\"},{\"@type\":\"ListItem\",\"position\":2,\"name\":\"Butiken\",\"item\":\"https:\\\/\\\/stilanddesign.se\\\/butiken\\\/\"},{\"@type\":\"ListItem\",\"position\":3,\"name\":\"\ud83c\udf38 Magiska Byxor \u2013 Caramell Fashion \ud83c\udf38\"}]},{\"@type\":\"WebSite\",\"@id\":\"https:\\\/\\\/stilanddesign.se\\\/#website\",\"url\":\"https:\\\/\\\/stilanddesign.se\\\/\",\"name\":\"Stil &amp; Design\",\"description\":\"F\u00f6r oss som \u00e4lskar mode!\",\"publisher\":{\"@id\":\"https:\\\/\\\/stilanddesign.se\\\/#organization\"},\"potentialAction\":[{\"@type\":\"SearchAction\",\"target\":{\"@type\":\"EntryPoint\",\"urlTemplate\":\"https:\\\/\\\/stilanddesign.se\\\/?s={search_term_string}\"},\"query-input\":{\"@type\":\"PropertyValueSpecification\",\"valueRequired\":true,\"valueName\":\"search_term_string\"}}],\"inLanguage\":\"en-US\"},{\"@type\":\"Organization\",\"@id\":\"https:\\\/\\\/stilanddesign.se\\\/#organization\",\"name\":\"Stil &amp; Design\",\"url\":\"https:\\\/\\\/stilanddesign.se\\\/\",\"logo\":{\"@type\":\"ImageObject\",\"inLanguage\":\"en-US\",\"@id\":\"https:\\\/\\\/stilanddesign.se\\\/#\\\/schema\\\/logo\\\/image\\\/\",\"url\":\"https:\\\/\\\/stilanddesign.se\\\/wp-content\\\/uploads\\\/2023\\\/12\\\/output-onlinepngtools-e1727784413220.png\",\"contentUrl\":\"https:\\\/\\\/stilanddesign.se\\\/wp-content\\\/uploads\\\/2023\\\/12\\\/output-onlinepngtools-e1727784413220.png\",\"width\":519,\"height\":135,\"caption\":\"Stil &amp; Design\"},\"image\":{\"@id\":\"https:\\\/\\\/stilanddesign.se\\\/#\\\/schema\\\/logo\\\/image\\\/\"}}]}<\/script>\n<!-- \/ Yoast SEO Premium plugin. -->","yoast_head_json":{"title":"\ud83c\udf38 Magiska Byxor \u2013 Caramell Fashion \ud83c\udf38 - Stil &amp; Design","robots":{"index":"index","follow":"follow","max-snippet":"max-snippet:-1","max-image-preview":"max-image-preview:large","max-video-preview":"max-video-preview:-1"},"canonical":"https:\/\/stilanddesign.se\/en\/product\/\ud83c\udf38-magiska-byxor-caramell-fashion-\ud83c\udf38-3\/","og_locale":"en_US","og_type":"article","og_title":"\ud83c\udf38 Magiska Byxor \u2013 Caramell Fashion \ud83c\udf38","og_description":"\ud83c\udf38 Magiska Byxor \u2013 Caramell Fashion \ud83c\udf38 Superbekv\u00e4ma och magiskt stretchiga byxor fr\u00e5n Caramell Fashion med ett fint blomm\u00f6nster som ger en fr\u00e4sch och somrig look. Perfekta b\u00e5de till vardag och lediga dagar n\u00e4r du vill vara b\u00e5de snygg och bekv\u00e4m. Byxorna har res\u00e5r och dragsko i midjan f\u00f6r en sk\u00f6n passform samt fickor framtill. De smala benen med uppvik nedtill ger en modern och avslappnad stil som passar lika fint till sneakers som sandaler. \u2728 Detaljer:\u2022 Res\u00e5r och dragsko i midjan\u2022 Fickor fram\u2022 Sk\u00f6n stretch\u2022 Raka ben med uppvik\u2022 Normala i storlek \ud83c\udfa8 F\u00e4rger:RosaBl\u00e5\u00a0 Gr\u00f6n \ud83d\udccf Storlekar:S\/ML\/XL En riktig favoritbyxa som \u00e4r l\u00e4tt att matcha med toppar, blusar eller stickat f\u00f6r en snygg och bekv\u00e4m outfit. \ud83d\udcab","og_url":"https:\/\/stilanddesign.se\/en\/product\/\ud83c\udf38-magiska-byxor-caramell-fashion-\ud83c\udf38-3\/","og_site_name":"Stil &amp; Design","article_modified_time":"2026-04-21T10:45:02+00:00","og_image":[{"width":382,"height":640,"url":"https:\/\/stilanddesign.se\/wp-content\/uploads\/2026\/03\/7767655555555555555.jpeg","type":"image\/jpeg"}],"twitter_card":"summary_large_image","twitter_misc":{"Est. reading time":"1 minute"},"schema":{"@context":"https:\/\/schema.org","@graph":[{"@type":"WebPage","@id":"https:\/\/stilanddesign.se\/produkt\/%f0%9f%8c%b8-magiska-byxor-caramell-fashion-%f0%9f%8c%b8-3\/","url":"https:\/\/stilanddesign.se\/produkt\/%f0%9f%8c%b8-magiska-byxor-caramell-fashion-%f0%9f%8c%b8-3\/","name":"\ud83c\udf38 Magiska Byxor \u2013 Caramell Fashion \ud83c\udf38 - Stil &amp; Design","isPartOf":{"@id":"https:\/\/stilanddesign.se\/#website"},"primaryImageOfPage":{"@id":"https:\/\/stilanddesign.se\/produkt\/%f0%9f%8c%b8-magiska-byxor-caramell-fashion-%f0%9f%8c%b8-3\/#primaryimage"},"image":{"@id":"https:\/\/stilanddesign.se\/produkt\/%f0%9f%8c%b8-magiska-byxor-caramell-fashion-%f0%9f%8c%b8-3\/#primaryimage"},"thumbnailUrl":"https:\/\/stilanddesign.se\/wp-content\/uploads\/2026\/03\/7767655555555555555.jpeg","datePublished":"2026-04-20T13:20:16+00:00","dateModified":"2026-04-21T10:45:02+00:00","breadcrumb":{"@id":"https:\/\/stilanddesign.se\/produkt\/%f0%9f%8c%b8-magiska-byxor-caramell-fashion-%f0%9f%8c%b8-3\/#breadcrumb"},"inLanguage":"en-US","potentialAction":[{"@type":"ReadAction","target":["https:\/\/stilanddesign.se\/produkt\/%f0%9f%8c%b8-magiska-byxor-caramell-fashion-%f0%9f%8c%b8-3\/"]}]},{"@type":"ImageObject","inLanguage":"en-US","@id":"https:\/\/stilanddesign.se\/produkt\/%f0%9f%8c%b8-magiska-byxor-caramell-fashion-%f0%9f%8c%b8-3\/#primaryimage","url":"https:\/\/stilanddesign.se\/wp-content\/uploads\/2026\/03\/7767655555555555555.jpeg","contentUrl":"https:\/\/stilanddesign.se\/wp-content\/uploads\/2026\/03\/7767655555555555555.jpeg","width":382,"height":640,"caption":"Magiska byxor i gr\u00f6nt och vitt"},{"@type":"BreadcrumbList","@id":"https:\/\/stilanddesign.se\/produkt\/%f0%9f%8c%b8-magiska-byxor-caramell-fashion-%f0%9f%8c%b8-3\/#breadcrumb","itemListElement":[{"@type":"ListItem","position":1,"name":"Hem","item":"https:\/\/stilanddesign.se\/"},{"@type":"ListItem","position":2,"name":"Butiken","item":"https:\/\/stilanddesign.se\/butiken\/"},{"@type":"ListItem","position":3,"name":"\ud83c\udf38 Magiska Byxor \u2013 Caramell Fashion \ud83c\udf38"}]},{"@type":"WebSite","@id":"https:\/\/stilanddesign.se\/#website","url":"https:\/\/stilanddesign.se\/","name":"Style &amp; Design","description":"For those of us who love fashion!","publisher":{"@id":"https:\/\/stilanddesign.se\/#organization"},"potentialAction":[{"@type":"SearchAction","target":{"@type":"EntryPoint","urlTemplate":"https:\/\/stilanddesign.se\/?s={search_term_string}"},"query-input":{"@type":"PropertyValueSpecification","valueRequired":true,"valueName":"search_term_string"}}],"inLanguage":"en-US"},{"@type":"Organization","@id":"https:\/\/stilanddesign.se\/#organization","name":"Style &amp; Design","url":"https:\/\/stilanddesign.se\/","logo":{"@type":"ImageObject","inLanguage":"en-US","@id":"https:\/\/stilanddesign.se\/#\/schema\/logo\/image\/","url":"https:\/\/stilanddesign.se\/wp-content\/uploads\/2023\/12\/output-onlinepngtools-e1727784413220.png","contentUrl":"https:\/\/stilanddesign.se\/wp-content\/uploads\/2023\/12\/output-onlinepngtools-e1727784413220.png","width":519,"height":135,"caption":"Stil &amp; Design"},"image":{"@id":"https:\/\/stilanddesign.se\/#\/schema\/logo\/image\/"}}]}},"_links":{"self":[{"href":"https:\/\/stilanddesign.se\/en\/wp-json\/wp\/v2\/product\/1070380","targetHints":{"allow":["GET"]}}],"collection":[{"href":"https:\/\/stilanddesign.se\/en\/wp-json\/wp\/v2\/product"}],"about":[{"href":"https:\/\/stilanddesign.se\/en\/wp-json\/wp\/v2\/types\/product"}],"replies":[{"embeddable":true,"href":"https:\/\/stilanddesign.se\/en\/wp-json\/wp\/v2\/comments?post=1070380"}],"wp:featuredmedia":[{"embeddable":true,"href":"https:\/\/stilanddesign.se\/en\/wp-json\/wp\/v2\/media\/1070379"}],"wp:attachment":[{"href":"https:\/\/stilanddesign.se\/en\/wp-json\/wp\/v2\/media?parent=1070380"}],"wp:term":[{"taxonomy":"product_brand","embeddable":true,"href":"https:\/\/stilanddesign.se\/en\/wp-json\/wp\/v2\/product_brand?post=1070380"},{"taxonomy":"product_cat","embeddable":true,"href":"https:\/\/stilanddesign.se\/en\/wp-json\/wp\/v2\/product_cat?post=1070380"},{"taxonomy":"product_tag","embeddable":true,"href":"https:\/\/stilanddesign.se\/en\/wp-json\/wp\/v2\/product_tag?post=1070380"}],"curies":[{"name":"wp","href":"https:\/\/api.w.org\/{rel}","templated":true}]}}