{"id":1070276,"date":"2026-04-29T14:03:41","date_gmt":"2026-04-29T12:03:41","guid":{"rendered":"https:\/\/stilanddesign.se\/?post_type=product&#038;p=1070276"},"modified":"2026-04-30T15:05:00","modified_gmt":"2026-04-30T13:05:00","slug":"%f0%9f%92%99-stickad-kofta-zabaione-%f0%9f%92%99","status":"publish","type":"product","link":"https:\/\/stilanddesign.se\/en\/product\/%f0%9f%92%99-stickad-kofta-zabaione-%f0%9f%92%99\/","title":{"rendered":"\ud83d\udc99 Knitted Cardigan \u2013 Zabaione \ud83d\udc99"},"content":{"rendered":"<p data-start=\"0\" data-end=\"36\">\ud83d\udc99 <strong data-start=\"3\" data-end=\"31\">Knitted Cardigan \u2013 Zabaione<\/strong> \ud83d\udc99<\/p>\n<p data-start=\"38\" data-end=\"253\">A <strong data-start=\"41\" data-end=\"93\">super nice and trendy knitted cardigan from Zabaione<\/strong> with a decorative pattern in blue and beige that really stands out \u2728 Perfect to throw over a top or dress for a casual but stylish look \ud83e\udd0d<\/p>\n<p data-start=\"255\" data-end=\"422\">The cardigan has a <strong data-start=\"269\" data-end=\"294\">airy, crocheted feel<\/strong> with buttons at the front and a comfortable fit. The shorter model and wide sleeves give a modern and feminine look \ud83d\udcab<\/p>\n<p data-start=\"424\" data-end=\"569\">\u2728 <strong data-start=\"426\" data-end=\"439\">Details:<\/strong><br data-start=\"439\" data-end=\"442\" \/>\u2022 Beautiful knitted\/crocheted pattern<br data-start=\"474\" data-end=\"477\" \/>\u2022 Buttons at the front<br data-start=\"495\" data-end=\"498\" \/>\u2022 3\/4-length sleeves<br data-start=\"512\" data-end=\"515\" \/>\u2022 Airy and comfortable fit<br data-start=\"543\" data-end=\"546\" \/>\u2022 Trendy short model<\/p>\n<p data-start=\"571\" data-end=\"597\">\ud83c\udfa8 <strong data-start=\"574\" data-end=\"583\">Paint:<\/strong><br data-start=\"583\" data-end=\"586\" \/>Blue\/Beige<\/p>\n<p data-start=\"599\" data-end=\"631\">\ud83d\udccf <strong data-start=\"602\" data-end=\"616\">Sizes:<\/strong><br data-start=\"616\" data-end=\"619\" \/>S\/M<br data-start=\"622\" data-end=\"625\" \/>L\/XL<\/p>\n<p data-start=\"633\" data-end=\"668\">\ud83e\uddf5 <strong data-start=\"636\" data-end=\"649\">Material:<\/strong><br data-start=\"649\" data-end=\"652\" \/>100% polyacrylic<\/p>\n<p data-start=\"670\" data-end=\"700\">\ud83e\uddfc <strong data-start=\"673\" data-end=\"686\">Washing instructions:<\/strong><br data-start=\"686\" data-end=\"689\" \/>30 degrees<\/p>\n<p data-start=\"702\" data-end=\"790\" data-is-last-node=\"\" data-is-only-node=\"\">A <strong data-start=\"705\" data-end=\"741\">perfect cardigan for layering<\/strong> which gives your outfit a stylish and summery touch \ud83d\udc99\u2728<\/p>","protected":false},"excerpt":{"rendered":"<p data-start=\"0\" data-end=\"36\">\ud83d\udc99 <strong data-start=\"3\" data-end=\"31\">Knitted Cardigan \u2013 Zabaione<\/strong> \ud83d\udc99<\/p>\n<p data-start=\"38\" data-end=\"253\">A <strong data-start=\"41\" data-end=\"93\">super nice and trendy knitted cardigan from Zabaione<\/strong> with a decorative pattern in blue and beige that really stands out \u2728 Perfect to throw over a top or dress for a casual but stylish look \ud83e\udd0d<\/p>\n<p data-start=\"255\" data-end=\"422\">The cardigan has a <strong data-start=\"269\" data-end=\"294\">airy, crocheted feel<\/strong> with buttons at the front and a comfortable fit. The shorter model and wide sleeves give a modern and feminine look \ud83d\udcab<\/p>\n<p data-start=\"424\" data-end=\"569\">\u2728 <strong data-start=\"426\" data-end=\"439\">Details:<\/strong><br data-start=\"439\" data-end=\"442\" \/>\u2022 Beautiful knitted\/crocheted pattern<br data-start=\"474\" data-end=\"477\" \/>\u2022 Buttons at the front<br data-start=\"495\" data-end=\"498\" \/>\u2022 3\/4-length sleeves<br data-start=\"512\" data-end=\"515\" \/>\u2022 Airy and comfortable fit<br data-start=\"543\" data-end=\"546\" \/>\u2022 Trendy short model<\/p>\n<p data-start=\"571\" data-end=\"597\">\ud83c\udfa8 <strong data-start=\"574\" data-end=\"583\">Paint:<\/strong><br data-start=\"583\" data-end=\"586\" \/>Blue\/Beige<\/p>\n<p data-start=\"599\" data-end=\"631\">\ud83d\udccf <strong data-start=\"602\" data-end=\"616\">Sizes:<\/strong><br data-start=\"616\" data-end=\"619\" \/>S\/M<br data-start=\"622\" data-end=\"625\" \/>L\/XL<\/p>\n<p data-start=\"633\" data-end=\"668\">\ud83e\uddf5 <strong data-start=\"636\" data-end=\"649\">Material:<\/strong><br data-start=\"649\" data-end=\"652\" \/>100% polyacrylic<\/p>\n<p data-start=\"670\" data-end=\"700\">\ud83e\uddfc <strong data-start=\"673\" data-end=\"686\">Washing instructions:<\/strong><br data-start=\"686\" data-end=\"689\" \/>30 degrees<\/p>\n<p data-start=\"702\" data-end=\"790\" data-is-last-node=\"\" data-is-only-node=\"\">A <strong data-start=\"705\" data-end=\"741\">perfect cardigan for layering<\/strong> which gives your outfit a stylish and summery touch \ud83d\udc99\u2728<\/p>","protected":false},"featured_media":1070281,"comment_status":"closed","ping_status":"closed","template":"","meta":[],"product_brand":[],"product_cat":[226,217],"product_tag":[],"class_list":{"0":"post-1070276","1":"product","2":"type-product","3":"status-publish","4":"has-post-thumbnail","6":"product_cat-koftor-stickade-koftor","7":"product_cat-produktnyheter","9":"first","10":"instock","11":"taxable","12":"shipping-taxable","13":"purchasable","14":"product-type-variable"},"yoast_head":"<!-- This site is optimized with the Yoast SEO Premium plugin v27.4 (Yoast SEO v27.5) - https:\/\/yoast.com\/product\/yoast-seo-premium-wordpress\/ -->\n<title>\ud83d\udc99 Stickad Kofta \u2013 Zabaione \ud83d\udc99 - Stil &amp; Design<\/title>\n<meta name=\"robots\" content=\"index, follow, max-snippet:-1, max-image-preview:large, max-video-preview:-1\" \/>\n<link rel=\"canonical\" href=\"https:\/\/stilanddesign.se\/en\/product\/\ud83d\udc99-stickad-kofta-zabaione-\ud83d\udc99\/\" \/>\n<meta property=\"og:locale\" content=\"en_US\" \/>\n<meta property=\"og:type\" content=\"article\" \/>\n<meta property=\"og:title\" content=\"\ud83d\udc99 Stickad Kofta \u2013 Zabaione \ud83d\udc99\" \/>\n<meta property=\"og:description\" content=\"\ud83d\udc99 Stickad Kofta \u2013 Zabaione \ud83d\udc99 En superfin och trendig stickad kofta fr\u00e5n Zabaione med ett dekorativt m\u00f6nster i bl\u00e5tt och beige som verkligen sticker ut \u2728 Perfekt att sl\u00e4nga \u00f6ver en topp eller kl\u00e4nning f\u00f6r en avslappnad men stilfull look \ud83e\udd0d Koftan har en luftig, virkad k\u00e4nsla med knappar framtill och en bekv\u00e4m passform. Den kortare modellen och de vida \u00e4rmarna ger ett modernt och feminint uttryck \ud83d\udcab \u2728 Detaljer:\u2022 Vackert stickat\/virkat m\u00f6nster\u2022 Knappar framtill\u2022 3\/4-l\u00e5ng \u00e4rm\u2022 Luftig och bekv\u00e4m passform\u2022 Trendig kort modell \ud83c\udfa8 F\u00e4rg:Bl\u00e5\/Beige \ud83d\udccf Storlekar:S\/ML\/XL \ud83e\uddf5 Material:100% polyakryl \ud83e\uddfc Tv\u00e4ttr\u00e5d:30 grader En perfekt kofta f\u00f6r lager-p\u00e5-lager som ger din outfit en snygg och somrig touch \ud83d\udc99\u2728\" \/>\n<meta property=\"og:url\" content=\"https:\/\/stilanddesign.se\/en\/product\/\ud83d\udc99-stickad-kofta-zabaione-\ud83d\udc99\/\" \/>\n<meta property=\"og:site_name\" content=\"Stil &amp; Design\" \/>\n<meta property=\"article:modified_time\" content=\"2026-04-30T13:05:00+00:00\" \/>\n<meta property=\"og:image\" content=\"https:\/\/stilanddesign.se\/wp-content\/uploads\/2026\/03\/4070709123245_1.jpg\" \/>\n\t<meta property=\"og:image:width\" content=\"889\" \/>\n\t<meta property=\"og:image:height\" content=\"1280\" \/>\n\t<meta property=\"og:image:type\" content=\"image\/jpeg\" \/>\n<meta name=\"twitter:card\" content=\"summary_large_image\" \/>\n<meta name=\"twitter:label1\" content=\"Est. reading time\" \/>\n\t<meta name=\"twitter:data1\" content=\"1 minute\" \/>\n<script type=\"application\/ld+json\" class=\"yoast-schema-graph\">{\"@context\":\"https:\\\/\\\/schema.org\",\"@graph\":[{\"@type\":\"WebPage\",\"@id\":\"https:\\\/\\\/stilanddesign.se\\\/produkt\\\/%f0%9f%92%99-stickad-kofta-zabaione-%f0%9f%92%99\\\/\",\"url\":\"https:\\\/\\\/stilanddesign.se\\\/produkt\\\/%f0%9f%92%99-stickad-kofta-zabaione-%f0%9f%92%99\\\/\",\"name\":\"\ud83d\udc99 Stickad Kofta \u2013 Zabaione \ud83d\udc99 - Stil &amp; Design\",\"isPartOf\":{\"@id\":\"https:\\\/\\\/stilanddesign.se\\\/#website\"},\"primaryImageOfPage\":{\"@id\":\"https:\\\/\\\/stilanddesign.se\\\/produkt\\\/%f0%9f%92%99-stickad-kofta-zabaione-%f0%9f%92%99\\\/#primaryimage\"},\"image\":{\"@id\":\"https:\\\/\\\/stilanddesign.se\\\/produkt\\\/%f0%9f%92%99-stickad-kofta-zabaione-%f0%9f%92%99\\\/#primaryimage\"},\"thumbnailUrl\":\"https:\\\/\\\/stilanddesign.se\\\/wp-content\\\/uploads\\\/2026\\\/03\\\/4070709123245_1.jpg\",\"datePublished\":\"2026-04-29T12:03:41+00:00\",\"dateModified\":\"2026-04-30T13:05:00+00:00\",\"breadcrumb\":{\"@id\":\"https:\\\/\\\/stilanddesign.se\\\/produkt\\\/%f0%9f%92%99-stickad-kofta-zabaione-%f0%9f%92%99\\\/#breadcrumb\"},\"inLanguage\":\"en-US\",\"potentialAction\":[{\"@type\":\"ReadAction\",\"target\":[\"https:\\\/\\\/stilanddesign.se\\\/produkt\\\/%f0%9f%92%99-stickad-kofta-zabaione-%f0%9f%92%99\\\/\"]}]},{\"@type\":\"ImageObject\",\"inLanguage\":\"en-US\",\"@id\":\"https:\\\/\\\/stilanddesign.se\\\/produkt\\\/%f0%9f%92%99-stickad-kofta-zabaione-%f0%9f%92%99\\\/#primaryimage\",\"url\":\"https:\\\/\\\/stilanddesign.se\\\/wp-content\\\/uploads\\\/2026\\\/03\\\/4070709123245_1.jpg\",\"contentUrl\":\"https:\\\/\\\/stilanddesign.se\\\/wp-content\\\/uploads\\\/2026\\\/03\\\/4070709123245_1.jpg\",\"width\":889,\"height\":1280},{\"@type\":\"BreadcrumbList\",\"@id\":\"https:\\\/\\\/stilanddesign.se\\\/produkt\\\/%f0%9f%92%99-stickad-kofta-zabaione-%f0%9f%92%99\\\/#breadcrumb\",\"itemListElement\":[{\"@type\":\"ListItem\",\"position\":1,\"name\":\"Hem\",\"item\":\"https:\\\/\\\/stilanddesign.se\\\/\"},{\"@type\":\"ListItem\",\"position\":2,\"name\":\"Butiken\",\"item\":\"https:\\\/\\\/stilanddesign.se\\\/butiken\\\/\"},{\"@type\":\"ListItem\",\"position\":3,\"name\":\"\ud83d\udc99 Stickad Kofta \u2013 Zabaione \ud83d\udc99\"}]},{\"@type\":\"WebSite\",\"@id\":\"https:\\\/\\\/stilanddesign.se\\\/#website\",\"url\":\"https:\\\/\\\/stilanddesign.se\\\/\",\"name\":\"Stil &amp; Design\",\"description\":\"F\u00f6r oss som \u00e4lskar mode!\",\"publisher\":{\"@id\":\"https:\\\/\\\/stilanddesign.se\\\/#organization\"},\"potentialAction\":[{\"@type\":\"SearchAction\",\"target\":{\"@type\":\"EntryPoint\",\"urlTemplate\":\"https:\\\/\\\/stilanddesign.se\\\/?s={search_term_string}\"},\"query-input\":{\"@type\":\"PropertyValueSpecification\",\"valueRequired\":true,\"valueName\":\"search_term_string\"}}],\"inLanguage\":\"en-US\"},{\"@type\":\"Organization\",\"@id\":\"https:\\\/\\\/stilanddesign.se\\\/#organization\",\"name\":\"Stil &amp; Design\",\"url\":\"https:\\\/\\\/stilanddesign.se\\\/\",\"logo\":{\"@type\":\"ImageObject\",\"inLanguage\":\"en-US\",\"@id\":\"https:\\\/\\\/stilanddesign.se\\\/#\\\/schema\\\/logo\\\/image\\\/\",\"url\":\"https:\\\/\\\/stilanddesign.se\\\/wp-content\\\/uploads\\\/2023\\\/12\\\/output-onlinepngtools-e1727784413220.png\",\"contentUrl\":\"https:\\\/\\\/stilanddesign.se\\\/wp-content\\\/uploads\\\/2023\\\/12\\\/output-onlinepngtools-e1727784413220.png\",\"width\":519,\"height\":135,\"caption\":\"Stil &amp; Design\"},\"image\":{\"@id\":\"https:\\\/\\\/stilanddesign.se\\\/#\\\/schema\\\/logo\\\/image\\\/\"}}]}<\/script>\n<!-- \/ Yoast SEO Premium plugin. -->","yoast_head_json":{"title":"\ud83d\udc99 Stickad Kofta \u2013 Zabaione \ud83d\udc99 - Stil &amp; Design","robots":{"index":"index","follow":"follow","max-snippet":"max-snippet:-1","max-image-preview":"max-image-preview:large","max-video-preview":"max-video-preview:-1"},"canonical":"https:\/\/stilanddesign.se\/en\/product\/\ud83d\udc99-stickad-kofta-zabaione-\ud83d\udc99\/","og_locale":"en_US","og_type":"article","og_title":"\ud83d\udc99 Stickad Kofta \u2013 Zabaione \ud83d\udc99","og_description":"\ud83d\udc99 Stickad Kofta \u2013 Zabaione \ud83d\udc99 En superfin och trendig stickad kofta fr\u00e5n Zabaione med ett dekorativt m\u00f6nster i bl\u00e5tt och beige som verkligen sticker ut \u2728 Perfekt att sl\u00e4nga \u00f6ver en topp eller kl\u00e4nning f\u00f6r en avslappnad men stilfull look \ud83e\udd0d Koftan har en luftig, virkad k\u00e4nsla med knappar framtill och en bekv\u00e4m passform. Den kortare modellen och de vida \u00e4rmarna ger ett modernt och feminint uttryck \ud83d\udcab \u2728 Detaljer:\u2022 Vackert stickat\/virkat m\u00f6nster\u2022 Knappar framtill\u2022 3\/4-l\u00e5ng \u00e4rm\u2022 Luftig och bekv\u00e4m passform\u2022 Trendig kort modell \ud83c\udfa8 F\u00e4rg:Bl\u00e5\/Beige \ud83d\udccf Storlekar:S\/ML\/XL \ud83e\uddf5 Material:100% polyakryl \ud83e\uddfc Tv\u00e4ttr\u00e5d:30 grader En perfekt kofta f\u00f6r lager-p\u00e5-lager som ger din outfit en snygg och somrig touch \ud83d\udc99\u2728","og_url":"https:\/\/stilanddesign.se\/en\/product\/\ud83d\udc99-stickad-kofta-zabaione-\ud83d\udc99\/","og_site_name":"Stil &amp; Design","article_modified_time":"2026-04-30T13:05:00+00:00","og_image":[{"width":889,"height":1280,"url":"https:\/\/stilanddesign.se\/wp-content\/uploads\/2026\/03\/4070709123245_1.jpg","type":"image\/jpeg"}],"twitter_card":"summary_large_image","twitter_misc":{"Est. reading time":"1 minute"},"schema":{"@context":"https:\/\/schema.org","@graph":[{"@type":"WebPage","@id":"https:\/\/stilanddesign.se\/produkt\/%f0%9f%92%99-stickad-kofta-zabaione-%f0%9f%92%99\/","url":"https:\/\/stilanddesign.se\/produkt\/%f0%9f%92%99-stickad-kofta-zabaione-%f0%9f%92%99\/","name":"\ud83d\udc99 Stickad Kofta \u2013 Zabaione \ud83d\udc99 - Stil &amp; Design","isPartOf":{"@id":"https:\/\/stilanddesign.se\/#website"},"primaryImageOfPage":{"@id":"https:\/\/stilanddesign.se\/produkt\/%f0%9f%92%99-stickad-kofta-zabaione-%f0%9f%92%99\/#primaryimage"},"image":{"@id":"https:\/\/stilanddesign.se\/produkt\/%f0%9f%92%99-stickad-kofta-zabaione-%f0%9f%92%99\/#primaryimage"},"thumbnailUrl":"https:\/\/stilanddesign.se\/wp-content\/uploads\/2026\/03\/4070709123245_1.jpg","datePublished":"2026-04-29T12:03:41+00:00","dateModified":"2026-04-30T13:05:00+00:00","breadcrumb":{"@id":"https:\/\/stilanddesign.se\/produkt\/%f0%9f%92%99-stickad-kofta-zabaione-%f0%9f%92%99\/#breadcrumb"},"inLanguage":"en-US","potentialAction":[{"@type":"ReadAction","target":["https:\/\/stilanddesign.se\/produkt\/%f0%9f%92%99-stickad-kofta-zabaione-%f0%9f%92%99\/"]}]},{"@type":"ImageObject","inLanguage":"en-US","@id":"https:\/\/stilanddesign.se\/produkt\/%f0%9f%92%99-stickad-kofta-zabaione-%f0%9f%92%99\/#primaryimage","url":"https:\/\/stilanddesign.se\/wp-content\/uploads\/2026\/03\/4070709123245_1.jpg","contentUrl":"https:\/\/stilanddesign.se\/wp-content\/uploads\/2026\/03\/4070709123245_1.jpg","width":889,"height":1280},{"@type":"BreadcrumbList","@id":"https:\/\/stilanddesign.se\/produkt\/%f0%9f%92%99-stickad-kofta-zabaione-%f0%9f%92%99\/#breadcrumb","itemListElement":[{"@type":"ListItem","position":1,"name":"Hem","item":"https:\/\/stilanddesign.se\/"},{"@type":"ListItem","position":2,"name":"Butiken","item":"https:\/\/stilanddesign.se\/butiken\/"},{"@type":"ListItem","position":3,"name":"\ud83d\udc99 Stickad Kofta \u2013 Zabaione \ud83d\udc99"}]},{"@type":"WebSite","@id":"https:\/\/stilanddesign.se\/#website","url":"https:\/\/stilanddesign.se\/","name":"Style &amp; Design","description":"For those of us who love fashion!","publisher":{"@id":"https:\/\/stilanddesign.se\/#organization"},"potentialAction":[{"@type":"SearchAction","target":{"@type":"EntryPoint","urlTemplate":"https:\/\/stilanddesign.se\/?s={search_term_string}"},"query-input":{"@type":"PropertyValueSpecification","valueRequired":true,"valueName":"search_term_string"}}],"inLanguage":"en-US"},{"@type":"Organization","@id":"https:\/\/stilanddesign.se\/#organization","name":"Style &amp; Design","url":"https:\/\/stilanddesign.se\/","logo":{"@type":"ImageObject","inLanguage":"en-US","@id":"https:\/\/stilanddesign.se\/#\/schema\/logo\/image\/","url":"https:\/\/stilanddesign.se\/wp-content\/uploads\/2023\/12\/output-onlinepngtools-e1727784413220.png","contentUrl":"https:\/\/stilanddesign.se\/wp-content\/uploads\/2023\/12\/output-onlinepngtools-e1727784413220.png","width":519,"height":135,"caption":"Stil &amp; Design"},"image":{"@id":"https:\/\/stilanddesign.se\/#\/schema\/logo\/image\/"}}]}},"_links":{"self":[{"href":"https:\/\/stilanddesign.se\/en\/wp-json\/wp\/v2\/product\/1070276","targetHints":{"allow":["GET"]}}],"collection":[{"href":"https:\/\/stilanddesign.se\/en\/wp-json\/wp\/v2\/product"}],"about":[{"href":"https:\/\/stilanddesign.se\/en\/wp-json\/wp\/v2\/types\/product"}],"replies":[{"embeddable":true,"href":"https:\/\/stilanddesign.se\/en\/wp-json\/wp\/v2\/comments?post=1070276"}],"wp:featuredmedia":[{"embeddable":true,"href":"https:\/\/stilanddesign.se\/en\/wp-json\/wp\/v2\/media\/1070281"}],"wp:attachment":[{"href":"https:\/\/stilanddesign.se\/en\/wp-json\/wp\/v2\/media?parent=1070276"}],"wp:term":[{"taxonomy":"product_brand","embeddable":true,"href":"https:\/\/stilanddesign.se\/en\/wp-json\/wp\/v2\/product_brand?post=1070276"},{"taxonomy":"product_cat","embeddable":true,"href":"https:\/\/stilanddesign.se\/en\/wp-json\/wp\/v2\/product_cat?post=1070276"},{"taxonomy":"product_tag","embeddable":true,"href":"https:\/\/stilanddesign.se\/en\/wp-json\/wp\/v2\/product_tag?post=1070276"}],"curies":[{"name":"wp","href":"https:\/\/api.w.org\/{rel}","templated":true}]}}