{"id":1070257,"date":"2026-03-27T14:40:44","date_gmt":"2026-03-27T13:40:44","guid":{"rendered":"https:\/\/stilanddesign.se\/?post_type=product&#038;p=1070257"},"modified":"2026-04-09T13:26:09","modified_gmt":"2026-04-09T11:26:09","slug":"%f0%9f%a4%8d-spetstopp-zabaione-%f0%9f%a4%8d","status":"publish","type":"product","link":"https:\/\/stilanddesign.se\/en\/product\/%f0%9f%a4%8d-spetstopp-zabaione-%f0%9f%a4%8d\/","title":{"rendered":"\ud83e\udd0d Lace top \u2013 Zabaione \ud83e\udd0d"},"content":{"rendered":"<p data-start=\"0\" data-end=\"32\">\ud83e\udd0d <strong data-start=\"3\" data-end=\"27\">Lace top \u2013 Zabaione<\/strong> \ud83e\udd0d<\/p>\n<p data-start=\"34\" data-end=\"230\">A <strong data-start=\"37\" data-end=\"83\">beautiful and feminine lace top from Zabaione<\/strong> with an elegant pattern that really stands out \u2728 Perfect for both everyday wear and parties \u2013 just as nice with jeans as with a skirt or dress pants \ud83d\udcab<\/p>\n<p data-start=\"232\" data-end=\"393\">The top has a <strong data-start=\"246\" data-end=\"265\">airy fit<\/strong> and a decorative lace pattern that gives a romantic and stylish feel \ud83d\udc95 The bold edge at the bottom gives an extra nice detail.<\/p>\n<p data-start=\"395\" data-end=\"513\">\u2728 <strong data-start=\"397\" data-end=\"410\">Details:<\/strong><br data-start=\"410\" data-end=\"413\" \/>\u2022 Beautiful lace pattern<br data-start=\"435\" data-end=\"438\" \/>\u2022 Round neckline<br data-start=\"457\" data-end=\"460\" \/>\u2022 Light and airy model<br data-start=\"484\" data-end=\"487\" \/>\u2022 Decorative edge at the bottom<\/p>\n<p data-start=\"515\" data-end=\"535\">\ud83c\udfa8 <strong data-start=\"518\" data-end=\"527\">Paint:<\/strong><br data-start=\"527\" data-end=\"530\" \/>White<\/p>\n<p data-start=\"537\" data-end=\"579\">\ud83d\udccf <strong data-start=\"540\" data-end=\"554\">Sizes:<\/strong><br data-start=\"554\" data-end=\"557\" \/>S \/ M \/ L \/ XL \/ XXL<\/p>\n<p data-start=\"581\" data-end=\"616\">\ud83e\uddf5 <strong data-start=\"584\" data-end=\"597\">Material:<\/strong><br data-start=\"597\" data-end=\"600\" \/>100% polyester<\/p>\n<p data-start=\"618\" data-end=\"648\">\ud83e\uddfc <strong data-start=\"621\" data-end=\"634\">Washing instructions:<\/strong><br data-start=\"634\" data-end=\"637\" \/>30 degrees<\/p>\n<p data-start=\"650\" data-end=\"719\" data-is-last-node=\"\" data-is-only-node=\"\">A <strong data-start=\"653\" data-end=\"680\">timeless and elegant top<\/strong> that lifts any outfit \ud83e\udd0d\u2728<\/p>","protected":false},"excerpt":{"rendered":"<p data-start=\"0\" data-end=\"32\">\ud83e\udd0d <strong data-start=\"3\" data-end=\"27\">Lace top \u2013 Zabaione<\/strong> \ud83e\udd0d<\/p>\n<p data-start=\"34\" data-end=\"230\">A <strong data-start=\"37\" data-end=\"83\">beautiful and feminine lace top from Zabaione<\/strong> with an elegant pattern that really stands out \u2728 Perfect for both everyday wear and parties \u2013 just as nice with jeans as with a skirt or dress pants \ud83d\udcab<\/p>\n<p data-start=\"232\" data-end=\"393\">The top has a <strong data-start=\"246\" data-end=\"265\">airy fit<\/strong> and a decorative lace pattern that gives a romantic and stylish feel \ud83d\udc95 The bold edge at the bottom gives an extra nice detail.<\/p>\n<p data-start=\"395\" data-end=\"513\">\u2728 <strong data-start=\"397\" data-end=\"410\">Details:<\/strong><br data-start=\"410\" data-end=\"413\" \/>\u2022 Beautiful lace pattern<br data-start=\"435\" data-end=\"438\" \/>\u2022 Round neckline<br data-start=\"457\" data-end=\"460\" \/>\u2022 Light and airy model<br data-start=\"484\" data-end=\"487\" \/>\u2022 Decorative edge at the bottom<\/p>\n<p data-start=\"515\" data-end=\"535\">\ud83c\udfa8 <strong data-start=\"518\" data-end=\"527\">Paint:<\/strong><br data-start=\"527\" data-end=\"530\" \/>White<\/p>\n<p data-start=\"537\" data-end=\"579\">\ud83d\udccf <strong data-start=\"540\" data-end=\"554\">Sizes:<\/strong><br data-start=\"554\" data-end=\"557\" \/>S \/ M \/ L \/ XL \/ XXL<\/p>\n<p data-start=\"581\" data-end=\"616\">\ud83e\uddf5 <strong data-start=\"584\" data-end=\"597\">Material:<\/strong><br data-start=\"597\" data-end=\"600\" \/>100% polyester<\/p>\n<p data-start=\"618\" data-end=\"648\">\ud83e\uddfc <strong data-start=\"621\" data-end=\"634\">Washing instructions:<\/strong><br data-start=\"634\" data-end=\"637\" \/>30 degrees<\/p>\n<p data-start=\"650\" data-end=\"719\" data-is-last-node=\"\" data-is-only-node=\"\">A <strong data-start=\"653\" data-end=\"680\">timeless and elegant top<\/strong> that lifts any outfit \ud83e\udd0d\u2728<\/p>","protected":false},"featured_media":1070264,"comment_status":"closed","ping_status":"closed","template":"","meta":[],"product_brand":[],"product_cat":[205,222],"product_tag":[],"class_list":{"0":"post-1070257","1":"product","2":"type-product","3":"status-publish","4":"has-post-thumbnail","6":"product_cat-linne","7":"product_cat-toppar-tischor","9":"first","10":"instock","11":"taxable","12":"shipping-taxable","13":"purchasable","14":"product-type-variable"},"yoast_head":"<!-- This site is optimized with the Yoast SEO Premium plugin v27.1 (Yoast SEO v27.4) - https:\/\/yoast.com\/product\/yoast-seo-premium-wordpress\/ -->\n<title>\ud83e\udd0d Spetstopp \u2013 Zabaione \ud83e\udd0d - Stil &amp; Design<\/title>\n<meta name=\"robots\" content=\"index, follow, max-snippet:-1, max-image-preview:large, max-video-preview:-1\" \/>\n<link rel=\"canonical\" href=\"https:\/\/stilanddesign.se\/en\/product\/\ud83e\udd0d-spetstopp-zabaione-\ud83e\udd0d\/\" \/>\n<meta property=\"og:locale\" content=\"en_US\" \/>\n<meta property=\"og:type\" content=\"article\" \/>\n<meta property=\"og:title\" content=\"\ud83e\udd0d Spetstopp \u2013 Zabaione \ud83e\udd0d\" \/>\n<meta property=\"og:description\" content=\"\ud83e\udd0d Spetstopp \u2013 Zabaione \ud83e\udd0d En vacker och feminin spetstopp fr\u00e5n Zabaione med ett elegant m\u00f6nster som verkligen sticker ut \u2728 Perfekt b\u00e5de till vardag och fest \u2013 lika fin till jeans som till kjol eller dressade byxor \ud83d\udcab Toppen har en luftig passform och ett dekorativt spetsm\u00f6nster som ger en romantisk och stilren k\u00e4nsla \ud83d\udc95 Den v\u00e5gade kanten nedtill ger en extra fin detalj. \u2728 Detaljer:\u2022 Vackert spetsm\u00f6nster\u2022 Rund halsringning\u2022 L\u00e4tt och luftig modell\u2022 Dekorativ kant nedtill \ud83c\udfa8 F\u00e4rg:Vit \ud83d\udccf Storlekar:S \/ M \/ L \/ XL \/ XXL \ud83e\uddf5 Material:100% polyester \ud83e\uddfc Tv\u00e4ttr\u00e5d:30 grader En tidl\u00f6s och elegant topp som lyfter vilken outfit som helst \ud83e\udd0d\u2728\" \/>\n<meta property=\"og:url\" content=\"https:\/\/stilanddesign.se\/en\/product\/\ud83e\udd0d-spetstopp-zabaione-\ud83e\udd0d\/\" \/>\n<meta property=\"og:site_name\" content=\"Stil &amp; Design\" \/>\n<meta property=\"article:modified_time\" content=\"2026-04-09T11:26:09+00:00\" \/>\n<meta property=\"og:image\" content=\"https:\/\/stilanddesign.se\/wp-content\/uploads\/2026\/03\/4068696953174_1.jpg\" \/>\n\t<meta property=\"og:image:width\" content=\"889\" \/>\n\t<meta property=\"og:image:height\" content=\"1280\" \/>\n\t<meta property=\"og:image:type\" content=\"image\/jpeg\" \/>\n<meta name=\"twitter:card\" content=\"summary_large_image\" \/>\n<meta name=\"twitter:label1\" content=\"Est. reading time\" \/>\n\t<meta name=\"twitter:data1\" content=\"1 minute\" \/>\n<script type=\"application\/ld+json\" class=\"yoast-schema-graph\">{\"@context\":\"https:\\\/\\\/schema.org\",\"@graph\":[{\"@type\":\"WebPage\",\"@id\":\"https:\\\/\\\/stilanddesign.se\\\/produkt\\\/%f0%9f%a4%8d-spetstopp-zabaione-%f0%9f%a4%8d\\\/\",\"url\":\"https:\\\/\\\/stilanddesign.se\\\/produkt\\\/%f0%9f%a4%8d-spetstopp-zabaione-%f0%9f%a4%8d\\\/\",\"name\":\"\ud83e\udd0d Spetstopp \u2013 Zabaione \ud83e\udd0d - Stil &amp; Design\",\"isPartOf\":{\"@id\":\"https:\\\/\\\/stilanddesign.se\\\/#website\"},\"primaryImageOfPage\":{\"@id\":\"https:\\\/\\\/stilanddesign.se\\\/produkt\\\/%f0%9f%a4%8d-spetstopp-zabaione-%f0%9f%a4%8d\\\/#primaryimage\"},\"image\":{\"@id\":\"https:\\\/\\\/stilanddesign.se\\\/produkt\\\/%f0%9f%a4%8d-spetstopp-zabaione-%f0%9f%a4%8d\\\/#primaryimage\"},\"thumbnailUrl\":\"https:\\\/\\\/stilanddesign.se\\\/wp-content\\\/uploads\\\/2026\\\/03\\\/4068696953174_1.jpg\",\"datePublished\":\"2026-03-27T13:40:44+00:00\",\"dateModified\":\"2026-04-09T11:26:09+00:00\",\"breadcrumb\":{\"@id\":\"https:\\\/\\\/stilanddesign.se\\\/produkt\\\/%f0%9f%a4%8d-spetstopp-zabaione-%f0%9f%a4%8d\\\/#breadcrumb\"},\"inLanguage\":\"en-US\",\"potentialAction\":[{\"@type\":\"ReadAction\",\"target\":[\"https:\\\/\\\/stilanddesign.se\\\/produkt\\\/%f0%9f%a4%8d-spetstopp-zabaione-%f0%9f%a4%8d\\\/\"]}]},{\"@type\":\"ImageObject\",\"inLanguage\":\"en-US\",\"@id\":\"https:\\\/\\\/stilanddesign.se\\\/produkt\\\/%f0%9f%a4%8d-spetstopp-zabaione-%f0%9f%a4%8d\\\/#primaryimage\",\"url\":\"https:\\\/\\\/stilanddesign.se\\\/wp-content\\\/uploads\\\/2026\\\/03\\\/4068696953174_1.jpg\",\"contentUrl\":\"https:\\\/\\\/stilanddesign.se\\\/wp-content\\\/uploads\\\/2026\\\/03\\\/4068696953174_1.jpg\",\"width\":889,\"height\":1280},{\"@type\":\"BreadcrumbList\",\"@id\":\"https:\\\/\\\/stilanddesign.se\\\/produkt\\\/%f0%9f%a4%8d-spetstopp-zabaione-%f0%9f%a4%8d\\\/#breadcrumb\",\"itemListElement\":[{\"@type\":\"ListItem\",\"position\":1,\"name\":\"Hem\",\"item\":\"https:\\\/\\\/stilanddesign.se\\\/\"},{\"@type\":\"ListItem\",\"position\":2,\"name\":\"Butiken\",\"item\":\"https:\\\/\\\/stilanddesign.se\\\/butiken\\\/\"},{\"@type\":\"ListItem\",\"position\":3,\"name\":\"\ud83e\udd0d Spetstopp \u2013 Zabaione \ud83e\udd0d\"}]},{\"@type\":\"WebSite\",\"@id\":\"https:\\\/\\\/stilanddesign.se\\\/#website\",\"url\":\"https:\\\/\\\/stilanddesign.se\\\/\",\"name\":\"Stil &amp; Design\",\"description\":\"F\u00f6r oss som \u00e4lskar mode!\",\"publisher\":{\"@id\":\"https:\\\/\\\/stilanddesign.se\\\/#organization\"},\"potentialAction\":[{\"@type\":\"SearchAction\",\"target\":{\"@type\":\"EntryPoint\",\"urlTemplate\":\"https:\\\/\\\/stilanddesign.se\\\/?s={search_term_string}\"},\"query-input\":{\"@type\":\"PropertyValueSpecification\",\"valueRequired\":true,\"valueName\":\"search_term_string\"}}],\"inLanguage\":\"en-US\"},{\"@type\":\"Organization\",\"@id\":\"https:\\\/\\\/stilanddesign.se\\\/#organization\",\"name\":\"Stil &amp; Design\",\"url\":\"https:\\\/\\\/stilanddesign.se\\\/\",\"logo\":{\"@type\":\"ImageObject\",\"inLanguage\":\"en-US\",\"@id\":\"https:\\\/\\\/stilanddesign.se\\\/#\\\/schema\\\/logo\\\/image\\\/\",\"url\":\"https:\\\/\\\/stilanddesign.se\\\/wp-content\\\/uploads\\\/2023\\\/12\\\/output-onlinepngtools-e1727784413220.png\",\"contentUrl\":\"https:\\\/\\\/stilanddesign.se\\\/wp-content\\\/uploads\\\/2023\\\/12\\\/output-onlinepngtools-e1727784413220.png\",\"width\":519,\"height\":135,\"caption\":\"Stil &amp; Design\"},\"image\":{\"@id\":\"https:\\\/\\\/stilanddesign.se\\\/#\\\/schema\\\/logo\\\/image\\\/\"}}]}<\/script>\n<!-- \/ Yoast SEO Premium plugin. -->","yoast_head_json":{"title":"\ud83e\udd0d Spetstopp \u2013 Zabaione \ud83e\udd0d - Stil &amp; Design","robots":{"index":"index","follow":"follow","max-snippet":"max-snippet:-1","max-image-preview":"max-image-preview:large","max-video-preview":"max-video-preview:-1"},"canonical":"https:\/\/stilanddesign.se\/en\/product\/\ud83e\udd0d-spetstopp-zabaione-\ud83e\udd0d\/","og_locale":"en_US","og_type":"article","og_title":"\ud83e\udd0d Spetstopp \u2013 Zabaione \ud83e\udd0d","og_description":"\ud83e\udd0d Spetstopp \u2013 Zabaione \ud83e\udd0d En vacker och feminin spetstopp fr\u00e5n Zabaione med ett elegant m\u00f6nster som verkligen sticker ut \u2728 Perfekt b\u00e5de till vardag och fest \u2013 lika fin till jeans som till kjol eller dressade byxor \ud83d\udcab Toppen har en luftig passform och ett dekorativt spetsm\u00f6nster som ger en romantisk och stilren k\u00e4nsla \ud83d\udc95 Den v\u00e5gade kanten nedtill ger en extra fin detalj. \u2728 Detaljer:\u2022 Vackert spetsm\u00f6nster\u2022 Rund halsringning\u2022 L\u00e4tt och luftig modell\u2022 Dekorativ kant nedtill \ud83c\udfa8 F\u00e4rg:Vit \ud83d\udccf Storlekar:S \/ M \/ L \/ XL \/ XXL \ud83e\uddf5 Material:100% polyester \ud83e\uddfc Tv\u00e4ttr\u00e5d:30 grader En tidl\u00f6s och elegant topp som lyfter vilken outfit som helst \ud83e\udd0d\u2728","og_url":"https:\/\/stilanddesign.se\/en\/product\/\ud83e\udd0d-spetstopp-zabaione-\ud83e\udd0d\/","og_site_name":"Stil &amp; Design","article_modified_time":"2026-04-09T11:26:09+00:00","og_image":[{"width":889,"height":1280,"url":"https:\/\/stilanddesign.se\/wp-content\/uploads\/2026\/03\/4068696953174_1.jpg","type":"image\/jpeg"}],"twitter_card":"summary_large_image","twitter_misc":{"Est. reading time":"1 minute"},"schema":{"@context":"https:\/\/schema.org","@graph":[{"@type":"WebPage","@id":"https:\/\/stilanddesign.se\/produkt\/%f0%9f%a4%8d-spetstopp-zabaione-%f0%9f%a4%8d\/","url":"https:\/\/stilanddesign.se\/produkt\/%f0%9f%a4%8d-spetstopp-zabaione-%f0%9f%a4%8d\/","name":"\ud83e\udd0d Spetstopp \u2013 Zabaione \ud83e\udd0d - Stil &amp; Design","isPartOf":{"@id":"https:\/\/stilanddesign.se\/#website"},"primaryImageOfPage":{"@id":"https:\/\/stilanddesign.se\/produkt\/%f0%9f%a4%8d-spetstopp-zabaione-%f0%9f%a4%8d\/#primaryimage"},"image":{"@id":"https:\/\/stilanddesign.se\/produkt\/%f0%9f%a4%8d-spetstopp-zabaione-%f0%9f%a4%8d\/#primaryimage"},"thumbnailUrl":"https:\/\/stilanddesign.se\/wp-content\/uploads\/2026\/03\/4068696953174_1.jpg","datePublished":"2026-03-27T13:40:44+00:00","dateModified":"2026-04-09T11:26:09+00:00","breadcrumb":{"@id":"https:\/\/stilanddesign.se\/produkt\/%f0%9f%a4%8d-spetstopp-zabaione-%f0%9f%a4%8d\/#breadcrumb"},"inLanguage":"en-US","potentialAction":[{"@type":"ReadAction","target":["https:\/\/stilanddesign.se\/produkt\/%f0%9f%a4%8d-spetstopp-zabaione-%f0%9f%a4%8d\/"]}]},{"@type":"ImageObject","inLanguage":"en-US","@id":"https:\/\/stilanddesign.se\/produkt\/%f0%9f%a4%8d-spetstopp-zabaione-%f0%9f%a4%8d\/#primaryimage","url":"https:\/\/stilanddesign.se\/wp-content\/uploads\/2026\/03\/4068696953174_1.jpg","contentUrl":"https:\/\/stilanddesign.se\/wp-content\/uploads\/2026\/03\/4068696953174_1.jpg","width":889,"height":1280},{"@type":"BreadcrumbList","@id":"https:\/\/stilanddesign.se\/produkt\/%f0%9f%a4%8d-spetstopp-zabaione-%f0%9f%a4%8d\/#breadcrumb","itemListElement":[{"@type":"ListItem","position":1,"name":"Hem","item":"https:\/\/stilanddesign.se\/"},{"@type":"ListItem","position":2,"name":"Butiken","item":"https:\/\/stilanddesign.se\/butiken\/"},{"@type":"ListItem","position":3,"name":"\ud83e\udd0d Spetstopp \u2013 Zabaione \ud83e\udd0d"}]},{"@type":"WebSite","@id":"https:\/\/stilanddesign.se\/#website","url":"https:\/\/stilanddesign.se\/","name":"Style &amp; Design","description":"For those of us who love fashion!","publisher":{"@id":"https:\/\/stilanddesign.se\/#organization"},"potentialAction":[{"@type":"SearchAction","target":{"@type":"EntryPoint","urlTemplate":"https:\/\/stilanddesign.se\/?s={search_term_string}"},"query-input":{"@type":"PropertyValueSpecification","valueRequired":true,"valueName":"search_term_string"}}],"inLanguage":"en-US"},{"@type":"Organization","@id":"https:\/\/stilanddesign.se\/#organization","name":"Style &amp; Design","url":"https:\/\/stilanddesign.se\/","logo":{"@type":"ImageObject","inLanguage":"en-US","@id":"https:\/\/stilanddesign.se\/#\/schema\/logo\/image\/","url":"https:\/\/stilanddesign.se\/wp-content\/uploads\/2023\/12\/output-onlinepngtools-e1727784413220.png","contentUrl":"https:\/\/stilanddesign.se\/wp-content\/uploads\/2023\/12\/output-onlinepngtools-e1727784413220.png","width":519,"height":135,"caption":"Stil &amp; Design"},"image":{"@id":"https:\/\/stilanddesign.se\/#\/schema\/logo\/image\/"}}]}},"_links":{"self":[{"href":"https:\/\/stilanddesign.se\/en\/wp-json\/wp\/v2\/product\/1070257","targetHints":{"allow":["GET"]}}],"collection":[{"href":"https:\/\/stilanddesign.se\/en\/wp-json\/wp\/v2\/product"}],"about":[{"href":"https:\/\/stilanddesign.se\/en\/wp-json\/wp\/v2\/types\/product"}],"replies":[{"embeddable":true,"href":"https:\/\/stilanddesign.se\/en\/wp-json\/wp\/v2\/comments?post=1070257"}],"wp:featuredmedia":[{"embeddable":true,"href":"https:\/\/stilanddesign.se\/en\/wp-json\/wp\/v2\/media\/1070264"}],"wp:attachment":[{"href":"https:\/\/stilanddesign.se\/en\/wp-json\/wp\/v2\/media?parent=1070257"}],"wp:term":[{"taxonomy":"product_brand","embeddable":true,"href":"https:\/\/stilanddesign.se\/en\/wp-json\/wp\/v2\/product_brand?post=1070257"},{"taxonomy":"product_cat","embeddable":true,"href":"https:\/\/stilanddesign.se\/en\/wp-json\/wp\/v2\/product_cat?post=1070257"},{"taxonomy":"product_tag","embeddable":true,"href":"https:\/\/stilanddesign.se\/en\/wp-json\/wp\/v2\/product_tag?post=1070257"}],"curies":[{"name":"wp","href":"https:\/\/api.w.org\/{rel}","templated":true}]}}