{"id":1070060,"date":"2026-04-15T11:35:47","date_gmt":"2026-04-15T09:35:47","guid":{"rendered":"https:\/\/stilanddesign.se\/?post_type=product&#038;p=1070060"},"modified":"2026-04-17T08:19:05","modified_gmt":"2026-04-17T06:19:05","slug":"%f0%9f%a4%8e-majken-linneklanning-tidlos-naturlig-elegans-%f0%9f%8c%bf%e2%9c%a8","status":"publish","type":"product","link":"https:\/\/stilanddesign.se\/en\/product\/%f0%9f%a4%8e-majken-linneklanning-tidlos-naturlig-elegans-%f0%9f%8c%bf%e2%9c%a8\/","title":{"rendered":"\ud83e\udd0e Majken linnekl\u00e4nning \u2013 tidl\u00f6s &#038; naturlig elegans \ud83c\udf3f\u2728"},"content":{"rendered":"<section class=\"text-token-text-primary w-full focus:outline-none [--shadow-height:45px] has-data-writing-block:pointer-events-none has-data-writing-block:-mt-(--shadow-height) has-data-writing-block:pt-(--shadow-height) [&amp;:has([data-writing-block])&gt;*]:pointer-events-auto scroll-mt-(--header-height)\" dir=\"auto\" data-turn-id=\"2b4d282e-9485-4413-a1d2-60fa61c2de75\" data-testid=\"conversation-turn-287\" data-scroll-anchor=\"false\" data-turn=\"user\"><\/section>\n<section class=\"text-token-text-primary w-full focus:outline-none [--shadow-height:45px] has-data-writing-block:pointer-events-none has-data-writing-block:-mt-(--shadow-height) has-data-writing-block:pt-(--shadow-height) [&amp;:has([data-writing-block])&gt;*]:pointer-events-auto scroll-mt-[calc(var(--header-height)+min(200px,max(70px,20svh)))]\" dir=\"auto\" data-turn-id=\"request-69c67431-7e34-8333-9a36-98c4a980f78b-0\" data-testid=\"conversation-turn-288\" data-scroll-anchor=\"true\" data-turn=\"assistant\">\n<div class=\"text-base my-auto mx-auto pb-10 [--thread-content-margin:var(--thread-content-margin-xs,calc(var(--spacing)*4))] @w-sm\/main:[--thread-content-margin:var(--thread-content-margin-sm,calc(var(--spacing)*6))] @w-lg\/main:[--thread-content-margin:var(--thread-content-margin-lg,calc(var(--spacing)*16))] px-(--thread-content-margin)\">\n<div class=\"[--thread-content-max-width:40rem] @w-lg\/main:[--thread-content-max-width:48rem] mx-auto max-w-(--thread-content-max-width) flex-1 group\/turn-messages focus-visible:outline-hidden relative flex w-full min-w-0 flex-col agent-turn\">\n<div class=\"flex max-w-full flex-col gap-4 grow\">\n<div class=\"min-h-8 text-message relative flex w-full flex-col items-end gap-2 text-start break-words whitespace-normal outline-none keyboard-focused:focus-ring [.text-message+&amp;]:mt-1\" dir=\"auto\" tabindex=\"0\" data-message-author-role=\"assistant\" data-message-id=\"b8efa1a1-5318-4189-94eb-5b891144cfc3\" data-message-model-slug=\"gpt-5-3\" data-turn-start-message=\"true\">\n<div class=\"flex w-full flex-col gap-1 empty:hidden\">\n<div class=\"markdown prose dark:prose-invert w-full wrap-break-word light markdown-new-styling\">\n<p data-start=\"0\" data-end=\"61\">\ud83e\udd0e <strong data-start=\"3\" data-end=\"55\">Majken linnekl\u00e4nning \u2013 tidl\u00f6s &amp; naturlig elegans<\/strong> \ud83c\udf3f\u2728<\/p>\n<p data-start=\"63\" data-end=\"273\">\ud83c\udf3f 100% linne \u2013 sval, luftig &amp; perfekt f\u00f6r varma dagar<br data-start=\"117\" data-end=\"120\" \/>\ud83d\udcab Smickrande V-ringning<br data-start=\"144\" data-end=\"147\" \/>\ud83c\udf38 Feminina puff\u00e4rmar<br data-start=\"168\" data-end=\"171\" \/>\u2728 Vacker rynkdetalj framtill som ger ett mjukt fall<br data-start=\"222\" data-end=\"225\" \/>\ud83d\udc57 Avslappnad passform \u2013 b\u00e5de bekv\u00e4m &amp; stilren<\/p>\n<p data-start=\"275\" data-end=\"362\">\ud83d\udccf Onesize \u2013 passar ca stl 34\u201344<br data-start=\"307\" data-end=\"310\" \/>\ud83d\udcd0 Bystm\u00e5tt: ca 55 cm<br data-start=\"331\" data-end=\"334\" \/>\ud83d\udccf Modellen \u00e4r 171 cm l\u00e5ng<\/p>\n<p data-start=\"364\" data-end=\"466\">\ud83d\udc61 <strong data-start=\"367\" data-end=\"383\">Stylingtips:<\/strong> B\u00e4r med sandaler f\u00f6r en avslappnad look eller kl\u00e4 upp med smycken och klackar \ud83d\udc95<\/p>\n<p data-start=\"468\" data-end=\"562\" data-is-last-node=\"\" data-is-only-node=\"\">\ud83d\udc96 En kl\u00e4nning som kombinerar naturlig k\u00e4nsla med elegant stil \u2013 perfekt s\u00e4song efter s\u00e4song \u2728<\/p>\n<\/div>\n<\/div>\n<\/div>\n<\/div>\n<\/div>\n<\/div>\n<\/section>\n","protected":false},"excerpt":{"rendered":"<section class=\"text-token-text-primary w-full focus:outline-none [--shadow-height:45px] has-data-writing-block:pointer-events-none has-data-writing-block:-mt-(--shadow-height) has-data-writing-block:pt-(--shadow-height) [&amp;:has([data-writing-block])&gt;*]:pointer-events-auto scroll-mt-(--header-height)\" dir=\"auto\" data-turn-id=\"2b4d282e-9485-4413-a1d2-60fa61c2de75\" data-testid=\"conversation-turn-287\" data-scroll-anchor=\"false\" data-turn=\"user\"><\/section>\n<section class=\"text-token-text-primary w-full focus:outline-none [--shadow-height:45px] has-data-writing-block:pointer-events-none has-data-writing-block:-mt-(--shadow-height) has-data-writing-block:pt-(--shadow-height) [&amp;:has([data-writing-block])&gt;*]:pointer-events-auto scroll-mt-[calc(var(--header-height)+min(200px,max(70px,20svh)))]\" dir=\"auto\" data-turn-id=\"request-69c67431-7e34-8333-9a36-98c4a980f78b-0\" data-testid=\"conversation-turn-288\" data-scroll-anchor=\"true\" data-turn=\"assistant\">\n<div class=\"text-base my-auto mx-auto pb-10 [--thread-content-margin:var(--thread-content-margin-xs,calc(var(--spacing)*4))] @w-sm\/main:[--thread-content-margin:var(--thread-content-margin-sm,calc(var(--spacing)*6))] @w-lg\/main:[--thread-content-margin:var(--thread-content-margin-lg,calc(var(--spacing)*16))] px-(--thread-content-margin)\">\n<div class=\"[--thread-content-max-width:40rem] @w-lg\/main:[--thread-content-max-width:48rem] mx-auto max-w-(--thread-content-max-width) flex-1 group\/turn-messages focus-visible:outline-hidden relative flex w-full min-w-0 flex-col agent-turn\">\n<div class=\"flex max-w-full flex-col gap-4 grow\">\n<div class=\"min-h-8 text-message relative flex w-full flex-col items-end gap-2 text-start break-words whitespace-normal outline-none keyboard-focused:focus-ring [.text-message+&amp;]:mt-1\" dir=\"auto\" tabindex=\"0\" data-message-author-role=\"assistant\" data-message-id=\"b8efa1a1-5318-4189-94eb-5b891144cfc3\" data-message-model-slug=\"gpt-5-3\" data-turn-start-message=\"true\">\n<div class=\"flex w-full flex-col gap-1 empty:hidden\">\n<div class=\"markdown prose dark:prose-invert w-full wrap-break-word light markdown-new-styling\">\n<p data-start=\"0\" data-end=\"61\">\ud83e\udd0e <strong data-start=\"3\" data-end=\"55\">Majken linnekl\u00e4nning \u2013 tidl\u00f6s &amp; naturlig elegans<\/strong> \ud83c\udf3f\u2728<\/p>\n<p data-start=\"63\" data-end=\"273\">\ud83c\udf3f 100% linne \u2013 sval, luftig &amp; perfekt f\u00f6r varma dagar<br data-start=\"117\" data-end=\"120\" \/>\ud83d\udcab Smickrande V-ringning<br data-start=\"144\" data-end=\"147\" \/>\ud83c\udf38 Feminina puff\u00e4rmar<br data-start=\"168\" data-end=\"171\" \/>\u2728 Vacker rynkdetalj framtill som ger ett mjukt fall<br data-start=\"222\" data-end=\"225\" \/>\ud83d\udc57 Avslappnad passform \u2013 b\u00e5de bekv\u00e4m &amp; stilren<\/p>\n<p data-start=\"275\" data-end=\"362\">\ud83d\udccf Onesize \u2013 passar ca stl 34\u201344<br data-start=\"307\" data-end=\"310\" \/>\ud83d\udcd0 Bystm\u00e5tt: ca 55 cm<br data-start=\"331\" data-end=\"334\" \/>\ud83d\udccf Modellen \u00e4r 171 cm l\u00e5ng<\/p>\n<p data-start=\"364\" data-end=\"466\">\ud83d\udc61 <strong data-start=\"367\" data-end=\"383\">Stylingtips:<\/strong> B\u00e4r med sandaler f\u00f6r en avslappnad look eller kl\u00e4 upp med smycken och klackar \ud83d\udc95<\/p>\n<p data-start=\"468\" data-end=\"562\" data-is-last-node=\"\" data-is-only-node=\"\">\ud83d\udc96 En kl\u00e4nning som kombinerar naturlig k\u00e4nsla med elegant stil \u2013 perfekt s\u00e4song efter s\u00e4song \u2728<\/p>\n<\/div>\n<\/div>\n<\/div>\n<\/div>\n<\/div>\n<\/div>\n<\/section>\n","protected":false},"featured_media":1070057,"comment_status":"closed","ping_status":"closed","template":"","meta":[],"product_brand":[],"product_cat":[215,217],"product_tag":[],"class_list":{"0":"post-1070060","1":"product","2":"type-product","3":"status-publish","4":"has-post-thumbnail","6":"product_cat-klanningar","7":"product_cat-produktnyheter","9":"first","10":"instock","11":"taxable","12":"shipping-taxable","13":"purchasable","14":"product-type-variable"},"yoast_head":"<!-- This site is optimized with the Yoast SEO Premium plugin v27.1 (Yoast SEO v27.4) - https:\/\/yoast.com\/product\/yoast-seo-premium-wordpress\/ -->\n<title>\ud83e\udd0e Majken linnekl\u00e4nning \u2013 tidl\u00f6s &amp; naturlig elegans \ud83c\udf3f\u2728 - Stil &amp; Design<\/title>\n<meta name=\"robots\" content=\"index, follow, max-snippet:-1, max-image-preview:large, max-video-preview:-1\" \/>\n<link rel=\"canonical\" href=\"https:\/\/stilanddesign.se\/en\/product\/\ud83e\udd0e-majken-linneklanning-tidlos-naturlig-elegans-\ud83c\udf3f\u2728\/\" \/>\n<meta property=\"og:locale\" content=\"en_US\" \/>\n<meta property=\"og:type\" content=\"article\" \/>\n<meta property=\"og:title\" content=\"\ud83e\udd0e Majken linnekl\u00e4nning \u2013 tidl\u00f6s &amp; naturlig elegans \ud83c\udf3f\u2728\" \/>\n<meta property=\"og:description\" content=\"\ud83e\udd0e Majken linnekl\u00e4nning \u2013 tidl\u00f6s &amp; naturlig elegans \ud83c\udf3f\u2728 \ud83c\udf3f 100% linne \u2013 sval, luftig &amp; perfekt f\u00f6r varma dagar\ud83d\udcab Smickrande V-ringning\ud83c\udf38 Feminina puff\u00e4rmar\u2728 Vacker rynkdetalj framtill som ger ett mjukt fall\ud83d\udc57 Avslappnad passform \u2013 b\u00e5de bekv\u00e4m &amp; stilren \ud83d\udccf Onesize \u2013 passar ca stl 34\u201344\ud83d\udcd0 Bystm\u00e5tt: ca 55 cm\ud83d\udccf Modellen \u00e4r 171 cm l\u00e5ng \ud83d\udc61 Stylingtips: B\u00e4r med sandaler f\u00f6r en avslappnad look eller kl\u00e4 upp med smycken och klackar \ud83d\udc95 \ud83d\udc96 En kl\u00e4nning som kombinerar naturlig k\u00e4nsla med elegant stil \u2013 perfekt s\u00e4song efter s\u00e4song \u2728\" \/>\n<meta property=\"og:url\" content=\"https:\/\/stilanddesign.se\/en\/product\/\ud83e\udd0e-majken-linneklanning-tidlos-naturlig-elegans-\ud83c\udf3f\u2728\/\" \/>\n<meta property=\"og:site_name\" content=\"Stil &amp; Design\" \/>\n<meta property=\"article:modified_time\" content=\"2026-04-17T06:19:05+00:00\" \/>\n<meta name=\"twitter:card\" content=\"summary_large_image\" \/>\n<meta name=\"twitter:label1\" content=\"Est. reading time\" \/>\n\t<meta name=\"twitter:data1\" content=\"1 minute\" \/>\n<script type=\"application\/ld+json\" class=\"yoast-schema-graph\">{\"@context\":\"https:\\\/\\\/schema.org\",\"@graph\":[{\"@type\":\"WebPage\",\"@id\":\"https:\\\/\\\/stilanddesign.se\\\/produkt\\\/%f0%9f%a4%8e-majken-linneklanning-tidlos-naturlig-elegans-%f0%9f%8c%bf%e2%9c%a8\\\/\",\"url\":\"https:\\\/\\\/stilanddesign.se\\\/produkt\\\/%f0%9f%a4%8e-majken-linneklanning-tidlos-naturlig-elegans-%f0%9f%8c%bf%e2%9c%a8\\\/\",\"name\":\"\ud83e\udd0e Majken linnekl\u00e4nning \u2013 tidl\u00f6s & naturlig elegans \ud83c\udf3f\u2728 - Stil &amp; Design\",\"isPartOf\":{\"@id\":\"https:\\\/\\\/stilanddesign.se\\\/#website\"},\"primaryImageOfPage\":{\"@id\":\"https:\\\/\\\/stilanddesign.se\\\/produkt\\\/%f0%9f%a4%8e-majken-linneklanning-tidlos-naturlig-elegans-%f0%9f%8c%bf%e2%9c%a8\\\/#primaryimage\"},\"image\":{\"@id\":\"https:\\\/\\\/stilanddesign.se\\\/produkt\\\/%f0%9f%a4%8e-majken-linneklanning-tidlos-naturlig-elegans-%f0%9f%8c%bf%e2%9c%a8\\\/#primaryimage\"},\"thumbnailUrl\":\"https:\\\/\\\/stilanddesign.se\\\/wp-content\\\/uploads\\\/2026\\\/03\\\/876767777777777.avif\",\"datePublished\":\"2026-04-15T09:35:47+00:00\",\"dateModified\":\"2026-04-17T06:19:05+00:00\",\"breadcrumb\":{\"@id\":\"https:\\\/\\\/stilanddesign.se\\\/produkt\\\/%f0%9f%a4%8e-majken-linneklanning-tidlos-naturlig-elegans-%f0%9f%8c%bf%e2%9c%a8\\\/#breadcrumb\"},\"inLanguage\":\"en-US\",\"potentialAction\":[{\"@type\":\"ReadAction\",\"target\":[\"https:\\\/\\\/stilanddesign.se\\\/produkt\\\/%f0%9f%a4%8e-majken-linneklanning-tidlos-naturlig-elegans-%f0%9f%8c%bf%e2%9c%a8\\\/\"]}]},{\"@type\":\"ImageObject\",\"inLanguage\":\"en-US\",\"@id\":\"https:\\\/\\\/stilanddesign.se\\\/produkt\\\/%f0%9f%a4%8e-majken-linneklanning-tidlos-naturlig-elegans-%f0%9f%8c%bf%e2%9c%a8\\\/#primaryimage\",\"url\":\"https:\\\/\\\/stilanddesign.se\\\/wp-content\\\/uploads\\\/2026\\\/03\\\/876767777777777.avif\",\"contentUrl\":\"https:\\\/\\\/stilanddesign.se\\\/wp-content\\\/uploads\\\/2026\\\/03\\\/876767777777777.avif\",\"width\":1080,\"height\":1440,\"caption\":\"Linnekl\u00e4nning med puff\u00e4rm i brunt\"},{\"@type\":\"BreadcrumbList\",\"@id\":\"https:\\\/\\\/stilanddesign.se\\\/produkt\\\/%f0%9f%a4%8e-majken-linneklanning-tidlos-naturlig-elegans-%f0%9f%8c%bf%e2%9c%a8\\\/#breadcrumb\",\"itemListElement\":[{\"@type\":\"ListItem\",\"position\":1,\"name\":\"Hem\",\"item\":\"https:\\\/\\\/stilanddesign.se\\\/\"},{\"@type\":\"ListItem\",\"position\":2,\"name\":\"Butiken\",\"item\":\"https:\\\/\\\/stilanddesign.se\\\/butiken\\\/\"},{\"@type\":\"ListItem\",\"position\":3,\"name\":\"\ud83e\udd0e Majken linnekl\u00e4nning \u2013 tidl\u00f6s &#038; naturlig elegans \ud83c\udf3f\u2728\"}]},{\"@type\":\"WebSite\",\"@id\":\"https:\\\/\\\/stilanddesign.se\\\/#website\",\"url\":\"https:\\\/\\\/stilanddesign.se\\\/\",\"name\":\"Stil &amp; Design\",\"description\":\"F\u00f6r oss som \u00e4lskar mode!\",\"publisher\":{\"@id\":\"https:\\\/\\\/stilanddesign.se\\\/#organization\"},\"potentialAction\":[{\"@type\":\"SearchAction\",\"target\":{\"@type\":\"EntryPoint\",\"urlTemplate\":\"https:\\\/\\\/stilanddesign.se\\\/?s={search_term_string}\"},\"query-input\":{\"@type\":\"PropertyValueSpecification\",\"valueRequired\":true,\"valueName\":\"search_term_string\"}}],\"inLanguage\":\"en-US\"},{\"@type\":\"Organization\",\"@id\":\"https:\\\/\\\/stilanddesign.se\\\/#organization\",\"name\":\"Stil &amp; Design\",\"url\":\"https:\\\/\\\/stilanddesign.se\\\/\",\"logo\":{\"@type\":\"ImageObject\",\"inLanguage\":\"en-US\",\"@id\":\"https:\\\/\\\/stilanddesign.se\\\/#\\\/schema\\\/logo\\\/image\\\/\",\"url\":\"https:\\\/\\\/stilanddesign.se\\\/wp-content\\\/uploads\\\/2023\\\/12\\\/output-onlinepngtools-e1727784413220.png\",\"contentUrl\":\"https:\\\/\\\/stilanddesign.se\\\/wp-content\\\/uploads\\\/2023\\\/12\\\/output-onlinepngtools-e1727784413220.png\",\"width\":519,\"height\":135,\"caption\":\"Stil &amp; Design\"},\"image\":{\"@id\":\"https:\\\/\\\/stilanddesign.se\\\/#\\\/schema\\\/logo\\\/image\\\/\"}}]}<\/script>\n<!-- \/ Yoast SEO Premium plugin. -->","yoast_head_json":{"title":"\ud83e\udd0e Majken linnekl\u00e4nning \u2013 tidl\u00f6s & naturlig elegans \ud83c\udf3f\u2728 - Stil &amp; Design","robots":{"index":"index","follow":"follow","max-snippet":"max-snippet:-1","max-image-preview":"max-image-preview:large","max-video-preview":"max-video-preview:-1"},"canonical":"https:\/\/stilanddesign.se\/en\/product\/\ud83e\udd0e-majken-linneklanning-tidlos-naturlig-elegans-\ud83c\udf3f\u2728\/","og_locale":"en_US","og_type":"article","og_title":"\ud83e\udd0e Majken linnekl\u00e4nning \u2013 tidl\u00f6s & naturlig elegans \ud83c\udf3f\u2728","og_description":"\ud83e\udd0e Majken linnekl\u00e4nning \u2013 tidl\u00f6s &amp; naturlig elegans \ud83c\udf3f\u2728 \ud83c\udf3f 100% linne \u2013 sval, luftig &amp; perfekt f\u00f6r varma dagar\ud83d\udcab Smickrande V-ringning\ud83c\udf38 Feminina puff\u00e4rmar\u2728 Vacker rynkdetalj framtill som ger ett mjukt fall\ud83d\udc57 Avslappnad passform \u2013 b\u00e5de bekv\u00e4m &amp; stilren \ud83d\udccf Onesize \u2013 passar ca stl 34\u201344\ud83d\udcd0 Bystm\u00e5tt: ca 55 cm\ud83d\udccf Modellen \u00e4r 171 cm l\u00e5ng \ud83d\udc61 Stylingtips: B\u00e4r med sandaler f\u00f6r en avslappnad look eller kl\u00e4 upp med smycken och klackar \ud83d\udc95 \ud83d\udc96 En kl\u00e4nning som kombinerar naturlig k\u00e4nsla med elegant stil \u2013 perfekt s\u00e4song efter s\u00e4song \u2728","og_url":"https:\/\/stilanddesign.se\/en\/product\/\ud83e\udd0e-majken-linneklanning-tidlos-naturlig-elegans-\ud83c\udf3f\u2728\/","og_site_name":"Stil &amp; Design","article_modified_time":"2026-04-17T06:19:05+00:00","twitter_card":"summary_large_image","twitter_misc":{"Est. reading time":"1 minute"},"schema":{"@context":"https:\/\/schema.org","@graph":[{"@type":"WebPage","@id":"https:\/\/stilanddesign.se\/produkt\/%f0%9f%a4%8e-majken-linneklanning-tidlos-naturlig-elegans-%f0%9f%8c%bf%e2%9c%a8\/","url":"https:\/\/stilanddesign.se\/produkt\/%f0%9f%a4%8e-majken-linneklanning-tidlos-naturlig-elegans-%f0%9f%8c%bf%e2%9c%a8\/","name":"\ud83e\udd0e Majken linnekl\u00e4nning \u2013 tidl\u00f6s & naturlig elegans \ud83c\udf3f\u2728 - Stil &amp; Design","isPartOf":{"@id":"https:\/\/stilanddesign.se\/#website"},"primaryImageOfPage":{"@id":"https:\/\/stilanddesign.se\/produkt\/%f0%9f%a4%8e-majken-linneklanning-tidlos-naturlig-elegans-%f0%9f%8c%bf%e2%9c%a8\/#primaryimage"},"image":{"@id":"https:\/\/stilanddesign.se\/produkt\/%f0%9f%a4%8e-majken-linneklanning-tidlos-naturlig-elegans-%f0%9f%8c%bf%e2%9c%a8\/#primaryimage"},"thumbnailUrl":"https:\/\/stilanddesign.se\/wp-content\/uploads\/2026\/03\/876767777777777.avif","datePublished":"2026-04-15T09:35:47+00:00","dateModified":"2026-04-17T06:19:05+00:00","breadcrumb":{"@id":"https:\/\/stilanddesign.se\/produkt\/%f0%9f%a4%8e-majken-linneklanning-tidlos-naturlig-elegans-%f0%9f%8c%bf%e2%9c%a8\/#breadcrumb"},"inLanguage":"en-US","potentialAction":[{"@type":"ReadAction","target":["https:\/\/stilanddesign.se\/produkt\/%f0%9f%a4%8e-majken-linneklanning-tidlos-naturlig-elegans-%f0%9f%8c%bf%e2%9c%a8\/"]}]},{"@type":"ImageObject","inLanguage":"en-US","@id":"https:\/\/stilanddesign.se\/produkt\/%f0%9f%a4%8e-majken-linneklanning-tidlos-naturlig-elegans-%f0%9f%8c%bf%e2%9c%a8\/#primaryimage","url":"https:\/\/stilanddesign.se\/wp-content\/uploads\/2026\/03\/876767777777777.avif","contentUrl":"https:\/\/stilanddesign.se\/wp-content\/uploads\/2026\/03\/876767777777777.avif","width":1080,"height":1440,"caption":"Linnekl\u00e4nning med puff\u00e4rm i brunt"},{"@type":"BreadcrumbList","@id":"https:\/\/stilanddesign.se\/produkt\/%f0%9f%a4%8e-majken-linneklanning-tidlos-naturlig-elegans-%f0%9f%8c%bf%e2%9c%a8\/#breadcrumb","itemListElement":[{"@type":"ListItem","position":1,"name":"Hem","item":"https:\/\/stilanddesign.se\/"},{"@type":"ListItem","position":2,"name":"Butiken","item":"https:\/\/stilanddesign.se\/butiken\/"},{"@type":"ListItem","position":3,"name":"\ud83e\udd0e Majken linnekl\u00e4nning \u2013 tidl\u00f6s &#038; naturlig elegans \ud83c\udf3f\u2728"}]},{"@type":"WebSite","@id":"https:\/\/stilanddesign.se\/#website","url":"https:\/\/stilanddesign.se\/","name":"Style &amp; Design","description":"For those of us who love fashion!","publisher":{"@id":"https:\/\/stilanddesign.se\/#organization"},"potentialAction":[{"@type":"SearchAction","target":{"@type":"EntryPoint","urlTemplate":"https:\/\/stilanddesign.se\/?s={search_term_string}"},"query-input":{"@type":"PropertyValueSpecification","valueRequired":true,"valueName":"search_term_string"}}],"inLanguage":"en-US"},{"@type":"Organization","@id":"https:\/\/stilanddesign.se\/#organization","name":"Style &amp; Design","url":"https:\/\/stilanddesign.se\/","logo":{"@type":"ImageObject","inLanguage":"en-US","@id":"https:\/\/stilanddesign.se\/#\/schema\/logo\/image\/","url":"https:\/\/stilanddesign.se\/wp-content\/uploads\/2023\/12\/output-onlinepngtools-e1727784413220.png","contentUrl":"https:\/\/stilanddesign.se\/wp-content\/uploads\/2023\/12\/output-onlinepngtools-e1727784413220.png","width":519,"height":135,"caption":"Stil &amp; Design"},"image":{"@id":"https:\/\/stilanddesign.se\/#\/schema\/logo\/image\/"}}]}},"_links":{"self":[{"href":"https:\/\/stilanddesign.se\/en\/wp-json\/wp\/v2\/product\/1070060","targetHints":{"allow":["GET"]}}],"collection":[{"href":"https:\/\/stilanddesign.se\/en\/wp-json\/wp\/v2\/product"}],"about":[{"href":"https:\/\/stilanddesign.se\/en\/wp-json\/wp\/v2\/types\/product"}],"replies":[{"embeddable":true,"href":"https:\/\/stilanddesign.se\/en\/wp-json\/wp\/v2\/comments?post=1070060"}],"wp:featuredmedia":[{"embeddable":true,"href":"https:\/\/stilanddesign.se\/en\/wp-json\/wp\/v2\/media\/1070057"}],"wp:attachment":[{"href":"https:\/\/stilanddesign.se\/en\/wp-json\/wp\/v2\/media?parent=1070060"}],"wp:term":[{"taxonomy":"product_brand","embeddable":true,"href":"https:\/\/stilanddesign.se\/en\/wp-json\/wp\/v2\/product_brand?post=1070060"},{"taxonomy":"product_cat","embeddable":true,"href":"https:\/\/stilanddesign.se\/en\/wp-json\/wp\/v2\/product_cat?post=1070060"},{"taxonomy":"product_tag","embeddable":true,"href":"https:\/\/stilanddesign.se\/en\/wp-json\/wp\/v2\/product_tag?post=1070060"}],"curies":[{"name":"wp","href":"https:\/\/api.w.org\/{rel}","templated":true}]}}