{"id":1070027,"date":"2026-03-18T13:43:38","date_gmt":"2026-03-18T12:43:38","guid":{"rendered":"https:\/\/stilanddesign.se\/?post_type=product&#038;p=1070027"},"modified":"2026-04-04T11:45:42","modified_gmt":"2026-04-04T09:45:42","slug":"ljusbla-kostymbyxa-med-skarp","status":"publish","type":"product","link":"https:\/\/stilanddesign.se\/en\/product\/ljusbla-kostymbyxa-med-skarp\/","title":{"rendered":"Light blue suit trousers with belt"},"content":{"rendered":"<p data-start=\"0\" data-end=\"243\"><strong data-start=\"0\" data-end=\"28\">Light blue suit trousers with belt<\/strong> \ud83d\udc9b\u2728<br data-start=\"32\" data-end=\"35\" \/>A super nice and easy-to-match suit trouser in yellow that gives the outfit a fresh, summery feel \ud83d\ude0d The trousers have <strong data-start=\"136\" data-end=\"154\">elastic at the waist<\/strong> with <strong data-start=\"159\" data-end=\"169\">loops<\/strong> and comes with a nice <strong data-start=\"196\" data-end=\"211\">brown belt<\/strong> that puts the finishing touch \ud83d\udcab<\/p>\n<p data-start=\"245\" data-end=\"376\">With <strong data-start=\"249\" data-end=\"264\">2 side pockets<\/strong> and a comfortable fit, it&#039;s just as great for work as it is for dinner - match with a simple top, blouse or jacket \ud83d\udc56\u2728<\/p>\n<p data-start=\"378\" data-end=\"466\">\u2705 Elastic waist + loops<br data-start=\"399\" data-end=\"402\" \/>\u2705 Included brown belt<br data-start=\"427\" data-end=\"430\" \/>\u2705 2 side pockets<br data-start=\"443\" data-end=\"446\" \/>\u2705 Normal in size<\/p>\n<p data-start=\"468\" data-end=\"534\">\ud83d\udccf <strong data-start=\"471\" data-end=\"481\">Length:<\/strong> 107 cm (from waist)<br data-start=\"502\" data-end=\"505\" \/>\ud83d\udccf <strong data-start=\"508\" data-end=\"526\">Inner leg length:<\/strong> 73cm<\/p>\n<p data-start=\"536\" data-end=\"602\" data-is-last-node=\"\" data-is-only-node=\"\"><strong data-start=\"536\" data-end=\"549\">Material:<\/strong> 95% polyester | 5% elastane \ud83e\uddf5<br data-start=\"579\" data-end=\"582\" \/><strong data-start=\"582\" data-end=\"595\">Washing instructions:<\/strong> 30\u00b0 \ud83e\uddfa<\/p>\n<p>&nbsp;<\/p>\n<p>&nbsp;<\/p>\n<p>&nbsp;<\/p>\n<p>&nbsp;<\/p>\n<p>&nbsp;<\/p>\n<p>&nbsp;<\/p>","protected":false},"excerpt":{"rendered":"<p data-start=\"0\" data-end=\"243\"><strong data-start=\"0\" data-end=\"28\">Light blue suit trousers with belt<\/strong> \ud83d\udc9b\u2728<br data-start=\"32\" data-end=\"35\" \/>A super nice and easy-to-match suit trouser in yellow that gives the outfit a fresh, summery feel \ud83d\ude0d The trousers have <strong data-start=\"136\" data-end=\"154\">elastic at the waist<\/strong> with <strong data-start=\"159\" data-end=\"169\">loops<\/strong> and comes with a nice <strong data-start=\"196\" data-end=\"211\">brown belt<\/strong> that puts the finishing touch \ud83d\udcab<\/p>\n<p data-start=\"245\" data-end=\"376\">With <strong data-start=\"249\" data-end=\"264\">2 side pockets<\/strong> and a comfortable fit, it&#039;s just as great for work as it is for dinner - match with a simple top, blouse or jacket \ud83d\udc56\u2728<\/p>\n<p data-start=\"378\" data-end=\"466\">\u2705 Elastic waist + loops<br data-start=\"399\" data-end=\"402\" \/>\u2705 Included brown belt<br data-start=\"427\" data-end=\"430\" \/>\u2705 2 side pockets<br data-start=\"443\" data-end=\"446\" \/>\u2705 Normal in size<\/p>\n<p data-start=\"468\" data-end=\"534\">\ud83d\udccf <strong data-start=\"471\" data-end=\"481\">Length:<\/strong> 107 cm (from waist)<br data-start=\"502\" data-end=\"505\" \/>\ud83d\udccf <strong data-start=\"508\" data-end=\"526\">Inner leg length:<\/strong> 73cm<\/p>\n<p data-start=\"536\" data-end=\"602\" data-is-last-node=\"\" data-is-only-node=\"\"><strong data-start=\"536\" data-end=\"549\">Material:<\/strong> 95% polyester | 5% elastane \ud83e\uddf5<br data-start=\"579\" data-end=\"582\" \/><strong data-start=\"582\" data-end=\"595\">Washing instructions:<\/strong> 30\u00b0 \ud83e\uddfa<\/p>","protected":false},"featured_media":1070022,"comment_status":"closed","ping_status":"closed","template":"","meta":[],"product_brand":[],"product_cat":[203],"product_tag":[],"class_list":{"0":"post-1070027","1":"product","2":"type-product","3":"status-publish","4":"has-post-thumbnail","6":"product_cat-byxor","8":"first","9":"instock","10":"taxable","11":"shipping-taxable","12":"purchasable","13":"product-type-variable"},"yoast_head":"<!-- This site is optimized with the Yoast SEO Premium plugin v27.1 (Yoast SEO v27.4) - https:\/\/yoast.com\/product\/yoast-seo-premium-wordpress\/ -->\n<title>Ljusbl\u00e5 kostymbyxa med sk\u00e4rp - Stil &amp; Design<\/title>\n<meta name=\"description\" content=\"H\u00e4rliga bl\u00e5jeans med ljusa slitningar\" \/>\n<meta name=\"robots\" content=\"index, follow, max-snippet:-1, max-image-preview:large, max-video-preview:-1\" \/>\n<link rel=\"canonical\" href=\"https:\/\/stilanddesign.se\/en\/product\/ljusbla-kostymbyxa-med-skarp\/\" \/>\n<meta property=\"og:locale\" content=\"en_US\" \/>\n<meta property=\"og:type\" content=\"article\" \/>\n<meta property=\"og:title\" content=\"Ljusbl\u00e5 kostymbyxa med sk\u00e4rp\" \/>\n<meta property=\"og:description\" content=\"H\u00e4rliga bl\u00e5jeans med ljusa slitningar\" \/>\n<meta property=\"og:url\" content=\"https:\/\/stilanddesign.se\/en\/product\/ljusbla-kostymbyxa-med-skarp\/\" \/>\n<meta property=\"og:site_name\" content=\"Stil &amp; Design\" \/>\n<meta property=\"article:modified_time\" content=\"2026-04-04T09:45:42+00:00\" \/>\n<meta name=\"twitter:card\" content=\"summary_large_image\" \/>\n<meta name=\"twitter:label1\" content=\"Est. reading time\" \/>\n\t<meta name=\"twitter:data1\" content=\"1 minute\" \/>\n<script type=\"application\/ld+json\" class=\"yoast-schema-graph\">{\"@context\":\"https:\\\/\\\/schema.org\",\"@graph\":[{\"@type\":\"WebPage\",\"@id\":\"https:\\\/\\\/stilanddesign.se\\\/produkt\\\/ljusbla-kostymbyxa-med-skarp\\\/\",\"url\":\"https:\\\/\\\/stilanddesign.se\\\/produkt\\\/ljusbla-kostymbyxa-med-skarp\\\/\",\"name\":\"Ljusbl\u00e5 kostymbyxa med sk\u00e4rp - Stil &amp; Design\",\"isPartOf\":{\"@id\":\"https:\\\/\\\/stilanddesign.se\\\/#website\"},\"primaryImageOfPage\":{\"@id\":\"https:\\\/\\\/stilanddesign.se\\\/produkt\\\/ljusbla-kostymbyxa-med-skarp\\\/#primaryimage\"},\"image\":{\"@id\":\"https:\\\/\\\/stilanddesign.se\\\/produkt\\\/ljusbla-kostymbyxa-med-skarp\\\/#primaryimage\"},\"thumbnailUrl\":\"https:\\\/\\\/stilanddesign.se\\\/wp-content\\\/uploads\\\/2026\\\/03\\\/7676555.jpg\",\"datePublished\":\"2026-03-18T12:43:38+00:00\",\"dateModified\":\"2026-04-04T09:45:42+00:00\",\"description\":\"H\u00e4rliga bl\u00e5jeans med ljusa slitningar\",\"breadcrumb\":{\"@id\":\"https:\\\/\\\/stilanddesign.se\\\/produkt\\\/ljusbla-kostymbyxa-med-skarp\\\/#breadcrumb\"},\"inLanguage\":\"en-US\",\"potentialAction\":[{\"@type\":\"ReadAction\",\"target\":[\"https:\\\/\\\/stilanddesign.se\\\/produkt\\\/ljusbla-kostymbyxa-med-skarp\\\/\"]}]},{\"@type\":\"ImageObject\",\"inLanguage\":\"en-US\",\"@id\":\"https:\\\/\\\/stilanddesign.se\\\/produkt\\\/ljusbla-kostymbyxa-med-skarp\\\/#primaryimage\",\"url\":\"https:\\\/\\\/stilanddesign.se\\\/wp-content\\\/uploads\\\/2026\\\/03\\\/7676555.jpg\",\"contentUrl\":\"https:\\\/\\\/stilanddesign.se\\\/wp-content\\\/uploads\\\/2026\\\/03\\\/7676555.jpg\",\"width\":368,\"height\":640,\"caption\":\"Ljusbl\u00e5 kostymbyxa med sk\u00e4rp\"},{\"@type\":\"BreadcrumbList\",\"@id\":\"https:\\\/\\\/stilanddesign.se\\\/produkt\\\/ljusbla-kostymbyxa-med-skarp\\\/#breadcrumb\",\"itemListElement\":[{\"@type\":\"ListItem\",\"position\":1,\"name\":\"Hem\",\"item\":\"https:\\\/\\\/stilanddesign.se\\\/\"},{\"@type\":\"ListItem\",\"position\":2,\"name\":\"Butiken\",\"item\":\"https:\\\/\\\/stilanddesign.se\\\/butiken\\\/\"},{\"@type\":\"ListItem\",\"position\":3,\"name\":\"Ljusbl\u00e5 kostymbyxa med sk\u00e4rp\"}]},{\"@type\":\"WebSite\",\"@id\":\"https:\\\/\\\/stilanddesign.se\\\/#website\",\"url\":\"https:\\\/\\\/stilanddesign.se\\\/\",\"name\":\"Stil &amp; Design\",\"description\":\"F\u00f6r oss som \u00e4lskar mode!\",\"publisher\":{\"@id\":\"https:\\\/\\\/stilanddesign.se\\\/#organization\"},\"potentialAction\":[{\"@type\":\"SearchAction\",\"target\":{\"@type\":\"EntryPoint\",\"urlTemplate\":\"https:\\\/\\\/stilanddesign.se\\\/?s={search_term_string}\"},\"query-input\":{\"@type\":\"PropertyValueSpecification\",\"valueRequired\":true,\"valueName\":\"search_term_string\"}}],\"inLanguage\":\"en-US\"},{\"@type\":\"Organization\",\"@id\":\"https:\\\/\\\/stilanddesign.se\\\/#organization\",\"name\":\"Stil &amp; Design\",\"url\":\"https:\\\/\\\/stilanddesign.se\\\/\",\"logo\":{\"@type\":\"ImageObject\",\"inLanguage\":\"en-US\",\"@id\":\"https:\\\/\\\/stilanddesign.se\\\/#\\\/schema\\\/logo\\\/image\\\/\",\"url\":\"https:\\\/\\\/stilanddesign.se\\\/wp-content\\\/uploads\\\/2023\\\/12\\\/output-onlinepngtools-e1727784413220.png\",\"contentUrl\":\"https:\\\/\\\/stilanddesign.se\\\/wp-content\\\/uploads\\\/2023\\\/12\\\/output-onlinepngtools-e1727784413220.png\",\"width\":519,\"height\":135,\"caption\":\"Stil &amp; Design\"},\"image\":{\"@id\":\"https:\\\/\\\/stilanddesign.se\\\/#\\\/schema\\\/logo\\\/image\\\/\"}}]}<\/script>\n<!-- \/ Yoast SEO Premium plugin. -->","yoast_head_json":{"title":"Ljusbl\u00e5 kostymbyxa med sk\u00e4rp - Stil &amp; Design","description":"H\u00e4rliga bl\u00e5jeans med ljusa slitningar","robots":{"index":"index","follow":"follow","max-snippet":"max-snippet:-1","max-image-preview":"max-image-preview:large","max-video-preview":"max-video-preview:-1"},"canonical":"https:\/\/stilanddesign.se\/en\/product\/ljusbla-kostymbyxa-med-skarp\/","og_locale":"en_US","og_type":"article","og_title":"Ljusbl\u00e5 kostymbyxa med sk\u00e4rp","og_description":"H\u00e4rliga bl\u00e5jeans med ljusa slitningar","og_url":"https:\/\/stilanddesign.se\/en\/product\/ljusbla-kostymbyxa-med-skarp\/","og_site_name":"Stil &amp; Design","article_modified_time":"2026-04-04T09:45:42+00:00","twitter_card":"summary_large_image","twitter_misc":{"Est. reading time":"1 minute"},"schema":{"@context":"https:\/\/schema.org","@graph":[{"@type":"WebPage","@id":"https:\/\/stilanddesign.se\/produkt\/ljusbla-kostymbyxa-med-skarp\/","url":"https:\/\/stilanddesign.se\/produkt\/ljusbla-kostymbyxa-med-skarp\/","name":"Ljusbl\u00e5 kostymbyxa med sk\u00e4rp - Stil &amp; Design","isPartOf":{"@id":"https:\/\/stilanddesign.se\/#website"},"primaryImageOfPage":{"@id":"https:\/\/stilanddesign.se\/produkt\/ljusbla-kostymbyxa-med-skarp\/#primaryimage"},"image":{"@id":"https:\/\/stilanddesign.se\/produkt\/ljusbla-kostymbyxa-med-skarp\/#primaryimage"},"thumbnailUrl":"https:\/\/stilanddesign.se\/wp-content\/uploads\/2026\/03\/7676555.jpg","datePublished":"2026-03-18T12:43:38+00:00","dateModified":"2026-04-04T09:45:42+00:00","description":"H\u00e4rliga bl\u00e5jeans med ljusa slitningar","breadcrumb":{"@id":"https:\/\/stilanddesign.se\/produkt\/ljusbla-kostymbyxa-med-skarp\/#breadcrumb"},"inLanguage":"en-US","potentialAction":[{"@type":"ReadAction","target":["https:\/\/stilanddesign.se\/produkt\/ljusbla-kostymbyxa-med-skarp\/"]}]},{"@type":"ImageObject","inLanguage":"en-US","@id":"https:\/\/stilanddesign.se\/produkt\/ljusbla-kostymbyxa-med-skarp\/#primaryimage","url":"https:\/\/stilanddesign.se\/wp-content\/uploads\/2026\/03\/7676555.jpg","contentUrl":"https:\/\/stilanddesign.se\/wp-content\/uploads\/2026\/03\/7676555.jpg","width":368,"height":640,"caption":"Ljusbl\u00e5 kostymbyxa med sk\u00e4rp"},{"@type":"BreadcrumbList","@id":"https:\/\/stilanddesign.se\/produkt\/ljusbla-kostymbyxa-med-skarp\/#breadcrumb","itemListElement":[{"@type":"ListItem","position":1,"name":"Hem","item":"https:\/\/stilanddesign.se\/"},{"@type":"ListItem","position":2,"name":"Butiken","item":"https:\/\/stilanddesign.se\/butiken\/"},{"@type":"ListItem","position":3,"name":"Ljusbl\u00e5 kostymbyxa med sk\u00e4rp"}]},{"@type":"WebSite","@id":"https:\/\/stilanddesign.se\/#website","url":"https:\/\/stilanddesign.se\/","name":"Style &amp; Design","description":"For those of us who love fashion!","publisher":{"@id":"https:\/\/stilanddesign.se\/#organization"},"potentialAction":[{"@type":"SearchAction","target":{"@type":"EntryPoint","urlTemplate":"https:\/\/stilanddesign.se\/?s={search_term_string}"},"query-input":{"@type":"PropertyValueSpecification","valueRequired":true,"valueName":"search_term_string"}}],"inLanguage":"en-US"},{"@type":"Organization","@id":"https:\/\/stilanddesign.se\/#organization","name":"Style &amp; Design","url":"https:\/\/stilanddesign.se\/","logo":{"@type":"ImageObject","inLanguage":"en-US","@id":"https:\/\/stilanddesign.se\/#\/schema\/logo\/image\/","url":"https:\/\/stilanddesign.se\/wp-content\/uploads\/2023\/12\/output-onlinepngtools-e1727784413220.png","contentUrl":"https:\/\/stilanddesign.se\/wp-content\/uploads\/2023\/12\/output-onlinepngtools-e1727784413220.png","width":519,"height":135,"caption":"Stil &amp; Design"},"image":{"@id":"https:\/\/stilanddesign.se\/#\/schema\/logo\/image\/"}}]}},"_links":{"self":[{"href":"https:\/\/stilanddesign.se\/en\/wp-json\/wp\/v2\/product\/1070027","targetHints":{"allow":["GET"]}}],"collection":[{"href":"https:\/\/stilanddesign.se\/en\/wp-json\/wp\/v2\/product"}],"about":[{"href":"https:\/\/stilanddesign.se\/en\/wp-json\/wp\/v2\/types\/product"}],"replies":[{"embeddable":true,"href":"https:\/\/stilanddesign.se\/en\/wp-json\/wp\/v2\/comments?post=1070027"}],"wp:featuredmedia":[{"embeddable":true,"href":"https:\/\/stilanddesign.se\/en\/wp-json\/wp\/v2\/media\/1070022"}],"wp:attachment":[{"href":"https:\/\/stilanddesign.se\/en\/wp-json\/wp\/v2\/media?parent=1070027"}],"wp:term":[{"taxonomy":"product_brand","embeddable":true,"href":"https:\/\/stilanddesign.se\/en\/wp-json\/wp\/v2\/product_brand?post=1070027"},{"taxonomy":"product_cat","embeddable":true,"href":"https:\/\/stilanddesign.se\/en\/wp-json\/wp\/v2\/product_cat?post=1070027"},{"taxonomy":"product_tag","embeddable":true,"href":"https:\/\/stilanddesign.se\/en\/wp-json\/wp\/v2\/product_tag?post=1070027"}],"curies":[{"name":"wp","href":"https:\/\/api.w.org\/{rel}","templated":true}]}}