{"id":1069972,"date":"2026-04-09T16:38:39","date_gmt":"2026-04-09T14:38:39","guid":{"rendered":"https:\/\/stilanddesign.se\/?post_type=product&#038;p=1069972"},"modified":"2026-04-10T09:30:04","modified_gmt":"2026-04-10T07:30:04","slug":"wendy-linneklanning-%e2%9c%a8","status":"publish","type":"product","link":"https:\/\/stilanddesign.se\/en\/product\/wendy-linneklanning-%e2%9c%a8\/","title":{"rendered":"Wendy linen dress \u2728"},"content":{"rendered":"<p data-start=\"68\" data-end=\"436\"><strong data-start=\"68\" data-end=\"93\">Wendy linen dress \u2728<\/strong><br data-start=\"93\" data-end=\"96\" \/>A timeless linen dress in 100% linen with a beautiful v-neck, decorative pleats at the front and a casually elegant silhouette. The versatile sleeves can be worn loose or rolled up and fastened with a button, making Wendy an obvious favorite for everyday wear as well as for casual summer days. Practical pockets add both comfort and style. \ud83c\udf3f<\/p>\n<p data-start=\"438\" data-end=\"516\" data-is-only-node=\"\"><strong data-start=\"438\" data-end=\"449\">One size<\/strong> \u2013 fits 34\u201346<br data-start=\"464\" data-end=\"467\" \/><strong data-start=\"467\" data-end=\"480\" data-is-only-node=\"\">Bust measurement:<\/strong> 60cm<br data-start=\"486\" data-end=\"489\" \/><strong data-start=\"489\" data-end=\"516\">The model is 171 cm tall.<\/strong><\/p>","protected":false},"excerpt":{"rendered":"<p data-start=\"68\" data-end=\"436\"><strong data-start=\"68\" data-end=\"93\">Wendy linen dress \u2728<\/strong><br data-start=\"93\" data-end=\"96\" \/>A timeless linen dress in 100% linen with a beautiful v-neck, decorative pleats at the front and a casually elegant silhouette. The versatile sleeves can be worn loose or rolled up and fastened with a button, making Wendy an obvious favorite for everyday wear as well as for casual summer days. Practical pockets add both comfort and style. \ud83c\udf3f<\/p>\n<p data-start=\"438\" data-end=\"516\" data-is-only-node=\"\"><strong data-start=\"438\" data-end=\"449\">One size<\/strong> \u2013 fits 34\u201346<br data-start=\"464\" data-end=\"467\" \/><strong data-start=\"467\" data-end=\"480\" data-is-only-node=\"\">Bust measurement:<\/strong> 60cm<br data-start=\"486\" data-end=\"489\" \/><strong data-start=\"489\" data-end=\"516\">The model is 171 cm tall.<\/strong><\/p>\n<h1 class=\"\"><span style=\"font-size: 16px;\">e.g.<\/span><\/h1>","protected":false},"featured_media":1069968,"comment_status":"closed","ping_status":"closed","template":"","meta":[],"product_brand":[],"product_cat":[215,217],"product_tag":[],"class_list":{"0":"post-1069972","1":"product","2":"type-product","3":"status-publish","4":"has-post-thumbnail","6":"product_cat-klanningar","7":"product_cat-produktnyheter","9":"first","10":"instock","11":"taxable","12":"shipping-taxable","13":"purchasable","14":"product-type-variable"},"yoast_head":"<!-- This site is optimized with the Yoast SEO Premium plugin v27.1 (Yoast SEO v27.4) - https:\/\/yoast.com\/product\/yoast-seo-premium-wordpress\/ -->\n<title>Wendy linnekl\u00e4nning \u2728 - Stil &amp; Design<\/title>\n<meta name=\"robots\" content=\"index, follow, max-snippet:-1, max-image-preview:large, max-video-preview:-1\" \/>\n<link rel=\"canonical\" href=\"https:\/\/stilanddesign.se\/en\/product\/wendy-linneklanning-\u2728\/\" \/>\n<meta property=\"og:locale\" content=\"en_US\" \/>\n<meta property=\"og:type\" content=\"article\" \/>\n<meta property=\"og:title\" content=\"Wendy linnekl\u00e4nning \u2728\" \/>\n<meta property=\"og:description\" content=\"Wendy linnekl\u00e4nning \u2728En tidl\u00f6s linnekl\u00e4nning i 100% linne med vacker v-ringning, dekorativa veck framtill och en avslappnat elegant silhuett. De m\u00e5ngsidiga \u00e4rmarna kan b\u00e4ras nedsl\u00e4ppta eller uppvikta och f\u00e4stas med knapp, vilket g\u00f6r Wendy till en lika sj\u00e4lvklar favorit till vardag som till lediga sommardagar. Praktiska fickor adderar b\u00e5de komfort och stil. \ud83c\udf3f Onesize \u2013 passar 34\u201346Bystm\u00e5tt: 60 cmModellen \u00e4r 171 cm l\u00e5ng  t.\" \/>\n<meta property=\"og:url\" content=\"https:\/\/stilanddesign.se\/en\/product\/wendy-linneklanning-\u2728\/\" \/>\n<meta property=\"og:site_name\" content=\"Stil &amp; Design\" \/>\n<meta property=\"article:modified_time\" content=\"2026-04-10T07:30:04+00:00\" \/>\n<meta name=\"twitter:card\" content=\"summary_large_image\" \/>\n<meta name=\"twitter:label1\" content=\"Est. reading time\" \/>\n\t<meta name=\"twitter:data1\" content=\"1 minute\" \/>\n<script type=\"application\/ld+json\" class=\"yoast-schema-graph\">{\"@context\":\"https:\\\/\\\/schema.org\",\"@graph\":[{\"@type\":\"WebPage\",\"@id\":\"https:\\\/\\\/stilanddesign.se\\\/produkt\\\/wendy-linneklanning-%e2%9c%a8\\\/\",\"url\":\"https:\\\/\\\/stilanddesign.se\\\/produkt\\\/wendy-linneklanning-%e2%9c%a8\\\/\",\"name\":\"Wendy linnekl\u00e4nning \u2728 - Stil &amp; Design\",\"isPartOf\":{\"@id\":\"https:\\\/\\\/stilanddesign.se\\\/#website\"},\"primaryImageOfPage\":{\"@id\":\"https:\\\/\\\/stilanddesign.se\\\/produkt\\\/wendy-linneklanning-%e2%9c%a8\\\/#primaryimage\"},\"image\":{\"@id\":\"https:\\\/\\\/stilanddesign.se\\\/produkt\\\/wendy-linneklanning-%e2%9c%a8\\\/#primaryimage\"},\"thumbnailUrl\":\"https:\\\/\\\/stilanddesign.se\\\/wp-content\\\/uploads\\\/2026\\\/03\\\/665.avif\",\"datePublished\":\"2026-04-09T14:38:39+00:00\",\"dateModified\":\"2026-04-10T07:30:04+00:00\",\"breadcrumb\":{\"@id\":\"https:\\\/\\\/stilanddesign.se\\\/produkt\\\/wendy-linneklanning-%e2%9c%a8\\\/#breadcrumb\"},\"inLanguage\":\"en-US\",\"potentialAction\":[{\"@type\":\"ReadAction\",\"target\":[\"https:\\\/\\\/stilanddesign.se\\\/produkt\\\/wendy-linneklanning-%e2%9c%a8\\\/\"]}]},{\"@type\":\"ImageObject\",\"inLanguage\":\"en-US\",\"@id\":\"https:\\\/\\\/stilanddesign.se\\\/produkt\\\/wendy-linneklanning-%e2%9c%a8\\\/#primaryimage\",\"url\":\"https:\\\/\\\/stilanddesign.se\\\/wp-content\\\/uploads\\\/2026\\\/03\\\/665.avif\",\"contentUrl\":\"https:\\\/\\\/stilanddesign.se\\\/wp-content\\\/uploads\\\/2026\\\/03\\\/665.avif\",\"width\":1080,\"height\":1440,\"caption\":\"Linnekl\u00e4nning med v-ringning i orange\"},{\"@type\":\"BreadcrumbList\",\"@id\":\"https:\\\/\\\/stilanddesign.se\\\/produkt\\\/wendy-linneklanning-%e2%9c%a8\\\/#breadcrumb\",\"itemListElement\":[{\"@type\":\"ListItem\",\"position\":1,\"name\":\"Hem\",\"item\":\"https:\\\/\\\/stilanddesign.se\\\/\"},{\"@type\":\"ListItem\",\"position\":2,\"name\":\"Butiken\",\"item\":\"https:\\\/\\\/stilanddesign.se\\\/butiken\\\/\"},{\"@type\":\"ListItem\",\"position\":3,\"name\":\"Wendy linnekl\u00e4nning \u2728\"}]},{\"@type\":\"WebSite\",\"@id\":\"https:\\\/\\\/stilanddesign.se\\\/#website\",\"url\":\"https:\\\/\\\/stilanddesign.se\\\/\",\"name\":\"Stil &amp; Design\",\"description\":\"F\u00f6r oss som \u00e4lskar mode!\",\"publisher\":{\"@id\":\"https:\\\/\\\/stilanddesign.se\\\/#organization\"},\"potentialAction\":[{\"@type\":\"SearchAction\",\"target\":{\"@type\":\"EntryPoint\",\"urlTemplate\":\"https:\\\/\\\/stilanddesign.se\\\/?s={search_term_string}\"},\"query-input\":{\"@type\":\"PropertyValueSpecification\",\"valueRequired\":true,\"valueName\":\"search_term_string\"}}],\"inLanguage\":\"en-US\"},{\"@type\":\"Organization\",\"@id\":\"https:\\\/\\\/stilanddesign.se\\\/#organization\",\"name\":\"Stil &amp; Design\",\"url\":\"https:\\\/\\\/stilanddesign.se\\\/\",\"logo\":{\"@type\":\"ImageObject\",\"inLanguage\":\"en-US\",\"@id\":\"https:\\\/\\\/stilanddesign.se\\\/#\\\/schema\\\/logo\\\/image\\\/\",\"url\":\"https:\\\/\\\/stilanddesign.se\\\/wp-content\\\/uploads\\\/2023\\\/12\\\/output-onlinepngtools-e1727784413220.png\",\"contentUrl\":\"https:\\\/\\\/stilanddesign.se\\\/wp-content\\\/uploads\\\/2023\\\/12\\\/output-onlinepngtools-e1727784413220.png\",\"width\":519,\"height\":135,\"caption\":\"Stil &amp; Design\"},\"image\":{\"@id\":\"https:\\\/\\\/stilanddesign.se\\\/#\\\/schema\\\/logo\\\/image\\\/\"}}]}<\/script>\n<!-- \/ Yoast SEO Premium plugin. -->","yoast_head_json":{"title":"Wendy linnekl\u00e4nning \u2728 - Stil &amp; Design","robots":{"index":"index","follow":"follow","max-snippet":"max-snippet:-1","max-image-preview":"max-image-preview:large","max-video-preview":"max-video-preview:-1"},"canonical":"https:\/\/stilanddesign.se\/en\/product\/wendy-linneklanning-\u2728\/","og_locale":"en_US","og_type":"article","og_title":"Wendy linnekl\u00e4nning \u2728","og_description":"Wendy linnekl\u00e4nning \u2728En tidl\u00f6s linnekl\u00e4nning i 100% linne med vacker v-ringning, dekorativa veck framtill och en avslappnat elegant silhuett. De m\u00e5ngsidiga \u00e4rmarna kan b\u00e4ras nedsl\u00e4ppta eller uppvikta och f\u00e4stas med knapp, vilket g\u00f6r Wendy till en lika sj\u00e4lvklar favorit till vardag som till lediga sommardagar. Praktiska fickor adderar b\u00e5de komfort och stil. \ud83c\udf3f Onesize \u2013 passar 34\u201346Bystm\u00e5tt: 60 cmModellen \u00e4r 171 cm l\u00e5ng  t.","og_url":"https:\/\/stilanddesign.se\/en\/product\/wendy-linneklanning-\u2728\/","og_site_name":"Stil &amp; Design","article_modified_time":"2026-04-10T07:30:04+00:00","twitter_card":"summary_large_image","twitter_misc":{"Est. reading time":"1 minute"},"schema":{"@context":"https:\/\/schema.org","@graph":[{"@type":"WebPage","@id":"https:\/\/stilanddesign.se\/produkt\/wendy-linneklanning-%e2%9c%a8\/","url":"https:\/\/stilanddesign.se\/produkt\/wendy-linneklanning-%e2%9c%a8\/","name":"Wendy linnekl\u00e4nning \u2728 - Stil &amp; Design","isPartOf":{"@id":"https:\/\/stilanddesign.se\/#website"},"primaryImageOfPage":{"@id":"https:\/\/stilanddesign.se\/produkt\/wendy-linneklanning-%e2%9c%a8\/#primaryimage"},"image":{"@id":"https:\/\/stilanddesign.se\/produkt\/wendy-linneklanning-%e2%9c%a8\/#primaryimage"},"thumbnailUrl":"https:\/\/stilanddesign.se\/wp-content\/uploads\/2026\/03\/665.avif","datePublished":"2026-04-09T14:38:39+00:00","dateModified":"2026-04-10T07:30:04+00:00","breadcrumb":{"@id":"https:\/\/stilanddesign.se\/produkt\/wendy-linneklanning-%e2%9c%a8\/#breadcrumb"},"inLanguage":"en-US","potentialAction":[{"@type":"ReadAction","target":["https:\/\/stilanddesign.se\/produkt\/wendy-linneklanning-%e2%9c%a8\/"]}]},{"@type":"ImageObject","inLanguage":"en-US","@id":"https:\/\/stilanddesign.se\/produkt\/wendy-linneklanning-%e2%9c%a8\/#primaryimage","url":"https:\/\/stilanddesign.se\/wp-content\/uploads\/2026\/03\/665.avif","contentUrl":"https:\/\/stilanddesign.se\/wp-content\/uploads\/2026\/03\/665.avif","width":1080,"height":1440,"caption":"Linnekl\u00e4nning med v-ringning i orange"},{"@type":"BreadcrumbList","@id":"https:\/\/stilanddesign.se\/produkt\/wendy-linneklanning-%e2%9c%a8\/#breadcrumb","itemListElement":[{"@type":"ListItem","position":1,"name":"Hem","item":"https:\/\/stilanddesign.se\/"},{"@type":"ListItem","position":2,"name":"Butiken","item":"https:\/\/stilanddesign.se\/butiken\/"},{"@type":"ListItem","position":3,"name":"Wendy linnekl\u00e4nning \u2728"}]},{"@type":"WebSite","@id":"https:\/\/stilanddesign.se\/#website","url":"https:\/\/stilanddesign.se\/","name":"Style &amp; Design","description":"For those of us who love fashion!","publisher":{"@id":"https:\/\/stilanddesign.se\/#organization"},"potentialAction":[{"@type":"SearchAction","target":{"@type":"EntryPoint","urlTemplate":"https:\/\/stilanddesign.se\/?s={search_term_string}"},"query-input":{"@type":"PropertyValueSpecification","valueRequired":true,"valueName":"search_term_string"}}],"inLanguage":"en-US"},{"@type":"Organization","@id":"https:\/\/stilanddesign.se\/#organization","name":"Style &amp; Design","url":"https:\/\/stilanddesign.se\/","logo":{"@type":"ImageObject","inLanguage":"en-US","@id":"https:\/\/stilanddesign.se\/#\/schema\/logo\/image\/","url":"https:\/\/stilanddesign.se\/wp-content\/uploads\/2023\/12\/output-onlinepngtools-e1727784413220.png","contentUrl":"https:\/\/stilanddesign.se\/wp-content\/uploads\/2023\/12\/output-onlinepngtools-e1727784413220.png","width":519,"height":135,"caption":"Stil &amp; Design"},"image":{"@id":"https:\/\/stilanddesign.se\/#\/schema\/logo\/image\/"}}]}},"_links":{"self":[{"href":"https:\/\/stilanddesign.se\/en\/wp-json\/wp\/v2\/product\/1069972","targetHints":{"allow":["GET"]}}],"collection":[{"href":"https:\/\/stilanddesign.se\/en\/wp-json\/wp\/v2\/product"}],"about":[{"href":"https:\/\/stilanddesign.se\/en\/wp-json\/wp\/v2\/types\/product"}],"replies":[{"embeddable":true,"href":"https:\/\/stilanddesign.se\/en\/wp-json\/wp\/v2\/comments?post=1069972"}],"wp:featuredmedia":[{"embeddable":true,"href":"https:\/\/stilanddesign.se\/en\/wp-json\/wp\/v2\/media\/1069968"}],"wp:attachment":[{"href":"https:\/\/stilanddesign.se\/en\/wp-json\/wp\/v2\/media?parent=1069972"}],"wp:term":[{"taxonomy":"product_brand","embeddable":true,"href":"https:\/\/stilanddesign.se\/en\/wp-json\/wp\/v2\/product_brand?post=1069972"},{"taxonomy":"product_cat","embeddable":true,"href":"https:\/\/stilanddesign.se\/en\/wp-json\/wp\/v2\/product_cat?post=1069972"},{"taxonomy":"product_tag","embeddable":true,"href":"https:\/\/stilanddesign.se\/en\/wp-json\/wp\/v2\/product_tag?post=1069972"}],"curies":[{"name":"wp","href":"https:\/\/api.w.org\/{rel}","templated":true}]}}