{"id":1069856,"date":"2026-03-17T16:50:35","date_gmt":"2026-03-17T15:50:35","guid":{"rendered":"https:\/\/stilanddesign.se\/?post_type=product&#038;p=1069856"},"modified":"2026-03-17T16:58:46","modified_gmt":"2026-03-17T15:58:46","slug":"palmblads-monstrade-byxor-i-krinklad-polyestersilke","status":"publish","type":"product","link":"https:\/\/stilanddesign.se\/en\/product\/palmblads-monstrade-byxor-i-krinklad-polyestersilke\/","title":{"rendered":"Palm leaf patterned trousers in crinkled polyester silk"},"content":{"rendered":"<h1 class=\"product_title entry-title\">Lush Pants Champagne\/Black<\/h1>\n<p>Plum leaf patterned trousers in crinkled polyester silk with a loose fit, elastic and tie waist. Discreet side pockets - luxurious and trendy trousers.<\/p>\n<p><span data-sheets-root=\"1\">Incredibly luxurious trousers in soft and supple crinkled polyester satin. These plum leaf patterned trousers are designed in a loose fit that flows nicely from the body for a relaxed and trendy silhouette. The waist has both elastic and a tie with tassels, making it easy to adjust the fit as desired. Discreet, slanted pockets along both side seams provide function and style without disturbing the design. Perfect casual and elegant trousers that can be styled for both everyday and party wear for a sophisticated look.<\/span><\/p>\n<p>Kvalit\u00e9: 100% krinklad polyester satin.<br \/>\nInnebensm\u00e5tt: 69 cm i storlek M.<br \/>\nThe model is 170 cm and wears size S.<br \/>\nTips! Matcha med tillh\u00f6rande Lush Blus.<\/p>","protected":false},"excerpt":{"rendered":"<h1 class=\"product_title entry-title\">Lush Pants Champagne\/Black<\/h1>\n<p>Plum leaf patterned trousers in crinkled polyester silk with a loose fit, elastic and tie waist. Discreet side pockets - luxurious and trendy trousers.<\/p>\n<p><span data-sheets-root=\"1\">Incredibly luxurious trousers in soft and supple crinkled polyester satin. These plum leaf patterned trousers are designed in a loose fit that flows nicely from the body for a relaxed and trendy silhouette. The waist has both elastic and a tie with tassels, making it easy to adjust the fit as desired. Discreet, slanted pockets along both side seams provide function and style without disturbing the design. Perfect casual and elegant trousers that can be styled for both everyday and party wear for a sophisticated look.<\/span><\/p>\n<p>Kvalit\u00e9: 100% krinklad polyester satin.<br \/>\nInnebensm\u00e5tt: 69 cm i storlek M.<br \/>\nThe model is 170 cm and wears size S.<br \/>\nTips! Matcha med tillh\u00f6rande Lush Blus.<\/p>","protected":false},"featured_media":1069849,"comment_status":"closed","ping_status":"closed","template":"","meta":[],"product_brand":[],"product_cat":[203],"product_tag":[],"class_list":{"0":"post-1069856","1":"product","2":"type-product","3":"status-publish","4":"has-post-thumbnail","6":"product_cat-byxor","8":"first","9":"instock","10":"taxable","11":"shipping-taxable","12":"purchasable","13":"product-type-variable"},"yoast_head":"<!-- This site is optimized with the Yoast SEO Premium plugin v27.1 (Yoast SEO v27.4) - https:\/\/yoast.com\/product\/yoast-seo-premium-wordpress\/ -->\n<title>Palmblads-m\u00f6nstrade byxor i krinklad polyestersilke - Stil &amp; Design<\/title>\n<meta name=\"robots\" content=\"index, follow, max-snippet:-1, max-image-preview:large, max-video-preview:-1\" \/>\n<link rel=\"canonical\" href=\"https:\/\/stilanddesign.se\/en\/product\/palmblads-monstrade-byxor-i-krinklad-polyestersilke\/\" \/>\n<meta property=\"og:locale\" content=\"en_US\" \/>\n<meta property=\"og:type\" content=\"article\" \/>\n<meta property=\"og:title\" content=\"Palmblads-m\u00f6nstrade byxor i krinklad polyestersilke\" \/>\n<meta property=\"og:description\" content=\"Lush Pants Champagne\/Black Plamblads-m\u00f6nstrade byxor i krinklad polyester siden med ledig passform, res\u00e5r och knytband i midjan. Diskreta sidsfickor \u2013 lyxiga och trendiga byxor.  Otroligt lyxiga byxor i mjukt och f\u00f6ljsamt krinklad polyester satin. Denna plamblads-m\u00f6nstrade byxa \u00e4r designad i en ledig passform som sl\u00e4pper snyggt fr\u00e5n kroppen f\u00f6r en avslappnad och trendig siluett. Midjan har b\u00e5de res\u00e5r och knytband med toffsar, vilket g\u00f6r det enkelt att justera passformen efter \u00f6nskem\u00e5l. Diskreta, snedst\u00e4llda fickor l\u00e4ngs b\u00e5da sids\u00f6mmarna ger funktion och stil utan att st\u00f6ra designen. Perfekta lediga och eleganta byxor som kan stylas b\u00e5de till vardag och fest f\u00f6r en sofistikerad look.  Kvalit\u00e9: 100% krinklad polyester satin. Innebensm\u00e5tt: 69 cm i storlek M. Modellen \u00e4r 170 cm och b\u00e4r storlek S. Tips! Matcha med tillh\u00f6rande Lush Blus.\" \/>\n<meta property=\"og:url\" content=\"https:\/\/stilanddesign.se\/en\/product\/palmblads-monstrade-byxor-i-krinklad-polyestersilke\/\" \/>\n<meta property=\"og:site_name\" content=\"Stil &amp; Design\" \/>\n<meta property=\"article:modified_time\" content=\"2026-03-17T15:58:46+00:00\" \/>\n<meta property=\"og:image\" content=\"https:\/\/stilanddesign.se\/wp-content\/uploads\/2026\/03\/887876666-1.jpg\" \/>\n\t<meta property=\"og:image:width\" content=\"900\" \/>\n\t<meta property=\"og:image:height\" content=\"1350\" \/>\n\t<meta property=\"og:image:type\" content=\"image\/jpeg\" \/>\n<meta name=\"twitter:card\" content=\"summary_large_image\" \/>\n<meta name=\"twitter:label1\" content=\"Est. reading time\" \/>\n\t<meta name=\"twitter:data1\" content=\"1 minute\" \/>\n<script type=\"application\/ld+json\" class=\"yoast-schema-graph\">{\"@context\":\"https:\\\/\\\/schema.org\",\"@graph\":[{\"@type\":\"WebPage\",\"@id\":\"https:\\\/\\\/stilanddesign.se\\\/produkt\\\/palmblads-monstrade-byxor-i-krinklad-polyestersilke\\\/\",\"url\":\"https:\\\/\\\/stilanddesign.se\\\/produkt\\\/palmblads-monstrade-byxor-i-krinklad-polyestersilke\\\/\",\"name\":\"Palmblads-m\u00f6nstrade byxor i krinklad polyestersilke - Stil &amp; Design\",\"isPartOf\":{\"@id\":\"https:\\\/\\\/stilanddesign.se\\\/#website\"},\"primaryImageOfPage\":{\"@id\":\"https:\\\/\\\/stilanddesign.se\\\/produkt\\\/palmblads-monstrade-byxor-i-krinklad-polyestersilke\\\/#primaryimage\"},\"image\":{\"@id\":\"https:\\\/\\\/stilanddesign.se\\\/produkt\\\/palmblads-monstrade-byxor-i-krinklad-polyestersilke\\\/#primaryimage\"},\"thumbnailUrl\":\"https:\\\/\\\/stilanddesign.se\\\/wp-content\\\/uploads\\\/2026\\\/03\\\/887876666-1.jpg\",\"datePublished\":\"2026-03-17T15:50:35+00:00\",\"dateModified\":\"2026-03-17T15:58:46+00:00\",\"breadcrumb\":{\"@id\":\"https:\\\/\\\/stilanddesign.se\\\/produkt\\\/palmblads-monstrade-byxor-i-krinklad-polyestersilke\\\/#breadcrumb\"},\"inLanguage\":\"en-US\",\"potentialAction\":[{\"@type\":\"ReadAction\",\"target\":[\"https:\\\/\\\/stilanddesign.se\\\/produkt\\\/palmblads-monstrade-byxor-i-krinklad-polyestersilke\\\/\"]}]},{\"@type\":\"ImageObject\",\"inLanguage\":\"en-US\",\"@id\":\"https:\\\/\\\/stilanddesign.se\\\/produkt\\\/palmblads-monstrade-byxor-i-krinklad-polyestersilke\\\/#primaryimage\",\"url\":\"https:\\\/\\\/stilanddesign.se\\\/wp-content\\\/uploads\\\/2026\\\/03\\\/887876666-1.jpg\",\"contentUrl\":\"https:\\\/\\\/stilanddesign.se\\\/wp-content\\\/uploads\\\/2026\\\/03\\\/887876666-1.jpg\",\"width\":900,\"height\":1350,\"caption\":\"Palmblads-m\u00f6nstrade byxor i krinklad polyestersilke\"},{\"@type\":\"BreadcrumbList\",\"@id\":\"https:\\\/\\\/stilanddesign.se\\\/produkt\\\/palmblads-monstrade-byxor-i-krinklad-polyestersilke\\\/#breadcrumb\",\"itemListElement\":[{\"@type\":\"ListItem\",\"position\":1,\"name\":\"Hem\",\"item\":\"https:\\\/\\\/stilanddesign.se\\\/\"},{\"@type\":\"ListItem\",\"position\":2,\"name\":\"Butiken\",\"item\":\"https:\\\/\\\/stilanddesign.se\\\/butiken\\\/\"},{\"@type\":\"ListItem\",\"position\":3,\"name\":\"Palmblads-m\u00f6nstrade byxor i krinklad polyestersilke\"}]},{\"@type\":\"WebSite\",\"@id\":\"https:\\\/\\\/stilanddesign.se\\\/#website\",\"url\":\"https:\\\/\\\/stilanddesign.se\\\/\",\"name\":\"Stil &amp; Design\",\"description\":\"F\u00f6r oss som \u00e4lskar mode!\",\"publisher\":{\"@id\":\"https:\\\/\\\/stilanddesign.se\\\/#organization\"},\"potentialAction\":[{\"@type\":\"SearchAction\",\"target\":{\"@type\":\"EntryPoint\",\"urlTemplate\":\"https:\\\/\\\/stilanddesign.se\\\/?s={search_term_string}\"},\"query-input\":{\"@type\":\"PropertyValueSpecification\",\"valueRequired\":true,\"valueName\":\"search_term_string\"}}],\"inLanguage\":\"en-US\"},{\"@type\":\"Organization\",\"@id\":\"https:\\\/\\\/stilanddesign.se\\\/#organization\",\"name\":\"Stil &amp; Design\",\"url\":\"https:\\\/\\\/stilanddesign.se\\\/\",\"logo\":{\"@type\":\"ImageObject\",\"inLanguage\":\"en-US\",\"@id\":\"https:\\\/\\\/stilanddesign.se\\\/#\\\/schema\\\/logo\\\/image\\\/\",\"url\":\"https:\\\/\\\/stilanddesign.se\\\/wp-content\\\/uploads\\\/2023\\\/12\\\/output-onlinepngtools-e1727784413220.png\",\"contentUrl\":\"https:\\\/\\\/stilanddesign.se\\\/wp-content\\\/uploads\\\/2023\\\/12\\\/output-onlinepngtools-e1727784413220.png\",\"width\":519,\"height\":135,\"caption\":\"Stil &amp; Design\"},\"image\":{\"@id\":\"https:\\\/\\\/stilanddesign.se\\\/#\\\/schema\\\/logo\\\/image\\\/\"}}]}<\/script>\n<!-- \/ Yoast SEO Premium plugin. -->","yoast_head_json":{"title":"Palmblads-m\u00f6nstrade byxor i krinklad polyestersilke - Stil &amp; Design","robots":{"index":"index","follow":"follow","max-snippet":"max-snippet:-1","max-image-preview":"max-image-preview:large","max-video-preview":"max-video-preview:-1"},"canonical":"https:\/\/stilanddesign.se\/en\/product\/palmblads-monstrade-byxor-i-krinklad-polyestersilke\/","og_locale":"en_US","og_type":"article","og_title":"Palmblads-m\u00f6nstrade byxor i krinklad polyestersilke","og_description":"Lush Pants Champagne\/Black Plamblads-m\u00f6nstrade byxor i krinklad polyester siden med ledig passform, res\u00e5r och knytband i midjan. Diskreta sidsfickor \u2013 lyxiga och trendiga byxor.  Otroligt lyxiga byxor i mjukt och f\u00f6ljsamt krinklad polyester satin. Denna plamblads-m\u00f6nstrade byxa \u00e4r designad i en ledig passform som sl\u00e4pper snyggt fr\u00e5n kroppen f\u00f6r en avslappnad och trendig siluett. Midjan har b\u00e5de res\u00e5r och knytband med toffsar, vilket g\u00f6r det enkelt att justera passformen efter \u00f6nskem\u00e5l. Diskreta, snedst\u00e4llda fickor l\u00e4ngs b\u00e5da sids\u00f6mmarna ger funktion och stil utan att st\u00f6ra designen. Perfekta lediga och eleganta byxor som kan stylas b\u00e5de till vardag och fest f\u00f6r en sofistikerad look.  Kvalit\u00e9: 100% krinklad polyester satin. Innebensm\u00e5tt: 69 cm i storlek M. Modellen \u00e4r 170 cm och b\u00e4r storlek S. Tips! Matcha med tillh\u00f6rande Lush Blus.","og_url":"https:\/\/stilanddesign.se\/en\/product\/palmblads-monstrade-byxor-i-krinklad-polyestersilke\/","og_site_name":"Stil &amp; Design","article_modified_time":"2026-03-17T15:58:46+00:00","og_image":[{"width":900,"height":1350,"url":"https:\/\/stilanddesign.se\/wp-content\/uploads\/2026\/03\/887876666-1.jpg","type":"image\/jpeg"}],"twitter_card":"summary_large_image","twitter_misc":{"Est. reading time":"1 minute"},"schema":{"@context":"https:\/\/schema.org","@graph":[{"@type":"WebPage","@id":"https:\/\/stilanddesign.se\/produkt\/palmblads-monstrade-byxor-i-krinklad-polyestersilke\/","url":"https:\/\/stilanddesign.se\/produkt\/palmblads-monstrade-byxor-i-krinklad-polyestersilke\/","name":"Palmblads-m\u00f6nstrade byxor i krinklad polyestersilke - Stil &amp; Design","isPartOf":{"@id":"https:\/\/stilanddesign.se\/#website"},"primaryImageOfPage":{"@id":"https:\/\/stilanddesign.se\/produkt\/palmblads-monstrade-byxor-i-krinklad-polyestersilke\/#primaryimage"},"image":{"@id":"https:\/\/stilanddesign.se\/produkt\/palmblads-monstrade-byxor-i-krinklad-polyestersilke\/#primaryimage"},"thumbnailUrl":"https:\/\/stilanddesign.se\/wp-content\/uploads\/2026\/03\/887876666-1.jpg","datePublished":"2026-03-17T15:50:35+00:00","dateModified":"2026-03-17T15:58:46+00:00","breadcrumb":{"@id":"https:\/\/stilanddesign.se\/produkt\/palmblads-monstrade-byxor-i-krinklad-polyestersilke\/#breadcrumb"},"inLanguage":"en-US","potentialAction":[{"@type":"ReadAction","target":["https:\/\/stilanddesign.se\/produkt\/palmblads-monstrade-byxor-i-krinklad-polyestersilke\/"]}]},{"@type":"ImageObject","inLanguage":"en-US","@id":"https:\/\/stilanddesign.se\/produkt\/palmblads-monstrade-byxor-i-krinklad-polyestersilke\/#primaryimage","url":"https:\/\/stilanddesign.se\/wp-content\/uploads\/2026\/03\/887876666-1.jpg","contentUrl":"https:\/\/stilanddesign.se\/wp-content\/uploads\/2026\/03\/887876666-1.jpg","width":900,"height":1350,"caption":"Palmblads-m\u00f6nstrade byxor i krinklad polyestersilke"},{"@type":"BreadcrumbList","@id":"https:\/\/stilanddesign.se\/produkt\/palmblads-monstrade-byxor-i-krinklad-polyestersilke\/#breadcrumb","itemListElement":[{"@type":"ListItem","position":1,"name":"Hem","item":"https:\/\/stilanddesign.se\/"},{"@type":"ListItem","position":2,"name":"Butiken","item":"https:\/\/stilanddesign.se\/butiken\/"},{"@type":"ListItem","position":3,"name":"Palmblads-m\u00f6nstrade byxor i krinklad polyestersilke"}]},{"@type":"WebSite","@id":"https:\/\/stilanddesign.se\/#website","url":"https:\/\/stilanddesign.se\/","name":"Style &amp; Design","description":"For those of us who love fashion!","publisher":{"@id":"https:\/\/stilanddesign.se\/#organization"},"potentialAction":[{"@type":"SearchAction","target":{"@type":"EntryPoint","urlTemplate":"https:\/\/stilanddesign.se\/?s={search_term_string}"},"query-input":{"@type":"PropertyValueSpecification","valueRequired":true,"valueName":"search_term_string"}}],"inLanguage":"en-US"},{"@type":"Organization","@id":"https:\/\/stilanddesign.se\/#organization","name":"Style &amp; Design","url":"https:\/\/stilanddesign.se\/","logo":{"@type":"ImageObject","inLanguage":"en-US","@id":"https:\/\/stilanddesign.se\/#\/schema\/logo\/image\/","url":"https:\/\/stilanddesign.se\/wp-content\/uploads\/2023\/12\/output-onlinepngtools-e1727784413220.png","contentUrl":"https:\/\/stilanddesign.se\/wp-content\/uploads\/2023\/12\/output-onlinepngtools-e1727784413220.png","width":519,"height":135,"caption":"Stil &amp; Design"},"image":{"@id":"https:\/\/stilanddesign.se\/#\/schema\/logo\/image\/"}}]}},"_links":{"self":[{"href":"https:\/\/stilanddesign.se\/en\/wp-json\/wp\/v2\/product\/1069856","targetHints":{"allow":["GET"]}}],"collection":[{"href":"https:\/\/stilanddesign.se\/en\/wp-json\/wp\/v2\/product"}],"about":[{"href":"https:\/\/stilanddesign.se\/en\/wp-json\/wp\/v2\/types\/product"}],"replies":[{"embeddable":true,"href":"https:\/\/stilanddesign.se\/en\/wp-json\/wp\/v2\/comments?post=1069856"}],"wp:featuredmedia":[{"embeddable":true,"href":"https:\/\/stilanddesign.se\/en\/wp-json\/wp\/v2\/media\/1069849"}],"wp:attachment":[{"href":"https:\/\/stilanddesign.se\/en\/wp-json\/wp\/v2\/media?parent=1069856"}],"wp:term":[{"taxonomy":"product_brand","embeddable":true,"href":"https:\/\/stilanddesign.se\/en\/wp-json\/wp\/v2\/product_brand?post=1069856"},{"taxonomy":"product_cat","embeddable":true,"href":"https:\/\/stilanddesign.se\/en\/wp-json\/wp\/v2\/product_cat?post=1069856"},{"taxonomy":"product_tag","embeddable":true,"href":"https:\/\/stilanddesign.se\/en\/wp-json\/wp\/v2\/product_tag?post=1069856"}],"curies":[{"name":"wp","href":"https:\/\/api.w.org\/{rel}","templated":true}]}}