{"id":1069828,"date":"2026-04-10T10:10:22","date_gmt":"2026-04-10T08:10:22","guid":{"rendered":"https:\/\/stilanddesign.se\/?post_type=product&#038;p=1069828"},"modified":"2026-04-16T17:00:04","modified_gmt":"2026-04-16T15:00:04","slug":"%f0%9f%a4%8d-dromlik-blus-i-romantisk-spets-mesh","status":"publish","type":"product","link":"https:\/\/stilanddesign.se\/en\/product\/%f0%9f%a4%8d-dromlik-blus-i-romantisk-spets-mesh\/","title":{"rendered":"\ud83e\udd0d Dreamy blouse in romantic lace &amp; mesh"},"content":{"rendered":"<p data-start=\"66\" data-end=\"112\">\ud83e\udd0d <strong data-start=\"69\" data-end=\"110\">Dreamy blouse in romantic lace &amp; mesh<\/strong><\/p>\n<p data-start=\"114\" data-end=\"308\">Fleur Blus is a dream for those who love feminine details with an elegant twist. The beautiful mesh quality is adorned with tone-on-tone flowers and dots that give a subtle yet luxurious expression.<\/p>\n<p data-start=\"310\" data-end=\"540\">The boat neckline combined with the fine satin ribbon at the neck creates a soft and sophisticated feel. The airy puff sleeves add volume and movement, while the relaxed fit makes the blouse both comfortable and flattering.<\/p>\n<p data-start=\"542\" data-end=\"616\">\u2728 Perfect for both everyday and party wear \u2013 just as nice with jeans as with a skirt.<\/p>\n<p data-start=\"618\" data-end=\"811\">\ud83c\udf3f Details:<br data-start=\"630\" data-end=\"633\" \/>\u2022 Tone-on-tone pattern with flowers &amp; dots<br data-start=\"674\" data-end=\"677\" \/>\u2022 Boat neckline with decorative satin ribbon<br data-start=\"716\" data-end=\"719\" \/>\u2022 3\/4 puff sleeves with soft elastic<br data-start=\"747\" data-end=\"750\" \/>\u2022 Fully lined for extra comfort<br data-start=\"779\" data-end=\"782\" \/>\u2022 Loose and airy fit<\/p>\n<p data-start=\"813\" data-end=\"876\">\ud83d\udccf Length: 58 cm (size M)<br data-start=\"836\" data-end=\"839\" \/>\ud83d\udcd0 The model is 170 cm and wears size S<\/p>\n<p data-start=\"878\" data-end=\"954\">\ud83e\uddf5 Materials:<br data-start=\"890\" data-end=\"893\" \/>Outer fabric: 100% polyester mesh<br data-start=\"922\" data-end=\"925\" \/>Lining: 100% polyester tricot<\/p>\n<p data-start=\"956\" data-end=\"1010\" data-is-last-node=\"\" data-is-only-node=\"\">\ud83d\udc96 A romantic statement blouse that elevates every outfit!<\/p>","protected":false},"excerpt":{"rendered":"<p data-start=\"66\" data-end=\"112\">\ud83e\udd0d <strong data-start=\"69\" data-end=\"110\">Dreamy blouse in romantic lace &amp; mesh<\/strong><\/p>\n<p data-start=\"114\" data-end=\"308\">Fleur Blus is a dream for those who love feminine details with an elegant twist. The beautiful mesh quality is adorned with tone-on-tone flowers and dots that give a subtle yet luxurious expression.<\/p>\n<p data-start=\"310\" data-end=\"540\">The boat neckline combined with the fine satin ribbon at the neck creates a soft and sophisticated feel. The airy puff sleeves add volume and movement, while the relaxed fit makes the blouse both comfortable and flattering.<\/p>\n<p data-start=\"542\" data-end=\"616\">\u2728 Perfect for both everyday and party wear \u2013 just as nice with jeans as with a skirt.<\/p>\n<p data-start=\"618\" data-end=\"811\">\ud83c\udf3f Details:<br data-start=\"630\" data-end=\"633\" \/>\u2022 Tone-on-tone pattern with flowers &amp; dots<br data-start=\"674\" data-end=\"677\" \/>\u2022 Boat neckline with decorative satin ribbon<br data-start=\"716\" data-end=\"719\" \/>\u2022 3\/4 puff sleeves with soft elastic<br data-start=\"747\" data-end=\"750\" \/>\u2022 Fully lined for extra comfort<br data-start=\"779\" data-end=\"782\" \/>\u2022 Loose and airy fit<\/p>\n<p data-start=\"813\" data-end=\"876\">\ud83d\udccf Length: 58 cm (size M)<br data-start=\"836\" data-end=\"839\" \/>\ud83d\udcd0 The model is 170 cm and wears size S<\/p>\n<p data-start=\"878\" data-end=\"954\">\ud83e\uddf5 Materials:<br data-start=\"890\" data-end=\"893\" \/>Outer fabric: 100% polyester mesh<br data-start=\"922\" data-end=\"925\" \/>Lining: 100% polyester tricot<\/p>\n<p data-start=\"956\" data-end=\"1010\" data-is-last-node=\"\" data-is-only-node=\"\">\ud83d\udc96 A romantic statement blouse that elevates every outfit!<\/p>","protected":false},"featured_media":1069822,"comment_status":"closed","ping_status":"closed","template":"","meta":[],"product_brand":[],"product_cat":[211,217],"product_tag":[],"class_list":{"0":"post-1069828","1":"product","2":"type-product","3":"status-publish","4":"has-post-thumbnail","6":"product_cat-blusar","7":"product_cat-produktnyheter","9":"first","10":"instock","11":"taxable","12":"shipping-taxable","13":"purchasable","14":"product-type-variable"},"yoast_head":"<!-- This site is optimized with the Yoast SEO Premium plugin v27.1 (Yoast SEO v27.4) - https:\/\/yoast.com\/product\/yoast-seo-premium-wordpress\/ -->\n<title>\ud83e\udd0d Dr\u00f6mlik blus i romantisk spets &amp; mesh - Stil &amp; Design<\/title>\n<meta name=\"robots\" content=\"index, follow, max-snippet:-1, max-image-preview:large, max-video-preview:-1\" \/>\n<link rel=\"canonical\" href=\"https:\/\/stilanddesign.se\/en\/product\/\ud83e\udd0d-dromlik-blus-i-romantisk-spets-mesh\/\" \/>\n<meta property=\"og:locale\" content=\"en_US\" \/>\n<meta property=\"og:type\" content=\"article\" \/>\n<meta property=\"og:title\" content=\"\ud83e\udd0d Dr\u00f6mlik blus i romantisk spets &amp; mesh\" \/>\n<meta property=\"og:description\" content=\"\ud83e\udd0d Dr\u00f6mlik blus i romantisk spets &amp; mesh Fleur Blus \u00e4r en riktig dr\u00f6m f\u00f6r dig som \u00e4lskar feminina detaljer med en elegant twist. Den vackra meshkvaliteten pryds av ton-i-ton blommor och prickar som ger ett subtilt men lyxigt uttryck. Den b\u00e5tformade halsringningen tillsammans med det fina satinbandet i nacken skapar en mjuk och sofistikerad k\u00e4nsla. De luftiga puff\u00e4rmarna ger volym och r\u00f6relse, medan den lediga passformen g\u00f6r blusen b\u00e5de bekv\u00e4m och smickrande. \u2728 Perfekt till b\u00e5de vardag och fest \u2013 lika fin till jeans som till kjol. \ud83c\udf3f Detaljer:\u2022 Ton-i-ton m\u00f6nster med blommor &amp; prickar\u2022 B\u00e5t-ringning med dekorativt satinband\u2022 3\/4 puff\u00e4rm med mjuk res\u00e5r\u2022 Helfodrad f\u00f6r extra komfort\u2022 Ledig och luftig passform \ud83d\udccf L\u00e4ngd: 58 cm (stl M)\ud83d\udcd0 Modellen \u00e4r 170 cm och b\u00e4r stl S \ud83e\uddf5 Material:Yttertyg: 100% polyester meshFoder: 100% polyester trik\u00e5 \ud83d\udc96 En romantisk statementblus som lyfter varje outfit!\" \/>\n<meta property=\"og:url\" content=\"https:\/\/stilanddesign.se\/en\/product\/\ud83e\udd0d-dromlik-blus-i-romantisk-spets-mesh\/\" \/>\n<meta property=\"og:site_name\" content=\"Stil &amp; Design\" \/>\n<meta property=\"article:modified_time\" content=\"2026-04-16T15:00:04+00:00\" \/>\n<meta property=\"og:image\" content=\"https:\/\/stilanddesign.se\/wp-content\/uploads\/2026\/03\/676565444444444444.jpg\" \/>\n\t<meta property=\"og:image:width\" content=\"900\" \/>\n\t<meta property=\"og:image:height\" content=\"1350\" \/>\n\t<meta property=\"og:image:type\" content=\"image\/jpeg\" \/>\n<meta name=\"twitter:card\" content=\"summary_large_image\" \/>\n<meta name=\"twitter:label1\" content=\"Est. reading time\" \/>\n\t<meta name=\"twitter:data1\" content=\"1 minute\" \/>\n<script type=\"application\/ld+json\" class=\"yoast-schema-graph\">{\"@context\":\"https:\\\/\\\/schema.org\",\"@graph\":[{\"@type\":\"WebPage\",\"@id\":\"https:\\\/\\\/stilanddesign.se\\\/produkt\\\/%f0%9f%a4%8d-dromlik-blus-i-romantisk-spets-mesh\\\/\",\"url\":\"https:\\\/\\\/stilanddesign.se\\\/produkt\\\/%f0%9f%a4%8d-dromlik-blus-i-romantisk-spets-mesh\\\/\",\"name\":\"\ud83e\udd0d Dr\u00f6mlik blus i romantisk spets & mesh - Stil &amp; Design\",\"isPartOf\":{\"@id\":\"https:\\\/\\\/stilanddesign.se\\\/#website\"},\"primaryImageOfPage\":{\"@id\":\"https:\\\/\\\/stilanddesign.se\\\/produkt\\\/%f0%9f%a4%8d-dromlik-blus-i-romantisk-spets-mesh\\\/#primaryimage\"},\"image\":{\"@id\":\"https:\\\/\\\/stilanddesign.se\\\/produkt\\\/%f0%9f%a4%8d-dromlik-blus-i-romantisk-spets-mesh\\\/#primaryimage\"},\"thumbnailUrl\":\"https:\\\/\\\/stilanddesign.se\\\/wp-content\\\/uploads\\\/2026\\\/03\\\/676565444444444444.jpg\",\"datePublished\":\"2026-04-10T08:10:22+00:00\",\"dateModified\":\"2026-04-16T15:00:04+00:00\",\"breadcrumb\":{\"@id\":\"https:\\\/\\\/stilanddesign.se\\\/produkt\\\/%f0%9f%a4%8d-dromlik-blus-i-romantisk-spets-mesh\\\/#breadcrumb\"},\"inLanguage\":\"en-US\",\"potentialAction\":[{\"@type\":\"ReadAction\",\"target\":[\"https:\\\/\\\/stilanddesign.se\\\/produkt\\\/%f0%9f%a4%8d-dromlik-blus-i-romantisk-spets-mesh\\\/\"]}]},{\"@type\":\"ImageObject\",\"inLanguage\":\"en-US\",\"@id\":\"https:\\\/\\\/stilanddesign.se\\\/produkt\\\/%f0%9f%a4%8d-dromlik-blus-i-romantisk-spets-mesh\\\/#primaryimage\",\"url\":\"https:\\\/\\\/stilanddesign.se\\\/wp-content\\\/uploads\\\/2026\\\/03\\\/676565444444444444.jpg\",\"contentUrl\":\"https:\\\/\\\/stilanddesign.se\\\/wp-content\\\/uploads\\\/2026\\\/03\\\/676565444444444444.jpg\",\"width\":900,\"height\":1350,\"caption\":\"H\u00e4rlig meshblus med blommor och prickar i champagef\u00e4rg\"},{\"@type\":\"BreadcrumbList\",\"@id\":\"https:\\\/\\\/stilanddesign.se\\\/produkt\\\/%f0%9f%a4%8d-dromlik-blus-i-romantisk-spets-mesh\\\/#breadcrumb\",\"itemListElement\":[{\"@type\":\"ListItem\",\"position\":1,\"name\":\"Hem\",\"item\":\"https:\\\/\\\/stilanddesign.se\\\/\"},{\"@type\":\"ListItem\",\"position\":2,\"name\":\"Butiken\",\"item\":\"https:\\\/\\\/stilanddesign.se\\\/butiken\\\/\"},{\"@type\":\"ListItem\",\"position\":3,\"name\":\"\ud83e\udd0d Dr\u00f6mlik blus i romantisk spets &#038; mesh\"}]},{\"@type\":\"WebSite\",\"@id\":\"https:\\\/\\\/stilanddesign.se\\\/#website\",\"url\":\"https:\\\/\\\/stilanddesign.se\\\/\",\"name\":\"Stil &amp; Design\",\"description\":\"F\u00f6r oss som \u00e4lskar mode!\",\"publisher\":{\"@id\":\"https:\\\/\\\/stilanddesign.se\\\/#organization\"},\"potentialAction\":[{\"@type\":\"SearchAction\",\"target\":{\"@type\":\"EntryPoint\",\"urlTemplate\":\"https:\\\/\\\/stilanddesign.se\\\/?s={search_term_string}\"},\"query-input\":{\"@type\":\"PropertyValueSpecification\",\"valueRequired\":true,\"valueName\":\"search_term_string\"}}],\"inLanguage\":\"en-US\"},{\"@type\":\"Organization\",\"@id\":\"https:\\\/\\\/stilanddesign.se\\\/#organization\",\"name\":\"Stil &amp; Design\",\"url\":\"https:\\\/\\\/stilanddesign.se\\\/\",\"logo\":{\"@type\":\"ImageObject\",\"inLanguage\":\"en-US\",\"@id\":\"https:\\\/\\\/stilanddesign.se\\\/#\\\/schema\\\/logo\\\/image\\\/\",\"url\":\"https:\\\/\\\/stilanddesign.se\\\/wp-content\\\/uploads\\\/2023\\\/12\\\/output-onlinepngtools-e1727784413220.png\",\"contentUrl\":\"https:\\\/\\\/stilanddesign.se\\\/wp-content\\\/uploads\\\/2023\\\/12\\\/output-onlinepngtools-e1727784413220.png\",\"width\":519,\"height\":135,\"caption\":\"Stil &amp; Design\"},\"image\":{\"@id\":\"https:\\\/\\\/stilanddesign.se\\\/#\\\/schema\\\/logo\\\/image\\\/\"}}]}<\/script>\n<!-- \/ Yoast SEO Premium plugin. -->","yoast_head_json":{"title":"\ud83e\udd0d Dr\u00f6mlik blus i romantisk spets & mesh - Stil &amp; Design","robots":{"index":"index","follow":"follow","max-snippet":"max-snippet:-1","max-image-preview":"max-image-preview:large","max-video-preview":"max-video-preview:-1"},"canonical":"https:\/\/stilanddesign.se\/en\/product\/\ud83e\udd0d-dromlik-blus-i-romantisk-spets-mesh\/","og_locale":"en_US","og_type":"article","og_title":"\ud83e\udd0d Dr\u00f6mlik blus i romantisk spets & mesh","og_description":"\ud83e\udd0d Dr\u00f6mlik blus i romantisk spets &amp; mesh Fleur Blus \u00e4r en riktig dr\u00f6m f\u00f6r dig som \u00e4lskar feminina detaljer med en elegant twist. Den vackra meshkvaliteten pryds av ton-i-ton blommor och prickar som ger ett subtilt men lyxigt uttryck. Den b\u00e5tformade halsringningen tillsammans med det fina satinbandet i nacken skapar en mjuk och sofistikerad k\u00e4nsla. De luftiga puff\u00e4rmarna ger volym och r\u00f6relse, medan den lediga passformen g\u00f6r blusen b\u00e5de bekv\u00e4m och smickrande. \u2728 Perfekt till b\u00e5de vardag och fest \u2013 lika fin till jeans som till kjol. \ud83c\udf3f Detaljer:\u2022 Ton-i-ton m\u00f6nster med blommor &amp; prickar\u2022 B\u00e5t-ringning med dekorativt satinband\u2022 3\/4 puff\u00e4rm med mjuk res\u00e5r\u2022 Helfodrad f\u00f6r extra komfort\u2022 Ledig och luftig passform \ud83d\udccf L\u00e4ngd: 58 cm (stl M)\ud83d\udcd0 Modellen \u00e4r 170 cm och b\u00e4r stl S \ud83e\uddf5 Material:Yttertyg: 100% polyester meshFoder: 100% polyester trik\u00e5 \ud83d\udc96 En romantisk statementblus som lyfter varje outfit!","og_url":"https:\/\/stilanddesign.se\/en\/product\/\ud83e\udd0d-dromlik-blus-i-romantisk-spets-mesh\/","og_site_name":"Stil &amp; Design","article_modified_time":"2026-04-16T15:00:04+00:00","og_image":[{"width":900,"height":1350,"url":"https:\/\/stilanddesign.se\/wp-content\/uploads\/2026\/03\/676565444444444444.jpg","type":"image\/jpeg"}],"twitter_card":"summary_large_image","twitter_misc":{"Est. reading time":"1 minute"},"schema":{"@context":"https:\/\/schema.org","@graph":[{"@type":"WebPage","@id":"https:\/\/stilanddesign.se\/produkt\/%f0%9f%a4%8d-dromlik-blus-i-romantisk-spets-mesh\/","url":"https:\/\/stilanddesign.se\/produkt\/%f0%9f%a4%8d-dromlik-blus-i-romantisk-spets-mesh\/","name":"\ud83e\udd0d Dr\u00f6mlik blus i romantisk spets & mesh - Stil &amp; Design","isPartOf":{"@id":"https:\/\/stilanddesign.se\/#website"},"primaryImageOfPage":{"@id":"https:\/\/stilanddesign.se\/produkt\/%f0%9f%a4%8d-dromlik-blus-i-romantisk-spets-mesh\/#primaryimage"},"image":{"@id":"https:\/\/stilanddesign.se\/produkt\/%f0%9f%a4%8d-dromlik-blus-i-romantisk-spets-mesh\/#primaryimage"},"thumbnailUrl":"https:\/\/stilanddesign.se\/wp-content\/uploads\/2026\/03\/676565444444444444.jpg","datePublished":"2026-04-10T08:10:22+00:00","dateModified":"2026-04-16T15:00:04+00:00","breadcrumb":{"@id":"https:\/\/stilanddesign.se\/produkt\/%f0%9f%a4%8d-dromlik-blus-i-romantisk-spets-mesh\/#breadcrumb"},"inLanguage":"en-US","potentialAction":[{"@type":"ReadAction","target":["https:\/\/stilanddesign.se\/produkt\/%f0%9f%a4%8d-dromlik-blus-i-romantisk-spets-mesh\/"]}]},{"@type":"ImageObject","inLanguage":"en-US","@id":"https:\/\/stilanddesign.se\/produkt\/%f0%9f%a4%8d-dromlik-blus-i-romantisk-spets-mesh\/#primaryimage","url":"https:\/\/stilanddesign.se\/wp-content\/uploads\/2026\/03\/676565444444444444.jpg","contentUrl":"https:\/\/stilanddesign.se\/wp-content\/uploads\/2026\/03\/676565444444444444.jpg","width":900,"height":1350,"caption":"H\u00e4rlig meshblus med blommor och prickar i champagef\u00e4rg"},{"@type":"BreadcrumbList","@id":"https:\/\/stilanddesign.se\/produkt\/%f0%9f%a4%8d-dromlik-blus-i-romantisk-spets-mesh\/#breadcrumb","itemListElement":[{"@type":"ListItem","position":1,"name":"Hem","item":"https:\/\/stilanddesign.se\/"},{"@type":"ListItem","position":2,"name":"Butiken","item":"https:\/\/stilanddesign.se\/butiken\/"},{"@type":"ListItem","position":3,"name":"\ud83e\udd0d Dr\u00f6mlik blus i romantisk spets &#038; mesh"}]},{"@type":"WebSite","@id":"https:\/\/stilanddesign.se\/#website","url":"https:\/\/stilanddesign.se\/","name":"Style &amp; Design","description":"For those of us who love fashion!","publisher":{"@id":"https:\/\/stilanddesign.se\/#organization"},"potentialAction":[{"@type":"SearchAction","target":{"@type":"EntryPoint","urlTemplate":"https:\/\/stilanddesign.se\/?s={search_term_string}"},"query-input":{"@type":"PropertyValueSpecification","valueRequired":true,"valueName":"search_term_string"}}],"inLanguage":"en-US"},{"@type":"Organization","@id":"https:\/\/stilanddesign.se\/#organization","name":"Style &amp; Design","url":"https:\/\/stilanddesign.se\/","logo":{"@type":"ImageObject","inLanguage":"en-US","@id":"https:\/\/stilanddesign.se\/#\/schema\/logo\/image\/","url":"https:\/\/stilanddesign.se\/wp-content\/uploads\/2023\/12\/output-onlinepngtools-e1727784413220.png","contentUrl":"https:\/\/stilanddesign.se\/wp-content\/uploads\/2023\/12\/output-onlinepngtools-e1727784413220.png","width":519,"height":135,"caption":"Stil &amp; Design"},"image":{"@id":"https:\/\/stilanddesign.se\/#\/schema\/logo\/image\/"}}]}},"_links":{"self":[{"href":"https:\/\/stilanddesign.se\/en\/wp-json\/wp\/v2\/product\/1069828","targetHints":{"allow":["GET"]}}],"collection":[{"href":"https:\/\/stilanddesign.se\/en\/wp-json\/wp\/v2\/product"}],"about":[{"href":"https:\/\/stilanddesign.se\/en\/wp-json\/wp\/v2\/types\/product"}],"replies":[{"embeddable":true,"href":"https:\/\/stilanddesign.se\/en\/wp-json\/wp\/v2\/comments?post=1069828"}],"wp:featuredmedia":[{"embeddable":true,"href":"https:\/\/stilanddesign.se\/en\/wp-json\/wp\/v2\/media\/1069822"}],"wp:attachment":[{"href":"https:\/\/stilanddesign.se\/en\/wp-json\/wp\/v2\/media?parent=1069828"}],"wp:term":[{"taxonomy":"product_brand","embeddable":true,"href":"https:\/\/stilanddesign.se\/en\/wp-json\/wp\/v2\/product_brand?post=1069828"},{"taxonomy":"product_cat","embeddable":true,"href":"https:\/\/stilanddesign.se\/en\/wp-json\/wp\/v2\/product_cat?post=1069828"},{"taxonomy":"product_tag","embeddable":true,"href":"https:\/\/stilanddesign.se\/en\/wp-json\/wp\/v2\/product_tag?post=1069828"}],"curies":[{"name":"wp","href":"https:\/\/api.w.org\/{rel}","templated":true}]}}