{"id":1069809,"date":"2026-03-17T15:25:37","date_gmt":"2026-03-17T14:25:37","guid":{"rendered":"https:\/\/stilanddesign.se\/?post_type=product&#038;p=1069809"},"modified":"2026-03-31T15:07:17","modified_gmt":"2026-03-31T13:07:17","slug":"volangblus-med-dubbel-volangarm-i-rose-guld","status":"publish","type":"product","link":"https:\/\/stilanddesign.se\/en\/product\/volangblus-med-dubbel-volangarm-i-rose-guld\/","title":{"rendered":"Ruffle blouse with double ruffle sleeves in Rose Gold"},"content":{"rendered":"<h1 class=\"product_title entry-title\">Sephyra Blouse Rose Gold<\/h1>\n<p>Ruffle blouse in woven, supple quality with double ruffle sleeves and a rounded hem. Loose and feminine top, perfect for everyday wear and parties.<\/p>\n<p><span data-sheets-root=\"1\">The blouse that gives your outfit that little extra! This ruffle blouse is made of soft, woven and supple quality that is meant to sit loosely on the body for a relaxed and elegant look. Each sleeve has two layers of ruffles, where each ruffle is double for extra volume and a playful, feminine silhouette. The blouse is straight at the bottom at the front, while the back is rounded with small slits at the sides that provide movement and comfort. The cute, rounded neckline has a small opening at the back that closes with a plastic button - a subtle detail that completes the design.<\/span><\/p>\n<p>Also available in Champagne Gold.<br \/>\nQuality: 100% polyester.<br \/>\nFront length: 56 cm from shoulder in size M.<br \/>\nBack length: 60 cm from the shoulder in size M.<br \/>\nThe model is 170 cm and wears size S.<\/p>","protected":false},"excerpt":{"rendered":"<h1 class=\"product_title entry-title\">Sephyra Blouse Rose Gold<\/h1>\n<p>Ruffle blouse in woven, supple quality with double ruffle sleeves and a rounded hem. Loose and feminine top, perfect for everyday wear and parties.<\/p>\n<p><span data-sheets-root=\"1\">The blouse that gives your outfit that little extra! This ruffle blouse is made of soft, woven and supple quality that is meant to sit loosely on the body for a relaxed and elegant look. Each sleeve has two layers of ruffles, where each ruffle is double for extra volume and a playful, feminine silhouette. The blouse is straight at the bottom at the front, while the back is rounded with small slits at the sides that provide movement and comfort. The cute, rounded neckline has a small opening at the back that closes with a plastic button - a subtle detail that completes the design.<\/span><\/p>\n<p>Also available in Champagne Gold.<br \/>\nQuality: 100% polyester.<br \/>\nFront length: 56 cm from shoulder in size M.<br \/>\nBack length: 60 cm from the shoulder in size M.<br \/>\nThe model is 170 cm and wears size S.<\/p>","protected":false},"featured_media":1069801,"comment_status":"closed","ping_status":"closed","template":"","meta":[],"product_brand":[],"product_cat":[211],"product_tag":[],"class_list":{"0":"post-1069809","1":"product","2":"type-product","3":"status-publish","4":"has-post-thumbnail","6":"product_cat-blusar","8":"first","9":"instock","10":"taxable","11":"shipping-taxable","12":"purchasable","13":"product-type-variable"},"yoast_head":"<!-- This site is optimized with the Yoast SEO Premium plugin v27.4 (Yoast SEO v27.6) - https:\/\/yoast.com\/product\/yoast-seo-premium-wordpress\/ -->\n<title>Volangblus med dubbel volang\u00e4rm i Rose Guld - Stil &amp; Design<\/title>\n<meta name=\"robots\" content=\"index, follow, max-snippet:-1, max-image-preview:large, max-video-preview:-1\" \/>\n<link rel=\"canonical\" href=\"https:\/\/stilanddesign.se\/en\/product\/volangblus-med-dubbel-volangarm-i-rose-guld\/\" \/>\n<meta property=\"og:locale\" content=\"en_US\" \/>\n<meta property=\"og:type\" content=\"article\" \/>\n<meta property=\"og:title\" content=\"Volangblus med dubbel volang\u00e4rm i Rose Guld\" \/>\n<meta property=\"og:description\" content=\"Sephyra Blouse Rose Gold Volangblus i v\u00e4vd f\u00f6ljsam kvalit\u00e9 med dubbel volang\u00e4rm, rundad nederkant. L\u00f6s och feminin topp, perfekt till vardag och fest.  Blusen som ger din outfit det d\u00e4r lilla extra! Denna volangblus \u00e4r tillverkad i mjuk, v\u00e4vd och f\u00f6ljsam kvalit\u00e9 som \u00e4r t\u00e4nkt att sitta l\u00f6st p\u00e5 kroppen f\u00f6r en avslappnad och elegant look. Varje \u00e4rm har tv\u00e5 lager volanger, d\u00e4r varje volang \u00e4r dubbel f\u00f6r extra volym och en lekfull, feminin siluett. Blusen \u00e4r rak i nederkant framtill, medan baksidan \u00e4r rundad med sm\u00e5 slitsar i sidorna som ger r\u00f6relse och komfort. Den s\u00f6ta, rundade halsen har en liten \u00f6ppning bak som st\u00e4ngs med en plastknapp \u2013 en subtil detalj som full\u00e4ndar designen.  Finns \u00e4ven i f\u00e4rg Champagne Gold. Kvalit\u00e9: 100% ployester. L\u00e4ngd fram: 56 cm fr\u00e5n axeln i storlek M. L\u00e4ngd bak: 60 cm fr\u00e5n axeln i storlek M. Modellen \u00e4r 170 cm och b\u00e4r storlek S.\" \/>\n<meta property=\"og:url\" content=\"https:\/\/stilanddesign.se\/en\/product\/volangblus-med-dubbel-volangarm-i-rose-guld\/\" \/>\n<meta property=\"og:site_name\" content=\"Stil &amp; Design\" \/>\n<meta property=\"article:modified_time\" content=\"2026-03-31T13:07:17+00:00\" \/>\n<meta property=\"og:image\" content=\"https:\/\/stilanddesign.se\/wp-content\/uploads\/2026\/03\/77676565555555.jpg\" \/>\n\t<meta property=\"og:image:width\" content=\"900\" \/>\n\t<meta property=\"og:image:height\" content=\"1350\" \/>\n\t<meta property=\"og:image:type\" content=\"image\/jpeg\" \/>\n<meta name=\"twitter:card\" content=\"summary_large_image\" \/>\n<meta name=\"twitter:label1\" content=\"Est. reading time\" \/>\n\t<meta name=\"twitter:data1\" content=\"1 minute\" \/>\n<script type=\"application\/ld+json\" class=\"yoast-schema-graph\">{\"@context\":\"https:\\\/\\\/schema.org\",\"@graph\":[{\"@type\":\"WebPage\",\"@id\":\"https:\\\/\\\/stilanddesign.se\\\/produkt\\\/volangblus-med-dubbel-volangarm-i-rose-guld\\\/\",\"url\":\"https:\\\/\\\/stilanddesign.se\\\/produkt\\\/volangblus-med-dubbel-volangarm-i-rose-guld\\\/\",\"name\":\"Volangblus med dubbel volang\u00e4rm i Rose Guld - Stil &amp; Design\",\"isPartOf\":{\"@id\":\"https:\\\/\\\/stilanddesign.se\\\/#website\"},\"primaryImageOfPage\":{\"@id\":\"https:\\\/\\\/stilanddesign.se\\\/produkt\\\/volangblus-med-dubbel-volangarm-i-rose-guld\\\/#primaryimage\"},\"image\":{\"@id\":\"https:\\\/\\\/stilanddesign.se\\\/produkt\\\/volangblus-med-dubbel-volangarm-i-rose-guld\\\/#primaryimage\"},\"thumbnailUrl\":\"https:\\\/\\\/stilanddesign.se\\\/wp-content\\\/uploads\\\/2026\\\/03\\\/77676565555555.jpg\",\"datePublished\":\"2026-03-17T14:25:37+00:00\",\"dateModified\":\"2026-03-31T13:07:17+00:00\",\"breadcrumb\":{\"@id\":\"https:\\\/\\\/stilanddesign.se\\\/produkt\\\/volangblus-med-dubbel-volangarm-i-rose-guld\\\/#breadcrumb\"},\"inLanguage\":\"en-US\",\"potentialAction\":[{\"@type\":\"ReadAction\",\"target\":[\"https:\\\/\\\/stilanddesign.se\\\/produkt\\\/volangblus-med-dubbel-volangarm-i-rose-guld\\\/\"]}]},{\"@type\":\"ImageObject\",\"inLanguage\":\"en-US\",\"@id\":\"https:\\\/\\\/stilanddesign.se\\\/produkt\\\/volangblus-med-dubbel-volangarm-i-rose-guld\\\/#primaryimage\",\"url\":\"https:\\\/\\\/stilanddesign.se\\\/wp-content\\\/uploads\\\/2026\\\/03\\\/77676565555555.jpg\",\"contentUrl\":\"https:\\\/\\\/stilanddesign.se\\\/wp-content\\\/uploads\\\/2026\\\/03\\\/77676565555555.jpg\",\"width\":900,\"height\":1350,\"caption\":\"Volangblus med dubbel volang\u00e4rm i rose Guld\"},{\"@type\":\"BreadcrumbList\",\"@id\":\"https:\\\/\\\/stilanddesign.se\\\/produkt\\\/volangblus-med-dubbel-volangarm-i-rose-guld\\\/#breadcrumb\",\"itemListElement\":[{\"@type\":\"ListItem\",\"position\":1,\"name\":\"Hem\",\"item\":\"https:\\\/\\\/stilanddesign.se\\\/\"},{\"@type\":\"ListItem\",\"position\":2,\"name\":\"Butiken\",\"item\":\"https:\\\/\\\/stilanddesign.se\\\/butiken\\\/\"},{\"@type\":\"ListItem\",\"position\":3,\"name\":\"Volangblus med dubbel volang\u00e4rm i Rose Guld\"}]},{\"@type\":\"WebSite\",\"@id\":\"https:\\\/\\\/stilanddesign.se\\\/#website\",\"url\":\"https:\\\/\\\/stilanddesign.se\\\/\",\"name\":\"Stil &amp; Design\",\"description\":\"F\u00f6r oss som \u00e4lskar mode!\",\"publisher\":{\"@id\":\"https:\\\/\\\/stilanddesign.se\\\/#organization\"},\"potentialAction\":[{\"@type\":\"SearchAction\",\"target\":{\"@type\":\"EntryPoint\",\"urlTemplate\":\"https:\\\/\\\/stilanddesign.se\\\/?s={search_term_string}\"},\"query-input\":{\"@type\":\"PropertyValueSpecification\",\"valueRequired\":true,\"valueName\":\"search_term_string\"}}],\"inLanguage\":\"en-US\"},{\"@type\":\"Organization\",\"@id\":\"https:\\\/\\\/stilanddesign.se\\\/#organization\",\"name\":\"Stil &amp; Design\",\"url\":\"https:\\\/\\\/stilanddesign.se\\\/\",\"logo\":{\"@type\":\"ImageObject\",\"inLanguage\":\"en-US\",\"@id\":\"https:\\\/\\\/stilanddesign.se\\\/#\\\/schema\\\/logo\\\/image\\\/\",\"url\":\"https:\\\/\\\/stilanddesign.se\\\/wp-content\\\/uploads\\\/2023\\\/12\\\/output-onlinepngtools-e1727784413220.png\",\"contentUrl\":\"https:\\\/\\\/stilanddesign.se\\\/wp-content\\\/uploads\\\/2023\\\/12\\\/output-onlinepngtools-e1727784413220.png\",\"width\":519,\"height\":135,\"caption\":\"Stil &amp; Design\"},\"image\":{\"@id\":\"https:\\\/\\\/stilanddesign.se\\\/#\\\/schema\\\/logo\\\/image\\\/\"}}]}<\/script>\n<!-- \/ Yoast SEO Premium plugin. -->","yoast_head_json":{"title":"Volangblus med dubbel volang\u00e4rm i Rose Guld - Stil &amp; Design","robots":{"index":"index","follow":"follow","max-snippet":"max-snippet:-1","max-image-preview":"max-image-preview:large","max-video-preview":"max-video-preview:-1"},"canonical":"https:\/\/stilanddesign.se\/en\/product\/volangblus-med-dubbel-volangarm-i-rose-guld\/","og_locale":"en_US","og_type":"article","og_title":"Volangblus med dubbel volang\u00e4rm i Rose Guld","og_description":"Sephyra Blouse Rose Gold Volangblus i v\u00e4vd f\u00f6ljsam kvalit\u00e9 med dubbel volang\u00e4rm, rundad nederkant. L\u00f6s och feminin topp, perfekt till vardag och fest.  Blusen som ger din outfit det d\u00e4r lilla extra! Denna volangblus \u00e4r tillverkad i mjuk, v\u00e4vd och f\u00f6ljsam kvalit\u00e9 som \u00e4r t\u00e4nkt att sitta l\u00f6st p\u00e5 kroppen f\u00f6r en avslappnad och elegant look. Varje \u00e4rm har tv\u00e5 lager volanger, d\u00e4r varje volang \u00e4r dubbel f\u00f6r extra volym och en lekfull, feminin siluett. Blusen \u00e4r rak i nederkant framtill, medan baksidan \u00e4r rundad med sm\u00e5 slitsar i sidorna som ger r\u00f6relse och komfort. Den s\u00f6ta, rundade halsen har en liten \u00f6ppning bak som st\u00e4ngs med en plastknapp \u2013 en subtil detalj som full\u00e4ndar designen.  Finns \u00e4ven i f\u00e4rg Champagne Gold. Kvalit\u00e9: 100% ployester. L\u00e4ngd fram: 56 cm fr\u00e5n axeln i storlek M. L\u00e4ngd bak: 60 cm fr\u00e5n axeln i storlek M. Modellen \u00e4r 170 cm och b\u00e4r storlek S.","og_url":"https:\/\/stilanddesign.se\/en\/product\/volangblus-med-dubbel-volangarm-i-rose-guld\/","og_site_name":"Stil &amp; Design","article_modified_time":"2026-03-31T13:07:17+00:00","og_image":[{"width":900,"height":1350,"url":"https:\/\/stilanddesign.se\/wp-content\/uploads\/2026\/03\/77676565555555.jpg","type":"image\/jpeg"}],"twitter_card":"summary_large_image","twitter_misc":{"Est. reading time":"1 minute"},"schema":{"@context":"https:\/\/schema.org","@graph":[{"@type":"WebPage","@id":"https:\/\/stilanddesign.se\/produkt\/volangblus-med-dubbel-volangarm-i-rose-guld\/","url":"https:\/\/stilanddesign.se\/produkt\/volangblus-med-dubbel-volangarm-i-rose-guld\/","name":"Volangblus med dubbel volang\u00e4rm i Rose Guld - Stil &amp; Design","isPartOf":{"@id":"https:\/\/stilanddesign.se\/#website"},"primaryImageOfPage":{"@id":"https:\/\/stilanddesign.se\/produkt\/volangblus-med-dubbel-volangarm-i-rose-guld\/#primaryimage"},"image":{"@id":"https:\/\/stilanddesign.se\/produkt\/volangblus-med-dubbel-volangarm-i-rose-guld\/#primaryimage"},"thumbnailUrl":"https:\/\/stilanddesign.se\/wp-content\/uploads\/2026\/03\/77676565555555.jpg","datePublished":"2026-03-17T14:25:37+00:00","dateModified":"2026-03-31T13:07:17+00:00","breadcrumb":{"@id":"https:\/\/stilanddesign.se\/produkt\/volangblus-med-dubbel-volangarm-i-rose-guld\/#breadcrumb"},"inLanguage":"en-US","potentialAction":[{"@type":"ReadAction","target":["https:\/\/stilanddesign.se\/produkt\/volangblus-med-dubbel-volangarm-i-rose-guld\/"]}]},{"@type":"ImageObject","inLanguage":"en-US","@id":"https:\/\/stilanddesign.se\/produkt\/volangblus-med-dubbel-volangarm-i-rose-guld\/#primaryimage","url":"https:\/\/stilanddesign.se\/wp-content\/uploads\/2026\/03\/77676565555555.jpg","contentUrl":"https:\/\/stilanddesign.se\/wp-content\/uploads\/2026\/03\/77676565555555.jpg","width":900,"height":1350,"caption":"Volangblus med dubbel volang\u00e4rm i rose Guld"},{"@type":"BreadcrumbList","@id":"https:\/\/stilanddesign.se\/produkt\/volangblus-med-dubbel-volangarm-i-rose-guld\/#breadcrumb","itemListElement":[{"@type":"ListItem","position":1,"name":"Hem","item":"https:\/\/stilanddesign.se\/"},{"@type":"ListItem","position":2,"name":"Butiken","item":"https:\/\/stilanddesign.se\/butiken\/"},{"@type":"ListItem","position":3,"name":"Volangblus med dubbel volang\u00e4rm i Rose Guld"}]},{"@type":"WebSite","@id":"https:\/\/stilanddesign.se\/#website","url":"https:\/\/stilanddesign.se\/","name":"Style &amp; Design","description":"For those of us who love fashion!","publisher":{"@id":"https:\/\/stilanddesign.se\/#organization"},"potentialAction":[{"@type":"SearchAction","target":{"@type":"EntryPoint","urlTemplate":"https:\/\/stilanddesign.se\/?s={search_term_string}"},"query-input":{"@type":"PropertyValueSpecification","valueRequired":true,"valueName":"search_term_string"}}],"inLanguage":"en-US"},{"@type":"Organization","@id":"https:\/\/stilanddesign.se\/#organization","name":"Style &amp; Design","url":"https:\/\/stilanddesign.se\/","logo":{"@type":"ImageObject","inLanguage":"en-US","@id":"https:\/\/stilanddesign.se\/#\/schema\/logo\/image\/","url":"https:\/\/stilanddesign.se\/wp-content\/uploads\/2023\/12\/output-onlinepngtools-e1727784413220.png","contentUrl":"https:\/\/stilanddesign.se\/wp-content\/uploads\/2023\/12\/output-onlinepngtools-e1727784413220.png","width":519,"height":135,"caption":"Stil &amp; Design"},"image":{"@id":"https:\/\/stilanddesign.se\/#\/schema\/logo\/image\/"}}]}},"_links":{"self":[{"href":"https:\/\/stilanddesign.se\/en\/wp-json\/wp\/v2\/product\/1069809","targetHints":{"allow":["GET"]}}],"collection":[{"href":"https:\/\/stilanddesign.se\/en\/wp-json\/wp\/v2\/product"}],"about":[{"href":"https:\/\/stilanddesign.se\/en\/wp-json\/wp\/v2\/types\/product"}],"replies":[{"embeddable":true,"href":"https:\/\/stilanddesign.se\/en\/wp-json\/wp\/v2\/comments?post=1069809"}],"wp:featuredmedia":[{"embeddable":true,"href":"https:\/\/stilanddesign.se\/en\/wp-json\/wp\/v2\/media\/1069801"}],"wp:attachment":[{"href":"https:\/\/stilanddesign.se\/en\/wp-json\/wp\/v2\/media?parent=1069809"}],"wp:term":[{"taxonomy":"product_brand","embeddable":true,"href":"https:\/\/stilanddesign.se\/en\/wp-json\/wp\/v2\/product_brand?post=1069809"},{"taxonomy":"product_cat","embeddable":true,"href":"https:\/\/stilanddesign.se\/en\/wp-json\/wp\/v2\/product_cat?post=1069809"},{"taxonomy":"product_tag","embeddable":true,"href":"https:\/\/stilanddesign.se\/en\/wp-json\/wp\/v2\/product_tag?post=1069809"}],"curies":[{"name":"wp","href":"https:\/\/api.w.org\/{rel}","templated":true}]}}