{"id":1069787,"date":"2026-03-17T14:34:21","date_gmt":"2026-03-17T13:34:21","guid":{"rendered":"https:\/\/stilanddesign.se\/?post_type=product&#038;p=1069787"},"modified":"2026-04-27T10:17:49","modified_gmt":"2026-04-27T08:17:49","slug":"fin-volangblus-i-marmormonster-med-trumpetarmar","status":"publish","type":"product","link":"https:\/\/stilanddesign.se\/en\/product\/fin-volangblus-i-marmormonster-med-trumpetarmar\/","title":{"rendered":"Nice ruffle blouse in marble pattern with trumpet sleeves"},"content":{"rendered":"<h1 class=\"product_title entry-title\">Bodhi Blouse Sahara Sand\/Blue<\/h1>\n<p>Ruffle blouse in marble pattern with trumpet sleeves and v-neck. Loose fit and beautiful ruffle details in brown, beige and blue tones.<\/p>\n<p><span data-sheets-root=\"1\">Discover a stunning ruffle blouse in a unique marble-inspired pattern in brown, beige and blue tones. The blouse has a relaxed and comfortable fit that falls beautifully against the body. The v-neck is framed by a soft ruffle that runs along the entire neck opening and further out towards the sides, along a rounded cut that starts in the middle of the front. The back of the blouse is also adorned with two rows of ruffles at the bottom, creating a romantic and elegant silhouette. The long trumpet sleeves end with two rows of ruffles for a playful and feminine touch.<\/span><\/p>\n<p>Quality: 100% polyester georgette.<br \/>\nFront length: 63 cm from shoulder in size M.<br \/>\nBack length: 65 cm from shoulder in size M.<br \/>\nThe model is 170 cm and wears size S.<\/p>","protected":false},"excerpt":{"rendered":"<h1 class=\"product_title entry-title\">Bodhi Blouse Sahara Sand\/Blue<\/h1>\n<p>Ruffle blouse in marble pattern with trumpet sleeves and v-neck. Loose fit and beautiful ruffle details in brown, beige and blue tones.<\/p>\n<p><span data-sheets-root=\"1\">Discover a stunning ruffle blouse in a unique marble-inspired pattern in brown, beige and blue tones. The blouse has a relaxed and comfortable fit that falls beautifully against the body. The v-neck is framed by a soft ruffle that runs along the entire neck opening and further out towards the sides, along a rounded cut that starts in the middle of the front. The back of the blouse is also adorned with two rows of ruffles at the bottom, creating a romantic and elegant silhouette. The long trumpet sleeves end with two rows of ruffles for a playful and feminine touch.<\/span><\/p>\n<p>Quality: 100% polyester georgette.<br \/>\nFront length: 63 cm from shoulder in size M.<br \/>\nBack length: 65 cm from shoulder in size M.<br \/>\nThe model is 170 cm and wears size S.<\/p>","protected":false},"featured_media":1069766,"comment_status":"closed","ping_status":"closed","template":"","meta":[],"product_brand":[],"product_cat":[211],"product_tag":[],"class_list":{"0":"post-1069787","1":"product","2":"type-product","3":"status-publish","4":"has-post-thumbnail","6":"product_cat-blusar","8":"first","9":"instock","10":"taxable","11":"shipping-taxable","12":"purchasable","13":"product-type-variable"},"yoast_head":"<!-- This site is optimized with the Yoast SEO Premium plugin v27.4 (Yoast SEO v27.6) - https:\/\/yoast.com\/product\/yoast-seo-premium-wordpress\/ -->\n<title>Fin volangblus i marmorm\u00f6nster med trumpet\u00e4rmar - Stil &amp; Design<\/title>\n<meta name=\"robots\" content=\"index, follow, max-snippet:-1, max-image-preview:large, max-video-preview:-1\" \/>\n<link rel=\"canonical\" href=\"https:\/\/stilanddesign.se\/en\/product\/fin-volangblus-i-marmormonster-med-trumpetarmar\/\" \/>\n<meta property=\"og:locale\" content=\"en_US\" \/>\n<meta property=\"og:type\" content=\"article\" \/>\n<meta property=\"og:title\" content=\"Fin volangblus i marmorm\u00f6nster med trumpet\u00e4rmar\" \/>\n<meta property=\"og:description\" content=\"Bodhi Blouse Sahara Sand\/Blue Volangblus i marmorm\u00f6nster med trumpet\u00e4rmar och v-ringning. Ledig passform och vackra volangdetaljer i bruna, beige och bl\u00e5 toner.  Uppt\u00e4ck en fantastisk volangblus i ett unikt marmorinspirerat m\u00f6nster i bruna, beige och bl\u00e5 toner. Blusen har en ledig och bekv\u00e4m passform som faller vackert mot kroppen. Den v-ringade halsen ramas in av en mjuk volang som l\u00f6per l\u00e4ngs hela hals\u00f6ppningen och vidare ut mot sidorna, l\u00e4ngs en rundad avsk\u00e4rning som b\u00f6rjar mitt fram. \u00c4ven baktill pryds blusen av tv\u00e5 rader volanger i nederkant, vilket skapar en romantisk och elegant siluett. De l\u00e5nga trumpet\u00e4rmarna avslutas med tv\u00e5 rader volanger f\u00f6r en lekfull och feminin touch.  Kvalit\u00e9: 100% polyester georgette. L\u00e4ngd fram: 63 cm fr\u00e5n axeln i storlek M. L\u00e4ngd bak: 65 cm fr\u00e5n axeln i storlek M. Modellen \u00e4r 170 cm och b\u00e4r storlek S.\" \/>\n<meta property=\"og:url\" content=\"https:\/\/stilanddesign.se\/en\/product\/fin-volangblus-i-marmormonster-med-trumpetarmar\/\" \/>\n<meta property=\"og:site_name\" content=\"Stil &amp; Design\" \/>\n<meta property=\"article:modified_time\" content=\"2026-04-27T08:17:49+00:00\" \/>\n<meta property=\"og:image\" content=\"https:\/\/stilanddesign.se\/wp-content\/uploads\/2026\/03\/767656555555555.jpg\" \/>\n\t<meta property=\"og:image:width\" content=\"900\" \/>\n\t<meta property=\"og:image:height\" content=\"1350\" \/>\n\t<meta property=\"og:image:type\" content=\"image\/jpeg\" \/>\n<meta name=\"twitter:card\" content=\"summary_large_image\" \/>\n<meta name=\"twitter:label1\" content=\"Est. reading time\" \/>\n\t<meta name=\"twitter:data1\" content=\"1 minute\" \/>\n<script type=\"application\/ld+json\" class=\"yoast-schema-graph\">{\"@context\":\"https:\\\/\\\/schema.org\",\"@graph\":[{\"@type\":\"WebPage\",\"@id\":\"https:\\\/\\\/stilanddesign.se\\\/produkt\\\/fin-volangblus-i-marmormonster-med-trumpetarmar\\\/\",\"url\":\"https:\\\/\\\/stilanddesign.se\\\/produkt\\\/fin-volangblus-i-marmormonster-med-trumpetarmar\\\/\",\"name\":\"Fin volangblus i marmorm\u00f6nster med trumpet\u00e4rmar - Stil &amp; Design\",\"isPartOf\":{\"@id\":\"https:\\\/\\\/stilanddesign.se\\\/#website\"},\"primaryImageOfPage\":{\"@id\":\"https:\\\/\\\/stilanddesign.se\\\/produkt\\\/fin-volangblus-i-marmormonster-med-trumpetarmar\\\/#primaryimage\"},\"image\":{\"@id\":\"https:\\\/\\\/stilanddesign.se\\\/produkt\\\/fin-volangblus-i-marmormonster-med-trumpetarmar\\\/#primaryimage\"},\"thumbnailUrl\":\"https:\\\/\\\/stilanddesign.se\\\/wp-content\\\/uploads\\\/2026\\\/03\\\/767656555555555.jpg\",\"datePublished\":\"2026-03-17T13:34:21+00:00\",\"dateModified\":\"2026-04-27T08:17:49+00:00\",\"breadcrumb\":{\"@id\":\"https:\\\/\\\/stilanddesign.se\\\/produkt\\\/fin-volangblus-i-marmormonster-med-trumpetarmar\\\/#breadcrumb\"},\"inLanguage\":\"en-US\",\"potentialAction\":[{\"@type\":\"ReadAction\",\"target\":[\"https:\\\/\\\/stilanddesign.se\\\/produkt\\\/fin-volangblus-i-marmormonster-med-trumpetarmar\\\/\"]}]},{\"@type\":\"ImageObject\",\"inLanguage\":\"en-US\",\"@id\":\"https:\\\/\\\/stilanddesign.se\\\/produkt\\\/fin-volangblus-i-marmormonster-med-trumpetarmar\\\/#primaryimage\",\"url\":\"https:\\\/\\\/stilanddesign.se\\\/wp-content\\\/uploads\\\/2026\\\/03\\\/767656555555555.jpg\",\"contentUrl\":\"https:\\\/\\\/stilanddesign.se\\\/wp-content\\\/uploads\\\/2026\\\/03\\\/767656555555555.jpg\",\"width\":900,\"height\":1350,\"caption\":\"Volangblus i marmorm\u00f6nster med trumpet\u00e4rmar\"},{\"@type\":\"BreadcrumbList\",\"@id\":\"https:\\\/\\\/stilanddesign.se\\\/produkt\\\/fin-volangblus-i-marmormonster-med-trumpetarmar\\\/#breadcrumb\",\"itemListElement\":[{\"@type\":\"ListItem\",\"position\":1,\"name\":\"Hem\",\"item\":\"https:\\\/\\\/stilanddesign.se\\\/\"},{\"@type\":\"ListItem\",\"position\":2,\"name\":\"Butiken\",\"item\":\"https:\\\/\\\/stilanddesign.se\\\/butiken\\\/\"},{\"@type\":\"ListItem\",\"position\":3,\"name\":\"Fin volangblus i marmorm\u00f6nster med trumpet\u00e4rmar\"}]},{\"@type\":\"WebSite\",\"@id\":\"https:\\\/\\\/stilanddesign.se\\\/#website\",\"url\":\"https:\\\/\\\/stilanddesign.se\\\/\",\"name\":\"Stil &amp; Design\",\"description\":\"F\u00f6r oss som \u00e4lskar mode!\",\"publisher\":{\"@id\":\"https:\\\/\\\/stilanddesign.se\\\/#organization\"},\"potentialAction\":[{\"@type\":\"SearchAction\",\"target\":{\"@type\":\"EntryPoint\",\"urlTemplate\":\"https:\\\/\\\/stilanddesign.se\\\/?s={search_term_string}\"},\"query-input\":{\"@type\":\"PropertyValueSpecification\",\"valueRequired\":true,\"valueName\":\"search_term_string\"}}],\"inLanguage\":\"en-US\"},{\"@type\":\"Organization\",\"@id\":\"https:\\\/\\\/stilanddesign.se\\\/#organization\",\"name\":\"Stil &amp; Design\",\"url\":\"https:\\\/\\\/stilanddesign.se\\\/\",\"logo\":{\"@type\":\"ImageObject\",\"inLanguage\":\"en-US\",\"@id\":\"https:\\\/\\\/stilanddesign.se\\\/#\\\/schema\\\/logo\\\/image\\\/\",\"url\":\"https:\\\/\\\/stilanddesign.se\\\/wp-content\\\/uploads\\\/2023\\\/12\\\/output-onlinepngtools-e1727784413220.png\",\"contentUrl\":\"https:\\\/\\\/stilanddesign.se\\\/wp-content\\\/uploads\\\/2023\\\/12\\\/output-onlinepngtools-e1727784413220.png\",\"width\":519,\"height\":135,\"caption\":\"Stil &amp; Design\"},\"image\":{\"@id\":\"https:\\\/\\\/stilanddesign.se\\\/#\\\/schema\\\/logo\\\/image\\\/\"}}]}<\/script>\n<!-- \/ Yoast SEO Premium plugin. -->","yoast_head_json":{"title":"Fin volangblus i marmorm\u00f6nster med trumpet\u00e4rmar - Stil &amp; Design","robots":{"index":"index","follow":"follow","max-snippet":"max-snippet:-1","max-image-preview":"max-image-preview:large","max-video-preview":"max-video-preview:-1"},"canonical":"https:\/\/stilanddesign.se\/en\/product\/fin-volangblus-i-marmormonster-med-trumpetarmar\/","og_locale":"en_US","og_type":"article","og_title":"Fin volangblus i marmorm\u00f6nster med trumpet\u00e4rmar","og_description":"Bodhi Blouse Sahara Sand\/Blue Volangblus i marmorm\u00f6nster med trumpet\u00e4rmar och v-ringning. Ledig passform och vackra volangdetaljer i bruna, beige och bl\u00e5 toner.  Uppt\u00e4ck en fantastisk volangblus i ett unikt marmorinspirerat m\u00f6nster i bruna, beige och bl\u00e5 toner. Blusen har en ledig och bekv\u00e4m passform som faller vackert mot kroppen. Den v-ringade halsen ramas in av en mjuk volang som l\u00f6per l\u00e4ngs hela hals\u00f6ppningen och vidare ut mot sidorna, l\u00e4ngs en rundad avsk\u00e4rning som b\u00f6rjar mitt fram. \u00c4ven baktill pryds blusen av tv\u00e5 rader volanger i nederkant, vilket skapar en romantisk och elegant siluett. De l\u00e5nga trumpet\u00e4rmarna avslutas med tv\u00e5 rader volanger f\u00f6r en lekfull och feminin touch.  Kvalit\u00e9: 100% polyester georgette. L\u00e4ngd fram: 63 cm fr\u00e5n axeln i storlek M. L\u00e4ngd bak: 65 cm fr\u00e5n axeln i storlek M. Modellen \u00e4r 170 cm och b\u00e4r storlek S.","og_url":"https:\/\/stilanddesign.se\/en\/product\/fin-volangblus-i-marmormonster-med-trumpetarmar\/","og_site_name":"Stil &amp; Design","article_modified_time":"2026-04-27T08:17:49+00:00","og_image":[{"width":900,"height":1350,"url":"https:\/\/stilanddesign.se\/wp-content\/uploads\/2026\/03\/767656555555555.jpg","type":"image\/jpeg"}],"twitter_card":"summary_large_image","twitter_misc":{"Est. reading time":"1 minute"},"schema":{"@context":"https:\/\/schema.org","@graph":[{"@type":"WebPage","@id":"https:\/\/stilanddesign.se\/produkt\/fin-volangblus-i-marmormonster-med-trumpetarmar\/","url":"https:\/\/stilanddesign.se\/produkt\/fin-volangblus-i-marmormonster-med-trumpetarmar\/","name":"Fin volangblus i marmorm\u00f6nster med trumpet\u00e4rmar - Stil &amp; Design","isPartOf":{"@id":"https:\/\/stilanddesign.se\/#website"},"primaryImageOfPage":{"@id":"https:\/\/stilanddesign.se\/produkt\/fin-volangblus-i-marmormonster-med-trumpetarmar\/#primaryimage"},"image":{"@id":"https:\/\/stilanddesign.se\/produkt\/fin-volangblus-i-marmormonster-med-trumpetarmar\/#primaryimage"},"thumbnailUrl":"https:\/\/stilanddesign.se\/wp-content\/uploads\/2026\/03\/767656555555555.jpg","datePublished":"2026-03-17T13:34:21+00:00","dateModified":"2026-04-27T08:17:49+00:00","breadcrumb":{"@id":"https:\/\/stilanddesign.se\/produkt\/fin-volangblus-i-marmormonster-med-trumpetarmar\/#breadcrumb"},"inLanguage":"en-US","potentialAction":[{"@type":"ReadAction","target":["https:\/\/stilanddesign.se\/produkt\/fin-volangblus-i-marmormonster-med-trumpetarmar\/"]}]},{"@type":"ImageObject","inLanguage":"en-US","@id":"https:\/\/stilanddesign.se\/produkt\/fin-volangblus-i-marmormonster-med-trumpetarmar\/#primaryimage","url":"https:\/\/stilanddesign.se\/wp-content\/uploads\/2026\/03\/767656555555555.jpg","contentUrl":"https:\/\/stilanddesign.se\/wp-content\/uploads\/2026\/03\/767656555555555.jpg","width":900,"height":1350,"caption":"Volangblus i marmorm\u00f6nster med trumpet\u00e4rmar"},{"@type":"BreadcrumbList","@id":"https:\/\/stilanddesign.se\/produkt\/fin-volangblus-i-marmormonster-med-trumpetarmar\/#breadcrumb","itemListElement":[{"@type":"ListItem","position":1,"name":"Hem","item":"https:\/\/stilanddesign.se\/"},{"@type":"ListItem","position":2,"name":"Butiken","item":"https:\/\/stilanddesign.se\/butiken\/"},{"@type":"ListItem","position":3,"name":"Fin volangblus i marmorm\u00f6nster med trumpet\u00e4rmar"}]},{"@type":"WebSite","@id":"https:\/\/stilanddesign.se\/#website","url":"https:\/\/stilanddesign.se\/","name":"Style &amp; Design","description":"For those of us who love fashion!","publisher":{"@id":"https:\/\/stilanddesign.se\/#organization"},"potentialAction":[{"@type":"SearchAction","target":{"@type":"EntryPoint","urlTemplate":"https:\/\/stilanddesign.se\/?s={search_term_string}"},"query-input":{"@type":"PropertyValueSpecification","valueRequired":true,"valueName":"search_term_string"}}],"inLanguage":"en-US"},{"@type":"Organization","@id":"https:\/\/stilanddesign.se\/#organization","name":"Style &amp; Design","url":"https:\/\/stilanddesign.se\/","logo":{"@type":"ImageObject","inLanguage":"en-US","@id":"https:\/\/stilanddesign.se\/#\/schema\/logo\/image\/","url":"https:\/\/stilanddesign.se\/wp-content\/uploads\/2023\/12\/output-onlinepngtools-e1727784413220.png","contentUrl":"https:\/\/stilanddesign.se\/wp-content\/uploads\/2023\/12\/output-onlinepngtools-e1727784413220.png","width":519,"height":135,"caption":"Stil &amp; Design"},"image":{"@id":"https:\/\/stilanddesign.se\/#\/schema\/logo\/image\/"}}]}},"_links":{"self":[{"href":"https:\/\/stilanddesign.se\/en\/wp-json\/wp\/v2\/product\/1069787","targetHints":{"allow":["GET"]}}],"collection":[{"href":"https:\/\/stilanddesign.se\/en\/wp-json\/wp\/v2\/product"}],"about":[{"href":"https:\/\/stilanddesign.se\/en\/wp-json\/wp\/v2\/types\/product"}],"replies":[{"embeddable":true,"href":"https:\/\/stilanddesign.se\/en\/wp-json\/wp\/v2\/comments?post=1069787"}],"wp:featuredmedia":[{"embeddable":true,"href":"https:\/\/stilanddesign.se\/en\/wp-json\/wp\/v2\/media\/1069766"}],"wp:attachment":[{"href":"https:\/\/stilanddesign.se\/en\/wp-json\/wp\/v2\/media?parent=1069787"}],"wp:term":[{"taxonomy":"product_brand","embeddable":true,"href":"https:\/\/stilanddesign.se\/en\/wp-json\/wp\/v2\/product_brand?post=1069787"},{"taxonomy":"product_cat","embeddable":true,"href":"https:\/\/stilanddesign.se\/en\/wp-json\/wp\/v2\/product_cat?post=1069787"},{"taxonomy":"product_tag","embeddable":true,"href":"https:\/\/stilanddesign.se\/en\/wp-json\/wp\/v2\/product_tag?post=1069787"}],"curies":[{"name":"wp","href":"https:\/\/api.w.org\/{rel}","templated":true}]}}