{"id":1069623,"date":"2026-03-16T11:59:21","date_gmt":"2026-03-16T10:59:21","guid":{"rendered":"https:\/\/stilanddesign.se\/?post_type=product&#038;p=1069623"},"modified":"2026-04-09T17:28:45","modified_gmt":"2026-04-09T15:28:45","slug":"marinbla-byxa-med-tillhorande-skarp-scarves-i-marinblatt","status":"publish","type":"product","link":"https:\/\/stilanddesign.se\/en\/product\/marinbla-byxa-med-tillhorande-skarp-scarves-i-marinblatt\/","title":{"rendered":"Navy blue trousers with matching belt\/scarves in navy blue"},"content":{"rendered":"<p>H\u00e4rlig marinbl\u00e5\u00a0 byxa med tillh\u00f6rande sk\u00e4rp\/scarves i marinbl\u00e5tt<\/p>\n<p>Has a waistband at the front and elastic at the back with loops all the way around<\/p>\n<p>2 square pockets at the front<\/p>\n<p>2 back pockets<\/p>\n<p>Length from waist down is: 98 cm<\/p>\n<p>Inner leg length: 68 cm<\/p>\n<p>The pants have a turn-up at the bottom that is sewn on.<\/p>\n<p>Normal size with a little stretch<\/p>\n<p>Material: 100% polyester<\/p>\n<p>Washing instructions: 40 degrees<\/p>\n<p>&nbsp;<\/p>\n<p>&nbsp;<\/p>","protected":false},"excerpt":{"rendered":"<p>H\u00e4rlig marinbl\u00e5 byxa med tillh\u00f6rande sk\u00e4rp\/scarves i marinbl\u00e5tt<\/p>\n<p>Has a waistband at the front and elastic at the back with loops all the way around<\/p>\n<p>2 square pockets at the front<\/p>\n<p>2 back pockets<\/p>\n<p>Length from waist down is: 98 cm<\/p>\n<p>Inner leg length: 68 cm<\/p>\n<p>The pants have a turn-up at the bottom that is sewn on.<\/p>\n<p>Normal size with a little stretch<\/p>\n<p>Material: 100% polyester<\/p>\n<p>Washing instructions: 40 degrees<\/p>\n<p>&nbsp;<\/p>","protected":false},"featured_media":1069621,"comment_status":"closed","ping_status":"closed","template":"","meta":[],"product_brand":[],"product_cat":[203],"product_tag":[],"class_list":{"0":"post-1069623","1":"product","2":"type-product","3":"status-publish","4":"has-post-thumbnail","6":"product_cat-byxor","8":"first","9":"instock","10":"taxable","11":"shipping-taxable","12":"purchasable","13":"product-type-variable"},"yoast_head":"<!-- This site is optimized with the Yoast SEO Premium plugin v27.1 (Yoast SEO v27.4) - https:\/\/yoast.com\/product\/yoast-seo-premium-wordpress\/ -->\n<title>Marinbl\u00e5 byxa med tillh\u00f6rande sk\u00e4rp\/scarves i marinbl\u00e5tt - Stil &amp; Design<\/title>\n<meta name=\"robots\" content=\"index, follow, max-snippet:-1, max-image-preview:large, max-video-preview:-1\" \/>\n<link rel=\"canonical\" href=\"https:\/\/stilanddesign.se\/en\/product\/marinbla-byxa-med-tillhorande-skarp-scarves-i-marinblatt\/\" \/>\n<meta property=\"og:locale\" content=\"en_US\" \/>\n<meta property=\"og:type\" content=\"article\" \/>\n<meta property=\"og:title\" content=\"Marinbl\u00e5 byxa med tillh\u00f6rande sk\u00e4rp\/scarves i marinbl\u00e5tt\" \/>\n<meta property=\"og:description\" content=\"H\u00e4rlig marinbl\u00e5 byxa med tillh\u00f6rande sk\u00e4rp\/scarves i marinbl\u00e5tt  Har linning fram och res\u00e5r bak med h\u00e4llor hela v\u00e4gen runt om  2 fyrkantiga fickor framtill  2 fickor bak  L\u00e4ngd fr\u00e5n midjan och ner \u00e4r: 98 cm  Beninnerl\u00e4ngd: 68 cm  Byxan har ett uppvik nertill som \u00e4r fastsytt  Normala i storlek med lite stretch  Material: 100% polyester  Tv\u00e4ttr\u00e5d: 40 grader  &nbsp;\" \/>\n<meta property=\"og:url\" content=\"https:\/\/stilanddesign.se\/en\/product\/marinbla-byxa-med-tillhorande-skarp-scarves-i-marinblatt\/\" \/>\n<meta property=\"og:site_name\" content=\"Stil &amp; Design\" \/>\n<meta property=\"article:modified_time\" content=\"2026-04-09T15:28:45+00:00\" \/>\n<meta property=\"og:image\" content=\"https:\/\/stilanddesign.se\/wp-content\/uploads\/2026\/03\/88787655555555555.jpeg\" \/>\n\t<meta property=\"og:image:width\" content=\"378\" \/>\n\t<meta property=\"og:image:height\" content=\"640\" \/>\n\t<meta property=\"og:image:type\" content=\"image\/jpeg\" \/>\n<meta name=\"twitter:card\" content=\"summary_large_image\" \/>\n<meta name=\"twitter:label1\" content=\"Est. reading time\" \/>\n\t<meta name=\"twitter:data1\" content=\"1 minute\" \/>\n<script type=\"application\/ld+json\" class=\"yoast-schema-graph\">{\"@context\":\"https:\\\/\\\/schema.org\",\"@graph\":[{\"@type\":\"WebPage\",\"@id\":\"https:\\\/\\\/stilanddesign.se\\\/produkt\\\/marinbla-byxa-med-tillhorande-skarp-scarves-i-marinblatt\\\/\",\"url\":\"https:\\\/\\\/stilanddesign.se\\\/produkt\\\/marinbla-byxa-med-tillhorande-skarp-scarves-i-marinblatt\\\/\",\"name\":\"Marinbl\u00e5 byxa med tillh\u00f6rande sk\u00e4rp\\\/scarves i marinbl\u00e5tt - Stil &amp; Design\",\"isPartOf\":{\"@id\":\"https:\\\/\\\/stilanddesign.se\\\/#website\"},\"primaryImageOfPage\":{\"@id\":\"https:\\\/\\\/stilanddesign.se\\\/produkt\\\/marinbla-byxa-med-tillhorande-skarp-scarves-i-marinblatt\\\/#primaryimage\"},\"image\":{\"@id\":\"https:\\\/\\\/stilanddesign.se\\\/produkt\\\/marinbla-byxa-med-tillhorande-skarp-scarves-i-marinblatt\\\/#primaryimage\"},\"thumbnailUrl\":\"https:\\\/\\\/stilanddesign.se\\\/wp-content\\\/uploads\\\/2026\\\/03\\\/88787655555555555.jpeg\",\"datePublished\":\"2026-03-16T10:59:21+00:00\",\"dateModified\":\"2026-04-09T15:28:45+00:00\",\"breadcrumb\":{\"@id\":\"https:\\\/\\\/stilanddesign.se\\\/produkt\\\/marinbla-byxa-med-tillhorande-skarp-scarves-i-marinblatt\\\/#breadcrumb\"},\"inLanguage\":\"en-US\",\"potentialAction\":[{\"@type\":\"ReadAction\",\"target\":[\"https:\\\/\\\/stilanddesign.se\\\/produkt\\\/marinbla-byxa-med-tillhorande-skarp-scarves-i-marinblatt\\\/\"]}]},{\"@type\":\"ImageObject\",\"inLanguage\":\"en-US\",\"@id\":\"https:\\\/\\\/stilanddesign.se\\\/produkt\\\/marinbla-byxa-med-tillhorande-skarp-scarves-i-marinblatt\\\/#primaryimage\",\"url\":\"https:\\\/\\\/stilanddesign.se\\\/wp-content\\\/uploads\\\/2026\\\/03\\\/88787655555555555.jpeg\",\"contentUrl\":\"https:\\\/\\\/stilanddesign.se\\\/wp-content\\\/uploads\\\/2026\\\/03\\\/88787655555555555.jpeg\",\"width\":378,\"height\":640,\"caption\":\"Marinbl\u00e5 byxa med tillh\u00f6rande sk\u00e4rp\"},{\"@type\":\"BreadcrumbList\",\"@id\":\"https:\\\/\\\/stilanddesign.se\\\/produkt\\\/marinbla-byxa-med-tillhorande-skarp-scarves-i-marinblatt\\\/#breadcrumb\",\"itemListElement\":[{\"@type\":\"ListItem\",\"position\":1,\"name\":\"Hem\",\"item\":\"https:\\\/\\\/stilanddesign.se\\\/\"},{\"@type\":\"ListItem\",\"position\":2,\"name\":\"Butiken\",\"item\":\"https:\\\/\\\/stilanddesign.se\\\/butiken\\\/\"},{\"@type\":\"ListItem\",\"position\":3,\"name\":\"Marinbl\u00e5 byxa med tillh\u00f6rande sk\u00e4rp\\\/scarves i marinbl\u00e5tt\"}]},{\"@type\":\"WebSite\",\"@id\":\"https:\\\/\\\/stilanddesign.se\\\/#website\",\"url\":\"https:\\\/\\\/stilanddesign.se\\\/\",\"name\":\"Stil &amp; Design\",\"description\":\"F\u00f6r oss som \u00e4lskar mode!\",\"publisher\":{\"@id\":\"https:\\\/\\\/stilanddesign.se\\\/#organization\"},\"potentialAction\":[{\"@type\":\"SearchAction\",\"target\":{\"@type\":\"EntryPoint\",\"urlTemplate\":\"https:\\\/\\\/stilanddesign.se\\\/?s={search_term_string}\"},\"query-input\":{\"@type\":\"PropertyValueSpecification\",\"valueRequired\":true,\"valueName\":\"search_term_string\"}}],\"inLanguage\":\"en-US\"},{\"@type\":\"Organization\",\"@id\":\"https:\\\/\\\/stilanddesign.se\\\/#organization\",\"name\":\"Stil &amp; Design\",\"url\":\"https:\\\/\\\/stilanddesign.se\\\/\",\"logo\":{\"@type\":\"ImageObject\",\"inLanguage\":\"en-US\",\"@id\":\"https:\\\/\\\/stilanddesign.se\\\/#\\\/schema\\\/logo\\\/image\\\/\",\"url\":\"https:\\\/\\\/stilanddesign.se\\\/wp-content\\\/uploads\\\/2023\\\/12\\\/output-onlinepngtools-e1727784413220.png\",\"contentUrl\":\"https:\\\/\\\/stilanddesign.se\\\/wp-content\\\/uploads\\\/2023\\\/12\\\/output-onlinepngtools-e1727784413220.png\",\"width\":519,\"height\":135,\"caption\":\"Stil &amp; Design\"},\"image\":{\"@id\":\"https:\\\/\\\/stilanddesign.se\\\/#\\\/schema\\\/logo\\\/image\\\/\"}}]}<\/script>\n<!-- \/ Yoast SEO Premium plugin. -->","yoast_head_json":{"title":"Marinbl\u00e5 byxa med tillh\u00f6rande sk\u00e4rp\/scarves i marinbl\u00e5tt - Stil &amp; Design","robots":{"index":"index","follow":"follow","max-snippet":"max-snippet:-1","max-image-preview":"max-image-preview:large","max-video-preview":"max-video-preview:-1"},"canonical":"https:\/\/stilanddesign.se\/en\/product\/marinbla-byxa-med-tillhorande-skarp-scarves-i-marinblatt\/","og_locale":"en_US","og_type":"article","og_title":"Marinbl\u00e5 byxa med tillh\u00f6rande sk\u00e4rp\/scarves i marinbl\u00e5tt","og_description":"H\u00e4rlig marinbl\u00e5 byxa med tillh\u00f6rande sk\u00e4rp\/scarves i marinbl\u00e5tt  Har linning fram och res\u00e5r bak med h\u00e4llor hela v\u00e4gen runt om  2 fyrkantiga fickor framtill  2 fickor bak  L\u00e4ngd fr\u00e5n midjan och ner \u00e4r: 98 cm  Beninnerl\u00e4ngd: 68 cm  Byxan har ett uppvik nertill som \u00e4r fastsytt  Normala i storlek med lite stretch  Material: 100% polyester  Tv\u00e4ttr\u00e5d: 40 grader  &nbsp;","og_url":"https:\/\/stilanddesign.se\/en\/product\/marinbla-byxa-med-tillhorande-skarp-scarves-i-marinblatt\/","og_site_name":"Stil &amp; Design","article_modified_time":"2026-04-09T15:28:45+00:00","og_image":[{"width":378,"height":640,"url":"https:\/\/stilanddesign.se\/wp-content\/uploads\/2026\/03\/88787655555555555.jpeg","type":"image\/jpeg"}],"twitter_card":"summary_large_image","twitter_misc":{"Est. reading time":"1 minute"},"schema":{"@context":"https:\/\/schema.org","@graph":[{"@type":"WebPage","@id":"https:\/\/stilanddesign.se\/produkt\/marinbla-byxa-med-tillhorande-skarp-scarves-i-marinblatt\/","url":"https:\/\/stilanddesign.se\/produkt\/marinbla-byxa-med-tillhorande-skarp-scarves-i-marinblatt\/","name":"Marinbl\u00e5 byxa med tillh\u00f6rande sk\u00e4rp\/scarves i marinbl\u00e5tt - Stil &amp; Design","isPartOf":{"@id":"https:\/\/stilanddesign.se\/#website"},"primaryImageOfPage":{"@id":"https:\/\/stilanddesign.se\/produkt\/marinbla-byxa-med-tillhorande-skarp-scarves-i-marinblatt\/#primaryimage"},"image":{"@id":"https:\/\/stilanddesign.se\/produkt\/marinbla-byxa-med-tillhorande-skarp-scarves-i-marinblatt\/#primaryimage"},"thumbnailUrl":"https:\/\/stilanddesign.se\/wp-content\/uploads\/2026\/03\/88787655555555555.jpeg","datePublished":"2026-03-16T10:59:21+00:00","dateModified":"2026-04-09T15:28:45+00:00","breadcrumb":{"@id":"https:\/\/stilanddesign.se\/produkt\/marinbla-byxa-med-tillhorande-skarp-scarves-i-marinblatt\/#breadcrumb"},"inLanguage":"en-US","potentialAction":[{"@type":"ReadAction","target":["https:\/\/stilanddesign.se\/produkt\/marinbla-byxa-med-tillhorande-skarp-scarves-i-marinblatt\/"]}]},{"@type":"ImageObject","inLanguage":"en-US","@id":"https:\/\/stilanddesign.se\/produkt\/marinbla-byxa-med-tillhorande-skarp-scarves-i-marinblatt\/#primaryimage","url":"https:\/\/stilanddesign.se\/wp-content\/uploads\/2026\/03\/88787655555555555.jpeg","contentUrl":"https:\/\/stilanddesign.se\/wp-content\/uploads\/2026\/03\/88787655555555555.jpeg","width":378,"height":640,"caption":"Marinbl\u00e5 byxa med tillh\u00f6rande sk\u00e4rp"},{"@type":"BreadcrumbList","@id":"https:\/\/stilanddesign.se\/produkt\/marinbla-byxa-med-tillhorande-skarp-scarves-i-marinblatt\/#breadcrumb","itemListElement":[{"@type":"ListItem","position":1,"name":"Hem","item":"https:\/\/stilanddesign.se\/"},{"@type":"ListItem","position":2,"name":"Butiken","item":"https:\/\/stilanddesign.se\/butiken\/"},{"@type":"ListItem","position":3,"name":"Marinbl\u00e5 byxa med tillh\u00f6rande sk\u00e4rp\/scarves i marinbl\u00e5tt"}]},{"@type":"WebSite","@id":"https:\/\/stilanddesign.se\/#website","url":"https:\/\/stilanddesign.se\/","name":"Style &amp; Design","description":"For those of us who love fashion!","publisher":{"@id":"https:\/\/stilanddesign.se\/#organization"},"potentialAction":[{"@type":"SearchAction","target":{"@type":"EntryPoint","urlTemplate":"https:\/\/stilanddesign.se\/?s={search_term_string}"},"query-input":{"@type":"PropertyValueSpecification","valueRequired":true,"valueName":"search_term_string"}}],"inLanguage":"en-US"},{"@type":"Organization","@id":"https:\/\/stilanddesign.se\/#organization","name":"Style &amp; Design","url":"https:\/\/stilanddesign.se\/","logo":{"@type":"ImageObject","inLanguage":"en-US","@id":"https:\/\/stilanddesign.se\/#\/schema\/logo\/image\/","url":"https:\/\/stilanddesign.se\/wp-content\/uploads\/2023\/12\/output-onlinepngtools-e1727784413220.png","contentUrl":"https:\/\/stilanddesign.se\/wp-content\/uploads\/2023\/12\/output-onlinepngtools-e1727784413220.png","width":519,"height":135,"caption":"Stil &amp; Design"},"image":{"@id":"https:\/\/stilanddesign.se\/#\/schema\/logo\/image\/"}}]}},"_links":{"self":[{"href":"https:\/\/stilanddesign.se\/en\/wp-json\/wp\/v2\/product\/1069623","targetHints":{"allow":["GET"]}}],"collection":[{"href":"https:\/\/stilanddesign.se\/en\/wp-json\/wp\/v2\/product"}],"about":[{"href":"https:\/\/stilanddesign.se\/en\/wp-json\/wp\/v2\/types\/product"}],"replies":[{"embeddable":true,"href":"https:\/\/stilanddesign.se\/en\/wp-json\/wp\/v2\/comments?post=1069623"}],"wp:featuredmedia":[{"embeddable":true,"href":"https:\/\/stilanddesign.se\/en\/wp-json\/wp\/v2\/media\/1069621"}],"wp:attachment":[{"href":"https:\/\/stilanddesign.se\/en\/wp-json\/wp\/v2\/media?parent=1069623"}],"wp:term":[{"taxonomy":"product_brand","embeddable":true,"href":"https:\/\/stilanddesign.se\/en\/wp-json\/wp\/v2\/product_brand?post=1069623"},{"taxonomy":"product_cat","embeddable":true,"href":"https:\/\/stilanddesign.se\/en\/wp-json\/wp\/v2\/product_cat?post=1069623"},{"taxonomy":"product_tag","embeddable":true,"href":"https:\/\/stilanddesign.se\/en\/wp-json\/wp\/v2\/product_tag?post=1069623"}],"curies":[{"name":"wp","href":"https:\/\/api.w.org\/{rel}","templated":true}]}}