{"id":1069072,"date":"2026-04-15T11:52:17","date_gmt":"2026-04-15T09:52:17","guid":{"rendered":"https:\/\/stilanddesign.se\/?post_type=product&#038;p=1069072"},"modified":"2026-04-15T16:37:49","modified_gmt":"2026-04-15T14:37:49","slug":"%f0%9f%8c%bc-blus-med-blombrodyr-jeansbla-%f0%9f%8c%bc","status":"publish","type":"product","link":"https:\/\/stilanddesign.se\/en\/product\/%f0%9f%8c%bc-blus-med-blombrodyr-jeansbla-%f0%9f%8c%bc\/","title":{"rendered":"\ud83c\udf3c Blouse with Flower Embroidery - Jeans Blue \ud83c\udf3c"},"content":{"rendered":"<p data-start=\"0\" data-end=\"42\">\ud83c\udf3c <strong data-start=\"3\" data-end=\"37\">Blouse with Floral Embroidery \u2013 Denim blue<\/strong> \ud83c\udf3c<\/p>\n<p data-start=\"44\" data-end=\"260\">A <strong data-start=\"47\" data-end=\"75\">elegant and feminine blouse<\/strong> with beautiful floral embroidery that gives the garment a stylish and decorative expression. The denim blue color makes the blouse easy to match and goes perfectly with jeans, skirts or suit pants.<\/p>\n<p data-start=\"262\" data-end=\"377\">The airy model and the fine details make it just as stylish. <strong data-start=\"330\" data-end=\"374\">everyday life as well as for more dressed up occasions<\/strong>.<\/p>\n<p data-start=\"379\" data-end=\"519\">\u2728 <strong data-start=\"381\" data-end=\"394\">Details:<\/strong><br data-start=\"394\" data-end=\"397\" \/>\u2022 Beautiful floral embroidery<br data-start=\"416\" data-end=\"419\" \/>\u2022 Comfortable and airy fit<br data-start=\"447\" data-end=\"450\" \/>\u2022 Stylish and feminine design<br data-start=\"478\" data-end=\"481\" \/>\u2022 Easy to match with many outfits<\/p>\n<p data-start=\"521\" data-end=\"546\">\ud83c\udfa8 <strong data-start=\"524\" data-end=\"533\">Paint:<\/strong><br data-start=\"533\" data-end=\"536\" \/>Denim blue<\/p>\n<p data-start=\"548\" data-end=\"580\">\ud83d\udccf <strong data-start=\"551\" data-end=\"565\">Sizes:<\/strong><br data-start=\"565\" data-end=\"568\" \/>S\/M<br data-start=\"571\" data-end=\"574\" \/>L\/XL<\/p>\n<p data-start=\"582\" data-end=\"625\">\ud83e\uddf5 <strong data-start=\"585\" data-end=\"598\">Material:<\/strong><br data-start=\"598\" data-end=\"601\" \/>60% cotton<br data-start=\"611\" data-end=\"614\" \/>40% nylon<\/p>\n<p data-start=\"627\" data-end=\"703\" data-is-last-node=\"\" data-is-only-node=\"\">A <strong data-start=\"630\" data-end=\"664\">stylish blouse with fine details<\/strong> that gives your outfit that little something extra. \ud83d\udc99<\/p>\n<p>&nbsp;<\/p>","protected":false},"excerpt":{"rendered":"<p data-start=\"0\" data-end=\"42\">\ud83c\udf3c <strong data-start=\"3\" data-end=\"37\">Blouse with Floral Embroidery \u2013 Denim blue<\/strong> \ud83c\udf3c<\/p>\n<p data-start=\"44\" data-end=\"260\">A <strong data-start=\"47\" data-end=\"75\">elegant and feminine blouse<\/strong> with beautiful floral embroidery that gives the garment a stylish and decorative expression. The denim blue color makes the blouse easy to match and goes perfectly with jeans, skirts or suit pants.<\/p>\n<p data-start=\"262\" data-end=\"377\">The airy model and the fine details make it just as stylish. <strong data-start=\"330\" data-end=\"374\">everyday life as well as for more dressed up occasions<\/strong>.<\/p>\n<p data-start=\"379\" data-end=\"519\">\u2728 <strong data-start=\"381\" data-end=\"394\">Details:<\/strong><br data-start=\"394\" data-end=\"397\" \/>\u2022 Beautiful floral embroidery<br data-start=\"416\" data-end=\"419\" \/>\u2022 Comfortable and airy fit<br data-start=\"447\" data-end=\"450\" \/>\u2022 Stylish and feminine design<br data-start=\"478\" data-end=\"481\" \/>\u2022 Easy to match with many outfits<\/p>\n<p data-start=\"521\" data-end=\"546\">\ud83c\udfa8 <strong data-start=\"524\" data-end=\"533\">Paint:<\/strong><br data-start=\"533\" data-end=\"536\" \/>Denim blue<\/p>\n<p data-start=\"548\" data-end=\"580\">\ud83d\udccf <strong data-start=\"551\" data-end=\"565\">Sizes:<\/strong><br data-start=\"565\" data-end=\"568\" \/>S\/M<br data-start=\"571\" data-end=\"574\" \/>L\/XL<\/p>\n<p data-start=\"582\" data-end=\"625\">\ud83e\uddf5 <strong data-start=\"585\" data-end=\"598\">Material:<\/strong><br data-start=\"598\" data-end=\"601\" \/>60% cotton<br data-start=\"611\" data-end=\"614\" \/>40% nylon<\/p>\n<p data-start=\"627\" data-end=\"703\" data-is-last-node=\"\" data-is-only-node=\"\">A <strong data-start=\"630\" data-end=\"664\">stylish blouse with fine details<\/strong> that gives your outfit that little something extra. \ud83d\udc99<\/p>\n<p>&nbsp;<\/p>","protected":false},"featured_media":1069068,"comment_status":"closed","ping_status":"closed","template":"","meta":[],"product_brand":[],"product_cat":[211,217],"product_tag":[],"class_list":{"0":"post-1069072","1":"product","2":"type-product","3":"status-publish","4":"has-post-thumbnail","6":"product_cat-blusar","7":"product_cat-produktnyheter","9":"first","10":"outofstock","11":"taxable","12":"shipping-taxable","13":"product-type-variable"},"yoast_head":"<!-- This site is optimized with the Yoast SEO Premium plugin v27.1 (Yoast SEO v27.4) - https:\/\/yoast.com\/product\/yoast-seo-premium-wordpress\/ -->\n<title>\ud83c\udf3c Blus med Blombrodyr \u2013 Jeansbl\u00e5 \ud83c\udf3c - Stil &amp; Design<\/title>\n<meta name=\"robots\" content=\"index, follow, max-snippet:-1, max-image-preview:large, max-video-preview:-1\" \/>\n<link rel=\"canonical\" href=\"https:\/\/stilanddesign.se\/en\/product\/\ud83c\udf3c-blus-med-blombrodyr-jeansbla-\ud83c\udf3c\/\" \/>\n<meta property=\"og:locale\" content=\"en_US\" \/>\n<meta property=\"og:type\" content=\"article\" \/>\n<meta property=\"og:title\" content=\"\ud83c\udf3c Blus med Blombrodyr \u2013 Jeansbl\u00e5 \ud83c\udf3c\" \/>\n<meta property=\"og:description\" content=\"\ud83c\udf3c Blus med Blombrodyr \u2013 Jeansbl\u00e5 \ud83c\udf3c En elegant och feminin blus med vacker blombrodyr som ger plagget ett stilfullt och dekorativt uttryck. Den jeansbl\u00e5 f\u00e4rgen g\u00f6r blusen l\u00e4tt att matcha och passar perfekt till b\u00e5de jeans, kjol eller kostymbyxor. Den luftiga modellen och de fina detaljerna g\u00f6r den lika snygg till vardag som till mer uppkl\u00e4dda tillf\u00e4llen. \u2728 Detaljer:\u2022 Vacker blombrodyr\u2022 Bekv\u00e4m och luftig passform\u2022 Stilren och feminin design\u2022 L\u00e4tt att matcha till m\u00e5nga outfits \ud83c\udfa8 F\u00e4rg:Jeansbl\u00e5 \ud83d\udccf Storlekar:S\/ML\/XL \ud83e\uddf5 Material:60% bomull40% nylon En stilren blus med fina detaljer som ger din outfit det lilla extra. \ud83d\udc99 &nbsp;\" \/>\n<meta property=\"og:url\" content=\"https:\/\/stilanddesign.se\/en\/product\/\ud83c\udf3c-blus-med-blombrodyr-jeansbla-\ud83c\udf3c\/\" \/>\n<meta property=\"og:site_name\" content=\"Stil &amp; Design\" \/>\n<meta property=\"article:modified_time\" content=\"2026-04-15T14:37:49+00:00\" \/>\n<meta property=\"og:image\" content=\"https:\/\/stilanddesign.se\/wp-content\/uploads\/2026\/03\/656576666.jpeg\" \/>\n\t<meta property=\"og:image:width\" content=\"1440\" \/>\n\t<meta property=\"og:image:height\" content=\"1920\" \/>\n\t<meta property=\"og:image:type\" content=\"image\/jpeg\" \/>\n<meta name=\"twitter:card\" content=\"summary_large_image\" \/>\n<meta name=\"twitter:label1\" content=\"Est. reading time\" \/>\n\t<meta name=\"twitter:data1\" content=\"1 minute\" \/>\n<script type=\"application\/ld+json\" class=\"yoast-schema-graph\">{\"@context\":\"https:\\\/\\\/schema.org\",\"@graph\":[{\"@type\":\"WebPage\",\"@id\":\"https:\\\/\\\/stilanddesign.se\\\/produkt\\\/%f0%9f%8c%bc-blus-med-blombrodyr-jeansbla-%f0%9f%8c%bc\\\/\",\"url\":\"https:\\\/\\\/stilanddesign.se\\\/produkt\\\/%f0%9f%8c%bc-blus-med-blombrodyr-jeansbla-%f0%9f%8c%bc\\\/\",\"name\":\"\ud83c\udf3c Blus med Blombrodyr \u2013 Jeansbl\u00e5 \ud83c\udf3c - Stil &amp; Design\",\"isPartOf\":{\"@id\":\"https:\\\/\\\/stilanddesign.se\\\/#website\"},\"primaryImageOfPage\":{\"@id\":\"https:\\\/\\\/stilanddesign.se\\\/produkt\\\/%f0%9f%8c%bc-blus-med-blombrodyr-jeansbla-%f0%9f%8c%bc\\\/#primaryimage\"},\"image\":{\"@id\":\"https:\\\/\\\/stilanddesign.se\\\/produkt\\\/%f0%9f%8c%bc-blus-med-blombrodyr-jeansbla-%f0%9f%8c%bc\\\/#primaryimage\"},\"thumbnailUrl\":\"https:\\\/\\\/stilanddesign.se\\\/wp-content\\\/uploads\\\/2026\\\/03\\\/656576666.jpeg\",\"datePublished\":\"2026-04-15T09:52:17+00:00\",\"dateModified\":\"2026-04-15T14:37:49+00:00\",\"breadcrumb\":{\"@id\":\"https:\\\/\\\/stilanddesign.se\\\/produkt\\\/%f0%9f%8c%bc-blus-med-blombrodyr-jeansbla-%f0%9f%8c%bc\\\/#breadcrumb\"},\"inLanguage\":\"en-US\",\"potentialAction\":[{\"@type\":\"ReadAction\",\"target\":[\"https:\\\/\\\/stilanddesign.se\\\/produkt\\\/%f0%9f%8c%bc-blus-med-blombrodyr-jeansbla-%f0%9f%8c%bc\\\/\"]}]},{\"@type\":\"ImageObject\",\"inLanguage\":\"en-US\",\"@id\":\"https:\\\/\\\/stilanddesign.se\\\/produkt\\\/%f0%9f%8c%bc-blus-med-blombrodyr-jeansbla-%f0%9f%8c%bc\\\/#primaryimage\",\"url\":\"https:\\\/\\\/stilanddesign.se\\\/wp-content\\\/uploads\\\/2026\\\/03\\\/656576666.jpeg\",\"contentUrl\":\"https:\\\/\\\/stilanddesign.se\\\/wp-content\\\/uploads\\\/2026\\\/03\\\/656576666.jpeg\",\"width\":1440,\"height\":1920},{\"@type\":\"BreadcrumbList\",\"@id\":\"https:\\\/\\\/stilanddesign.se\\\/produkt\\\/%f0%9f%8c%bc-blus-med-blombrodyr-jeansbla-%f0%9f%8c%bc\\\/#breadcrumb\",\"itemListElement\":[{\"@type\":\"ListItem\",\"position\":1,\"name\":\"Hem\",\"item\":\"https:\\\/\\\/stilanddesign.se\\\/\"},{\"@type\":\"ListItem\",\"position\":2,\"name\":\"Butiken\",\"item\":\"https:\\\/\\\/stilanddesign.se\\\/butiken\\\/\"},{\"@type\":\"ListItem\",\"position\":3,\"name\":\"\ud83c\udf3c Blus med Blombrodyr \u2013 Jeansbl\u00e5 \ud83c\udf3c\"}]},{\"@type\":\"WebSite\",\"@id\":\"https:\\\/\\\/stilanddesign.se\\\/#website\",\"url\":\"https:\\\/\\\/stilanddesign.se\\\/\",\"name\":\"Stil &amp; Design\",\"description\":\"F\u00f6r oss som \u00e4lskar mode!\",\"publisher\":{\"@id\":\"https:\\\/\\\/stilanddesign.se\\\/#organization\"},\"potentialAction\":[{\"@type\":\"SearchAction\",\"target\":{\"@type\":\"EntryPoint\",\"urlTemplate\":\"https:\\\/\\\/stilanddesign.se\\\/?s={search_term_string}\"},\"query-input\":{\"@type\":\"PropertyValueSpecification\",\"valueRequired\":true,\"valueName\":\"search_term_string\"}}],\"inLanguage\":\"en-US\"},{\"@type\":\"Organization\",\"@id\":\"https:\\\/\\\/stilanddesign.se\\\/#organization\",\"name\":\"Stil &amp; Design\",\"url\":\"https:\\\/\\\/stilanddesign.se\\\/\",\"logo\":{\"@type\":\"ImageObject\",\"inLanguage\":\"en-US\",\"@id\":\"https:\\\/\\\/stilanddesign.se\\\/#\\\/schema\\\/logo\\\/image\\\/\",\"url\":\"https:\\\/\\\/stilanddesign.se\\\/wp-content\\\/uploads\\\/2023\\\/12\\\/output-onlinepngtools-e1727784413220.png\",\"contentUrl\":\"https:\\\/\\\/stilanddesign.se\\\/wp-content\\\/uploads\\\/2023\\\/12\\\/output-onlinepngtools-e1727784413220.png\",\"width\":519,\"height\":135,\"caption\":\"Stil &amp; Design\"},\"image\":{\"@id\":\"https:\\\/\\\/stilanddesign.se\\\/#\\\/schema\\\/logo\\\/image\\\/\"}}]}<\/script>\n<!-- \/ Yoast SEO Premium plugin. -->","yoast_head_json":{"title":"\ud83c\udf3c Blus med Blombrodyr \u2013 Jeansbl\u00e5 \ud83c\udf3c - Stil &amp; Design","robots":{"index":"index","follow":"follow","max-snippet":"max-snippet:-1","max-image-preview":"max-image-preview:large","max-video-preview":"max-video-preview:-1"},"canonical":"https:\/\/stilanddesign.se\/en\/product\/\ud83c\udf3c-blus-med-blombrodyr-jeansbla-\ud83c\udf3c\/","og_locale":"en_US","og_type":"article","og_title":"\ud83c\udf3c Blus med Blombrodyr \u2013 Jeansbl\u00e5 \ud83c\udf3c","og_description":"\ud83c\udf3c Blus med Blombrodyr \u2013 Jeansbl\u00e5 \ud83c\udf3c En elegant och feminin blus med vacker blombrodyr som ger plagget ett stilfullt och dekorativt uttryck. Den jeansbl\u00e5 f\u00e4rgen g\u00f6r blusen l\u00e4tt att matcha och passar perfekt till b\u00e5de jeans, kjol eller kostymbyxor. Den luftiga modellen och de fina detaljerna g\u00f6r den lika snygg till vardag som till mer uppkl\u00e4dda tillf\u00e4llen. \u2728 Detaljer:\u2022 Vacker blombrodyr\u2022 Bekv\u00e4m och luftig passform\u2022 Stilren och feminin design\u2022 L\u00e4tt att matcha till m\u00e5nga outfits \ud83c\udfa8 F\u00e4rg:Jeansbl\u00e5 \ud83d\udccf Storlekar:S\/ML\/XL \ud83e\uddf5 Material:60% bomull40% nylon En stilren blus med fina detaljer som ger din outfit det lilla extra. \ud83d\udc99 &nbsp;","og_url":"https:\/\/stilanddesign.se\/en\/product\/\ud83c\udf3c-blus-med-blombrodyr-jeansbla-\ud83c\udf3c\/","og_site_name":"Stil &amp; Design","article_modified_time":"2026-04-15T14:37:49+00:00","og_image":[{"width":1440,"height":1920,"url":"https:\/\/stilanddesign.se\/wp-content\/uploads\/2026\/03\/656576666.jpeg","type":"image\/jpeg"}],"twitter_card":"summary_large_image","twitter_misc":{"Est. reading time":"1 minute"},"schema":{"@context":"https:\/\/schema.org","@graph":[{"@type":"WebPage","@id":"https:\/\/stilanddesign.se\/produkt\/%f0%9f%8c%bc-blus-med-blombrodyr-jeansbla-%f0%9f%8c%bc\/","url":"https:\/\/stilanddesign.se\/produkt\/%f0%9f%8c%bc-blus-med-blombrodyr-jeansbla-%f0%9f%8c%bc\/","name":"\ud83c\udf3c Blus med Blombrodyr \u2013 Jeansbl\u00e5 \ud83c\udf3c - Stil &amp; Design","isPartOf":{"@id":"https:\/\/stilanddesign.se\/#website"},"primaryImageOfPage":{"@id":"https:\/\/stilanddesign.se\/produkt\/%f0%9f%8c%bc-blus-med-blombrodyr-jeansbla-%f0%9f%8c%bc\/#primaryimage"},"image":{"@id":"https:\/\/stilanddesign.se\/produkt\/%f0%9f%8c%bc-blus-med-blombrodyr-jeansbla-%f0%9f%8c%bc\/#primaryimage"},"thumbnailUrl":"https:\/\/stilanddesign.se\/wp-content\/uploads\/2026\/03\/656576666.jpeg","datePublished":"2026-04-15T09:52:17+00:00","dateModified":"2026-04-15T14:37:49+00:00","breadcrumb":{"@id":"https:\/\/stilanddesign.se\/produkt\/%f0%9f%8c%bc-blus-med-blombrodyr-jeansbla-%f0%9f%8c%bc\/#breadcrumb"},"inLanguage":"en-US","potentialAction":[{"@type":"ReadAction","target":["https:\/\/stilanddesign.se\/produkt\/%f0%9f%8c%bc-blus-med-blombrodyr-jeansbla-%f0%9f%8c%bc\/"]}]},{"@type":"ImageObject","inLanguage":"en-US","@id":"https:\/\/stilanddesign.se\/produkt\/%f0%9f%8c%bc-blus-med-blombrodyr-jeansbla-%f0%9f%8c%bc\/#primaryimage","url":"https:\/\/stilanddesign.se\/wp-content\/uploads\/2026\/03\/656576666.jpeg","contentUrl":"https:\/\/stilanddesign.se\/wp-content\/uploads\/2026\/03\/656576666.jpeg","width":1440,"height":1920},{"@type":"BreadcrumbList","@id":"https:\/\/stilanddesign.se\/produkt\/%f0%9f%8c%bc-blus-med-blombrodyr-jeansbla-%f0%9f%8c%bc\/#breadcrumb","itemListElement":[{"@type":"ListItem","position":1,"name":"Hem","item":"https:\/\/stilanddesign.se\/"},{"@type":"ListItem","position":2,"name":"Butiken","item":"https:\/\/stilanddesign.se\/butiken\/"},{"@type":"ListItem","position":3,"name":"\ud83c\udf3c Blus med Blombrodyr \u2013 Jeansbl\u00e5 \ud83c\udf3c"}]},{"@type":"WebSite","@id":"https:\/\/stilanddesign.se\/#website","url":"https:\/\/stilanddesign.se\/","name":"Style &amp; Design","description":"For those of us who love fashion!","publisher":{"@id":"https:\/\/stilanddesign.se\/#organization"},"potentialAction":[{"@type":"SearchAction","target":{"@type":"EntryPoint","urlTemplate":"https:\/\/stilanddesign.se\/?s={search_term_string}"},"query-input":{"@type":"PropertyValueSpecification","valueRequired":true,"valueName":"search_term_string"}}],"inLanguage":"en-US"},{"@type":"Organization","@id":"https:\/\/stilanddesign.se\/#organization","name":"Style &amp; Design","url":"https:\/\/stilanddesign.se\/","logo":{"@type":"ImageObject","inLanguage":"en-US","@id":"https:\/\/stilanddesign.se\/#\/schema\/logo\/image\/","url":"https:\/\/stilanddesign.se\/wp-content\/uploads\/2023\/12\/output-onlinepngtools-e1727784413220.png","contentUrl":"https:\/\/stilanddesign.se\/wp-content\/uploads\/2023\/12\/output-onlinepngtools-e1727784413220.png","width":519,"height":135,"caption":"Stil &amp; Design"},"image":{"@id":"https:\/\/stilanddesign.se\/#\/schema\/logo\/image\/"}}]}},"_links":{"self":[{"href":"https:\/\/stilanddesign.se\/en\/wp-json\/wp\/v2\/product\/1069072","targetHints":{"allow":["GET"]}}],"collection":[{"href":"https:\/\/stilanddesign.se\/en\/wp-json\/wp\/v2\/product"}],"about":[{"href":"https:\/\/stilanddesign.se\/en\/wp-json\/wp\/v2\/types\/product"}],"replies":[{"embeddable":true,"href":"https:\/\/stilanddesign.se\/en\/wp-json\/wp\/v2\/comments?post=1069072"}],"wp:featuredmedia":[{"embeddable":true,"href":"https:\/\/stilanddesign.se\/en\/wp-json\/wp\/v2\/media\/1069068"}],"wp:attachment":[{"href":"https:\/\/stilanddesign.se\/en\/wp-json\/wp\/v2\/media?parent=1069072"}],"wp:term":[{"taxonomy":"product_brand","embeddable":true,"href":"https:\/\/stilanddesign.se\/en\/wp-json\/wp\/v2\/product_brand?post=1069072"},{"taxonomy":"product_cat","embeddable":true,"href":"https:\/\/stilanddesign.se\/en\/wp-json\/wp\/v2\/product_cat?post=1069072"},{"taxonomy":"product_tag","embeddable":true,"href":"https:\/\/stilanddesign.se\/en\/wp-json\/wp\/v2\/product_tag?post=1069072"}],"curies":[{"name":"wp","href":"https:\/\/api.w.org\/{rel}","templated":true}]}}