{"id":1069002,"date":"2026-03-11T14:23:30","date_gmt":"2026-03-11T13:23:30","guid":{"rendered":"https:\/\/stilanddesign.se\/?post_type=product&#038;p=1069002"},"modified":"2026-03-24T13:35:21","modified_gmt":"2026-03-24T12:35:21","slug":"%e2%9c%a8-stretchig-kostymbyxa-stil-komfort-i-perfekt-kombination-%e2%9c%a8","status":"publish","type":"product","link":"https:\/\/stilanddesign.se\/en\/product\/%e2%9c%a8-stretchig-kostymbyxa-stil-komfort-i-perfekt-kombination-%e2%9c%a8\/","title":{"rendered":"\u2728 Stretchy Suit Pants \u2013 Style &amp; Comfort in Perfect Combination \u2728"},"content":{"rendered":"<p data-start=\"0\" data-end=\"69\">\u2728 <strong data-start=\"2\" data-end=\"65\">Stretchy Suit Pants \u2013 Style &amp; Comfort in Perfect Combination<\/strong> \u2728<\/p>\n<p data-start=\"71\" data-end=\"299\">A <strong data-start=\"74\" data-end=\"107\">soft and stretchy suit pants<\/strong> that combines classic elegance with maximum comfort. The stylish design and flattering fit make it a perfect choice for both <strong data-start=\"251\" data-end=\"296\">work, everyday life and more dressed up occasions<\/strong>.<\/p>\n<p data-start=\"301\" data-end=\"521\">The trousers have a flexible stretch that makes them comfortable all day long. With their stylish design, they are easy to match \u2013 just as stylish. <strong data-start=\"438\" data-end=\"473\">sneakers for a casual look<\/strong> as for <strong data-start=\"483\" data-end=\"518\">heels for a more elegant style<\/strong>.<\/p>\n<p data-start=\"523\" data-end=\"687\">\u2728 <strong data-start=\"525\" data-end=\"538\">Details:<\/strong><br data-start=\"538\" data-end=\"541\" \/>\u2022 Stretchy and soft material<br data-start=\"572\" data-end=\"575\" \/>\u2022 Stylish suit model<br data-start=\"597\" data-end=\"600\" \/>\u2022 Comfortable fit<br data-start=\"617\" data-end=\"620\" \/>\u2022 Practical pockets<br data-start=\"638\" data-end=\"641\" \/>\u2022 Easy to style for both everyday and work<\/p>\n<p data-start=\"689\" data-end=\"729\">\ud83d\udc56 <strong data-start=\"692\" data-end=\"703\">Colors:<\/strong><br data-start=\"703\" data-end=\"706\" \/>Pink<br data-start=\"710\" data-end=\"713\" \/>Yellow<br data-start=\"716\" data-end=\"719\" \/>Denim blue<\/p>\n<p data-start=\"731\" data-end=\"808\">\ud83d\udccf <strong data-start=\"734\" data-end=\"746\">Size:<\/strong> One size (fits approx. 36\u201342)<br data-start=\"772\" data-end=\"775\" \/>\ud83d\udc69 <strong data-start=\"778\" data-end=\"794\">The model is:<\/strong> 171 cm tall<\/p>\n<p data-start=\"810\" data-end=\"869\">\ud83e\uddf5 <strong data-start=\"813\" data-end=\"826\">Material:<\/strong><br data-start=\"826\" data-end=\"829\" \/>66% cotton<br data-start=\"839\" data-end=\"842\" \/>29% polyamide<br data-start=\"854\" data-end=\"857\" \/>5% elastane<\/p>\n<p data-start=\"871\" data-end=\"893\">\ud83e\uddfa <strong data-start=\"874\" data-end=\"887\">Washing instructions:<\/strong> 30\u00b0<\/p>\n<p data-start=\"895\" data-end=\"968\" data-is-last-node=\"\" data-is-only-node=\"\">A <strong data-start=\"898\" data-end=\"924\">timeless and comfortable trousers<\/strong> which will quickly become a wardrobe favorite. \ud83d\udcab<\/p>","protected":false},"excerpt":{"rendered":"<p data-start=\"0\" data-end=\"69\">\u2728 <strong data-start=\"2\" data-end=\"65\">Stretchy Suit Pants \u2013 Style &amp; Comfort in Perfect Combination<\/strong> \u2728<\/p>\n<p data-start=\"71\" data-end=\"299\">A <strong data-start=\"74\" data-end=\"107\">soft and stretchy suit pants<\/strong> that combines classic elegance with maximum comfort. The stylish design and flattering fit make it a perfect choice for both <strong data-start=\"251\" data-end=\"296\">work, everyday life and more dressed up occasions<\/strong>.<\/p>\n<p data-start=\"301\" data-end=\"521\">The trousers have a flexible stretch that makes them comfortable all day long. With their stylish design, they are easy to match \u2013 just as stylish. <strong data-start=\"438\" data-end=\"473\">sneakers for a casual look<\/strong> as for <strong data-start=\"483\" data-end=\"518\">heels for a more elegant style<\/strong>.<\/p>\n<p data-start=\"523\" data-end=\"687\">\u2728 <strong data-start=\"525\" data-end=\"538\">Details:<\/strong><br data-start=\"538\" data-end=\"541\" \/>\u2022 Stretchy and soft material<br data-start=\"572\" data-end=\"575\" \/>\u2022 Stylish suit model<br data-start=\"597\" data-end=\"600\" \/>\u2022 Comfortable fit<br data-start=\"617\" data-end=\"620\" \/>\u2022 Practical pockets<br data-start=\"638\" data-end=\"641\" \/>\u2022 Easy to style for both everyday and work<\/p>\n<p data-start=\"689\" data-end=\"729\">\ud83d\udc56 <strong data-start=\"692\" data-end=\"703\">Colors:<\/strong><br data-start=\"703\" data-end=\"706\" \/>Pink<br data-start=\"710\" data-end=\"713\" \/>Yellow<br data-start=\"716\" data-end=\"719\" \/>Denim blue<\/p>\n<p data-start=\"731\" data-end=\"808\">\ud83d\udccf <strong data-start=\"734\" data-end=\"746\">Size:<\/strong> One size (fits approx. 36\u201342)<br data-start=\"772\" data-end=\"775\" \/>\ud83d\udc69 <strong data-start=\"778\" data-end=\"794\">The model is:<\/strong> 171 cm tall<\/p>\n<p data-start=\"810\" data-end=\"869\">\ud83e\uddf5 <strong data-start=\"813\" data-end=\"826\">Material:<\/strong><br data-start=\"826\" data-end=\"829\" \/>66% cotton<br data-start=\"839\" data-end=\"842\" \/>29% polyamide<br data-start=\"854\" data-end=\"857\" \/>5% elastane<\/p>\n<p data-start=\"871\" data-end=\"893\">\ud83e\uddfa <strong data-start=\"874\" data-end=\"887\">Washing instructions:<\/strong> 30\u00b0<\/p>\n<p data-start=\"895\" data-end=\"968\" data-is-last-node=\"\" data-is-only-node=\"\">A <strong data-start=\"898\" data-end=\"924\">timeless and comfortable trousers<\/strong> which will quickly become a wardrobe favorite. \ud83d\udcab<\/p>","protected":false},"featured_media":1069008,"comment_status":"closed","ping_status":"closed","template":"","meta":[],"product_brand":[],"product_cat":[203],"product_tag":[],"class_list":{"0":"post-1069002","1":"product","2":"type-product","3":"status-publish","4":"has-post-thumbnail","6":"product_cat-byxor","8":"first","9":"instock","10":"taxable","11":"shipping-taxable","12":"purchasable","13":"product-type-variable"},"yoast_head":"<!-- This site is optimized with the Yoast SEO Premium plugin v27.1 (Yoast SEO v27.4) - https:\/\/yoast.com\/product\/yoast-seo-premium-wordpress\/ -->\n<title>\u2728 Stretchig Kostymbyxa \u2013 Stil &amp; Komfort i Perfekt Kombination \u2728 - Stil &amp; Design<\/title>\n<meta name=\"robots\" content=\"index, follow, max-snippet:-1, max-image-preview:large, max-video-preview:-1\" \/>\n<link rel=\"canonical\" href=\"https:\/\/stilanddesign.se\/en\/product\/\u2728-stretchig-kostymbyxa-stil-komfort-i-perfekt-kombination-\u2728\/\" \/>\n<meta property=\"og:locale\" content=\"en_US\" \/>\n<meta property=\"og:type\" content=\"article\" \/>\n<meta property=\"og:title\" content=\"\u2728 Stretchig Kostymbyxa \u2013 Stil &amp; Komfort i Perfekt Kombination \u2728\" \/>\n<meta property=\"og:description\" content=\"\u2728 Stretchig Kostymbyxa \u2013 Stil &amp; Komfort i Perfekt Kombination \u2728 En mjuk och stretchig kostymbyxa som kombinerar klassisk elegans med maximal komfort. Den stilrena designen och den smickrande passformen g\u00f6r den till ett perfekt val b\u00e5de f\u00f6r jobb, vardag och mer uppkl\u00e4dda tillf\u00e4llen. Byxan har en f\u00f6ljsam stretch som g\u00f6r att den sitter bekv\u00e4mt hela dagen. Med sin stilrena modell \u00e4r den l\u00e4tt att matcha \u2013 lika snygg till sneakers f\u00f6r en avslappnad look som till klackar f\u00f6r en mer elegant stil. \u2728 Detaljer:\u2022 Stretchigt och mjukt material\u2022 Stilren kostymmodell\u2022 Bekv\u00e4m passform\u2022 Praktiska fickor\u2022 L\u00e4tt att styla till b\u00e5de vardag och arbete \ud83d\udc56 F\u00e4rger:RosaGulJeansbl\u00e5 \ud83d\udccf Storlek: Onesize (passar ca 36\u201342)\ud83d\udc69 Modellen \u00e4r: 171 cm l\u00e5ng \ud83e\uddf5 Material:66% bomull29% polyamid5% elastan \ud83e\uddfa Tv\u00e4ttr\u00e5d: 30\u00b0 En tidl\u00f6s och bekv\u00e4m byxa som snabbt blir en favorit i garderoben. \ud83d\udcab\" \/>\n<meta property=\"og:url\" content=\"https:\/\/stilanddesign.se\/en\/product\/\u2728-stretchig-kostymbyxa-stil-komfort-i-perfekt-kombination-\u2728\/\" \/>\n<meta property=\"og:site_name\" content=\"Stil &amp; Design\" \/>\n<meta property=\"article:modified_time\" content=\"2026-03-24T12:35:21+00:00\" \/>\n<meta name=\"twitter:card\" content=\"summary_large_image\" \/>\n<meta name=\"twitter:label1\" content=\"Est. reading time\" \/>\n\t<meta name=\"twitter:data1\" content=\"1 minute\" \/>\n<script type=\"application\/ld+json\" class=\"yoast-schema-graph\">{\"@context\":\"https:\\\/\\\/schema.org\",\"@graph\":[{\"@type\":\"WebPage\",\"@id\":\"https:\\\/\\\/stilanddesign.se\\\/produkt\\\/%e2%9c%a8-stretchig-kostymbyxa-stil-komfort-i-perfekt-kombination-%e2%9c%a8\\\/\",\"url\":\"https:\\\/\\\/stilanddesign.se\\\/produkt\\\/%e2%9c%a8-stretchig-kostymbyxa-stil-komfort-i-perfekt-kombination-%e2%9c%a8\\\/\",\"name\":\"\u2728 Stretchig Kostymbyxa \u2013 Stil & Komfort i Perfekt Kombination \u2728 - Stil &amp; Design\",\"isPartOf\":{\"@id\":\"https:\\\/\\\/stilanddesign.se\\\/#website\"},\"primaryImageOfPage\":{\"@id\":\"https:\\\/\\\/stilanddesign.se\\\/produkt\\\/%e2%9c%a8-stretchig-kostymbyxa-stil-komfort-i-perfekt-kombination-%e2%9c%a8\\\/#primaryimage\"},\"image\":{\"@id\":\"https:\\\/\\\/stilanddesign.se\\\/produkt\\\/%e2%9c%a8-stretchig-kostymbyxa-stil-komfort-i-perfekt-kombination-%e2%9c%a8\\\/#primaryimage\"},\"thumbnailUrl\":\"https:\\\/\\\/stilanddesign.se\\\/wp-content\\\/uploads\\\/2026\\\/03\\\/IMG_6472.avif\",\"datePublished\":\"2026-03-11T13:23:30+00:00\",\"dateModified\":\"2026-03-24T12:35:21+00:00\",\"breadcrumb\":{\"@id\":\"https:\\\/\\\/stilanddesign.se\\\/produkt\\\/%e2%9c%a8-stretchig-kostymbyxa-stil-komfort-i-perfekt-kombination-%e2%9c%a8\\\/#breadcrumb\"},\"inLanguage\":\"en-US\",\"potentialAction\":[{\"@type\":\"ReadAction\",\"target\":[\"https:\\\/\\\/stilanddesign.se\\\/produkt\\\/%e2%9c%a8-stretchig-kostymbyxa-stil-komfort-i-perfekt-kombination-%e2%9c%a8\\\/\"]}]},{\"@type\":\"ImageObject\",\"inLanguage\":\"en-US\",\"@id\":\"https:\\\/\\\/stilanddesign.se\\\/produkt\\\/%e2%9c%a8-stretchig-kostymbyxa-stil-komfort-i-perfekt-kombination-%e2%9c%a8\\\/#primaryimage\",\"url\":\"https:\\\/\\\/stilanddesign.se\\\/wp-content\\\/uploads\\\/2026\\\/03\\\/IMG_6472.avif\",\"contentUrl\":\"https:\\\/\\\/stilanddesign.se\\\/wp-content\\\/uploads\\\/2026\\\/03\\\/IMG_6472.avif\",\"width\":540,\"height\":720},{\"@type\":\"BreadcrumbList\",\"@id\":\"https:\\\/\\\/stilanddesign.se\\\/produkt\\\/%e2%9c%a8-stretchig-kostymbyxa-stil-komfort-i-perfekt-kombination-%e2%9c%a8\\\/#breadcrumb\",\"itemListElement\":[{\"@type\":\"ListItem\",\"position\":1,\"name\":\"Hem\",\"item\":\"https:\\\/\\\/stilanddesign.se\\\/\"},{\"@type\":\"ListItem\",\"position\":2,\"name\":\"Butiken\",\"item\":\"https:\\\/\\\/stilanddesign.se\\\/butiken\\\/\"},{\"@type\":\"ListItem\",\"position\":3,\"name\":\"\u2728 Stretchig Kostymbyxa \u2013 Stil &#038; Komfort i Perfekt Kombination \u2728\"}]},{\"@type\":\"WebSite\",\"@id\":\"https:\\\/\\\/stilanddesign.se\\\/#website\",\"url\":\"https:\\\/\\\/stilanddesign.se\\\/\",\"name\":\"Stil &amp; Design\",\"description\":\"F\u00f6r oss som \u00e4lskar mode!\",\"publisher\":{\"@id\":\"https:\\\/\\\/stilanddesign.se\\\/#organization\"},\"potentialAction\":[{\"@type\":\"SearchAction\",\"target\":{\"@type\":\"EntryPoint\",\"urlTemplate\":\"https:\\\/\\\/stilanddesign.se\\\/?s={search_term_string}\"},\"query-input\":{\"@type\":\"PropertyValueSpecification\",\"valueRequired\":true,\"valueName\":\"search_term_string\"}}],\"inLanguage\":\"en-US\"},{\"@type\":\"Organization\",\"@id\":\"https:\\\/\\\/stilanddesign.se\\\/#organization\",\"name\":\"Stil &amp; Design\",\"url\":\"https:\\\/\\\/stilanddesign.se\\\/\",\"logo\":{\"@type\":\"ImageObject\",\"inLanguage\":\"en-US\",\"@id\":\"https:\\\/\\\/stilanddesign.se\\\/#\\\/schema\\\/logo\\\/image\\\/\",\"url\":\"https:\\\/\\\/stilanddesign.se\\\/wp-content\\\/uploads\\\/2023\\\/12\\\/output-onlinepngtools-e1727784413220.png\",\"contentUrl\":\"https:\\\/\\\/stilanddesign.se\\\/wp-content\\\/uploads\\\/2023\\\/12\\\/output-onlinepngtools-e1727784413220.png\",\"width\":519,\"height\":135,\"caption\":\"Stil &amp; Design\"},\"image\":{\"@id\":\"https:\\\/\\\/stilanddesign.se\\\/#\\\/schema\\\/logo\\\/image\\\/\"}}]}<\/script>\n<!-- \/ Yoast SEO Premium plugin. -->","yoast_head_json":{"title":"\u2728 Stretchig Kostymbyxa \u2013 Stil & Komfort i Perfekt Kombination \u2728 - Stil &amp; Design","robots":{"index":"index","follow":"follow","max-snippet":"max-snippet:-1","max-image-preview":"max-image-preview:large","max-video-preview":"max-video-preview:-1"},"canonical":"https:\/\/stilanddesign.se\/en\/product\/\u2728-stretchig-kostymbyxa-stil-komfort-i-perfekt-kombination-\u2728\/","og_locale":"en_US","og_type":"article","og_title":"\u2728 Stretchig Kostymbyxa \u2013 Stil & Komfort i Perfekt Kombination \u2728","og_description":"\u2728 Stretchig Kostymbyxa \u2013 Stil &amp; Komfort i Perfekt Kombination \u2728 En mjuk och stretchig kostymbyxa som kombinerar klassisk elegans med maximal komfort. Den stilrena designen och den smickrande passformen g\u00f6r den till ett perfekt val b\u00e5de f\u00f6r jobb, vardag och mer uppkl\u00e4dda tillf\u00e4llen. Byxan har en f\u00f6ljsam stretch som g\u00f6r att den sitter bekv\u00e4mt hela dagen. Med sin stilrena modell \u00e4r den l\u00e4tt att matcha \u2013 lika snygg till sneakers f\u00f6r en avslappnad look som till klackar f\u00f6r en mer elegant stil. \u2728 Detaljer:\u2022 Stretchigt och mjukt material\u2022 Stilren kostymmodell\u2022 Bekv\u00e4m passform\u2022 Praktiska fickor\u2022 L\u00e4tt att styla till b\u00e5de vardag och arbete \ud83d\udc56 F\u00e4rger:RosaGulJeansbl\u00e5 \ud83d\udccf Storlek: Onesize (passar ca 36\u201342)\ud83d\udc69 Modellen \u00e4r: 171 cm l\u00e5ng \ud83e\uddf5 Material:66% bomull29% polyamid5% elastan \ud83e\uddfa Tv\u00e4ttr\u00e5d: 30\u00b0 En tidl\u00f6s och bekv\u00e4m byxa som snabbt blir en favorit i garderoben. \ud83d\udcab","og_url":"https:\/\/stilanddesign.se\/en\/product\/\u2728-stretchig-kostymbyxa-stil-komfort-i-perfekt-kombination-\u2728\/","og_site_name":"Stil &amp; Design","article_modified_time":"2026-03-24T12:35:21+00:00","twitter_card":"summary_large_image","twitter_misc":{"Est. reading time":"1 minute"},"schema":{"@context":"https:\/\/schema.org","@graph":[{"@type":"WebPage","@id":"https:\/\/stilanddesign.se\/produkt\/%e2%9c%a8-stretchig-kostymbyxa-stil-komfort-i-perfekt-kombination-%e2%9c%a8\/","url":"https:\/\/stilanddesign.se\/produkt\/%e2%9c%a8-stretchig-kostymbyxa-stil-komfort-i-perfekt-kombination-%e2%9c%a8\/","name":"\u2728 Stretchig Kostymbyxa \u2013 Stil & Komfort i Perfekt Kombination \u2728 - Stil &amp; Design","isPartOf":{"@id":"https:\/\/stilanddesign.se\/#website"},"primaryImageOfPage":{"@id":"https:\/\/stilanddesign.se\/produkt\/%e2%9c%a8-stretchig-kostymbyxa-stil-komfort-i-perfekt-kombination-%e2%9c%a8\/#primaryimage"},"image":{"@id":"https:\/\/stilanddesign.se\/produkt\/%e2%9c%a8-stretchig-kostymbyxa-stil-komfort-i-perfekt-kombination-%e2%9c%a8\/#primaryimage"},"thumbnailUrl":"https:\/\/stilanddesign.se\/wp-content\/uploads\/2026\/03\/IMG_6472.avif","datePublished":"2026-03-11T13:23:30+00:00","dateModified":"2026-03-24T12:35:21+00:00","breadcrumb":{"@id":"https:\/\/stilanddesign.se\/produkt\/%e2%9c%a8-stretchig-kostymbyxa-stil-komfort-i-perfekt-kombination-%e2%9c%a8\/#breadcrumb"},"inLanguage":"en-US","potentialAction":[{"@type":"ReadAction","target":["https:\/\/stilanddesign.se\/produkt\/%e2%9c%a8-stretchig-kostymbyxa-stil-komfort-i-perfekt-kombination-%e2%9c%a8\/"]}]},{"@type":"ImageObject","inLanguage":"en-US","@id":"https:\/\/stilanddesign.se\/produkt\/%e2%9c%a8-stretchig-kostymbyxa-stil-komfort-i-perfekt-kombination-%e2%9c%a8\/#primaryimage","url":"https:\/\/stilanddesign.se\/wp-content\/uploads\/2026\/03\/IMG_6472.avif","contentUrl":"https:\/\/stilanddesign.se\/wp-content\/uploads\/2026\/03\/IMG_6472.avif","width":540,"height":720},{"@type":"BreadcrumbList","@id":"https:\/\/stilanddesign.se\/produkt\/%e2%9c%a8-stretchig-kostymbyxa-stil-komfort-i-perfekt-kombination-%e2%9c%a8\/#breadcrumb","itemListElement":[{"@type":"ListItem","position":1,"name":"Hem","item":"https:\/\/stilanddesign.se\/"},{"@type":"ListItem","position":2,"name":"Butiken","item":"https:\/\/stilanddesign.se\/butiken\/"},{"@type":"ListItem","position":3,"name":"\u2728 Stretchig Kostymbyxa \u2013 Stil &#038; Komfort i Perfekt Kombination \u2728"}]},{"@type":"WebSite","@id":"https:\/\/stilanddesign.se\/#website","url":"https:\/\/stilanddesign.se\/","name":"Style &amp; Design","description":"For those of us who love fashion!","publisher":{"@id":"https:\/\/stilanddesign.se\/#organization"},"potentialAction":[{"@type":"SearchAction","target":{"@type":"EntryPoint","urlTemplate":"https:\/\/stilanddesign.se\/?s={search_term_string}"},"query-input":{"@type":"PropertyValueSpecification","valueRequired":true,"valueName":"search_term_string"}}],"inLanguage":"en-US"},{"@type":"Organization","@id":"https:\/\/stilanddesign.se\/#organization","name":"Style &amp; Design","url":"https:\/\/stilanddesign.se\/","logo":{"@type":"ImageObject","inLanguage":"en-US","@id":"https:\/\/stilanddesign.se\/#\/schema\/logo\/image\/","url":"https:\/\/stilanddesign.se\/wp-content\/uploads\/2023\/12\/output-onlinepngtools-e1727784413220.png","contentUrl":"https:\/\/stilanddesign.se\/wp-content\/uploads\/2023\/12\/output-onlinepngtools-e1727784413220.png","width":519,"height":135,"caption":"Stil &amp; Design"},"image":{"@id":"https:\/\/stilanddesign.se\/#\/schema\/logo\/image\/"}}]}},"_links":{"self":[{"href":"https:\/\/stilanddesign.se\/en\/wp-json\/wp\/v2\/product\/1069002","targetHints":{"allow":["GET"]}}],"collection":[{"href":"https:\/\/stilanddesign.se\/en\/wp-json\/wp\/v2\/product"}],"about":[{"href":"https:\/\/stilanddesign.se\/en\/wp-json\/wp\/v2\/types\/product"}],"replies":[{"embeddable":true,"href":"https:\/\/stilanddesign.se\/en\/wp-json\/wp\/v2\/comments?post=1069002"}],"wp:featuredmedia":[{"embeddable":true,"href":"https:\/\/stilanddesign.se\/en\/wp-json\/wp\/v2\/media\/1069008"}],"wp:attachment":[{"href":"https:\/\/stilanddesign.se\/en\/wp-json\/wp\/v2\/media?parent=1069002"}],"wp:term":[{"taxonomy":"product_brand","embeddable":true,"href":"https:\/\/stilanddesign.se\/en\/wp-json\/wp\/v2\/product_brand?post=1069002"},{"taxonomy":"product_cat","embeddable":true,"href":"https:\/\/stilanddesign.se\/en\/wp-json\/wp\/v2\/product_cat?post=1069002"},{"taxonomy":"product_tag","embeddable":true,"href":"https:\/\/stilanddesign.se\/en\/wp-json\/wp\/v2\/product_tag?post=1069002"}],"curies":[{"name":"wp","href":"https:\/\/api.w.org\/{rel}","templated":true}]}}