{"id":1068947,"date":"2026-03-30T14:49:43","date_gmt":"2026-03-30T12:49:43","guid":{"rendered":"https:\/\/stilanddesign.se\/?post_type=product&#038;p=1068947"},"modified":"2026-04-01T15:35:04","modified_gmt":"2026-04-01T13:35:04","slug":"harlig-sweatshirtklanning-i-gammelrosa-med-fickor","status":"publish","type":"product","link":"https:\/\/stilanddesign.se\/en\/product\/harlig-sweatshirtklanning-i-gammelrosa-med-fickor\/","title":{"rendered":"Lovely sweatshirt dress in pale pink with pockets"},"content":{"rendered":"<p>Lovely sweatshirt dress with pockets and a small badge on the arm.<\/p>\n<table class=\"woocommerce-product-attributes shop_attributes\">\n<tbody>\n<tr class=\"woocommerce-product-attributes-item woocommerce-product-attributes-item--attribute_pa_farg\">\n<th class=\"woocommerce-product-attributes-item__label\">Paint<\/th>\n<td class=\"woocommerce-product-attributes-item__value\"><a href=\"https:\/\/mixbyheart.se\/farg\/beige\/\" rel=\"tag\">Beige<\/a>,\u00a0<a href=\"https:\/\/mixbyheart.se\/farg\/gammelrosa\/\" rel=\"tag\">Old rose<\/a><\/td>\n<\/tr>\n<tr class=\"woocommerce-product-attributes-item woocommerce-product-attributes-item--attribute_pa_material\">\n<th class=\"woocommerce-product-attributes-item__label\">Material<\/th>\n<td class=\"woocommerce-product-attributes-item__value\">45% Polyester, 50% Viscose, 5% Elastane<\/td>\n<\/tr>\n<tr class=\"woocommerce-product-attributes-item woocommerce-product-attributes-item--attribute_pa_storlek\">\n<th class=\"woocommerce-product-attributes-item__label\">Size<\/th>\n<td class=\"woocommerce-product-attributes-item__value\"><a href=\"https:\/\/mixbyheart.se\/storlek\/s-m-l-xl\/\" rel=\"tag\">S\/M\/L\/XL<\/a><\/td>\n<\/tr>\n<\/tbody>\n<\/table>","protected":false},"excerpt":{"rendered":"<p>Lovely sweatshirt dress with pockets and a small badge on the arm.<\/p>\n<table class=\"woocommerce-product-attributes shop_attributes\">\n<tbody>\n<tr class=\"woocommerce-product-attributes-item woocommerce-product-attributes-item--attribute_pa_farg\">\n<th class=\"woocommerce-product-attributes-item__label\">Paint<\/th>\n<td class=\"woocommerce-product-attributes-item__value\"><a href=\"https:\/\/mixbyheart.se\/farg\/beige\/\" rel=\"tag\">Beige<\/a>,\u00a0<a href=\"https:\/\/mixbyheart.se\/farg\/gammelrosa\/\" rel=\"tag\">Old rose<\/a><\/td>\n<\/tr>\n<tr class=\"woocommerce-product-attributes-item woocommerce-product-attributes-item--attribute_pa_material\">\n<th class=\"woocommerce-product-attributes-item__label\">Material<\/th>\n<td class=\"woocommerce-product-attributes-item__value\">45% Polyester, 50% Viscose, 5% Elastane<\/td>\n<\/tr>\n<tr class=\"woocommerce-product-attributes-item woocommerce-product-attributes-item--attribute_pa_storlek\">\n<th class=\"woocommerce-product-attributes-item__label\">Size<\/th>\n<td class=\"woocommerce-product-attributes-item__value\"><a href=\"https:\/\/mixbyheart.se\/storlek\/s-m-l-xl\/\" rel=\"tag\">S\/M\/L\/XL<\/a><\/td>\n<\/tr>\n<\/tbody>\n<\/table>","protected":false},"featured_media":1068945,"comment_status":"closed","ping_status":"closed","template":"","meta":[],"product_brand":[],"product_cat":[215],"product_tag":[],"class_list":{"0":"post-1068947","1":"product","2":"type-product","3":"status-publish","4":"has-post-thumbnail","6":"product_cat-klanningar","8":"first","9":"instock","10":"taxable","11":"shipping-taxable","12":"purchasable","13":"product-type-variable"},"yoast_head":"<!-- This site is optimized with the Yoast SEO Premium plugin v27.1 (Yoast SEO v27.4) - https:\/\/yoast.com\/product\/yoast-seo-premium-wordpress\/ -->\n<title>H\u00e4rlig sweatshirtkl\u00e4nning i gammelrosa med fickor - Stil &amp; Design<\/title>\n<meta name=\"robots\" content=\"index, follow, max-snippet:-1, max-image-preview:large, max-video-preview:-1\" \/>\n<link rel=\"canonical\" href=\"https:\/\/stilanddesign.se\/en\/product\/harlig-sweatshirtklanning-i-gammelrosa-med-fickor\/\" \/>\n<meta property=\"og:locale\" content=\"en_US\" \/>\n<meta property=\"og:type\" content=\"article\" \/>\n<meta property=\"og:title\" content=\"H\u00e4rlig sweatshirtkl\u00e4nning i gammelrosa med fickor\" \/>\n<meta property=\"og:description\" content=\"H\u00e4rlig sweatshirtskl\u00e4nning med fickor och ett litet m\u00e4rke p\u00e5 armen.    F\u00e4rg Beige,\u00a0Gammelrosa   Material 45% Polyester, 50% Viscose, 5% Elastan   Storlek S\/M L\/XL\" \/>\n<meta property=\"og:url\" content=\"https:\/\/stilanddesign.se\/en\/product\/harlig-sweatshirtklanning-i-gammelrosa-med-fickor\/\" \/>\n<meta property=\"og:site_name\" content=\"Stil &amp; Design\" \/>\n<meta property=\"article:modified_time\" content=\"2026-04-01T13:35:04+00:00\" \/>\n<meta property=\"og:image\" content=\"https:\/\/stilanddesign.se\/wp-content\/uploads\/2026\/03\/776765555-2.jpeg\" \/>\n\t<meta property=\"og:image:width\" content=\"1920\" \/>\n\t<meta property=\"og:image:height\" content=\"2560\" \/>\n\t<meta property=\"og:image:type\" content=\"image\/jpeg\" \/>\n<meta name=\"twitter:card\" content=\"summary_large_image\" \/>\n<meta name=\"twitter:label1\" content=\"Est. reading time\" \/>\n\t<meta name=\"twitter:data1\" content=\"1 minute\" \/>\n<script type=\"application\/ld+json\" class=\"yoast-schema-graph\">{\"@context\":\"https:\\\/\\\/schema.org\",\"@graph\":[{\"@type\":\"WebPage\",\"@id\":\"https:\\\/\\\/stilanddesign.se\\\/produkt\\\/harlig-sweatshirtklanning-i-gammelrosa-med-fickor\\\/\",\"url\":\"https:\\\/\\\/stilanddesign.se\\\/produkt\\\/harlig-sweatshirtklanning-i-gammelrosa-med-fickor\\\/\",\"name\":\"H\u00e4rlig sweatshirtkl\u00e4nning i gammelrosa med fickor - Stil &amp; Design\",\"isPartOf\":{\"@id\":\"https:\\\/\\\/stilanddesign.se\\\/#website\"},\"primaryImageOfPage\":{\"@id\":\"https:\\\/\\\/stilanddesign.se\\\/produkt\\\/harlig-sweatshirtklanning-i-gammelrosa-med-fickor\\\/#primaryimage\"},\"image\":{\"@id\":\"https:\\\/\\\/stilanddesign.se\\\/produkt\\\/harlig-sweatshirtklanning-i-gammelrosa-med-fickor\\\/#primaryimage\"},\"thumbnailUrl\":\"https:\\\/\\\/stilanddesign.se\\\/wp-content\\\/uploads\\\/2026\\\/03\\\/776765555-2.jpeg\",\"datePublished\":\"2026-03-30T12:49:43+00:00\",\"dateModified\":\"2026-04-01T13:35:04+00:00\",\"breadcrumb\":{\"@id\":\"https:\\\/\\\/stilanddesign.se\\\/produkt\\\/harlig-sweatshirtklanning-i-gammelrosa-med-fickor\\\/#breadcrumb\"},\"inLanguage\":\"en-US\",\"potentialAction\":[{\"@type\":\"ReadAction\",\"target\":[\"https:\\\/\\\/stilanddesign.se\\\/produkt\\\/harlig-sweatshirtklanning-i-gammelrosa-med-fickor\\\/\"]}]},{\"@type\":\"ImageObject\",\"inLanguage\":\"en-US\",\"@id\":\"https:\\\/\\\/stilanddesign.se\\\/produkt\\\/harlig-sweatshirtklanning-i-gammelrosa-med-fickor\\\/#primaryimage\",\"url\":\"https:\\\/\\\/stilanddesign.se\\\/wp-content\\\/uploads\\\/2026\\\/03\\\/776765555-2.jpeg\",\"contentUrl\":\"https:\\\/\\\/stilanddesign.se\\\/wp-content\\\/uploads\\\/2026\\\/03\\\/776765555-2.jpeg\",\"width\":1920,\"height\":2560,\"caption\":\"H\u00e4rig sweatshirtkl\u00e4nning i gammelrosa med fickor\"},{\"@type\":\"BreadcrumbList\",\"@id\":\"https:\\\/\\\/stilanddesign.se\\\/produkt\\\/harlig-sweatshirtklanning-i-gammelrosa-med-fickor\\\/#breadcrumb\",\"itemListElement\":[{\"@type\":\"ListItem\",\"position\":1,\"name\":\"Hem\",\"item\":\"https:\\\/\\\/stilanddesign.se\\\/\"},{\"@type\":\"ListItem\",\"position\":2,\"name\":\"Butiken\",\"item\":\"https:\\\/\\\/stilanddesign.se\\\/butiken\\\/\"},{\"@type\":\"ListItem\",\"position\":3,\"name\":\"H\u00e4rlig sweatshirtkl\u00e4nning i gammelrosa med fickor\"}]},{\"@type\":\"WebSite\",\"@id\":\"https:\\\/\\\/stilanddesign.se\\\/#website\",\"url\":\"https:\\\/\\\/stilanddesign.se\\\/\",\"name\":\"Stil &amp; Design\",\"description\":\"F\u00f6r oss som \u00e4lskar mode!\",\"publisher\":{\"@id\":\"https:\\\/\\\/stilanddesign.se\\\/#organization\"},\"potentialAction\":[{\"@type\":\"SearchAction\",\"target\":{\"@type\":\"EntryPoint\",\"urlTemplate\":\"https:\\\/\\\/stilanddesign.se\\\/?s={search_term_string}\"},\"query-input\":{\"@type\":\"PropertyValueSpecification\",\"valueRequired\":true,\"valueName\":\"search_term_string\"}}],\"inLanguage\":\"en-US\"},{\"@type\":\"Organization\",\"@id\":\"https:\\\/\\\/stilanddesign.se\\\/#organization\",\"name\":\"Stil &amp; Design\",\"url\":\"https:\\\/\\\/stilanddesign.se\\\/\",\"logo\":{\"@type\":\"ImageObject\",\"inLanguage\":\"en-US\",\"@id\":\"https:\\\/\\\/stilanddesign.se\\\/#\\\/schema\\\/logo\\\/image\\\/\",\"url\":\"https:\\\/\\\/stilanddesign.se\\\/wp-content\\\/uploads\\\/2023\\\/12\\\/output-onlinepngtools-e1727784413220.png\",\"contentUrl\":\"https:\\\/\\\/stilanddesign.se\\\/wp-content\\\/uploads\\\/2023\\\/12\\\/output-onlinepngtools-e1727784413220.png\",\"width\":519,\"height\":135,\"caption\":\"Stil &amp; Design\"},\"image\":{\"@id\":\"https:\\\/\\\/stilanddesign.se\\\/#\\\/schema\\\/logo\\\/image\\\/\"}}]}<\/script>\n<!-- \/ Yoast SEO Premium plugin. -->","yoast_head_json":{"title":"H\u00e4rlig sweatshirtkl\u00e4nning i gammelrosa med fickor - Stil &amp; Design","robots":{"index":"index","follow":"follow","max-snippet":"max-snippet:-1","max-image-preview":"max-image-preview:large","max-video-preview":"max-video-preview:-1"},"canonical":"https:\/\/stilanddesign.se\/en\/product\/harlig-sweatshirtklanning-i-gammelrosa-med-fickor\/","og_locale":"en_US","og_type":"article","og_title":"H\u00e4rlig sweatshirtkl\u00e4nning i gammelrosa med fickor","og_description":"H\u00e4rlig sweatshirtskl\u00e4nning med fickor och ett litet m\u00e4rke p\u00e5 armen.    F\u00e4rg Beige,\u00a0Gammelrosa   Material 45% Polyester, 50% Viscose, 5% Elastan   Storlek S\/M L\/XL","og_url":"https:\/\/stilanddesign.se\/en\/product\/harlig-sweatshirtklanning-i-gammelrosa-med-fickor\/","og_site_name":"Stil &amp; Design","article_modified_time":"2026-04-01T13:35:04+00:00","og_image":[{"width":1920,"height":2560,"url":"https:\/\/stilanddesign.se\/wp-content\/uploads\/2026\/03\/776765555-2.jpeg","type":"image\/jpeg"}],"twitter_card":"summary_large_image","twitter_misc":{"Est. reading time":"1 minute"},"schema":{"@context":"https:\/\/schema.org","@graph":[{"@type":"WebPage","@id":"https:\/\/stilanddesign.se\/produkt\/harlig-sweatshirtklanning-i-gammelrosa-med-fickor\/","url":"https:\/\/stilanddesign.se\/produkt\/harlig-sweatshirtklanning-i-gammelrosa-med-fickor\/","name":"H\u00e4rlig sweatshirtkl\u00e4nning i gammelrosa med fickor - Stil &amp; Design","isPartOf":{"@id":"https:\/\/stilanddesign.se\/#website"},"primaryImageOfPage":{"@id":"https:\/\/stilanddesign.se\/produkt\/harlig-sweatshirtklanning-i-gammelrosa-med-fickor\/#primaryimage"},"image":{"@id":"https:\/\/stilanddesign.se\/produkt\/harlig-sweatshirtklanning-i-gammelrosa-med-fickor\/#primaryimage"},"thumbnailUrl":"https:\/\/stilanddesign.se\/wp-content\/uploads\/2026\/03\/776765555-2.jpeg","datePublished":"2026-03-30T12:49:43+00:00","dateModified":"2026-04-01T13:35:04+00:00","breadcrumb":{"@id":"https:\/\/stilanddesign.se\/produkt\/harlig-sweatshirtklanning-i-gammelrosa-med-fickor\/#breadcrumb"},"inLanguage":"en-US","potentialAction":[{"@type":"ReadAction","target":["https:\/\/stilanddesign.se\/produkt\/harlig-sweatshirtklanning-i-gammelrosa-med-fickor\/"]}]},{"@type":"ImageObject","inLanguage":"en-US","@id":"https:\/\/stilanddesign.se\/produkt\/harlig-sweatshirtklanning-i-gammelrosa-med-fickor\/#primaryimage","url":"https:\/\/stilanddesign.se\/wp-content\/uploads\/2026\/03\/776765555-2.jpeg","contentUrl":"https:\/\/stilanddesign.se\/wp-content\/uploads\/2026\/03\/776765555-2.jpeg","width":1920,"height":2560,"caption":"H\u00e4rig sweatshirtkl\u00e4nning i gammelrosa med fickor"},{"@type":"BreadcrumbList","@id":"https:\/\/stilanddesign.se\/produkt\/harlig-sweatshirtklanning-i-gammelrosa-med-fickor\/#breadcrumb","itemListElement":[{"@type":"ListItem","position":1,"name":"Hem","item":"https:\/\/stilanddesign.se\/"},{"@type":"ListItem","position":2,"name":"Butiken","item":"https:\/\/stilanddesign.se\/butiken\/"},{"@type":"ListItem","position":3,"name":"H\u00e4rlig sweatshirtkl\u00e4nning i gammelrosa med fickor"}]},{"@type":"WebSite","@id":"https:\/\/stilanddesign.se\/#website","url":"https:\/\/stilanddesign.se\/","name":"Style &amp; Design","description":"For those of us who love fashion!","publisher":{"@id":"https:\/\/stilanddesign.se\/#organization"},"potentialAction":[{"@type":"SearchAction","target":{"@type":"EntryPoint","urlTemplate":"https:\/\/stilanddesign.se\/?s={search_term_string}"},"query-input":{"@type":"PropertyValueSpecification","valueRequired":true,"valueName":"search_term_string"}}],"inLanguage":"en-US"},{"@type":"Organization","@id":"https:\/\/stilanddesign.se\/#organization","name":"Style &amp; Design","url":"https:\/\/stilanddesign.se\/","logo":{"@type":"ImageObject","inLanguage":"en-US","@id":"https:\/\/stilanddesign.se\/#\/schema\/logo\/image\/","url":"https:\/\/stilanddesign.se\/wp-content\/uploads\/2023\/12\/output-onlinepngtools-e1727784413220.png","contentUrl":"https:\/\/stilanddesign.se\/wp-content\/uploads\/2023\/12\/output-onlinepngtools-e1727784413220.png","width":519,"height":135,"caption":"Stil &amp; Design"},"image":{"@id":"https:\/\/stilanddesign.se\/#\/schema\/logo\/image\/"}}]}},"_links":{"self":[{"href":"https:\/\/stilanddesign.se\/en\/wp-json\/wp\/v2\/product\/1068947","targetHints":{"allow":["GET"]}}],"collection":[{"href":"https:\/\/stilanddesign.se\/en\/wp-json\/wp\/v2\/product"}],"about":[{"href":"https:\/\/stilanddesign.se\/en\/wp-json\/wp\/v2\/types\/product"}],"replies":[{"embeddable":true,"href":"https:\/\/stilanddesign.se\/en\/wp-json\/wp\/v2\/comments?post=1068947"}],"wp:featuredmedia":[{"embeddable":true,"href":"https:\/\/stilanddesign.se\/en\/wp-json\/wp\/v2\/media\/1068945"}],"wp:attachment":[{"href":"https:\/\/stilanddesign.se\/en\/wp-json\/wp\/v2\/media?parent=1068947"}],"wp:term":[{"taxonomy":"product_brand","embeddable":true,"href":"https:\/\/stilanddesign.se\/en\/wp-json\/wp\/v2\/product_brand?post=1068947"},{"taxonomy":"product_cat","embeddable":true,"href":"https:\/\/stilanddesign.se\/en\/wp-json\/wp\/v2\/product_cat?post=1068947"},{"taxonomy":"product_tag","embeddable":true,"href":"https:\/\/stilanddesign.se\/en\/wp-json\/wp\/v2\/product_tag?post=1068947"}],"curies":[{"name":"wp","href":"https:\/\/api.w.org\/{rel}","templated":true}]}}