{"id":1068889,"date":"2026-03-11T10:15:02","date_gmt":"2026-03-11T09:15:02","guid":{"rendered":"https:\/\/stilanddesign.se\/?post_type=product&#038;p=1068889"},"modified":"2026-03-26T12:58:24","modified_gmt":"2026-03-26T11:58:24","slug":"%f0%9f%8c%b8-carola-blommig-sommarklanning-%f0%9f%8c%b8-2","status":"publish","type":"product","link":"https:\/\/stilanddesign.se\/en\/product\/%f0%9f%8c%b8-carola-blommig-sommarklanning-%f0%9f%8c%b8-2\/","title":{"rendered":"\ud83c\udf38 Carola \u2013 Floral Summer Dress \ud83c\udf38"},"content":{"rendered":"<article class=\"text-token-text-primary w-full focus:outline-none [--shadow-height:45px] has-data-writing-block:pointer-events-none has-data-writing-block:-mt-(--shadow-height) has-data-writing-block:pt-(--shadow-height) [&amp;:has([data-writing-block])&gt;*]:pointer-events-auto scroll-mt-(--header-height)\" dir=\"auto\" tabindex=\"-1\" data-turn-id=\"9232333a-255c-44eb-ba4b-e04314e4d938\" data-testid=\"conversation-turn-609\" data-scroll-anchor=\"false\" data-turn=\"user\"><\/article>\n<article class=\"text-token-text-primary w-full focus:outline-none [--shadow-height:45px] has-data-writing-block:pointer-events-none has-data-writing-block:-mt-(--shadow-height) has-data-writing-block:pt-(--shadow-height) [&amp;:has([data-writing-block])&gt;*]:pointer-events-auto scroll-mt-[calc(var(--header-height)+min(200px,max(70px,20svh)))]\" dir=\"auto\" tabindex=\"-1\" data-turn-id=\"request-691b1ef3-7890-8327-b9f7-b05c22f0401e-10\" data-testid=\"conversation-turn-610\" data-scroll-anchor=\"true\" data-turn=\"assistant\">\n<div class=\"text-base my-auto mx-auto pb-10 [--thread-content-margin:var(--thread-content-margin-xs,calc(var(--spacing)*4))] @w-sm\/main:[--thread-content-margin:var(--thread-content-margin-sm,calc(var(--spacing)*6))] @w-lg\/main:[--thread-content-margin:var(--thread-content-margin-lg,calc(var(--spacing)*16))] px-(--thread-content-margin)\">\n<div class=\"[--thread-content-max-width:40rem] @w-lg\/main:[--thread-content-max-width:48rem] mx-auto max-w-(--thread-content-max-width) flex-1 group\/turn-messages focus-visible:outline-hidden relative flex w-full min-w-0 flex-col agent-turn\" tabindex=\"-1\">\n<div class=\"flex max-w-full flex-col gap-4 grow\">\n<div class=\"min-h-8 text-message relative flex w-full flex-col items-end gap-2 text-start break-words whitespace-normal [.text-message+&amp;]:mt-1\" dir=\"auto\" data-message-author-role=\"assistant\" data-message-id=\"ed579056-7780-45b0-8eda-f16972784373\" data-message-model-slug=\"gpt-5-3\">\n<div class=\"flex w-full flex-col gap-1 empty:hidden\">\n<div class=\"markdown prose dark:prose-invert w-full wrap-break-word light markdown-new-styling\">\n<p data-start=\"0\" data-end=\"43\">\ud83c\udf38 <strong data-start=\"3\" data-end=\"38\">Carola \u2013 Blommig Sommarkl\u00e4nning<\/strong> \ud83c\udf38<\/p>\n<p data-start=\"45\" data-end=\"271\">Carola \u00e4r kl\u00e4nningen som k\u00e4nns som <strong data-start=\"80\" data-end=\"117\">en riktig sommarflirt i plaggform<\/strong>. Det vackra blommiga m\u00f6nstret tillsammans med den mjuka silhuetten skapar en feminin och avslappnad stil som passar lika bra till vardag som till fest.<\/p>\n<p data-start=\"273\" data-end=\"514\">Den <strong data-start=\"277\" data-end=\"311\">justerbara sn\u00f6rningen i midjan<\/strong> g\u00f6r att du sj\u00e4lv kan v\u00e4lja k\u00e4nslan \u2013 b\u00e4r den l\u00f6st och ledigt eller dra \u00e5t f\u00f6r en mer markerad och elegant form. De <strong data-start=\"427\" data-end=\"443\">vida \u00e4rmarna<\/strong> och <strong data-start=\"448\" data-end=\"468\">volangen nedtill<\/strong> ger kl\u00e4nningen en fin r\u00f6relse i varje steg.<\/p>\n<p data-start=\"516\" data-end=\"683\">\u2728 <strong data-start=\"518\" data-end=\"531\">Detaljer:<\/strong><br data-start=\"531\" data-end=\"534\" \/>\u2022 Blommigt, f\u00e4rgstarkt m\u00f6nster<br data-start=\"564\" data-end=\"567\" \/>\u2022 V-ringning framtill<br data-start=\"588\" data-end=\"591\" \/>\u2022 Justerbar sn\u00f6rning i midjan<br data-start=\"620\" data-end=\"623\" \/>\u2022 Vida \u00e4rmar<br data-start=\"635\" data-end=\"638\" \/>\u2022 Volang nedtill<br data-start=\"654\" data-end=\"657\" \/>\u2022 L\u00e4tt och luftig modell<\/p>\n<p data-start=\"685\" data-end=\"793\">Perfekt att b\u00e4ra till <strong data-start=\"707\" data-end=\"732\">sandaler en solig dag<\/strong> eller <strong data-start=\"739\" data-end=\"790\">klackar n\u00e4r kv\u00e4llen vill bli lite extra festlig<\/strong>.<\/p>\n<p data-start=\"795\" data-end=\"900\">\ud83d\udccf <strong data-start=\"798\" data-end=\"810\">Storlek:<\/strong> Onesize (passar ca 34\u201344)<br data-start=\"836\" data-end=\"839\" \/>\ud83d\udcd0 <strong data-start=\"842\" data-end=\"855\">Bystm\u00e5tt:<\/strong> ca 60 cm<br data-start=\"864\" data-end=\"867\" \/>\ud83d\udc69 <strong data-start=\"870\" data-end=\"886\">Modellen \u00e4r:<\/strong> 171 cm l\u00e5ng<\/p>\n<p data-start=\"902\" data-end=\"934\">\ud83e\uddf5 <strong data-start=\"905\" data-end=\"918\">Material:<\/strong><br data-start=\"918\" data-end=\"921\" \/>100% viskos<\/p>\n<p data-start=\"936\" data-end=\"958\">\ud83d\udcab <strong data-start=\"939\" data-end=\"949\">M\u00e4rke:<\/strong> Gemeni<\/p>\n<p data-start=\"960\" data-end=\"1038\" data-is-last-node=\"\" data-is-only-node=\"\">En <strong data-start=\"963\" data-end=\"994\">somrig och feminin kl\u00e4nning<\/strong> som snabbt blir en favorit i garderoben. \ud83c\udf37<\/p>\n<\/div>\n<\/div>\n<\/div>\n<\/div>\n<\/div>\n<\/div>\n<\/article>\n","protected":false},"excerpt":{"rendered":"<article class=\"text-token-text-primary w-full focus:outline-none [--shadow-height:45px] has-data-writing-block:pointer-events-none has-data-writing-block:-mt-(--shadow-height) has-data-writing-block:pt-(--shadow-height) [&amp;:has([data-writing-block])&gt;*]:pointer-events-auto scroll-mt-(--header-height)\" dir=\"auto\" tabindex=\"-1\" data-turn-id=\"9232333a-255c-44eb-ba4b-e04314e4d938\" data-testid=\"conversation-turn-609\" data-scroll-anchor=\"false\" data-turn=\"user\"><\/article>\n<article class=\"text-token-text-primary w-full focus:outline-none [--shadow-height:45px] has-data-writing-block:pointer-events-none has-data-writing-block:-mt-(--shadow-height) has-data-writing-block:pt-(--shadow-height) [&amp;:has([data-writing-block])&gt;*]:pointer-events-auto scroll-mt-[calc(var(--header-height)+min(200px,max(70px,20svh)))]\" dir=\"auto\" tabindex=\"-1\" data-turn-id=\"request-691b1ef3-7890-8327-b9f7-b05c22f0401e-10\" data-testid=\"conversation-turn-610\" data-scroll-anchor=\"true\" data-turn=\"assistant\">\n<div class=\"text-base my-auto mx-auto pb-10 [--thread-content-margin:var(--thread-content-margin-xs,calc(var(--spacing)*4))] @w-sm\/main:[--thread-content-margin:var(--thread-content-margin-sm,calc(var(--spacing)*6))] @w-lg\/main:[--thread-content-margin:var(--thread-content-margin-lg,calc(var(--spacing)*16))] px-(--thread-content-margin)\">\n<div class=\"[--thread-content-max-width:40rem] @w-lg\/main:[--thread-content-max-width:48rem] mx-auto max-w-(--thread-content-max-width) flex-1 group\/turn-messages focus-visible:outline-hidden relative flex w-full min-w-0 flex-col agent-turn\" tabindex=\"-1\">\n<div class=\"flex max-w-full flex-col gap-4 grow\">\n<div class=\"min-h-8 text-message relative flex w-full flex-col items-end gap-2 text-start break-words whitespace-normal [.text-message+&amp;]:mt-1\" dir=\"auto\" data-message-author-role=\"assistant\" data-message-id=\"ed579056-7780-45b0-8eda-f16972784373\" data-message-model-slug=\"gpt-5-3\">\n<div class=\"flex w-full flex-col gap-1 empty:hidden\">\n<div class=\"markdown prose dark:prose-invert w-full wrap-break-word light markdown-new-styling\">\n<p data-start=\"0\" data-end=\"43\">\ud83c\udf38 <strong data-start=\"3\" data-end=\"38\">Carola \u2013 Blommig Sommarkl\u00e4nning<\/strong> \ud83c\udf38<\/p>\n<p data-start=\"45\" data-end=\"271\">Carola \u00e4r kl\u00e4nningen som k\u00e4nns som <strong data-start=\"80\" data-end=\"117\">en riktig sommarflirt i plaggform<\/strong>. Det vackra blommiga m\u00f6nstret tillsammans med den mjuka silhuetten skapar en feminin och avslappnad stil som passar lika bra till vardag som till fest.<\/p>\n<p data-start=\"273\" data-end=\"514\">Den <strong data-start=\"277\" data-end=\"311\">justerbara sn\u00f6rningen i midjan<\/strong> g\u00f6r att du sj\u00e4lv kan v\u00e4lja k\u00e4nslan \u2013 b\u00e4r den l\u00f6st och ledigt eller dra \u00e5t f\u00f6r en mer markerad och elegant form. De <strong data-start=\"427\" data-end=\"443\">vida \u00e4rmarna<\/strong> och <strong data-start=\"448\" data-end=\"468\">volangen nedtill<\/strong> ger kl\u00e4nningen en fin r\u00f6relse i varje steg.<\/p>\n<p data-start=\"516\" data-end=\"683\">\u2728 <strong data-start=\"518\" data-end=\"531\">Detaljer:<\/strong><br data-start=\"531\" data-end=\"534\" \/>\u2022 Blommigt, f\u00e4rgstarkt m\u00f6nster<br data-start=\"564\" data-end=\"567\" \/>\u2022 V-ringning framtill<br data-start=\"588\" data-end=\"591\" \/>\u2022 Justerbar sn\u00f6rning i midjan<br data-start=\"620\" data-end=\"623\" \/>\u2022 Vida \u00e4rmar<br data-start=\"635\" data-end=\"638\" \/>\u2022 Volang nedtill<br data-start=\"654\" data-end=\"657\" \/>\u2022 L\u00e4tt och luftig modell<\/p>\n<p data-start=\"685\" data-end=\"793\">Perfekt att b\u00e4ra till <strong data-start=\"707\" data-end=\"732\">sandaler en solig dag<\/strong> eller <strong data-start=\"739\" data-end=\"790\">klackar n\u00e4r kv\u00e4llen vill bli lite extra festlig<\/strong>.<\/p>\n<p data-start=\"795\" data-end=\"900\">\ud83d\udccf <strong data-start=\"798\" data-end=\"810\">Storlek:<\/strong> Onesize (passar ca 34\u201344)<br data-start=\"836\" data-end=\"839\" \/>\ud83d\udcd0 <strong data-start=\"842\" data-end=\"855\">Bystm\u00e5tt:<\/strong> ca 60 cm<br data-start=\"864\" data-end=\"867\" \/>\ud83d\udc69 <strong data-start=\"870\" data-end=\"886\">Modellen \u00e4r:<\/strong> 171 cm l\u00e5ng<\/p>\n<p data-start=\"902\" data-end=\"934\">\ud83e\uddf5 <strong data-start=\"905\" data-end=\"918\">Material:<\/strong><br data-start=\"918\" data-end=\"921\" \/>100% viskos<\/p>\n<p data-start=\"936\" data-end=\"958\">\ud83d\udcab <strong data-start=\"939\" data-end=\"949\">M\u00e4rke:<\/strong> Gemeni<\/p>\n<p data-start=\"960\" data-end=\"1038\" data-is-last-node=\"\" data-is-only-node=\"\">En <strong data-start=\"963\" data-end=\"994\">somrig och feminin kl\u00e4nning<\/strong> som snabbt blir en favorit i garderoben. \ud83c\udf37<\/p>\n<\/div>\n<\/div>\n<\/div>\n<\/div>\n<\/div>\n<\/div>\n<\/article>\n","protected":false},"featured_media":1068875,"comment_status":"closed","ping_status":"closed","template":"","meta":[],"product_brand":[],"product_cat":[215],"product_tag":[],"class_list":{"0":"post-1068889","1":"product","2":"type-product","3":"status-publish","4":"has-post-thumbnail","6":"product_cat-klanningar","8":"first","9":"instock","10":"taxable","11":"shipping-taxable","12":"purchasable","13":"product-type-variable"},"yoast_head":"<!-- This site is optimized with the Yoast SEO Premium plugin v27.1 (Yoast SEO v27.4) - https:\/\/yoast.com\/product\/yoast-seo-premium-wordpress\/ -->\n<title>\ud83c\udf38 Carola \u2013 Blommig Sommarkl\u00e4nning \ud83c\udf38 - Stil &amp; Design<\/title>\n<meta name=\"robots\" content=\"index, follow, max-snippet:-1, max-image-preview:large, max-video-preview:-1\" \/>\n<link rel=\"canonical\" href=\"https:\/\/stilanddesign.se\/en\/product\/\ud83c\udf38-carola-blommig-sommarklanning-\ud83c\udf38-2\/\" \/>\n<meta property=\"og:locale\" content=\"en_US\" \/>\n<meta property=\"og:type\" content=\"article\" \/>\n<meta property=\"og:title\" content=\"\ud83c\udf38 Carola \u2013 Blommig Sommarkl\u00e4nning \ud83c\udf38\" \/>\n<meta property=\"og:description\" content=\"\ud83c\udf38 Carola \u2013 Blommig Sommarkl\u00e4nning \ud83c\udf38 Carola \u00e4r kl\u00e4nningen som k\u00e4nns som en riktig sommarflirt i plaggform. Det vackra blommiga m\u00f6nstret tillsammans med den mjuka silhuetten skapar en feminin och avslappnad stil som passar lika bra till vardag som till fest. Den justerbara sn\u00f6rningen i midjan g\u00f6r att du sj\u00e4lv kan v\u00e4lja k\u00e4nslan \u2013 b\u00e4r den l\u00f6st och ledigt eller dra \u00e5t f\u00f6r en mer markerad och elegant form. De vida \u00e4rmarna och volangen nedtill ger kl\u00e4nningen en fin r\u00f6relse i varje steg. \u2728 Detaljer:\u2022 Blommigt, f\u00e4rgstarkt m\u00f6nster\u2022 V-ringning framtill\u2022 Justerbar sn\u00f6rning i midjan\u2022 Vida \u00e4rmar\u2022 Volang nedtill\u2022 L\u00e4tt och luftig modell Perfekt att b\u00e4ra till sandaler en solig dag eller klackar n\u00e4r kv\u00e4llen vill bli lite extra festlig. \ud83d\udccf Storlek: Onesize (passar ca 34\u201344)\ud83d\udcd0 Bystm\u00e5tt: ca 60 cm\ud83d\udc69 Modellen \u00e4r: 171 cm l\u00e5ng \ud83e\uddf5 Material:100% viskos \ud83d\udcab M\u00e4rke: Gemeni En somrig och feminin kl\u00e4nning som snabbt blir en favorit i garderoben. \ud83c\udf37\" \/>\n<meta property=\"og:url\" content=\"https:\/\/stilanddesign.se\/en\/product\/\ud83c\udf38-carola-blommig-sommarklanning-\ud83c\udf38-2\/\" \/>\n<meta property=\"og:site_name\" content=\"Stil &amp; Design\" \/>\n<meta property=\"article:modified_time\" content=\"2026-03-26T11:58:24+00:00\" \/>\n<meta property=\"og:image\" content=\"https:\/\/stilanddesign.se\/wp-content\/uploads\/2026\/03\/IMG_0004-scaled.jpg\" \/>\n\t<meta property=\"og:image:width\" content=\"1920\" \/>\n\t<meta property=\"og:image:height\" content=\"2560\" \/>\n\t<meta property=\"og:image:type\" content=\"image\/jpeg\" \/>\n<meta name=\"twitter:card\" content=\"summary_large_image\" \/>\n<meta name=\"twitter:label1\" content=\"Est. reading time\" \/>\n\t<meta name=\"twitter:data1\" content=\"1 minute\" \/>\n<script type=\"application\/ld+json\" class=\"yoast-schema-graph\">{\"@context\":\"https:\\\/\\\/schema.org\",\"@graph\":[{\"@type\":\"WebPage\",\"@id\":\"https:\\\/\\\/stilanddesign.se\\\/produkt\\\/%f0%9f%8c%b8-carola-blommig-sommarklanning-%f0%9f%8c%b8-2\\\/\",\"url\":\"https:\\\/\\\/stilanddesign.se\\\/produkt\\\/%f0%9f%8c%b8-carola-blommig-sommarklanning-%f0%9f%8c%b8-2\\\/\",\"name\":\"\ud83c\udf38 Carola \u2013 Blommig Sommarkl\u00e4nning \ud83c\udf38 - Stil &amp; Design\",\"isPartOf\":{\"@id\":\"https:\\\/\\\/stilanddesign.se\\\/#website\"},\"primaryImageOfPage\":{\"@id\":\"https:\\\/\\\/stilanddesign.se\\\/produkt\\\/%f0%9f%8c%b8-carola-blommig-sommarklanning-%f0%9f%8c%b8-2\\\/#primaryimage\"},\"image\":{\"@id\":\"https:\\\/\\\/stilanddesign.se\\\/produkt\\\/%f0%9f%8c%b8-carola-blommig-sommarklanning-%f0%9f%8c%b8-2\\\/#primaryimage\"},\"thumbnailUrl\":\"https:\\\/\\\/stilanddesign.se\\\/wp-content\\\/uploads\\\/2026\\\/03\\\/IMG_0004-scaled.jpg\",\"datePublished\":\"2026-03-11T09:15:02+00:00\",\"dateModified\":\"2026-03-26T11:58:24+00:00\",\"breadcrumb\":{\"@id\":\"https:\\\/\\\/stilanddesign.se\\\/produkt\\\/%f0%9f%8c%b8-carola-blommig-sommarklanning-%f0%9f%8c%b8-2\\\/#breadcrumb\"},\"inLanguage\":\"en-US\",\"potentialAction\":[{\"@type\":\"ReadAction\",\"target\":[\"https:\\\/\\\/stilanddesign.se\\\/produkt\\\/%f0%9f%8c%b8-carola-blommig-sommarklanning-%f0%9f%8c%b8-2\\\/\"]}]},{\"@type\":\"ImageObject\",\"inLanguage\":\"en-US\",\"@id\":\"https:\\\/\\\/stilanddesign.se\\\/produkt\\\/%f0%9f%8c%b8-carola-blommig-sommarklanning-%f0%9f%8c%b8-2\\\/#primaryimage\",\"url\":\"https:\\\/\\\/stilanddesign.se\\\/wp-content\\\/uploads\\\/2026\\\/03\\\/IMG_0004-scaled.jpg\",\"contentUrl\":\"https:\\\/\\\/stilanddesign.se\\\/wp-content\\\/uploads\\\/2026\\\/03\\\/IMG_0004-scaled.jpg\",\"width\":1920,\"height\":2560},{\"@type\":\"BreadcrumbList\",\"@id\":\"https:\\\/\\\/stilanddesign.se\\\/produkt\\\/%f0%9f%8c%b8-carola-blommig-sommarklanning-%f0%9f%8c%b8-2\\\/#breadcrumb\",\"itemListElement\":[{\"@type\":\"ListItem\",\"position\":1,\"name\":\"Hem\",\"item\":\"https:\\\/\\\/stilanddesign.se\\\/\"},{\"@type\":\"ListItem\",\"position\":2,\"name\":\"Butiken\",\"item\":\"https:\\\/\\\/stilanddesign.se\\\/butiken\\\/\"},{\"@type\":\"ListItem\",\"position\":3,\"name\":\"\ud83c\udf38 Carola \u2013 Blommig Sommarkl\u00e4nning \ud83c\udf38\"}]},{\"@type\":\"WebSite\",\"@id\":\"https:\\\/\\\/stilanddesign.se\\\/#website\",\"url\":\"https:\\\/\\\/stilanddesign.se\\\/\",\"name\":\"Stil &amp; Design\",\"description\":\"F\u00f6r oss som \u00e4lskar mode!\",\"publisher\":{\"@id\":\"https:\\\/\\\/stilanddesign.se\\\/#organization\"},\"potentialAction\":[{\"@type\":\"SearchAction\",\"target\":{\"@type\":\"EntryPoint\",\"urlTemplate\":\"https:\\\/\\\/stilanddesign.se\\\/?s={search_term_string}\"},\"query-input\":{\"@type\":\"PropertyValueSpecification\",\"valueRequired\":true,\"valueName\":\"search_term_string\"}}],\"inLanguage\":\"en-US\"},{\"@type\":\"Organization\",\"@id\":\"https:\\\/\\\/stilanddesign.se\\\/#organization\",\"name\":\"Stil &amp; Design\",\"url\":\"https:\\\/\\\/stilanddesign.se\\\/\",\"logo\":{\"@type\":\"ImageObject\",\"inLanguage\":\"en-US\",\"@id\":\"https:\\\/\\\/stilanddesign.se\\\/#\\\/schema\\\/logo\\\/image\\\/\",\"url\":\"https:\\\/\\\/stilanddesign.se\\\/wp-content\\\/uploads\\\/2023\\\/12\\\/output-onlinepngtools-e1727784413220.png\",\"contentUrl\":\"https:\\\/\\\/stilanddesign.se\\\/wp-content\\\/uploads\\\/2023\\\/12\\\/output-onlinepngtools-e1727784413220.png\",\"width\":519,\"height\":135,\"caption\":\"Stil &amp; Design\"},\"image\":{\"@id\":\"https:\\\/\\\/stilanddesign.se\\\/#\\\/schema\\\/logo\\\/image\\\/\"}}]}<\/script>\n<!-- \/ Yoast SEO Premium plugin. -->","yoast_head_json":{"title":"\ud83c\udf38 Carola \u2013 Blommig Sommarkl\u00e4nning \ud83c\udf38 - Stil &amp; Design","robots":{"index":"index","follow":"follow","max-snippet":"max-snippet:-1","max-image-preview":"max-image-preview:large","max-video-preview":"max-video-preview:-1"},"canonical":"https:\/\/stilanddesign.se\/en\/product\/\ud83c\udf38-carola-blommig-sommarklanning-\ud83c\udf38-2\/","og_locale":"en_US","og_type":"article","og_title":"\ud83c\udf38 Carola \u2013 Blommig Sommarkl\u00e4nning \ud83c\udf38","og_description":"\ud83c\udf38 Carola \u2013 Blommig Sommarkl\u00e4nning \ud83c\udf38 Carola \u00e4r kl\u00e4nningen som k\u00e4nns som en riktig sommarflirt i plaggform. Det vackra blommiga m\u00f6nstret tillsammans med den mjuka silhuetten skapar en feminin och avslappnad stil som passar lika bra till vardag som till fest. Den justerbara sn\u00f6rningen i midjan g\u00f6r att du sj\u00e4lv kan v\u00e4lja k\u00e4nslan \u2013 b\u00e4r den l\u00f6st och ledigt eller dra \u00e5t f\u00f6r en mer markerad och elegant form. De vida \u00e4rmarna och volangen nedtill ger kl\u00e4nningen en fin r\u00f6relse i varje steg. \u2728 Detaljer:\u2022 Blommigt, f\u00e4rgstarkt m\u00f6nster\u2022 V-ringning framtill\u2022 Justerbar sn\u00f6rning i midjan\u2022 Vida \u00e4rmar\u2022 Volang nedtill\u2022 L\u00e4tt och luftig modell Perfekt att b\u00e4ra till sandaler en solig dag eller klackar n\u00e4r kv\u00e4llen vill bli lite extra festlig. \ud83d\udccf Storlek: Onesize (passar ca 34\u201344)\ud83d\udcd0 Bystm\u00e5tt: ca 60 cm\ud83d\udc69 Modellen \u00e4r: 171 cm l\u00e5ng \ud83e\uddf5 Material:100% viskos \ud83d\udcab M\u00e4rke: Gemeni En somrig och feminin kl\u00e4nning som snabbt blir en favorit i garderoben. \ud83c\udf37","og_url":"https:\/\/stilanddesign.se\/en\/product\/\ud83c\udf38-carola-blommig-sommarklanning-\ud83c\udf38-2\/","og_site_name":"Stil &amp; Design","article_modified_time":"2026-03-26T11:58:24+00:00","og_image":[{"width":1920,"height":2560,"url":"https:\/\/stilanddesign.se\/wp-content\/uploads\/2026\/03\/IMG_0004-scaled.jpg","type":"image\/jpeg"}],"twitter_card":"summary_large_image","twitter_misc":{"Est. reading time":"1 minute"},"schema":{"@context":"https:\/\/schema.org","@graph":[{"@type":"WebPage","@id":"https:\/\/stilanddesign.se\/produkt\/%f0%9f%8c%b8-carola-blommig-sommarklanning-%f0%9f%8c%b8-2\/","url":"https:\/\/stilanddesign.se\/produkt\/%f0%9f%8c%b8-carola-blommig-sommarklanning-%f0%9f%8c%b8-2\/","name":"\ud83c\udf38 Carola \u2013 Blommig Sommarkl\u00e4nning \ud83c\udf38 - Stil &amp; Design","isPartOf":{"@id":"https:\/\/stilanddesign.se\/#website"},"primaryImageOfPage":{"@id":"https:\/\/stilanddesign.se\/produkt\/%f0%9f%8c%b8-carola-blommig-sommarklanning-%f0%9f%8c%b8-2\/#primaryimage"},"image":{"@id":"https:\/\/stilanddesign.se\/produkt\/%f0%9f%8c%b8-carola-blommig-sommarklanning-%f0%9f%8c%b8-2\/#primaryimage"},"thumbnailUrl":"https:\/\/stilanddesign.se\/wp-content\/uploads\/2026\/03\/IMG_0004-scaled.jpg","datePublished":"2026-03-11T09:15:02+00:00","dateModified":"2026-03-26T11:58:24+00:00","breadcrumb":{"@id":"https:\/\/stilanddesign.se\/produkt\/%f0%9f%8c%b8-carola-blommig-sommarklanning-%f0%9f%8c%b8-2\/#breadcrumb"},"inLanguage":"en-US","potentialAction":[{"@type":"ReadAction","target":["https:\/\/stilanddesign.se\/produkt\/%f0%9f%8c%b8-carola-blommig-sommarklanning-%f0%9f%8c%b8-2\/"]}]},{"@type":"ImageObject","inLanguage":"en-US","@id":"https:\/\/stilanddesign.se\/produkt\/%f0%9f%8c%b8-carola-blommig-sommarklanning-%f0%9f%8c%b8-2\/#primaryimage","url":"https:\/\/stilanddesign.se\/wp-content\/uploads\/2026\/03\/IMG_0004-scaled.jpg","contentUrl":"https:\/\/stilanddesign.se\/wp-content\/uploads\/2026\/03\/IMG_0004-scaled.jpg","width":1920,"height":2560},{"@type":"BreadcrumbList","@id":"https:\/\/stilanddesign.se\/produkt\/%f0%9f%8c%b8-carola-blommig-sommarklanning-%f0%9f%8c%b8-2\/#breadcrumb","itemListElement":[{"@type":"ListItem","position":1,"name":"Hem","item":"https:\/\/stilanddesign.se\/"},{"@type":"ListItem","position":2,"name":"Butiken","item":"https:\/\/stilanddesign.se\/butiken\/"},{"@type":"ListItem","position":3,"name":"\ud83c\udf38 Carola \u2013 Blommig Sommarkl\u00e4nning \ud83c\udf38"}]},{"@type":"WebSite","@id":"https:\/\/stilanddesign.se\/#website","url":"https:\/\/stilanddesign.se\/","name":"Style &amp; Design","description":"For those of us who love fashion!","publisher":{"@id":"https:\/\/stilanddesign.se\/#organization"},"potentialAction":[{"@type":"SearchAction","target":{"@type":"EntryPoint","urlTemplate":"https:\/\/stilanddesign.se\/?s={search_term_string}"},"query-input":{"@type":"PropertyValueSpecification","valueRequired":true,"valueName":"search_term_string"}}],"inLanguage":"en-US"},{"@type":"Organization","@id":"https:\/\/stilanddesign.se\/#organization","name":"Style &amp; Design","url":"https:\/\/stilanddesign.se\/","logo":{"@type":"ImageObject","inLanguage":"en-US","@id":"https:\/\/stilanddesign.se\/#\/schema\/logo\/image\/","url":"https:\/\/stilanddesign.se\/wp-content\/uploads\/2023\/12\/output-onlinepngtools-e1727784413220.png","contentUrl":"https:\/\/stilanddesign.se\/wp-content\/uploads\/2023\/12\/output-onlinepngtools-e1727784413220.png","width":519,"height":135,"caption":"Stil &amp; Design"},"image":{"@id":"https:\/\/stilanddesign.se\/#\/schema\/logo\/image\/"}}]}},"_links":{"self":[{"href":"https:\/\/stilanddesign.se\/en\/wp-json\/wp\/v2\/product\/1068889","targetHints":{"allow":["GET"]}}],"collection":[{"href":"https:\/\/stilanddesign.se\/en\/wp-json\/wp\/v2\/product"}],"about":[{"href":"https:\/\/stilanddesign.se\/en\/wp-json\/wp\/v2\/types\/product"}],"replies":[{"embeddable":true,"href":"https:\/\/stilanddesign.se\/en\/wp-json\/wp\/v2\/comments?post=1068889"}],"wp:featuredmedia":[{"embeddable":true,"href":"https:\/\/stilanddesign.se\/en\/wp-json\/wp\/v2\/media\/1068875"}],"wp:attachment":[{"href":"https:\/\/stilanddesign.se\/en\/wp-json\/wp\/v2\/media?parent=1068889"}],"wp:term":[{"taxonomy":"product_brand","embeddable":true,"href":"https:\/\/stilanddesign.se\/en\/wp-json\/wp\/v2\/product_brand?post=1068889"},{"taxonomy":"product_cat","embeddable":true,"href":"https:\/\/stilanddesign.se\/en\/wp-json\/wp\/v2\/product_cat?post=1068889"},{"taxonomy":"product_tag","embeddable":true,"href":"https:\/\/stilanddesign.se\/en\/wp-json\/wp\/v2\/product_tag?post=1068889"}],"curies":[{"name":"wp","href":"https:\/\/api.w.org\/{rel}","templated":true}]}}