{"id":1068827,"date":"2026-04-15T15:01:43","date_gmt":"2026-04-15T13:01:43","guid":{"rendered":"https:\/\/stilanddesign.se\/?post_type=product&#038;p=1068827"},"modified":"2026-04-16T21:53:20","modified_gmt":"2026-04-16T19:53:20","slug":"%f0%9f%8c%b8-thuna-oversize-skjorta-fargstark-statementfavorit-%f0%9f%8c%b8","status":"publish","type":"product","link":"https:\/\/stilanddesign.se\/en\/product\/%f0%9f%8c%b8-thuna-oversize-skjorta-fargstark-statementfavorit-%f0%9f%8c%b8\/","title":{"rendered":"\ud83c\udf38 Thuna Oversize Shirt \u2013 Colorful Statement Favorite \ud83c\udf38"},"content":{"rendered":"<p data-start=\"0\" data-end=\"63\">\ud83c\udf38 <strong data-start=\"3\" data-end=\"58\">Thuna Oversize Shirt \u2013 Colorful Statement Favorite<\/strong> \ud83c\udf38<\/p>\n<p data-start=\"65\" data-end=\"289\">Tuna is a <strong data-start=\"77\" data-end=\"103\">stylish oversized shirt<\/strong> which instantly gives a relaxed but confident style. The generous fit falls nicely and makes it both comfortable and trendy \u2013 perfect when you want to create a <strong data-start=\"257\" data-end=\"286\">personal and modern look<\/strong>.<\/p>\n<p data-start=\"291\" data-end=\"453\">The colorful front with floral pattern makes the shirt a real eye-catcher. <strong data-start=\"360\" data-end=\"378\">statement piece<\/strong>, while the white base keeps the style clean and easy to match.<\/p>\n<p data-start=\"455\" data-end=\"630\">\ud83d\udc5a <strong data-start=\"458\" data-end=\"471\">Details:<\/strong><br data-start=\"471\" data-end=\"474\" \/>\u2728 Oversized model<br data-start=\"491\" data-end=\"494\" \/>\ud83c\udf38 Colorful floral pattern on the front<br data-start=\"528\" data-end=\"531\" \/>\ud83d\udc4c Classic shirt collar<br data-start=\"554\" data-end=\"557\" \/>\ud83d\udd18 Button closure at the front<br data-start=\"578\" data-end=\"581\" \/>\ud83d\udcab Stylish both buttoned up or open over a tank top<\/p>\n<p data-start=\"632\" data-end=\"743\">Feel free to match it with <strong data-start=\"653\" data-end=\"693\">jeans, dress pants or leggings<\/strong> for a style that feels both relaxed and chic.<\/p>\n<p data-start=\"745\" data-end=\"864\">\ud83d\udccf <strong data-start=\"748\" data-end=\"760\">Size:<\/strong> One size (fits approx. 34\u201346)<br data-start=\"786\" data-end=\"789\" \/>\ud83d\udcd0 <strong data-start=\"792\" data-end=\"805\">Bust measurement:<\/strong> about 65 cm<br data-start=\"814\" data-end=\"817\" \/>\ud83e\uddf5 <strong data-start=\"820\" data-end=\"833\">Material:<\/strong><br data-start=\"833\" data-end=\"836\" data-is-only-node=\"\" \/>70% viscose<br data-start=\"846\" data-end=\"849\" \/>30% polyester<\/p>\n<p data-start=\"866\" data-end=\"931\" data-is-last-node=\"\" data-is-only-node=\"\">\ud83d\udc96 One <strong data-start=\"872\" data-end=\"900\">unique and trendy shirt<\/strong> that lets your style take center stage! \u2728<\/p>","protected":false},"excerpt":{"rendered":"<p data-start=\"0\" data-end=\"63\">\ud83c\udf38 <strong data-start=\"3\" data-end=\"58\">Thuna Oversize Shirt \u2013 Colorful Statement Favorite<\/strong> \ud83c\udf38<\/p>\n<p data-start=\"65\" data-end=\"289\">Tuna is a <strong data-start=\"77\" data-end=\"103\">stylish oversized shirt<\/strong> which instantly gives a relaxed but confident style. The generous fit falls nicely and makes it both comfortable and trendy \u2013 perfect when you want to create a <strong data-start=\"257\" data-end=\"286\">personal and modern look<\/strong>.<\/p>\n<p data-start=\"291\" data-end=\"453\">The colorful front with floral pattern makes the shirt a real eye-catcher. <strong data-start=\"360\" data-end=\"378\">statement piece<\/strong>, while the white base keeps the style clean and easy to match.<\/p>\n<p data-start=\"455\" data-end=\"630\">\ud83d\udc5a <strong data-start=\"458\" data-end=\"471\">Details:<\/strong><br data-start=\"471\" data-end=\"474\" \/>\u2728 Oversized model<br data-start=\"491\" data-end=\"494\" \/>\ud83c\udf38 Colorful floral pattern on the front<br data-start=\"528\" data-end=\"531\" \/>\ud83d\udc4c Classic shirt collar<br data-start=\"554\" data-end=\"557\" \/>\ud83d\udd18 Button closure at the front<br data-start=\"578\" data-end=\"581\" \/>\ud83d\udcab Stylish both buttoned up or open over a tank top<\/p>\n<p data-start=\"632\" data-end=\"743\">Feel free to match it with <strong data-start=\"653\" data-end=\"693\">jeans, dress pants or leggings<\/strong> for a style that feels both relaxed and chic.<\/p>\n<p data-start=\"745\" data-end=\"864\">\ud83d\udccf <strong data-start=\"748\" data-end=\"760\">Size:<\/strong> One size (fits approx. 34\u201346)<br data-start=\"786\" data-end=\"789\" \/>\ud83d\udcd0 <strong data-start=\"792\" data-end=\"805\">Bust measurement:<\/strong> about 65 cm<br data-start=\"814\" data-end=\"817\" \/>\ud83e\uddf5 <strong data-start=\"820\" data-end=\"833\">Material:<\/strong><br data-start=\"833\" data-end=\"836\" data-is-only-node=\"\" \/>70% viscose<br data-start=\"846\" data-end=\"849\" \/>30% polyester<\/p>\n<p data-start=\"866\" data-end=\"931\" data-is-last-node=\"\" data-is-only-node=\"\">\ud83d\udc96 One <strong data-start=\"872\" data-end=\"900\">unique and trendy shirt<\/strong> that lets your style take center stage! \u2728<\/p>","protected":false},"featured_media":1068833,"comment_status":"closed","ping_status":"closed","template":"","meta":[],"product_brand":[],"product_cat":[217,214],"product_tag":[],"class_list":{"0":"post-1068827","1":"product","2":"type-product","3":"status-publish","4":"has-post-thumbnail","6":"product_cat-produktnyheter","7":"product_cat-skjorta-langskjorta","9":"first","10":"outofstock","11":"taxable","12":"shipping-taxable","13":"product-type-variable"},"yoast_head":"<!-- This site is optimized with the Yoast SEO Premium plugin v27.1 (Yoast SEO v27.4) - https:\/\/yoast.com\/product\/yoast-seo-premium-wordpress\/ -->\n<title>\ud83c\udf38 Thuna Oversize Skjorta \u2013 F\u00e4rgstark Statementfavorit \ud83c\udf38 - Stil &amp; Design<\/title>\n<meta name=\"robots\" content=\"index, follow, max-snippet:-1, max-image-preview:large, max-video-preview:-1\" \/>\n<link rel=\"canonical\" href=\"https:\/\/stilanddesign.se\/en\/product\/\ud83c\udf38-thuna-oversize-skjorta-fargstark-statementfavorit-\ud83c\udf38\/\" \/>\n<meta property=\"og:locale\" content=\"en_US\" \/>\n<meta property=\"og:type\" content=\"article\" \/>\n<meta property=\"og:title\" content=\"\ud83c\udf38 Thuna Oversize Skjorta \u2013 F\u00e4rgstark Statementfavorit \ud83c\udf38\" \/>\n<meta property=\"og:description\" content=\"\ud83c\udf38 Thuna Oversize Skjorta \u2013 F\u00e4rgstark Statementfavorit \ud83c\udf38 Thuna \u00e4r en snygg oversize skjorta som direkt ger en avslappnad men sj\u00e4lvs\u00e4ker stil. Den gener\u00f6sa passformen faller fint och g\u00f6r den b\u00e5de bekv\u00e4m och trendig \u2013 perfekt n\u00e4r du vill skapa en personlig och modern look. Den f\u00e4rgstarka fronten med blomm\u00f6nster g\u00f6r skjortan till ett riktigt statementplagg, samtidigt som den vita basen h\u00e5ller stilen stilren och l\u00e4tt att matcha. \ud83d\udc5a Detaljer:\u2728 Oversize modell\ud83c\udf38 F\u00e4rgstarkt blomm\u00f6nster framtill\ud83d\udc4c Klassisk skjortkrage\ud83d\udd18 Kn\u00e4ppning framtill\ud83d\udcab Snygg b\u00e5de kn\u00e4ppt eller \u00f6ppen \u00f6ver ett linne Matcha den g\u00e4rna med jeans, dressade byxor eller leggings f\u00f6r en stil som k\u00e4nns b\u00e5de avslappnad och chic. \ud83d\udccf Storlek: Onesize (passar ca 34\u201346)\ud83d\udcd0 Bystm\u00e5tt: ca 65 cm\ud83e\uddf5 Material:70% viskos30% polyester \ud83d\udc96 En unik och trendig skjorta som l\u00e5ter din stil ta plats! \u2728\" \/>\n<meta property=\"og:url\" content=\"https:\/\/stilanddesign.se\/en\/product\/\ud83c\udf38-thuna-oversize-skjorta-fargstark-statementfavorit-\ud83c\udf38\/\" \/>\n<meta property=\"og:site_name\" content=\"Stil &amp; Design\" \/>\n<meta property=\"article:modified_time\" content=\"2026-04-16T19:53:20+00:00\" \/>\n<meta property=\"og:image\" content=\"https:\/\/stilanddesign.se\/wp-content\/uploads\/2026\/03\/IMG_8297-scaled.jpg\" \/>\n\t<meta property=\"og:image:width\" content=\"1920\" \/>\n\t<meta property=\"og:image:height\" content=\"2560\" \/>\n\t<meta property=\"og:image:type\" content=\"image\/jpeg\" \/>\n<meta name=\"twitter:card\" content=\"summary_large_image\" \/>\n<meta name=\"twitter:label1\" content=\"Est. reading time\" \/>\n\t<meta name=\"twitter:data1\" content=\"1 minute\" \/>\n<script type=\"application\/ld+json\" class=\"yoast-schema-graph\">{\"@context\":\"https:\\\/\\\/schema.org\",\"@graph\":[{\"@type\":\"WebPage\",\"@id\":\"https:\\\/\\\/stilanddesign.se\\\/produkt\\\/%f0%9f%8c%b8-thuna-oversize-skjorta-fargstark-statementfavorit-%f0%9f%8c%b8\\\/\",\"url\":\"https:\\\/\\\/stilanddesign.se\\\/produkt\\\/%f0%9f%8c%b8-thuna-oversize-skjorta-fargstark-statementfavorit-%f0%9f%8c%b8\\\/\",\"name\":\"\ud83c\udf38 Thuna Oversize Skjorta \u2013 F\u00e4rgstark Statementfavorit \ud83c\udf38 - Stil &amp; Design\",\"isPartOf\":{\"@id\":\"https:\\\/\\\/stilanddesign.se\\\/#website\"},\"primaryImageOfPage\":{\"@id\":\"https:\\\/\\\/stilanddesign.se\\\/produkt\\\/%f0%9f%8c%b8-thuna-oversize-skjorta-fargstark-statementfavorit-%f0%9f%8c%b8\\\/#primaryimage\"},\"image\":{\"@id\":\"https:\\\/\\\/stilanddesign.se\\\/produkt\\\/%f0%9f%8c%b8-thuna-oversize-skjorta-fargstark-statementfavorit-%f0%9f%8c%b8\\\/#primaryimage\"},\"thumbnailUrl\":\"https:\\\/\\\/stilanddesign.se\\\/wp-content\\\/uploads\\\/2026\\\/03\\\/IMG_8297-scaled.jpg\",\"datePublished\":\"2026-04-15T13:01:43+00:00\",\"dateModified\":\"2026-04-16T19:53:20+00:00\",\"breadcrumb\":{\"@id\":\"https:\\\/\\\/stilanddesign.se\\\/produkt\\\/%f0%9f%8c%b8-thuna-oversize-skjorta-fargstark-statementfavorit-%f0%9f%8c%b8\\\/#breadcrumb\"},\"inLanguage\":\"en-US\",\"potentialAction\":[{\"@type\":\"ReadAction\",\"target\":[\"https:\\\/\\\/stilanddesign.se\\\/produkt\\\/%f0%9f%8c%b8-thuna-oversize-skjorta-fargstark-statementfavorit-%f0%9f%8c%b8\\\/\"]}]},{\"@type\":\"ImageObject\",\"inLanguage\":\"en-US\",\"@id\":\"https:\\\/\\\/stilanddesign.se\\\/produkt\\\/%f0%9f%8c%b8-thuna-oversize-skjorta-fargstark-statementfavorit-%f0%9f%8c%b8\\\/#primaryimage\",\"url\":\"https:\\\/\\\/stilanddesign.se\\\/wp-content\\\/uploads\\\/2026\\\/03\\\/IMG_8297-scaled.jpg\",\"contentUrl\":\"https:\\\/\\\/stilanddesign.se\\\/wp-content\\\/uploads\\\/2026\\\/03\\\/IMG_8297-scaled.jpg\",\"width\":1920,\"height\":2560},{\"@type\":\"BreadcrumbList\",\"@id\":\"https:\\\/\\\/stilanddesign.se\\\/produkt\\\/%f0%9f%8c%b8-thuna-oversize-skjorta-fargstark-statementfavorit-%f0%9f%8c%b8\\\/#breadcrumb\",\"itemListElement\":[{\"@type\":\"ListItem\",\"position\":1,\"name\":\"Hem\",\"item\":\"https:\\\/\\\/stilanddesign.se\\\/\"},{\"@type\":\"ListItem\",\"position\":2,\"name\":\"Butiken\",\"item\":\"https:\\\/\\\/stilanddesign.se\\\/butiken\\\/\"},{\"@type\":\"ListItem\",\"position\":3,\"name\":\"\ud83c\udf38 Thuna Oversize Skjorta \u2013 F\u00e4rgstark Statementfavorit \ud83c\udf38\"}]},{\"@type\":\"WebSite\",\"@id\":\"https:\\\/\\\/stilanddesign.se\\\/#website\",\"url\":\"https:\\\/\\\/stilanddesign.se\\\/\",\"name\":\"Stil &amp; Design\",\"description\":\"F\u00f6r oss som \u00e4lskar mode!\",\"publisher\":{\"@id\":\"https:\\\/\\\/stilanddesign.se\\\/#organization\"},\"potentialAction\":[{\"@type\":\"SearchAction\",\"target\":{\"@type\":\"EntryPoint\",\"urlTemplate\":\"https:\\\/\\\/stilanddesign.se\\\/?s={search_term_string}\"},\"query-input\":{\"@type\":\"PropertyValueSpecification\",\"valueRequired\":true,\"valueName\":\"search_term_string\"}}],\"inLanguage\":\"en-US\"},{\"@type\":\"Organization\",\"@id\":\"https:\\\/\\\/stilanddesign.se\\\/#organization\",\"name\":\"Stil &amp; Design\",\"url\":\"https:\\\/\\\/stilanddesign.se\\\/\",\"logo\":{\"@type\":\"ImageObject\",\"inLanguage\":\"en-US\",\"@id\":\"https:\\\/\\\/stilanddesign.se\\\/#\\\/schema\\\/logo\\\/image\\\/\",\"url\":\"https:\\\/\\\/stilanddesign.se\\\/wp-content\\\/uploads\\\/2023\\\/12\\\/output-onlinepngtools-e1727784413220.png\",\"contentUrl\":\"https:\\\/\\\/stilanddesign.se\\\/wp-content\\\/uploads\\\/2023\\\/12\\\/output-onlinepngtools-e1727784413220.png\",\"width\":519,\"height\":135,\"caption\":\"Stil &amp; Design\"},\"image\":{\"@id\":\"https:\\\/\\\/stilanddesign.se\\\/#\\\/schema\\\/logo\\\/image\\\/\"}}]}<\/script>\n<!-- \/ Yoast SEO Premium plugin. -->","yoast_head_json":{"title":"\ud83c\udf38 Thuna Oversize Skjorta \u2013 F\u00e4rgstark Statementfavorit \ud83c\udf38 - Stil &amp; Design","robots":{"index":"index","follow":"follow","max-snippet":"max-snippet:-1","max-image-preview":"max-image-preview:large","max-video-preview":"max-video-preview:-1"},"canonical":"https:\/\/stilanddesign.se\/en\/product\/\ud83c\udf38-thuna-oversize-skjorta-fargstark-statementfavorit-\ud83c\udf38\/","og_locale":"en_US","og_type":"article","og_title":"\ud83c\udf38 Thuna Oversize Skjorta \u2013 F\u00e4rgstark Statementfavorit \ud83c\udf38","og_description":"\ud83c\udf38 Thuna Oversize Skjorta \u2013 F\u00e4rgstark Statementfavorit \ud83c\udf38 Thuna \u00e4r en snygg oversize skjorta som direkt ger en avslappnad men sj\u00e4lvs\u00e4ker stil. Den gener\u00f6sa passformen faller fint och g\u00f6r den b\u00e5de bekv\u00e4m och trendig \u2013 perfekt n\u00e4r du vill skapa en personlig och modern look. Den f\u00e4rgstarka fronten med blomm\u00f6nster g\u00f6r skjortan till ett riktigt statementplagg, samtidigt som den vita basen h\u00e5ller stilen stilren och l\u00e4tt att matcha. \ud83d\udc5a Detaljer:\u2728 Oversize modell\ud83c\udf38 F\u00e4rgstarkt blomm\u00f6nster framtill\ud83d\udc4c Klassisk skjortkrage\ud83d\udd18 Kn\u00e4ppning framtill\ud83d\udcab Snygg b\u00e5de kn\u00e4ppt eller \u00f6ppen \u00f6ver ett linne Matcha den g\u00e4rna med jeans, dressade byxor eller leggings f\u00f6r en stil som k\u00e4nns b\u00e5de avslappnad och chic. \ud83d\udccf Storlek: Onesize (passar ca 34\u201346)\ud83d\udcd0 Bystm\u00e5tt: ca 65 cm\ud83e\uddf5 Material:70% viskos30% polyester \ud83d\udc96 En unik och trendig skjorta som l\u00e5ter din stil ta plats! \u2728","og_url":"https:\/\/stilanddesign.se\/en\/product\/\ud83c\udf38-thuna-oversize-skjorta-fargstark-statementfavorit-\ud83c\udf38\/","og_site_name":"Stil &amp; Design","article_modified_time":"2026-04-16T19:53:20+00:00","og_image":[{"width":1920,"height":2560,"url":"https:\/\/stilanddesign.se\/wp-content\/uploads\/2026\/03\/IMG_8297-scaled.jpg","type":"image\/jpeg"}],"twitter_card":"summary_large_image","twitter_misc":{"Est. reading time":"1 minute"},"schema":{"@context":"https:\/\/schema.org","@graph":[{"@type":"WebPage","@id":"https:\/\/stilanddesign.se\/produkt\/%f0%9f%8c%b8-thuna-oversize-skjorta-fargstark-statementfavorit-%f0%9f%8c%b8\/","url":"https:\/\/stilanddesign.se\/produkt\/%f0%9f%8c%b8-thuna-oversize-skjorta-fargstark-statementfavorit-%f0%9f%8c%b8\/","name":"\ud83c\udf38 Thuna Oversize Skjorta \u2013 F\u00e4rgstark Statementfavorit \ud83c\udf38 - Stil &amp; Design","isPartOf":{"@id":"https:\/\/stilanddesign.se\/#website"},"primaryImageOfPage":{"@id":"https:\/\/stilanddesign.se\/produkt\/%f0%9f%8c%b8-thuna-oversize-skjorta-fargstark-statementfavorit-%f0%9f%8c%b8\/#primaryimage"},"image":{"@id":"https:\/\/stilanddesign.se\/produkt\/%f0%9f%8c%b8-thuna-oversize-skjorta-fargstark-statementfavorit-%f0%9f%8c%b8\/#primaryimage"},"thumbnailUrl":"https:\/\/stilanddesign.se\/wp-content\/uploads\/2026\/03\/IMG_8297-scaled.jpg","datePublished":"2026-04-15T13:01:43+00:00","dateModified":"2026-04-16T19:53:20+00:00","breadcrumb":{"@id":"https:\/\/stilanddesign.se\/produkt\/%f0%9f%8c%b8-thuna-oversize-skjorta-fargstark-statementfavorit-%f0%9f%8c%b8\/#breadcrumb"},"inLanguage":"en-US","potentialAction":[{"@type":"ReadAction","target":["https:\/\/stilanddesign.se\/produkt\/%f0%9f%8c%b8-thuna-oversize-skjorta-fargstark-statementfavorit-%f0%9f%8c%b8\/"]}]},{"@type":"ImageObject","inLanguage":"en-US","@id":"https:\/\/stilanddesign.se\/produkt\/%f0%9f%8c%b8-thuna-oversize-skjorta-fargstark-statementfavorit-%f0%9f%8c%b8\/#primaryimage","url":"https:\/\/stilanddesign.se\/wp-content\/uploads\/2026\/03\/IMG_8297-scaled.jpg","contentUrl":"https:\/\/stilanddesign.se\/wp-content\/uploads\/2026\/03\/IMG_8297-scaled.jpg","width":1920,"height":2560},{"@type":"BreadcrumbList","@id":"https:\/\/stilanddesign.se\/produkt\/%f0%9f%8c%b8-thuna-oversize-skjorta-fargstark-statementfavorit-%f0%9f%8c%b8\/#breadcrumb","itemListElement":[{"@type":"ListItem","position":1,"name":"Hem","item":"https:\/\/stilanddesign.se\/"},{"@type":"ListItem","position":2,"name":"Butiken","item":"https:\/\/stilanddesign.se\/butiken\/"},{"@type":"ListItem","position":3,"name":"\ud83c\udf38 Thuna Oversize Skjorta \u2013 F\u00e4rgstark Statementfavorit \ud83c\udf38"}]},{"@type":"WebSite","@id":"https:\/\/stilanddesign.se\/#website","url":"https:\/\/stilanddesign.se\/","name":"Style &amp; Design","description":"For those of us who love fashion!","publisher":{"@id":"https:\/\/stilanddesign.se\/#organization"},"potentialAction":[{"@type":"SearchAction","target":{"@type":"EntryPoint","urlTemplate":"https:\/\/stilanddesign.se\/?s={search_term_string}"},"query-input":{"@type":"PropertyValueSpecification","valueRequired":true,"valueName":"search_term_string"}}],"inLanguage":"en-US"},{"@type":"Organization","@id":"https:\/\/stilanddesign.se\/#organization","name":"Style &amp; Design","url":"https:\/\/stilanddesign.se\/","logo":{"@type":"ImageObject","inLanguage":"en-US","@id":"https:\/\/stilanddesign.se\/#\/schema\/logo\/image\/","url":"https:\/\/stilanddesign.se\/wp-content\/uploads\/2023\/12\/output-onlinepngtools-e1727784413220.png","contentUrl":"https:\/\/stilanddesign.se\/wp-content\/uploads\/2023\/12\/output-onlinepngtools-e1727784413220.png","width":519,"height":135,"caption":"Stil &amp; Design"},"image":{"@id":"https:\/\/stilanddesign.se\/#\/schema\/logo\/image\/"}}]}},"_links":{"self":[{"href":"https:\/\/stilanddesign.se\/en\/wp-json\/wp\/v2\/product\/1068827","targetHints":{"allow":["GET"]}}],"collection":[{"href":"https:\/\/stilanddesign.se\/en\/wp-json\/wp\/v2\/product"}],"about":[{"href":"https:\/\/stilanddesign.se\/en\/wp-json\/wp\/v2\/types\/product"}],"replies":[{"embeddable":true,"href":"https:\/\/stilanddesign.se\/en\/wp-json\/wp\/v2\/comments?post=1068827"}],"wp:featuredmedia":[{"embeddable":true,"href":"https:\/\/stilanddesign.se\/en\/wp-json\/wp\/v2\/media\/1068833"}],"wp:attachment":[{"href":"https:\/\/stilanddesign.se\/en\/wp-json\/wp\/v2\/media?parent=1068827"}],"wp:term":[{"taxonomy":"product_brand","embeddable":true,"href":"https:\/\/stilanddesign.se\/en\/wp-json\/wp\/v2\/product_brand?post=1068827"},{"taxonomy":"product_cat","embeddable":true,"href":"https:\/\/stilanddesign.se\/en\/wp-json\/wp\/v2\/product_cat?post=1068827"},{"taxonomy":"product_tag","embeddable":true,"href":"https:\/\/stilanddesign.se\/en\/wp-json\/wp\/v2\/product_tag?post=1068827"}],"curies":[{"name":"wp","href":"https:\/\/api.w.org\/{rel}","templated":true}]}}