{"id":1068781,"date":"2026-03-10T20:39:27","date_gmt":"2026-03-10T19:39:27","guid":{"rendered":"https:\/\/stilanddesign.se\/?post_type=product&#038;p=1068781"},"modified":"2026-04-06T16:45:29","modified_gmt":"2026-04-06T14:45:29","slug":"%f0%9f%8c%b8-halstickad-troja-med-batringning-%f0%9f%8c%b8","status":"publish","type":"product","link":"https:\/\/stilanddesign.se\/en\/product\/%f0%9f%8c%b8-halstickad-troja-med-batringning-%f0%9f%8c%b8\/","title":{"rendered":"\ud83c\udf38 Lace-up Sweater with Boat Neck \ud83c\udf38"},"content":{"rendered":"<p data-start=\"0\" data-end=\"44\">\ud83c\udf38 <strong data-start=\"3\" data-end=\"39\">Lace-up Sweater with Boat Neck<\/strong> \ud83c\udf38<\/p>\n<p data-start=\"46\" data-end=\"255\">A <strong data-start=\"49\" data-end=\"85\">light and airy openwork sweater<\/strong> with an elegant boat neckline that gives a feminine and relaxed style. The open knit makes it perfect to wear over a tank top or top for a summery and comfortable look.<\/p>\n<p data-start=\"257\" data-end=\"411\">The relaxed fit and half-length sleeves make the sweater easy to match with <strong data-start=\"337\" data-end=\"364\">jeans, skirt or pants<\/strong> \u2013 perfect for both everyday life and days off.<\/p>\n<p data-start=\"413\" data-end=\"533\">\u2728 <strong data-start=\"415\" data-end=\"428\">Details:<\/strong><br data-start=\"428\" data-end=\"431\" \/>\u2022 Lace design<br data-start=\"450\" data-end=\"453\" \/>\u2022 Boat call<br data-start=\"466\" data-end=\"469\" \/>\u2022 Comfortable and airy fit<br data-start=\"497\" data-end=\"500\" \/>\u2022 Perfect over a tank top or top<\/p>\n<p data-start=\"535\" data-end=\"574\">\ud83c\udfa8 <strong data-start=\"538\" data-end=\"549\">Colors:<\/strong><br data-start=\"549\" data-end=\"552\" \/>Blue<br data-start=\"555\" data-end=\"558\" \/>Fuchsia<br data-start=\"565\" data-end=\"568\" \/>Pink<\/p>\n<p data-start=\"576\" data-end=\"625\">\ud83d\udccf <strong data-start=\"579\" data-end=\"591\">Size:<\/strong><br data-start=\"591\" data-end=\"594\" \/>Onesize (fits approx. size 34\u201342)<\/p>\n<p data-start=\"627\" data-end=\"670\">\ud83e\uddf5 <strong data-start=\"630\" data-end=\"643\">Material:<\/strong><br data-start=\"643\" data-end=\"646\" \/>50% cotton<br data-start=\"656\" data-end=\"659\" \/>50% acrylic<\/p>\n<p data-start=\"672\" data-end=\"755\" data-is-last-node=\"\" data-is-only-node=\"\">A <strong data-start=\"675\" data-end=\"711\">stylish and summery knitted sweater<\/strong> which will quickly become a wardrobe favorite. \ud83d\udcab<\/p>","protected":false},"excerpt":{"rendered":"<p data-start=\"0\" data-end=\"44\">\ud83c\udf38 <strong data-start=\"3\" data-end=\"39\">Lace-up Sweater with Boat Neck<\/strong> \ud83c\udf38<\/p>\n<p data-start=\"46\" data-end=\"255\">A <strong data-start=\"49\" data-end=\"85\">light and airy openwork sweater<\/strong> with an elegant boat neckline that gives a feminine and relaxed style. The open knit makes it perfect to wear over a tank top or top for a summery and comfortable look.<\/p>\n<p data-start=\"257\" data-end=\"411\">The relaxed fit and half-length sleeves make the sweater easy to match with <strong data-start=\"337\" data-end=\"364\">jeans, skirt or pants<\/strong> \u2013 perfect for both everyday life and days off.<\/p>\n<p data-start=\"413\" data-end=\"533\">\u2728 <strong data-start=\"415\" data-end=\"428\">Details:<\/strong><br data-start=\"428\" data-end=\"431\" \/>\u2022 Lace design<br data-start=\"450\" data-end=\"453\" \/>\u2022 Boat call<br data-start=\"466\" data-end=\"469\" \/>\u2022 Comfortable and airy fit<br data-start=\"497\" data-end=\"500\" \/>\u2022 Perfect over a tank top or top<\/p>\n<p data-start=\"535\" data-end=\"574\">\ud83c\udfa8 <strong data-start=\"538\" data-end=\"549\">Colors:<\/strong><br data-start=\"549\" data-end=\"552\" \/>Blue<br data-start=\"555\" data-end=\"558\" \/>Fuchsia<br data-start=\"565\" data-end=\"568\" \/>Pink<\/p>\n<p data-start=\"576\" data-end=\"625\">\ud83d\udccf <strong data-start=\"579\" data-end=\"591\">Size:<\/strong><br data-start=\"591\" data-end=\"594\" \/>Onesize (fits approx. size 34\u201342)<\/p>\n<p data-start=\"627\" data-end=\"670\">\ud83e\uddf5 <strong data-start=\"630\" data-end=\"643\">Material:<\/strong><br data-start=\"643\" data-end=\"646\" \/>50% cotton<br data-start=\"656\" data-end=\"659\" \/>50% acrylic<\/p>\n<p data-start=\"672\" data-end=\"755\" data-is-last-node=\"\" data-is-only-node=\"\">A <strong data-start=\"675\" data-end=\"711\">stylish and summery knitted sweater<\/strong> which will quickly become a wardrobe favorite. \ud83d\udcab<\/p>","protected":false},"featured_media":1068779,"comment_status":"closed","ping_status":"closed","template":"","meta":[],"product_brand":[],"product_cat":[223],"product_tag":[],"class_list":{"0":"post-1068781","1":"product","2":"type-product","3":"status-publish","4":"has-post-thumbnail","6":"product_cat-stickade-trojor","8":"first","9":"outofstock","10":"taxable","11":"shipping-taxable","12":"product-type-variable"},"yoast_head":"<!-- This site is optimized with the Yoast SEO Premium plugin v27.1 (Yoast SEO v27.4) - https:\/\/yoast.com\/product\/yoast-seo-premium-wordpress\/ -->\n<title>\ud83c\udf38 H\u00e5lstickad Tr\u00f6ja med B\u00e5tringning \ud83c\udf38 - Stil &amp; Design<\/title>\n<meta name=\"robots\" content=\"index, follow, max-snippet:-1, max-image-preview:large, max-video-preview:-1\" \/>\n<link rel=\"canonical\" href=\"https:\/\/stilanddesign.se\/en\/product\/\ud83c\udf38-halstickad-troja-med-batringning-\ud83c\udf38\/\" \/>\n<meta property=\"og:locale\" content=\"en_US\" \/>\n<meta property=\"og:type\" content=\"article\" \/>\n<meta property=\"og:title\" content=\"\ud83c\udf38 H\u00e5lstickad Tr\u00f6ja med B\u00e5tringning \ud83c\udf38\" \/>\n<meta property=\"og:description\" content=\"\ud83c\udf38 H\u00e5lstickad Tr\u00f6ja med B\u00e5tringning \ud83c\udf38 En l\u00e4tt och luftig h\u00e5lstickad tr\u00f6ja med elegant b\u00e5tringning som ger en feminin och avslappnad stil. Den \u00f6ppna stickningen g\u00f6r den perfekt att b\u00e4ra \u00f6ver ett linne eller topp f\u00f6r en somrig och bekv\u00e4m look. Den avslappnade passformen och halvl\u00e5nga \u00e4rmarna g\u00f6r tr\u00f6jan l\u00e4tt att matcha med jeans, kjol eller byxor \u2013 perfekt b\u00e5de till vardag och lediga dagar. \u2728 Detaljer:\u2022 H\u00e5lstickad design\u2022 B\u00e5tringning\u2022 Bekv\u00e4m och luftig passform\u2022 Perfekt \u00f6ver linne eller topp \ud83c\udfa8 F\u00e4rger:Bl\u00e5FuchsiaRosa \ud83d\udccf Storlek:Onesize (passar ca stl 34\u201342) \ud83e\uddf5 Material:50% bomull50% akryl En stilren och somrig stickad tr\u00f6ja som snabbt blir en favorit i garderoben. \ud83d\udcab\" \/>\n<meta property=\"og:url\" content=\"https:\/\/stilanddesign.se\/en\/product\/\ud83c\udf38-halstickad-troja-med-batringning-\ud83c\udf38\/\" \/>\n<meta property=\"og:site_name\" content=\"Stil &amp; Design\" \/>\n<meta property=\"article:modified_time\" content=\"2026-04-06T14:45:29+00:00\" \/>\n<meta property=\"og:image\" content=\"https:\/\/stilanddesign.se\/wp-content\/uploads\/2026\/03\/665434444.jpeg\" \/>\n\t<meta property=\"og:image:width\" content=\"1920\" \/>\n\t<meta property=\"og:image:height\" content=\"2560\" \/>\n\t<meta property=\"og:image:type\" content=\"image\/jpeg\" \/>\n<meta name=\"twitter:card\" content=\"summary_large_image\" \/>\n<meta name=\"twitter:label1\" content=\"Est. reading time\" \/>\n\t<meta name=\"twitter:data1\" content=\"1 minute\" \/>\n<script type=\"application\/ld+json\" class=\"yoast-schema-graph\">{\"@context\":\"https:\\\/\\\/schema.org\",\"@graph\":[{\"@type\":\"WebPage\",\"@id\":\"https:\\\/\\\/stilanddesign.se\\\/produkt\\\/%f0%9f%8c%b8-halstickad-troja-med-batringning-%f0%9f%8c%b8\\\/\",\"url\":\"https:\\\/\\\/stilanddesign.se\\\/produkt\\\/%f0%9f%8c%b8-halstickad-troja-med-batringning-%f0%9f%8c%b8\\\/\",\"name\":\"\ud83c\udf38 H\u00e5lstickad Tr\u00f6ja med B\u00e5tringning \ud83c\udf38 - Stil &amp; Design\",\"isPartOf\":{\"@id\":\"https:\\\/\\\/stilanddesign.se\\\/#website\"},\"primaryImageOfPage\":{\"@id\":\"https:\\\/\\\/stilanddesign.se\\\/produkt\\\/%f0%9f%8c%b8-halstickad-troja-med-batringning-%f0%9f%8c%b8\\\/#primaryimage\"},\"image\":{\"@id\":\"https:\\\/\\\/stilanddesign.se\\\/produkt\\\/%f0%9f%8c%b8-halstickad-troja-med-batringning-%f0%9f%8c%b8\\\/#primaryimage\"},\"thumbnailUrl\":\"https:\\\/\\\/stilanddesign.se\\\/wp-content\\\/uploads\\\/2026\\\/03\\\/665434444.jpeg\",\"datePublished\":\"2026-03-10T19:39:27+00:00\",\"dateModified\":\"2026-04-06T14:45:29+00:00\",\"breadcrumb\":{\"@id\":\"https:\\\/\\\/stilanddesign.se\\\/produkt\\\/%f0%9f%8c%b8-halstickad-troja-med-batringning-%f0%9f%8c%b8\\\/#breadcrumb\"},\"inLanguage\":\"en-US\",\"potentialAction\":[{\"@type\":\"ReadAction\",\"target\":[\"https:\\\/\\\/stilanddesign.se\\\/produkt\\\/%f0%9f%8c%b8-halstickad-troja-med-batringning-%f0%9f%8c%b8\\\/\"]}]},{\"@type\":\"ImageObject\",\"inLanguage\":\"en-US\",\"@id\":\"https:\\\/\\\/stilanddesign.se\\\/produkt\\\/%f0%9f%8c%b8-halstickad-troja-med-batringning-%f0%9f%8c%b8\\\/#primaryimage\",\"url\":\"https:\\\/\\\/stilanddesign.se\\\/wp-content\\\/uploads\\\/2026\\\/03\\\/665434444.jpeg\",\"contentUrl\":\"https:\\\/\\\/stilanddesign.se\\\/wp-content\\\/uploads\\\/2026\\\/03\\\/665434444.jpeg\",\"width\":1920,\"height\":2560,\"caption\":\"Rosa h\u00e5lstickad tr\u00f6ja med b\u00e5tringning\"},{\"@type\":\"BreadcrumbList\",\"@id\":\"https:\\\/\\\/stilanddesign.se\\\/produkt\\\/%f0%9f%8c%b8-halstickad-troja-med-batringning-%f0%9f%8c%b8\\\/#breadcrumb\",\"itemListElement\":[{\"@type\":\"ListItem\",\"position\":1,\"name\":\"Hem\",\"item\":\"https:\\\/\\\/stilanddesign.se\\\/\"},{\"@type\":\"ListItem\",\"position\":2,\"name\":\"Butiken\",\"item\":\"https:\\\/\\\/stilanddesign.se\\\/butiken\\\/\"},{\"@type\":\"ListItem\",\"position\":3,\"name\":\"\ud83c\udf38 H\u00e5lstickad Tr\u00f6ja med B\u00e5tringning \ud83c\udf38\"}]},{\"@type\":\"WebSite\",\"@id\":\"https:\\\/\\\/stilanddesign.se\\\/#website\",\"url\":\"https:\\\/\\\/stilanddesign.se\\\/\",\"name\":\"Stil &amp; Design\",\"description\":\"F\u00f6r oss som \u00e4lskar mode!\",\"publisher\":{\"@id\":\"https:\\\/\\\/stilanddesign.se\\\/#organization\"},\"potentialAction\":[{\"@type\":\"SearchAction\",\"target\":{\"@type\":\"EntryPoint\",\"urlTemplate\":\"https:\\\/\\\/stilanddesign.se\\\/?s={search_term_string}\"},\"query-input\":{\"@type\":\"PropertyValueSpecification\",\"valueRequired\":true,\"valueName\":\"search_term_string\"}}],\"inLanguage\":\"en-US\"},{\"@type\":\"Organization\",\"@id\":\"https:\\\/\\\/stilanddesign.se\\\/#organization\",\"name\":\"Stil &amp; Design\",\"url\":\"https:\\\/\\\/stilanddesign.se\\\/\",\"logo\":{\"@type\":\"ImageObject\",\"inLanguage\":\"en-US\",\"@id\":\"https:\\\/\\\/stilanddesign.se\\\/#\\\/schema\\\/logo\\\/image\\\/\",\"url\":\"https:\\\/\\\/stilanddesign.se\\\/wp-content\\\/uploads\\\/2023\\\/12\\\/output-onlinepngtools-e1727784413220.png\",\"contentUrl\":\"https:\\\/\\\/stilanddesign.se\\\/wp-content\\\/uploads\\\/2023\\\/12\\\/output-onlinepngtools-e1727784413220.png\",\"width\":519,\"height\":135,\"caption\":\"Stil &amp; Design\"},\"image\":{\"@id\":\"https:\\\/\\\/stilanddesign.se\\\/#\\\/schema\\\/logo\\\/image\\\/\"}}]}<\/script>\n<!-- \/ Yoast SEO Premium plugin. -->","yoast_head_json":{"title":"\ud83c\udf38 H\u00e5lstickad Tr\u00f6ja med B\u00e5tringning \ud83c\udf38 - Stil &amp; Design","robots":{"index":"index","follow":"follow","max-snippet":"max-snippet:-1","max-image-preview":"max-image-preview:large","max-video-preview":"max-video-preview:-1"},"canonical":"https:\/\/stilanddesign.se\/en\/product\/\ud83c\udf38-halstickad-troja-med-batringning-\ud83c\udf38\/","og_locale":"en_US","og_type":"article","og_title":"\ud83c\udf38 H\u00e5lstickad Tr\u00f6ja med B\u00e5tringning \ud83c\udf38","og_description":"\ud83c\udf38 H\u00e5lstickad Tr\u00f6ja med B\u00e5tringning \ud83c\udf38 En l\u00e4tt och luftig h\u00e5lstickad tr\u00f6ja med elegant b\u00e5tringning som ger en feminin och avslappnad stil. Den \u00f6ppna stickningen g\u00f6r den perfekt att b\u00e4ra \u00f6ver ett linne eller topp f\u00f6r en somrig och bekv\u00e4m look. Den avslappnade passformen och halvl\u00e5nga \u00e4rmarna g\u00f6r tr\u00f6jan l\u00e4tt att matcha med jeans, kjol eller byxor \u2013 perfekt b\u00e5de till vardag och lediga dagar. \u2728 Detaljer:\u2022 H\u00e5lstickad design\u2022 B\u00e5tringning\u2022 Bekv\u00e4m och luftig passform\u2022 Perfekt \u00f6ver linne eller topp \ud83c\udfa8 F\u00e4rger:Bl\u00e5FuchsiaRosa \ud83d\udccf Storlek:Onesize (passar ca stl 34\u201342) \ud83e\uddf5 Material:50% bomull50% akryl En stilren och somrig stickad tr\u00f6ja som snabbt blir en favorit i garderoben. \ud83d\udcab","og_url":"https:\/\/stilanddesign.se\/en\/product\/\ud83c\udf38-halstickad-troja-med-batringning-\ud83c\udf38\/","og_site_name":"Stil &amp; Design","article_modified_time":"2026-04-06T14:45:29+00:00","og_image":[{"width":1920,"height":2560,"url":"https:\/\/stilanddesign.se\/wp-content\/uploads\/2026\/03\/665434444.jpeg","type":"image\/jpeg"}],"twitter_card":"summary_large_image","twitter_misc":{"Est. reading time":"1 minute"},"schema":{"@context":"https:\/\/schema.org","@graph":[{"@type":"WebPage","@id":"https:\/\/stilanddesign.se\/produkt\/%f0%9f%8c%b8-halstickad-troja-med-batringning-%f0%9f%8c%b8\/","url":"https:\/\/stilanddesign.se\/produkt\/%f0%9f%8c%b8-halstickad-troja-med-batringning-%f0%9f%8c%b8\/","name":"\ud83c\udf38 H\u00e5lstickad Tr\u00f6ja med B\u00e5tringning \ud83c\udf38 - Stil &amp; Design","isPartOf":{"@id":"https:\/\/stilanddesign.se\/#website"},"primaryImageOfPage":{"@id":"https:\/\/stilanddesign.se\/produkt\/%f0%9f%8c%b8-halstickad-troja-med-batringning-%f0%9f%8c%b8\/#primaryimage"},"image":{"@id":"https:\/\/stilanddesign.se\/produkt\/%f0%9f%8c%b8-halstickad-troja-med-batringning-%f0%9f%8c%b8\/#primaryimage"},"thumbnailUrl":"https:\/\/stilanddesign.se\/wp-content\/uploads\/2026\/03\/665434444.jpeg","datePublished":"2026-03-10T19:39:27+00:00","dateModified":"2026-04-06T14:45:29+00:00","breadcrumb":{"@id":"https:\/\/stilanddesign.se\/produkt\/%f0%9f%8c%b8-halstickad-troja-med-batringning-%f0%9f%8c%b8\/#breadcrumb"},"inLanguage":"en-US","potentialAction":[{"@type":"ReadAction","target":["https:\/\/stilanddesign.se\/produkt\/%f0%9f%8c%b8-halstickad-troja-med-batringning-%f0%9f%8c%b8\/"]}]},{"@type":"ImageObject","inLanguage":"en-US","@id":"https:\/\/stilanddesign.se\/produkt\/%f0%9f%8c%b8-halstickad-troja-med-batringning-%f0%9f%8c%b8\/#primaryimage","url":"https:\/\/stilanddesign.se\/wp-content\/uploads\/2026\/03\/665434444.jpeg","contentUrl":"https:\/\/stilanddesign.se\/wp-content\/uploads\/2026\/03\/665434444.jpeg","width":1920,"height":2560,"caption":"Rosa h\u00e5lstickad tr\u00f6ja med b\u00e5tringning"},{"@type":"BreadcrumbList","@id":"https:\/\/stilanddesign.se\/produkt\/%f0%9f%8c%b8-halstickad-troja-med-batringning-%f0%9f%8c%b8\/#breadcrumb","itemListElement":[{"@type":"ListItem","position":1,"name":"Hem","item":"https:\/\/stilanddesign.se\/"},{"@type":"ListItem","position":2,"name":"Butiken","item":"https:\/\/stilanddesign.se\/butiken\/"},{"@type":"ListItem","position":3,"name":"\ud83c\udf38 H\u00e5lstickad Tr\u00f6ja med B\u00e5tringning \ud83c\udf38"}]},{"@type":"WebSite","@id":"https:\/\/stilanddesign.se\/#website","url":"https:\/\/stilanddesign.se\/","name":"Style &amp; Design","description":"For those of us who love fashion!","publisher":{"@id":"https:\/\/stilanddesign.se\/#organization"},"potentialAction":[{"@type":"SearchAction","target":{"@type":"EntryPoint","urlTemplate":"https:\/\/stilanddesign.se\/?s={search_term_string}"},"query-input":{"@type":"PropertyValueSpecification","valueRequired":true,"valueName":"search_term_string"}}],"inLanguage":"en-US"},{"@type":"Organization","@id":"https:\/\/stilanddesign.se\/#organization","name":"Style &amp; Design","url":"https:\/\/stilanddesign.se\/","logo":{"@type":"ImageObject","inLanguage":"en-US","@id":"https:\/\/stilanddesign.se\/#\/schema\/logo\/image\/","url":"https:\/\/stilanddesign.se\/wp-content\/uploads\/2023\/12\/output-onlinepngtools-e1727784413220.png","contentUrl":"https:\/\/stilanddesign.se\/wp-content\/uploads\/2023\/12\/output-onlinepngtools-e1727784413220.png","width":519,"height":135,"caption":"Stil &amp; Design"},"image":{"@id":"https:\/\/stilanddesign.se\/#\/schema\/logo\/image\/"}}]}},"_links":{"self":[{"href":"https:\/\/stilanddesign.se\/en\/wp-json\/wp\/v2\/product\/1068781","targetHints":{"allow":["GET"]}}],"collection":[{"href":"https:\/\/stilanddesign.se\/en\/wp-json\/wp\/v2\/product"}],"about":[{"href":"https:\/\/stilanddesign.se\/en\/wp-json\/wp\/v2\/types\/product"}],"replies":[{"embeddable":true,"href":"https:\/\/stilanddesign.se\/en\/wp-json\/wp\/v2\/comments?post=1068781"}],"wp:featuredmedia":[{"embeddable":true,"href":"https:\/\/stilanddesign.se\/en\/wp-json\/wp\/v2\/media\/1068779"}],"wp:attachment":[{"href":"https:\/\/stilanddesign.se\/en\/wp-json\/wp\/v2\/media?parent=1068781"}],"wp:term":[{"taxonomy":"product_brand","embeddable":true,"href":"https:\/\/stilanddesign.se\/en\/wp-json\/wp\/v2\/product_brand?post=1068781"},{"taxonomy":"product_cat","embeddable":true,"href":"https:\/\/stilanddesign.se\/en\/wp-json\/wp\/v2\/product_cat?post=1068781"},{"taxonomy":"product_tag","embeddable":true,"href":"https:\/\/stilanddesign.se\/en\/wp-json\/wp\/v2\/product_tag?post=1068781"}],"curies":[{"name":"wp","href":"https:\/\/api.w.org\/{rel}","templated":true}]}}