{"id":1068743,"date":"2026-03-20T16:27:27","date_gmt":"2026-03-20T15:27:27","guid":{"rendered":"https:\/\/stilanddesign.se\/?post_type=product&#038;p=1068743"},"modified":"2026-04-14T16:53:04","modified_gmt":"2026-04-14T14:53:04","slug":"%f0%9f%8d%91-stickad-poncho-med-vid-arm-persika-%f0%9f%8d%91","status":"publish","type":"product","link":"https:\/\/stilanddesign.se\/en\/product\/%f0%9f%8d%91-stickad-poncho-med-vid-arm-persika-%f0%9f%8d%91\/","title":{"rendered":"\ud83c\udf51 Knitted Poncho with Wide Sleeves \u2013 Peach \ud83c\udf51"},"content":{"rendered":"<p data-start=\"0\" data-end=\"48\">\ud83c\udf51 <strong data-start=\"3\" data-end=\"43\">Knitted Poncho with Wide Sleeves \u2013 Peach<\/strong> \ud83c\udf51<\/p>\n<p data-start=\"50\" data-end=\"259\">A <strong data-start=\"53\" data-end=\"88\">soft and elegant knitted poncho<\/strong> in a lovely peach color that gives a warm and feminine feel. The relaxed model with <strong data-start=\"178\" data-end=\"192\">wide sleeves<\/strong> creates a nice drape and makes the garment both comfortable and stylish.<\/p>\n<p data-start=\"261\" data-end=\"384\">Perfect to wear over a tank top or top and match with <strong data-start=\"319\" data-end=\"346\">jeans, skirt or pants<\/strong> for a casual but stylish outfit.<\/p>\n<p data-start=\"386\" data-end=\"517\">\u2728 <strong data-start=\"388\" data-end=\"401\">Details:<\/strong><br data-start=\"401\" data-end=\"404\" \/>\u2022 Wide sleeves<br data-start=\"413\" data-end=\"416\" \/>\u2022 Light and soft knitting<br data-start=\"441\" data-end=\"444\" \/>\u2022 Relaxed and flattering fit<br data-start=\"480\" data-end=\"483\" \/>\u2022 Stylish and easy-to-match model<\/p>\n<p data-start=\"519\" data-end=\"543\">\ud83c\udfa8 <strong data-start=\"522\" data-end=\"531\">Paint:<\/strong><br data-start=\"531\" data-end=\"534\" \/>Peach<\/p>\n<p data-start=\"545\" data-end=\"604\">\ud83d\udccf <strong data-start=\"548\" data-end=\"560\">Size:<\/strong><br data-start=\"560\" data-end=\"563\" \/>Onesize (fits approx. size 34\u201342, small 44)<\/p>\n<p data-start=\"606\" data-end=\"683\">\ud83e\uddf5 <strong data-start=\"609\" data-end=\"622\">Material:<\/strong><br data-start=\"622\" data-end=\"625\" \/>50% viscose<br data-start=\"635\" data-end=\"638\" \/>25% polyamide<br data-start=\"650\" data-end=\"653\" \/>15% polyester<br data-start=\"666\" data-end=\"669\" \/>10% cashmere<\/p>\n<p data-start=\"685\" data-end=\"768\" data-is-last-node=\"\" data-is-only-node=\"\">A <strong data-start=\"688\" data-end=\"715\">soft and elegant poncho<\/strong> which gives your outfit a lovely and stylish feel. \ud83d\udcab<\/p>","protected":false},"excerpt":{"rendered":"<p data-start=\"0\" data-end=\"48\">\ud83c\udf51 <strong data-start=\"3\" data-end=\"43\">Knitted Poncho with Wide Sleeves \u2013 Peach<\/strong> \ud83c\udf51<\/p>\n<p data-start=\"50\" data-end=\"259\">A <strong data-start=\"53\" data-end=\"88\">soft and elegant knitted poncho<\/strong> in a lovely peach color that gives a warm and feminine feel. The relaxed model with <strong data-start=\"178\" data-end=\"192\">wide sleeves<\/strong> creates a nice drape and makes the garment both comfortable and stylish.<\/p>\n<p data-start=\"261\" data-end=\"384\">Perfect to wear over a tank top or top and match with <strong data-start=\"319\" data-end=\"346\">jeans, skirt or pants<\/strong> for a casual but stylish outfit.<\/p>\n<p data-start=\"386\" data-end=\"517\">\u2728 <strong data-start=\"388\" data-end=\"401\">Details:<\/strong><br data-start=\"401\" data-end=\"404\" \/>\u2022 Wide sleeves<br data-start=\"413\" data-end=\"416\" \/>\u2022 Light and soft knitting<br data-start=\"441\" data-end=\"444\" \/>\u2022 Relaxed and flattering fit<br data-start=\"480\" data-end=\"483\" \/>\u2022 Stylish and easy-to-match model<\/p>\n<p data-start=\"519\" data-end=\"543\">\ud83c\udfa8 <strong data-start=\"522\" data-end=\"531\">Paint:<\/strong><br data-start=\"531\" data-end=\"534\" \/>Peach<\/p>\n<p data-start=\"545\" data-end=\"604\">\ud83d\udccf <strong data-start=\"548\" data-end=\"560\">Size:<\/strong><br data-start=\"560\" data-end=\"563\" \/>Onesize (fits approx. size 34\u201342, small 44)<\/p>\n<p data-start=\"606\" data-end=\"683\">\ud83e\uddf5 <strong data-start=\"609\" data-end=\"622\">Material:<\/strong><br data-start=\"622\" data-end=\"625\" \/>50% viscose<br data-start=\"635\" data-end=\"638\" \/>25% polyamide<br data-start=\"650\" data-end=\"653\" \/>15% polyester<br data-start=\"666\" data-end=\"669\" \/>10% cashmere<\/p>\n<p data-start=\"685\" data-end=\"768\" data-is-last-node=\"\" data-is-only-node=\"\">A <strong data-start=\"688\" data-end=\"715\">soft and elegant poncho<\/strong> which gives your outfit a lovely and stylish feel. \ud83d\udcab<\/p>","protected":false},"featured_media":1068741,"comment_status":"closed","ping_status":"closed","template":"","meta":[],"product_brand":[],"product_cat":[228,223],"product_tag":[],"class_list":{"0":"post-1068743","1":"product","2":"type-product","3":"status-publish","4":"has-post-thumbnail","6":"product_cat-poncho","7":"product_cat-stickade-trojor","9":"first","10":"instock","11":"taxable","12":"shipping-taxable","13":"purchasable","14":"product-type-variable"},"yoast_head":"<!-- This site is optimized with the Yoast SEO Premium plugin v27.1 (Yoast SEO v27.4) - https:\/\/yoast.com\/product\/yoast-seo-premium-wordpress\/ -->\n<title>\ud83c\udf51 Stickad Poncho med Vid \u00c4rm \u2013 Persika \ud83c\udf51 - Stil &amp; Design<\/title>\n<meta name=\"robots\" content=\"index, follow, max-snippet:-1, max-image-preview:large, max-video-preview:-1\" \/>\n<link rel=\"canonical\" href=\"https:\/\/stilanddesign.se\/en\/product\/\ud83c\udf51-stickad-poncho-med-vid-arm-persika-\ud83c\udf51\/\" \/>\n<meta property=\"og:locale\" content=\"en_US\" \/>\n<meta property=\"og:type\" content=\"article\" \/>\n<meta property=\"og:title\" content=\"\ud83c\udf51 Stickad Poncho med Vid \u00c4rm \u2013 Persika \ud83c\udf51\" \/>\n<meta property=\"og:description\" content=\"\ud83c\udf51 Stickad Poncho med Vid \u00c4rm \u2013 Persika \ud83c\udf51 En mjuk och elegant stickad poncho i en h\u00e4rlig persikof\u00e4rg som ger en varm och feminin k\u00e4nsla. Den avslappnade modellen med vida \u00e4rmar skapar ett fint fall och g\u00f6r plagget b\u00e5de bekv\u00e4mt och stilfullt. Perfekt att b\u00e4ra \u00f6ver ett linne eller topp och matcha med jeans, kjol eller byxor f\u00f6r en avslappnad men snygg outfit. \u2728 Detaljer:\u2022 Vid \u00e4rm\u2022 L\u00e4tt och mjuk stickning\u2022 Avslappnad och smickrande passform\u2022 Stilren och l\u00e4ttmatchad modell \ud83c\udfa8 F\u00e4rg:Persika \ud83d\udccf Storlek:Onesize (passar ca stl 34\u201342, liten 44) \ud83e\uddf5 Material:50% viskos25% polyamid15% polyester10% cashmere En mjuk och elegant poncho som ger din outfit en h\u00e4rlig och stilfull k\u00e4nsla. \ud83d\udcab\" \/>\n<meta property=\"og:url\" content=\"https:\/\/stilanddesign.se\/en\/product\/\ud83c\udf51-stickad-poncho-med-vid-arm-persika-\ud83c\udf51\/\" \/>\n<meta property=\"og:site_name\" content=\"Stil &amp; Design\" \/>\n<meta property=\"article:modified_time\" content=\"2026-04-14T14:53:04+00:00\" \/>\n<meta property=\"og:image\" content=\"https:\/\/stilanddesign.se\/wp-content\/uploads\/2026\/03\/6654.jpg\" \/>\n\t<meta property=\"og:image:width\" content=\"480\" \/>\n\t<meta property=\"og:image:height\" content=\"640\" \/>\n\t<meta property=\"og:image:type\" content=\"image\/jpeg\" \/>\n<meta name=\"twitter:card\" content=\"summary_large_image\" \/>\n<meta name=\"twitter:label1\" content=\"Est. reading time\" \/>\n\t<meta name=\"twitter:data1\" content=\"1 minute\" \/>\n<script type=\"application\/ld+json\" class=\"yoast-schema-graph\">{\"@context\":\"https:\\\/\\\/schema.org\",\"@graph\":[{\"@type\":\"WebPage\",\"@id\":\"https:\\\/\\\/stilanddesign.se\\\/produkt\\\/%f0%9f%8d%91-stickad-poncho-med-vid-arm-persika-%f0%9f%8d%91\\\/\",\"url\":\"https:\\\/\\\/stilanddesign.se\\\/produkt\\\/%f0%9f%8d%91-stickad-poncho-med-vid-arm-persika-%f0%9f%8d%91\\\/\",\"name\":\"\ud83c\udf51 Stickad Poncho med Vid \u00c4rm \u2013 Persika \ud83c\udf51 - Stil &amp; Design\",\"isPartOf\":{\"@id\":\"https:\\\/\\\/stilanddesign.se\\\/#website\"},\"primaryImageOfPage\":{\"@id\":\"https:\\\/\\\/stilanddesign.se\\\/produkt\\\/%f0%9f%8d%91-stickad-poncho-med-vid-arm-persika-%f0%9f%8d%91\\\/#primaryimage\"},\"image\":{\"@id\":\"https:\\\/\\\/stilanddesign.se\\\/produkt\\\/%f0%9f%8d%91-stickad-poncho-med-vid-arm-persika-%f0%9f%8d%91\\\/#primaryimage\"},\"thumbnailUrl\":\"https:\\\/\\\/stilanddesign.se\\\/wp-content\\\/uploads\\\/2026\\\/03\\\/6654.jpg\",\"datePublished\":\"2026-03-20T15:27:27+00:00\",\"dateModified\":\"2026-04-14T14:53:04+00:00\",\"breadcrumb\":{\"@id\":\"https:\\\/\\\/stilanddesign.se\\\/produkt\\\/%f0%9f%8d%91-stickad-poncho-med-vid-arm-persika-%f0%9f%8d%91\\\/#breadcrumb\"},\"inLanguage\":\"en-US\",\"potentialAction\":[{\"@type\":\"ReadAction\",\"target\":[\"https:\\\/\\\/stilanddesign.se\\\/produkt\\\/%f0%9f%8d%91-stickad-poncho-med-vid-arm-persika-%f0%9f%8d%91\\\/\"]}]},{\"@type\":\"ImageObject\",\"inLanguage\":\"en-US\",\"@id\":\"https:\\\/\\\/stilanddesign.se\\\/produkt\\\/%f0%9f%8d%91-stickad-poncho-med-vid-arm-persika-%f0%9f%8d%91\\\/#primaryimage\",\"url\":\"https:\\\/\\\/stilanddesign.se\\\/wp-content\\\/uploads\\\/2026\\\/03\\\/6654.jpg\",\"contentUrl\":\"https:\\\/\\\/stilanddesign.se\\\/wp-content\\\/uploads\\\/2026\\\/03\\\/6654.jpg\",\"width\":480,\"height\":640,\"caption\":\"Fin ponchotr\u00f6ja i aprikos\"},{\"@type\":\"BreadcrumbList\",\"@id\":\"https:\\\/\\\/stilanddesign.se\\\/produkt\\\/%f0%9f%8d%91-stickad-poncho-med-vid-arm-persika-%f0%9f%8d%91\\\/#breadcrumb\",\"itemListElement\":[{\"@type\":\"ListItem\",\"position\":1,\"name\":\"Hem\",\"item\":\"https:\\\/\\\/stilanddesign.se\\\/\"},{\"@type\":\"ListItem\",\"position\":2,\"name\":\"Butiken\",\"item\":\"https:\\\/\\\/stilanddesign.se\\\/butiken\\\/\"},{\"@type\":\"ListItem\",\"position\":3,\"name\":\"\ud83c\udf51 Stickad Poncho med Vid \u00c4rm \u2013 Persika \ud83c\udf51\"}]},{\"@type\":\"WebSite\",\"@id\":\"https:\\\/\\\/stilanddesign.se\\\/#website\",\"url\":\"https:\\\/\\\/stilanddesign.se\\\/\",\"name\":\"Stil &amp; Design\",\"description\":\"F\u00f6r oss som \u00e4lskar mode!\",\"publisher\":{\"@id\":\"https:\\\/\\\/stilanddesign.se\\\/#organization\"},\"potentialAction\":[{\"@type\":\"SearchAction\",\"target\":{\"@type\":\"EntryPoint\",\"urlTemplate\":\"https:\\\/\\\/stilanddesign.se\\\/?s={search_term_string}\"},\"query-input\":{\"@type\":\"PropertyValueSpecification\",\"valueRequired\":true,\"valueName\":\"search_term_string\"}}],\"inLanguage\":\"en-US\"},{\"@type\":\"Organization\",\"@id\":\"https:\\\/\\\/stilanddesign.se\\\/#organization\",\"name\":\"Stil &amp; Design\",\"url\":\"https:\\\/\\\/stilanddesign.se\\\/\",\"logo\":{\"@type\":\"ImageObject\",\"inLanguage\":\"en-US\",\"@id\":\"https:\\\/\\\/stilanddesign.se\\\/#\\\/schema\\\/logo\\\/image\\\/\",\"url\":\"https:\\\/\\\/stilanddesign.se\\\/wp-content\\\/uploads\\\/2023\\\/12\\\/output-onlinepngtools-e1727784413220.png\",\"contentUrl\":\"https:\\\/\\\/stilanddesign.se\\\/wp-content\\\/uploads\\\/2023\\\/12\\\/output-onlinepngtools-e1727784413220.png\",\"width\":519,\"height\":135,\"caption\":\"Stil &amp; Design\"},\"image\":{\"@id\":\"https:\\\/\\\/stilanddesign.se\\\/#\\\/schema\\\/logo\\\/image\\\/\"}}]}<\/script>\n<!-- \/ Yoast SEO Premium plugin. -->","yoast_head_json":{"title":"\ud83c\udf51 Stickad Poncho med Vid \u00c4rm \u2013 Persika \ud83c\udf51 - Stil &amp; Design","robots":{"index":"index","follow":"follow","max-snippet":"max-snippet:-1","max-image-preview":"max-image-preview:large","max-video-preview":"max-video-preview:-1"},"canonical":"https:\/\/stilanddesign.se\/en\/product\/\ud83c\udf51-stickad-poncho-med-vid-arm-persika-\ud83c\udf51\/","og_locale":"en_US","og_type":"article","og_title":"\ud83c\udf51 Stickad Poncho med Vid \u00c4rm \u2013 Persika \ud83c\udf51","og_description":"\ud83c\udf51 Stickad Poncho med Vid \u00c4rm \u2013 Persika \ud83c\udf51 En mjuk och elegant stickad poncho i en h\u00e4rlig persikof\u00e4rg som ger en varm och feminin k\u00e4nsla. Den avslappnade modellen med vida \u00e4rmar skapar ett fint fall och g\u00f6r plagget b\u00e5de bekv\u00e4mt och stilfullt. Perfekt att b\u00e4ra \u00f6ver ett linne eller topp och matcha med jeans, kjol eller byxor f\u00f6r en avslappnad men snygg outfit. \u2728 Detaljer:\u2022 Vid \u00e4rm\u2022 L\u00e4tt och mjuk stickning\u2022 Avslappnad och smickrande passform\u2022 Stilren och l\u00e4ttmatchad modell \ud83c\udfa8 F\u00e4rg:Persika \ud83d\udccf Storlek:Onesize (passar ca stl 34\u201342, liten 44) \ud83e\uddf5 Material:50% viskos25% polyamid15% polyester10% cashmere En mjuk och elegant poncho som ger din outfit en h\u00e4rlig och stilfull k\u00e4nsla. \ud83d\udcab","og_url":"https:\/\/stilanddesign.se\/en\/product\/\ud83c\udf51-stickad-poncho-med-vid-arm-persika-\ud83c\udf51\/","og_site_name":"Stil &amp; Design","article_modified_time":"2026-04-14T14:53:04+00:00","og_image":[{"width":480,"height":640,"url":"https:\/\/stilanddesign.se\/wp-content\/uploads\/2026\/03\/6654.jpg","type":"image\/jpeg"}],"twitter_card":"summary_large_image","twitter_misc":{"Est. reading time":"1 minute"},"schema":{"@context":"https:\/\/schema.org","@graph":[{"@type":"WebPage","@id":"https:\/\/stilanddesign.se\/produkt\/%f0%9f%8d%91-stickad-poncho-med-vid-arm-persika-%f0%9f%8d%91\/","url":"https:\/\/stilanddesign.se\/produkt\/%f0%9f%8d%91-stickad-poncho-med-vid-arm-persika-%f0%9f%8d%91\/","name":"\ud83c\udf51 Stickad Poncho med Vid \u00c4rm \u2013 Persika \ud83c\udf51 - Stil &amp; Design","isPartOf":{"@id":"https:\/\/stilanddesign.se\/#website"},"primaryImageOfPage":{"@id":"https:\/\/stilanddesign.se\/produkt\/%f0%9f%8d%91-stickad-poncho-med-vid-arm-persika-%f0%9f%8d%91\/#primaryimage"},"image":{"@id":"https:\/\/stilanddesign.se\/produkt\/%f0%9f%8d%91-stickad-poncho-med-vid-arm-persika-%f0%9f%8d%91\/#primaryimage"},"thumbnailUrl":"https:\/\/stilanddesign.se\/wp-content\/uploads\/2026\/03\/6654.jpg","datePublished":"2026-03-20T15:27:27+00:00","dateModified":"2026-04-14T14:53:04+00:00","breadcrumb":{"@id":"https:\/\/stilanddesign.se\/produkt\/%f0%9f%8d%91-stickad-poncho-med-vid-arm-persika-%f0%9f%8d%91\/#breadcrumb"},"inLanguage":"en-US","potentialAction":[{"@type":"ReadAction","target":["https:\/\/stilanddesign.se\/produkt\/%f0%9f%8d%91-stickad-poncho-med-vid-arm-persika-%f0%9f%8d%91\/"]}]},{"@type":"ImageObject","inLanguage":"en-US","@id":"https:\/\/stilanddesign.se\/produkt\/%f0%9f%8d%91-stickad-poncho-med-vid-arm-persika-%f0%9f%8d%91\/#primaryimage","url":"https:\/\/stilanddesign.se\/wp-content\/uploads\/2026\/03\/6654.jpg","contentUrl":"https:\/\/stilanddesign.se\/wp-content\/uploads\/2026\/03\/6654.jpg","width":480,"height":640,"caption":"Fin ponchotr\u00f6ja i aprikos"},{"@type":"BreadcrumbList","@id":"https:\/\/stilanddesign.se\/produkt\/%f0%9f%8d%91-stickad-poncho-med-vid-arm-persika-%f0%9f%8d%91\/#breadcrumb","itemListElement":[{"@type":"ListItem","position":1,"name":"Hem","item":"https:\/\/stilanddesign.se\/"},{"@type":"ListItem","position":2,"name":"Butiken","item":"https:\/\/stilanddesign.se\/butiken\/"},{"@type":"ListItem","position":3,"name":"\ud83c\udf51 Stickad Poncho med Vid \u00c4rm \u2013 Persika \ud83c\udf51"}]},{"@type":"WebSite","@id":"https:\/\/stilanddesign.se\/#website","url":"https:\/\/stilanddesign.se\/","name":"Style &amp; Design","description":"For those of us who love fashion!","publisher":{"@id":"https:\/\/stilanddesign.se\/#organization"},"potentialAction":[{"@type":"SearchAction","target":{"@type":"EntryPoint","urlTemplate":"https:\/\/stilanddesign.se\/?s={search_term_string}"},"query-input":{"@type":"PropertyValueSpecification","valueRequired":true,"valueName":"search_term_string"}}],"inLanguage":"en-US"},{"@type":"Organization","@id":"https:\/\/stilanddesign.se\/#organization","name":"Style &amp; Design","url":"https:\/\/stilanddesign.se\/","logo":{"@type":"ImageObject","inLanguage":"en-US","@id":"https:\/\/stilanddesign.se\/#\/schema\/logo\/image\/","url":"https:\/\/stilanddesign.se\/wp-content\/uploads\/2023\/12\/output-onlinepngtools-e1727784413220.png","contentUrl":"https:\/\/stilanddesign.se\/wp-content\/uploads\/2023\/12\/output-onlinepngtools-e1727784413220.png","width":519,"height":135,"caption":"Stil &amp; Design"},"image":{"@id":"https:\/\/stilanddesign.se\/#\/schema\/logo\/image\/"}}]}},"_links":{"self":[{"href":"https:\/\/stilanddesign.se\/en\/wp-json\/wp\/v2\/product\/1068743","targetHints":{"allow":["GET"]}}],"collection":[{"href":"https:\/\/stilanddesign.se\/en\/wp-json\/wp\/v2\/product"}],"about":[{"href":"https:\/\/stilanddesign.se\/en\/wp-json\/wp\/v2\/types\/product"}],"replies":[{"embeddable":true,"href":"https:\/\/stilanddesign.se\/en\/wp-json\/wp\/v2\/comments?post=1068743"}],"wp:featuredmedia":[{"embeddable":true,"href":"https:\/\/stilanddesign.se\/en\/wp-json\/wp\/v2\/media\/1068741"}],"wp:attachment":[{"href":"https:\/\/stilanddesign.se\/en\/wp-json\/wp\/v2\/media?parent=1068743"}],"wp:term":[{"taxonomy":"product_brand","embeddable":true,"href":"https:\/\/stilanddesign.se\/en\/wp-json\/wp\/v2\/product_brand?post=1068743"},{"taxonomy":"product_cat","embeddable":true,"href":"https:\/\/stilanddesign.se\/en\/wp-json\/wp\/v2\/product_cat?post=1068743"},{"taxonomy":"product_tag","embeddable":true,"href":"https:\/\/stilanddesign.se\/en\/wp-json\/wp\/v2\/product_tag?post=1068743"}],"curies":[{"name":"wp","href":"https:\/\/api.w.org\/{rel}","templated":true}]}}