{"id":1068718,"date":"2026-03-10T19:25:16","date_gmt":"2026-03-10T18:25:16","guid":{"rendered":"https:\/\/stilanddesign.se\/?post_type=product&#038;p=1068718"},"modified":"2026-04-13T14:58:54","modified_gmt":"2026-04-13T12:58:54","slug":"%f0%9f%8c%bf-skjortjacka-i-bomull-army-%f0%9f%8c%bf","status":"publish","type":"product","link":"https:\/\/stilanddesign.se\/en\/product\/%f0%9f%8c%bf-skjortjacka-i-bomull-army-%f0%9f%8c%bf\/","title":{"rendered":"\ud83c\udf3f Cotton Shirt Jacket \u2013 Army \ud83c\udf3f"},"content":{"rendered":"<article class=\"text-token-text-primary w-full focus:outline-none [--shadow-height:45px] has-data-writing-block:pointer-events-none has-data-writing-block:-mt-(--shadow-height) has-data-writing-block:pt-(--shadow-height) [&amp;:has([data-writing-block])&gt;*]:pointer-events-auto scroll-mt-(--header-height)\" dir=\"auto\" tabindex=\"-1\" data-turn-id=\"fbe59656-c4d7-40df-a1c7-76066e7aaef4\" data-testid=\"conversation-turn-675\" data-scroll-anchor=\"false\" data-turn=\"user\"><\/article>\n<article class=\"text-token-text-primary w-full focus:outline-none [--shadow-height:45px] has-data-writing-block:pointer-events-none has-data-writing-block:-mt-(--shadow-height) has-data-writing-block:pt-(--shadow-height) [&amp;:has([data-writing-block])&gt;*]:pointer-events-auto scroll-mt-[calc(var(--header-height)+min(200px,max(70px,20svh)))]\" dir=\"auto\" tabindex=\"-1\" data-turn-id=\"request-691b1ef3-7890-8327-b9f7-b05c22f0401e-33\" data-testid=\"conversation-turn-676\" data-scroll-anchor=\"true\" data-turn=\"assistant\">\n<div class=\"text-base my-auto mx-auto pb-10 [--thread-content-margin:var(--thread-content-margin-xs,calc(var(--spacing)*4))] @w-sm\/main:[--thread-content-margin:var(--thread-content-margin-sm,calc(var(--spacing)*6))] @w-lg\/main:[--thread-content-margin:var(--thread-content-margin-lg,calc(var(--spacing)*16))] px-(--thread-content-margin)\">\n<div class=\"[--thread-content-max-width:40rem] @w-lg\/main:[--thread-content-max-width:48rem] mx-auto max-w-(--thread-content-max-width) flex-1 group\/turn-messages focus-visible:outline-hidden relative flex w-full min-w-0 flex-col agent-turn\" tabindex=\"-1\">\n<div class=\"flex max-w-full flex-col gap-4 grow\">\n<div class=\"min-h-8 text-message relative flex w-full flex-col items-end gap-2 text-start break-words whitespace-normal [.text-message+&amp;]:mt-1\" dir=\"auto\" data-message-author-role=\"assistant\" data-message-id=\"81b65b60-74bc-4f74-adfb-4de5d902597e\" data-message-model-slug=\"gpt-5-3\">\n<div class=\"flex w-full flex-col gap-1 empty:hidden\">\n<div class=\"markdown prose dark:prose-invert w-full wrap-break-word light markdown-new-styling\">\n<p data-start=\"0\" data-end=\"39\">\ud83c\udf3f <strong data-start=\"3\" data-end=\"34\">Skjortjacka i Bomull \u2013 Army<\/strong> \ud83c\udf3f<\/p>\n<p data-start=\"41\" data-end=\"241\">En <strong data-start=\"44\" data-end=\"90\">tuff och stilren skjortjacka i mjuk bomull<\/strong> som \u00e4r perfekt som ett l\u00e4tt ytterplagg eller som en overshirt. Den avslappnade modellen g\u00f6r den enkel att b\u00e4ra \u00f6ver toppar, blusar eller kl\u00e4nningar.<\/p>\n<p data-start=\"243\" data-end=\"465\">Jackan har <strong data-start=\"254\" data-end=\"277\">br\u00f6stficka framtill<\/strong> och ett litet dekorativt m\u00e4rke nedtill p\u00e5 ena framstycket som ger en snygg detalj till designen. Perfekt att matcha till b\u00e5de <strong data-start=\"404\" data-end=\"435\">jeans, byxor eller kl\u00e4nning<\/strong> f\u00f6r en trendig vardagslook.<\/p>\n<p data-start=\"467\" data-end=\"608\">\u2728 <strong data-start=\"469\" data-end=\"482\">Detaljer:<\/strong><br data-start=\"482\" data-end=\"485\" \/>\u2022 Klassisk skjortmodell<br data-start=\"508\" data-end=\"511\" \/>\u2022 Br\u00f6stficka framtill<br data-start=\"532\" data-end=\"535\" \/>\u2022 Litet m\u00e4rke nedtill p\u00e5 framstycket<br data-start=\"571\" data-end=\"574\" \/>\u2022 Bekv\u00e4m och avslappnad passform<\/p>\n<p data-start=\"610\" data-end=\"631\">\ud83c\udfa8 <strong data-start=\"613\" data-end=\"622\">F\u00e4rg:<\/strong><br data-start=\"622\" data-end=\"625\" \/>Army<\/p>\n<p data-start=\"633\" data-end=\"682\">\ud83d\udccf <strong data-start=\"636\" data-end=\"648\">Storlek:<\/strong><br data-start=\"648\" data-end=\"651\" \/>Onesize (passar ca stl 34\u201342)<\/p>\n<p data-start=\"684\" data-end=\"716\">\ud83e\uddf5 <strong data-start=\"687\" data-end=\"700\">Material:<\/strong><br data-start=\"700\" data-end=\"703\" \/>100% bomull<\/p>\n<p data-start=\"718\" data-end=\"827\" data-is-last-node=\"\" data-is-only-node=\"\">En <strong data-start=\"721\" data-end=\"756\">trendigt avslappnad skjortjacka<\/strong> som \u00e4r perfekt f\u00f6r lager-p\u00e5-lager och ger din outfit en cool touch. \ud83d\udcab<\/p>\n<\/div>\n<\/div>\n<\/div>\n<\/div>\n<\/div>\n<\/div>\n<\/article>\n","protected":false},"excerpt":{"rendered":"<article class=\"text-token-text-primary w-full focus:outline-none [--shadow-height:45px] has-data-writing-block:pointer-events-none has-data-writing-block:-mt-(--shadow-height) has-data-writing-block:pt-(--shadow-height) [&amp;:has([data-writing-block])&gt;*]:pointer-events-auto scroll-mt-(--header-height)\" dir=\"auto\" tabindex=\"-1\" data-turn-id=\"fbe59656-c4d7-40df-a1c7-76066e7aaef4\" data-testid=\"conversation-turn-675\" data-scroll-anchor=\"false\" data-turn=\"user\"><\/article>\n<article class=\"text-token-text-primary w-full focus:outline-none [--shadow-height:45px] has-data-writing-block:pointer-events-none has-data-writing-block:-mt-(--shadow-height) has-data-writing-block:pt-(--shadow-height) [&amp;:has([data-writing-block])&gt;*]:pointer-events-auto scroll-mt-[calc(var(--header-height)+min(200px,max(70px,20svh)))]\" dir=\"auto\" tabindex=\"-1\" data-turn-id=\"request-691b1ef3-7890-8327-b9f7-b05c22f0401e-33\" data-testid=\"conversation-turn-676\" data-scroll-anchor=\"true\" data-turn=\"assistant\">\n<div class=\"text-base my-auto mx-auto pb-10 [--thread-content-margin:var(--thread-content-margin-xs,calc(var(--spacing)*4))] @w-sm\/main:[--thread-content-margin:var(--thread-content-margin-sm,calc(var(--spacing)*6))] @w-lg\/main:[--thread-content-margin:var(--thread-content-margin-lg,calc(var(--spacing)*16))] px-(--thread-content-margin)\">\n<div class=\"[--thread-content-max-width:40rem] @w-lg\/main:[--thread-content-max-width:48rem] mx-auto max-w-(--thread-content-max-width) flex-1 group\/turn-messages focus-visible:outline-hidden relative flex w-full min-w-0 flex-col agent-turn\" tabindex=\"-1\">\n<div class=\"flex max-w-full flex-col gap-4 grow\">\n<div class=\"min-h-8 text-message relative flex w-full flex-col items-end gap-2 text-start break-words whitespace-normal [.text-message+&amp;]:mt-1\" dir=\"auto\" data-message-author-role=\"assistant\" data-message-id=\"81b65b60-74bc-4f74-adfb-4de5d902597e\" data-message-model-slug=\"gpt-5-3\">\n<div class=\"flex w-full flex-col gap-1 empty:hidden\">\n<div class=\"markdown prose dark:prose-invert w-full wrap-break-word light markdown-new-styling\">\n<p data-start=\"0\" data-end=\"39\">\ud83c\udf3f <strong data-start=\"3\" data-end=\"34\">Skjortjacka i Bomull \u2013 Army<\/strong> \ud83c\udf3f<\/p>\n<p data-start=\"41\" data-end=\"241\">En <strong data-start=\"44\" data-end=\"90\">tuff och stilren skjortjacka i mjuk bomull<\/strong> som \u00e4r perfekt som ett l\u00e4tt ytterplagg eller som en overshirt. Den avslappnade modellen g\u00f6r den enkel att b\u00e4ra \u00f6ver toppar, blusar eller kl\u00e4nningar.<\/p>\n<p data-start=\"243\" data-end=\"465\">Jackan har <strong data-start=\"254\" data-end=\"277\">br\u00f6stficka framtill<\/strong> och ett litet dekorativt m\u00e4rke nedtill p\u00e5 ena framstycket som ger en snygg detalj till designen. Perfekt att matcha till b\u00e5de <strong data-start=\"404\" data-end=\"435\">jeans, byxor eller kl\u00e4nning<\/strong> f\u00f6r en trendig vardagslook.<\/p>\n<p data-start=\"467\" data-end=\"608\">\u2728 <strong data-start=\"469\" data-end=\"482\">Detaljer:<\/strong><br data-start=\"482\" data-end=\"485\" \/>\u2022 Klassisk skjortmodell<br data-start=\"508\" data-end=\"511\" \/>\u2022 Br\u00f6stficka framtill<br data-start=\"532\" data-end=\"535\" \/>\u2022 Litet m\u00e4rke nedtill p\u00e5 framstycket<br data-start=\"571\" data-end=\"574\" \/>\u2022 Bekv\u00e4m och avslappnad passform<\/p>\n<p data-start=\"610\" data-end=\"631\">\ud83c\udfa8 <strong data-start=\"613\" data-end=\"622\">F\u00e4rg:<\/strong><br data-start=\"622\" data-end=\"625\" \/>Army<\/p>\n<p data-start=\"633\" data-end=\"682\">\ud83d\udccf <strong data-start=\"636\" data-end=\"648\">Storlek:<\/strong><br data-start=\"648\" data-end=\"651\" \/>Onesize (passar ca stl 34\u201342)<\/p>\n<p data-start=\"684\" data-end=\"716\">\ud83e\uddf5 <strong data-start=\"687\" data-end=\"700\">Material:<\/strong><br data-start=\"700\" data-end=\"703\" \/>100% bomull<\/p>\n<p data-start=\"718\" data-end=\"827\" data-is-last-node=\"\" data-is-only-node=\"\">En <strong data-start=\"721\" data-end=\"756\">trendigt avslappnad skjortjacka<\/strong> som \u00e4r perfekt f\u00f6r lager-p\u00e5-lager och ger din outfit en cool touch. \ud83d\udcab<\/p>\n<\/div>\n<\/div>\n<\/div>\n<\/div>\n<\/div>\n<\/div>\n<\/article>\n","protected":false},"featured_media":1068716,"comment_status":"closed","ping_status":"closed","template":"","meta":[],"product_brand":[],"product_cat":[216],"product_tag":[],"class_list":{"0":"post-1068718","1":"product","2":"type-product","3":"status-publish","4":"has-post-thumbnail","6":"product_cat-jackor","8":"first","9":"instock","10":"taxable","11":"shipping-taxable","12":"purchasable","13":"product-type-variable"},"yoast_head":"<!-- This site is optimized with the Yoast SEO Premium plugin v27.1 (Yoast SEO v27.4) - https:\/\/yoast.com\/product\/yoast-seo-premium-wordpress\/ -->\n<title>\ud83c\udf3f Skjortjacka i Bomull \u2013 Army \ud83c\udf3f - Stil &amp; Design<\/title>\n<meta name=\"robots\" content=\"index, follow, max-snippet:-1, max-image-preview:large, max-video-preview:-1\" \/>\n<link rel=\"canonical\" href=\"https:\/\/stilanddesign.se\/en\/product\/\ud83c\udf3f-skjortjacka-i-bomull-army-\ud83c\udf3f\/\" \/>\n<meta property=\"og:locale\" content=\"en_US\" \/>\n<meta property=\"og:type\" content=\"article\" \/>\n<meta property=\"og:title\" content=\"\ud83c\udf3f Skjortjacka i Bomull \u2013 Army \ud83c\udf3f\" \/>\n<meta property=\"og:description\" content=\"\ud83c\udf3f Skjortjacka i Bomull \u2013 Army \ud83c\udf3f En tuff och stilren skjortjacka i mjuk bomull som \u00e4r perfekt som ett l\u00e4tt ytterplagg eller som en overshirt. Den avslappnade modellen g\u00f6r den enkel att b\u00e4ra \u00f6ver toppar, blusar eller kl\u00e4nningar. Jackan har br\u00f6stficka framtill och ett litet dekorativt m\u00e4rke nedtill p\u00e5 ena framstycket som ger en snygg detalj till designen. Perfekt att matcha till b\u00e5de jeans, byxor eller kl\u00e4nning f\u00f6r en trendig vardagslook. \u2728 Detaljer:\u2022 Klassisk skjortmodell\u2022 Br\u00f6stficka framtill\u2022 Litet m\u00e4rke nedtill p\u00e5 framstycket\u2022 Bekv\u00e4m och avslappnad passform \ud83c\udfa8 F\u00e4rg:Army \ud83d\udccf Storlek:Onesize (passar ca stl 34\u201342) \ud83e\uddf5 Material:100% bomull En trendigt avslappnad skjortjacka som \u00e4r perfekt f\u00f6r lager-p\u00e5-lager och ger din outfit en cool touch. \ud83d\udcab\" \/>\n<meta property=\"og:url\" content=\"https:\/\/stilanddesign.se\/en\/product\/\ud83c\udf3f-skjortjacka-i-bomull-army-\ud83c\udf3f\/\" \/>\n<meta property=\"og:site_name\" content=\"Stil &amp; Design\" \/>\n<meta property=\"article:modified_time\" content=\"2026-04-13T12:58:54+00:00\" \/>\n<meta property=\"og:image\" content=\"https:\/\/stilanddesign.se\/wp-content\/uploads\/2026\/03\/665143311.jpeg\" \/>\n\t<meta property=\"og:image:width\" content=\"1920\" \/>\n\t<meta property=\"og:image:height\" content=\"2560\" \/>\n\t<meta property=\"og:image:type\" content=\"image\/jpeg\" \/>\n<meta name=\"twitter:card\" content=\"summary_large_image\" \/>\n<meta name=\"twitter:label1\" content=\"Est. reading time\" \/>\n\t<meta name=\"twitter:data1\" content=\"1 minute\" \/>\n<script type=\"application\/ld+json\" class=\"yoast-schema-graph\">{\"@context\":\"https:\\\/\\\/schema.org\",\"@graph\":[{\"@type\":\"WebPage\",\"@id\":\"https:\\\/\\\/stilanddesign.se\\\/produkt\\\/%f0%9f%8c%bf-skjortjacka-i-bomull-army-%f0%9f%8c%bf\\\/\",\"url\":\"https:\\\/\\\/stilanddesign.se\\\/produkt\\\/%f0%9f%8c%bf-skjortjacka-i-bomull-army-%f0%9f%8c%bf\\\/\",\"name\":\"\ud83c\udf3f Skjortjacka i Bomull \u2013 Army \ud83c\udf3f - Stil &amp; Design\",\"isPartOf\":{\"@id\":\"https:\\\/\\\/stilanddesign.se\\\/#website\"},\"primaryImageOfPage\":{\"@id\":\"https:\\\/\\\/stilanddesign.se\\\/produkt\\\/%f0%9f%8c%bf-skjortjacka-i-bomull-army-%f0%9f%8c%bf\\\/#primaryimage\"},\"image\":{\"@id\":\"https:\\\/\\\/stilanddesign.se\\\/produkt\\\/%f0%9f%8c%bf-skjortjacka-i-bomull-army-%f0%9f%8c%bf\\\/#primaryimage\"},\"thumbnailUrl\":\"https:\\\/\\\/stilanddesign.se\\\/wp-content\\\/uploads\\\/2026\\\/03\\\/665143311.jpeg\",\"datePublished\":\"2026-03-10T18:25:16+00:00\",\"dateModified\":\"2026-04-13T12:58:54+00:00\",\"breadcrumb\":{\"@id\":\"https:\\\/\\\/stilanddesign.se\\\/produkt\\\/%f0%9f%8c%bf-skjortjacka-i-bomull-army-%f0%9f%8c%bf\\\/#breadcrumb\"},\"inLanguage\":\"en-US\",\"potentialAction\":[{\"@type\":\"ReadAction\",\"target\":[\"https:\\\/\\\/stilanddesign.se\\\/produkt\\\/%f0%9f%8c%bf-skjortjacka-i-bomull-army-%f0%9f%8c%bf\\\/\"]}]},{\"@type\":\"ImageObject\",\"inLanguage\":\"en-US\",\"@id\":\"https:\\\/\\\/stilanddesign.se\\\/produkt\\\/%f0%9f%8c%bf-skjortjacka-i-bomull-army-%f0%9f%8c%bf\\\/#primaryimage\",\"url\":\"https:\\\/\\\/stilanddesign.se\\\/wp-content\\\/uploads\\\/2026\\\/03\\\/665143311.jpeg\",\"contentUrl\":\"https:\\\/\\\/stilanddesign.se\\\/wp-content\\\/uploads\\\/2026\\\/03\\\/665143311.jpeg\",\"width\":1920,\"height\":2560,\"caption\":\"armyygr\u00f6n skjortjacka i bomull\"},{\"@type\":\"BreadcrumbList\",\"@id\":\"https:\\\/\\\/stilanddesign.se\\\/produkt\\\/%f0%9f%8c%bf-skjortjacka-i-bomull-army-%f0%9f%8c%bf\\\/#breadcrumb\",\"itemListElement\":[{\"@type\":\"ListItem\",\"position\":1,\"name\":\"Hem\",\"item\":\"https:\\\/\\\/stilanddesign.se\\\/\"},{\"@type\":\"ListItem\",\"position\":2,\"name\":\"Butiken\",\"item\":\"https:\\\/\\\/stilanddesign.se\\\/butiken\\\/\"},{\"@type\":\"ListItem\",\"position\":3,\"name\":\"\ud83c\udf3f Skjortjacka i Bomull \u2013 Army \ud83c\udf3f\"}]},{\"@type\":\"WebSite\",\"@id\":\"https:\\\/\\\/stilanddesign.se\\\/#website\",\"url\":\"https:\\\/\\\/stilanddesign.se\\\/\",\"name\":\"Stil &amp; Design\",\"description\":\"F\u00f6r oss som \u00e4lskar mode!\",\"publisher\":{\"@id\":\"https:\\\/\\\/stilanddesign.se\\\/#organization\"},\"potentialAction\":[{\"@type\":\"SearchAction\",\"target\":{\"@type\":\"EntryPoint\",\"urlTemplate\":\"https:\\\/\\\/stilanddesign.se\\\/?s={search_term_string}\"},\"query-input\":{\"@type\":\"PropertyValueSpecification\",\"valueRequired\":true,\"valueName\":\"search_term_string\"}}],\"inLanguage\":\"en-US\"},{\"@type\":\"Organization\",\"@id\":\"https:\\\/\\\/stilanddesign.se\\\/#organization\",\"name\":\"Stil &amp; Design\",\"url\":\"https:\\\/\\\/stilanddesign.se\\\/\",\"logo\":{\"@type\":\"ImageObject\",\"inLanguage\":\"en-US\",\"@id\":\"https:\\\/\\\/stilanddesign.se\\\/#\\\/schema\\\/logo\\\/image\\\/\",\"url\":\"https:\\\/\\\/stilanddesign.se\\\/wp-content\\\/uploads\\\/2023\\\/12\\\/output-onlinepngtools-e1727784413220.png\",\"contentUrl\":\"https:\\\/\\\/stilanddesign.se\\\/wp-content\\\/uploads\\\/2023\\\/12\\\/output-onlinepngtools-e1727784413220.png\",\"width\":519,\"height\":135,\"caption\":\"Stil &amp; Design\"},\"image\":{\"@id\":\"https:\\\/\\\/stilanddesign.se\\\/#\\\/schema\\\/logo\\\/image\\\/\"}}]}<\/script>\n<!-- \/ Yoast SEO Premium plugin. -->","yoast_head_json":{"title":"\ud83c\udf3f Skjortjacka i Bomull \u2013 Army \ud83c\udf3f - Stil &amp; Design","robots":{"index":"index","follow":"follow","max-snippet":"max-snippet:-1","max-image-preview":"max-image-preview:large","max-video-preview":"max-video-preview:-1"},"canonical":"https:\/\/stilanddesign.se\/en\/product\/\ud83c\udf3f-skjortjacka-i-bomull-army-\ud83c\udf3f\/","og_locale":"en_US","og_type":"article","og_title":"\ud83c\udf3f Skjortjacka i Bomull \u2013 Army \ud83c\udf3f","og_description":"\ud83c\udf3f Skjortjacka i Bomull \u2013 Army \ud83c\udf3f En tuff och stilren skjortjacka i mjuk bomull som \u00e4r perfekt som ett l\u00e4tt ytterplagg eller som en overshirt. Den avslappnade modellen g\u00f6r den enkel att b\u00e4ra \u00f6ver toppar, blusar eller kl\u00e4nningar. Jackan har br\u00f6stficka framtill och ett litet dekorativt m\u00e4rke nedtill p\u00e5 ena framstycket som ger en snygg detalj till designen. Perfekt att matcha till b\u00e5de jeans, byxor eller kl\u00e4nning f\u00f6r en trendig vardagslook. \u2728 Detaljer:\u2022 Klassisk skjortmodell\u2022 Br\u00f6stficka framtill\u2022 Litet m\u00e4rke nedtill p\u00e5 framstycket\u2022 Bekv\u00e4m och avslappnad passform \ud83c\udfa8 F\u00e4rg:Army \ud83d\udccf Storlek:Onesize (passar ca stl 34\u201342) \ud83e\uddf5 Material:100% bomull En trendigt avslappnad skjortjacka som \u00e4r perfekt f\u00f6r lager-p\u00e5-lager och ger din outfit en cool touch. \ud83d\udcab","og_url":"https:\/\/stilanddesign.se\/en\/product\/\ud83c\udf3f-skjortjacka-i-bomull-army-\ud83c\udf3f\/","og_site_name":"Stil &amp; Design","article_modified_time":"2026-04-13T12:58:54+00:00","og_image":[{"width":1920,"height":2560,"url":"https:\/\/stilanddesign.se\/wp-content\/uploads\/2026\/03\/665143311.jpeg","type":"image\/jpeg"}],"twitter_card":"summary_large_image","twitter_misc":{"Est. reading time":"1 minute"},"schema":{"@context":"https:\/\/schema.org","@graph":[{"@type":"WebPage","@id":"https:\/\/stilanddesign.se\/produkt\/%f0%9f%8c%bf-skjortjacka-i-bomull-army-%f0%9f%8c%bf\/","url":"https:\/\/stilanddesign.se\/produkt\/%f0%9f%8c%bf-skjortjacka-i-bomull-army-%f0%9f%8c%bf\/","name":"\ud83c\udf3f Skjortjacka i Bomull \u2013 Army \ud83c\udf3f - Stil &amp; Design","isPartOf":{"@id":"https:\/\/stilanddesign.se\/#website"},"primaryImageOfPage":{"@id":"https:\/\/stilanddesign.se\/produkt\/%f0%9f%8c%bf-skjortjacka-i-bomull-army-%f0%9f%8c%bf\/#primaryimage"},"image":{"@id":"https:\/\/stilanddesign.se\/produkt\/%f0%9f%8c%bf-skjortjacka-i-bomull-army-%f0%9f%8c%bf\/#primaryimage"},"thumbnailUrl":"https:\/\/stilanddesign.se\/wp-content\/uploads\/2026\/03\/665143311.jpeg","datePublished":"2026-03-10T18:25:16+00:00","dateModified":"2026-04-13T12:58:54+00:00","breadcrumb":{"@id":"https:\/\/stilanddesign.se\/produkt\/%f0%9f%8c%bf-skjortjacka-i-bomull-army-%f0%9f%8c%bf\/#breadcrumb"},"inLanguage":"en-US","potentialAction":[{"@type":"ReadAction","target":["https:\/\/stilanddesign.se\/produkt\/%f0%9f%8c%bf-skjortjacka-i-bomull-army-%f0%9f%8c%bf\/"]}]},{"@type":"ImageObject","inLanguage":"en-US","@id":"https:\/\/stilanddesign.se\/produkt\/%f0%9f%8c%bf-skjortjacka-i-bomull-army-%f0%9f%8c%bf\/#primaryimage","url":"https:\/\/stilanddesign.se\/wp-content\/uploads\/2026\/03\/665143311.jpeg","contentUrl":"https:\/\/stilanddesign.se\/wp-content\/uploads\/2026\/03\/665143311.jpeg","width":1920,"height":2560,"caption":"armyygr\u00f6n skjortjacka i bomull"},{"@type":"BreadcrumbList","@id":"https:\/\/stilanddesign.se\/produkt\/%f0%9f%8c%bf-skjortjacka-i-bomull-army-%f0%9f%8c%bf\/#breadcrumb","itemListElement":[{"@type":"ListItem","position":1,"name":"Hem","item":"https:\/\/stilanddesign.se\/"},{"@type":"ListItem","position":2,"name":"Butiken","item":"https:\/\/stilanddesign.se\/butiken\/"},{"@type":"ListItem","position":3,"name":"\ud83c\udf3f Skjortjacka i Bomull \u2013 Army \ud83c\udf3f"}]},{"@type":"WebSite","@id":"https:\/\/stilanddesign.se\/#website","url":"https:\/\/stilanddesign.se\/","name":"Style &amp; Design","description":"For those of us who love fashion!","publisher":{"@id":"https:\/\/stilanddesign.se\/#organization"},"potentialAction":[{"@type":"SearchAction","target":{"@type":"EntryPoint","urlTemplate":"https:\/\/stilanddesign.se\/?s={search_term_string}"},"query-input":{"@type":"PropertyValueSpecification","valueRequired":true,"valueName":"search_term_string"}}],"inLanguage":"en-US"},{"@type":"Organization","@id":"https:\/\/stilanddesign.se\/#organization","name":"Style &amp; Design","url":"https:\/\/stilanddesign.se\/","logo":{"@type":"ImageObject","inLanguage":"en-US","@id":"https:\/\/stilanddesign.se\/#\/schema\/logo\/image\/","url":"https:\/\/stilanddesign.se\/wp-content\/uploads\/2023\/12\/output-onlinepngtools-e1727784413220.png","contentUrl":"https:\/\/stilanddesign.se\/wp-content\/uploads\/2023\/12\/output-onlinepngtools-e1727784413220.png","width":519,"height":135,"caption":"Stil &amp; Design"},"image":{"@id":"https:\/\/stilanddesign.se\/#\/schema\/logo\/image\/"}}]}},"_links":{"self":[{"href":"https:\/\/stilanddesign.se\/en\/wp-json\/wp\/v2\/product\/1068718","targetHints":{"allow":["GET"]}}],"collection":[{"href":"https:\/\/stilanddesign.se\/en\/wp-json\/wp\/v2\/product"}],"about":[{"href":"https:\/\/stilanddesign.se\/en\/wp-json\/wp\/v2\/types\/product"}],"replies":[{"embeddable":true,"href":"https:\/\/stilanddesign.se\/en\/wp-json\/wp\/v2\/comments?post=1068718"}],"wp:featuredmedia":[{"embeddable":true,"href":"https:\/\/stilanddesign.se\/en\/wp-json\/wp\/v2\/media\/1068716"}],"wp:attachment":[{"href":"https:\/\/stilanddesign.se\/en\/wp-json\/wp\/v2\/media?parent=1068718"}],"wp:term":[{"taxonomy":"product_brand","embeddable":true,"href":"https:\/\/stilanddesign.se\/en\/wp-json\/wp\/v2\/product_brand?post=1068718"},{"taxonomy":"product_cat","embeddable":true,"href":"https:\/\/stilanddesign.se\/en\/wp-json\/wp\/v2\/product_cat?post=1068718"},{"taxonomy":"product_tag","embeddable":true,"href":"https:\/\/stilanddesign.se\/en\/wp-json\/wp\/v2\/product_tag?post=1068718"}],"curies":[{"name":"wp","href":"https:\/\/api.w.org\/{rel}","templated":true}]}}