{"id":1068603,"date":"2026-05-01T08:58:57","date_gmt":"2026-05-01T06:58:57","guid":{"rendered":"https:\/\/stilanddesign.se\/?post_type=product&#038;p=1068603"},"modified":"2026-05-01T13:09:55","modified_gmt":"2026-05-01T11:09:55","slug":"%e2%9c%a8-blommig-blus-i-melon-fran-zabaione-%e2%9c%a8","status":"publish","type":"product","link":"https:\/\/stilanddesign.se\/en\/product\/%e2%9c%a8-blommig-blus-i-melon-fran-zabaione-%e2%9c%a8\/","title":{"rendered":"\u2728 Floral Blouse in Melon from Zabaione \u2728"},"content":{"rendered":"<p data-start=\"0\" data-end=\"44\">\u2728 <strong data-start=\"2\" data-end=\"40\">Floral Blouse in Melon from Zabaione<\/strong> \u2728<\/p>\n<p data-start=\"46\" data-end=\"224\">A <strong data-start=\"49\" data-end=\"77\">lovely and feminine blouse<\/strong> in a beautiful floral pattern in soft melon and coral tones. Perfect for those who want a garment that feels both <strong data-start=\"189\" data-end=\"218\">summery, light and elegant<\/strong>. \ud83c\udf38<\/p>\n<p data-start=\"226\" data-end=\"398\">\ud83c\udf3f <strong data-start=\"229\" data-end=\"242\">Details:<\/strong><br data-start=\"242\" data-end=\"245\" \/>\u2728 Beautiful floral pattern in warm tones<br data-start=\"280\" data-end=\"283\" \/>\ud83d\udc5a V-neck with small placket<br data-start=\"318\" data-end=\"321\" \/>\ud83c\udf38 3\/4 sleeves with soft elastic that gives a nice fit<br data-start=\"364\" data-end=\"367\" \/>\ud83d\udc4c Airy and comfortable fit<\/p>\n<p data-start=\"400\" data-end=\"489\">Match it nicely with <strong data-start=\"422\" data-end=\"454\">jeans, white pants or skirt<\/strong> for a fresh and stylish look.<\/p>\n<p data-start=\"491\" data-end=\"618\">\ud83d\udccf <strong data-start=\"494\" data-end=\"508\">Sizes:<\/strong> S\u2013XXL<br data-start=\"516\" data-end=\"519\" \/>\ud83e\uddf5 <strong data-start=\"522\" data-end=\"535\">Material:<\/strong> 100% cotton<br data-start=\"547\" data-end=\"550\" \/>\ud83c\udfa8 <strong data-start=\"553\" data-end=\"562\">Paint:<\/strong> Melon<br data-start=\"568\" data-end=\"571\" \/>\ud83e\uddfa <strong data-start=\"574\" data-end=\"587\">Washing instructions:<\/strong> 30\u00b0<br data-start=\"591\" data-end=\"594\" \/>\ud83c\udff7 <strong data-start=\"597\" data-end=\"607\">Make:<\/strong> Zabaione<\/p>\n<p data-start=\"620\" data-end=\"697\" data-is-last-node=\"\" data-is-only-node=\"\">\ud83d\udc96 One <strong data-start=\"626\" data-end=\"653\">cool and romantic blouse<\/strong> which will quickly become a wardrobe favorite! \ud83c\udf38<\/p>","protected":false},"excerpt":{"rendered":"<p data-start=\"0\" data-end=\"44\">\u2728 <strong data-start=\"2\" data-end=\"40\">Floral Blouse in Melon from Zabaione<\/strong> \u2728<\/p>\n<p data-start=\"46\" data-end=\"224\">A <strong data-start=\"49\" data-end=\"77\">lovely and feminine blouse<\/strong> in a beautiful floral pattern in soft melon and coral tones. Perfect for those who want a garment that feels both <strong data-start=\"189\" data-end=\"218\">summery, light and elegant<\/strong>. \ud83c\udf38<\/p>\n<p data-start=\"226\" data-end=\"398\">\ud83c\udf3f <strong data-start=\"229\" data-end=\"242\">Details:<\/strong><br data-start=\"242\" data-end=\"245\" \/>\u2728 Beautiful floral pattern in warm tones<br data-start=\"280\" data-end=\"283\" \/>\ud83d\udc5a V-neck with small placket<br data-start=\"318\" data-end=\"321\" \/>\ud83c\udf38 3\/4 sleeves with soft elastic that gives a nice fit<br data-start=\"364\" data-end=\"367\" \/>\ud83d\udc4c Airy and comfortable fit<\/p>\n<p data-start=\"400\" data-end=\"489\">Match it nicely with <strong data-start=\"422\" data-end=\"454\">jeans, white pants or skirt<\/strong> for a fresh and stylish look.<\/p>\n<p data-start=\"491\" data-end=\"618\">\ud83d\udccf <strong data-start=\"494\" data-end=\"508\">Sizes:<\/strong> S\u2013XXL<br data-start=\"516\" data-end=\"519\" \/>\ud83e\uddf5 <strong data-start=\"522\" data-end=\"535\">Material:<\/strong> 100% cotton<br data-start=\"547\" data-end=\"550\" \/>\ud83c\udfa8 <strong data-start=\"553\" data-end=\"562\">Paint:<\/strong> Melon<br data-start=\"568\" data-end=\"571\" \/>\ud83e\uddfa <strong data-start=\"574\" data-end=\"587\">Washing instructions:<\/strong> 30\u00b0<br data-start=\"591\" data-end=\"594\" \/>\ud83c\udff7 <strong data-start=\"597\" data-end=\"607\">Make:<\/strong> Zabaione<\/p>\n<p data-start=\"620\" data-end=\"697\" data-is-last-node=\"\" data-is-only-node=\"\">\ud83d\udc96 One <strong data-start=\"626\" data-end=\"653\">cool and romantic blouse<\/strong> which will quickly become a wardrobe favorite! \ud83c\udf38<\/p>","protected":false},"featured_media":1068601,"comment_status":"closed","ping_status":"closed","template":"","meta":[],"product_brand":[],"product_cat":[211,209],"product_tag":[],"class_list":{"0":"post-1068603","1":"product","2":"type-product","3":"status-publish","4":"has-post-thumbnail","6":"product_cat-blusar","7":"product_cat-reaprodukter","9":"first","10":"instock","11":"sale","12":"taxable","13":"shipping-taxable","14":"purchasable","15":"product-type-variable"},"yoast_head":"<!-- This site is optimized with the Yoast SEO Premium plugin v27.4 (Yoast SEO v27.5) - https:\/\/yoast.com\/product\/yoast-seo-premium-wordpress\/ -->\n<title>\u2728 Blommig Blus i Melon fr\u00e5n Zabaione \u2728 - Stil &amp; Design<\/title>\n<meta name=\"robots\" content=\"index, follow, max-snippet:-1, max-image-preview:large, max-video-preview:-1\" \/>\n<link rel=\"canonical\" href=\"https:\/\/stilanddesign.se\/en\/product\/\u2728-blommig-blus-i-melon-fran-zabaione-\u2728\/\" \/>\n<meta property=\"og:locale\" content=\"en_US\" \/>\n<meta property=\"og:type\" content=\"article\" \/>\n<meta property=\"og:title\" content=\"\u2728 Blommig Blus i Melon fr\u00e5n Zabaione \u2728\" \/>\n<meta property=\"og:description\" content=\"\u2728 Blommig Blus i Melon fr\u00e5n Zabaione \u2728 En ljuvlig och feminin blus i ett vackert blomm\u00f6nster i mjuka melon- och koralltoner. Perfekt f\u00f6r dig som vill ha ett plagg som k\u00e4nns b\u00e5de somrigt, l\u00e4tt och elegant. \ud83c\udf38 \ud83c\udf3f Detaljer:\u2728 Vackert blomm\u00f6nster i varma toner\ud83d\udc5a V-ringad hals med liten knappsl\u00e5\ud83c\udf38 3\/4-\u00e4rm med mjuk res\u00e5r som ger fint fall\ud83d\udc4c Luftig och bekv\u00e4m passform Matcha den snyggt med jeans, vita byxor eller kjol f\u00f6r en fr\u00e4sch och stilfull look. \ud83d\udccf Storlekar: S \u2013 XXL\ud83e\uddf5 Material: 100% bomull\ud83c\udfa8 F\u00e4rg: Melon\ud83e\uddfa Tv\u00e4ttr\u00e5d: 30\u00b0\ud83c\udff7 M\u00e4rke: Zabaione \ud83d\udc96 En sval och romantisk blus som snabbt blir en favorit i garderoben! \ud83c\udf38\" \/>\n<meta property=\"og:url\" content=\"https:\/\/stilanddesign.se\/en\/product\/\u2728-blommig-blus-i-melon-fran-zabaione-\u2728\/\" \/>\n<meta property=\"og:site_name\" content=\"Stil &amp; Design\" \/>\n<meta property=\"article:modified_time\" content=\"2026-05-01T11:09:55+00:00\" \/>\n<meta property=\"og:image\" content=\"https:\/\/stilanddesign.se\/wp-content\/uploads\/2026\/03\/4068696849217_1.jpg\" \/>\n\t<meta property=\"og:image:width\" content=\"889\" \/>\n\t<meta property=\"og:image:height\" content=\"1280\" \/>\n\t<meta property=\"og:image:type\" content=\"image\/jpeg\" \/>\n<meta name=\"twitter:card\" content=\"summary_large_image\" \/>\n<meta name=\"twitter:label1\" content=\"Est. reading time\" \/>\n\t<meta name=\"twitter:data1\" content=\"1 minute\" \/>\n<script type=\"application\/ld+json\" class=\"yoast-schema-graph\">{\"@context\":\"https:\\\/\\\/schema.org\",\"@graph\":[{\"@type\":\"WebPage\",\"@id\":\"https:\\\/\\\/stilanddesign.se\\\/produkt\\\/%e2%9c%a8-blommig-blus-i-melon-fran-zabaione-%e2%9c%a8\\\/\",\"url\":\"https:\\\/\\\/stilanddesign.se\\\/produkt\\\/%e2%9c%a8-blommig-blus-i-melon-fran-zabaione-%e2%9c%a8\\\/\",\"name\":\"\u2728 Blommig Blus i Melon fr\u00e5n Zabaione \u2728 - Stil &amp; Design\",\"isPartOf\":{\"@id\":\"https:\\\/\\\/stilanddesign.se\\\/#website\"},\"primaryImageOfPage\":{\"@id\":\"https:\\\/\\\/stilanddesign.se\\\/produkt\\\/%e2%9c%a8-blommig-blus-i-melon-fran-zabaione-%e2%9c%a8\\\/#primaryimage\"},\"image\":{\"@id\":\"https:\\\/\\\/stilanddesign.se\\\/produkt\\\/%e2%9c%a8-blommig-blus-i-melon-fran-zabaione-%e2%9c%a8\\\/#primaryimage\"},\"thumbnailUrl\":\"https:\\\/\\\/stilanddesign.se\\\/wp-content\\\/uploads\\\/2026\\\/03\\\/4068696849217_1.jpg\",\"datePublished\":\"2026-05-01T06:58:57+00:00\",\"dateModified\":\"2026-05-01T11:09:55+00:00\",\"breadcrumb\":{\"@id\":\"https:\\\/\\\/stilanddesign.se\\\/produkt\\\/%e2%9c%a8-blommig-blus-i-melon-fran-zabaione-%e2%9c%a8\\\/#breadcrumb\"},\"inLanguage\":\"en-US\",\"potentialAction\":[{\"@type\":\"ReadAction\",\"target\":[\"https:\\\/\\\/stilanddesign.se\\\/produkt\\\/%e2%9c%a8-blommig-blus-i-melon-fran-zabaione-%e2%9c%a8\\\/\"]}]},{\"@type\":\"ImageObject\",\"inLanguage\":\"en-US\",\"@id\":\"https:\\\/\\\/stilanddesign.se\\\/produkt\\\/%e2%9c%a8-blommig-blus-i-melon-fran-zabaione-%e2%9c%a8\\\/#primaryimage\",\"url\":\"https:\\\/\\\/stilanddesign.se\\\/wp-content\\\/uploads\\\/2026\\\/03\\\/4068696849217_1.jpg\",\"contentUrl\":\"https:\\\/\\\/stilanddesign.se\\\/wp-content\\\/uploads\\\/2026\\\/03\\\/4068696849217_1.jpg\",\"width\":889,\"height\":1280},{\"@type\":\"BreadcrumbList\",\"@id\":\"https:\\\/\\\/stilanddesign.se\\\/produkt\\\/%e2%9c%a8-blommig-blus-i-melon-fran-zabaione-%e2%9c%a8\\\/#breadcrumb\",\"itemListElement\":[{\"@type\":\"ListItem\",\"position\":1,\"name\":\"Hem\",\"item\":\"https:\\\/\\\/stilanddesign.se\\\/\"},{\"@type\":\"ListItem\",\"position\":2,\"name\":\"Butiken\",\"item\":\"https:\\\/\\\/stilanddesign.se\\\/butiken\\\/\"},{\"@type\":\"ListItem\",\"position\":3,\"name\":\"\u2728 Blommig Blus i Melon fr\u00e5n Zabaione \u2728\"}]},{\"@type\":\"WebSite\",\"@id\":\"https:\\\/\\\/stilanddesign.se\\\/#website\",\"url\":\"https:\\\/\\\/stilanddesign.se\\\/\",\"name\":\"Stil &amp; Design\",\"description\":\"F\u00f6r oss som \u00e4lskar mode!\",\"publisher\":{\"@id\":\"https:\\\/\\\/stilanddesign.se\\\/#organization\"},\"potentialAction\":[{\"@type\":\"SearchAction\",\"target\":{\"@type\":\"EntryPoint\",\"urlTemplate\":\"https:\\\/\\\/stilanddesign.se\\\/?s={search_term_string}\"},\"query-input\":{\"@type\":\"PropertyValueSpecification\",\"valueRequired\":true,\"valueName\":\"search_term_string\"}}],\"inLanguage\":\"en-US\"},{\"@type\":\"Organization\",\"@id\":\"https:\\\/\\\/stilanddesign.se\\\/#organization\",\"name\":\"Stil &amp; Design\",\"url\":\"https:\\\/\\\/stilanddesign.se\\\/\",\"logo\":{\"@type\":\"ImageObject\",\"inLanguage\":\"en-US\",\"@id\":\"https:\\\/\\\/stilanddesign.se\\\/#\\\/schema\\\/logo\\\/image\\\/\",\"url\":\"https:\\\/\\\/stilanddesign.se\\\/wp-content\\\/uploads\\\/2023\\\/12\\\/output-onlinepngtools-e1727784413220.png\",\"contentUrl\":\"https:\\\/\\\/stilanddesign.se\\\/wp-content\\\/uploads\\\/2023\\\/12\\\/output-onlinepngtools-e1727784413220.png\",\"width\":519,\"height\":135,\"caption\":\"Stil &amp; Design\"},\"image\":{\"@id\":\"https:\\\/\\\/stilanddesign.se\\\/#\\\/schema\\\/logo\\\/image\\\/\"}}]}<\/script>\n<!-- \/ Yoast SEO Premium plugin. -->","yoast_head_json":{"title":"\u2728 Blommig Blus i Melon fr\u00e5n Zabaione \u2728 - Stil &amp; Design","robots":{"index":"index","follow":"follow","max-snippet":"max-snippet:-1","max-image-preview":"max-image-preview:large","max-video-preview":"max-video-preview:-1"},"canonical":"https:\/\/stilanddesign.se\/en\/product\/\u2728-blommig-blus-i-melon-fran-zabaione-\u2728\/","og_locale":"en_US","og_type":"article","og_title":"\u2728 Blommig Blus i Melon fr\u00e5n Zabaione \u2728","og_description":"\u2728 Blommig Blus i Melon fr\u00e5n Zabaione \u2728 En ljuvlig och feminin blus i ett vackert blomm\u00f6nster i mjuka melon- och koralltoner. Perfekt f\u00f6r dig som vill ha ett plagg som k\u00e4nns b\u00e5de somrigt, l\u00e4tt och elegant. \ud83c\udf38 \ud83c\udf3f Detaljer:\u2728 Vackert blomm\u00f6nster i varma toner\ud83d\udc5a V-ringad hals med liten knappsl\u00e5\ud83c\udf38 3\/4-\u00e4rm med mjuk res\u00e5r som ger fint fall\ud83d\udc4c Luftig och bekv\u00e4m passform Matcha den snyggt med jeans, vita byxor eller kjol f\u00f6r en fr\u00e4sch och stilfull look. \ud83d\udccf Storlekar: S \u2013 XXL\ud83e\uddf5 Material: 100% bomull\ud83c\udfa8 F\u00e4rg: Melon\ud83e\uddfa Tv\u00e4ttr\u00e5d: 30\u00b0\ud83c\udff7 M\u00e4rke: Zabaione \ud83d\udc96 En sval och romantisk blus som snabbt blir en favorit i garderoben! \ud83c\udf38","og_url":"https:\/\/stilanddesign.se\/en\/product\/\u2728-blommig-blus-i-melon-fran-zabaione-\u2728\/","og_site_name":"Stil &amp; Design","article_modified_time":"2026-05-01T11:09:55+00:00","og_image":[{"width":889,"height":1280,"url":"https:\/\/stilanddesign.se\/wp-content\/uploads\/2026\/03\/4068696849217_1.jpg","type":"image\/jpeg"}],"twitter_card":"summary_large_image","twitter_misc":{"Est. reading time":"1 minute"},"schema":{"@context":"https:\/\/schema.org","@graph":[{"@type":"WebPage","@id":"https:\/\/stilanddesign.se\/produkt\/%e2%9c%a8-blommig-blus-i-melon-fran-zabaione-%e2%9c%a8\/","url":"https:\/\/stilanddesign.se\/produkt\/%e2%9c%a8-blommig-blus-i-melon-fran-zabaione-%e2%9c%a8\/","name":"\u2728 Blommig Blus i Melon fr\u00e5n Zabaione \u2728 - Stil &amp; Design","isPartOf":{"@id":"https:\/\/stilanddesign.se\/#website"},"primaryImageOfPage":{"@id":"https:\/\/stilanddesign.se\/produkt\/%e2%9c%a8-blommig-blus-i-melon-fran-zabaione-%e2%9c%a8\/#primaryimage"},"image":{"@id":"https:\/\/stilanddesign.se\/produkt\/%e2%9c%a8-blommig-blus-i-melon-fran-zabaione-%e2%9c%a8\/#primaryimage"},"thumbnailUrl":"https:\/\/stilanddesign.se\/wp-content\/uploads\/2026\/03\/4068696849217_1.jpg","datePublished":"2026-05-01T06:58:57+00:00","dateModified":"2026-05-01T11:09:55+00:00","breadcrumb":{"@id":"https:\/\/stilanddesign.se\/produkt\/%e2%9c%a8-blommig-blus-i-melon-fran-zabaione-%e2%9c%a8\/#breadcrumb"},"inLanguage":"en-US","potentialAction":[{"@type":"ReadAction","target":["https:\/\/stilanddesign.se\/produkt\/%e2%9c%a8-blommig-blus-i-melon-fran-zabaione-%e2%9c%a8\/"]}]},{"@type":"ImageObject","inLanguage":"en-US","@id":"https:\/\/stilanddesign.se\/produkt\/%e2%9c%a8-blommig-blus-i-melon-fran-zabaione-%e2%9c%a8\/#primaryimage","url":"https:\/\/stilanddesign.se\/wp-content\/uploads\/2026\/03\/4068696849217_1.jpg","contentUrl":"https:\/\/stilanddesign.se\/wp-content\/uploads\/2026\/03\/4068696849217_1.jpg","width":889,"height":1280},{"@type":"BreadcrumbList","@id":"https:\/\/stilanddesign.se\/produkt\/%e2%9c%a8-blommig-blus-i-melon-fran-zabaione-%e2%9c%a8\/#breadcrumb","itemListElement":[{"@type":"ListItem","position":1,"name":"Hem","item":"https:\/\/stilanddesign.se\/"},{"@type":"ListItem","position":2,"name":"Butiken","item":"https:\/\/stilanddesign.se\/butiken\/"},{"@type":"ListItem","position":3,"name":"\u2728 Blommig Blus i Melon fr\u00e5n Zabaione \u2728"}]},{"@type":"WebSite","@id":"https:\/\/stilanddesign.se\/#website","url":"https:\/\/stilanddesign.se\/","name":"Style &amp; Design","description":"For those of us who love fashion!","publisher":{"@id":"https:\/\/stilanddesign.se\/#organization"},"potentialAction":[{"@type":"SearchAction","target":{"@type":"EntryPoint","urlTemplate":"https:\/\/stilanddesign.se\/?s={search_term_string}"},"query-input":{"@type":"PropertyValueSpecification","valueRequired":true,"valueName":"search_term_string"}}],"inLanguage":"en-US"},{"@type":"Organization","@id":"https:\/\/stilanddesign.se\/#organization","name":"Style &amp; Design","url":"https:\/\/stilanddesign.se\/","logo":{"@type":"ImageObject","inLanguage":"en-US","@id":"https:\/\/stilanddesign.se\/#\/schema\/logo\/image\/","url":"https:\/\/stilanddesign.se\/wp-content\/uploads\/2023\/12\/output-onlinepngtools-e1727784413220.png","contentUrl":"https:\/\/stilanddesign.se\/wp-content\/uploads\/2023\/12\/output-onlinepngtools-e1727784413220.png","width":519,"height":135,"caption":"Stil &amp; Design"},"image":{"@id":"https:\/\/stilanddesign.se\/#\/schema\/logo\/image\/"}}]}},"_links":{"self":[{"href":"https:\/\/stilanddesign.se\/en\/wp-json\/wp\/v2\/product\/1068603","targetHints":{"allow":["GET"]}}],"collection":[{"href":"https:\/\/stilanddesign.se\/en\/wp-json\/wp\/v2\/product"}],"about":[{"href":"https:\/\/stilanddesign.se\/en\/wp-json\/wp\/v2\/types\/product"}],"replies":[{"embeddable":true,"href":"https:\/\/stilanddesign.se\/en\/wp-json\/wp\/v2\/comments?post=1068603"}],"wp:featuredmedia":[{"embeddable":true,"href":"https:\/\/stilanddesign.se\/en\/wp-json\/wp\/v2\/media\/1068601"}],"wp:attachment":[{"href":"https:\/\/stilanddesign.se\/en\/wp-json\/wp\/v2\/media?parent=1068603"}],"wp:term":[{"taxonomy":"product_brand","embeddable":true,"href":"https:\/\/stilanddesign.se\/en\/wp-json\/wp\/v2\/product_brand?post=1068603"},{"taxonomy":"product_cat","embeddable":true,"href":"https:\/\/stilanddesign.se\/en\/wp-json\/wp\/v2\/product_cat?post=1068603"},{"taxonomy":"product_tag","embeddable":true,"href":"https:\/\/stilanddesign.se\/en\/wp-json\/wp\/v2\/product_tag?post=1068603"}],"curies":[{"name":"wp","href":"https:\/\/api.w.org\/{rel}","templated":true}]}}