{"id":1068594,"date":"2026-04-30T10:36:06","date_gmt":"2026-04-30T08:36:06","guid":{"rendered":"https:\/\/stilanddesign.se\/?post_type=product&#038;p=1068594"},"modified":"2026-04-30T10:36:29","modified_gmt":"2026-04-30T08:36:29","slug":"%e2%9c%a8-romantisk-topp-med-broderi-fran-zabaione-%e2%9c%a8-3","status":"publish","type":"product","link":"https:\/\/stilanddesign.se\/en\/product\/%e2%9c%a8-romantisk-topp-med-broderi-fran-zabaione-%e2%9c%a8-3\/","title":{"rendered":"\u2728 Romantic Top with Embroidery from Zabaione \u2728"},"content":{"rendered":"<p data-start=\"0\" data-end=\"50\">\u2728 <strong data-start=\"2\" data-end=\"46\">Romantic Top with Embroidery from Zabaione<\/strong> \u2728<\/p>\n<p data-start=\"52\" data-end=\"244\">A <strong data-start=\"55\" data-end=\"82\">airy and feminine top<\/strong> in soft cotton with beautiful embroidered details that give the garment an elegant and summery feel. Perfect for both everyday wear and when you want to feel a little extra nice! \ud83c\udf3f<\/p>\n<p data-start=\"246\" data-end=\"403\">\ud83d\udcab <strong data-start=\"249\" data-end=\"262\">Details:<\/strong><br data-start=\"262\" data-end=\"265\" \/>\u2728 Beautiful embroidered pattern on the front<br data-start=\"300\" data-end=\"303\" \/>\ud83d\udc5a Round neckline<br data-start=\"323\" data-end=\"326\" \/>\ud83c\udf38 Short sleeve with relaxed fit<br data-start=\"361\" data-end=\"364\" \/>\ud83d\udc4c Longer at the back for a nice fit<\/p>\n<p data-start=\"405\" data-end=\"493\">Simply match it with <strong data-start=\"427\" data-end=\"459\">jeans, linen pants or skirt<\/strong> for a stylish and comfortable look.<\/p>\n<p data-start=\"495\" data-end=\"638\">\ud83c\udfa8 <strong data-start=\"498\" data-end=\"509\">Colors:<\/strong> White, Beige and Green<br data-start=\"529\" data-end=\"532\" \/>\ud83d\udccf <strong data-start=\"535\" data-end=\"549\">Sizes:<\/strong> S\u2013XXL<br data-start=\"557\" data-end=\"560\" \/>\ud83e\uddf5 <strong data-start=\"563\" data-end=\"576\">Material:<\/strong> 100% cotton<br data-start=\"588\" data-end=\"591\" \/>\ud83e\uddfa <strong data-start=\"594\" data-end=\"607\">Washing instructions:<\/strong> 30\u00b0<br data-start=\"611\" data-end=\"614\" \/>\ud83c\udff7 <strong data-start=\"617\" data-end=\"627\">Make:<\/strong> Zabaione<\/p>\n<p data-start=\"640\" data-end=\"720\" data-is-last-node=\"\" data-is-only-node=\"\">\ud83d\udc96 One <strong data-start=\"646\" data-end=\"672\">cool and stylish top<\/strong> which goes perfectly with all the outfits of the season!<\/p>","protected":false},"excerpt":{"rendered":"<p data-start=\"0\" data-end=\"50\">\u2728 <strong data-start=\"2\" data-end=\"46\">Romantic Top with Embroidery from Zabaione<\/strong> \u2728<\/p>\n<p data-start=\"52\" data-end=\"244\">A <strong data-start=\"55\" data-end=\"82\">airy and feminine top<\/strong> in soft cotton with beautiful embroidered details that give the garment an elegant and summery feel. Perfect for both everyday wear and when you want to feel a little extra nice! \ud83c\udf3f<\/p>\n<p data-start=\"246\" data-end=\"403\">\ud83d\udcab <strong data-start=\"249\" data-end=\"262\">Details:<\/strong><br data-start=\"262\" data-end=\"265\" \/>\u2728 Beautiful embroidered pattern on the front<br data-start=\"300\" data-end=\"303\" \/>\ud83d\udc5a Round neckline<br data-start=\"323\" data-end=\"326\" \/>\ud83c\udf38 Short sleeve with relaxed fit<br data-start=\"361\" data-end=\"364\" \/>\ud83d\udc4c Longer at the back for a nice fit<\/p>\n<p data-start=\"405\" data-end=\"493\">Simply match it with <strong data-start=\"427\" data-end=\"459\">jeans, linen pants or skirt<\/strong> for a stylish and comfortable look.<\/p>\n<p data-start=\"495\" data-end=\"638\">\ud83c\udfa8 <strong data-start=\"498\" data-end=\"509\">Colors:<\/strong> White, Beige and Green<br data-start=\"529\" data-end=\"532\" \/>\ud83d\udccf <strong data-start=\"535\" data-end=\"549\">Sizes:<\/strong> S\u2013XXL<br data-start=\"557\" data-end=\"560\" \/>\ud83e\uddf5 <strong data-start=\"563\" data-end=\"576\">Material:<\/strong> 100% cotton<br data-start=\"588\" data-end=\"591\" \/>\ud83e\uddfa <strong data-start=\"594\" data-end=\"607\">Washing instructions:<\/strong> 30\u00b0<br data-start=\"611\" data-end=\"614\" \/>\ud83c\udff7 <strong data-start=\"617\" data-end=\"627\">Make:<\/strong> Zabaione<\/p>\n<p data-start=\"640\" data-end=\"720\" data-is-last-node=\"\" data-is-only-node=\"\">\ud83d\udc96 One <strong data-start=\"646\" data-end=\"672\">cool and stylish top<\/strong> which goes perfectly with all the outfits of the season!<\/p>","protected":false},"featured_media":1069195,"comment_status":"closed","ping_status":"closed","template":"","meta":[],"product_brand":[],"product_cat":[209],"product_tag":[],"class_list":{"0":"post-1068594","1":"product","2":"type-product","3":"status-publish","4":"has-post-thumbnail","6":"product_cat-reaprodukter","8":"first","9":"instock","10":"sale","11":"taxable","12":"shipping-taxable","13":"purchasable","14":"product-type-variable"},"yoast_head":"<!-- This site is optimized with the Yoast SEO Premium plugin v27.4 (Yoast SEO v27.5) - https:\/\/yoast.com\/product\/yoast-seo-premium-wordpress\/ -->\n<title>\u2728 Romantisk Topp med Broderi fr\u00e5n Zabaione \u2728 - Stil &amp; Design<\/title>\n<meta name=\"robots\" content=\"index, follow, max-snippet:-1, max-image-preview:large, max-video-preview:-1\" \/>\n<link rel=\"canonical\" href=\"https:\/\/stilanddesign.se\/en\/product\/\u2728-romantisk-topp-med-broderi-fran-zabaione-\u2728-3\/\" \/>\n<meta property=\"og:locale\" content=\"en_US\" \/>\n<meta property=\"og:type\" content=\"article\" \/>\n<meta property=\"og:title\" content=\"\u2728 Romantisk Topp med Broderi fr\u00e5n Zabaione \u2728\" \/>\n<meta property=\"og:description\" content=\"\u2728 Romantisk Topp med Broderi fr\u00e5n Zabaione \u2728 En luftig och feminin topp i mjuk bomull med vackra broderade detaljer som ger plagget en elegant och somrig k\u00e4nsla. Perfekt b\u00e5de till vardag och n\u00e4r du vill k\u00e4nna dig lite extra fin! \ud83c\udf3f \ud83d\udcab Detaljer:\u2728 Vackert broderat m\u00f6nster framtill\ud83d\udc5a Rund halsringning\ud83c\udf38 Kort \u00e4rm med avslappnad passform\ud83d\udc4c L\u00e4ngre baktill f\u00f6r ett snyggt fall Matcha den enkelt med jeans, linnebyxor eller kjol f\u00f6r en stilren och bekv\u00e4m look. \ud83c\udfa8 F\u00e4rger: Vit, Beige och Gr\u00f6n\ud83d\udccf Storlekar: S \u2013 XXL\ud83e\uddf5 Material: 100% bomull\ud83e\uddfa Tv\u00e4ttr\u00e5d: 30\u00b0\ud83c\udff7 M\u00e4rke: Zabaione \ud83d\udc96 En sval och stilfull topp som passar perfekt till s\u00e4songens alla outfits!\" \/>\n<meta property=\"og:url\" content=\"https:\/\/stilanddesign.se\/en\/product\/\u2728-romantisk-topp-med-broderi-fran-zabaione-\u2728-3\/\" \/>\n<meta property=\"og:site_name\" content=\"Stil &amp; Design\" \/>\n<meta property=\"article:modified_time\" content=\"2026-04-30T08:36:29+00:00\" \/>\n<meta name=\"twitter:card\" content=\"summary_large_image\" \/>\n<meta name=\"twitter:label1\" content=\"Est. reading time\" \/>\n\t<meta name=\"twitter:data1\" content=\"1 minute\" \/>\n<script type=\"application\/ld+json\" class=\"yoast-schema-graph\">{\"@context\":\"https:\\\/\\\/schema.org\",\"@graph\":[{\"@type\":\"WebPage\",\"@id\":\"https:\\\/\\\/stilanddesign.se\\\/produkt\\\/%e2%9c%a8-romantisk-topp-med-broderi-fran-zabaione-%e2%9c%a8-3\\\/\",\"url\":\"https:\\\/\\\/stilanddesign.se\\\/produkt\\\/%e2%9c%a8-romantisk-topp-med-broderi-fran-zabaione-%e2%9c%a8-3\\\/\",\"name\":\"\u2728 Romantisk Topp med Broderi fr\u00e5n Zabaione \u2728 - Stil &amp; Design\",\"isPartOf\":{\"@id\":\"https:\\\/\\\/stilanddesign.se\\\/#website\"},\"primaryImageOfPage\":{\"@id\":\"https:\\\/\\\/stilanddesign.se\\\/produkt\\\/%e2%9c%a8-romantisk-topp-med-broderi-fran-zabaione-%e2%9c%a8-3\\\/#primaryimage\"},\"image\":{\"@id\":\"https:\\\/\\\/stilanddesign.se\\\/produkt\\\/%e2%9c%a8-romantisk-topp-med-broderi-fran-zabaione-%e2%9c%a8-3\\\/#primaryimage\"},\"thumbnailUrl\":\"https:\\\/\\\/stilanddesign.se\\\/wp-content\\\/uploads\\\/2026\\\/03\\\/88767755444.jpg\",\"datePublished\":\"2026-04-30T08:36:06+00:00\",\"dateModified\":\"2026-04-30T08:36:29+00:00\",\"breadcrumb\":{\"@id\":\"https:\\\/\\\/stilanddesign.se\\\/produkt\\\/%e2%9c%a8-romantisk-topp-med-broderi-fran-zabaione-%e2%9c%a8-3\\\/#breadcrumb\"},\"inLanguage\":\"en-US\",\"potentialAction\":[{\"@type\":\"ReadAction\",\"target\":[\"https:\\\/\\\/stilanddesign.se\\\/produkt\\\/%e2%9c%a8-romantisk-topp-med-broderi-fran-zabaione-%e2%9c%a8-3\\\/\"]}]},{\"@type\":\"ImageObject\",\"inLanguage\":\"en-US\",\"@id\":\"https:\\\/\\\/stilanddesign.se\\\/produkt\\\/%e2%9c%a8-romantisk-topp-med-broderi-fran-zabaione-%e2%9c%a8-3\\\/#primaryimage\",\"url\":\"https:\\\/\\\/stilanddesign.se\\\/wp-content\\\/uploads\\\/2026\\\/03\\\/88767755444.jpg\",\"contentUrl\":\"https:\\\/\\\/stilanddesign.se\\\/wp-content\\\/uploads\\\/2026\\\/03\\\/88767755444.jpg\",\"width\":410,\"height\":640,\"caption\":\"Romantiskt topp fr\u00e5n Zabaione med broderi i khaki\"},{\"@type\":\"BreadcrumbList\",\"@id\":\"https:\\\/\\\/stilanddesign.se\\\/produkt\\\/%e2%9c%a8-romantisk-topp-med-broderi-fran-zabaione-%e2%9c%a8-3\\\/#breadcrumb\",\"itemListElement\":[{\"@type\":\"ListItem\",\"position\":1,\"name\":\"Hem\",\"item\":\"https:\\\/\\\/stilanddesign.se\\\/\"},{\"@type\":\"ListItem\",\"position\":2,\"name\":\"Butiken\",\"item\":\"https:\\\/\\\/stilanddesign.se\\\/butiken\\\/\"},{\"@type\":\"ListItem\",\"position\":3,\"name\":\"\u2728 Romantisk Topp med Broderi fr\u00e5n Zabaione \u2728\"}]},{\"@type\":\"WebSite\",\"@id\":\"https:\\\/\\\/stilanddesign.se\\\/#website\",\"url\":\"https:\\\/\\\/stilanddesign.se\\\/\",\"name\":\"Stil &amp; Design\",\"description\":\"F\u00f6r oss som \u00e4lskar mode!\",\"publisher\":{\"@id\":\"https:\\\/\\\/stilanddesign.se\\\/#organization\"},\"potentialAction\":[{\"@type\":\"SearchAction\",\"target\":{\"@type\":\"EntryPoint\",\"urlTemplate\":\"https:\\\/\\\/stilanddesign.se\\\/?s={search_term_string}\"},\"query-input\":{\"@type\":\"PropertyValueSpecification\",\"valueRequired\":true,\"valueName\":\"search_term_string\"}}],\"inLanguage\":\"en-US\"},{\"@type\":\"Organization\",\"@id\":\"https:\\\/\\\/stilanddesign.se\\\/#organization\",\"name\":\"Stil &amp; Design\",\"url\":\"https:\\\/\\\/stilanddesign.se\\\/\",\"logo\":{\"@type\":\"ImageObject\",\"inLanguage\":\"en-US\",\"@id\":\"https:\\\/\\\/stilanddesign.se\\\/#\\\/schema\\\/logo\\\/image\\\/\",\"url\":\"https:\\\/\\\/stilanddesign.se\\\/wp-content\\\/uploads\\\/2023\\\/12\\\/output-onlinepngtools-e1727784413220.png\",\"contentUrl\":\"https:\\\/\\\/stilanddesign.se\\\/wp-content\\\/uploads\\\/2023\\\/12\\\/output-onlinepngtools-e1727784413220.png\",\"width\":519,\"height\":135,\"caption\":\"Stil &amp; Design\"},\"image\":{\"@id\":\"https:\\\/\\\/stilanddesign.se\\\/#\\\/schema\\\/logo\\\/image\\\/\"}}]}<\/script>\n<!-- \/ Yoast SEO Premium plugin. -->","yoast_head_json":{"title":"\u2728 Romantisk Topp med Broderi fr\u00e5n Zabaione \u2728 - Stil &amp; Design","robots":{"index":"index","follow":"follow","max-snippet":"max-snippet:-1","max-image-preview":"max-image-preview:large","max-video-preview":"max-video-preview:-1"},"canonical":"https:\/\/stilanddesign.se\/en\/product\/\u2728-romantisk-topp-med-broderi-fran-zabaione-\u2728-3\/","og_locale":"en_US","og_type":"article","og_title":"\u2728 Romantisk Topp med Broderi fr\u00e5n Zabaione \u2728","og_description":"\u2728 Romantisk Topp med Broderi fr\u00e5n Zabaione \u2728 En luftig och feminin topp i mjuk bomull med vackra broderade detaljer som ger plagget en elegant och somrig k\u00e4nsla. Perfekt b\u00e5de till vardag och n\u00e4r du vill k\u00e4nna dig lite extra fin! \ud83c\udf3f \ud83d\udcab Detaljer:\u2728 Vackert broderat m\u00f6nster framtill\ud83d\udc5a Rund halsringning\ud83c\udf38 Kort \u00e4rm med avslappnad passform\ud83d\udc4c L\u00e4ngre baktill f\u00f6r ett snyggt fall Matcha den enkelt med jeans, linnebyxor eller kjol f\u00f6r en stilren och bekv\u00e4m look. \ud83c\udfa8 F\u00e4rger: Vit, Beige och Gr\u00f6n\ud83d\udccf Storlekar: S \u2013 XXL\ud83e\uddf5 Material: 100% bomull\ud83e\uddfa Tv\u00e4ttr\u00e5d: 30\u00b0\ud83c\udff7 M\u00e4rke: Zabaione \ud83d\udc96 En sval och stilfull topp som passar perfekt till s\u00e4songens alla outfits!","og_url":"https:\/\/stilanddesign.se\/en\/product\/\u2728-romantisk-topp-med-broderi-fran-zabaione-\u2728-3\/","og_site_name":"Stil &amp; Design","article_modified_time":"2026-04-30T08:36:29+00:00","twitter_card":"summary_large_image","twitter_misc":{"Est. reading time":"1 minute"},"schema":{"@context":"https:\/\/schema.org","@graph":[{"@type":"WebPage","@id":"https:\/\/stilanddesign.se\/produkt\/%e2%9c%a8-romantisk-topp-med-broderi-fran-zabaione-%e2%9c%a8-3\/","url":"https:\/\/stilanddesign.se\/produkt\/%e2%9c%a8-romantisk-topp-med-broderi-fran-zabaione-%e2%9c%a8-3\/","name":"\u2728 Romantisk Topp med Broderi fr\u00e5n Zabaione \u2728 - Stil &amp; Design","isPartOf":{"@id":"https:\/\/stilanddesign.se\/#website"},"primaryImageOfPage":{"@id":"https:\/\/stilanddesign.se\/produkt\/%e2%9c%a8-romantisk-topp-med-broderi-fran-zabaione-%e2%9c%a8-3\/#primaryimage"},"image":{"@id":"https:\/\/stilanddesign.se\/produkt\/%e2%9c%a8-romantisk-topp-med-broderi-fran-zabaione-%e2%9c%a8-3\/#primaryimage"},"thumbnailUrl":"https:\/\/stilanddesign.se\/wp-content\/uploads\/2026\/03\/88767755444.jpg","datePublished":"2026-04-30T08:36:06+00:00","dateModified":"2026-04-30T08:36:29+00:00","breadcrumb":{"@id":"https:\/\/stilanddesign.se\/produkt\/%e2%9c%a8-romantisk-topp-med-broderi-fran-zabaione-%e2%9c%a8-3\/#breadcrumb"},"inLanguage":"en-US","potentialAction":[{"@type":"ReadAction","target":["https:\/\/stilanddesign.se\/produkt\/%e2%9c%a8-romantisk-topp-med-broderi-fran-zabaione-%e2%9c%a8-3\/"]}]},{"@type":"ImageObject","inLanguage":"en-US","@id":"https:\/\/stilanddesign.se\/produkt\/%e2%9c%a8-romantisk-topp-med-broderi-fran-zabaione-%e2%9c%a8-3\/#primaryimage","url":"https:\/\/stilanddesign.se\/wp-content\/uploads\/2026\/03\/88767755444.jpg","contentUrl":"https:\/\/stilanddesign.se\/wp-content\/uploads\/2026\/03\/88767755444.jpg","width":410,"height":640,"caption":"Romantiskt topp fr\u00e5n Zabaione med broderi i khaki"},{"@type":"BreadcrumbList","@id":"https:\/\/stilanddesign.se\/produkt\/%e2%9c%a8-romantisk-topp-med-broderi-fran-zabaione-%e2%9c%a8-3\/#breadcrumb","itemListElement":[{"@type":"ListItem","position":1,"name":"Hem","item":"https:\/\/stilanddesign.se\/"},{"@type":"ListItem","position":2,"name":"Butiken","item":"https:\/\/stilanddesign.se\/butiken\/"},{"@type":"ListItem","position":3,"name":"\u2728 Romantisk Topp med Broderi fr\u00e5n Zabaione \u2728"}]},{"@type":"WebSite","@id":"https:\/\/stilanddesign.se\/#website","url":"https:\/\/stilanddesign.se\/","name":"Style &amp; Design","description":"For those of us who love fashion!","publisher":{"@id":"https:\/\/stilanddesign.se\/#organization"},"potentialAction":[{"@type":"SearchAction","target":{"@type":"EntryPoint","urlTemplate":"https:\/\/stilanddesign.se\/?s={search_term_string}"},"query-input":{"@type":"PropertyValueSpecification","valueRequired":true,"valueName":"search_term_string"}}],"inLanguage":"en-US"},{"@type":"Organization","@id":"https:\/\/stilanddesign.se\/#organization","name":"Style &amp; Design","url":"https:\/\/stilanddesign.se\/","logo":{"@type":"ImageObject","inLanguage":"en-US","@id":"https:\/\/stilanddesign.se\/#\/schema\/logo\/image\/","url":"https:\/\/stilanddesign.se\/wp-content\/uploads\/2023\/12\/output-onlinepngtools-e1727784413220.png","contentUrl":"https:\/\/stilanddesign.se\/wp-content\/uploads\/2023\/12\/output-onlinepngtools-e1727784413220.png","width":519,"height":135,"caption":"Stil &amp; Design"},"image":{"@id":"https:\/\/stilanddesign.se\/#\/schema\/logo\/image\/"}}]}},"_links":{"self":[{"href":"https:\/\/stilanddesign.se\/en\/wp-json\/wp\/v2\/product\/1068594","targetHints":{"allow":["GET"]}}],"collection":[{"href":"https:\/\/stilanddesign.se\/en\/wp-json\/wp\/v2\/product"}],"about":[{"href":"https:\/\/stilanddesign.se\/en\/wp-json\/wp\/v2\/types\/product"}],"replies":[{"embeddable":true,"href":"https:\/\/stilanddesign.se\/en\/wp-json\/wp\/v2\/comments?post=1068594"}],"wp:featuredmedia":[{"embeddable":true,"href":"https:\/\/stilanddesign.se\/en\/wp-json\/wp\/v2\/media\/1069195"}],"wp:attachment":[{"href":"https:\/\/stilanddesign.se\/en\/wp-json\/wp\/v2\/media?parent=1068594"}],"wp:term":[{"taxonomy":"product_brand","embeddable":true,"href":"https:\/\/stilanddesign.se\/en\/wp-json\/wp\/v2\/product_brand?post=1068594"},{"taxonomy":"product_cat","embeddable":true,"href":"https:\/\/stilanddesign.se\/en\/wp-json\/wp\/v2\/product_cat?post=1068594"},{"taxonomy":"product_tag","embeddable":true,"href":"https:\/\/stilanddesign.se\/en\/wp-json\/wp\/v2\/product_tag?post=1068594"}],"curies":[{"name":"wp","href":"https:\/\/api.w.org\/{rel}","templated":true}]}}