{"id":1068553,"date":"2026-03-24T15:01:15","date_gmt":"2026-03-24T14:01:15","guid":{"rendered":"https:\/\/stilanddesign.se\/?post_type=product&#038;p=1068553"},"modified":"2026-04-10T15:20:45","modified_gmt":"2026-04-10T13:20:45","slug":"%e2%9c%a8-stilren-topp-fran-zabaione-%e2%9c%a8","status":"publish","type":"product","link":"https:\/\/stilanddesign.se\/en\/product\/%e2%9c%a8-stilren-topp-fran-zabaione-%e2%9c%a8\/","title":{"rendered":"\u2728 Stylish Top from Zabaione \u2728"},"content":{"rendered":"<p data-start=\"0\" data-end=\"36\">\u2728 <strong data-start=\"2\" data-end=\"32\">Stylish Top from Zabaione<\/strong> \u2728<\/p>\n<p data-start=\"38\" data-end=\"208\">A <strong data-start=\"41\" data-end=\"63\">perfect base favorite<\/strong> in the wardrobe! This top combines simple style with lovely comfort \u2013 a garment you can easily wear both for everyday use and when dressed up. \ud83e\udd0d<\/p>\n<p data-start=\"210\" data-end=\"391\">\ud83c\udf3f <strong data-start=\"213\" data-end=\"226\">Details:<\/strong><br data-start=\"226\" data-end=\"229\" \/>\u2728 Classic and timeless design<br data-start=\"257\" data-end=\"260\" \/>\ud83d\udc5a Short sleeve with turn-up detail and button<br data-start=\"300\" data-end=\"303\" data-is-only-node=\"\" \/>\ud83d\udc4c Comfortable and relaxed fit<br data-start=\"334\" data-end=\"337\" \/>\ud83c\udf38 Easy to match with jeans, skirts or suit pants<\/p>\n<p data-start=\"393\" data-end=\"534\">\ud83e\uddf5 <strong data-start=\"396\" data-end=\"409\">Material:<\/strong> 100% cotton<br data-start=\"421\" data-end=\"424\" \/>\ud83d\udccf <strong data-start=\"427\" data-end=\"441\">Sizes:<\/strong> S\u2013XXL<br data-start=\"449\" data-end=\"452\" data-is-only-node=\"\" \/>\ud83c\udfa8 <strong data-start=\"455\" data-end=\"466\">Colors:<\/strong> White, Beige, Khaki<br data-start=\"484\" data-end=\"487\" \/>\ud83e\uddfa <strong data-start=\"490\" data-end=\"503\">Washing instructions:<\/strong> 30\u00b0<br data-start=\"507\" data-end=\"510\" \/>\ud83c\udff7 <strong data-start=\"513\" data-end=\"523\">Make:<\/strong> Zabaione<\/p>\n<p data-start=\"536\" data-end=\"610\" data-is-last-node=\"\" data-is-only-node=\"\">\ud83d\udcab One <strong data-start=\"542\" data-end=\"569\">comfortable and stylish top<\/strong> which will quickly become a wardrobe favorite!<\/p>","protected":false},"excerpt":{"rendered":"<p data-start=\"0\" data-end=\"36\">\u2728 <strong data-start=\"2\" data-end=\"32\">Stylish Top from Zabaione<\/strong> \u2728<\/p>\n<p data-start=\"38\" data-end=\"208\">A <strong data-start=\"41\" data-end=\"63\">perfect base favorite<\/strong> in the wardrobe! This top combines simple style with lovely comfort \u2013 a garment you can easily wear both for everyday use and when dressed up. \ud83e\udd0d<\/p>\n<p data-start=\"210\" data-end=\"391\">\ud83c\udf3f <strong data-start=\"213\" data-end=\"226\">Details:<\/strong><br data-start=\"226\" data-end=\"229\" \/>\u2728 Classic and timeless design<br data-start=\"257\" data-end=\"260\" \/>\ud83d\udc5a Short sleeve with turn-up detail and button<br data-start=\"300\" data-end=\"303\" data-is-only-node=\"\" \/>\ud83d\udc4c Comfortable and relaxed fit<br data-start=\"334\" data-end=\"337\" \/>\ud83c\udf38 Easy to match with jeans, skirts or suit pants<\/p>\n<p data-start=\"393\" data-end=\"534\">\ud83e\uddf5 <strong data-start=\"396\" data-end=\"409\">Material:<\/strong> 100% cotton<br data-start=\"421\" data-end=\"424\" \/>\ud83d\udccf <strong data-start=\"427\" data-end=\"441\">Sizes:<\/strong> S\u2013XXL<br data-start=\"449\" data-end=\"452\" data-is-only-node=\"\" \/>\ud83c\udfa8 <strong data-start=\"455\" data-end=\"466\">Colors:<\/strong> White, Beige, Khaki<br data-start=\"484\" data-end=\"487\" \/>\ud83e\uddfa <strong data-start=\"490\" data-end=\"503\">Washing instructions:<\/strong> 30\u00b0<br data-start=\"507\" data-end=\"510\" \/>\ud83c\udff7 <strong data-start=\"513\" data-end=\"523\">Make:<\/strong> Zabaione<\/p>\n<p data-start=\"536\" data-end=\"610\" data-is-last-node=\"\" data-is-only-node=\"\">\ud83d\udcab One <strong data-start=\"542\" data-end=\"569\">comfortable and stylish top<\/strong> which will quickly become a wardrobe favorite!<\/p>","protected":false},"featured_media":1068612,"comment_status":"closed","ping_status":"closed","template":"","meta":[],"product_brand":[],"product_cat":[211,222],"product_tag":[],"class_list":{"0":"post-1068553","1":"product","2":"type-product","3":"status-publish","4":"has-post-thumbnail","6":"product_cat-blusar","7":"product_cat-toppar-tischor","9":"first","10":"instock","11":"taxable","12":"shipping-taxable","13":"purchasable","14":"product-type-variable"},"yoast_head":"<!-- This site is optimized with the Yoast SEO Premium plugin v27.1 (Yoast SEO v27.4) - https:\/\/yoast.com\/product\/yoast-seo-premium-wordpress\/ -->\n<title>\u2728 Stilren Topp fr\u00e5n Zabaione \u2728 - Stil &amp; Design<\/title>\n<meta name=\"robots\" content=\"index, follow, max-snippet:-1, max-image-preview:large, max-video-preview:-1\" \/>\n<link rel=\"canonical\" href=\"https:\/\/stilanddesign.se\/en\/product\/\u2728-stilren-topp-fran-zabaione-\u2728\/\" \/>\n<meta property=\"og:locale\" content=\"en_US\" \/>\n<meta property=\"og:type\" content=\"article\" \/>\n<meta property=\"og:title\" content=\"\u2728 Stilren Topp fr\u00e5n Zabaione \u2728\" \/>\n<meta property=\"og:description\" content=\"\u2728 Stilren Topp fr\u00e5n Zabaione \u2728 En perfekt basfavorit i garderoben! Denna topp kombinerar enkel stil med h\u00e4rlig komfort \u2013 ett plagg du enkelt kan anv\u00e4nda b\u00e5de till vardag och lite mer uppkl\u00e4tt. \ud83e\udd0d \ud83c\udf3f Detaljer:\u2728 Klassisk och tidl\u00f6s design\ud83d\udc5a Kort \u00e4rm med uppvikt detalj och knapp\ud83d\udc4c Sk\u00f6n och avslappnad passform\ud83c\udf38 L\u00e4tt att matcha med jeans, kjol eller kostymbyxor \ud83e\uddf5 Material: 100% bomull\ud83d\udccf Storlekar: S \u2013 XXL\ud83c\udfa8 F\u00e4rger: Vit, Beige, Khaki\ud83e\uddfa Tv\u00e4ttr\u00e5d: 30\u00b0\ud83c\udff7 M\u00e4rke: Zabaione \ud83d\udcab En bekv\u00e4m och stilren topp som snabbt blir en favorit i garderoben!\" \/>\n<meta property=\"og:url\" content=\"https:\/\/stilanddesign.se\/en\/product\/\u2728-stilren-topp-fran-zabaione-\u2728\/\" \/>\n<meta property=\"og:site_name\" content=\"Stil &amp; Design\" \/>\n<meta property=\"article:modified_time\" content=\"2026-04-10T13:20:45+00:00\" \/>\n<meta property=\"og:image\" content=\"https:\/\/stilanddesign.se\/wp-content\/uploads\/2026\/03\/665654433.png\" \/>\n\t<meta property=\"og:image:width\" content=\"427\" \/>\n\t<meta property=\"og:image:height\" content=\"640\" \/>\n\t<meta property=\"og:image:type\" content=\"image\/png\" \/>\n<meta name=\"twitter:card\" content=\"summary_large_image\" \/>\n<meta name=\"twitter:label1\" content=\"Est. reading time\" \/>\n\t<meta name=\"twitter:data1\" content=\"1 minute\" \/>\n<script type=\"application\/ld+json\" class=\"yoast-schema-graph\">{\"@context\":\"https:\\\/\\\/schema.org\",\"@graph\":[{\"@type\":\"WebPage\",\"@id\":\"https:\\\/\\\/stilanddesign.se\\\/produkt\\\/%e2%9c%a8-stilren-topp-fran-zabaione-%e2%9c%a8\\\/\",\"url\":\"https:\\\/\\\/stilanddesign.se\\\/produkt\\\/%e2%9c%a8-stilren-topp-fran-zabaione-%e2%9c%a8\\\/\",\"name\":\"\u2728 Stilren Topp fr\u00e5n Zabaione \u2728 - Stil &amp; Design\",\"isPartOf\":{\"@id\":\"https:\\\/\\\/stilanddesign.se\\\/#website\"},\"primaryImageOfPage\":{\"@id\":\"https:\\\/\\\/stilanddesign.se\\\/produkt\\\/%e2%9c%a8-stilren-topp-fran-zabaione-%e2%9c%a8\\\/#primaryimage\"},\"image\":{\"@id\":\"https:\\\/\\\/stilanddesign.se\\\/produkt\\\/%e2%9c%a8-stilren-topp-fran-zabaione-%e2%9c%a8\\\/#primaryimage\"},\"thumbnailUrl\":\"https:\\\/\\\/stilanddesign.se\\\/wp-content\\\/uploads\\\/2026\\\/03\\\/665654433.png\",\"datePublished\":\"2026-03-24T14:01:15+00:00\",\"dateModified\":\"2026-04-10T13:20:45+00:00\",\"breadcrumb\":{\"@id\":\"https:\\\/\\\/stilanddesign.se\\\/produkt\\\/%e2%9c%a8-stilren-topp-fran-zabaione-%e2%9c%a8\\\/#breadcrumb\"},\"inLanguage\":\"en-US\",\"potentialAction\":[{\"@type\":\"ReadAction\",\"target\":[\"https:\\\/\\\/stilanddesign.se\\\/produkt\\\/%e2%9c%a8-stilren-topp-fran-zabaione-%e2%9c%a8\\\/\"]}]},{\"@type\":\"ImageObject\",\"inLanguage\":\"en-US\",\"@id\":\"https:\\\/\\\/stilanddesign.se\\\/produkt\\\/%e2%9c%a8-stilren-topp-fran-zabaione-%e2%9c%a8\\\/#primaryimage\",\"url\":\"https:\\\/\\\/stilanddesign.se\\\/wp-content\\\/uploads\\\/2026\\\/03\\\/665654433.png\",\"contentUrl\":\"https:\\\/\\\/stilanddesign.se\\\/wp-content\\\/uploads\\\/2026\\\/03\\\/665654433.png\",\"width\":427,\"height\":640,\"caption\":\"stilren topp fr\u00e5n zabaione\"},{\"@type\":\"BreadcrumbList\",\"@id\":\"https:\\\/\\\/stilanddesign.se\\\/produkt\\\/%e2%9c%a8-stilren-topp-fran-zabaione-%e2%9c%a8\\\/#breadcrumb\",\"itemListElement\":[{\"@type\":\"ListItem\",\"position\":1,\"name\":\"Hem\",\"item\":\"https:\\\/\\\/stilanddesign.se\\\/\"},{\"@type\":\"ListItem\",\"position\":2,\"name\":\"Butiken\",\"item\":\"https:\\\/\\\/stilanddesign.se\\\/butiken\\\/\"},{\"@type\":\"ListItem\",\"position\":3,\"name\":\"\u2728 Stilren Topp fr\u00e5n Zabaione \u2728\"}]},{\"@type\":\"WebSite\",\"@id\":\"https:\\\/\\\/stilanddesign.se\\\/#website\",\"url\":\"https:\\\/\\\/stilanddesign.se\\\/\",\"name\":\"Stil &amp; Design\",\"description\":\"F\u00f6r oss som \u00e4lskar mode!\",\"publisher\":{\"@id\":\"https:\\\/\\\/stilanddesign.se\\\/#organization\"},\"potentialAction\":[{\"@type\":\"SearchAction\",\"target\":{\"@type\":\"EntryPoint\",\"urlTemplate\":\"https:\\\/\\\/stilanddesign.se\\\/?s={search_term_string}\"},\"query-input\":{\"@type\":\"PropertyValueSpecification\",\"valueRequired\":true,\"valueName\":\"search_term_string\"}}],\"inLanguage\":\"en-US\"},{\"@type\":\"Organization\",\"@id\":\"https:\\\/\\\/stilanddesign.se\\\/#organization\",\"name\":\"Stil &amp; Design\",\"url\":\"https:\\\/\\\/stilanddesign.se\\\/\",\"logo\":{\"@type\":\"ImageObject\",\"inLanguage\":\"en-US\",\"@id\":\"https:\\\/\\\/stilanddesign.se\\\/#\\\/schema\\\/logo\\\/image\\\/\",\"url\":\"https:\\\/\\\/stilanddesign.se\\\/wp-content\\\/uploads\\\/2023\\\/12\\\/output-onlinepngtools-e1727784413220.png\",\"contentUrl\":\"https:\\\/\\\/stilanddesign.se\\\/wp-content\\\/uploads\\\/2023\\\/12\\\/output-onlinepngtools-e1727784413220.png\",\"width\":519,\"height\":135,\"caption\":\"Stil &amp; Design\"},\"image\":{\"@id\":\"https:\\\/\\\/stilanddesign.se\\\/#\\\/schema\\\/logo\\\/image\\\/\"}}]}<\/script>\n<!-- \/ Yoast SEO Premium plugin. -->","yoast_head_json":{"title":"\u2728 Stilren Topp fr\u00e5n Zabaione \u2728 - Stil &amp; Design","robots":{"index":"index","follow":"follow","max-snippet":"max-snippet:-1","max-image-preview":"max-image-preview:large","max-video-preview":"max-video-preview:-1"},"canonical":"https:\/\/stilanddesign.se\/en\/product\/\u2728-stilren-topp-fran-zabaione-\u2728\/","og_locale":"en_US","og_type":"article","og_title":"\u2728 Stilren Topp fr\u00e5n Zabaione \u2728","og_description":"\u2728 Stilren Topp fr\u00e5n Zabaione \u2728 En perfekt basfavorit i garderoben! Denna topp kombinerar enkel stil med h\u00e4rlig komfort \u2013 ett plagg du enkelt kan anv\u00e4nda b\u00e5de till vardag och lite mer uppkl\u00e4tt. \ud83e\udd0d \ud83c\udf3f Detaljer:\u2728 Klassisk och tidl\u00f6s design\ud83d\udc5a Kort \u00e4rm med uppvikt detalj och knapp\ud83d\udc4c Sk\u00f6n och avslappnad passform\ud83c\udf38 L\u00e4tt att matcha med jeans, kjol eller kostymbyxor \ud83e\uddf5 Material: 100% bomull\ud83d\udccf Storlekar: S \u2013 XXL\ud83c\udfa8 F\u00e4rger: Vit, Beige, Khaki\ud83e\uddfa Tv\u00e4ttr\u00e5d: 30\u00b0\ud83c\udff7 M\u00e4rke: Zabaione \ud83d\udcab En bekv\u00e4m och stilren topp som snabbt blir en favorit i garderoben!","og_url":"https:\/\/stilanddesign.se\/en\/product\/\u2728-stilren-topp-fran-zabaione-\u2728\/","og_site_name":"Stil &amp; Design","article_modified_time":"2026-04-10T13:20:45+00:00","og_image":[{"width":427,"height":640,"url":"https:\/\/stilanddesign.se\/wp-content\/uploads\/2026\/03\/665654433.png","type":"image\/png"}],"twitter_card":"summary_large_image","twitter_misc":{"Est. reading time":"1 minute"},"schema":{"@context":"https:\/\/schema.org","@graph":[{"@type":"WebPage","@id":"https:\/\/stilanddesign.se\/produkt\/%e2%9c%a8-stilren-topp-fran-zabaione-%e2%9c%a8\/","url":"https:\/\/stilanddesign.se\/produkt\/%e2%9c%a8-stilren-topp-fran-zabaione-%e2%9c%a8\/","name":"\u2728 Stilren Topp fr\u00e5n Zabaione \u2728 - Stil &amp; Design","isPartOf":{"@id":"https:\/\/stilanddesign.se\/#website"},"primaryImageOfPage":{"@id":"https:\/\/stilanddesign.se\/produkt\/%e2%9c%a8-stilren-topp-fran-zabaione-%e2%9c%a8\/#primaryimage"},"image":{"@id":"https:\/\/stilanddesign.se\/produkt\/%e2%9c%a8-stilren-topp-fran-zabaione-%e2%9c%a8\/#primaryimage"},"thumbnailUrl":"https:\/\/stilanddesign.se\/wp-content\/uploads\/2026\/03\/665654433.png","datePublished":"2026-03-24T14:01:15+00:00","dateModified":"2026-04-10T13:20:45+00:00","breadcrumb":{"@id":"https:\/\/stilanddesign.se\/produkt\/%e2%9c%a8-stilren-topp-fran-zabaione-%e2%9c%a8\/#breadcrumb"},"inLanguage":"en-US","potentialAction":[{"@type":"ReadAction","target":["https:\/\/stilanddesign.se\/produkt\/%e2%9c%a8-stilren-topp-fran-zabaione-%e2%9c%a8\/"]}]},{"@type":"ImageObject","inLanguage":"en-US","@id":"https:\/\/stilanddesign.se\/produkt\/%e2%9c%a8-stilren-topp-fran-zabaione-%e2%9c%a8\/#primaryimage","url":"https:\/\/stilanddesign.se\/wp-content\/uploads\/2026\/03\/665654433.png","contentUrl":"https:\/\/stilanddesign.se\/wp-content\/uploads\/2026\/03\/665654433.png","width":427,"height":640,"caption":"stilren topp fr\u00e5n zabaione"},{"@type":"BreadcrumbList","@id":"https:\/\/stilanddesign.se\/produkt\/%e2%9c%a8-stilren-topp-fran-zabaione-%e2%9c%a8\/#breadcrumb","itemListElement":[{"@type":"ListItem","position":1,"name":"Hem","item":"https:\/\/stilanddesign.se\/"},{"@type":"ListItem","position":2,"name":"Butiken","item":"https:\/\/stilanddesign.se\/butiken\/"},{"@type":"ListItem","position":3,"name":"\u2728 Stilren Topp fr\u00e5n Zabaione \u2728"}]},{"@type":"WebSite","@id":"https:\/\/stilanddesign.se\/#website","url":"https:\/\/stilanddesign.se\/","name":"Style &amp; Design","description":"For those of us who love fashion!","publisher":{"@id":"https:\/\/stilanddesign.se\/#organization"},"potentialAction":[{"@type":"SearchAction","target":{"@type":"EntryPoint","urlTemplate":"https:\/\/stilanddesign.se\/?s={search_term_string}"},"query-input":{"@type":"PropertyValueSpecification","valueRequired":true,"valueName":"search_term_string"}}],"inLanguage":"en-US"},{"@type":"Organization","@id":"https:\/\/stilanddesign.se\/#organization","name":"Style &amp; Design","url":"https:\/\/stilanddesign.se\/","logo":{"@type":"ImageObject","inLanguage":"en-US","@id":"https:\/\/stilanddesign.se\/#\/schema\/logo\/image\/","url":"https:\/\/stilanddesign.se\/wp-content\/uploads\/2023\/12\/output-onlinepngtools-e1727784413220.png","contentUrl":"https:\/\/stilanddesign.se\/wp-content\/uploads\/2023\/12\/output-onlinepngtools-e1727784413220.png","width":519,"height":135,"caption":"Stil &amp; Design"},"image":{"@id":"https:\/\/stilanddesign.se\/#\/schema\/logo\/image\/"}}]}},"_links":{"self":[{"href":"https:\/\/stilanddesign.se\/en\/wp-json\/wp\/v2\/product\/1068553","targetHints":{"allow":["GET"]}}],"collection":[{"href":"https:\/\/stilanddesign.se\/en\/wp-json\/wp\/v2\/product"}],"about":[{"href":"https:\/\/stilanddesign.se\/en\/wp-json\/wp\/v2\/types\/product"}],"replies":[{"embeddable":true,"href":"https:\/\/stilanddesign.se\/en\/wp-json\/wp\/v2\/comments?post=1068553"}],"wp:featuredmedia":[{"embeddable":true,"href":"https:\/\/stilanddesign.se\/en\/wp-json\/wp\/v2\/media\/1068612"}],"wp:attachment":[{"href":"https:\/\/stilanddesign.se\/en\/wp-json\/wp\/v2\/media?parent=1068553"}],"wp:term":[{"taxonomy":"product_brand","embeddable":true,"href":"https:\/\/stilanddesign.se\/en\/wp-json\/wp\/v2\/product_brand?post=1068553"},{"taxonomy":"product_cat","embeddable":true,"href":"https:\/\/stilanddesign.se\/en\/wp-json\/wp\/v2\/product_cat?post=1068553"},{"taxonomy":"product_tag","embeddable":true,"href":"https:\/\/stilanddesign.se\/en\/wp-json\/wp\/v2\/product_tag?post=1068553"}],"curies":[{"name":"wp","href":"https:\/\/api.w.org\/{rel}","templated":true}]}}