{"id":1068540,"date":"2026-04-13T10:11:46","date_gmt":"2026-04-13T08:11:46","guid":{"rendered":"https:\/\/stilanddesign.se\/?post_type=product&#038;p=1068540"},"modified":"2026-04-14T21:11:56","modified_gmt":"2026-04-14T19:11:56","slug":"%e2%9c%a8-monstrad-topp-fran-zabaione-%e2%9c%a8","status":"publish","type":"product","link":"https:\/\/stilanddesign.se\/en\/product\/%e2%9c%a8-monstrad-topp-fran-zabaione-%e2%9c%a8\/","title":{"rendered":"\u2728 Patterned Top from Zabaione \u2728"},"content":{"rendered":"<p data-start=\"0\" data-end=\"37\">\u2728 <strong data-start=\"2\" data-end=\"33\">Patterned Top from Zabaione<\/strong> \u2728<\/p>\n<p data-start=\"39\" data-end=\"234\">A <strong data-start=\"42\" data-end=\"73\">stylish and easy-to-wear top<\/strong> with a modern and artistic pattern in beautiful earthy tones. Perfect for those who want something that both feels <strong data-start=\"189\" data-end=\"213\">trendy and comfortable<\/strong> in the closet! \ud83e\udd0e\ud83d\udc99<\/p>\n<p data-start=\"236\" data-end=\"457\">\ud83c\udf3f <strong data-start=\"239\" data-end=\"262\">Details we love:<\/strong><br data-start=\"262\" data-end=\"265\" \/>\u2728 Unique and trendy pattern<br data-start=\"293\" data-end=\"296\" \/>\ud83d\udc5a Short sleeve with relaxed fit<br data-start=\"331\" data-end=\"334\" \/>\ud83c\udf38 Decorative border at the bottom that gives the top that little extra<br data-start=\"390\" data-end=\"393\" \/>\ud83d\udcab Light and cool quality - perfect for both everyday life and summer<\/p>\n<p data-start=\"459\" data-end=\"548\">\ud83d\udc57 Match it nicely with <strong data-start=\"484\" data-end=\"516\">jeans, white pants or skirt<\/strong> for a stylish and chic look.<\/p>\n<p data-start=\"550\" data-end=\"633\">\ud83d\udccf <strong data-start=\"553\" data-end=\"567\">Sizes:<\/strong> S\u2013XXL<br data-start=\"575\" data-end=\"578\" \/>\ud83e\uddf5 <strong data-start=\"581\" data-end=\"594\">Material:<\/strong> 100% viscose<br data-start=\"606\" data-end=\"609\" \/>\ud83c\udff7 <strong data-start=\"612\" data-end=\"622\">Make:<\/strong> Zabaione<\/p>\n<p data-start=\"635\" data-end=\"715\" data-is-last-node=\"\" data-is-only-node=\"\">\ud83d\udc96 One <strong data-start=\"641\" data-end=\"671\">comfortable and elegant favorite<\/strong> which will quickly become a new favorite in the wardrobe!<\/p>","protected":false},"excerpt":{"rendered":"<p data-start=\"0\" data-end=\"37\">\u2728 <strong data-start=\"2\" data-end=\"33\">Patterned Top from Zabaione<\/strong> \u2728<\/p>\n<p data-start=\"39\" data-end=\"234\">A <strong data-start=\"42\" data-end=\"73\">stylish and easy-to-wear top<\/strong> with a modern and artistic pattern in beautiful earthy tones. Perfect for those who want something that both feels <strong data-start=\"189\" data-end=\"213\">trendy and comfortable<\/strong> in the closet! \ud83e\udd0e\ud83d\udc99<\/p>\n<p data-start=\"236\" data-end=\"457\">\ud83c\udf3f <strong data-start=\"239\" data-end=\"262\">Details we love:<\/strong><br data-start=\"262\" data-end=\"265\" \/>\u2728 Unique and trendy pattern<br data-start=\"293\" data-end=\"296\" \/>\ud83d\udc5a Short sleeve with relaxed fit<br data-start=\"331\" data-end=\"334\" \/>\ud83c\udf38 Decorative border at the bottom that gives the top that little extra<br data-start=\"390\" data-end=\"393\" \/>\ud83d\udcab Light and cool quality - perfect for both everyday life and summer<\/p>\n<p data-start=\"459\" data-end=\"548\">\ud83d\udc57 Match it nicely with <strong data-start=\"484\" data-end=\"516\">jeans, white pants or skirt<\/strong> for a stylish and chic look.<\/p>\n<p data-start=\"550\" data-end=\"633\">\ud83d\udccf <strong data-start=\"553\" data-end=\"567\">Sizes:<\/strong> S\u2013XXL<br data-start=\"575\" data-end=\"578\" \/>\ud83e\uddf5 <strong data-start=\"581\" data-end=\"594\">Material:<\/strong> 100% viscose<br data-start=\"606\" data-end=\"609\" \/>\ud83c\udff7 <strong data-start=\"612\" data-end=\"622\">Make:<\/strong> Zabaione<\/p>\n<p data-start=\"635\" data-end=\"715\" data-is-last-node=\"\" data-is-only-node=\"\">\ud83d\udc96 One <strong data-start=\"641\" data-end=\"671\">comfortable and elegant favorite<\/strong> which will quickly become a new favorite in the wardrobe!<\/p>","protected":false},"featured_media":1068539,"comment_status":"closed","ping_status":"closed","template":"","meta":[],"product_brand":[],"product_cat":[209],"product_tag":[],"class_list":{"0":"post-1068540","1":"product","2":"type-product","3":"status-publish","4":"has-post-thumbnail","6":"product_cat-reaprodukter","8":"first","9":"outofstock","10":"taxable","11":"shipping-taxable","12":"purchasable","13":"product-type-variable"},"yoast_head":"<!-- This site is optimized with the Yoast SEO Premium plugin v27.4 (Yoast SEO v27.5) - https:\/\/yoast.com\/product\/yoast-seo-premium-wordpress\/ -->\n<title>\u2728 M\u00f6nstrad Topp fr\u00e5n Zabaione \u2728 - Stil &amp; Design<\/title>\n<meta name=\"robots\" content=\"index, follow, max-snippet:-1, max-image-preview:large, max-video-preview:-1\" \/>\n<link rel=\"canonical\" href=\"https:\/\/stilanddesign.se\/en\/product\/\u2728-monstrad-topp-fran-zabaione-\u2728\/\" \/>\n<meta property=\"og:locale\" content=\"en_US\" \/>\n<meta property=\"og:type\" content=\"article\" \/>\n<meta property=\"og:title\" content=\"\u2728 M\u00f6nstrad Topp fr\u00e5n Zabaione \u2728\" \/>\n<meta property=\"og:description\" content=\"\u2728 M\u00f6nstrad Topp fr\u00e5n Zabaione \u2728 En stilfull och l\u00e4ttburen topp med ett modernt och konstn\u00e4rligt m\u00f6nster i vackra jordn\u00e4ra toner. Perfekt f\u00f6r dig som vill ha n\u00e5got som b\u00e5de k\u00e4nns trendigt och bekv\u00e4mt i garderoben! \ud83e\udd0e\ud83d\udc99 \ud83c\udf3f Detaljer vi \u00e4lskar:\u2728 Unikt och trendigt m\u00f6nster\ud83d\udc5a Kort \u00e4rm med avslappnad passform\ud83c\udf38 Dekorativ b\u00e5rd nertill som ger toppen det lilla extra\ud83d\udcab L\u00e4tt och sval kvalitet \u2013 perfekt f\u00f6r b\u00e5de vardag och sommar \ud83d\udc57 Matcha den snyggt med jeans, vita byxor eller kjol f\u00f6r en stilren och chic look. \ud83d\udccf Storlekar: S \u2013 XXL\ud83e\uddf5 Material: 100% viskos\ud83c\udff7 M\u00e4rke: Zabaione \ud83d\udc96 En bekv\u00e4m och elegant favorit som snabbt blir en ny favorit i garderoben!\" \/>\n<meta property=\"og:url\" content=\"https:\/\/stilanddesign.se\/en\/product\/\u2728-monstrad-topp-fran-zabaione-\u2728\/\" \/>\n<meta property=\"og:site_name\" content=\"Stil &amp; Design\" \/>\n<meta property=\"article:modified_time\" content=\"2026-04-14T19:11:56+00:00\" \/>\n<meta property=\"og:image\" content=\"https:\/\/stilanddesign.se\/wp-content\/uploads\/2026\/03\/4070709071331_1.jpg\" \/>\n\t<meta property=\"og:image:width\" content=\"889\" \/>\n\t<meta property=\"og:image:height\" content=\"1280\" \/>\n\t<meta property=\"og:image:type\" content=\"image\/jpeg\" \/>\n<meta name=\"twitter:card\" content=\"summary_large_image\" \/>\n<meta name=\"twitter:label1\" content=\"Est. reading time\" \/>\n\t<meta name=\"twitter:data1\" content=\"1 minute\" \/>\n<script type=\"application\/ld+json\" class=\"yoast-schema-graph\">{\"@context\":\"https:\\\/\\\/schema.org\",\"@graph\":[{\"@type\":\"WebPage\",\"@id\":\"https:\\\/\\\/stilanddesign.se\\\/produkt\\\/%e2%9c%a8-monstrad-topp-fran-zabaione-%e2%9c%a8\\\/\",\"url\":\"https:\\\/\\\/stilanddesign.se\\\/produkt\\\/%e2%9c%a8-monstrad-topp-fran-zabaione-%e2%9c%a8\\\/\",\"name\":\"\u2728 M\u00f6nstrad Topp fr\u00e5n Zabaione \u2728 - Stil &amp; Design\",\"isPartOf\":{\"@id\":\"https:\\\/\\\/stilanddesign.se\\\/#website\"},\"primaryImageOfPage\":{\"@id\":\"https:\\\/\\\/stilanddesign.se\\\/produkt\\\/%e2%9c%a8-monstrad-topp-fran-zabaione-%e2%9c%a8\\\/#primaryimage\"},\"image\":{\"@id\":\"https:\\\/\\\/stilanddesign.se\\\/produkt\\\/%e2%9c%a8-monstrad-topp-fran-zabaione-%e2%9c%a8\\\/#primaryimage\"},\"thumbnailUrl\":\"https:\\\/\\\/stilanddesign.se\\\/wp-content\\\/uploads\\\/2026\\\/03\\\/4070709071331_1.jpg\",\"datePublished\":\"2026-04-13T08:11:46+00:00\",\"dateModified\":\"2026-04-14T19:11:56+00:00\",\"breadcrumb\":{\"@id\":\"https:\\\/\\\/stilanddesign.se\\\/produkt\\\/%e2%9c%a8-monstrad-topp-fran-zabaione-%e2%9c%a8\\\/#breadcrumb\"},\"inLanguage\":\"en-US\",\"potentialAction\":[{\"@type\":\"ReadAction\",\"target\":[\"https:\\\/\\\/stilanddesign.se\\\/produkt\\\/%e2%9c%a8-monstrad-topp-fran-zabaione-%e2%9c%a8\\\/\"]}]},{\"@type\":\"ImageObject\",\"inLanguage\":\"en-US\",\"@id\":\"https:\\\/\\\/stilanddesign.se\\\/produkt\\\/%e2%9c%a8-monstrad-topp-fran-zabaione-%e2%9c%a8\\\/#primaryimage\",\"url\":\"https:\\\/\\\/stilanddesign.se\\\/wp-content\\\/uploads\\\/2026\\\/03\\\/4070709071331_1.jpg\",\"contentUrl\":\"https:\\\/\\\/stilanddesign.se\\\/wp-content\\\/uploads\\\/2026\\\/03\\\/4070709071331_1.jpg\",\"width\":889,\"height\":1280},{\"@type\":\"BreadcrumbList\",\"@id\":\"https:\\\/\\\/stilanddesign.se\\\/produkt\\\/%e2%9c%a8-monstrad-topp-fran-zabaione-%e2%9c%a8\\\/#breadcrumb\",\"itemListElement\":[{\"@type\":\"ListItem\",\"position\":1,\"name\":\"Hem\",\"item\":\"https:\\\/\\\/stilanddesign.se\\\/\"},{\"@type\":\"ListItem\",\"position\":2,\"name\":\"Butiken\",\"item\":\"https:\\\/\\\/stilanddesign.se\\\/butiken\\\/\"},{\"@type\":\"ListItem\",\"position\":3,\"name\":\"\u2728 M\u00f6nstrad Topp fr\u00e5n Zabaione \u2728\"}]},{\"@type\":\"WebSite\",\"@id\":\"https:\\\/\\\/stilanddesign.se\\\/#website\",\"url\":\"https:\\\/\\\/stilanddesign.se\\\/\",\"name\":\"Stil &amp; Design\",\"description\":\"F\u00f6r oss som \u00e4lskar mode!\",\"publisher\":{\"@id\":\"https:\\\/\\\/stilanddesign.se\\\/#organization\"},\"potentialAction\":[{\"@type\":\"SearchAction\",\"target\":{\"@type\":\"EntryPoint\",\"urlTemplate\":\"https:\\\/\\\/stilanddesign.se\\\/?s={search_term_string}\"},\"query-input\":{\"@type\":\"PropertyValueSpecification\",\"valueRequired\":true,\"valueName\":\"search_term_string\"}}],\"inLanguage\":\"en-US\"},{\"@type\":\"Organization\",\"@id\":\"https:\\\/\\\/stilanddesign.se\\\/#organization\",\"name\":\"Stil &amp; Design\",\"url\":\"https:\\\/\\\/stilanddesign.se\\\/\",\"logo\":{\"@type\":\"ImageObject\",\"inLanguage\":\"en-US\",\"@id\":\"https:\\\/\\\/stilanddesign.se\\\/#\\\/schema\\\/logo\\\/image\\\/\",\"url\":\"https:\\\/\\\/stilanddesign.se\\\/wp-content\\\/uploads\\\/2023\\\/12\\\/output-onlinepngtools-e1727784413220.png\",\"contentUrl\":\"https:\\\/\\\/stilanddesign.se\\\/wp-content\\\/uploads\\\/2023\\\/12\\\/output-onlinepngtools-e1727784413220.png\",\"width\":519,\"height\":135,\"caption\":\"Stil &amp; Design\"},\"image\":{\"@id\":\"https:\\\/\\\/stilanddesign.se\\\/#\\\/schema\\\/logo\\\/image\\\/\"}}]}<\/script>\n<!-- \/ Yoast SEO Premium plugin. -->","yoast_head_json":{"title":"\u2728 M\u00f6nstrad Topp fr\u00e5n Zabaione \u2728 - Stil &amp; Design","robots":{"index":"index","follow":"follow","max-snippet":"max-snippet:-1","max-image-preview":"max-image-preview:large","max-video-preview":"max-video-preview:-1"},"canonical":"https:\/\/stilanddesign.se\/en\/product\/\u2728-monstrad-topp-fran-zabaione-\u2728\/","og_locale":"en_US","og_type":"article","og_title":"\u2728 M\u00f6nstrad Topp fr\u00e5n Zabaione \u2728","og_description":"\u2728 M\u00f6nstrad Topp fr\u00e5n Zabaione \u2728 En stilfull och l\u00e4ttburen topp med ett modernt och konstn\u00e4rligt m\u00f6nster i vackra jordn\u00e4ra toner. Perfekt f\u00f6r dig som vill ha n\u00e5got som b\u00e5de k\u00e4nns trendigt och bekv\u00e4mt i garderoben! \ud83e\udd0e\ud83d\udc99 \ud83c\udf3f Detaljer vi \u00e4lskar:\u2728 Unikt och trendigt m\u00f6nster\ud83d\udc5a Kort \u00e4rm med avslappnad passform\ud83c\udf38 Dekorativ b\u00e5rd nertill som ger toppen det lilla extra\ud83d\udcab L\u00e4tt och sval kvalitet \u2013 perfekt f\u00f6r b\u00e5de vardag och sommar \ud83d\udc57 Matcha den snyggt med jeans, vita byxor eller kjol f\u00f6r en stilren och chic look. \ud83d\udccf Storlekar: S \u2013 XXL\ud83e\uddf5 Material: 100% viskos\ud83c\udff7 M\u00e4rke: Zabaione \ud83d\udc96 En bekv\u00e4m och elegant favorit som snabbt blir en ny favorit i garderoben!","og_url":"https:\/\/stilanddesign.se\/en\/product\/\u2728-monstrad-topp-fran-zabaione-\u2728\/","og_site_name":"Stil &amp; Design","article_modified_time":"2026-04-14T19:11:56+00:00","og_image":[{"width":889,"height":1280,"url":"https:\/\/stilanddesign.se\/wp-content\/uploads\/2026\/03\/4070709071331_1.jpg","type":"image\/jpeg"}],"twitter_card":"summary_large_image","twitter_misc":{"Est. reading time":"1 minute"},"schema":{"@context":"https:\/\/schema.org","@graph":[{"@type":"WebPage","@id":"https:\/\/stilanddesign.se\/produkt\/%e2%9c%a8-monstrad-topp-fran-zabaione-%e2%9c%a8\/","url":"https:\/\/stilanddesign.se\/produkt\/%e2%9c%a8-monstrad-topp-fran-zabaione-%e2%9c%a8\/","name":"\u2728 M\u00f6nstrad Topp fr\u00e5n Zabaione \u2728 - Stil &amp; Design","isPartOf":{"@id":"https:\/\/stilanddesign.se\/#website"},"primaryImageOfPage":{"@id":"https:\/\/stilanddesign.se\/produkt\/%e2%9c%a8-monstrad-topp-fran-zabaione-%e2%9c%a8\/#primaryimage"},"image":{"@id":"https:\/\/stilanddesign.se\/produkt\/%e2%9c%a8-monstrad-topp-fran-zabaione-%e2%9c%a8\/#primaryimage"},"thumbnailUrl":"https:\/\/stilanddesign.se\/wp-content\/uploads\/2026\/03\/4070709071331_1.jpg","datePublished":"2026-04-13T08:11:46+00:00","dateModified":"2026-04-14T19:11:56+00:00","breadcrumb":{"@id":"https:\/\/stilanddesign.se\/produkt\/%e2%9c%a8-monstrad-topp-fran-zabaione-%e2%9c%a8\/#breadcrumb"},"inLanguage":"en-US","potentialAction":[{"@type":"ReadAction","target":["https:\/\/stilanddesign.se\/produkt\/%e2%9c%a8-monstrad-topp-fran-zabaione-%e2%9c%a8\/"]}]},{"@type":"ImageObject","inLanguage":"en-US","@id":"https:\/\/stilanddesign.se\/produkt\/%e2%9c%a8-monstrad-topp-fran-zabaione-%e2%9c%a8\/#primaryimage","url":"https:\/\/stilanddesign.se\/wp-content\/uploads\/2026\/03\/4070709071331_1.jpg","contentUrl":"https:\/\/stilanddesign.se\/wp-content\/uploads\/2026\/03\/4070709071331_1.jpg","width":889,"height":1280},{"@type":"BreadcrumbList","@id":"https:\/\/stilanddesign.se\/produkt\/%e2%9c%a8-monstrad-topp-fran-zabaione-%e2%9c%a8\/#breadcrumb","itemListElement":[{"@type":"ListItem","position":1,"name":"Hem","item":"https:\/\/stilanddesign.se\/"},{"@type":"ListItem","position":2,"name":"Butiken","item":"https:\/\/stilanddesign.se\/butiken\/"},{"@type":"ListItem","position":3,"name":"\u2728 M\u00f6nstrad Topp fr\u00e5n Zabaione \u2728"}]},{"@type":"WebSite","@id":"https:\/\/stilanddesign.se\/#website","url":"https:\/\/stilanddesign.se\/","name":"Style &amp; Design","description":"For those of us who love fashion!","publisher":{"@id":"https:\/\/stilanddesign.se\/#organization"},"potentialAction":[{"@type":"SearchAction","target":{"@type":"EntryPoint","urlTemplate":"https:\/\/stilanddesign.se\/?s={search_term_string}"},"query-input":{"@type":"PropertyValueSpecification","valueRequired":true,"valueName":"search_term_string"}}],"inLanguage":"en-US"},{"@type":"Organization","@id":"https:\/\/stilanddesign.se\/#organization","name":"Style &amp; Design","url":"https:\/\/stilanddesign.se\/","logo":{"@type":"ImageObject","inLanguage":"en-US","@id":"https:\/\/stilanddesign.se\/#\/schema\/logo\/image\/","url":"https:\/\/stilanddesign.se\/wp-content\/uploads\/2023\/12\/output-onlinepngtools-e1727784413220.png","contentUrl":"https:\/\/stilanddesign.se\/wp-content\/uploads\/2023\/12\/output-onlinepngtools-e1727784413220.png","width":519,"height":135,"caption":"Stil &amp; Design"},"image":{"@id":"https:\/\/stilanddesign.se\/#\/schema\/logo\/image\/"}}]}},"_links":{"self":[{"href":"https:\/\/stilanddesign.se\/en\/wp-json\/wp\/v2\/product\/1068540","targetHints":{"allow":["GET"]}}],"collection":[{"href":"https:\/\/stilanddesign.se\/en\/wp-json\/wp\/v2\/product"}],"about":[{"href":"https:\/\/stilanddesign.se\/en\/wp-json\/wp\/v2\/types\/product"}],"replies":[{"embeddable":true,"href":"https:\/\/stilanddesign.se\/en\/wp-json\/wp\/v2\/comments?post=1068540"}],"wp:featuredmedia":[{"embeddable":true,"href":"https:\/\/stilanddesign.se\/en\/wp-json\/wp\/v2\/media\/1068539"}],"wp:attachment":[{"href":"https:\/\/stilanddesign.se\/en\/wp-json\/wp\/v2\/media?parent=1068540"}],"wp:term":[{"taxonomy":"product_brand","embeddable":true,"href":"https:\/\/stilanddesign.se\/en\/wp-json\/wp\/v2\/product_brand?post=1068540"},{"taxonomy":"product_cat","embeddable":true,"href":"https:\/\/stilanddesign.se\/en\/wp-json\/wp\/v2\/product_cat?post=1068540"},{"taxonomy":"product_tag","embeddable":true,"href":"https:\/\/stilanddesign.se\/en\/wp-json\/wp\/v2\/product_tag?post=1068540"}],"curies":[{"name":"wp","href":"https:\/\/api.w.org\/{rel}","templated":true}]}}