{"id":1068332,"date":"2026-04-10T10:30:34","date_gmt":"2026-04-10T08:30:34","guid":{"rendered":"https:\/\/stilanddesign.se\/?post_type=product&#038;p=1068332"},"modified":"2026-04-15T12:13:33","modified_gmt":"2026-04-15T10:13:33","slug":"topp-i-viskosmix-med-uppvikbar-arm-i-coffee","status":"publish","type":"product","link":"https:\/\/stilanddesign.se\/en\/product\/topp-i-viskosmix-med-uppvikbar-arm-i-coffee\/","title":{"rendered":"Viscose blend top with roll-up sleeves in coffee"},"content":{"rendered":"<p data-start=\"0\" data-end=\"265\"><strong data-start=\"0\" data-end=\"49\">Viscose blend top with roll-up sleeves \u2013 Zabaione<\/strong> \ud83e\udd0d\u2728<br data-start=\"53\" data-end=\"56\" \/>A stylish and super light top in a soft viscose mix that falls nicely and feels cool against the skin \ud83d\ude0d The model has a <strong data-start=\"165\" data-end=\"180\">rounded neck<\/strong> and a relaxed fit that makes it perfect for jeans, skirts and shorts \ud83d\udc56\u2600\ufe0f<\/p>\n<p data-start=\"267\" data-end=\"357\">The sleeve is <strong data-start=\"276\" data-end=\"289\">foldable<\/strong> and can be attached with a small flap for a stylish, practical detail \ud83d\udc4c\u2728<\/p>\n<p data-start=\"359\" data-end=\"461\">\u2705 Round neck<br data-start=\"370\" data-end=\"373\" \/>\u2705 Fold-up sleeve (can be attached)<br data-start=\"401\" data-end=\"404\" \/>\u2705 Light and cool quality<br data-start=\"428\" data-end=\"431\" \/>\u2705 Easy-to-match everyday favorite<\/p>\n<p data-start=\"463\" data-end=\"528\" data-is-last-node=\"\" data-is-only-node=\"\">\ud83d\udccc <strong data-start=\"466\" data-end=\"480\">Sizes:<\/strong> S\u2013XXL<br data-start=\"486\" data-end=\"489\" \/><strong data-start=\"489\" data-end=\"502\">Material:<\/strong> 85% viscose | 15% nylon \ud83e\uddf5<\/p>\n<p data-start=\"463\" data-end=\"528\" data-is-last-node=\"\" data-is-only-node=\"\">This one feels small in size so go up a size.<\/p>","protected":false},"excerpt":{"rendered":"<p data-start=\"0\" data-end=\"265\"><strong data-start=\"0\" data-end=\"49\">Viscose blend top with roll-up sleeves \u2013 Zabaione<\/strong> \ud83e\udd0d\u2728<br data-start=\"53\" data-end=\"56\" \/>A stylish and super light top in a soft viscose mix that falls nicely and feels cool against the skin \ud83d\ude0d The model has a <strong data-start=\"165\" data-end=\"180\">rounded neck<\/strong> and a relaxed fit that makes it perfect for jeans, skirts and shorts \ud83d\udc56\u2600\ufe0f<\/p>\n<p data-start=\"267\" data-end=\"357\">The sleeve is <strong data-start=\"276\" data-end=\"289\">foldable<\/strong> and can be attached with a small flap for a stylish, practical detail \ud83d\udc4c\u2728<\/p>\n<p data-start=\"359\" data-end=\"461\">\u2705 Round neck<br data-start=\"370\" data-end=\"373\" \/>\u2705 Fold-up sleeve (can be attached)<br data-start=\"401\" data-end=\"404\" \/>\u2705 Light and cool quality<br data-start=\"428\" data-end=\"431\" \/>\u2705 Easy-to-match everyday favorite<\/p>\n<p data-start=\"463\" data-end=\"528\" data-is-last-node=\"\" data-is-only-node=\"\">\ud83d\udccc <strong data-start=\"466\" data-end=\"480\">Sizes:<\/strong> S\u2013XXL<br data-start=\"486\" data-end=\"489\" \/><strong data-start=\"489\" data-end=\"502\">Material:<\/strong> 85% viscose | 15% nylon \ud83e\uddf5<\/p>\n<p data-start=\"463\" data-end=\"528\" data-is-last-node=\"\" data-is-only-node=\"\">This one feels small in size so go up a size.<\/p>","protected":false},"featured_media":1068331,"comment_status":"closed","ping_status":"closed","template":"","meta":[],"product_brand":[],"product_cat":[211,217,222],"product_tag":[],"class_list":{"0":"post-1068332","1":"product","2":"type-product","3":"status-publish","4":"has-post-thumbnail","6":"product_cat-blusar","7":"product_cat-produktnyheter","8":"product_cat-toppar-tischor","10":"first","11":"instock","12":"taxable","13":"shipping-taxable","14":"purchasable","15":"product-type-variable"},"yoast_head":"<!-- This site is optimized with the Yoast SEO Premium plugin v27.1 (Yoast SEO v27.4) - https:\/\/yoast.com\/product\/yoast-seo-premium-wordpress\/ -->\n<title>Topp i viskosmix med uppvikbar \u00e4rm i coffee - Stil &amp; Design<\/title>\n<meta name=\"robots\" content=\"index, follow, max-snippet:-1, max-image-preview:large, max-video-preview:-1\" \/>\n<link rel=\"canonical\" href=\"https:\/\/stilanddesign.se\/en\/product\/topp-i-viskosmix-med-uppvikbar-arm-i-coffee\/\" \/>\n<meta property=\"og:locale\" content=\"en_US\" \/>\n<meta property=\"og:type\" content=\"article\" \/>\n<meta property=\"og:title\" content=\"Topp i viskosmix med uppvikbar \u00e4rm i coffee\" \/>\n<meta property=\"og:description\" content=\"Topp i viskosmix med uppvikbar \u00e4rm \u2013 Zabaione \ud83e\udd0d\u2728En stilren och superl\u00e4tt topp i mjuk viskosmix som faller snyggt och k\u00e4nns sval mot huden \ud83d\ude0d Modellen har en rundad hals och en avslappnad passform som g\u00f6r den perfekt till b\u00e5de jeans, kjol och shorts \ud83d\udc56\u2600\ufe0f \u00c4rmen \u00e4r uppvikbar och kan f\u00e4stas med en liten fl\u00e4rp f\u00f6r en snygg, praktisk detalj \ud83d\udc4c\u2728 \u2705 Rund hals\u2705 Uppvikbar \u00e4rm (kan f\u00e4stas)\u2705 L\u00e4tt och sval kvalitet\u2705 L\u00e4ttmatchad vardagsfavorit \ud83d\udccc Storlekar: S\u2013XXLMaterial: 85% viskos | 15% nylon \ud83e\uddf5 Denna upplevs som liten i storlek s\u00e5 g\u00e5 upp en storlek\" \/>\n<meta property=\"og:url\" content=\"https:\/\/stilanddesign.se\/en\/product\/topp-i-viskosmix-med-uppvikbar-arm-i-coffee\/\" \/>\n<meta property=\"og:site_name\" content=\"Stil &amp; Design\" \/>\n<meta property=\"article:modified_time\" content=\"2026-04-15T10:13:33+00:00\" \/>\n<meta property=\"og:image\" content=\"https:\/\/stilanddesign.se\/wp-content\/uploads\/2026\/03\/665654543333333.png\" \/>\n\t<meta property=\"og:image:width\" content=\"427\" \/>\n\t<meta property=\"og:image:height\" content=\"640\" \/>\n\t<meta property=\"og:image:type\" content=\"image\/png\" \/>\n<meta name=\"twitter:card\" content=\"summary_large_image\" \/>\n<meta name=\"twitter:label1\" content=\"Est. reading time\" \/>\n\t<meta name=\"twitter:data1\" content=\"1 minute\" \/>\n<script type=\"application\/ld+json\" class=\"yoast-schema-graph\">{\"@context\":\"https:\\\/\\\/schema.org\",\"@graph\":[{\"@type\":\"WebPage\",\"@id\":\"https:\\\/\\\/stilanddesign.se\\\/produkt\\\/topp-i-viskosmix-med-uppvikbar-arm-i-coffee\\\/\",\"url\":\"https:\\\/\\\/stilanddesign.se\\\/produkt\\\/topp-i-viskosmix-med-uppvikbar-arm-i-coffee\\\/\",\"name\":\"Topp i viskosmix med uppvikbar \u00e4rm i coffee - Stil &amp; Design\",\"isPartOf\":{\"@id\":\"https:\\\/\\\/stilanddesign.se\\\/#website\"},\"primaryImageOfPage\":{\"@id\":\"https:\\\/\\\/stilanddesign.se\\\/produkt\\\/topp-i-viskosmix-med-uppvikbar-arm-i-coffee\\\/#primaryimage\"},\"image\":{\"@id\":\"https:\\\/\\\/stilanddesign.se\\\/produkt\\\/topp-i-viskosmix-med-uppvikbar-arm-i-coffee\\\/#primaryimage\"},\"thumbnailUrl\":\"https:\\\/\\\/stilanddesign.se\\\/wp-content\\\/uploads\\\/2026\\\/03\\\/665654543333333.png\",\"datePublished\":\"2026-04-10T08:30:34+00:00\",\"dateModified\":\"2026-04-15T10:13:33+00:00\",\"breadcrumb\":{\"@id\":\"https:\\\/\\\/stilanddesign.se\\\/produkt\\\/topp-i-viskosmix-med-uppvikbar-arm-i-coffee\\\/#breadcrumb\"},\"inLanguage\":\"en-US\",\"potentialAction\":[{\"@type\":\"ReadAction\",\"target\":[\"https:\\\/\\\/stilanddesign.se\\\/produkt\\\/topp-i-viskosmix-med-uppvikbar-arm-i-coffee\\\/\"]}]},{\"@type\":\"ImageObject\",\"inLanguage\":\"en-US\",\"@id\":\"https:\\\/\\\/stilanddesign.se\\\/produkt\\\/topp-i-viskosmix-med-uppvikbar-arm-i-coffee\\\/#primaryimage\",\"url\":\"https:\\\/\\\/stilanddesign.se\\\/wp-content\\\/uploads\\\/2026\\\/03\\\/665654543333333.png\",\"contentUrl\":\"https:\\\/\\\/stilanddesign.se\\\/wp-content\\\/uploads\\\/2026\\\/03\\\/665654543333333.png\",\"width\":427,\"height\":640,\"caption\":\"Topp i viskosmix med uppvikbar \u00e4rm\"},{\"@type\":\"BreadcrumbList\",\"@id\":\"https:\\\/\\\/stilanddesign.se\\\/produkt\\\/topp-i-viskosmix-med-uppvikbar-arm-i-coffee\\\/#breadcrumb\",\"itemListElement\":[{\"@type\":\"ListItem\",\"position\":1,\"name\":\"Hem\",\"item\":\"https:\\\/\\\/stilanddesign.se\\\/\"},{\"@type\":\"ListItem\",\"position\":2,\"name\":\"Butiken\",\"item\":\"https:\\\/\\\/stilanddesign.se\\\/butiken\\\/\"},{\"@type\":\"ListItem\",\"position\":3,\"name\":\"Topp i viskosmix med uppvikbar \u00e4rm i coffee\"}]},{\"@type\":\"WebSite\",\"@id\":\"https:\\\/\\\/stilanddesign.se\\\/#website\",\"url\":\"https:\\\/\\\/stilanddesign.se\\\/\",\"name\":\"Stil &amp; Design\",\"description\":\"F\u00f6r oss som \u00e4lskar mode!\",\"publisher\":{\"@id\":\"https:\\\/\\\/stilanddesign.se\\\/#organization\"},\"potentialAction\":[{\"@type\":\"SearchAction\",\"target\":{\"@type\":\"EntryPoint\",\"urlTemplate\":\"https:\\\/\\\/stilanddesign.se\\\/?s={search_term_string}\"},\"query-input\":{\"@type\":\"PropertyValueSpecification\",\"valueRequired\":true,\"valueName\":\"search_term_string\"}}],\"inLanguage\":\"en-US\"},{\"@type\":\"Organization\",\"@id\":\"https:\\\/\\\/stilanddesign.se\\\/#organization\",\"name\":\"Stil &amp; Design\",\"url\":\"https:\\\/\\\/stilanddesign.se\\\/\",\"logo\":{\"@type\":\"ImageObject\",\"inLanguage\":\"en-US\",\"@id\":\"https:\\\/\\\/stilanddesign.se\\\/#\\\/schema\\\/logo\\\/image\\\/\",\"url\":\"https:\\\/\\\/stilanddesign.se\\\/wp-content\\\/uploads\\\/2023\\\/12\\\/output-onlinepngtools-e1727784413220.png\",\"contentUrl\":\"https:\\\/\\\/stilanddesign.se\\\/wp-content\\\/uploads\\\/2023\\\/12\\\/output-onlinepngtools-e1727784413220.png\",\"width\":519,\"height\":135,\"caption\":\"Stil &amp; Design\"},\"image\":{\"@id\":\"https:\\\/\\\/stilanddesign.se\\\/#\\\/schema\\\/logo\\\/image\\\/\"}}]}<\/script>\n<!-- \/ Yoast SEO Premium plugin. -->","yoast_head_json":{"title":"Topp i viskosmix med uppvikbar \u00e4rm i coffee - Stil &amp; Design","robots":{"index":"index","follow":"follow","max-snippet":"max-snippet:-1","max-image-preview":"max-image-preview:large","max-video-preview":"max-video-preview:-1"},"canonical":"https:\/\/stilanddesign.se\/en\/product\/topp-i-viskosmix-med-uppvikbar-arm-i-coffee\/","og_locale":"en_US","og_type":"article","og_title":"Topp i viskosmix med uppvikbar \u00e4rm i coffee","og_description":"Topp i viskosmix med uppvikbar \u00e4rm \u2013 Zabaione \ud83e\udd0d\u2728En stilren och superl\u00e4tt topp i mjuk viskosmix som faller snyggt och k\u00e4nns sval mot huden \ud83d\ude0d Modellen har en rundad hals och en avslappnad passform som g\u00f6r den perfekt till b\u00e5de jeans, kjol och shorts \ud83d\udc56\u2600\ufe0f \u00c4rmen \u00e4r uppvikbar och kan f\u00e4stas med en liten fl\u00e4rp f\u00f6r en snygg, praktisk detalj \ud83d\udc4c\u2728 \u2705 Rund hals\u2705 Uppvikbar \u00e4rm (kan f\u00e4stas)\u2705 L\u00e4tt och sval kvalitet\u2705 L\u00e4ttmatchad vardagsfavorit \ud83d\udccc Storlekar: S\u2013XXLMaterial: 85% viskos | 15% nylon \ud83e\uddf5 Denna upplevs som liten i storlek s\u00e5 g\u00e5 upp en storlek","og_url":"https:\/\/stilanddesign.se\/en\/product\/topp-i-viskosmix-med-uppvikbar-arm-i-coffee\/","og_site_name":"Stil &amp; Design","article_modified_time":"2026-04-15T10:13:33+00:00","og_image":[{"width":427,"height":640,"url":"https:\/\/stilanddesign.se\/wp-content\/uploads\/2026\/03\/665654543333333.png","type":"image\/png"}],"twitter_card":"summary_large_image","twitter_misc":{"Est. reading time":"1 minute"},"schema":{"@context":"https:\/\/schema.org","@graph":[{"@type":"WebPage","@id":"https:\/\/stilanddesign.se\/produkt\/topp-i-viskosmix-med-uppvikbar-arm-i-coffee\/","url":"https:\/\/stilanddesign.se\/produkt\/topp-i-viskosmix-med-uppvikbar-arm-i-coffee\/","name":"Topp i viskosmix med uppvikbar \u00e4rm i coffee - Stil &amp; Design","isPartOf":{"@id":"https:\/\/stilanddesign.se\/#website"},"primaryImageOfPage":{"@id":"https:\/\/stilanddesign.se\/produkt\/topp-i-viskosmix-med-uppvikbar-arm-i-coffee\/#primaryimage"},"image":{"@id":"https:\/\/stilanddesign.se\/produkt\/topp-i-viskosmix-med-uppvikbar-arm-i-coffee\/#primaryimage"},"thumbnailUrl":"https:\/\/stilanddesign.se\/wp-content\/uploads\/2026\/03\/665654543333333.png","datePublished":"2026-04-10T08:30:34+00:00","dateModified":"2026-04-15T10:13:33+00:00","breadcrumb":{"@id":"https:\/\/stilanddesign.se\/produkt\/topp-i-viskosmix-med-uppvikbar-arm-i-coffee\/#breadcrumb"},"inLanguage":"en-US","potentialAction":[{"@type":"ReadAction","target":["https:\/\/stilanddesign.se\/produkt\/topp-i-viskosmix-med-uppvikbar-arm-i-coffee\/"]}]},{"@type":"ImageObject","inLanguage":"en-US","@id":"https:\/\/stilanddesign.se\/produkt\/topp-i-viskosmix-med-uppvikbar-arm-i-coffee\/#primaryimage","url":"https:\/\/stilanddesign.se\/wp-content\/uploads\/2026\/03\/665654543333333.png","contentUrl":"https:\/\/stilanddesign.se\/wp-content\/uploads\/2026\/03\/665654543333333.png","width":427,"height":640,"caption":"Topp i viskosmix med uppvikbar \u00e4rm"},{"@type":"BreadcrumbList","@id":"https:\/\/stilanddesign.se\/produkt\/topp-i-viskosmix-med-uppvikbar-arm-i-coffee\/#breadcrumb","itemListElement":[{"@type":"ListItem","position":1,"name":"Hem","item":"https:\/\/stilanddesign.se\/"},{"@type":"ListItem","position":2,"name":"Butiken","item":"https:\/\/stilanddesign.se\/butiken\/"},{"@type":"ListItem","position":3,"name":"Topp i viskosmix med uppvikbar \u00e4rm i coffee"}]},{"@type":"WebSite","@id":"https:\/\/stilanddesign.se\/#website","url":"https:\/\/stilanddesign.se\/","name":"Style &amp; Design","description":"For those of us who love fashion!","publisher":{"@id":"https:\/\/stilanddesign.se\/#organization"},"potentialAction":[{"@type":"SearchAction","target":{"@type":"EntryPoint","urlTemplate":"https:\/\/stilanddesign.se\/?s={search_term_string}"},"query-input":{"@type":"PropertyValueSpecification","valueRequired":true,"valueName":"search_term_string"}}],"inLanguage":"en-US"},{"@type":"Organization","@id":"https:\/\/stilanddesign.se\/#organization","name":"Style &amp; Design","url":"https:\/\/stilanddesign.se\/","logo":{"@type":"ImageObject","inLanguage":"en-US","@id":"https:\/\/stilanddesign.se\/#\/schema\/logo\/image\/","url":"https:\/\/stilanddesign.se\/wp-content\/uploads\/2023\/12\/output-onlinepngtools-e1727784413220.png","contentUrl":"https:\/\/stilanddesign.se\/wp-content\/uploads\/2023\/12\/output-onlinepngtools-e1727784413220.png","width":519,"height":135,"caption":"Stil &amp; Design"},"image":{"@id":"https:\/\/stilanddesign.se\/#\/schema\/logo\/image\/"}}]}},"_links":{"self":[{"href":"https:\/\/stilanddesign.se\/en\/wp-json\/wp\/v2\/product\/1068332","targetHints":{"allow":["GET"]}}],"collection":[{"href":"https:\/\/stilanddesign.se\/en\/wp-json\/wp\/v2\/product"}],"about":[{"href":"https:\/\/stilanddesign.se\/en\/wp-json\/wp\/v2\/types\/product"}],"replies":[{"embeddable":true,"href":"https:\/\/stilanddesign.se\/en\/wp-json\/wp\/v2\/comments?post=1068332"}],"wp:featuredmedia":[{"embeddable":true,"href":"https:\/\/stilanddesign.se\/en\/wp-json\/wp\/v2\/media\/1068331"}],"wp:attachment":[{"href":"https:\/\/stilanddesign.se\/en\/wp-json\/wp\/v2\/media?parent=1068332"}],"wp:term":[{"taxonomy":"product_brand","embeddable":true,"href":"https:\/\/stilanddesign.se\/en\/wp-json\/wp\/v2\/product_brand?post=1068332"},{"taxonomy":"product_cat","embeddable":true,"href":"https:\/\/stilanddesign.se\/en\/wp-json\/wp\/v2\/product_cat?post=1068332"},{"taxonomy":"product_tag","embeddable":true,"href":"https:\/\/stilanddesign.se\/en\/wp-json\/wp\/v2\/product_tag?post=1068332"}],"curies":[{"name":"wp","href":"https:\/\/api.w.org\/{rel}","templated":true}]}}