{"id":1068273,"date":"2026-04-07T15:21:25","date_gmt":"2026-04-07T13:21:25","guid":{"rendered":"https:\/\/stilanddesign.se\/?post_type=product&#038;p=1068273"},"modified":"2026-04-15T09:37:03","modified_gmt":"2026-04-15T07:37:03","slug":"%e2%9c%a8-sneakers-med-gulddetaljer-caramell-fashion-%e2%9c%a8","status":"publish","type":"product","link":"https:\/\/stilanddesign.se\/en\/product\/%e2%9c%a8-sneakers-med-gulddetaljer-caramell-fashion-%e2%9c%a8\/","title":{"rendered":"\u2728 Sneakers with gold details - Caramell Fashion \u2728"},"content":{"rendered":"<h2 data-section-id=\"15sfdtq\" data-start=\"0\" data-end=\"53\">\u2728 Sneakers with gold details - Caramell Fashion \u2728<\/h2>\n<p data-start=\"55\" data-end=\"233\">Stylish sneakers that will lift your entire outfit! \ud83e\udd0d\ud83d\udc5f<br data-start=\"103\" data-end=\"106\" \/>This model combines a classic sneaker design with <strong data-start=\"164\" data-end=\"189\">elegant gold details<\/strong> which gives the shoes a luxurious and trendy feel.<\/p>\n<p data-start=\"235\" data-end=\"315\">Perfect for jeans, dresses or skirts \u2013 a shoe that goes with everything! \u2728<\/p>\n<p data-start=\"317\" data-end=\"472\">\u2728 Stylish white design<br data-start=\"337\" data-end=\"340\" \/>\u2728 Beautiful pattern with gold details<br data-start=\"374\" data-end=\"377\" \/>\u2728 Comfortable sole for all-day use<br data-start=\"417\" data-end=\"420\" \/>\u2728 Perfect for both everyday and more festive outfits<\/p>\n<p data-start=\"474\" data-end=\"532\">\ud83d\udc5f <strong data-start=\"477\" data-end=\"491\">Sizes:<\/strong> 34\u201341<br data-start=\"497\" data-end=\"500\" \/>\ud83c\udff7 <strong data-start=\"503\" data-end=\"513\">Make:<\/strong> Caramell Fashion<\/p>\n<p data-start=\"534\" data-end=\"618\" data-is-last-node=\"\" data-is-only-node=\"\">A sneaker that gives your look <strong data-start=\"562\" data-end=\"615\">that little extra and a really lovely wow feeling!<\/strong> \ud83d\udcab<\/p>","protected":false},"excerpt":{"rendered":"<h2 data-section-id=\"15sfdtq\" data-start=\"0\" data-end=\"53\">\u2728 Sneakers with gold details - Caramell Fashion \u2728<\/h2>\n<p data-start=\"55\" data-end=\"233\">Stylish sneakers that will lift your entire outfit! \ud83e\udd0d\ud83d\udc5f<br data-start=\"103\" data-end=\"106\" \/>This model combines a classic sneaker design with <strong data-start=\"164\" data-end=\"189\">elegant gold details<\/strong> which gives the shoes a luxurious and trendy feel.<\/p>\n<p data-start=\"235\" data-end=\"315\">Perfect for jeans, dresses or skirts \u2013 a shoe that goes with everything! \u2728<\/p>\n<p data-start=\"317\" data-end=\"472\">\u2728 Stylish white design<br data-start=\"337\" data-end=\"340\" \/>\u2728 Beautiful pattern with gold details<br data-start=\"374\" data-end=\"377\" \/>\u2728 Comfortable sole for all-day use<br data-start=\"417\" data-end=\"420\" \/>\u2728 Perfect for both everyday and more festive outfits<\/p>\n<p data-start=\"474\" data-end=\"532\">\ud83d\udc5f <strong data-start=\"477\" data-end=\"491\">Sizes:<\/strong> 34\u201341<br data-start=\"497\" data-end=\"500\" \/>\ud83c\udff7 <strong data-start=\"503\" data-end=\"513\">Make:<\/strong> Caramell Fashion<\/p>\n<p data-start=\"534\" data-end=\"618\" data-is-last-node=\"\" data-is-only-node=\"\">A sneaker that gives your look <strong data-start=\"562\" data-end=\"615\">that little extra and a really lovely wow feeling!<\/strong> \ud83d\udcab<\/p>","protected":false},"featured_media":1068281,"comment_status":"closed","ping_status":"closed","template":"","meta":[],"product_brand":[],"product_cat":[217,210],"product_tag":[],"class_list":{"0":"post-1068273","1":"product","2":"type-product","3":"status-publish","4":"has-post-thumbnail","6":"product_cat-produktnyheter","7":"product_cat-skor-stovlar","9":"first","10":"instock","11":"taxable","12":"shipping-taxable","13":"purchasable","14":"product-type-variable"},"yoast_head":"<!-- This site is optimized with the Yoast SEO Premium plugin v27.1 (Yoast SEO v27.4) - https:\/\/yoast.com\/product\/yoast-seo-premium-wordpress\/ -->\n<title>\u2728 Sneakers med gulddetaljer \u2013 Caramell Fashion \u2728 - Stil &amp; Design<\/title>\n<meta name=\"robots\" content=\"index, follow, max-snippet:-1, max-image-preview:large, max-video-preview:-1\" \/>\n<link rel=\"canonical\" href=\"https:\/\/stilanddesign.se\/en\/product\/\u2728-sneakers-med-gulddetaljer-caramell-fashion-\u2728\/\" \/>\n<meta property=\"og:locale\" content=\"en_US\" \/>\n<meta property=\"og:type\" content=\"article\" \/>\n<meta property=\"og:title\" content=\"\u2728 Sneakers med gulddetaljer \u2013 Caramell Fashion \u2728\" \/>\n<meta property=\"og:description\" content=\"\u2728 Sneakers med gulddetaljer \u2013 Caramell Fashion \u2728 Snygga sneakers som lyfter hela din outfit! \ud83e\udd0d\ud83d\udc5fDen h\u00e4r modellen kombinerar en klassisk sneakerdesign med eleganta gulddetaljer som ger skorna en lyxig och trendig k\u00e4nsla. Perfekta till b\u00e5de jeans, kl\u00e4nning eller kjol \u2013 en sko som funkar till allt! \u2728 \u2728 Stilren vit design\u2728 Vackert m\u00f6nster med gulddetaljer\u2728 Bekv\u00e4m sula f\u00f6r hela dagens anv\u00e4ndning\u2728 Perfekta till b\u00e5de vardag och festligare outfits \ud83d\udc5f Storlekar: 34\u201341\ud83c\udff7 M\u00e4rke: Caramell Fashion En sneaker som ger din look det lilla extra och en riktigt h\u00e4rlig wow-k\u00e4nsla! \ud83d\udcab\" \/>\n<meta property=\"og:url\" content=\"https:\/\/stilanddesign.se\/en\/product\/\u2728-sneakers-med-gulddetaljer-caramell-fashion-\u2728\/\" \/>\n<meta property=\"og:site_name\" content=\"Stil &amp; Design\" \/>\n<meta property=\"article:modified_time\" content=\"2026-04-15T07:37:03+00:00\" \/>\n<meta property=\"og:image\" content=\"https:\/\/stilanddesign.se\/wp-content\/uploads\/2026\/03\/ChatGPT-Image-8-mars-2026-10_37_51-1024x683.png\" \/>\n\t<meta property=\"og:image:width\" content=\"1024\" \/>\n\t<meta property=\"og:image:height\" content=\"683\" \/>\n\t<meta property=\"og:image:type\" content=\"image\/png\" \/>\n<meta name=\"twitter:card\" content=\"summary_large_image\" \/>\n<meta name=\"twitter:label1\" content=\"Est. reading time\" \/>\n\t<meta name=\"twitter:data1\" content=\"1 minute\" \/>\n<script type=\"application\/ld+json\" class=\"yoast-schema-graph\">{\"@context\":\"https:\\\/\\\/schema.org\",\"@graph\":[{\"@type\":\"WebPage\",\"@id\":\"https:\\\/\\\/stilanddesign.se\\\/produkt\\\/%e2%9c%a8-sneakers-med-gulddetaljer-caramell-fashion-%e2%9c%a8\\\/\",\"url\":\"https:\\\/\\\/stilanddesign.se\\\/produkt\\\/%e2%9c%a8-sneakers-med-gulddetaljer-caramell-fashion-%e2%9c%a8\\\/\",\"name\":\"\u2728 Sneakers med gulddetaljer \u2013 Caramell Fashion \u2728 - Stil &amp; Design\",\"isPartOf\":{\"@id\":\"https:\\\/\\\/stilanddesign.se\\\/#website\"},\"primaryImageOfPage\":{\"@id\":\"https:\\\/\\\/stilanddesign.se\\\/produkt\\\/%e2%9c%a8-sneakers-med-gulddetaljer-caramell-fashion-%e2%9c%a8\\\/#primaryimage\"},\"image\":{\"@id\":\"https:\\\/\\\/stilanddesign.se\\\/produkt\\\/%e2%9c%a8-sneakers-med-gulddetaljer-caramell-fashion-%e2%9c%a8\\\/#primaryimage\"},\"thumbnailUrl\":\"https:\\\/\\\/stilanddesign.se\\\/wp-content\\\/uploads\\\/2026\\\/03\\\/ChatGPT-Image-8-mars-2026-10_37_51.png\",\"datePublished\":\"2026-04-07T13:21:25+00:00\",\"dateModified\":\"2026-04-15T07:37:03+00:00\",\"breadcrumb\":{\"@id\":\"https:\\\/\\\/stilanddesign.se\\\/produkt\\\/%e2%9c%a8-sneakers-med-gulddetaljer-caramell-fashion-%e2%9c%a8\\\/#breadcrumb\"},\"inLanguage\":\"en-US\",\"potentialAction\":[{\"@type\":\"ReadAction\",\"target\":[\"https:\\\/\\\/stilanddesign.se\\\/produkt\\\/%e2%9c%a8-sneakers-med-gulddetaljer-caramell-fashion-%e2%9c%a8\\\/\"]}]},{\"@type\":\"ImageObject\",\"inLanguage\":\"en-US\",\"@id\":\"https:\\\/\\\/stilanddesign.se\\\/produkt\\\/%e2%9c%a8-sneakers-med-gulddetaljer-caramell-fashion-%e2%9c%a8\\\/#primaryimage\",\"url\":\"https:\\\/\\\/stilanddesign.se\\\/wp-content\\\/uploads\\\/2026\\\/03\\\/ChatGPT-Image-8-mars-2026-10_37_51.png\",\"contentUrl\":\"https:\\\/\\\/stilanddesign.se\\\/wp-content\\\/uploads\\\/2026\\\/03\\\/ChatGPT-Image-8-mars-2026-10_37_51.png\",\"width\":1536,\"height\":1024},{\"@type\":\"BreadcrumbList\",\"@id\":\"https:\\\/\\\/stilanddesign.se\\\/produkt\\\/%e2%9c%a8-sneakers-med-gulddetaljer-caramell-fashion-%e2%9c%a8\\\/#breadcrumb\",\"itemListElement\":[{\"@type\":\"ListItem\",\"position\":1,\"name\":\"Hem\",\"item\":\"https:\\\/\\\/stilanddesign.se\\\/\"},{\"@type\":\"ListItem\",\"position\":2,\"name\":\"Butiken\",\"item\":\"https:\\\/\\\/stilanddesign.se\\\/butiken\\\/\"},{\"@type\":\"ListItem\",\"position\":3,\"name\":\"\u2728 Sneakers med gulddetaljer \u2013 Caramell Fashion \u2728\"}]},{\"@type\":\"WebSite\",\"@id\":\"https:\\\/\\\/stilanddesign.se\\\/#website\",\"url\":\"https:\\\/\\\/stilanddesign.se\\\/\",\"name\":\"Stil &amp; Design\",\"description\":\"F\u00f6r oss som \u00e4lskar mode!\",\"publisher\":{\"@id\":\"https:\\\/\\\/stilanddesign.se\\\/#organization\"},\"potentialAction\":[{\"@type\":\"SearchAction\",\"target\":{\"@type\":\"EntryPoint\",\"urlTemplate\":\"https:\\\/\\\/stilanddesign.se\\\/?s={search_term_string}\"},\"query-input\":{\"@type\":\"PropertyValueSpecification\",\"valueRequired\":true,\"valueName\":\"search_term_string\"}}],\"inLanguage\":\"en-US\"},{\"@type\":\"Organization\",\"@id\":\"https:\\\/\\\/stilanddesign.se\\\/#organization\",\"name\":\"Stil &amp; Design\",\"url\":\"https:\\\/\\\/stilanddesign.se\\\/\",\"logo\":{\"@type\":\"ImageObject\",\"inLanguage\":\"en-US\",\"@id\":\"https:\\\/\\\/stilanddesign.se\\\/#\\\/schema\\\/logo\\\/image\\\/\",\"url\":\"https:\\\/\\\/stilanddesign.se\\\/wp-content\\\/uploads\\\/2023\\\/12\\\/output-onlinepngtools-e1727784413220.png\",\"contentUrl\":\"https:\\\/\\\/stilanddesign.se\\\/wp-content\\\/uploads\\\/2023\\\/12\\\/output-onlinepngtools-e1727784413220.png\",\"width\":519,\"height\":135,\"caption\":\"Stil &amp; Design\"},\"image\":{\"@id\":\"https:\\\/\\\/stilanddesign.se\\\/#\\\/schema\\\/logo\\\/image\\\/\"}}]}<\/script>\n<!-- \/ Yoast SEO Premium plugin. -->","yoast_head_json":{"title":"\u2728 Sneakers med gulddetaljer \u2013 Caramell Fashion \u2728 - Stil &amp; Design","robots":{"index":"index","follow":"follow","max-snippet":"max-snippet:-1","max-image-preview":"max-image-preview:large","max-video-preview":"max-video-preview:-1"},"canonical":"https:\/\/stilanddesign.se\/en\/product\/\u2728-sneakers-med-gulddetaljer-caramell-fashion-\u2728\/","og_locale":"en_US","og_type":"article","og_title":"\u2728 Sneakers med gulddetaljer \u2013 Caramell Fashion \u2728","og_description":"\u2728 Sneakers med gulddetaljer \u2013 Caramell Fashion \u2728 Snygga sneakers som lyfter hela din outfit! \ud83e\udd0d\ud83d\udc5fDen h\u00e4r modellen kombinerar en klassisk sneakerdesign med eleganta gulddetaljer som ger skorna en lyxig och trendig k\u00e4nsla. Perfekta till b\u00e5de jeans, kl\u00e4nning eller kjol \u2013 en sko som funkar till allt! \u2728 \u2728 Stilren vit design\u2728 Vackert m\u00f6nster med gulddetaljer\u2728 Bekv\u00e4m sula f\u00f6r hela dagens anv\u00e4ndning\u2728 Perfekta till b\u00e5de vardag och festligare outfits \ud83d\udc5f Storlekar: 34\u201341\ud83c\udff7 M\u00e4rke: Caramell Fashion En sneaker som ger din look det lilla extra och en riktigt h\u00e4rlig wow-k\u00e4nsla! \ud83d\udcab","og_url":"https:\/\/stilanddesign.se\/en\/product\/\u2728-sneakers-med-gulddetaljer-caramell-fashion-\u2728\/","og_site_name":"Stil &amp; Design","article_modified_time":"2026-04-15T07:37:03+00:00","og_image":[{"width":1024,"height":683,"url":"https:\/\/stilanddesign.se\/wp-content\/uploads\/2026\/03\/ChatGPT-Image-8-mars-2026-10_37_51-1024x683.png","type":"image\/png"}],"twitter_card":"summary_large_image","twitter_misc":{"Est. reading time":"1 minute"},"schema":{"@context":"https:\/\/schema.org","@graph":[{"@type":"WebPage","@id":"https:\/\/stilanddesign.se\/produkt\/%e2%9c%a8-sneakers-med-gulddetaljer-caramell-fashion-%e2%9c%a8\/","url":"https:\/\/stilanddesign.se\/produkt\/%e2%9c%a8-sneakers-med-gulddetaljer-caramell-fashion-%e2%9c%a8\/","name":"\u2728 Sneakers med gulddetaljer \u2013 Caramell Fashion \u2728 - Stil &amp; Design","isPartOf":{"@id":"https:\/\/stilanddesign.se\/#website"},"primaryImageOfPage":{"@id":"https:\/\/stilanddesign.se\/produkt\/%e2%9c%a8-sneakers-med-gulddetaljer-caramell-fashion-%e2%9c%a8\/#primaryimage"},"image":{"@id":"https:\/\/stilanddesign.se\/produkt\/%e2%9c%a8-sneakers-med-gulddetaljer-caramell-fashion-%e2%9c%a8\/#primaryimage"},"thumbnailUrl":"https:\/\/stilanddesign.se\/wp-content\/uploads\/2026\/03\/ChatGPT-Image-8-mars-2026-10_37_51.png","datePublished":"2026-04-07T13:21:25+00:00","dateModified":"2026-04-15T07:37:03+00:00","breadcrumb":{"@id":"https:\/\/stilanddesign.se\/produkt\/%e2%9c%a8-sneakers-med-gulddetaljer-caramell-fashion-%e2%9c%a8\/#breadcrumb"},"inLanguage":"en-US","potentialAction":[{"@type":"ReadAction","target":["https:\/\/stilanddesign.se\/produkt\/%e2%9c%a8-sneakers-med-gulddetaljer-caramell-fashion-%e2%9c%a8\/"]}]},{"@type":"ImageObject","inLanguage":"en-US","@id":"https:\/\/stilanddesign.se\/produkt\/%e2%9c%a8-sneakers-med-gulddetaljer-caramell-fashion-%e2%9c%a8\/#primaryimage","url":"https:\/\/stilanddesign.se\/wp-content\/uploads\/2026\/03\/ChatGPT-Image-8-mars-2026-10_37_51.png","contentUrl":"https:\/\/stilanddesign.se\/wp-content\/uploads\/2026\/03\/ChatGPT-Image-8-mars-2026-10_37_51.png","width":1536,"height":1024},{"@type":"BreadcrumbList","@id":"https:\/\/stilanddesign.se\/produkt\/%e2%9c%a8-sneakers-med-gulddetaljer-caramell-fashion-%e2%9c%a8\/#breadcrumb","itemListElement":[{"@type":"ListItem","position":1,"name":"Hem","item":"https:\/\/stilanddesign.se\/"},{"@type":"ListItem","position":2,"name":"Butiken","item":"https:\/\/stilanddesign.se\/butiken\/"},{"@type":"ListItem","position":3,"name":"\u2728 Sneakers med gulddetaljer \u2013 Caramell Fashion \u2728"}]},{"@type":"WebSite","@id":"https:\/\/stilanddesign.se\/#website","url":"https:\/\/stilanddesign.se\/","name":"Style &amp; Design","description":"For those of us who love fashion!","publisher":{"@id":"https:\/\/stilanddesign.se\/#organization"},"potentialAction":[{"@type":"SearchAction","target":{"@type":"EntryPoint","urlTemplate":"https:\/\/stilanddesign.se\/?s={search_term_string}"},"query-input":{"@type":"PropertyValueSpecification","valueRequired":true,"valueName":"search_term_string"}}],"inLanguage":"en-US"},{"@type":"Organization","@id":"https:\/\/stilanddesign.se\/#organization","name":"Style &amp; Design","url":"https:\/\/stilanddesign.se\/","logo":{"@type":"ImageObject","inLanguage":"en-US","@id":"https:\/\/stilanddesign.se\/#\/schema\/logo\/image\/","url":"https:\/\/stilanddesign.se\/wp-content\/uploads\/2023\/12\/output-onlinepngtools-e1727784413220.png","contentUrl":"https:\/\/stilanddesign.se\/wp-content\/uploads\/2023\/12\/output-onlinepngtools-e1727784413220.png","width":519,"height":135,"caption":"Stil &amp; Design"},"image":{"@id":"https:\/\/stilanddesign.se\/#\/schema\/logo\/image\/"}}]}},"_links":{"self":[{"href":"https:\/\/stilanddesign.se\/en\/wp-json\/wp\/v2\/product\/1068273","targetHints":{"allow":["GET"]}}],"collection":[{"href":"https:\/\/stilanddesign.se\/en\/wp-json\/wp\/v2\/product"}],"about":[{"href":"https:\/\/stilanddesign.se\/en\/wp-json\/wp\/v2\/types\/product"}],"replies":[{"embeddable":true,"href":"https:\/\/stilanddesign.se\/en\/wp-json\/wp\/v2\/comments?post=1068273"}],"wp:featuredmedia":[{"embeddable":true,"href":"https:\/\/stilanddesign.se\/en\/wp-json\/wp\/v2\/media\/1068281"}],"wp:attachment":[{"href":"https:\/\/stilanddesign.se\/en\/wp-json\/wp\/v2\/media?parent=1068273"}],"wp:term":[{"taxonomy":"product_brand","embeddable":true,"href":"https:\/\/stilanddesign.se\/en\/wp-json\/wp\/v2\/product_brand?post=1068273"},{"taxonomy":"product_cat","embeddable":true,"href":"https:\/\/stilanddesign.se\/en\/wp-json\/wp\/v2\/product_cat?post=1068273"},{"taxonomy":"product_tag","embeddable":true,"href":"https:\/\/stilanddesign.se\/en\/wp-json\/wp\/v2\/product_tag?post=1068273"}],"curies":[{"name":"wp","href":"https:\/\/api.w.org\/{rel}","templated":true}]}}