{"id":1068267,"date":"2026-04-27T17:08:00","date_gmt":"2026-04-27T15:08:00","guid":{"rendered":"https:\/\/stilanddesign.se\/?post_type=product&#038;p=1068267"},"modified":"2026-04-28T15:02:47","modified_gmt":"2026-04-28T13:02:47","slug":"%f0%9f%8c%bc-t-shirt-med-virkade-blommor-caramell-fashion-%f0%9f%8c%bc-2","status":"publish","type":"product","link":"https:\/\/stilanddesign.se\/en\/product\/%f0%9f%8c%bc-t-shirt-med-virkade-blommor-caramell-fashion-%f0%9f%8c%bc-2\/","title":{"rendered":"\ud83c\udf3c T-shirt with crocheted flowers \u2013 Caramell Fashion \ud83c\udf3c"},"content":{"rendered":"<h2 data-section-id=\"bj19j4\" data-start=\"0\" data-end=\"57\">\ud83c\udf3c T-shirt with crocheted flowers \u2013 Caramell Fashion \ud83c\udf3c<\/h2>\n<p data-start=\"59\" data-end=\"265\">A really charming t-shirt that stands out in a nice way! \u2728<br data-start=\"120\" data-end=\"123\" \/>This model from <strong data-start=\"145\" data-end=\"165\">Caramell Fashion<\/strong> has a decorative print with <strong data-start=\"195\" data-end=\"221\">beautiful crocheted flowers<\/strong> which gives the garment a unique and feminine feel.<\/p>\n<p data-start=\"267\" data-end=\"344\">Perfect when you want a simple t-shirt but still with that little something extra \ud83c\udf38<\/p>\n<p data-start=\"346\" data-end=\"500\">\u2728 Round neckline<br data-start=\"365\" data-end=\"368\" \/>\u2728 Soft and stretchy cotton quality<br data-start=\"403\" data-end=\"406\" \/>\u2728 Decorative crochet flowers on the front<br data-start=\"443\" data-end=\"446\" \/>\u2728 Easy to match with jeans, skirts or shorts<\/p>\n<p data-start=\"502\" data-end=\"564\">A t-shirt that gives your outfit a <strong data-start=\"535\" data-end=\"559\">sweet and summery touch<\/strong> \u2600\ufe0f<\/p>\n<p data-start=\"566\" data-end=\"610\">\ud83e\uddf5 <strong data-start=\"569\" data-end=\"582\">Material:<\/strong><br data-start=\"582\" data-end=\"585\" \/>95% cotton<br data-start=\"595\" data-end=\"598\" \/>5% elastane<\/p>\n<p data-start=\"612\" data-end=\"644\">\ud83d\udccf <strong data-start=\"615\" data-end=\"629\">Sizes:<\/strong><br data-start=\"629\" data-end=\"632\" \/>S\/M<br data-start=\"635\" data-end=\"638\" \/>L\/XL<\/p>\n<p data-start=\"646\" data-end=\"701\">\ud83e\uddfa <strong data-start=\"649\" data-end=\"662\">Washing instructions:<\/strong> 30\u00b0<br data-start=\"666\" data-end=\"669\" \/>\ud83d\udc5a <strong data-start=\"672\" data-end=\"682\">Make:<\/strong> Caramell Fashion<\/p>\n<p data-start=\"703\" data-end=\"771\" data-is-last-node=\"\" data-is-only-node=\"\">A <strong data-start=\"706\" data-end=\"766\">super nice t-shirt that will quickly become a favorite in your wardrobe<\/strong> \ud83e\udd0d\ud83c\udf3c<\/p>","protected":false},"excerpt":{"rendered":"<h2 data-section-id=\"bj19j4\" data-start=\"0\" data-end=\"57\">\ud83c\udf3c T-shirt with crocheted flowers \u2013 Caramell Fashion \ud83c\udf3c<\/h2>\n<p data-start=\"59\" data-end=\"265\">A really charming t-shirt that stands out in a nice way! \u2728<br data-start=\"120\" data-end=\"123\" \/>This model from <strong data-start=\"145\" data-end=\"165\">Caramell Fashion<\/strong> has a decorative print with <strong data-start=\"195\" data-end=\"221\">beautiful crocheted flowers<\/strong> which gives the garment a unique and feminine feel.<\/p>\n<p data-start=\"267\" data-end=\"344\">Perfect when you want a simple t-shirt but still with that little something extra \ud83c\udf38<\/p>\n<p data-start=\"346\" data-end=\"500\">\u2728 Round neckline<br data-start=\"365\" data-end=\"368\" \/>\u2728 Soft and stretchy cotton quality<br data-start=\"403\" data-end=\"406\" \/>\u2728 Decorative crochet flowers on the front<br data-start=\"443\" data-end=\"446\" \/>\u2728 Easy to match with jeans, skirts or shorts<\/p>\n<p data-start=\"502\" data-end=\"564\">A t-shirt that gives your outfit a <strong data-start=\"535\" data-end=\"559\">sweet and summery touch<\/strong> \u2600\ufe0f<\/p>\n<p data-start=\"566\" data-end=\"610\">\ud83e\uddf5 <strong data-start=\"569\" data-end=\"582\">Material:<\/strong><br data-start=\"582\" data-end=\"585\" \/>95% cotton<br data-start=\"595\" data-end=\"598\" \/>5% elastane<\/p>\n<p data-start=\"612\" data-end=\"644\">\ud83d\udccf <strong data-start=\"615\" data-end=\"629\">Sizes:<\/strong><br data-start=\"629\" data-end=\"632\" \/>S\/M<br data-start=\"635\" data-end=\"638\" \/>L\/XL<\/p>\n<p data-start=\"646\" data-end=\"701\">\ud83e\uddfa <strong data-start=\"649\" data-end=\"662\">Washing instructions:<\/strong> 30\u00b0<br data-start=\"666\" data-end=\"669\" \/>\ud83d\udc5a <strong data-start=\"672\" data-end=\"682\">Make:<\/strong> Caramell Fashion<\/p>\n<p data-start=\"703\" data-end=\"771\" data-is-last-node=\"\" data-is-only-node=\"\">A <strong data-start=\"706\" data-end=\"766\">super nice t-shirt that will quickly become a favorite in your wardrobe<\/strong> \ud83e\udd0d\ud83c\udf3c<\/p>","protected":false},"featured_media":1068265,"comment_status":"closed","ping_status":"closed","template":"","meta":[],"product_brand":[],"product_cat":[217,222],"product_tag":[],"class_list":{"0":"post-1068267","1":"product","2":"type-product","3":"status-publish","4":"has-post-thumbnail","6":"product_cat-produktnyheter","7":"product_cat-toppar-tischor","9":"first","10":"instock","11":"taxable","12":"shipping-taxable","13":"purchasable","14":"product-type-variable"},"yoast_head":"<!-- This site is optimized with the Yoast SEO Premium plugin v27.4 (Yoast SEO v27.4) - https:\/\/yoast.com\/product\/yoast-seo-premium-wordpress\/ -->\n<title>\ud83c\udf3c T-shirt med virkade blommor \u2013 Caramell Fashion \ud83c\udf3c - Stil &amp; Design<\/title>\n<meta name=\"robots\" content=\"index, follow, max-snippet:-1, max-image-preview:large, max-video-preview:-1\" \/>\n<link rel=\"canonical\" href=\"https:\/\/stilanddesign.se\/en\/product\/\ud83c\udf3c-t-shirt-med-virkade-blommor-caramell-fashion-\ud83c\udf3c-2\/\" \/>\n<meta property=\"og:locale\" content=\"en_US\" \/>\n<meta property=\"og:type\" content=\"article\" \/>\n<meta property=\"og:title\" content=\"\ud83c\udf3c T-shirt med virkade blommor \u2013 Caramell Fashion \ud83c\udf3c\" \/>\n<meta property=\"og:description\" content=\"\ud83c\udf3c T-shirt med virkade blommor \u2013 Caramell Fashion \ud83c\udf3c En riktigt charmig t-shirt som sticker ut p\u00e5 ett fint s\u00e4tt! \u2728Den h\u00e4r modellen fr\u00e5n Caramell Fashion har ett dekorativt tryck med vackra virkade blommor som ger plagget en unik och feminin k\u00e4nsla. Perfekt n\u00e4r du vill ha en enkel t-shirt men \u00e4nd\u00e5 med det d\u00e4r lilla extra \ud83c\udf38 \u2728 Rund halsringning\u2728 Mjuk och stretchig bomullskvalit\u00e9\u2728 Dekorativa virkade blommor framtill\u2728 L\u00e4tt att matcha till b\u00e5de jeans, kjol eller shorts En t-shirt som ger din outfit en s\u00f6t och somrig touch \u2600\ufe0f \ud83e\uddf5 Material:95% bomull5% elastan \ud83d\udccf Storlekar:S\/ML\/XL \ud83e\uddfa Tv\u00e4ttr\u00e5d: 30\u00b0\ud83d\udc5a M\u00e4rke: Caramell Fashion En superfin t-shirt som snabbt blir en favorit i garderoben \ud83e\udd0d\ud83c\udf3c\" \/>\n<meta property=\"og:url\" content=\"https:\/\/stilanddesign.se\/en\/product\/\ud83c\udf3c-t-shirt-med-virkade-blommor-caramell-fashion-\ud83c\udf3c-2\/\" \/>\n<meta property=\"og:site_name\" content=\"Stil &amp; Design\" \/>\n<meta property=\"article:modified_time\" content=\"2026-04-28T13:02:47+00:00\" \/>\n<meta property=\"og:image\" content=\"https:\/\/stilanddesign.se\/wp-content\/uploads\/2026\/03\/ChatGPT-Image-8-mars-2026-10_23_16-683x1024.png\" \/>\n\t<meta property=\"og:image:width\" content=\"683\" \/>\n\t<meta property=\"og:image:height\" content=\"1024\" \/>\n\t<meta property=\"og:image:type\" content=\"image\/png\" \/>\n<meta name=\"twitter:card\" content=\"summary_large_image\" \/>\n<meta name=\"twitter:label1\" content=\"Est. reading time\" \/>\n\t<meta name=\"twitter:data1\" content=\"1 minute\" \/>\n<script type=\"application\/ld+json\" class=\"yoast-schema-graph\">{\"@context\":\"https:\\\/\\\/schema.org\",\"@graph\":[{\"@type\":\"WebPage\",\"@id\":\"https:\\\/\\\/stilanddesign.se\\\/produkt\\\/%f0%9f%8c%bc-t-shirt-med-virkade-blommor-caramell-fashion-%f0%9f%8c%bc-2\\\/\",\"url\":\"https:\\\/\\\/stilanddesign.se\\\/produkt\\\/%f0%9f%8c%bc-t-shirt-med-virkade-blommor-caramell-fashion-%f0%9f%8c%bc-2\\\/\",\"name\":\"\ud83c\udf3c T-shirt med virkade blommor \u2013 Caramell Fashion \ud83c\udf3c - Stil &amp; Design\",\"isPartOf\":{\"@id\":\"https:\\\/\\\/stilanddesign.se\\\/#website\"},\"primaryImageOfPage\":{\"@id\":\"https:\\\/\\\/stilanddesign.se\\\/produkt\\\/%f0%9f%8c%bc-t-shirt-med-virkade-blommor-caramell-fashion-%f0%9f%8c%bc-2\\\/#primaryimage\"},\"image\":{\"@id\":\"https:\\\/\\\/stilanddesign.se\\\/produkt\\\/%f0%9f%8c%bc-t-shirt-med-virkade-blommor-caramell-fashion-%f0%9f%8c%bc-2\\\/#primaryimage\"},\"thumbnailUrl\":\"https:\\\/\\\/stilanddesign.se\\\/wp-content\\\/uploads\\\/2026\\\/03\\\/ChatGPT-Image-8-mars-2026-10_23_16.png\",\"datePublished\":\"2026-04-27T15:08:00+00:00\",\"dateModified\":\"2026-04-28T13:02:47+00:00\",\"breadcrumb\":{\"@id\":\"https:\\\/\\\/stilanddesign.se\\\/produkt\\\/%f0%9f%8c%bc-t-shirt-med-virkade-blommor-caramell-fashion-%f0%9f%8c%bc-2\\\/#breadcrumb\"},\"inLanguage\":\"en-US\",\"potentialAction\":[{\"@type\":\"ReadAction\",\"target\":[\"https:\\\/\\\/stilanddesign.se\\\/produkt\\\/%f0%9f%8c%bc-t-shirt-med-virkade-blommor-caramell-fashion-%f0%9f%8c%bc-2\\\/\"]}]},{\"@type\":\"ImageObject\",\"inLanguage\":\"en-US\",\"@id\":\"https:\\\/\\\/stilanddesign.se\\\/produkt\\\/%f0%9f%8c%bc-t-shirt-med-virkade-blommor-caramell-fashion-%f0%9f%8c%bc-2\\\/#primaryimage\",\"url\":\"https:\\\/\\\/stilanddesign.se\\\/wp-content\\\/uploads\\\/2026\\\/03\\\/ChatGPT-Image-8-mars-2026-10_23_16.png\",\"contentUrl\":\"https:\\\/\\\/stilanddesign.se\\\/wp-content\\\/uploads\\\/2026\\\/03\\\/ChatGPT-Image-8-mars-2026-10_23_16.png\",\"width\":1024,\"height\":1536},{\"@type\":\"BreadcrumbList\",\"@id\":\"https:\\\/\\\/stilanddesign.se\\\/produkt\\\/%f0%9f%8c%bc-t-shirt-med-virkade-blommor-caramell-fashion-%f0%9f%8c%bc-2\\\/#breadcrumb\",\"itemListElement\":[{\"@type\":\"ListItem\",\"position\":1,\"name\":\"Hem\",\"item\":\"https:\\\/\\\/stilanddesign.se\\\/\"},{\"@type\":\"ListItem\",\"position\":2,\"name\":\"Butiken\",\"item\":\"https:\\\/\\\/stilanddesign.se\\\/butiken\\\/\"},{\"@type\":\"ListItem\",\"position\":3,\"name\":\"\ud83c\udf3c T-shirt med virkade blommor \u2013 Caramell Fashion \ud83c\udf3c\"}]},{\"@type\":\"WebSite\",\"@id\":\"https:\\\/\\\/stilanddesign.se\\\/#website\",\"url\":\"https:\\\/\\\/stilanddesign.se\\\/\",\"name\":\"Stil &amp; Design\",\"description\":\"F\u00f6r oss som \u00e4lskar mode!\",\"publisher\":{\"@id\":\"https:\\\/\\\/stilanddesign.se\\\/#organization\"},\"potentialAction\":[{\"@type\":\"SearchAction\",\"target\":{\"@type\":\"EntryPoint\",\"urlTemplate\":\"https:\\\/\\\/stilanddesign.se\\\/?s={search_term_string}\"},\"query-input\":{\"@type\":\"PropertyValueSpecification\",\"valueRequired\":true,\"valueName\":\"search_term_string\"}}],\"inLanguage\":\"en-US\"},{\"@type\":\"Organization\",\"@id\":\"https:\\\/\\\/stilanddesign.se\\\/#organization\",\"name\":\"Stil &amp; Design\",\"url\":\"https:\\\/\\\/stilanddesign.se\\\/\",\"logo\":{\"@type\":\"ImageObject\",\"inLanguage\":\"en-US\",\"@id\":\"https:\\\/\\\/stilanddesign.se\\\/#\\\/schema\\\/logo\\\/image\\\/\",\"url\":\"https:\\\/\\\/stilanddesign.se\\\/wp-content\\\/uploads\\\/2023\\\/12\\\/output-onlinepngtools-e1727784413220.png\",\"contentUrl\":\"https:\\\/\\\/stilanddesign.se\\\/wp-content\\\/uploads\\\/2023\\\/12\\\/output-onlinepngtools-e1727784413220.png\",\"width\":519,\"height\":135,\"caption\":\"Stil &amp; Design\"},\"image\":{\"@id\":\"https:\\\/\\\/stilanddesign.se\\\/#\\\/schema\\\/logo\\\/image\\\/\"}}]}<\/script>\n<!-- \/ Yoast SEO Premium plugin. -->","yoast_head_json":{"title":"\ud83c\udf3c T-shirt med virkade blommor \u2013 Caramell Fashion \ud83c\udf3c - Stil &amp; Design","robots":{"index":"index","follow":"follow","max-snippet":"max-snippet:-1","max-image-preview":"max-image-preview:large","max-video-preview":"max-video-preview:-1"},"canonical":"https:\/\/stilanddesign.se\/en\/product\/\ud83c\udf3c-t-shirt-med-virkade-blommor-caramell-fashion-\ud83c\udf3c-2\/","og_locale":"en_US","og_type":"article","og_title":"\ud83c\udf3c T-shirt med virkade blommor \u2013 Caramell Fashion \ud83c\udf3c","og_description":"\ud83c\udf3c T-shirt med virkade blommor \u2013 Caramell Fashion \ud83c\udf3c En riktigt charmig t-shirt som sticker ut p\u00e5 ett fint s\u00e4tt! \u2728Den h\u00e4r modellen fr\u00e5n Caramell Fashion har ett dekorativt tryck med vackra virkade blommor som ger plagget en unik och feminin k\u00e4nsla. Perfekt n\u00e4r du vill ha en enkel t-shirt men \u00e4nd\u00e5 med det d\u00e4r lilla extra \ud83c\udf38 \u2728 Rund halsringning\u2728 Mjuk och stretchig bomullskvalit\u00e9\u2728 Dekorativa virkade blommor framtill\u2728 L\u00e4tt att matcha till b\u00e5de jeans, kjol eller shorts En t-shirt som ger din outfit en s\u00f6t och somrig touch \u2600\ufe0f \ud83e\uddf5 Material:95% bomull5% elastan \ud83d\udccf Storlekar:S\/ML\/XL \ud83e\uddfa Tv\u00e4ttr\u00e5d: 30\u00b0\ud83d\udc5a M\u00e4rke: Caramell Fashion En superfin t-shirt som snabbt blir en favorit i garderoben \ud83e\udd0d\ud83c\udf3c","og_url":"https:\/\/stilanddesign.se\/en\/product\/\ud83c\udf3c-t-shirt-med-virkade-blommor-caramell-fashion-\ud83c\udf3c-2\/","og_site_name":"Stil &amp; Design","article_modified_time":"2026-04-28T13:02:47+00:00","og_image":[{"width":683,"height":1024,"url":"https:\/\/stilanddesign.se\/wp-content\/uploads\/2026\/03\/ChatGPT-Image-8-mars-2026-10_23_16-683x1024.png","type":"image\/png"}],"twitter_card":"summary_large_image","twitter_misc":{"Est. reading time":"1 minute"},"schema":{"@context":"https:\/\/schema.org","@graph":[{"@type":"WebPage","@id":"https:\/\/stilanddesign.se\/produkt\/%f0%9f%8c%bc-t-shirt-med-virkade-blommor-caramell-fashion-%f0%9f%8c%bc-2\/","url":"https:\/\/stilanddesign.se\/produkt\/%f0%9f%8c%bc-t-shirt-med-virkade-blommor-caramell-fashion-%f0%9f%8c%bc-2\/","name":"\ud83c\udf3c T-shirt med virkade blommor \u2013 Caramell Fashion \ud83c\udf3c - Stil &amp; Design","isPartOf":{"@id":"https:\/\/stilanddesign.se\/#website"},"primaryImageOfPage":{"@id":"https:\/\/stilanddesign.se\/produkt\/%f0%9f%8c%bc-t-shirt-med-virkade-blommor-caramell-fashion-%f0%9f%8c%bc-2\/#primaryimage"},"image":{"@id":"https:\/\/stilanddesign.se\/produkt\/%f0%9f%8c%bc-t-shirt-med-virkade-blommor-caramell-fashion-%f0%9f%8c%bc-2\/#primaryimage"},"thumbnailUrl":"https:\/\/stilanddesign.se\/wp-content\/uploads\/2026\/03\/ChatGPT-Image-8-mars-2026-10_23_16.png","datePublished":"2026-04-27T15:08:00+00:00","dateModified":"2026-04-28T13:02:47+00:00","breadcrumb":{"@id":"https:\/\/stilanddesign.se\/produkt\/%f0%9f%8c%bc-t-shirt-med-virkade-blommor-caramell-fashion-%f0%9f%8c%bc-2\/#breadcrumb"},"inLanguage":"en-US","potentialAction":[{"@type":"ReadAction","target":["https:\/\/stilanddesign.se\/produkt\/%f0%9f%8c%bc-t-shirt-med-virkade-blommor-caramell-fashion-%f0%9f%8c%bc-2\/"]}]},{"@type":"ImageObject","inLanguage":"en-US","@id":"https:\/\/stilanddesign.se\/produkt\/%f0%9f%8c%bc-t-shirt-med-virkade-blommor-caramell-fashion-%f0%9f%8c%bc-2\/#primaryimage","url":"https:\/\/stilanddesign.se\/wp-content\/uploads\/2026\/03\/ChatGPT-Image-8-mars-2026-10_23_16.png","contentUrl":"https:\/\/stilanddesign.se\/wp-content\/uploads\/2026\/03\/ChatGPT-Image-8-mars-2026-10_23_16.png","width":1024,"height":1536},{"@type":"BreadcrumbList","@id":"https:\/\/stilanddesign.se\/produkt\/%f0%9f%8c%bc-t-shirt-med-virkade-blommor-caramell-fashion-%f0%9f%8c%bc-2\/#breadcrumb","itemListElement":[{"@type":"ListItem","position":1,"name":"Hem","item":"https:\/\/stilanddesign.se\/"},{"@type":"ListItem","position":2,"name":"Butiken","item":"https:\/\/stilanddesign.se\/butiken\/"},{"@type":"ListItem","position":3,"name":"\ud83c\udf3c T-shirt med virkade blommor \u2013 Caramell Fashion \ud83c\udf3c"}]},{"@type":"WebSite","@id":"https:\/\/stilanddesign.se\/#website","url":"https:\/\/stilanddesign.se\/","name":"Style &amp; Design","description":"For those of us who love fashion!","publisher":{"@id":"https:\/\/stilanddesign.se\/#organization"},"potentialAction":[{"@type":"SearchAction","target":{"@type":"EntryPoint","urlTemplate":"https:\/\/stilanddesign.se\/?s={search_term_string}"},"query-input":{"@type":"PropertyValueSpecification","valueRequired":true,"valueName":"search_term_string"}}],"inLanguage":"en-US"},{"@type":"Organization","@id":"https:\/\/stilanddesign.se\/#organization","name":"Style &amp; Design","url":"https:\/\/stilanddesign.se\/","logo":{"@type":"ImageObject","inLanguage":"en-US","@id":"https:\/\/stilanddesign.se\/#\/schema\/logo\/image\/","url":"https:\/\/stilanddesign.se\/wp-content\/uploads\/2023\/12\/output-onlinepngtools-e1727784413220.png","contentUrl":"https:\/\/stilanddesign.se\/wp-content\/uploads\/2023\/12\/output-onlinepngtools-e1727784413220.png","width":519,"height":135,"caption":"Stil &amp; Design"},"image":{"@id":"https:\/\/stilanddesign.se\/#\/schema\/logo\/image\/"}}]}},"_links":{"self":[{"href":"https:\/\/stilanddesign.se\/en\/wp-json\/wp\/v2\/product\/1068267","targetHints":{"allow":["GET"]}}],"collection":[{"href":"https:\/\/stilanddesign.se\/en\/wp-json\/wp\/v2\/product"}],"about":[{"href":"https:\/\/stilanddesign.se\/en\/wp-json\/wp\/v2\/types\/product"}],"replies":[{"embeddable":true,"href":"https:\/\/stilanddesign.se\/en\/wp-json\/wp\/v2\/comments?post=1068267"}],"wp:featuredmedia":[{"embeddable":true,"href":"https:\/\/stilanddesign.se\/en\/wp-json\/wp\/v2\/media\/1068265"}],"wp:attachment":[{"href":"https:\/\/stilanddesign.se\/en\/wp-json\/wp\/v2\/media?parent=1068267"}],"wp:term":[{"taxonomy":"product_brand","embeddable":true,"href":"https:\/\/stilanddesign.se\/en\/wp-json\/wp\/v2\/product_brand?post=1068267"},{"taxonomy":"product_cat","embeddable":true,"href":"https:\/\/stilanddesign.se\/en\/wp-json\/wp\/v2\/product_cat?post=1068267"},{"taxonomy":"product_tag","embeddable":true,"href":"https:\/\/stilanddesign.se\/en\/wp-json\/wp\/v2\/product_tag?post=1068267"}],"curies":[{"name":"wp","href":"https:\/\/api.w.org\/{rel}","templated":true}]}}