{"id":1068228,"date":"2026-04-11T13:33:42","date_gmt":"2026-04-11T11:33:42","guid":{"rendered":"https:\/\/stilanddesign.se\/?post_type=product&#038;p=1068228"},"modified":"2026-04-15T17:26:30","modified_gmt":"2026-04-15T15:26:30","slug":"%f0%9f%8d%8a-wow-blus-i-harlig-bomull-caramell-fashion-%f0%9f%8d%8a","status":"publish","type":"product","link":"https:\/\/stilanddesign.se\/en\/product\/%f0%9f%8d%8a-wow-blus-i-harlig-bomull-caramell-fashion-%f0%9f%8d%8a\/","title":{"rendered":"\ud83c\udf4a WOW blouse in lovely cotton \u2013 Caramell Fashion \ud83c\udf4a"},"content":{"rendered":"<h2 data-section-id=\"1q5z9bl\" data-start=\"0\" data-end=\"54\">\ud83c\udf4a WOW blouse in lovely cotton \u2013 Caramell Fashion \ud83c\udf4a<\/h2>\n<p data-start=\"56\" data-end=\"237\">A real pop of color that will lift your entire outfit! \u2728<br data-start=\"105\" data-end=\"108\" \/>This fantastic blouse from <strong data-start=\"136\" data-end=\"156\">Caramell Fashion<\/strong> has an airy and feminine design that both feels comfortable and looks incredibly chic.<\/p>\n<p data-start=\"239\" data-end=\"393\">The generous fit and wide sleeves give an elegant fit and a relaxed but stylish look - perfect with jeans, leather pants or a skirt \ud83d\udc83<\/p>\n<p data-start=\"395\" data-end=\"593\">\u2728 Airy model with beautiful drape<br data-start=\"427\" data-end=\"430\" \/>\u2728 Wide sleeves that create a dramatic and trendy silhouette<br data-start=\"486\" data-end=\"489\" \/>\u2728 Perfect statement piece that really turns heads<br data-start=\"552\" data-end=\"555\" \/>\u2728 Super nice for both everyday and party use<\/p>\n<p data-start=\"595\" data-end=\"706\">\ud83e\uddf5 <strong data-start=\"598\" data-end=\"611\">Material:<\/strong> 100% cotton<br data-start=\"623\" data-end=\"626\" \/>\ud83d\udccf <strong data-start=\"629\" data-end=\"641\">Size:<\/strong> Onesize (fits approx. size 34\u201344)<br data-start=\"671\" data-end=\"674\" \/>\ud83d\udc5a <strong data-start=\"677\" data-end=\"687\">Make:<\/strong> Caramell Fashion<\/p>\n<p data-start=\"708\" data-end=\"788\" data-is-last-node=\"\" data-is-only-node=\"\">A blouse that really gives <strong data-start=\"734\" data-end=\"748\">WOW feeling<\/strong> and makes every outfit a little more fun! \ud83c\udf4a\u2728<\/p>","protected":false},"excerpt":{"rendered":"<h2 data-section-id=\"1q5z9bl\" data-start=\"0\" data-end=\"54\">\ud83c\udf4a WOW blouse in lovely cotton \u2013 Caramell Fashion \ud83c\udf4a<\/h2>\n<p data-start=\"56\" data-end=\"237\">A real pop of color that will lift your entire outfit! \u2728<br data-start=\"105\" data-end=\"108\" \/>This fantastic blouse from <strong data-start=\"136\" data-end=\"156\">Caramell Fashion<\/strong> has an airy and feminine design that both feels comfortable and looks incredibly chic.<\/p>\n<p data-start=\"239\" data-end=\"393\">The generous fit and wide sleeves give an elegant fit and a relaxed but stylish look - perfect with jeans, leather pants or a skirt \ud83d\udc83<\/p>\n<p data-start=\"395\" data-end=\"593\">\u2728 Airy model with beautiful drape<br data-start=\"427\" data-end=\"430\" \/>\u2728 Wide sleeves that create a dramatic and trendy silhouette<br data-start=\"486\" data-end=\"489\" \/>\u2728 Perfect statement piece that really turns heads<br data-start=\"552\" data-end=\"555\" \/>\u2728 Super nice for both everyday and party use<\/p>\n<p data-start=\"595\" data-end=\"706\">\ud83e\uddf5 <strong data-start=\"598\" data-end=\"611\">Material:<\/strong> 100% cotton<br data-start=\"623\" data-end=\"626\" \/>\ud83d\udccf <strong data-start=\"629\" data-end=\"641\">Size:<\/strong> Onesize (fits approx. size 34\u201344)<br data-start=\"671\" data-end=\"674\" \/>\ud83d\udc5a <strong data-start=\"677\" data-end=\"687\">Make:<\/strong> Caramell Fashion<\/p>\n<p data-start=\"708\" data-end=\"788\" data-is-last-node=\"\" data-is-only-node=\"\">A blouse that really gives <strong data-start=\"734\" data-end=\"748\">WOW feeling<\/strong> and makes every outfit a little more fun! \ud83c\udf4a\u2728<\/p>","protected":false},"featured_media":1068231,"comment_status":"closed","ping_status":"closed","template":"","meta":[],"product_brand":[],"product_cat":[209],"product_tag":[],"class_list":{"0":"post-1068228","1":"product","2":"type-product","3":"status-publish","4":"has-post-thumbnail","6":"product_cat-reaprodukter","8":"first","9":"instock","10":"sale","11":"taxable","12":"shipping-taxable","13":"purchasable","14":"product-type-variable"},"yoast_head":"<!-- This site is optimized with the Yoast SEO Premium plugin v27.1 (Yoast SEO v27.4) - https:\/\/yoast.com\/product\/yoast-seo-premium-wordpress\/ -->\n<title>\ud83c\udf4a WOW-blus i h\u00e4rlig bomull \u2013 Caramell Fashion \ud83c\udf4a - Stil &amp; Design<\/title>\n<meta name=\"robots\" content=\"index, follow, max-snippet:-1, max-image-preview:large, max-video-preview:-1\" \/>\n<link rel=\"canonical\" href=\"https:\/\/stilanddesign.se\/en\/product\/\ud83c\udf4a-wow-blus-i-harlig-bomull-caramell-fashion-\ud83c\udf4a\/\" \/>\n<meta property=\"og:locale\" content=\"en_US\" \/>\n<meta property=\"og:type\" content=\"article\" \/>\n<meta property=\"og:title\" content=\"\ud83c\udf4a WOW-blus i h\u00e4rlig bomull \u2013 Caramell Fashion \ud83c\udf4a\" \/>\n<meta property=\"og:description\" content=\"\ud83c\udf4a WOW-blus i h\u00e4rlig bomull \u2013 Caramell Fashion \ud83c\udf4a En riktig f\u00e4rgklick som lyfter hela din outfit! \u2728Denna fantastiska blus fr\u00e5n Caramell Fashion har en luftig och feminin design som b\u00e5de k\u00e4nns bekv\u00e4m och ser otroligt chic ut. Den gener\u00f6sa passformen och de vida \u00e4rmarna ger ett elegant fall och en avslappnad men stilfull look \u2013 perfekt b\u00e5de till jeans, skinnbyxor eller kjol \ud83d\udc83 \u2728 Luftig modell med vackert fall\u2728 Vida \u00e4rmar som skapar en dramatisk och trendig siluett\u2728 Perfekt statement-plagg som verkligen drar blickarna till sig\u2728 Superfin b\u00e5de till vardag och fest \ud83e\uddf5 Material: 100% bomull\ud83d\udccf Storlek: Onesize (passar ca stl 34\u201344)\ud83d\udc5a M\u00e4rke: Caramell Fashion En blus som verkligen ger WOW-k\u00e4nsla och g\u00f6r varje outfit lite roligare! \ud83c\udf4a\u2728\" \/>\n<meta property=\"og:url\" content=\"https:\/\/stilanddesign.se\/en\/product\/\ud83c\udf4a-wow-blus-i-harlig-bomull-caramell-fashion-\ud83c\udf4a\/\" \/>\n<meta property=\"og:site_name\" content=\"Stil &amp; Design\" \/>\n<meta property=\"article:modified_time\" content=\"2026-04-15T15:26:30+00:00\" \/>\n<meta property=\"og:image\" content=\"https:\/\/stilanddesign.se\/wp-content\/uploads\/2026\/03\/85734e11-d8d5-42fa-8791-55f786470d57-683x1024.png\" \/>\n\t<meta property=\"og:image:width\" content=\"683\" \/>\n\t<meta property=\"og:image:height\" content=\"1024\" \/>\n\t<meta property=\"og:image:type\" content=\"image\/png\" \/>\n<meta name=\"twitter:card\" content=\"summary_large_image\" \/>\n<meta name=\"twitter:label1\" content=\"Est. reading time\" \/>\n\t<meta name=\"twitter:data1\" content=\"1 minute\" \/>\n<script type=\"application\/ld+json\" class=\"yoast-schema-graph\">{\"@context\":\"https:\\\/\\\/schema.org\",\"@graph\":[{\"@type\":\"WebPage\",\"@id\":\"https:\\\/\\\/stilanddesign.se\\\/produkt\\\/%f0%9f%8d%8a-wow-blus-i-harlig-bomull-caramell-fashion-%f0%9f%8d%8a\\\/\",\"url\":\"https:\\\/\\\/stilanddesign.se\\\/produkt\\\/%f0%9f%8d%8a-wow-blus-i-harlig-bomull-caramell-fashion-%f0%9f%8d%8a\\\/\",\"name\":\"\ud83c\udf4a WOW-blus i h\u00e4rlig bomull \u2013 Caramell Fashion \ud83c\udf4a - Stil &amp; Design\",\"isPartOf\":{\"@id\":\"https:\\\/\\\/stilanddesign.se\\\/#website\"},\"primaryImageOfPage\":{\"@id\":\"https:\\\/\\\/stilanddesign.se\\\/produkt\\\/%f0%9f%8d%8a-wow-blus-i-harlig-bomull-caramell-fashion-%f0%9f%8d%8a\\\/#primaryimage\"},\"image\":{\"@id\":\"https:\\\/\\\/stilanddesign.se\\\/produkt\\\/%f0%9f%8d%8a-wow-blus-i-harlig-bomull-caramell-fashion-%f0%9f%8d%8a\\\/#primaryimage\"},\"thumbnailUrl\":\"https:\\\/\\\/stilanddesign.se\\\/wp-content\\\/uploads\\\/2026\\\/03\\\/85734e11-d8d5-42fa-8791-55f786470d57.png\",\"datePublished\":\"2026-04-11T11:33:42+00:00\",\"dateModified\":\"2026-04-15T15:26:30+00:00\",\"breadcrumb\":{\"@id\":\"https:\\\/\\\/stilanddesign.se\\\/produkt\\\/%f0%9f%8d%8a-wow-blus-i-harlig-bomull-caramell-fashion-%f0%9f%8d%8a\\\/#breadcrumb\"},\"inLanguage\":\"en-US\",\"potentialAction\":[{\"@type\":\"ReadAction\",\"target\":[\"https:\\\/\\\/stilanddesign.se\\\/produkt\\\/%f0%9f%8d%8a-wow-blus-i-harlig-bomull-caramell-fashion-%f0%9f%8d%8a\\\/\"]}]},{\"@type\":\"ImageObject\",\"inLanguage\":\"en-US\",\"@id\":\"https:\\\/\\\/stilanddesign.se\\\/produkt\\\/%f0%9f%8d%8a-wow-blus-i-harlig-bomull-caramell-fashion-%f0%9f%8d%8a\\\/#primaryimage\",\"url\":\"https:\\\/\\\/stilanddesign.se\\\/wp-content\\\/uploads\\\/2026\\\/03\\\/85734e11-d8d5-42fa-8791-55f786470d57.png\",\"contentUrl\":\"https:\\\/\\\/stilanddesign.se\\\/wp-content\\\/uploads\\\/2026\\\/03\\\/85734e11-d8d5-42fa-8791-55f786470d57.png\",\"width\":1024,\"height\":1536},{\"@type\":\"BreadcrumbList\",\"@id\":\"https:\\\/\\\/stilanddesign.se\\\/produkt\\\/%f0%9f%8d%8a-wow-blus-i-harlig-bomull-caramell-fashion-%f0%9f%8d%8a\\\/#breadcrumb\",\"itemListElement\":[{\"@type\":\"ListItem\",\"position\":1,\"name\":\"Hem\",\"item\":\"https:\\\/\\\/stilanddesign.se\\\/\"},{\"@type\":\"ListItem\",\"position\":2,\"name\":\"Butiken\",\"item\":\"https:\\\/\\\/stilanddesign.se\\\/butiken\\\/\"},{\"@type\":\"ListItem\",\"position\":3,\"name\":\"\ud83c\udf4a WOW-blus i h\u00e4rlig bomull \u2013 Caramell Fashion \ud83c\udf4a\"}]},{\"@type\":\"WebSite\",\"@id\":\"https:\\\/\\\/stilanddesign.se\\\/#website\",\"url\":\"https:\\\/\\\/stilanddesign.se\\\/\",\"name\":\"Stil &amp; Design\",\"description\":\"F\u00f6r oss som \u00e4lskar mode!\",\"publisher\":{\"@id\":\"https:\\\/\\\/stilanddesign.se\\\/#organization\"},\"potentialAction\":[{\"@type\":\"SearchAction\",\"target\":{\"@type\":\"EntryPoint\",\"urlTemplate\":\"https:\\\/\\\/stilanddesign.se\\\/?s={search_term_string}\"},\"query-input\":{\"@type\":\"PropertyValueSpecification\",\"valueRequired\":true,\"valueName\":\"search_term_string\"}}],\"inLanguage\":\"en-US\"},{\"@type\":\"Organization\",\"@id\":\"https:\\\/\\\/stilanddesign.se\\\/#organization\",\"name\":\"Stil &amp; Design\",\"url\":\"https:\\\/\\\/stilanddesign.se\\\/\",\"logo\":{\"@type\":\"ImageObject\",\"inLanguage\":\"en-US\",\"@id\":\"https:\\\/\\\/stilanddesign.se\\\/#\\\/schema\\\/logo\\\/image\\\/\",\"url\":\"https:\\\/\\\/stilanddesign.se\\\/wp-content\\\/uploads\\\/2023\\\/12\\\/output-onlinepngtools-e1727784413220.png\",\"contentUrl\":\"https:\\\/\\\/stilanddesign.se\\\/wp-content\\\/uploads\\\/2023\\\/12\\\/output-onlinepngtools-e1727784413220.png\",\"width\":519,\"height\":135,\"caption\":\"Stil &amp; Design\"},\"image\":{\"@id\":\"https:\\\/\\\/stilanddesign.se\\\/#\\\/schema\\\/logo\\\/image\\\/\"}}]}<\/script>\n<!-- \/ Yoast SEO Premium plugin. -->","yoast_head_json":{"title":"\ud83c\udf4a WOW-blus i h\u00e4rlig bomull \u2013 Caramell Fashion \ud83c\udf4a - Stil &amp; Design","robots":{"index":"index","follow":"follow","max-snippet":"max-snippet:-1","max-image-preview":"max-image-preview:large","max-video-preview":"max-video-preview:-1"},"canonical":"https:\/\/stilanddesign.se\/en\/product\/\ud83c\udf4a-wow-blus-i-harlig-bomull-caramell-fashion-\ud83c\udf4a\/","og_locale":"en_US","og_type":"article","og_title":"\ud83c\udf4a WOW-blus i h\u00e4rlig bomull \u2013 Caramell Fashion \ud83c\udf4a","og_description":"\ud83c\udf4a WOW-blus i h\u00e4rlig bomull \u2013 Caramell Fashion \ud83c\udf4a En riktig f\u00e4rgklick som lyfter hela din outfit! \u2728Denna fantastiska blus fr\u00e5n Caramell Fashion har en luftig och feminin design som b\u00e5de k\u00e4nns bekv\u00e4m och ser otroligt chic ut. Den gener\u00f6sa passformen och de vida \u00e4rmarna ger ett elegant fall och en avslappnad men stilfull look \u2013 perfekt b\u00e5de till jeans, skinnbyxor eller kjol \ud83d\udc83 \u2728 Luftig modell med vackert fall\u2728 Vida \u00e4rmar som skapar en dramatisk och trendig siluett\u2728 Perfekt statement-plagg som verkligen drar blickarna till sig\u2728 Superfin b\u00e5de till vardag och fest \ud83e\uddf5 Material: 100% bomull\ud83d\udccf Storlek: Onesize (passar ca stl 34\u201344)\ud83d\udc5a M\u00e4rke: Caramell Fashion En blus som verkligen ger WOW-k\u00e4nsla och g\u00f6r varje outfit lite roligare! \ud83c\udf4a\u2728","og_url":"https:\/\/stilanddesign.se\/en\/product\/\ud83c\udf4a-wow-blus-i-harlig-bomull-caramell-fashion-\ud83c\udf4a\/","og_site_name":"Stil &amp; Design","article_modified_time":"2026-04-15T15:26:30+00:00","og_image":[{"width":683,"height":1024,"url":"https:\/\/stilanddesign.se\/wp-content\/uploads\/2026\/03\/85734e11-d8d5-42fa-8791-55f786470d57-683x1024.png","type":"image\/png"}],"twitter_card":"summary_large_image","twitter_misc":{"Est. reading time":"1 minute"},"schema":{"@context":"https:\/\/schema.org","@graph":[{"@type":"WebPage","@id":"https:\/\/stilanddesign.se\/produkt\/%f0%9f%8d%8a-wow-blus-i-harlig-bomull-caramell-fashion-%f0%9f%8d%8a\/","url":"https:\/\/stilanddesign.se\/produkt\/%f0%9f%8d%8a-wow-blus-i-harlig-bomull-caramell-fashion-%f0%9f%8d%8a\/","name":"\ud83c\udf4a WOW-blus i h\u00e4rlig bomull \u2013 Caramell Fashion \ud83c\udf4a - Stil &amp; Design","isPartOf":{"@id":"https:\/\/stilanddesign.se\/#website"},"primaryImageOfPage":{"@id":"https:\/\/stilanddesign.se\/produkt\/%f0%9f%8d%8a-wow-blus-i-harlig-bomull-caramell-fashion-%f0%9f%8d%8a\/#primaryimage"},"image":{"@id":"https:\/\/stilanddesign.se\/produkt\/%f0%9f%8d%8a-wow-blus-i-harlig-bomull-caramell-fashion-%f0%9f%8d%8a\/#primaryimage"},"thumbnailUrl":"https:\/\/stilanddesign.se\/wp-content\/uploads\/2026\/03\/85734e11-d8d5-42fa-8791-55f786470d57.png","datePublished":"2026-04-11T11:33:42+00:00","dateModified":"2026-04-15T15:26:30+00:00","breadcrumb":{"@id":"https:\/\/stilanddesign.se\/produkt\/%f0%9f%8d%8a-wow-blus-i-harlig-bomull-caramell-fashion-%f0%9f%8d%8a\/#breadcrumb"},"inLanguage":"en-US","potentialAction":[{"@type":"ReadAction","target":["https:\/\/stilanddesign.se\/produkt\/%f0%9f%8d%8a-wow-blus-i-harlig-bomull-caramell-fashion-%f0%9f%8d%8a\/"]}]},{"@type":"ImageObject","inLanguage":"en-US","@id":"https:\/\/stilanddesign.se\/produkt\/%f0%9f%8d%8a-wow-blus-i-harlig-bomull-caramell-fashion-%f0%9f%8d%8a\/#primaryimage","url":"https:\/\/stilanddesign.se\/wp-content\/uploads\/2026\/03\/85734e11-d8d5-42fa-8791-55f786470d57.png","contentUrl":"https:\/\/stilanddesign.se\/wp-content\/uploads\/2026\/03\/85734e11-d8d5-42fa-8791-55f786470d57.png","width":1024,"height":1536},{"@type":"BreadcrumbList","@id":"https:\/\/stilanddesign.se\/produkt\/%f0%9f%8d%8a-wow-blus-i-harlig-bomull-caramell-fashion-%f0%9f%8d%8a\/#breadcrumb","itemListElement":[{"@type":"ListItem","position":1,"name":"Hem","item":"https:\/\/stilanddesign.se\/"},{"@type":"ListItem","position":2,"name":"Butiken","item":"https:\/\/stilanddesign.se\/butiken\/"},{"@type":"ListItem","position":3,"name":"\ud83c\udf4a WOW-blus i h\u00e4rlig bomull \u2013 Caramell Fashion \ud83c\udf4a"}]},{"@type":"WebSite","@id":"https:\/\/stilanddesign.se\/#website","url":"https:\/\/stilanddesign.se\/","name":"Style &amp; Design","description":"For those of us who love fashion!","publisher":{"@id":"https:\/\/stilanddesign.se\/#organization"},"potentialAction":[{"@type":"SearchAction","target":{"@type":"EntryPoint","urlTemplate":"https:\/\/stilanddesign.se\/?s={search_term_string}"},"query-input":{"@type":"PropertyValueSpecification","valueRequired":true,"valueName":"search_term_string"}}],"inLanguage":"en-US"},{"@type":"Organization","@id":"https:\/\/stilanddesign.se\/#organization","name":"Style &amp; Design","url":"https:\/\/stilanddesign.se\/","logo":{"@type":"ImageObject","inLanguage":"en-US","@id":"https:\/\/stilanddesign.se\/#\/schema\/logo\/image\/","url":"https:\/\/stilanddesign.se\/wp-content\/uploads\/2023\/12\/output-onlinepngtools-e1727784413220.png","contentUrl":"https:\/\/stilanddesign.se\/wp-content\/uploads\/2023\/12\/output-onlinepngtools-e1727784413220.png","width":519,"height":135,"caption":"Stil &amp; Design"},"image":{"@id":"https:\/\/stilanddesign.se\/#\/schema\/logo\/image\/"}}]}},"_links":{"self":[{"href":"https:\/\/stilanddesign.se\/en\/wp-json\/wp\/v2\/product\/1068228","targetHints":{"allow":["GET"]}}],"collection":[{"href":"https:\/\/stilanddesign.se\/en\/wp-json\/wp\/v2\/product"}],"about":[{"href":"https:\/\/stilanddesign.se\/en\/wp-json\/wp\/v2\/types\/product"}],"replies":[{"embeddable":true,"href":"https:\/\/stilanddesign.se\/en\/wp-json\/wp\/v2\/comments?post=1068228"}],"wp:featuredmedia":[{"embeddable":true,"href":"https:\/\/stilanddesign.se\/en\/wp-json\/wp\/v2\/media\/1068231"}],"wp:attachment":[{"href":"https:\/\/stilanddesign.se\/en\/wp-json\/wp\/v2\/media?parent=1068228"}],"wp:term":[{"taxonomy":"product_brand","embeddable":true,"href":"https:\/\/stilanddesign.se\/en\/wp-json\/wp\/v2\/product_brand?post=1068228"},{"taxonomy":"product_cat","embeddable":true,"href":"https:\/\/stilanddesign.se\/en\/wp-json\/wp\/v2\/product_cat?post=1068228"},{"taxonomy":"product_tag","embeddable":true,"href":"https:\/\/stilanddesign.se\/en\/wp-json\/wp\/v2\/product_tag?post=1068228"}],"curies":[{"name":"wp","href":"https:\/\/api.w.org\/{rel}","templated":true}]}}