{"id":1068136,"date":"2026-03-06T15:19:51","date_gmt":"2026-03-06T14:19:51","guid":{"rendered":"https:\/\/stilanddesign.se\/?post_type=product&#038;p=1068136"},"modified":"2026-04-11T10:15:53","modified_gmt":"2026-04-11T08:15:53","slug":"rosa-topp-med-spets-lang-arm","status":"publish","type":"product","link":"https:\/\/stilanddesign.se\/en\/product\/rosa-topp-med-spets-lang-arm\/","title":{"rendered":"Pink top with lace long sleeves"},"content":{"rendered":"<article class=\"text-token-text-primary w-full focus:outline-none [--shadow-height:45px] has-data-writing-block:pointer-events-none has-data-writing-block:-mt-(--shadow-height) has-data-writing-block:pt-(--shadow-height) [&amp;:has([data-writing-block])&gt;*]:pointer-events-auto scroll-mt-(--header-height)\" dir=\"auto\" tabindex=\"-1\" data-turn-id=\"34fe2163-3d4f-4aec-bd14-d21838029ea5\" data-testid=\"conversation-turn-209\" data-scroll-anchor=\"false\" data-turn=\"user\"><\/article>\n<article class=\"text-token-text-primary w-full focus:outline-none [--shadow-height:45px] has-data-writing-block:pointer-events-none has-data-writing-block:-mt-(--shadow-height) has-data-writing-block:pt-(--shadow-height) [&amp;:has([data-writing-block])&gt;*]:pointer-events-auto scroll-mt-[calc(var(--header-height)+min(200px,max(70px,20svh)))]\" dir=\"auto\" tabindex=\"-1\" data-turn-id=\"request-6996d4f6-9504-8327-92cd-dd6b5b61765c-17\" data-testid=\"conversation-turn-210\" data-scroll-anchor=\"true\" data-turn=\"assistant\">\n<div class=\"text-base my-auto mx-auto pb-10 [--thread-content-margin:--spacing(4)] @w-sm\/main:[--thread-content-margin:--spacing(6)] @w-lg\/main:[--thread-content-margin:--spacing(16)] px-(--thread-content-margin)\">\n<div class=\"[--thread-content-max-width:40rem] @w-lg\/main:[--thread-content-max-width:48rem] mx-auto max-w-(--thread-content-max-width) flex-1 group\/turn-messages focus-visible:outline-hidden relative flex w-full min-w-0 flex-col agent-turn\" tabindex=\"-1\">\n<div class=\"flex max-w-full flex-col grow\">\n<div class=\"min-h-8 text-message relative flex w-full flex-col items-end gap-2 text-start break-words whitespace-normal [.text-message+&amp;]:mt-1\" dir=\"auto\" data-message-author-role=\"assistant\" data-message-id=\"1028cbc0-e361-4dc0-92c4-1959caf01fbc\" data-message-model-slug=\"gpt-5-2-thinking\">\n<div class=\"flex w-full flex-col gap-1 empty:hidden first:pt-[1px]\">\n<div class=\"markdown prose dark:prose-invert w-full wrap-break-word light markdown-new-styling\">\n<p data-start=\"0\" data-end=\"296\"><strong data-start=\"0\" data-end=\"33\">Rosa topp med spets \u2013 l\u00e5ng \u00e4rm<\/strong> \ud83e\udd0d\u2728<br data-start=\"37\" data-end=\"40\" \/>En superfin och mjuk topp i vitt med vacker spets som ger en feminin och lyxig k\u00e4nsla \ud83d\ude0d Toppen \u00e4r <strong data-start=\"139\" data-end=\"151\">v-ringad<\/strong> med <strong data-start=\"156\" data-end=\"185\">spets runt halsringningen<\/strong>, har <strong data-start=\"191\" data-end=\"227\">l\u00e5ng \u00e4rm med spetskant i \u00e4rmslut<\/strong> och en fin <strong data-start=\"239\" data-end=\"267\">spetskant runtom nertill<\/strong> f\u00f6r en extra snygg finish \ud83d\udcab<\/p>\n<p data-start=\"298\" data-end=\"372\">Perfekt att b\u00e4ra som den \u00e4r till jeans\/kjol eller under en kavaj\/kofta \ud83d\udc56\u2728<\/p>\n<p data-start=\"374\" data-end=\"492\">\u2705 V-ringad med spetsdetaljer<br data-start=\"402\" data-end=\"405\" \/>\u2705 L\u00e5ng \u00e4rm med spetskant i \u00e4rmslut<br data-start=\"439\" data-end=\"442\" \/>\u2705 Spetskant nertill<br data-start=\"461\" data-end=\"464\" \/>\u2705 Mjuk, stretchig kvalitet<\/p>\n<p data-start=\"494\" data-end=\"592\" data-is-last-node=\"\" data-is-only-node=\"\">\ud83d\udccc <strong data-start=\"497\" data-end=\"509\">Storlek:<\/strong> One size \u2013 rymlig, passar ca <strong data-start=\"539\" data-end=\"548\">34\u201344<\/strong><br data-start=\"548\" data-end=\"551\" \/><strong data-start=\"551\" data-end=\"564\" data-is-only-node=\"\">Material:<\/strong> 95% viscose | 5% elastan \ud83e\uddf5<\/p>\n<\/div>\n<\/div>\n<\/div>\n<\/div>\n<\/div>\n<\/div>\n<\/article>\n<p>&nbsp;<\/p>\n<p>&nbsp;<\/p>\n<p>&nbsp;<\/p>\n","protected":false},"excerpt":{"rendered":"<article class=\"text-token-text-primary w-full focus:outline-none [--shadow-height:45px] has-data-writing-block:pointer-events-none has-data-writing-block:-mt-(--shadow-height) has-data-writing-block:pt-(--shadow-height) [&amp;:has([data-writing-block])&gt;*]:pointer-events-auto scroll-mt-(--header-height)\" dir=\"auto\" tabindex=\"-1\" data-turn-id=\"34fe2163-3d4f-4aec-bd14-d21838029ea5\" data-testid=\"conversation-turn-209\" data-scroll-anchor=\"false\" data-turn=\"user\"><\/article>\n<article class=\"text-token-text-primary w-full focus:outline-none [--shadow-height:45px] has-data-writing-block:pointer-events-none has-data-writing-block:-mt-(--shadow-height) has-data-writing-block:pt-(--shadow-height) [&amp;:has([data-writing-block])&gt;*]:pointer-events-auto scroll-mt-[calc(var(--header-height)+min(200px,max(70px,20svh)))]\" dir=\"auto\" tabindex=\"-1\" data-turn-id=\"request-6996d4f6-9504-8327-92cd-dd6b5b61765c-17\" data-testid=\"conversation-turn-210\" data-scroll-anchor=\"true\" data-turn=\"assistant\">\n<div class=\"text-base my-auto mx-auto pb-10 [--thread-content-margin:--spacing(4)] @w-sm\/main:[--thread-content-margin:--spacing(6)] @w-lg\/main:[--thread-content-margin:--spacing(16)] px-(--thread-content-margin)\">\n<div class=\"[--thread-content-max-width:40rem] @w-lg\/main:[--thread-content-max-width:48rem] mx-auto max-w-(--thread-content-max-width) flex-1 group\/turn-messages focus-visible:outline-hidden relative flex w-full min-w-0 flex-col agent-turn\" tabindex=\"-1\">\n<div class=\"flex max-w-full flex-col grow\">\n<div class=\"min-h-8 text-message relative flex w-full flex-col items-end gap-2 text-start break-words whitespace-normal [.text-message+&amp;]:mt-1\" dir=\"auto\" data-message-author-role=\"assistant\" data-message-id=\"1028cbc0-e361-4dc0-92c4-1959caf01fbc\" data-message-model-slug=\"gpt-5-2-thinking\">\n<div class=\"flex w-full flex-col gap-1 empty:hidden first:pt-[1px]\">\n<div class=\"markdown prose dark:prose-invert w-full wrap-break-word light markdown-new-styling\">\n<p data-start=\"0\" data-end=\"296\"><strong data-start=\"0\" data-end=\"33\">Rosa topp med spets \u2013 l\u00e5ng \u00e4rm<\/strong> \ud83e\udd0d\u2728<br data-start=\"37\" data-end=\"40\" \/>En superfin och mjuk topp i vitt med vacker spets som ger en feminin och lyxig k\u00e4nsla \ud83d\ude0d Toppen \u00e4r <strong data-start=\"139\" data-end=\"151\">v-ringad<\/strong> med <strong data-start=\"156\" data-end=\"185\">spets runt halsringningen<\/strong>, har <strong data-start=\"191\" data-end=\"227\">l\u00e5ng \u00e4rm med spetskant i \u00e4rmslut<\/strong> och en fin <strong data-start=\"239\" data-end=\"267\">spetskant runtom nertill<\/strong> f\u00f6r en extra snygg finish \ud83d\udcab<\/p>\n<p data-start=\"298\" data-end=\"372\">Perfekt att b\u00e4ra som den \u00e4r till jeans\/kjol eller under en kavaj\/kofta \ud83d\udc56\u2728<\/p>\n<p data-start=\"374\" data-end=\"492\">\u2705 V-ringad med spetsdetaljer<br data-start=\"402\" data-end=\"405\" \/>\u2705 L\u00e5ng \u00e4rm med spetskant i \u00e4rmslut<br data-start=\"439\" data-end=\"442\" \/>\u2705 Spetskant nertill<br data-start=\"461\" data-end=\"464\" \/>\u2705 Mjuk, stretchig kvalitet<\/p>\n<p data-start=\"494\" data-end=\"592\" data-is-last-node=\"\" data-is-only-node=\"\">\ud83d\udccc <strong data-start=\"497\" data-end=\"509\">Storlek:<\/strong> One size \u2013 rymlig, passar ca <strong data-start=\"539\" data-end=\"548\">34\u201344<\/strong><br data-start=\"548\" data-end=\"551\" \/><strong data-start=\"551\" data-end=\"564\" data-is-only-node=\"\">Material:<\/strong> 95% viscose | 5% elastan \ud83e\uddf5<\/p>\n<\/div>\n<\/div>\n<\/div>\n<\/div>\n<\/div>\n<\/div>\n<\/article>\n","protected":false},"featured_media":1068135,"comment_status":"closed","ping_status":"closed","template":"","meta":[],"product_brand":[],"product_cat":[211,222],"product_tag":[],"class_list":{"0":"post-1068136","1":"product","2":"type-product","3":"status-publish","4":"has-post-thumbnail","6":"product_cat-blusar","7":"product_cat-toppar-tischor","9":"first","10":"instock","11":"taxable","12":"shipping-taxable","13":"purchasable","14":"product-type-variable"},"yoast_head":"<!-- This site is optimized with the Yoast SEO Premium plugin v27.1 (Yoast SEO v27.4) - https:\/\/yoast.com\/product\/yoast-seo-premium-wordpress\/ -->\n<title>Rosa topp med spets-l\u00e5ng \u00e4rm - Stil &amp; Design<\/title>\n<meta name=\"robots\" content=\"index, follow, max-snippet:-1, max-image-preview:large, max-video-preview:-1\" \/>\n<link rel=\"canonical\" href=\"https:\/\/stilanddesign.se\/en\/product\/rosa-topp-med-spets-lang-arm\/\" \/>\n<meta property=\"og:locale\" content=\"en_US\" \/>\n<meta property=\"og:type\" content=\"article\" \/>\n<meta property=\"og:title\" content=\"Rosa topp med spets-l\u00e5ng \u00e4rm\" \/>\n<meta property=\"og:description\" content=\"Rosa topp med spets \u2013 l\u00e5ng \u00e4rm \ud83e\udd0d\u2728En superfin och mjuk topp i vitt med vacker spets som ger en feminin och lyxig k\u00e4nsla \ud83d\ude0d Toppen \u00e4r v-ringad med spets runt halsringningen, har l\u00e5ng \u00e4rm med spetskant i \u00e4rmslut och en fin spetskant runtom nertill f\u00f6r en extra snygg finish \ud83d\udcab Perfekt att b\u00e4ra som den \u00e4r till jeans\/kjol eller under en kavaj\/kofta \ud83d\udc56\u2728 \u2705 V-ringad med spetsdetaljer\u2705 L\u00e5ng \u00e4rm med spetskant i \u00e4rmslut\u2705 Spetskant nertill\u2705 Mjuk, stretchig kvalitet \ud83d\udccc Storlek: One size \u2013 rymlig, passar ca 34\u201344Material: 95% viscose | 5% elastan \ud83e\uddf5\" \/>\n<meta property=\"og:url\" content=\"https:\/\/stilanddesign.se\/en\/product\/rosa-topp-med-spets-lang-arm\/\" \/>\n<meta property=\"og:site_name\" content=\"Stil &amp; Design\" \/>\n<meta property=\"article:modified_time\" content=\"2026-04-11T08:15:53+00:00\" \/>\n<meta property=\"og:image\" content=\"https:\/\/stilanddesign.se\/wp-content\/uploads\/2026\/03\/77676545555-1.png\" \/>\n\t<meta property=\"og:image:width\" content=\"427\" \/>\n\t<meta property=\"og:image:height\" content=\"640\" \/>\n\t<meta property=\"og:image:type\" content=\"image\/png\" \/>\n<meta name=\"twitter:card\" content=\"summary_large_image\" \/>\n<meta name=\"twitter:label1\" content=\"Est. reading time\" \/>\n\t<meta name=\"twitter:data1\" content=\"1 minute\" \/>\n<script type=\"application\/ld+json\" class=\"yoast-schema-graph\">{\"@context\":\"https:\\\/\\\/schema.org\",\"@graph\":[{\"@type\":\"WebPage\",\"@id\":\"https:\\\/\\\/stilanddesign.se\\\/produkt\\\/rosa-topp-med-spets-lang-arm\\\/\",\"url\":\"https:\\\/\\\/stilanddesign.se\\\/produkt\\\/rosa-topp-med-spets-lang-arm\\\/\",\"name\":\"Rosa topp med spets-l\u00e5ng \u00e4rm - Stil &amp; Design\",\"isPartOf\":{\"@id\":\"https:\\\/\\\/stilanddesign.se\\\/#website\"},\"primaryImageOfPage\":{\"@id\":\"https:\\\/\\\/stilanddesign.se\\\/produkt\\\/rosa-topp-med-spets-lang-arm\\\/#primaryimage\"},\"image\":{\"@id\":\"https:\\\/\\\/stilanddesign.se\\\/produkt\\\/rosa-topp-med-spets-lang-arm\\\/#primaryimage\"},\"thumbnailUrl\":\"https:\\\/\\\/stilanddesign.se\\\/wp-content\\\/uploads\\\/2026\\\/03\\\/77676545555-1.png\",\"datePublished\":\"2026-03-06T14:19:51+00:00\",\"dateModified\":\"2026-04-11T08:15:53+00:00\",\"breadcrumb\":{\"@id\":\"https:\\\/\\\/stilanddesign.se\\\/produkt\\\/rosa-topp-med-spets-lang-arm\\\/#breadcrumb\"},\"inLanguage\":\"en-US\",\"potentialAction\":[{\"@type\":\"ReadAction\",\"target\":[\"https:\\\/\\\/stilanddesign.se\\\/produkt\\\/rosa-topp-med-spets-lang-arm\\\/\"]}]},{\"@type\":\"ImageObject\",\"inLanguage\":\"en-US\",\"@id\":\"https:\\\/\\\/stilanddesign.se\\\/produkt\\\/rosa-topp-med-spets-lang-arm\\\/#primaryimage\",\"url\":\"https:\\\/\\\/stilanddesign.se\\\/wp-content\\\/uploads\\\/2026\\\/03\\\/77676545555-1.png\",\"contentUrl\":\"https:\\\/\\\/stilanddesign.se\\\/wp-content\\\/uploads\\\/2026\\\/03\\\/77676545555-1.png\",\"width\":427,\"height\":640},{\"@type\":\"BreadcrumbList\",\"@id\":\"https:\\\/\\\/stilanddesign.se\\\/produkt\\\/rosa-topp-med-spets-lang-arm\\\/#breadcrumb\",\"itemListElement\":[{\"@type\":\"ListItem\",\"position\":1,\"name\":\"Hem\",\"item\":\"https:\\\/\\\/stilanddesign.se\\\/\"},{\"@type\":\"ListItem\",\"position\":2,\"name\":\"Butiken\",\"item\":\"https:\\\/\\\/stilanddesign.se\\\/butiken\\\/\"},{\"@type\":\"ListItem\",\"position\":3,\"name\":\"Rosa topp med spets-l\u00e5ng \u00e4rm\"}]},{\"@type\":\"WebSite\",\"@id\":\"https:\\\/\\\/stilanddesign.se\\\/#website\",\"url\":\"https:\\\/\\\/stilanddesign.se\\\/\",\"name\":\"Stil &amp; Design\",\"description\":\"F\u00f6r oss som \u00e4lskar mode!\",\"publisher\":{\"@id\":\"https:\\\/\\\/stilanddesign.se\\\/#organization\"},\"potentialAction\":[{\"@type\":\"SearchAction\",\"target\":{\"@type\":\"EntryPoint\",\"urlTemplate\":\"https:\\\/\\\/stilanddesign.se\\\/?s={search_term_string}\"},\"query-input\":{\"@type\":\"PropertyValueSpecification\",\"valueRequired\":true,\"valueName\":\"search_term_string\"}}],\"inLanguage\":\"en-US\"},{\"@type\":\"Organization\",\"@id\":\"https:\\\/\\\/stilanddesign.se\\\/#organization\",\"name\":\"Stil &amp; Design\",\"url\":\"https:\\\/\\\/stilanddesign.se\\\/\",\"logo\":{\"@type\":\"ImageObject\",\"inLanguage\":\"en-US\",\"@id\":\"https:\\\/\\\/stilanddesign.se\\\/#\\\/schema\\\/logo\\\/image\\\/\",\"url\":\"https:\\\/\\\/stilanddesign.se\\\/wp-content\\\/uploads\\\/2023\\\/12\\\/output-onlinepngtools-e1727784413220.png\",\"contentUrl\":\"https:\\\/\\\/stilanddesign.se\\\/wp-content\\\/uploads\\\/2023\\\/12\\\/output-onlinepngtools-e1727784413220.png\",\"width\":519,\"height\":135,\"caption\":\"Stil &amp; Design\"},\"image\":{\"@id\":\"https:\\\/\\\/stilanddesign.se\\\/#\\\/schema\\\/logo\\\/image\\\/\"}}]}<\/script>\n<!-- \/ Yoast SEO Premium plugin. -->","yoast_head_json":{"title":"Rosa topp med spets-l\u00e5ng \u00e4rm - Stil &amp; Design","robots":{"index":"index","follow":"follow","max-snippet":"max-snippet:-1","max-image-preview":"max-image-preview:large","max-video-preview":"max-video-preview:-1"},"canonical":"https:\/\/stilanddesign.se\/en\/product\/rosa-topp-med-spets-lang-arm\/","og_locale":"en_US","og_type":"article","og_title":"Rosa topp med spets-l\u00e5ng \u00e4rm","og_description":"Rosa topp med spets \u2013 l\u00e5ng \u00e4rm \ud83e\udd0d\u2728En superfin och mjuk topp i vitt med vacker spets som ger en feminin och lyxig k\u00e4nsla \ud83d\ude0d Toppen \u00e4r v-ringad med spets runt halsringningen, har l\u00e5ng \u00e4rm med spetskant i \u00e4rmslut och en fin spetskant runtom nertill f\u00f6r en extra snygg finish \ud83d\udcab Perfekt att b\u00e4ra som den \u00e4r till jeans\/kjol eller under en kavaj\/kofta \ud83d\udc56\u2728 \u2705 V-ringad med spetsdetaljer\u2705 L\u00e5ng \u00e4rm med spetskant i \u00e4rmslut\u2705 Spetskant nertill\u2705 Mjuk, stretchig kvalitet \ud83d\udccc Storlek: One size \u2013 rymlig, passar ca 34\u201344Material: 95% viscose | 5% elastan \ud83e\uddf5","og_url":"https:\/\/stilanddesign.se\/en\/product\/rosa-topp-med-spets-lang-arm\/","og_site_name":"Stil &amp; Design","article_modified_time":"2026-04-11T08:15:53+00:00","og_image":[{"width":427,"height":640,"url":"https:\/\/stilanddesign.se\/wp-content\/uploads\/2026\/03\/77676545555-1.png","type":"image\/png"}],"twitter_card":"summary_large_image","twitter_misc":{"Est. reading time":"1 minute"},"schema":{"@context":"https:\/\/schema.org","@graph":[{"@type":"WebPage","@id":"https:\/\/stilanddesign.se\/produkt\/rosa-topp-med-spets-lang-arm\/","url":"https:\/\/stilanddesign.se\/produkt\/rosa-topp-med-spets-lang-arm\/","name":"Rosa topp med spets-l\u00e5ng \u00e4rm - Stil &amp; Design","isPartOf":{"@id":"https:\/\/stilanddesign.se\/#website"},"primaryImageOfPage":{"@id":"https:\/\/stilanddesign.se\/produkt\/rosa-topp-med-spets-lang-arm\/#primaryimage"},"image":{"@id":"https:\/\/stilanddesign.se\/produkt\/rosa-topp-med-spets-lang-arm\/#primaryimage"},"thumbnailUrl":"https:\/\/stilanddesign.se\/wp-content\/uploads\/2026\/03\/77676545555-1.png","datePublished":"2026-03-06T14:19:51+00:00","dateModified":"2026-04-11T08:15:53+00:00","breadcrumb":{"@id":"https:\/\/stilanddesign.se\/produkt\/rosa-topp-med-spets-lang-arm\/#breadcrumb"},"inLanguage":"en-US","potentialAction":[{"@type":"ReadAction","target":["https:\/\/stilanddesign.se\/produkt\/rosa-topp-med-spets-lang-arm\/"]}]},{"@type":"ImageObject","inLanguage":"en-US","@id":"https:\/\/stilanddesign.se\/produkt\/rosa-topp-med-spets-lang-arm\/#primaryimage","url":"https:\/\/stilanddesign.se\/wp-content\/uploads\/2026\/03\/77676545555-1.png","contentUrl":"https:\/\/stilanddesign.se\/wp-content\/uploads\/2026\/03\/77676545555-1.png","width":427,"height":640},{"@type":"BreadcrumbList","@id":"https:\/\/stilanddesign.se\/produkt\/rosa-topp-med-spets-lang-arm\/#breadcrumb","itemListElement":[{"@type":"ListItem","position":1,"name":"Hem","item":"https:\/\/stilanddesign.se\/"},{"@type":"ListItem","position":2,"name":"Butiken","item":"https:\/\/stilanddesign.se\/butiken\/"},{"@type":"ListItem","position":3,"name":"Rosa topp med spets-l\u00e5ng \u00e4rm"}]},{"@type":"WebSite","@id":"https:\/\/stilanddesign.se\/#website","url":"https:\/\/stilanddesign.se\/","name":"Style &amp; Design","description":"For those of us who love fashion!","publisher":{"@id":"https:\/\/stilanddesign.se\/#organization"},"potentialAction":[{"@type":"SearchAction","target":{"@type":"EntryPoint","urlTemplate":"https:\/\/stilanddesign.se\/?s={search_term_string}"},"query-input":{"@type":"PropertyValueSpecification","valueRequired":true,"valueName":"search_term_string"}}],"inLanguage":"en-US"},{"@type":"Organization","@id":"https:\/\/stilanddesign.se\/#organization","name":"Style &amp; Design","url":"https:\/\/stilanddesign.se\/","logo":{"@type":"ImageObject","inLanguage":"en-US","@id":"https:\/\/stilanddesign.se\/#\/schema\/logo\/image\/","url":"https:\/\/stilanddesign.se\/wp-content\/uploads\/2023\/12\/output-onlinepngtools-e1727784413220.png","contentUrl":"https:\/\/stilanddesign.se\/wp-content\/uploads\/2023\/12\/output-onlinepngtools-e1727784413220.png","width":519,"height":135,"caption":"Stil &amp; Design"},"image":{"@id":"https:\/\/stilanddesign.se\/#\/schema\/logo\/image\/"}}]}},"_links":{"self":[{"href":"https:\/\/stilanddesign.se\/en\/wp-json\/wp\/v2\/product\/1068136","targetHints":{"allow":["GET"]}}],"collection":[{"href":"https:\/\/stilanddesign.se\/en\/wp-json\/wp\/v2\/product"}],"about":[{"href":"https:\/\/stilanddesign.se\/en\/wp-json\/wp\/v2\/types\/product"}],"replies":[{"embeddable":true,"href":"https:\/\/stilanddesign.se\/en\/wp-json\/wp\/v2\/comments?post=1068136"}],"wp:featuredmedia":[{"embeddable":true,"href":"https:\/\/stilanddesign.se\/en\/wp-json\/wp\/v2\/media\/1068135"}],"wp:attachment":[{"href":"https:\/\/stilanddesign.se\/en\/wp-json\/wp\/v2\/media?parent=1068136"}],"wp:term":[{"taxonomy":"product_brand","embeddable":true,"href":"https:\/\/stilanddesign.se\/en\/wp-json\/wp\/v2\/product_brand?post=1068136"},{"taxonomy":"product_cat","embeddable":true,"href":"https:\/\/stilanddesign.se\/en\/wp-json\/wp\/v2\/product_cat?post=1068136"},{"taxonomy":"product_tag","embeddable":true,"href":"https:\/\/stilanddesign.se\/en\/wp-json\/wp\/v2\/product_tag?post=1068136"}],"curies":[{"name":"wp","href":"https:\/\/api.w.org\/{rel}","templated":true}]}}