{"id":1068030,"date":"2026-03-06T08:33:49","date_gmt":"2026-03-06T07:33:49","guid":{"rendered":"https:\/\/stilanddesign.se\/?post_type=product&#038;p=1068030"},"modified":"2026-03-11T10:40:23","modified_gmt":"2026-03-11T09:40:23","slug":"t-shirt-med-farm-fresh-tryck-jordgubbar-caramell-fashion-%f0%9f%8d%93%e2%9c%a8","status":"publish","type":"product","link":"https:\/\/stilanddesign.se\/en\/product\/t-shirt-med-farm-fresh-tryck-jordgubbar-caramell-fashion-%f0%9f%8d%93%e2%9c%a8\/","title":{"rendered":"T-shirt with \u201cFarm Fresh\u201d print (strawberries) \u2013 Caramell Fashion \ud83c\udf53\u2728"},"content":{"rendered":"<p data-start=\"0\" data-end=\"273\"><strong data-start=\"0\" data-end=\"66\">T-shirt with \u201cFarm Fresh\u201d print (strawberries) \u2013 Caramell Fashion<\/strong> \ud83c\udf53\u2728<br data-start=\"70\" data-end=\"73\" \/>A super nice and comfortable t-shirt with lovely <strong data-start=\"114\" data-end=\"128\">Farm Fresh<\/strong>-print that gives the outfit a summery and playful feel \ud83d\ude0d Perfect for jeans, shorts or a skirt - a real everyday favorite with that little something extra \ud83d\udc56\u2600\ufe0f<\/p>\n<p data-start=\"275\" data-end=\"368\">\u2705 Soft cotton quality with stretch<br data-start=\"309\" data-end=\"312\" \/>\u2705 Stylish print on the front<br data-start=\"335\" data-end=\"338\" data-is-only-node=\"\" \/>\u2705 Easy to style \u2013 all year round<\/p>\n<p data-start=\"370\" data-end=\"463\" data-is-last-node=\"\" data-is-only-node=\"\">\ud83d\udccc <strong data-start=\"373\" data-end=\"387\">Sizes:<\/strong> S\/M, L\/XL<br data-start=\"397\" data-end=\"400\" \/><strong data-start=\"400\" data-end=\"413\">Material:<\/strong> 97% cotton | 3% elastane \ud83e\uddf5<br data-start=\"440\" data-end=\"443\" \/><strong data-start=\"443\" data-end=\"456\">Washing instructions:<\/strong> 30\u00b0 \ud83e\uddfa<\/p>","protected":false},"excerpt":{"rendered":"<p data-start=\"0\" data-end=\"273\"><strong data-start=\"0\" data-end=\"66\">T-shirt with \u201cFarm Fresh\u201d print (strawberries) \u2013 Caramell Fashion<\/strong> \ud83c\udf53\u2728<br data-start=\"70\" data-end=\"73\" \/>A super nice and comfortable t-shirt with lovely <strong data-start=\"114\" data-end=\"128\">Farm Fresh<\/strong>-print that gives the outfit a summery and playful feel \ud83d\ude0d Perfect for jeans, shorts or a skirt - a real everyday favorite with that little something extra \ud83d\udc56\u2600\ufe0f<\/p>\n<p data-start=\"275\" data-end=\"368\">\u2705 Soft cotton quality with stretch<br data-start=\"309\" data-end=\"312\" \/>\u2705 Stylish print on the front<br data-start=\"335\" data-end=\"338\" data-is-only-node=\"\" \/>\u2705 Easy to style \u2013 all year round<\/p>\n<p data-start=\"370\" data-end=\"463\" data-is-last-node=\"\" data-is-only-node=\"\">\ud83d\udccc <strong data-start=\"373\" data-end=\"387\">Sizes:<\/strong> S\/M, L\/XL<br data-start=\"397\" data-end=\"400\" \/><strong data-start=\"400\" data-end=\"413\">Material:<\/strong> 97% cotton | 3% elastane \ud83e\uddf5<br data-start=\"440\" data-end=\"443\" \/><strong data-start=\"443\" data-end=\"456\">Washing instructions:<\/strong> 30\u00b0 \ud83e\uddfa<\/p>","protected":false},"featured_media":1068035,"comment_status":"closed","ping_status":"closed","template":"","meta":[],"product_brand":[],"product_cat":[222],"product_tag":[],"class_list":{"0":"post-1068030","1":"product","2":"type-product","3":"status-publish","4":"has-post-thumbnail","6":"product_cat-toppar-tischor","8":"first","9":"instock","10":"taxable","11":"shipping-taxable","12":"purchasable","13":"product-type-variable"},"yoast_head":"<!-- This site is optimized with the Yoast SEO Premium plugin v27.1 (Yoast SEO v27.4) - https:\/\/yoast.com\/product\/yoast-seo-premium-wordpress\/ -->\n<title>T-shirt med \u201cFarm Fresh\u201d-tryck (jordgubbar) \u2013 Caramell Fashion \ud83c\udf53\u2728 - Stil &amp; Design<\/title>\n<meta name=\"robots\" content=\"index, follow, max-snippet:-1, max-image-preview:large, max-video-preview:-1\" \/>\n<link rel=\"canonical\" href=\"https:\/\/stilanddesign.se\/en\/product\/t-shirt-med-farm-fresh-tryck-jordgubbar-caramell-fashion-\ud83c\udf53\u2728\/\" \/>\n<meta property=\"og:locale\" content=\"en_US\" \/>\n<meta property=\"og:type\" content=\"article\" \/>\n<meta property=\"og:title\" content=\"T-shirt med \u201cFarm Fresh\u201d-tryck (jordgubbar) \u2013 Caramell Fashion \ud83c\udf53\u2728\" \/>\n<meta property=\"og:description\" content=\"T-shirt med \u201cFarm Fresh\u201d-tryck (jordgubbar) \u2013 Caramell Fashion \ud83c\udf53\u2728En superfin och sk\u00f6n t-shirt med h\u00e4rligt Farm Fresh-tryck som ger outfiten en somrig och lekfull k\u00e4nsla \ud83d\ude0d Perfekt till jeans, shorts eller kjol \u2013 en riktig vardagsfavorit med det lilla extra \ud83d\udc56\u2600\ufe0f \u2705 Mjuk bomullskvalitet med stretch\u2705 Snyggt print framtill\u2705 L\u00e4tt att styla \u2013 \u00e5ret runt \ud83d\udccc Storlekar: S\/M, L\/XLMaterial: 97% bomull | 3% elastan \ud83e\uddf5Tv\u00e4ttr\u00e5d: 30\u00b0 \ud83e\uddfa\" \/>\n<meta property=\"og:url\" content=\"https:\/\/stilanddesign.se\/en\/product\/t-shirt-med-farm-fresh-tryck-jordgubbar-caramell-fashion-\ud83c\udf53\u2728\/\" \/>\n<meta property=\"og:site_name\" content=\"Stil &amp; Design\" \/>\n<meta property=\"article:modified_time\" content=\"2026-03-11T09:40:23+00:00\" \/>\n<meta property=\"og:image\" content=\"https:\/\/stilanddesign.se\/wp-content\/uploads\/2026\/03\/ChatGPT-Image-6-mars-2026-08_33_21-683x1024.png\" \/>\n\t<meta property=\"og:image:width\" content=\"683\" \/>\n\t<meta property=\"og:image:height\" content=\"1024\" \/>\n\t<meta property=\"og:image:type\" content=\"image\/png\" \/>\n<meta name=\"twitter:card\" content=\"summary_large_image\" \/>\n<meta name=\"twitter:label1\" content=\"Est. reading time\" \/>\n\t<meta name=\"twitter:data1\" content=\"1 minute\" \/>\n<script type=\"application\/ld+json\" class=\"yoast-schema-graph\">{\"@context\":\"https:\\\/\\\/schema.org\",\"@graph\":[{\"@type\":\"WebPage\",\"@id\":\"https:\\\/\\\/stilanddesign.se\\\/produkt\\\/t-shirt-med-farm-fresh-tryck-jordgubbar-caramell-fashion-%f0%9f%8d%93%e2%9c%a8\\\/\",\"url\":\"https:\\\/\\\/stilanddesign.se\\\/produkt\\\/t-shirt-med-farm-fresh-tryck-jordgubbar-caramell-fashion-%f0%9f%8d%93%e2%9c%a8\\\/\",\"name\":\"T-shirt med \u201cFarm Fresh\u201d-tryck (jordgubbar) \u2013 Caramell Fashion \ud83c\udf53\u2728 - Stil &amp; Design\",\"isPartOf\":{\"@id\":\"https:\\\/\\\/stilanddesign.se\\\/#website\"},\"primaryImageOfPage\":{\"@id\":\"https:\\\/\\\/stilanddesign.se\\\/produkt\\\/t-shirt-med-farm-fresh-tryck-jordgubbar-caramell-fashion-%f0%9f%8d%93%e2%9c%a8\\\/#primaryimage\"},\"image\":{\"@id\":\"https:\\\/\\\/stilanddesign.se\\\/produkt\\\/t-shirt-med-farm-fresh-tryck-jordgubbar-caramell-fashion-%f0%9f%8d%93%e2%9c%a8\\\/#primaryimage\"},\"thumbnailUrl\":\"https:\\\/\\\/stilanddesign.se\\\/wp-content\\\/uploads\\\/2026\\\/03\\\/ChatGPT-Image-6-mars-2026-08_33_21.png\",\"datePublished\":\"2026-03-06T07:33:49+00:00\",\"dateModified\":\"2026-03-11T09:40:23+00:00\",\"breadcrumb\":{\"@id\":\"https:\\\/\\\/stilanddesign.se\\\/produkt\\\/t-shirt-med-farm-fresh-tryck-jordgubbar-caramell-fashion-%f0%9f%8d%93%e2%9c%a8\\\/#breadcrumb\"},\"inLanguage\":\"en-US\",\"potentialAction\":[{\"@type\":\"ReadAction\",\"target\":[\"https:\\\/\\\/stilanddesign.se\\\/produkt\\\/t-shirt-med-farm-fresh-tryck-jordgubbar-caramell-fashion-%f0%9f%8d%93%e2%9c%a8\\\/\"]}]},{\"@type\":\"ImageObject\",\"inLanguage\":\"en-US\",\"@id\":\"https:\\\/\\\/stilanddesign.se\\\/produkt\\\/t-shirt-med-farm-fresh-tryck-jordgubbar-caramell-fashion-%f0%9f%8d%93%e2%9c%a8\\\/#primaryimage\",\"url\":\"https:\\\/\\\/stilanddesign.se\\\/wp-content\\\/uploads\\\/2026\\\/03\\\/ChatGPT-Image-6-mars-2026-08_33_21.png\",\"contentUrl\":\"https:\\\/\\\/stilanddesign.se\\\/wp-content\\\/uploads\\\/2026\\\/03\\\/ChatGPT-Image-6-mars-2026-08_33_21.png\",\"width\":1024,\"height\":1536},{\"@type\":\"BreadcrumbList\",\"@id\":\"https:\\\/\\\/stilanddesign.se\\\/produkt\\\/t-shirt-med-farm-fresh-tryck-jordgubbar-caramell-fashion-%f0%9f%8d%93%e2%9c%a8\\\/#breadcrumb\",\"itemListElement\":[{\"@type\":\"ListItem\",\"position\":1,\"name\":\"Hem\",\"item\":\"https:\\\/\\\/stilanddesign.se\\\/\"},{\"@type\":\"ListItem\",\"position\":2,\"name\":\"Butiken\",\"item\":\"https:\\\/\\\/stilanddesign.se\\\/butiken\\\/\"},{\"@type\":\"ListItem\",\"position\":3,\"name\":\"T-shirt med \u201cFarm Fresh\u201d-tryck (jordgubbar) \u2013 Caramell Fashion \ud83c\udf53\u2728\"}]},{\"@type\":\"WebSite\",\"@id\":\"https:\\\/\\\/stilanddesign.se\\\/#website\",\"url\":\"https:\\\/\\\/stilanddesign.se\\\/\",\"name\":\"Stil &amp; Design\",\"description\":\"F\u00f6r oss som \u00e4lskar mode!\",\"publisher\":{\"@id\":\"https:\\\/\\\/stilanddesign.se\\\/#organization\"},\"potentialAction\":[{\"@type\":\"SearchAction\",\"target\":{\"@type\":\"EntryPoint\",\"urlTemplate\":\"https:\\\/\\\/stilanddesign.se\\\/?s={search_term_string}\"},\"query-input\":{\"@type\":\"PropertyValueSpecification\",\"valueRequired\":true,\"valueName\":\"search_term_string\"}}],\"inLanguage\":\"en-US\"},{\"@type\":\"Organization\",\"@id\":\"https:\\\/\\\/stilanddesign.se\\\/#organization\",\"name\":\"Stil &amp; Design\",\"url\":\"https:\\\/\\\/stilanddesign.se\\\/\",\"logo\":{\"@type\":\"ImageObject\",\"inLanguage\":\"en-US\",\"@id\":\"https:\\\/\\\/stilanddesign.se\\\/#\\\/schema\\\/logo\\\/image\\\/\",\"url\":\"https:\\\/\\\/stilanddesign.se\\\/wp-content\\\/uploads\\\/2023\\\/12\\\/output-onlinepngtools-e1727784413220.png\",\"contentUrl\":\"https:\\\/\\\/stilanddesign.se\\\/wp-content\\\/uploads\\\/2023\\\/12\\\/output-onlinepngtools-e1727784413220.png\",\"width\":519,\"height\":135,\"caption\":\"Stil &amp; Design\"},\"image\":{\"@id\":\"https:\\\/\\\/stilanddesign.se\\\/#\\\/schema\\\/logo\\\/image\\\/\"}}]}<\/script>\n<!-- \/ Yoast SEO Premium plugin. -->","yoast_head_json":{"title":"T-shirt med \u201cFarm Fresh\u201d-tryck (jordgubbar) \u2013 Caramell Fashion \ud83c\udf53\u2728 - Stil &amp; Design","robots":{"index":"index","follow":"follow","max-snippet":"max-snippet:-1","max-image-preview":"max-image-preview:large","max-video-preview":"max-video-preview:-1"},"canonical":"https:\/\/stilanddesign.se\/en\/product\/t-shirt-med-farm-fresh-tryck-jordgubbar-caramell-fashion-\ud83c\udf53\u2728\/","og_locale":"en_US","og_type":"article","og_title":"T-shirt med \u201cFarm Fresh\u201d-tryck (jordgubbar) \u2013 Caramell Fashion \ud83c\udf53\u2728","og_description":"T-shirt med \u201cFarm Fresh\u201d-tryck (jordgubbar) \u2013 Caramell Fashion \ud83c\udf53\u2728En superfin och sk\u00f6n t-shirt med h\u00e4rligt Farm Fresh-tryck som ger outfiten en somrig och lekfull k\u00e4nsla \ud83d\ude0d Perfekt till jeans, shorts eller kjol \u2013 en riktig vardagsfavorit med det lilla extra \ud83d\udc56\u2600\ufe0f \u2705 Mjuk bomullskvalitet med stretch\u2705 Snyggt print framtill\u2705 L\u00e4tt att styla \u2013 \u00e5ret runt \ud83d\udccc Storlekar: S\/M, L\/XLMaterial: 97% bomull | 3% elastan \ud83e\uddf5Tv\u00e4ttr\u00e5d: 30\u00b0 \ud83e\uddfa","og_url":"https:\/\/stilanddesign.se\/en\/product\/t-shirt-med-farm-fresh-tryck-jordgubbar-caramell-fashion-\ud83c\udf53\u2728\/","og_site_name":"Stil &amp; Design","article_modified_time":"2026-03-11T09:40:23+00:00","og_image":[{"width":683,"height":1024,"url":"https:\/\/stilanddesign.se\/wp-content\/uploads\/2026\/03\/ChatGPT-Image-6-mars-2026-08_33_21-683x1024.png","type":"image\/png"}],"twitter_card":"summary_large_image","twitter_misc":{"Est. reading time":"1 minute"},"schema":{"@context":"https:\/\/schema.org","@graph":[{"@type":"WebPage","@id":"https:\/\/stilanddesign.se\/produkt\/t-shirt-med-farm-fresh-tryck-jordgubbar-caramell-fashion-%f0%9f%8d%93%e2%9c%a8\/","url":"https:\/\/stilanddesign.se\/produkt\/t-shirt-med-farm-fresh-tryck-jordgubbar-caramell-fashion-%f0%9f%8d%93%e2%9c%a8\/","name":"T-shirt med \u201cFarm Fresh\u201d-tryck (jordgubbar) \u2013 Caramell Fashion \ud83c\udf53\u2728 - Stil &amp; Design","isPartOf":{"@id":"https:\/\/stilanddesign.se\/#website"},"primaryImageOfPage":{"@id":"https:\/\/stilanddesign.se\/produkt\/t-shirt-med-farm-fresh-tryck-jordgubbar-caramell-fashion-%f0%9f%8d%93%e2%9c%a8\/#primaryimage"},"image":{"@id":"https:\/\/stilanddesign.se\/produkt\/t-shirt-med-farm-fresh-tryck-jordgubbar-caramell-fashion-%f0%9f%8d%93%e2%9c%a8\/#primaryimage"},"thumbnailUrl":"https:\/\/stilanddesign.se\/wp-content\/uploads\/2026\/03\/ChatGPT-Image-6-mars-2026-08_33_21.png","datePublished":"2026-03-06T07:33:49+00:00","dateModified":"2026-03-11T09:40:23+00:00","breadcrumb":{"@id":"https:\/\/stilanddesign.se\/produkt\/t-shirt-med-farm-fresh-tryck-jordgubbar-caramell-fashion-%f0%9f%8d%93%e2%9c%a8\/#breadcrumb"},"inLanguage":"en-US","potentialAction":[{"@type":"ReadAction","target":["https:\/\/stilanddesign.se\/produkt\/t-shirt-med-farm-fresh-tryck-jordgubbar-caramell-fashion-%f0%9f%8d%93%e2%9c%a8\/"]}]},{"@type":"ImageObject","inLanguage":"en-US","@id":"https:\/\/stilanddesign.se\/produkt\/t-shirt-med-farm-fresh-tryck-jordgubbar-caramell-fashion-%f0%9f%8d%93%e2%9c%a8\/#primaryimage","url":"https:\/\/stilanddesign.se\/wp-content\/uploads\/2026\/03\/ChatGPT-Image-6-mars-2026-08_33_21.png","contentUrl":"https:\/\/stilanddesign.se\/wp-content\/uploads\/2026\/03\/ChatGPT-Image-6-mars-2026-08_33_21.png","width":1024,"height":1536},{"@type":"BreadcrumbList","@id":"https:\/\/stilanddesign.se\/produkt\/t-shirt-med-farm-fresh-tryck-jordgubbar-caramell-fashion-%f0%9f%8d%93%e2%9c%a8\/#breadcrumb","itemListElement":[{"@type":"ListItem","position":1,"name":"Hem","item":"https:\/\/stilanddesign.se\/"},{"@type":"ListItem","position":2,"name":"Butiken","item":"https:\/\/stilanddesign.se\/butiken\/"},{"@type":"ListItem","position":3,"name":"T-shirt med \u201cFarm Fresh\u201d-tryck (jordgubbar) \u2013 Caramell Fashion \ud83c\udf53\u2728"}]},{"@type":"WebSite","@id":"https:\/\/stilanddesign.se\/#website","url":"https:\/\/stilanddesign.se\/","name":"Style &amp; Design","description":"For those of us who love fashion!","publisher":{"@id":"https:\/\/stilanddesign.se\/#organization"},"potentialAction":[{"@type":"SearchAction","target":{"@type":"EntryPoint","urlTemplate":"https:\/\/stilanddesign.se\/?s={search_term_string}"},"query-input":{"@type":"PropertyValueSpecification","valueRequired":true,"valueName":"search_term_string"}}],"inLanguage":"en-US"},{"@type":"Organization","@id":"https:\/\/stilanddesign.se\/#organization","name":"Style &amp; Design","url":"https:\/\/stilanddesign.se\/","logo":{"@type":"ImageObject","inLanguage":"en-US","@id":"https:\/\/stilanddesign.se\/#\/schema\/logo\/image\/","url":"https:\/\/stilanddesign.se\/wp-content\/uploads\/2023\/12\/output-onlinepngtools-e1727784413220.png","contentUrl":"https:\/\/stilanddesign.se\/wp-content\/uploads\/2023\/12\/output-onlinepngtools-e1727784413220.png","width":519,"height":135,"caption":"Stil &amp; Design"},"image":{"@id":"https:\/\/stilanddesign.se\/#\/schema\/logo\/image\/"}}]}},"_links":{"self":[{"href":"https:\/\/stilanddesign.se\/en\/wp-json\/wp\/v2\/product\/1068030","targetHints":{"allow":["GET"]}}],"collection":[{"href":"https:\/\/stilanddesign.se\/en\/wp-json\/wp\/v2\/product"}],"about":[{"href":"https:\/\/stilanddesign.se\/en\/wp-json\/wp\/v2\/types\/product"}],"replies":[{"embeddable":true,"href":"https:\/\/stilanddesign.se\/en\/wp-json\/wp\/v2\/comments?post=1068030"}],"wp:featuredmedia":[{"embeddable":true,"href":"https:\/\/stilanddesign.se\/en\/wp-json\/wp\/v2\/media\/1068035"}],"wp:attachment":[{"href":"https:\/\/stilanddesign.se\/en\/wp-json\/wp\/v2\/media?parent=1068030"}],"wp:term":[{"taxonomy":"product_brand","embeddable":true,"href":"https:\/\/stilanddesign.se\/en\/wp-json\/wp\/v2\/product_brand?post=1068030"},{"taxonomy":"product_cat","embeddable":true,"href":"https:\/\/stilanddesign.se\/en\/wp-json\/wp\/v2\/product_cat?post=1068030"},{"taxonomy":"product_tag","embeddable":true,"href":"https:\/\/stilanddesign.se\/en\/wp-json\/wp\/v2\/product_tag?post=1068030"}],"curies":[{"name":"wp","href":"https:\/\/api.w.org\/{rel}","templated":true}]}}