{"id":1067998,"date":"2026-03-05T16:51:06","date_gmt":"2026-03-05T15:51:06","guid":{"rendered":"https:\/\/stilanddesign.se\/?post_type=product&#038;p=1067998"},"modified":"2026-03-28T22:36:06","modified_gmt":"2026-03-28T21:36:06","slug":"fin-viscoseklanning-i-kakifarg-%f0%9f%92%9a%e2%9c%a8","status":"publish","type":"product","link":"https:\/\/stilanddesign.se\/en\/product\/fin-viscoseklanning-i-kakifarg-%f0%9f%92%9a%e2%9c%a8\/","title":{"rendered":"Nice viscose dress in khaki color \ud83d\udc9a\u2728"},"content":{"rendered":"<p data-start=\"0\" data-end=\"327\"><strong data-start=\"0\" data-end=\"34\">Nice viscose dress in khaki color<\/strong> \ud83d\udc9a\u2728<br data-start=\"38\" data-end=\"41\" \/>A wonderful, airy dress in khaki green with a nice drape - perfect for both everyday wear and summer occasions \ud83d\ude0d The dress has <strong data-start=\"170\" data-end=\"185\">rounded neck<\/strong> with <strong data-start=\"190\" data-end=\"204\">2 ties<\/strong> which gives a cute detail. It has a <strong data-start=\"239\" data-end=\"263\">slightly longer short sleeve<\/strong> with thin elastic at the cuffs for a soft and comfortable fit \ud83d\udcab<\/p>\n<p data-start=\"329\" data-end=\"502\">Under the bust there is a <strong data-start=\"352\" data-end=\"365\">sewn pleat<\/strong> which goes all the way around and continues down the back, giving a flattering fall. At the bottom, the dress ends with a nice <strong data-start=\"483\" data-end=\"500\">ruffle all around<\/strong> \u2728<\/p>\n<p data-start=\"504\" data-end=\"640\">\u2705 Round neck with 2 ties<br data-start=\"530\" data-end=\"533\" \/>\u2705 Short (slightly longer) sleeves with elastic at the cuffs<br data-start=\"577\" data-end=\"580\" \/>\u2705 Sewn pleats under the bust all around<br data-start=\"612\" data-end=\"615\" \/>\u2705 Ruffle around the bottom<\/p>\n<p data-start=\"642\" data-end=\"725\">\ud83d\udccf <strong data-start=\"645\" data-end=\"655\">Length:<\/strong> 125 cm (from shoulder)<br data-start=\"674\" data-end=\"677\" \/>\ud83d\udccc <strong data-start=\"680\" data-end=\"692\">Size:<\/strong> One size \u2013 fits approx. <strong data-start=\"714\" data-end=\"723\" data-is-only-node=\"\">34\u201342<\/strong><\/p>\n<p data-start=\"727\" data-end=\"767\" data-is-last-node=\"\" data-is-only-node=\"\"><strong data-start=\"727\" data-end=\"740\">Material:<\/strong> 85% viscose | 15% nylon \ud83e\uddf5<\/p>","protected":false},"excerpt":{"rendered":"<p data-start=\"0\" data-end=\"327\"><strong data-start=\"0\" data-end=\"34\">Nice viscose dress in khaki color<\/strong> \ud83d\udc9a\u2728<br data-start=\"38\" data-end=\"41\" \/>A wonderful, airy dress in khaki green with a nice drape - perfect for both everyday wear and summer occasions \ud83d\ude0d The dress has <strong data-start=\"170\" data-end=\"185\">rounded neck<\/strong> with <strong data-start=\"190\" data-end=\"204\">2 ties<\/strong> which gives a cute detail. It has a <strong data-start=\"239\" data-end=\"263\">slightly longer short sleeve<\/strong> with thin elastic at the cuffs for a soft and comfortable fit \ud83d\udcab<\/p>\n<p data-start=\"329\" data-end=\"502\">Under the bust there is a <strong data-start=\"352\" data-end=\"365\">sewn pleat<\/strong> which goes all the way around and continues down the back, giving a flattering fall. At the bottom, the dress ends with a nice <strong data-start=\"483\" data-end=\"500\">ruffle all around<\/strong> \u2728<\/p>\n<p data-start=\"504\" data-end=\"640\">\u2705 Round neck with 2 ties<br data-start=\"530\" data-end=\"533\" \/>\u2705 Short (slightly longer) sleeves with elastic at the cuffs<br data-start=\"577\" data-end=\"580\" \/>\u2705 Sewn pleats under the bust all around<br data-start=\"612\" data-end=\"615\" \/>\u2705 Ruffle around the bottom<\/p>\n<p data-start=\"642\" data-end=\"725\">\ud83d\udccf <strong data-start=\"645\" data-end=\"655\">Length:<\/strong> 125 cm (from shoulder)<br data-start=\"674\" data-end=\"677\" \/>\ud83d\udccc <strong data-start=\"680\" data-end=\"692\">Size:<\/strong> One size \u2013 fits approx. <strong data-start=\"714\" data-end=\"723\" data-is-only-node=\"\">34\u201342<\/strong><\/p>\n<p data-start=\"727\" data-end=\"767\" data-is-last-node=\"\" data-is-only-node=\"\"><strong data-start=\"727\" data-end=\"740\">Material:<\/strong> 85% viscose | 15% nylon \ud83e\uddf5<\/p>","protected":false},"featured_media":1067992,"comment_status":"closed","ping_status":"closed","template":"","meta":[],"product_brand":[],"product_cat":[215],"product_tag":[],"class_list":{"0":"post-1067998","1":"product","2":"type-product","3":"status-publish","4":"has-post-thumbnail","6":"product_cat-klanningar","8":"first","9":"outofstock","10":"taxable","11":"shipping-taxable","12":"product-type-variable"},"yoast_head":"<!-- This site is optimized with the Yoast SEO Premium plugin v27.4 (Yoast SEO v27.4) - https:\/\/yoast.com\/product\/yoast-seo-premium-wordpress\/ -->\n<title>Fin viscosekl\u00e4nning i kakif\u00e4rg \ud83d\udc9a\u2728 - Stil &amp; Design<\/title>\n<meta name=\"robots\" content=\"index, follow, max-snippet:-1, max-image-preview:large, max-video-preview:-1\" \/>\n<link rel=\"canonical\" href=\"https:\/\/stilanddesign.se\/en\/product\/fin-viscoseklanning-i-kakifarg-\ud83d\udc9a\u2728\/\" \/>\n<meta property=\"og:locale\" content=\"en_US\" \/>\n<meta property=\"og:type\" content=\"article\" \/>\n<meta property=\"og:title\" content=\"Fin viscosekl\u00e4nning i kakif\u00e4rg \ud83d\udc9a\u2728\" \/>\n<meta property=\"og:description\" content=\"Fin viscosekl\u00e4nning i kakif\u00e4rg \ud83d\udc9a\u2728En underbar, luftig kl\u00e4nning i kakigr\u00f6nt med ett fint fall \u2013 perfekt till b\u00e5de vardag och sommarens tillf\u00e4llen \ud83d\ude0d Kl\u00e4nningen har rundad hals med 2 knytband som ger en s\u00f6t detalj. Den har en lite l\u00e4ngre kort \u00e4rm med tunn res\u00e5rkant i \u00e4rmslut f\u00f6r en mjuk och bekv\u00e4m passform \ud83d\udcab Under bysten finns ett sytt veck som g\u00e5r runt om och forts\u00e4tter bak p\u00e5 ryggen, vilket ger ett smickrande fall. Nertill avslutas kl\u00e4nningen med en fin volang runtom \u2728 \u2705 Rund hals med 2 knytband\u2705 Kort (lite l\u00e4ngre) \u00e4rm med res\u00e5r i \u00e4rmslut\u2705 Sytt veck under bysten runt om\u2705 Volang runtom nertill \ud83d\udccf L\u00e4ngd: 125 cm (fr\u00e5n axel)\ud83d\udccc Storlek: One size \u2013 passar ca 34\u201342 Material: 85% viscose | 15% nylon \ud83e\uddf5\" \/>\n<meta property=\"og:url\" content=\"https:\/\/stilanddesign.se\/en\/product\/fin-viscoseklanning-i-kakifarg-\ud83d\udc9a\u2728\/\" \/>\n<meta property=\"og:site_name\" content=\"Stil &amp; Design\" \/>\n<meta property=\"article:modified_time\" content=\"2026-03-28T21:36:06+00:00\" \/>\n<meta property=\"og:image\" content=\"https:\/\/stilanddesign.se\/wp-content\/uploads\/2026\/03\/88767655555.png\" \/>\n\t<meta property=\"og:image:width\" content=\"427\" \/>\n\t<meta property=\"og:image:height\" content=\"640\" \/>\n\t<meta property=\"og:image:type\" content=\"image\/png\" \/>\n<meta name=\"twitter:card\" content=\"summary_large_image\" \/>\n<meta name=\"twitter:label1\" content=\"Est. reading time\" \/>\n\t<meta name=\"twitter:data1\" content=\"1 minute\" \/>\n<script type=\"application\/ld+json\" class=\"yoast-schema-graph\">{\"@context\":\"https:\\\/\\\/schema.org\",\"@graph\":[{\"@type\":\"WebPage\",\"@id\":\"https:\\\/\\\/stilanddesign.se\\\/produkt\\\/fin-viscoseklanning-i-kakifarg-%f0%9f%92%9a%e2%9c%a8\\\/\",\"url\":\"https:\\\/\\\/stilanddesign.se\\\/produkt\\\/fin-viscoseklanning-i-kakifarg-%f0%9f%92%9a%e2%9c%a8\\\/\",\"name\":\"Fin viscosekl\u00e4nning i kakif\u00e4rg \ud83d\udc9a\u2728 - Stil &amp; Design\",\"isPartOf\":{\"@id\":\"https:\\\/\\\/stilanddesign.se\\\/#website\"},\"primaryImageOfPage\":{\"@id\":\"https:\\\/\\\/stilanddesign.se\\\/produkt\\\/fin-viscoseklanning-i-kakifarg-%f0%9f%92%9a%e2%9c%a8\\\/#primaryimage\"},\"image\":{\"@id\":\"https:\\\/\\\/stilanddesign.se\\\/produkt\\\/fin-viscoseklanning-i-kakifarg-%f0%9f%92%9a%e2%9c%a8\\\/#primaryimage\"},\"thumbnailUrl\":\"https:\\\/\\\/stilanddesign.se\\\/wp-content\\\/uploads\\\/2026\\\/03\\\/88767655555.png\",\"datePublished\":\"2026-03-05T15:51:06+00:00\",\"dateModified\":\"2026-03-28T21:36:06+00:00\",\"breadcrumb\":{\"@id\":\"https:\\\/\\\/stilanddesign.se\\\/produkt\\\/fin-viscoseklanning-i-kakifarg-%f0%9f%92%9a%e2%9c%a8\\\/#breadcrumb\"},\"inLanguage\":\"en-US\",\"potentialAction\":[{\"@type\":\"ReadAction\",\"target\":[\"https:\\\/\\\/stilanddesign.se\\\/produkt\\\/fin-viscoseklanning-i-kakifarg-%f0%9f%92%9a%e2%9c%a8\\\/\"]}]},{\"@type\":\"ImageObject\",\"inLanguage\":\"en-US\",\"@id\":\"https:\\\/\\\/stilanddesign.se\\\/produkt\\\/fin-viscoseklanning-i-kakifarg-%f0%9f%92%9a%e2%9c%a8\\\/#primaryimage\",\"url\":\"https:\\\/\\\/stilanddesign.se\\\/wp-content\\\/uploads\\\/2026\\\/03\\\/88767655555.png\",\"contentUrl\":\"https:\\\/\\\/stilanddesign.se\\\/wp-content\\\/uploads\\\/2026\\\/03\\\/88767655555.png\",\"width\":427,\"height\":640,\"caption\":\"Fin viscosekl\u00e4nning i kaki\"},{\"@type\":\"BreadcrumbList\",\"@id\":\"https:\\\/\\\/stilanddesign.se\\\/produkt\\\/fin-viscoseklanning-i-kakifarg-%f0%9f%92%9a%e2%9c%a8\\\/#breadcrumb\",\"itemListElement\":[{\"@type\":\"ListItem\",\"position\":1,\"name\":\"Hem\",\"item\":\"https:\\\/\\\/stilanddesign.se\\\/\"},{\"@type\":\"ListItem\",\"position\":2,\"name\":\"Butiken\",\"item\":\"https:\\\/\\\/stilanddesign.se\\\/butiken\\\/\"},{\"@type\":\"ListItem\",\"position\":3,\"name\":\"Fin viscosekl\u00e4nning i kakif\u00e4rg \ud83d\udc9a\u2728\"}]},{\"@type\":\"WebSite\",\"@id\":\"https:\\\/\\\/stilanddesign.se\\\/#website\",\"url\":\"https:\\\/\\\/stilanddesign.se\\\/\",\"name\":\"Stil &amp; Design\",\"description\":\"F\u00f6r oss som \u00e4lskar mode!\",\"publisher\":{\"@id\":\"https:\\\/\\\/stilanddesign.se\\\/#organization\"},\"potentialAction\":[{\"@type\":\"SearchAction\",\"target\":{\"@type\":\"EntryPoint\",\"urlTemplate\":\"https:\\\/\\\/stilanddesign.se\\\/?s={search_term_string}\"},\"query-input\":{\"@type\":\"PropertyValueSpecification\",\"valueRequired\":true,\"valueName\":\"search_term_string\"}}],\"inLanguage\":\"en-US\"},{\"@type\":\"Organization\",\"@id\":\"https:\\\/\\\/stilanddesign.se\\\/#organization\",\"name\":\"Stil &amp; Design\",\"url\":\"https:\\\/\\\/stilanddesign.se\\\/\",\"logo\":{\"@type\":\"ImageObject\",\"inLanguage\":\"en-US\",\"@id\":\"https:\\\/\\\/stilanddesign.se\\\/#\\\/schema\\\/logo\\\/image\\\/\",\"url\":\"https:\\\/\\\/stilanddesign.se\\\/wp-content\\\/uploads\\\/2023\\\/12\\\/output-onlinepngtools-e1727784413220.png\",\"contentUrl\":\"https:\\\/\\\/stilanddesign.se\\\/wp-content\\\/uploads\\\/2023\\\/12\\\/output-onlinepngtools-e1727784413220.png\",\"width\":519,\"height\":135,\"caption\":\"Stil &amp; Design\"},\"image\":{\"@id\":\"https:\\\/\\\/stilanddesign.se\\\/#\\\/schema\\\/logo\\\/image\\\/\"}}]}<\/script>\n<!-- \/ Yoast SEO Premium plugin. -->","yoast_head_json":{"title":"Fin viscosekl\u00e4nning i kakif\u00e4rg \ud83d\udc9a\u2728 - Stil &amp; Design","robots":{"index":"index","follow":"follow","max-snippet":"max-snippet:-1","max-image-preview":"max-image-preview:large","max-video-preview":"max-video-preview:-1"},"canonical":"https:\/\/stilanddesign.se\/en\/product\/fin-viscoseklanning-i-kakifarg-\ud83d\udc9a\u2728\/","og_locale":"en_US","og_type":"article","og_title":"Fin viscosekl\u00e4nning i kakif\u00e4rg \ud83d\udc9a\u2728","og_description":"Fin viscosekl\u00e4nning i kakif\u00e4rg \ud83d\udc9a\u2728En underbar, luftig kl\u00e4nning i kakigr\u00f6nt med ett fint fall \u2013 perfekt till b\u00e5de vardag och sommarens tillf\u00e4llen \ud83d\ude0d Kl\u00e4nningen har rundad hals med 2 knytband som ger en s\u00f6t detalj. Den har en lite l\u00e4ngre kort \u00e4rm med tunn res\u00e5rkant i \u00e4rmslut f\u00f6r en mjuk och bekv\u00e4m passform \ud83d\udcab Under bysten finns ett sytt veck som g\u00e5r runt om och forts\u00e4tter bak p\u00e5 ryggen, vilket ger ett smickrande fall. Nertill avslutas kl\u00e4nningen med en fin volang runtom \u2728 \u2705 Rund hals med 2 knytband\u2705 Kort (lite l\u00e4ngre) \u00e4rm med res\u00e5r i \u00e4rmslut\u2705 Sytt veck under bysten runt om\u2705 Volang runtom nertill \ud83d\udccf L\u00e4ngd: 125 cm (fr\u00e5n axel)\ud83d\udccc Storlek: One size \u2013 passar ca 34\u201342 Material: 85% viscose | 15% nylon \ud83e\uddf5","og_url":"https:\/\/stilanddesign.se\/en\/product\/fin-viscoseklanning-i-kakifarg-\ud83d\udc9a\u2728\/","og_site_name":"Stil &amp; Design","article_modified_time":"2026-03-28T21:36:06+00:00","og_image":[{"width":427,"height":640,"url":"https:\/\/stilanddesign.se\/wp-content\/uploads\/2026\/03\/88767655555.png","type":"image\/png"}],"twitter_card":"summary_large_image","twitter_misc":{"Est. reading time":"1 minute"},"schema":{"@context":"https:\/\/schema.org","@graph":[{"@type":"WebPage","@id":"https:\/\/stilanddesign.se\/produkt\/fin-viscoseklanning-i-kakifarg-%f0%9f%92%9a%e2%9c%a8\/","url":"https:\/\/stilanddesign.se\/produkt\/fin-viscoseklanning-i-kakifarg-%f0%9f%92%9a%e2%9c%a8\/","name":"Fin viscosekl\u00e4nning i kakif\u00e4rg \ud83d\udc9a\u2728 - Stil &amp; Design","isPartOf":{"@id":"https:\/\/stilanddesign.se\/#website"},"primaryImageOfPage":{"@id":"https:\/\/stilanddesign.se\/produkt\/fin-viscoseklanning-i-kakifarg-%f0%9f%92%9a%e2%9c%a8\/#primaryimage"},"image":{"@id":"https:\/\/stilanddesign.se\/produkt\/fin-viscoseklanning-i-kakifarg-%f0%9f%92%9a%e2%9c%a8\/#primaryimage"},"thumbnailUrl":"https:\/\/stilanddesign.se\/wp-content\/uploads\/2026\/03\/88767655555.png","datePublished":"2026-03-05T15:51:06+00:00","dateModified":"2026-03-28T21:36:06+00:00","breadcrumb":{"@id":"https:\/\/stilanddesign.se\/produkt\/fin-viscoseklanning-i-kakifarg-%f0%9f%92%9a%e2%9c%a8\/#breadcrumb"},"inLanguage":"en-US","potentialAction":[{"@type":"ReadAction","target":["https:\/\/stilanddesign.se\/produkt\/fin-viscoseklanning-i-kakifarg-%f0%9f%92%9a%e2%9c%a8\/"]}]},{"@type":"ImageObject","inLanguage":"en-US","@id":"https:\/\/stilanddesign.se\/produkt\/fin-viscoseklanning-i-kakifarg-%f0%9f%92%9a%e2%9c%a8\/#primaryimage","url":"https:\/\/stilanddesign.se\/wp-content\/uploads\/2026\/03\/88767655555.png","contentUrl":"https:\/\/stilanddesign.se\/wp-content\/uploads\/2026\/03\/88767655555.png","width":427,"height":640,"caption":"Fin viscosekl\u00e4nning i kaki"},{"@type":"BreadcrumbList","@id":"https:\/\/stilanddesign.se\/produkt\/fin-viscoseklanning-i-kakifarg-%f0%9f%92%9a%e2%9c%a8\/#breadcrumb","itemListElement":[{"@type":"ListItem","position":1,"name":"Hem","item":"https:\/\/stilanddesign.se\/"},{"@type":"ListItem","position":2,"name":"Butiken","item":"https:\/\/stilanddesign.se\/butiken\/"},{"@type":"ListItem","position":3,"name":"Fin viscosekl\u00e4nning i kakif\u00e4rg \ud83d\udc9a\u2728"}]},{"@type":"WebSite","@id":"https:\/\/stilanddesign.se\/#website","url":"https:\/\/stilanddesign.se\/","name":"Style &amp; Design","description":"For those of us who love fashion!","publisher":{"@id":"https:\/\/stilanddesign.se\/#organization"},"potentialAction":[{"@type":"SearchAction","target":{"@type":"EntryPoint","urlTemplate":"https:\/\/stilanddesign.se\/?s={search_term_string}"},"query-input":{"@type":"PropertyValueSpecification","valueRequired":true,"valueName":"search_term_string"}}],"inLanguage":"en-US"},{"@type":"Organization","@id":"https:\/\/stilanddesign.se\/#organization","name":"Style &amp; Design","url":"https:\/\/stilanddesign.se\/","logo":{"@type":"ImageObject","inLanguage":"en-US","@id":"https:\/\/stilanddesign.se\/#\/schema\/logo\/image\/","url":"https:\/\/stilanddesign.se\/wp-content\/uploads\/2023\/12\/output-onlinepngtools-e1727784413220.png","contentUrl":"https:\/\/stilanddesign.se\/wp-content\/uploads\/2023\/12\/output-onlinepngtools-e1727784413220.png","width":519,"height":135,"caption":"Stil &amp; Design"},"image":{"@id":"https:\/\/stilanddesign.se\/#\/schema\/logo\/image\/"}}]}},"_links":{"self":[{"href":"https:\/\/stilanddesign.se\/en\/wp-json\/wp\/v2\/product\/1067998","targetHints":{"allow":["GET"]}}],"collection":[{"href":"https:\/\/stilanddesign.se\/en\/wp-json\/wp\/v2\/product"}],"about":[{"href":"https:\/\/stilanddesign.se\/en\/wp-json\/wp\/v2\/types\/product"}],"replies":[{"embeddable":true,"href":"https:\/\/stilanddesign.se\/en\/wp-json\/wp\/v2\/comments?post=1067998"}],"wp:featuredmedia":[{"embeddable":true,"href":"https:\/\/stilanddesign.se\/en\/wp-json\/wp\/v2\/media\/1067992"}],"wp:attachment":[{"href":"https:\/\/stilanddesign.se\/en\/wp-json\/wp\/v2\/media?parent=1067998"}],"wp:term":[{"taxonomy":"product_brand","embeddable":true,"href":"https:\/\/stilanddesign.se\/en\/wp-json\/wp\/v2\/product_brand?post=1067998"},{"taxonomy":"product_cat","embeddable":true,"href":"https:\/\/stilanddesign.se\/en\/wp-json\/wp\/v2\/product_cat?post=1067998"},{"taxonomy":"product_tag","embeddable":true,"href":"https:\/\/stilanddesign.se\/en\/wp-json\/wp\/v2\/product_tag?post=1067998"}],"curies":[{"name":"wp","href":"https:\/\/api.w.org\/{rel}","templated":true}]}}