{"id":1067742,"date":"2026-04-21T13:48:50","date_gmt":"2026-04-21T11:48:50","guid":{"rendered":"https:\/\/stilanddesign.se\/?post_type=product&#038;p=1067742"},"modified":"2026-04-21T13:58:06","modified_gmt":"2026-04-21T11:58:06","slug":"stretchbyxor-med-volangficka-stilren-komfort-med-det-lilla-extra-i-marinblatt","status":"publish","type":"product","link":"https:\/\/stilanddesign.se\/en\/product\/stretchbyxor-med-volangficka-stilren-komfort-med-det-lilla-extra-i-marinblatt\/","title":{"rendered":"Stretch pants with ruffle pocket - stylish comfort with that little something extra in navy blue"},"content":{"rendered":"<p data-start=\"169\" data-end=\"245\">\ud83e\udd0d <strong data-start=\"172\" data-end=\"242\">Stretch trousers with a ruffle pocket \u2013 stylish comfort with that little something extra<\/strong> \ud83e\udd0d<\/p>\n<p data-start=\"247\" data-end=\"475\">These wonderful pants from <strong data-start=\"274\" data-end=\"295\">Caramelle Fashion<\/strong> combines elegance and everyday luxury in the best way \u2728<br data-start=\"345\" data-end=\"348\" \/>With their soft stretch, feminine ruffle detail at the pockets and decorative tie belt, they will quickly become a wardrobe favorite!<\/p>\n<p data-start=\"477\" data-end=\"583\">Perfect to wear with sneakers for a casual look or with heels for a more dressed up feel \ud83d\udcab<\/p>\n<p data-start=\"585\" data-end=\"832\">\ud83d\udc56 <strong data-start=\"588\" data-end=\"611\">Details we love:<\/strong><br \/>\n\u2728 Stretchy and flexible material<br data-start=\"646\" data-end=\"649\" \/>\u2728 Ruffle pockets at the front for a cute and trendy touch<br data-start=\"701\" data-end=\"704\" \/>\u2728 Tie waist with patterned detail<br data-start=\"743\" data-end=\"746\" \/>\u2728 Fake pocket at the back for a classic suit feel<br data-start=\"790\" data-end=\"793\" \/>\u2728 Available in both <strong data-start=\"808\" data-end=\"817\">taupe<\/strong> and <strong data-start=\"822\" data-end=\"829\">White<\/strong> \ud83e\udd0dand black and navy<\/p>\n<p data-start=\"834\" data-end=\"941\">\ud83d\udccf <strong data-start=\"837\" data-end=\"849\">Size:<\/strong> S\u2013XL<br data-start=\"854\" data-end=\"857\" \/>\ud83e\uddf5 <strong data-start=\"860\" data-end=\"873\">Material:<\/strong> 77% viscose, 20% polyamide, 3% elastane<br data-start=\"910\" data-end=\"913\" \/>\ud83e\udee7 <strong data-start=\"916\" data-end=\"929\">Washing instructions:<\/strong> 30 degrees<\/p>\n<p data-start=\"943\" data-end=\"1027\">A pair of trousers that are as comfortable as they are chic \u2013 a must-have for spring and summer outfits \ud83c\udf38\u2728<\/p>","protected":false},"excerpt":{"rendered":"<p data-start=\"169\" data-end=\"245\">\ud83e\udd0d <strong data-start=\"172\" data-end=\"242\">Stretch trousers with a ruffle pocket \u2013 stylish comfort with that little something extra<\/strong> \ud83e\udd0d<\/p>\n<p data-start=\"247\" data-end=\"475\">These wonderful pants from <strong data-start=\"274\" data-end=\"295\">Caramelle Fashion<\/strong> combines elegance and everyday luxury in the best way \u2728<br data-start=\"345\" data-end=\"348\" \/>With their soft stretch, feminine ruffle detail at the pockets and decorative tie belt, they will quickly become a wardrobe favorite!<\/p>\n<p data-start=\"477\" data-end=\"583\">Perfect to wear with sneakers for a casual look or with heels for a more dressed up feel \ud83d\udcab<\/p>\n<p data-start=\"585\" data-end=\"832\">\ud83d\udc56 <strong data-start=\"588\" data-end=\"611\">Details we love:<\/strong><br \/>\n\u2728 Stretchy and flexible material<br data-start=\"646\" data-end=\"649\" \/>\u2728 Ruffle pockets at the front for a cute and trendy touch<br data-start=\"701\" data-end=\"704\" \/>\u2728 Tie waist with patterned detail<br data-start=\"743\" data-end=\"746\" \/>\u2728 Fake pocket at the back for a classic suit feel<br data-start=\"790\" data-end=\"793\" \/>\u2728 Available in both <strong data-start=\"808\" data-end=\"817\">taupe<\/strong> and <strong data-start=\"822\" data-end=\"829\">White<\/strong> \ud83e\udd0d and black<\/p>\n<p data-start=\"834\" data-end=\"941\">\ud83d\udccf <strong data-start=\"837\" data-end=\"849\">Size:<\/strong> S\u2013XL<br data-start=\"854\" data-end=\"857\" \/>\ud83e\uddf5 <strong data-start=\"860\" data-end=\"873\">Material:<\/strong> 77% viscose, 20% polyamide, 3% elastane<br data-start=\"910\" data-end=\"913\" \/>\ud83e\udee7 <strong data-start=\"916\" data-end=\"929\">Washing instructions:<\/strong> 30 degrees<\/p>\n<p data-start=\"943\" data-end=\"1027\">A pair of trousers that are as comfortable as they are chic \u2013 a must-have for spring and summer outfits \ud83c\udf38\u2728<\/p>","protected":false},"featured_media":1067741,"comment_status":"closed","ping_status":"closed","template":"","meta":[],"product_brand":[],"product_cat":[203,217],"product_tag":[],"class_list":{"0":"post-1067742","1":"product","2":"type-product","3":"status-publish","4":"has-post-thumbnail","6":"product_cat-byxor","7":"product_cat-produktnyheter","9":"first","10":"instock","11":"taxable","12":"shipping-taxable","13":"purchasable","14":"product-type-variable"},"yoast_head":"<!-- This site is optimized with the Yoast SEO Premium plugin v27.4 (Yoast SEO v27.4) - https:\/\/yoast.com\/product\/yoast-seo-premium-wordpress\/ -->\n<title>Stretchbyxor med volangficka-stilren komfort med det lilla extra i marinbl\u00e5tt - Stil &amp; Design<\/title>\n<meta name=\"robots\" content=\"index, follow, max-snippet:-1, max-image-preview:large, max-video-preview:-1\" \/>\n<link rel=\"canonical\" href=\"https:\/\/stilanddesign.se\/en\/product\/stretchbyxor-med-volangficka-stilren-komfort-med-det-lilla-extra-i-marinblatt\/\" \/>\n<meta property=\"og:locale\" content=\"en_US\" \/>\n<meta property=\"og:type\" content=\"article\" \/>\n<meta property=\"og:title\" content=\"Stretchbyxor med volangficka-stilren komfort med det lilla extra i marinbl\u00e5tt\" \/>\n<meta property=\"og:description\" content=\"\ud83e\udd0d Stretchbyxor med volangficka \u2013 stilren komfort med det lilla extra \ud83e\udd0d Dessa underbara byxor fr\u00e5n Caramelle Fashion kombinerar elegans och vardagslyx p\u00e5 b\u00e4sta s\u00e4tt \u2728Med sin mjuka stretch, feminina volangdetalj vid fickorna och det dekorativa knytb\u00e4ltet blir de snabbt en favorit i garderoben! Perfekta att b\u00e4ra b\u00e5de till sneakers f\u00f6r en avslappnad look eller med klackar f\u00f6r en mer dressad k\u00e4nsla \ud83d\udcab \ud83d\udc56 Detaljer vi \u00e4lskar: \u2728 Stretchigt och f\u00f6ljsamt material\u2728 Volangfickor framtill f\u00f6r en s\u00f6t och trendig touch\u2728 Knytband i midjan med m\u00f6nstrad detalj\u2728 Fakeficka bak f\u00f6r en klassisk kostymk\u00e4nsla\u2728 Finns i b\u00e5de taupe och vit \ud83e\udd0d och svart \ud83d\udccf Storlek: S\u2013XL\ud83e\uddf5 Material: 77% viskos, 20% polyamid, 3% elastan\ud83e\udee7 Tv\u00e4ttr\u00e5d: 30 grader En byxa som \u00e4r lika bekv\u00e4m som chic \u2013 ett m\u00e5ste f\u00f6r v\u00e5rens och sommarens outfits \ud83c\udf38\u2728\" \/>\n<meta property=\"og:url\" content=\"https:\/\/stilanddesign.se\/en\/product\/stretchbyxor-med-volangficka-stilren-komfort-med-det-lilla-extra-i-marinblatt\/\" \/>\n<meta property=\"og:site_name\" content=\"Stil &amp; Design\" \/>\n<meta property=\"article:modified_time\" content=\"2026-04-21T11:58:06+00:00\" \/>\n<meta property=\"og:image\" content=\"https:\/\/stilanddesign.se\/wp-content\/uploads\/2026\/03\/77676555.png\" \/>\n\t<meta property=\"og:image:width\" content=\"427\" \/>\n\t<meta property=\"og:image:height\" content=\"640\" \/>\n\t<meta property=\"og:image:type\" content=\"image\/png\" \/>\n<meta name=\"twitter:card\" content=\"summary_large_image\" \/>\n<meta name=\"twitter:label1\" content=\"Est. reading time\" \/>\n\t<meta name=\"twitter:data1\" content=\"1 minute\" \/>\n<script type=\"application\/ld+json\" class=\"yoast-schema-graph\">{\"@context\":\"https:\\\/\\\/schema.org\",\"@graph\":[{\"@type\":\"WebPage\",\"@id\":\"https:\\\/\\\/stilanddesign.se\\\/produkt\\\/stretchbyxor-med-volangficka-stilren-komfort-med-det-lilla-extra-i-marinblatt\\\/\",\"url\":\"https:\\\/\\\/stilanddesign.se\\\/produkt\\\/stretchbyxor-med-volangficka-stilren-komfort-med-det-lilla-extra-i-marinblatt\\\/\",\"name\":\"Stretchbyxor med volangficka-stilren komfort med det lilla extra i marinbl\u00e5tt - Stil &amp; Design\",\"isPartOf\":{\"@id\":\"https:\\\/\\\/stilanddesign.se\\\/#website\"},\"primaryImageOfPage\":{\"@id\":\"https:\\\/\\\/stilanddesign.se\\\/produkt\\\/stretchbyxor-med-volangficka-stilren-komfort-med-det-lilla-extra-i-marinblatt\\\/#primaryimage\"},\"image\":{\"@id\":\"https:\\\/\\\/stilanddesign.se\\\/produkt\\\/stretchbyxor-med-volangficka-stilren-komfort-med-det-lilla-extra-i-marinblatt\\\/#primaryimage\"},\"thumbnailUrl\":\"https:\\\/\\\/stilanddesign.se\\\/wp-content\\\/uploads\\\/2026\\\/03\\\/77676555.png\",\"datePublished\":\"2026-04-21T11:48:50+00:00\",\"dateModified\":\"2026-04-21T11:58:06+00:00\",\"breadcrumb\":{\"@id\":\"https:\\\/\\\/stilanddesign.se\\\/produkt\\\/stretchbyxor-med-volangficka-stilren-komfort-med-det-lilla-extra-i-marinblatt\\\/#breadcrumb\"},\"inLanguage\":\"en-US\",\"potentialAction\":[{\"@type\":\"ReadAction\",\"target\":[\"https:\\\/\\\/stilanddesign.se\\\/produkt\\\/stretchbyxor-med-volangficka-stilren-komfort-med-det-lilla-extra-i-marinblatt\\\/\"]}]},{\"@type\":\"ImageObject\",\"inLanguage\":\"en-US\",\"@id\":\"https:\\\/\\\/stilanddesign.se\\\/produkt\\\/stretchbyxor-med-volangficka-stilren-komfort-med-det-lilla-extra-i-marinblatt\\\/#primaryimage\",\"url\":\"https:\\\/\\\/stilanddesign.se\\\/wp-content\\\/uploads\\\/2026\\\/03\\\/77676555.png\",\"contentUrl\":\"https:\\\/\\\/stilanddesign.se\\\/wp-content\\\/uploads\\\/2026\\\/03\\\/77676555.png\",\"width\":427,\"height\":640,\"caption\":\"Stilren kostymbyxa med volang i marin\"},{\"@type\":\"BreadcrumbList\",\"@id\":\"https:\\\/\\\/stilanddesign.se\\\/produkt\\\/stretchbyxor-med-volangficka-stilren-komfort-med-det-lilla-extra-i-marinblatt\\\/#breadcrumb\",\"itemListElement\":[{\"@type\":\"ListItem\",\"position\":1,\"name\":\"Hem\",\"item\":\"https:\\\/\\\/stilanddesign.se\\\/\"},{\"@type\":\"ListItem\",\"position\":2,\"name\":\"Butiken\",\"item\":\"https:\\\/\\\/stilanddesign.se\\\/butiken\\\/\"},{\"@type\":\"ListItem\",\"position\":3,\"name\":\"Stretchbyxor med volangficka-stilren komfort med det lilla extra i marinbl\u00e5tt\"}]},{\"@type\":\"WebSite\",\"@id\":\"https:\\\/\\\/stilanddesign.se\\\/#website\",\"url\":\"https:\\\/\\\/stilanddesign.se\\\/\",\"name\":\"Stil &amp; Design\",\"description\":\"F\u00f6r oss som \u00e4lskar mode!\",\"publisher\":{\"@id\":\"https:\\\/\\\/stilanddesign.se\\\/#organization\"},\"potentialAction\":[{\"@type\":\"SearchAction\",\"target\":{\"@type\":\"EntryPoint\",\"urlTemplate\":\"https:\\\/\\\/stilanddesign.se\\\/?s={search_term_string}\"},\"query-input\":{\"@type\":\"PropertyValueSpecification\",\"valueRequired\":true,\"valueName\":\"search_term_string\"}}],\"inLanguage\":\"en-US\"},{\"@type\":\"Organization\",\"@id\":\"https:\\\/\\\/stilanddesign.se\\\/#organization\",\"name\":\"Stil &amp; Design\",\"url\":\"https:\\\/\\\/stilanddesign.se\\\/\",\"logo\":{\"@type\":\"ImageObject\",\"inLanguage\":\"en-US\",\"@id\":\"https:\\\/\\\/stilanddesign.se\\\/#\\\/schema\\\/logo\\\/image\\\/\",\"url\":\"https:\\\/\\\/stilanddesign.se\\\/wp-content\\\/uploads\\\/2023\\\/12\\\/output-onlinepngtools-e1727784413220.png\",\"contentUrl\":\"https:\\\/\\\/stilanddesign.se\\\/wp-content\\\/uploads\\\/2023\\\/12\\\/output-onlinepngtools-e1727784413220.png\",\"width\":519,\"height\":135,\"caption\":\"Stil &amp; Design\"},\"image\":{\"@id\":\"https:\\\/\\\/stilanddesign.se\\\/#\\\/schema\\\/logo\\\/image\\\/\"}}]}<\/script>\n<!-- \/ Yoast SEO Premium plugin. -->","yoast_head_json":{"title":"Stretchbyxor med volangficka-stilren komfort med det lilla extra i marinbl\u00e5tt - Stil &amp; Design","robots":{"index":"index","follow":"follow","max-snippet":"max-snippet:-1","max-image-preview":"max-image-preview:large","max-video-preview":"max-video-preview:-1"},"canonical":"https:\/\/stilanddesign.se\/en\/product\/stretchbyxor-med-volangficka-stilren-komfort-med-det-lilla-extra-i-marinblatt\/","og_locale":"en_US","og_type":"article","og_title":"Stretchbyxor med volangficka-stilren komfort med det lilla extra i marinbl\u00e5tt","og_description":"\ud83e\udd0d Stretchbyxor med volangficka \u2013 stilren komfort med det lilla extra \ud83e\udd0d Dessa underbara byxor fr\u00e5n Caramelle Fashion kombinerar elegans och vardagslyx p\u00e5 b\u00e4sta s\u00e4tt \u2728Med sin mjuka stretch, feminina volangdetalj vid fickorna och det dekorativa knytb\u00e4ltet blir de snabbt en favorit i garderoben! Perfekta att b\u00e4ra b\u00e5de till sneakers f\u00f6r en avslappnad look eller med klackar f\u00f6r en mer dressad k\u00e4nsla \ud83d\udcab \ud83d\udc56 Detaljer vi \u00e4lskar: \u2728 Stretchigt och f\u00f6ljsamt material\u2728 Volangfickor framtill f\u00f6r en s\u00f6t och trendig touch\u2728 Knytband i midjan med m\u00f6nstrad detalj\u2728 Fakeficka bak f\u00f6r en klassisk kostymk\u00e4nsla\u2728 Finns i b\u00e5de taupe och vit \ud83e\udd0d och svart \ud83d\udccf Storlek: S\u2013XL\ud83e\uddf5 Material: 77% viskos, 20% polyamid, 3% elastan\ud83e\udee7 Tv\u00e4ttr\u00e5d: 30 grader En byxa som \u00e4r lika bekv\u00e4m som chic \u2013 ett m\u00e5ste f\u00f6r v\u00e5rens och sommarens outfits \ud83c\udf38\u2728","og_url":"https:\/\/stilanddesign.se\/en\/product\/stretchbyxor-med-volangficka-stilren-komfort-med-det-lilla-extra-i-marinblatt\/","og_site_name":"Stil &amp; Design","article_modified_time":"2026-04-21T11:58:06+00:00","og_image":[{"width":427,"height":640,"url":"https:\/\/stilanddesign.se\/wp-content\/uploads\/2026\/03\/77676555.png","type":"image\/png"}],"twitter_card":"summary_large_image","twitter_misc":{"Est. reading time":"1 minute"},"schema":{"@context":"https:\/\/schema.org","@graph":[{"@type":"WebPage","@id":"https:\/\/stilanddesign.se\/produkt\/stretchbyxor-med-volangficka-stilren-komfort-med-det-lilla-extra-i-marinblatt\/","url":"https:\/\/stilanddesign.se\/produkt\/stretchbyxor-med-volangficka-stilren-komfort-med-det-lilla-extra-i-marinblatt\/","name":"Stretchbyxor med volangficka-stilren komfort med det lilla extra i marinbl\u00e5tt - Stil &amp; Design","isPartOf":{"@id":"https:\/\/stilanddesign.se\/#website"},"primaryImageOfPage":{"@id":"https:\/\/stilanddesign.se\/produkt\/stretchbyxor-med-volangficka-stilren-komfort-med-det-lilla-extra-i-marinblatt\/#primaryimage"},"image":{"@id":"https:\/\/stilanddesign.se\/produkt\/stretchbyxor-med-volangficka-stilren-komfort-med-det-lilla-extra-i-marinblatt\/#primaryimage"},"thumbnailUrl":"https:\/\/stilanddesign.se\/wp-content\/uploads\/2026\/03\/77676555.png","datePublished":"2026-04-21T11:48:50+00:00","dateModified":"2026-04-21T11:58:06+00:00","breadcrumb":{"@id":"https:\/\/stilanddesign.se\/produkt\/stretchbyxor-med-volangficka-stilren-komfort-med-det-lilla-extra-i-marinblatt\/#breadcrumb"},"inLanguage":"en-US","potentialAction":[{"@type":"ReadAction","target":["https:\/\/stilanddesign.se\/produkt\/stretchbyxor-med-volangficka-stilren-komfort-med-det-lilla-extra-i-marinblatt\/"]}]},{"@type":"ImageObject","inLanguage":"en-US","@id":"https:\/\/stilanddesign.se\/produkt\/stretchbyxor-med-volangficka-stilren-komfort-med-det-lilla-extra-i-marinblatt\/#primaryimage","url":"https:\/\/stilanddesign.se\/wp-content\/uploads\/2026\/03\/77676555.png","contentUrl":"https:\/\/stilanddesign.se\/wp-content\/uploads\/2026\/03\/77676555.png","width":427,"height":640,"caption":"Stilren kostymbyxa med volang i marin"},{"@type":"BreadcrumbList","@id":"https:\/\/stilanddesign.se\/produkt\/stretchbyxor-med-volangficka-stilren-komfort-med-det-lilla-extra-i-marinblatt\/#breadcrumb","itemListElement":[{"@type":"ListItem","position":1,"name":"Hem","item":"https:\/\/stilanddesign.se\/"},{"@type":"ListItem","position":2,"name":"Butiken","item":"https:\/\/stilanddesign.se\/butiken\/"},{"@type":"ListItem","position":3,"name":"Stretchbyxor med volangficka-stilren komfort med det lilla extra i marinbl\u00e5tt"}]},{"@type":"WebSite","@id":"https:\/\/stilanddesign.se\/#website","url":"https:\/\/stilanddesign.se\/","name":"Style &amp; Design","description":"For those of us who love fashion!","publisher":{"@id":"https:\/\/stilanddesign.se\/#organization"},"potentialAction":[{"@type":"SearchAction","target":{"@type":"EntryPoint","urlTemplate":"https:\/\/stilanddesign.se\/?s={search_term_string}"},"query-input":{"@type":"PropertyValueSpecification","valueRequired":true,"valueName":"search_term_string"}}],"inLanguage":"en-US"},{"@type":"Organization","@id":"https:\/\/stilanddesign.se\/#organization","name":"Style &amp; Design","url":"https:\/\/stilanddesign.se\/","logo":{"@type":"ImageObject","inLanguage":"en-US","@id":"https:\/\/stilanddesign.se\/#\/schema\/logo\/image\/","url":"https:\/\/stilanddesign.se\/wp-content\/uploads\/2023\/12\/output-onlinepngtools-e1727784413220.png","contentUrl":"https:\/\/stilanddesign.se\/wp-content\/uploads\/2023\/12\/output-onlinepngtools-e1727784413220.png","width":519,"height":135,"caption":"Stil &amp; Design"},"image":{"@id":"https:\/\/stilanddesign.se\/#\/schema\/logo\/image\/"}}]}},"_links":{"self":[{"href":"https:\/\/stilanddesign.se\/en\/wp-json\/wp\/v2\/product\/1067742","targetHints":{"allow":["GET"]}}],"collection":[{"href":"https:\/\/stilanddesign.se\/en\/wp-json\/wp\/v2\/product"}],"about":[{"href":"https:\/\/stilanddesign.se\/en\/wp-json\/wp\/v2\/types\/product"}],"replies":[{"embeddable":true,"href":"https:\/\/stilanddesign.se\/en\/wp-json\/wp\/v2\/comments?post=1067742"}],"wp:featuredmedia":[{"embeddable":true,"href":"https:\/\/stilanddesign.se\/en\/wp-json\/wp\/v2\/media\/1067741"}],"wp:attachment":[{"href":"https:\/\/stilanddesign.se\/en\/wp-json\/wp\/v2\/media?parent=1067742"}],"wp:term":[{"taxonomy":"product_brand","embeddable":true,"href":"https:\/\/stilanddesign.se\/en\/wp-json\/wp\/v2\/product_brand?post=1067742"},{"taxonomy":"product_cat","embeddable":true,"href":"https:\/\/stilanddesign.se\/en\/wp-json\/wp\/v2\/product_cat?post=1067742"},{"taxonomy":"product_tag","embeddable":true,"href":"https:\/\/stilanddesign.se\/en\/wp-json\/wp\/v2\/product_tag?post=1067742"}],"curies":[{"name":"wp","href":"https:\/\/api.w.org\/{rel}","templated":true}]}}