{"id":1067655,"date":"2026-03-13T09:12:57","date_gmt":"2026-03-13T08:12:57","guid":{"rendered":"https:\/\/stilanddesign.se\/?post_type=product&#038;p=1067655"},"modified":"2026-03-23T18:20:46","modified_gmt":"2026-03-23T17:20:46","slug":"monstrad-blus-i-viscose-frzabione","status":"publish","type":"product","link":"https:\/\/stilanddesign.se\/en\/product\/monstrad-blus-i-viscose-frzabione\/","title":{"rendered":"Patterned blouse in viscose from Zabione"},"content":{"rendered":"<p data-start=\"0\" data-end=\"367\"><strong data-start=\"0\" data-end=\"53\">Patterned viscose blouse \u2013 Zabaione<\/strong> \ud83d\udc99\ud83e\udd0d\u2728<br data-start=\"59\" data-end=\"62\" \/>A super nice and airy blouse in <strong data-start=\"92\" data-end=\"107\">100% viscose<\/strong> with a beautiful blue pattern that gives a fresh, summery feel \ud83d\ude0d The blouse has a cute <strong data-start=\"188\" data-end=\"211\">ruffle trim at the neck<\/strong>, a small <strong data-start=\"222\" data-end=\"235\">V-opening<\/strong> and snaps with <strong data-start=\"251\" data-end=\"273\">3 buttons at the front<\/strong>. The relaxed fit makes it just as nice with jeans as with white pants or shorts \ud83d\udc56\u2600\ufe0f<\/p>\n<p data-start=\"369\" data-end=\"453\">The sleeves are long-sleeved with soft elastic at the cuffs for a stylish and comfortable fit \ud83d\udcab<\/p>\n<p data-start=\"455\" data-end=\"565\">\u2705 Ruffle collar<br data-start=\"468\" data-end=\"471\" \/>\u2705 V-opening + 3 buttons at the front<br data-start=\"503\" data-end=\"506\" \/>\u2705 Long sleeves with elastic at the cuffs<br data-start=\"536\" data-end=\"539\" \/>\u2705 Cool and airy viscose<\/p>\n<p data-start=\"567\" data-end=\"644\" data-is-last-node=\"\" data-is-only-node=\"\">\ud83d\udccc <strong data-start=\"570\" data-end=\"584\">Sizes:<\/strong> S\u2013XXL<br data-start=\"590\" data-end=\"593\" \/><strong data-start=\"593\" data-end=\"606\">Material:<\/strong> 100% viscose \ud83e\uddf5<br data-start=\"621\" data-end=\"624\" \/><strong data-start=\"624\" data-end=\"637\">Washing instructions:<\/strong> 30\u00b0 \ud83e\uddfa<\/p>","protected":false},"excerpt":{"rendered":"<p data-start=\"0\" data-end=\"367\"><strong data-start=\"0\" data-end=\"53\">Patterned viscose blouse \u2013 Zabaione<\/strong> \ud83d\udc99\ud83e\udd0d\u2728<br data-start=\"59\" data-end=\"62\" \/>A super nice and airy blouse in <strong data-start=\"92\" data-end=\"107\">100% viscose<\/strong> with a beautiful blue pattern that gives a fresh, summery feel \ud83d\ude0d The blouse has a cute <strong data-start=\"188\" data-end=\"211\">ruffle trim at the neck<\/strong>, a small <strong data-start=\"222\" data-end=\"235\">V-opening<\/strong> and snaps with <strong data-start=\"251\" data-end=\"273\">3 buttons at the front<\/strong>. The relaxed fit makes it just as nice with jeans as with white pants or shorts \ud83d\udc56\u2600\ufe0f<\/p>\n<p data-start=\"369\" data-end=\"453\">The sleeves are long-sleeved with soft elastic at the cuffs for a stylish and comfortable fit \ud83d\udcab<\/p>\n<p data-start=\"455\" data-end=\"565\">\u2705 Ruffle collar<br data-start=\"468\" data-end=\"471\" \/>\u2705 V-opening + 3 buttons at the front<br data-start=\"503\" data-end=\"506\" \/>\u2705 Long sleeves with elastic at the cuffs<br data-start=\"536\" data-end=\"539\" \/>\u2705 Cool and airy viscose<\/p>\n<p data-start=\"567\" data-end=\"644\" data-is-last-node=\"\" data-is-only-node=\"\">\ud83d\udccc <strong data-start=\"570\" data-end=\"584\">Sizes:<\/strong> S\u2013XXL<br data-start=\"590\" data-end=\"593\" \/><strong data-start=\"593\" data-end=\"606\">Material:<\/strong> 100% viscose \ud83e\uddf5<br data-start=\"621\" data-end=\"624\" \/><strong data-start=\"624\" data-end=\"637\">Washing instructions:<\/strong> 30\u00b0 \ud83e\uddfa<\/p>","protected":false},"featured_media":1067665,"comment_status":"closed","ping_status":"closed","template":"","meta":[],"product_brand":[],"product_cat":[209],"product_tag":[],"class_list":{"0":"post-1067655","1":"product","2":"type-product","3":"status-publish","4":"has-post-thumbnail","6":"product_cat-reaprodukter","8":"first","9":"outofstock","10":"taxable","11":"shipping-taxable","12":"product-type-variable"},"yoast_head":"<!-- This site is optimized with the Yoast SEO Premium plugin v27.1 (Yoast SEO v27.4) - https:\/\/yoast.com\/product\/yoast-seo-premium-wordpress\/ -->\n<title>M\u00f6nstrad blus i viscose fr,Zabione - Stil &amp; Design<\/title>\n<meta name=\"robots\" content=\"index, follow, max-snippet:-1, max-image-preview:large, max-video-preview:-1\" \/>\n<link rel=\"canonical\" href=\"https:\/\/stilanddesign.se\/en\/product\/monstrad-blus-i-viscose-frzabione\/\" \/>\n<meta property=\"og:locale\" content=\"en_US\" \/>\n<meta property=\"og:type\" content=\"article\" \/>\n<meta property=\"og:title\" content=\"M\u00f6nstrad blus i viscose fr,Zabione\" \/>\n<meta property=\"og:description\" content=\"M\u00f6nstrad blus i viskos\u00a0 \u2013 Zabaione \ud83d\udc99\ud83e\udd0d\u2728En superfin och luftig blus i 100% viskos med vackert bl\u00e5tt m\u00f6nster som ger en fr\u00e4sch, somrig k\u00e4nsla \ud83d\ude0d Blusen har en s\u00f6t volangkant i halsen, en liten V-\u00f6ppning och kn\u00e4pps med 3 knappar framtill. Den avslappnade passformen g\u00f6r den lika fin till jeans som till vita byxor eller shorts \ud83d\udc56\u2600\ufe0f \u00c4rmarna \u00e4r l\u00e5ng\u00e4rmade med en mjuk res\u00e5r i \u00e4rmslut f\u00f6r ett snyggt och bekv\u00e4mt fall \ud83d\udcab \u2705 Volangkrage\u2705 V-\u00f6ppning + 3 knappar framtill\u2705 L\u00e5ng \u00e4rm med res\u00e5r i \u00e4rmslut\u2705 Sval och luftig viskos \ud83d\udccc Storlekar: S\u2013XXLMaterial: 100% viskos \ud83e\uddf5Tv\u00e4ttr\u00e5d: 30\u00b0 \ud83e\uddfa\" \/>\n<meta property=\"og:url\" content=\"https:\/\/stilanddesign.se\/en\/product\/monstrad-blus-i-viscose-frzabione\/\" \/>\n<meta property=\"og:site_name\" content=\"Stil &amp; Design\" \/>\n<meta property=\"article:modified_time\" content=\"2026-03-23T17:20:46+00:00\" \/>\n<meta property=\"og:image\" content=\"https:\/\/stilanddesign.se\/wp-content\/uploads\/2026\/03\/ChatGPT-Image-3-mars-2026-14_52_22-683x1024.png\" \/>\n\t<meta property=\"og:image:width\" content=\"683\" \/>\n\t<meta property=\"og:image:height\" content=\"1024\" \/>\n\t<meta property=\"og:image:type\" content=\"image\/png\" \/>\n<meta name=\"twitter:card\" content=\"summary_large_image\" \/>\n<meta name=\"twitter:label1\" content=\"Est. reading time\" \/>\n\t<meta name=\"twitter:data1\" content=\"1 minute\" \/>\n<script type=\"application\/ld+json\" class=\"yoast-schema-graph\">{\"@context\":\"https:\\\/\\\/schema.org\",\"@graph\":[{\"@type\":\"WebPage\",\"@id\":\"https:\\\/\\\/stilanddesign.se\\\/produkt\\\/monstrad-blus-i-viscose-frzabione\\\/\",\"url\":\"https:\\\/\\\/stilanddesign.se\\\/produkt\\\/monstrad-blus-i-viscose-frzabione\\\/\",\"name\":\"M\u00f6nstrad blus i viscose fr,Zabione - Stil &amp; Design\",\"isPartOf\":{\"@id\":\"https:\\\/\\\/stilanddesign.se\\\/#website\"},\"primaryImageOfPage\":{\"@id\":\"https:\\\/\\\/stilanddesign.se\\\/produkt\\\/monstrad-blus-i-viscose-frzabione\\\/#primaryimage\"},\"image\":{\"@id\":\"https:\\\/\\\/stilanddesign.se\\\/produkt\\\/monstrad-blus-i-viscose-frzabione\\\/#primaryimage\"},\"thumbnailUrl\":\"https:\\\/\\\/stilanddesign.se\\\/wp-content\\\/uploads\\\/2026\\\/03\\\/ChatGPT-Image-3-mars-2026-14_52_22.png\",\"datePublished\":\"2026-03-13T08:12:57+00:00\",\"dateModified\":\"2026-03-23T17:20:46+00:00\",\"breadcrumb\":{\"@id\":\"https:\\\/\\\/stilanddesign.se\\\/produkt\\\/monstrad-blus-i-viscose-frzabione\\\/#breadcrumb\"},\"inLanguage\":\"en-US\",\"potentialAction\":[{\"@type\":\"ReadAction\",\"target\":[\"https:\\\/\\\/stilanddesign.se\\\/produkt\\\/monstrad-blus-i-viscose-frzabione\\\/\"]}]},{\"@type\":\"ImageObject\",\"inLanguage\":\"en-US\",\"@id\":\"https:\\\/\\\/stilanddesign.se\\\/produkt\\\/monstrad-blus-i-viscose-frzabione\\\/#primaryimage\",\"url\":\"https:\\\/\\\/stilanddesign.se\\\/wp-content\\\/uploads\\\/2026\\\/03\\\/ChatGPT-Image-3-mars-2026-14_52_22.png\",\"contentUrl\":\"https:\\\/\\\/stilanddesign.se\\\/wp-content\\\/uploads\\\/2026\\\/03\\\/ChatGPT-Image-3-mars-2026-14_52_22.png\",\"width\":1024,\"height\":1536},{\"@type\":\"BreadcrumbList\",\"@id\":\"https:\\\/\\\/stilanddesign.se\\\/produkt\\\/monstrad-blus-i-viscose-frzabione\\\/#breadcrumb\",\"itemListElement\":[{\"@type\":\"ListItem\",\"position\":1,\"name\":\"Hem\",\"item\":\"https:\\\/\\\/stilanddesign.se\\\/\"},{\"@type\":\"ListItem\",\"position\":2,\"name\":\"Butiken\",\"item\":\"https:\\\/\\\/stilanddesign.se\\\/butiken\\\/\"},{\"@type\":\"ListItem\",\"position\":3,\"name\":\"M\u00f6nstrad blus i viscose fr,Zabione\"}]},{\"@type\":\"WebSite\",\"@id\":\"https:\\\/\\\/stilanddesign.se\\\/#website\",\"url\":\"https:\\\/\\\/stilanddesign.se\\\/\",\"name\":\"Stil &amp; Design\",\"description\":\"F\u00f6r oss som \u00e4lskar mode!\",\"publisher\":{\"@id\":\"https:\\\/\\\/stilanddesign.se\\\/#organization\"},\"potentialAction\":[{\"@type\":\"SearchAction\",\"target\":{\"@type\":\"EntryPoint\",\"urlTemplate\":\"https:\\\/\\\/stilanddesign.se\\\/?s={search_term_string}\"},\"query-input\":{\"@type\":\"PropertyValueSpecification\",\"valueRequired\":true,\"valueName\":\"search_term_string\"}}],\"inLanguage\":\"en-US\"},{\"@type\":\"Organization\",\"@id\":\"https:\\\/\\\/stilanddesign.se\\\/#organization\",\"name\":\"Stil &amp; Design\",\"url\":\"https:\\\/\\\/stilanddesign.se\\\/\",\"logo\":{\"@type\":\"ImageObject\",\"inLanguage\":\"en-US\",\"@id\":\"https:\\\/\\\/stilanddesign.se\\\/#\\\/schema\\\/logo\\\/image\\\/\",\"url\":\"https:\\\/\\\/stilanddesign.se\\\/wp-content\\\/uploads\\\/2023\\\/12\\\/output-onlinepngtools-e1727784413220.png\",\"contentUrl\":\"https:\\\/\\\/stilanddesign.se\\\/wp-content\\\/uploads\\\/2023\\\/12\\\/output-onlinepngtools-e1727784413220.png\",\"width\":519,\"height\":135,\"caption\":\"Stil &amp; Design\"},\"image\":{\"@id\":\"https:\\\/\\\/stilanddesign.se\\\/#\\\/schema\\\/logo\\\/image\\\/\"}}]}<\/script>\n<!-- \/ Yoast SEO Premium plugin. -->","yoast_head_json":{"title":"M\u00f6nstrad blus i viscose fr,Zabione - Stil &amp; Design","robots":{"index":"index","follow":"follow","max-snippet":"max-snippet:-1","max-image-preview":"max-image-preview:large","max-video-preview":"max-video-preview:-1"},"canonical":"https:\/\/stilanddesign.se\/en\/product\/monstrad-blus-i-viscose-frzabione\/","og_locale":"en_US","og_type":"article","og_title":"M\u00f6nstrad blus i viscose fr,Zabione","og_description":"M\u00f6nstrad blus i viskos\u00a0 \u2013 Zabaione \ud83d\udc99\ud83e\udd0d\u2728En superfin och luftig blus i 100% viskos med vackert bl\u00e5tt m\u00f6nster som ger en fr\u00e4sch, somrig k\u00e4nsla \ud83d\ude0d Blusen har en s\u00f6t volangkant i halsen, en liten V-\u00f6ppning och kn\u00e4pps med 3 knappar framtill. Den avslappnade passformen g\u00f6r den lika fin till jeans som till vita byxor eller shorts \ud83d\udc56\u2600\ufe0f \u00c4rmarna \u00e4r l\u00e5ng\u00e4rmade med en mjuk res\u00e5r i \u00e4rmslut f\u00f6r ett snyggt och bekv\u00e4mt fall \ud83d\udcab \u2705 Volangkrage\u2705 V-\u00f6ppning + 3 knappar framtill\u2705 L\u00e5ng \u00e4rm med res\u00e5r i \u00e4rmslut\u2705 Sval och luftig viskos \ud83d\udccc Storlekar: S\u2013XXLMaterial: 100% viskos \ud83e\uddf5Tv\u00e4ttr\u00e5d: 30\u00b0 \ud83e\uddfa","og_url":"https:\/\/stilanddesign.se\/en\/product\/monstrad-blus-i-viscose-frzabione\/","og_site_name":"Stil &amp; Design","article_modified_time":"2026-03-23T17:20:46+00:00","og_image":[{"width":683,"height":1024,"url":"https:\/\/stilanddesign.se\/wp-content\/uploads\/2026\/03\/ChatGPT-Image-3-mars-2026-14_52_22-683x1024.png","type":"image\/png"}],"twitter_card":"summary_large_image","twitter_misc":{"Est. reading time":"1 minute"},"schema":{"@context":"https:\/\/schema.org","@graph":[{"@type":"WebPage","@id":"https:\/\/stilanddesign.se\/produkt\/monstrad-blus-i-viscose-frzabione\/","url":"https:\/\/stilanddesign.se\/produkt\/monstrad-blus-i-viscose-frzabione\/","name":"M\u00f6nstrad blus i viscose fr,Zabione - Stil &amp; Design","isPartOf":{"@id":"https:\/\/stilanddesign.se\/#website"},"primaryImageOfPage":{"@id":"https:\/\/stilanddesign.se\/produkt\/monstrad-blus-i-viscose-frzabione\/#primaryimage"},"image":{"@id":"https:\/\/stilanddesign.se\/produkt\/monstrad-blus-i-viscose-frzabione\/#primaryimage"},"thumbnailUrl":"https:\/\/stilanddesign.se\/wp-content\/uploads\/2026\/03\/ChatGPT-Image-3-mars-2026-14_52_22.png","datePublished":"2026-03-13T08:12:57+00:00","dateModified":"2026-03-23T17:20:46+00:00","breadcrumb":{"@id":"https:\/\/stilanddesign.se\/produkt\/monstrad-blus-i-viscose-frzabione\/#breadcrumb"},"inLanguage":"en-US","potentialAction":[{"@type":"ReadAction","target":["https:\/\/stilanddesign.se\/produkt\/monstrad-blus-i-viscose-frzabione\/"]}]},{"@type":"ImageObject","inLanguage":"en-US","@id":"https:\/\/stilanddesign.se\/produkt\/monstrad-blus-i-viscose-frzabione\/#primaryimage","url":"https:\/\/stilanddesign.se\/wp-content\/uploads\/2026\/03\/ChatGPT-Image-3-mars-2026-14_52_22.png","contentUrl":"https:\/\/stilanddesign.se\/wp-content\/uploads\/2026\/03\/ChatGPT-Image-3-mars-2026-14_52_22.png","width":1024,"height":1536},{"@type":"BreadcrumbList","@id":"https:\/\/stilanddesign.se\/produkt\/monstrad-blus-i-viscose-frzabione\/#breadcrumb","itemListElement":[{"@type":"ListItem","position":1,"name":"Hem","item":"https:\/\/stilanddesign.se\/"},{"@type":"ListItem","position":2,"name":"Butiken","item":"https:\/\/stilanddesign.se\/butiken\/"},{"@type":"ListItem","position":3,"name":"M\u00f6nstrad blus i viscose fr,Zabione"}]},{"@type":"WebSite","@id":"https:\/\/stilanddesign.se\/#website","url":"https:\/\/stilanddesign.se\/","name":"Style &amp; Design","description":"For those of us who love fashion!","publisher":{"@id":"https:\/\/stilanddesign.se\/#organization"},"potentialAction":[{"@type":"SearchAction","target":{"@type":"EntryPoint","urlTemplate":"https:\/\/stilanddesign.se\/?s={search_term_string}"},"query-input":{"@type":"PropertyValueSpecification","valueRequired":true,"valueName":"search_term_string"}}],"inLanguage":"en-US"},{"@type":"Organization","@id":"https:\/\/stilanddesign.se\/#organization","name":"Style &amp; Design","url":"https:\/\/stilanddesign.se\/","logo":{"@type":"ImageObject","inLanguage":"en-US","@id":"https:\/\/stilanddesign.se\/#\/schema\/logo\/image\/","url":"https:\/\/stilanddesign.se\/wp-content\/uploads\/2023\/12\/output-onlinepngtools-e1727784413220.png","contentUrl":"https:\/\/stilanddesign.se\/wp-content\/uploads\/2023\/12\/output-onlinepngtools-e1727784413220.png","width":519,"height":135,"caption":"Stil &amp; Design"},"image":{"@id":"https:\/\/stilanddesign.se\/#\/schema\/logo\/image\/"}}]}},"_links":{"self":[{"href":"https:\/\/stilanddesign.se\/en\/wp-json\/wp\/v2\/product\/1067655","targetHints":{"allow":["GET"]}}],"collection":[{"href":"https:\/\/stilanddesign.se\/en\/wp-json\/wp\/v2\/product"}],"about":[{"href":"https:\/\/stilanddesign.se\/en\/wp-json\/wp\/v2\/types\/product"}],"replies":[{"embeddable":true,"href":"https:\/\/stilanddesign.se\/en\/wp-json\/wp\/v2\/comments?post=1067655"}],"wp:featuredmedia":[{"embeddable":true,"href":"https:\/\/stilanddesign.se\/en\/wp-json\/wp\/v2\/media\/1067665"}],"wp:attachment":[{"href":"https:\/\/stilanddesign.se\/en\/wp-json\/wp\/v2\/media?parent=1067655"}],"wp:term":[{"taxonomy":"product_brand","embeddable":true,"href":"https:\/\/stilanddesign.se\/en\/wp-json\/wp\/v2\/product_brand?post=1067655"},{"taxonomy":"product_cat","embeddable":true,"href":"https:\/\/stilanddesign.se\/en\/wp-json\/wp\/v2\/product_cat?post=1067655"},{"taxonomy":"product_tag","embeddable":true,"href":"https:\/\/stilanddesign.se\/en\/wp-json\/wp\/v2\/product_tag?post=1067655"}],"curies":[{"name":"wp","href":"https:\/\/api.w.org\/{rel}","templated":true}]}}