{"id":1067632,"date":"2026-03-28T09:43:55","date_gmt":"2026-03-28T08:43:55","guid":{"rendered":"https:\/\/stilanddesign.se\/?post_type=product&#038;p=1067632"},"modified":"2026-03-30T09:10:40","modified_gmt":"2026-03-30T07:10:40","slug":"tunika-klanning-i-dimgront-med-volangdetaljer-%f0%9f%92%9a%e2%9c%a8","status":"publish","type":"product","link":"https:\/\/stilanddesign.se\/en\/product\/tunika-klanning-i-dimgront-med-volangdetaljer-%f0%9f%92%9a%e2%9c%a8\/","title":{"rendered":"Tunic\/dress in misty green with ruffle details \ud83d\udc9a\u2728"},"content":{"rendered":"<p data-start=\"0\" data-end=\"319\"><strong data-start=\"0\" data-end=\"49\">Tunic\/dress in misty green with ruffle details<\/strong> \ud83d\udc9a\u2728<br data-start=\"53\" data-end=\"56\" \/>A super nice and feminine tunic\/dress in misty green with beautiful ruffles that give an elegant \u201cwow\u201d feeling \ud83d\ude0d The model is <strong data-start=\"174\" data-end=\"195\">v-neck at the front<\/strong> with a small collar and has a <strong data-start=\"226\" data-end=\"258\">ruffle trim around the v-neckline<\/strong> which continues a bit down the front for a romantic touch \ud83d\udcab<\/p>\n<p data-start=\"321\" data-end=\"490\">The dress has <strong data-start=\"336\" data-end=\"348\">long sleeve<\/strong> with <strong data-start=\"353\" data-end=\"373\">ruffle at the cuffs<\/strong> and a nice fit that makes it just as nice for everyday wear as it is for parties \u2013 wear it as a dress or with pants\/leggings \ud83d\udc56\u2728<\/p>\n<p data-start=\"492\" data-end=\"578\">\u2705 V-neck + small collar<br data-start=\"518\" data-end=\"521\" \/>\u2705 Ruffled edge at the front<br data-start=\"542\" data-end=\"545\" \/>\u2705 Long sleeves with ruffle at the cuffs<\/p>\n<p data-start=\"580\" data-end=\"662\">\ud83d\udccf <strong data-start=\"583\" data-end=\"593\">Length:<\/strong> 94 cm (from shoulder)<br data-start=\"611\" data-end=\"614\" \/>\ud83d\udccc <strong data-start=\"617\" data-end=\"629\">Size:<\/strong> One size \u2013 fits approx. <strong data-start=\"651\" data-end=\"660\" data-is-only-node=\"\">34\u201342<\/strong><\/p>\n<p data-start=\"664\" data-end=\"718\" data-is-last-node=\"\" data-is-only-node=\"\"><strong data-start=\"664\" data-end=\"677\">Material:<\/strong> 100% polyester \ud83e\uddf5<br data-start=\"695\" data-end=\"698\" \/><strong data-start=\"698\" data-end=\"711\">Washing instructions:<\/strong> 30\u00b0 \ud83e\uddfa<\/p>\n<p>&nbsp;<\/p>","protected":false},"excerpt":{"rendered":"<p data-start=\"0\" data-end=\"319\"><strong data-start=\"0\" data-end=\"49\">Tunic\/dress in misty green with ruffle details<\/strong> \ud83d\udc9a\u2728<br data-start=\"53\" data-end=\"56\" \/>A super nice and feminine tunic\/dress in misty green with beautiful ruffles that give an elegant \u201cwow\u201d feeling \ud83d\ude0d The model is <strong data-start=\"174\" data-end=\"195\">v-neck at the front<\/strong> with a small collar and has a <strong data-start=\"226\" data-end=\"258\">ruffle trim around the v-neckline<\/strong> which continues a bit down the front for a romantic touch \ud83d\udcab<\/p>\n<p data-start=\"321\" data-end=\"490\">The dress has <strong data-start=\"336\" data-end=\"348\">long sleeve<\/strong> with <strong data-start=\"353\" data-end=\"373\">ruffle at the cuffs<\/strong> and a nice fit that makes it just as nice for everyday wear as it is for parties \u2013 wear it as a dress or with pants\/leggings \ud83d\udc56\u2728<\/p>\n<p data-start=\"492\" data-end=\"578\">\u2705 V-neck + small collar<br data-start=\"518\" data-end=\"521\" \/>\u2705 Ruffled edge at the front<br data-start=\"542\" data-end=\"545\" \/>\u2705 Long sleeves with ruffle at the cuffs<\/p>\n<p data-start=\"580\" data-end=\"662\">\ud83d\udccf <strong data-start=\"583\" data-end=\"593\">Length:<\/strong> 94 cm (from shoulder)<br data-start=\"611\" data-end=\"614\" \/>\ud83d\udccc <strong data-start=\"617\" data-end=\"629\">Size:<\/strong> One size \u2013 fits approx. <strong data-start=\"651\" data-end=\"660\" data-is-only-node=\"\">34\u201342<\/strong><\/p>\n<p data-start=\"664\" data-end=\"718\" data-is-last-node=\"\" data-is-only-node=\"\"><strong data-start=\"664\" data-end=\"677\">Material:<\/strong> 100% polyester \ud83e\uddf5<br data-start=\"695\" data-end=\"698\" \/><strong data-start=\"698\" data-end=\"711\">Washing instructions:<\/strong> 30\u00b0 \ud83e\uddfa<\/p>","protected":false},"featured_media":1067631,"comment_status":"closed","ping_status":"closed","template":"","meta":[],"product_brand":[],"product_cat":[211,215,225],"product_tag":[],"class_list":{"0":"post-1067632","1":"product","2":"type-product","3":"status-publish","4":"has-post-thumbnail","6":"product_cat-blusar","7":"product_cat-klanningar","8":"product_cat-tunikor","10":"first","11":"instock","12":"taxable","13":"shipping-taxable","14":"purchasable","15":"product-type-variable"},"yoast_head":"<!-- This site is optimized with the Yoast SEO Premium plugin v27.1 (Yoast SEO v27.4) - https:\/\/yoast.com\/product\/yoast-seo-premium-wordpress\/ -->\n<title>Tunika\/kl\u00e4nning i dimgr\u00f6nt med volangdetaljer \ud83d\udc9a\u2728 - Stil &amp; Design<\/title>\n<meta name=\"robots\" content=\"index, follow, max-snippet:-1, max-image-preview:large, max-video-preview:-1\" \/>\n<link rel=\"canonical\" href=\"https:\/\/stilanddesign.se\/en\/product\/tunika-klanning-i-dimgront-med-volangdetaljer-\ud83d\udc9a\u2728\/\" \/>\n<meta property=\"og:locale\" content=\"en_US\" \/>\n<meta property=\"og:type\" content=\"article\" \/>\n<meta property=\"og:title\" content=\"Tunika\/kl\u00e4nning i dimgr\u00f6nt med volangdetaljer \ud83d\udc9a\u2728\" \/>\n<meta property=\"og:description\" content=\"Tunika\/kl\u00e4nning i dimgr\u00f6nt med volangdetaljer \ud83d\udc9a\u2728En superfin och feminin tunika\/kl\u00e4nning i dimgr\u00f6nt med vackra volanger som ger en elegant \u201cwow\u201d-k\u00e4nsla \ud83d\ude0d Modellen \u00e4r v-ringad framtill med en liten krage och har en volangkant runt v-ringningen som forts\u00e4tter en bit ner framtill f\u00f6r en romantisk touch \ud83d\udcab Kl\u00e4nningen har l\u00e5ng \u00e4rm med volang i \u00e4rmslut och ett sk\u00f6nt fall som g\u00f6r den lika fin till vardag som till fest \u2013 b\u00e4r den som kl\u00e4nning eller med byxa\/leggings \ud83d\udc56\u2728 \u2705 V-ringning + liten krage\u2705 Volangkant framtill\u2705 L\u00e5ng \u00e4rm med volang i \u00e4rmslut \ud83d\udccf L\u00e4ngd: 94 cm (fr\u00e5n axel)\ud83d\udccc Storlek: One size \u2013 passar ca 34\u201342 Material: 100% polyester \ud83e\uddf5Tv\u00e4ttr\u00e5d: 30\u00b0 \ud83e\uddfa\" \/>\n<meta property=\"og:url\" content=\"https:\/\/stilanddesign.se\/en\/product\/tunika-klanning-i-dimgront-med-volangdetaljer-\ud83d\udc9a\u2728\/\" \/>\n<meta property=\"og:site_name\" content=\"Stil &amp; Design\" \/>\n<meta property=\"article:modified_time\" content=\"2026-03-30T07:10:40+00:00\" \/>\n<meta property=\"og:image\" content=\"https:\/\/stilanddesign.se\/wp-content\/uploads\/2026\/03\/5545433222.jpeg\" \/>\n\t<meta property=\"og:image:width\" content=\"792\" \/>\n\t<meta property=\"og:image:height\" content=\"1491\" \/>\n\t<meta property=\"og:image:type\" content=\"image\/jpeg\" \/>\n<meta name=\"twitter:card\" content=\"summary_large_image\" \/>\n<meta name=\"twitter:label1\" content=\"Est. reading time\" \/>\n\t<meta name=\"twitter:data1\" content=\"1 minute\" \/>\n<script type=\"application\/ld+json\" class=\"yoast-schema-graph\">{\"@context\":\"https:\\\/\\\/schema.org\",\"@graph\":[{\"@type\":\"WebPage\",\"@id\":\"https:\\\/\\\/stilanddesign.se\\\/produkt\\\/tunika-klanning-i-dimgront-med-volangdetaljer-%f0%9f%92%9a%e2%9c%a8\\\/\",\"url\":\"https:\\\/\\\/stilanddesign.se\\\/produkt\\\/tunika-klanning-i-dimgront-med-volangdetaljer-%f0%9f%92%9a%e2%9c%a8\\\/\",\"name\":\"Tunika\\\/kl\u00e4nning i dimgr\u00f6nt med volangdetaljer \ud83d\udc9a\u2728 - Stil &amp; Design\",\"isPartOf\":{\"@id\":\"https:\\\/\\\/stilanddesign.se\\\/#website\"},\"primaryImageOfPage\":{\"@id\":\"https:\\\/\\\/stilanddesign.se\\\/produkt\\\/tunika-klanning-i-dimgront-med-volangdetaljer-%f0%9f%92%9a%e2%9c%a8\\\/#primaryimage\"},\"image\":{\"@id\":\"https:\\\/\\\/stilanddesign.se\\\/produkt\\\/tunika-klanning-i-dimgront-med-volangdetaljer-%f0%9f%92%9a%e2%9c%a8\\\/#primaryimage\"},\"thumbnailUrl\":\"https:\\\/\\\/stilanddesign.se\\\/wp-content\\\/uploads\\\/2026\\\/03\\\/5545433222.jpeg\",\"datePublished\":\"2026-03-28T08:43:55+00:00\",\"dateModified\":\"2026-03-30T07:10:40+00:00\",\"breadcrumb\":{\"@id\":\"https:\\\/\\\/stilanddesign.se\\\/produkt\\\/tunika-klanning-i-dimgront-med-volangdetaljer-%f0%9f%92%9a%e2%9c%a8\\\/#breadcrumb\"},\"inLanguage\":\"en-US\",\"potentialAction\":[{\"@type\":\"ReadAction\",\"target\":[\"https:\\\/\\\/stilanddesign.se\\\/produkt\\\/tunika-klanning-i-dimgront-med-volangdetaljer-%f0%9f%92%9a%e2%9c%a8\\\/\"]}]},{\"@type\":\"ImageObject\",\"inLanguage\":\"en-US\",\"@id\":\"https:\\\/\\\/stilanddesign.se\\\/produkt\\\/tunika-klanning-i-dimgront-med-volangdetaljer-%f0%9f%92%9a%e2%9c%a8\\\/#primaryimage\",\"url\":\"https:\\\/\\\/stilanddesign.se\\\/wp-content\\\/uploads\\\/2026\\\/03\\\/5545433222.jpeg\",\"contentUrl\":\"https:\\\/\\\/stilanddesign.se\\\/wp-content\\\/uploads\\\/2026\\\/03\\\/5545433222.jpeg\",\"width\":792,\"height\":1491,\"caption\":\"Tunika\\\/kl\u00e4nning i dimgr\u00f6nt\"},{\"@type\":\"BreadcrumbList\",\"@id\":\"https:\\\/\\\/stilanddesign.se\\\/produkt\\\/tunika-klanning-i-dimgront-med-volangdetaljer-%f0%9f%92%9a%e2%9c%a8\\\/#breadcrumb\",\"itemListElement\":[{\"@type\":\"ListItem\",\"position\":1,\"name\":\"Hem\",\"item\":\"https:\\\/\\\/stilanddesign.se\\\/\"},{\"@type\":\"ListItem\",\"position\":2,\"name\":\"Butiken\",\"item\":\"https:\\\/\\\/stilanddesign.se\\\/butiken\\\/\"},{\"@type\":\"ListItem\",\"position\":3,\"name\":\"Tunika\\\/kl\u00e4nning i dimgr\u00f6nt med volangdetaljer \ud83d\udc9a\u2728\"}]},{\"@type\":\"WebSite\",\"@id\":\"https:\\\/\\\/stilanddesign.se\\\/#website\",\"url\":\"https:\\\/\\\/stilanddesign.se\\\/\",\"name\":\"Stil &amp; Design\",\"description\":\"F\u00f6r oss som \u00e4lskar mode!\",\"publisher\":{\"@id\":\"https:\\\/\\\/stilanddesign.se\\\/#organization\"},\"potentialAction\":[{\"@type\":\"SearchAction\",\"target\":{\"@type\":\"EntryPoint\",\"urlTemplate\":\"https:\\\/\\\/stilanddesign.se\\\/?s={search_term_string}\"},\"query-input\":{\"@type\":\"PropertyValueSpecification\",\"valueRequired\":true,\"valueName\":\"search_term_string\"}}],\"inLanguage\":\"en-US\"},{\"@type\":\"Organization\",\"@id\":\"https:\\\/\\\/stilanddesign.se\\\/#organization\",\"name\":\"Stil &amp; Design\",\"url\":\"https:\\\/\\\/stilanddesign.se\\\/\",\"logo\":{\"@type\":\"ImageObject\",\"inLanguage\":\"en-US\",\"@id\":\"https:\\\/\\\/stilanddesign.se\\\/#\\\/schema\\\/logo\\\/image\\\/\",\"url\":\"https:\\\/\\\/stilanddesign.se\\\/wp-content\\\/uploads\\\/2023\\\/12\\\/output-onlinepngtools-e1727784413220.png\",\"contentUrl\":\"https:\\\/\\\/stilanddesign.se\\\/wp-content\\\/uploads\\\/2023\\\/12\\\/output-onlinepngtools-e1727784413220.png\",\"width\":519,\"height\":135,\"caption\":\"Stil &amp; Design\"},\"image\":{\"@id\":\"https:\\\/\\\/stilanddesign.se\\\/#\\\/schema\\\/logo\\\/image\\\/\"}}]}<\/script>\n<!-- \/ Yoast SEO Premium plugin. -->","yoast_head_json":{"title":"Tunika\/kl\u00e4nning i dimgr\u00f6nt med volangdetaljer \ud83d\udc9a\u2728 - Stil &amp; Design","robots":{"index":"index","follow":"follow","max-snippet":"max-snippet:-1","max-image-preview":"max-image-preview:large","max-video-preview":"max-video-preview:-1"},"canonical":"https:\/\/stilanddesign.se\/en\/product\/tunika-klanning-i-dimgront-med-volangdetaljer-\ud83d\udc9a\u2728\/","og_locale":"en_US","og_type":"article","og_title":"Tunika\/kl\u00e4nning i dimgr\u00f6nt med volangdetaljer \ud83d\udc9a\u2728","og_description":"Tunika\/kl\u00e4nning i dimgr\u00f6nt med volangdetaljer \ud83d\udc9a\u2728En superfin och feminin tunika\/kl\u00e4nning i dimgr\u00f6nt med vackra volanger som ger en elegant \u201cwow\u201d-k\u00e4nsla \ud83d\ude0d Modellen \u00e4r v-ringad framtill med en liten krage och har en volangkant runt v-ringningen som forts\u00e4tter en bit ner framtill f\u00f6r en romantisk touch \ud83d\udcab Kl\u00e4nningen har l\u00e5ng \u00e4rm med volang i \u00e4rmslut och ett sk\u00f6nt fall som g\u00f6r den lika fin till vardag som till fest \u2013 b\u00e4r den som kl\u00e4nning eller med byxa\/leggings \ud83d\udc56\u2728 \u2705 V-ringning + liten krage\u2705 Volangkant framtill\u2705 L\u00e5ng \u00e4rm med volang i \u00e4rmslut \ud83d\udccf L\u00e4ngd: 94 cm (fr\u00e5n axel)\ud83d\udccc Storlek: One size \u2013 passar ca 34\u201342 Material: 100% polyester \ud83e\uddf5Tv\u00e4ttr\u00e5d: 30\u00b0 \ud83e\uddfa","og_url":"https:\/\/stilanddesign.se\/en\/product\/tunika-klanning-i-dimgront-med-volangdetaljer-\ud83d\udc9a\u2728\/","og_site_name":"Stil &amp; Design","article_modified_time":"2026-03-30T07:10:40+00:00","og_image":[{"width":792,"height":1491,"url":"https:\/\/stilanddesign.se\/wp-content\/uploads\/2026\/03\/5545433222.jpeg","type":"image\/jpeg"}],"twitter_card":"summary_large_image","twitter_misc":{"Est. reading time":"1 minute"},"schema":{"@context":"https:\/\/schema.org","@graph":[{"@type":"WebPage","@id":"https:\/\/stilanddesign.se\/produkt\/tunika-klanning-i-dimgront-med-volangdetaljer-%f0%9f%92%9a%e2%9c%a8\/","url":"https:\/\/stilanddesign.se\/produkt\/tunika-klanning-i-dimgront-med-volangdetaljer-%f0%9f%92%9a%e2%9c%a8\/","name":"Tunika\/kl\u00e4nning i dimgr\u00f6nt med volangdetaljer \ud83d\udc9a\u2728 - Stil &amp; Design","isPartOf":{"@id":"https:\/\/stilanddesign.se\/#website"},"primaryImageOfPage":{"@id":"https:\/\/stilanddesign.se\/produkt\/tunika-klanning-i-dimgront-med-volangdetaljer-%f0%9f%92%9a%e2%9c%a8\/#primaryimage"},"image":{"@id":"https:\/\/stilanddesign.se\/produkt\/tunika-klanning-i-dimgront-med-volangdetaljer-%f0%9f%92%9a%e2%9c%a8\/#primaryimage"},"thumbnailUrl":"https:\/\/stilanddesign.se\/wp-content\/uploads\/2026\/03\/5545433222.jpeg","datePublished":"2026-03-28T08:43:55+00:00","dateModified":"2026-03-30T07:10:40+00:00","breadcrumb":{"@id":"https:\/\/stilanddesign.se\/produkt\/tunika-klanning-i-dimgront-med-volangdetaljer-%f0%9f%92%9a%e2%9c%a8\/#breadcrumb"},"inLanguage":"en-US","potentialAction":[{"@type":"ReadAction","target":["https:\/\/stilanddesign.se\/produkt\/tunika-klanning-i-dimgront-med-volangdetaljer-%f0%9f%92%9a%e2%9c%a8\/"]}]},{"@type":"ImageObject","inLanguage":"en-US","@id":"https:\/\/stilanddesign.se\/produkt\/tunika-klanning-i-dimgront-med-volangdetaljer-%f0%9f%92%9a%e2%9c%a8\/#primaryimage","url":"https:\/\/stilanddesign.se\/wp-content\/uploads\/2026\/03\/5545433222.jpeg","contentUrl":"https:\/\/stilanddesign.se\/wp-content\/uploads\/2026\/03\/5545433222.jpeg","width":792,"height":1491,"caption":"Tunika\/kl\u00e4nning i dimgr\u00f6nt"},{"@type":"BreadcrumbList","@id":"https:\/\/stilanddesign.se\/produkt\/tunika-klanning-i-dimgront-med-volangdetaljer-%f0%9f%92%9a%e2%9c%a8\/#breadcrumb","itemListElement":[{"@type":"ListItem","position":1,"name":"Hem","item":"https:\/\/stilanddesign.se\/"},{"@type":"ListItem","position":2,"name":"Butiken","item":"https:\/\/stilanddesign.se\/butiken\/"},{"@type":"ListItem","position":3,"name":"Tunika\/kl\u00e4nning i dimgr\u00f6nt med volangdetaljer \ud83d\udc9a\u2728"}]},{"@type":"WebSite","@id":"https:\/\/stilanddesign.se\/#website","url":"https:\/\/stilanddesign.se\/","name":"Style &amp; Design","description":"For those of us who love fashion!","publisher":{"@id":"https:\/\/stilanddesign.se\/#organization"},"potentialAction":[{"@type":"SearchAction","target":{"@type":"EntryPoint","urlTemplate":"https:\/\/stilanddesign.se\/?s={search_term_string}"},"query-input":{"@type":"PropertyValueSpecification","valueRequired":true,"valueName":"search_term_string"}}],"inLanguage":"en-US"},{"@type":"Organization","@id":"https:\/\/stilanddesign.se\/#organization","name":"Style &amp; Design","url":"https:\/\/stilanddesign.se\/","logo":{"@type":"ImageObject","inLanguage":"en-US","@id":"https:\/\/stilanddesign.se\/#\/schema\/logo\/image\/","url":"https:\/\/stilanddesign.se\/wp-content\/uploads\/2023\/12\/output-onlinepngtools-e1727784413220.png","contentUrl":"https:\/\/stilanddesign.se\/wp-content\/uploads\/2023\/12\/output-onlinepngtools-e1727784413220.png","width":519,"height":135,"caption":"Stil &amp; Design"},"image":{"@id":"https:\/\/stilanddesign.se\/#\/schema\/logo\/image\/"}}]}},"_links":{"self":[{"href":"https:\/\/stilanddesign.se\/en\/wp-json\/wp\/v2\/product\/1067632","targetHints":{"allow":["GET"]}}],"collection":[{"href":"https:\/\/stilanddesign.se\/en\/wp-json\/wp\/v2\/product"}],"about":[{"href":"https:\/\/stilanddesign.se\/en\/wp-json\/wp\/v2\/types\/product"}],"replies":[{"embeddable":true,"href":"https:\/\/stilanddesign.se\/en\/wp-json\/wp\/v2\/comments?post=1067632"}],"wp:featuredmedia":[{"embeddable":true,"href":"https:\/\/stilanddesign.se\/en\/wp-json\/wp\/v2\/media\/1067631"}],"wp:attachment":[{"href":"https:\/\/stilanddesign.se\/en\/wp-json\/wp\/v2\/media?parent=1067632"}],"wp:term":[{"taxonomy":"product_brand","embeddable":true,"href":"https:\/\/stilanddesign.se\/en\/wp-json\/wp\/v2\/product_brand?post=1067632"},{"taxonomy":"product_cat","embeddable":true,"href":"https:\/\/stilanddesign.se\/en\/wp-json\/wp\/v2\/product_cat?post=1067632"},{"taxonomy":"product_tag","embeddable":true,"href":"https:\/\/stilanddesign.se\/en\/wp-json\/wp\/v2\/product_tag?post=1067632"}],"curies":[{"name":"wp","href":"https:\/\/api.w.org\/{rel}","templated":true}]}}