{"id":1067607,"date":"2026-03-12T09:27:21","date_gmt":"2026-03-12T08:27:21","guid":{"rendered":"https:\/\/stilanddesign.se\/?post_type=product&#038;p=1067607"},"modified":"2026-03-23T13:36:10","modified_gmt":"2026-03-23T12:36:10","slug":"luftig-kortarmad-skjorta-med-struktur-zabaione-%e2%9c%a8-3","status":"publish","type":"product","link":"https:\/\/stilanddesign.se\/en\/product\/luftig-kortarmad-skjorta-med-struktur-zabaione-%e2%9c%a8-3\/","title":{"rendered":"Airy short-sleeved shirt with structure \u2013 Zabaione \u2728"},"content":{"rendered":"<p data-start=\"0\" data-end=\"347\"><strong data-start=\"0\" data-end=\"52\">Airy short-sleeved shirt with structure \u2013 Zabaione<\/strong> \u2728<br data-start=\"54\" data-end=\"57\" \/>A super nice and cool shirt in light, structured quality that is perfect for warm days \u2600\ufe0f\ud83d\ude0d The model has a stylish <strong data-start=\"176\" data-end=\"206\">collarless neck with V-shaped opening<\/strong>, <strong data-start=\"208\" data-end=\"228\">buttons at the front<\/strong> and a relaxed fit with <strong data-start=\"260\" data-end=\"272\">short sleeve<\/strong>. The fabric has a nice structure that gives a \u201clinen feel\u201d and a nice drape \ud83d\udcab<\/p>\n<p data-start=\"349\" data-end=\"444\">Perfect to wear with jeans, shorts or match with pants in the same material for a complete look \ud83d\udc56\u2728<\/p>\n<p data-start=\"446\" data-end=\"552\">\u2705 Collarless neck with V-neck<br data-start=\"474\" data-end=\"477\" \/>\u2705 Button closure at the front<br data-start=\"497\" data-end=\"500\" \/>\u2705 Short sleeve<br data-start=\"510\" data-end=\"513\" \/>\u2705 Lightly structured fabric with a nice drape<\/p>\n<p data-start=\"554\" data-end=\"685\" data-is-last-node=\"\" data-is-only-node=\"\">\ud83d\udccc <strong data-start=\"557\" data-end=\"568\">Colors:<\/strong> Light blue, White, Brown<br data-start=\"594\" data-end=\"597\" \/>\ud83d\udccc <strong data-start=\"600\" data-end=\"614\" data-is-only-node=\"\">Sizes:<\/strong> S\u2013XXL<br data-start=\"620\" data-end=\"623\" \/><strong data-start=\"623\" data-end=\"636\">Material:<\/strong> 80% viscose | 20% nylon \ud83e\uddf5<br data-start=\"662\" data-end=\"665\" \/><strong data-start=\"665\" data-end=\"678\">Washing instructions:<\/strong> 30\u00b0 \ud83e\uddfa<\/p>","protected":false},"excerpt":{"rendered":"<p data-start=\"0\" data-end=\"347\"><strong data-start=\"0\" data-end=\"52\">Airy short-sleeved shirt with structure \u2013 Zabaione<\/strong> \u2728<br data-start=\"54\" data-end=\"57\" \/>A super nice and cool shirt in light, structured quality that is perfect for warm days \u2600\ufe0f\ud83d\ude0d The model has a stylish <strong data-start=\"176\" data-end=\"206\">collarless neck with V-shaped opening<\/strong>, <strong data-start=\"208\" data-end=\"228\">buttons at the front<\/strong> and a relaxed fit with <strong data-start=\"260\" data-end=\"272\">short sleeve<\/strong>. The fabric has a nice structure that gives a \u201clinen feel\u201d and a nice drape \ud83d\udcab<\/p>\n<p data-start=\"349\" data-end=\"444\">Perfect to wear with jeans, shorts or match with pants in the same material for a complete look \ud83d\udc56\u2728<\/p>\n<p data-start=\"446\" data-end=\"552\">\u2705 Collarless neck with V-neck<br data-start=\"474\" data-end=\"477\" \/>\u2705 Button closure at the front<br data-start=\"497\" data-end=\"500\" \/>\u2705 Short sleeve<br data-start=\"510\" data-end=\"513\" \/>\u2705 Lightly structured fabric with a nice drape<\/p>\n<p data-start=\"554\" data-end=\"685\" data-is-last-node=\"\" data-is-only-node=\"\">\ud83d\udccc <strong data-start=\"557\" data-end=\"568\">Colors:<\/strong> Light blue, White, Brown<br data-start=\"594\" data-end=\"597\" \/>\ud83d\udccc <strong data-start=\"600\" data-end=\"614\" data-is-only-node=\"\">Sizes:<\/strong> S\u2013XXL<br data-start=\"620\" data-end=\"623\" \/><strong data-start=\"623\" data-end=\"636\">Material:<\/strong> 80% viscose | 20% nylon \ud83e\uddf5<br data-start=\"662\" data-end=\"665\" \/><strong data-start=\"665\" data-end=\"678\">Washing instructions:<\/strong> 30\u00b0 \ud83e\uddfa<\/p>","protected":false},"featured_media":1067592,"comment_status":"closed","ping_status":"closed","template":"","meta":[],"product_brand":[],"product_cat":[209],"product_tag":[],"class_list":{"0":"post-1067607","1":"product","2":"type-product","3":"status-publish","4":"has-post-thumbnail","6":"product_cat-reaprodukter","8":"first","9":"outofstock","10":"taxable","11":"shipping-taxable","12":"product-type-variable"},"yoast_head":"<!-- This site is optimized with the Yoast SEO Premium plugin v27.1 (Yoast SEO v27.4) - https:\/\/yoast.com\/product\/yoast-seo-premium-wordpress\/ -->\n<title>Luftig kort\u00e4rmad skjorta med struktur \u2013 Zabaione \u2728 - Stil &amp; Design<\/title>\n<meta name=\"robots\" content=\"index, follow, max-snippet:-1, max-image-preview:large, max-video-preview:-1\" \/>\n<link rel=\"canonical\" href=\"https:\/\/stilanddesign.se\/en\/product\/luftig-kortarmad-skjorta-med-struktur-zabaione-\u2728-3\/\" \/>\n<meta property=\"og:locale\" content=\"en_US\" \/>\n<meta property=\"og:type\" content=\"article\" \/>\n<meta property=\"og:title\" content=\"Luftig kort\u00e4rmad skjorta med struktur \u2013 Zabaione \u2728\" \/>\n<meta property=\"og:description\" content=\"Luftig kort\u00e4rmad skjorta med struktur \u2013 Zabaione \u2728En superfin och sval skjorta i l\u00e4tt, strukturerad kvalitet som \u00e4r perfekt f\u00f6r varma dagar \u2600\ufe0f\ud83d\ude0d Modellen har en stilren kragl\u00f6s hals med V-\u00f6ppning, knappar framtill och en avslappnad passform med kort \u00e4rm. Tyget har en fin struktur som ger en \u201clinnek\u00e4nsla\u201d och ett snyggt fall \ud83d\udcab Perfekt att b\u00e4ra till jeans, shorts eller matcha med byxor i samma material f\u00f6r en hel look \ud83d\udc56\u2728 \u2705 Kragl\u00f6s hals med V-\u00f6ppning\u2705 Kn\u00e4ppning framtill\u2705 Kort \u00e4rm\u2705 L\u00e4tt strukturerat tyg med fint fall \ud83d\udccc F\u00e4rger: Ljusbl\u00e5, Vit, Brun\ud83d\udccc Storlekar: S\u2013XXLMaterial: 80% viskos | 20% nylon \ud83e\uddf5Tv\u00e4ttr\u00e5d: 30\u00b0 \ud83e\uddfa\" \/>\n<meta property=\"og:url\" content=\"https:\/\/stilanddesign.se\/en\/product\/luftig-kortarmad-skjorta-med-struktur-zabaione-\u2728-3\/\" \/>\n<meta property=\"og:site_name\" content=\"Stil &amp; Design\" \/>\n<meta property=\"article:modified_time\" content=\"2026-03-23T12:36:10+00:00\" \/>\n<meta property=\"og:image\" content=\"https:\/\/stilanddesign.se\/wp-content\/uploads\/2026\/03\/ChatGPT-Image-3-mars-2026-11_50_43.png\" \/>\n\t<meta property=\"og:image:width\" content=\"1024\" \/>\n\t<meta property=\"og:image:height\" content=\"1536\" \/>\n\t<meta property=\"og:image:type\" content=\"image\/png\" \/>\n<meta name=\"twitter:card\" content=\"summary_large_image\" \/>\n<meta name=\"twitter:label1\" content=\"Est. reading time\" \/>\n\t<meta name=\"twitter:data1\" content=\"1 minute\" \/>\n<script type=\"application\/ld+json\" class=\"yoast-schema-graph\">{\"@context\":\"https:\\\/\\\/schema.org\",\"@graph\":[{\"@type\":\"WebPage\",\"@id\":\"https:\\\/\\\/stilanddesign.se\\\/produkt\\\/luftig-kortarmad-skjorta-med-struktur-zabaione-%e2%9c%a8-3\\\/\",\"url\":\"https:\\\/\\\/stilanddesign.se\\\/produkt\\\/luftig-kortarmad-skjorta-med-struktur-zabaione-%e2%9c%a8-3\\\/\",\"name\":\"Luftig kort\u00e4rmad skjorta med struktur \u2013 Zabaione \u2728 - Stil &amp; Design\",\"isPartOf\":{\"@id\":\"https:\\\/\\\/stilanddesign.se\\\/#website\"},\"primaryImageOfPage\":{\"@id\":\"https:\\\/\\\/stilanddesign.se\\\/produkt\\\/luftig-kortarmad-skjorta-med-struktur-zabaione-%e2%9c%a8-3\\\/#primaryimage\"},\"image\":{\"@id\":\"https:\\\/\\\/stilanddesign.se\\\/produkt\\\/luftig-kortarmad-skjorta-med-struktur-zabaione-%e2%9c%a8-3\\\/#primaryimage\"},\"thumbnailUrl\":\"https:\\\/\\\/stilanddesign.se\\\/wp-content\\\/uploads\\\/2026\\\/03\\\/ChatGPT-Image-3-mars-2026-11_50_43.png\",\"datePublished\":\"2026-03-12T08:27:21+00:00\",\"dateModified\":\"2026-03-23T12:36:10+00:00\",\"breadcrumb\":{\"@id\":\"https:\\\/\\\/stilanddesign.se\\\/produkt\\\/luftig-kortarmad-skjorta-med-struktur-zabaione-%e2%9c%a8-3\\\/#breadcrumb\"},\"inLanguage\":\"en-US\",\"potentialAction\":[{\"@type\":\"ReadAction\",\"target\":[\"https:\\\/\\\/stilanddesign.se\\\/produkt\\\/luftig-kortarmad-skjorta-med-struktur-zabaione-%e2%9c%a8-3\\\/\"]}]},{\"@type\":\"ImageObject\",\"inLanguage\":\"en-US\",\"@id\":\"https:\\\/\\\/stilanddesign.se\\\/produkt\\\/luftig-kortarmad-skjorta-med-struktur-zabaione-%e2%9c%a8-3\\\/#primaryimage\",\"url\":\"https:\\\/\\\/stilanddesign.se\\\/wp-content\\\/uploads\\\/2026\\\/03\\\/ChatGPT-Image-3-mars-2026-11_50_43.png\",\"contentUrl\":\"https:\\\/\\\/stilanddesign.se\\\/wp-content\\\/uploads\\\/2026\\\/03\\\/ChatGPT-Image-3-mars-2026-11_50_43.png\",\"width\":1024,\"height\":1536},{\"@type\":\"BreadcrumbList\",\"@id\":\"https:\\\/\\\/stilanddesign.se\\\/produkt\\\/luftig-kortarmad-skjorta-med-struktur-zabaione-%e2%9c%a8-3\\\/#breadcrumb\",\"itemListElement\":[{\"@type\":\"ListItem\",\"position\":1,\"name\":\"Hem\",\"item\":\"https:\\\/\\\/stilanddesign.se\\\/\"},{\"@type\":\"ListItem\",\"position\":2,\"name\":\"Butiken\",\"item\":\"https:\\\/\\\/stilanddesign.se\\\/butiken\\\/\"},{\"@type\":\"ListItem\",\"position\":3,\"name\":\"Luftig kort\u00e4rmad skjorta med struktur \u2013 Zabaione \u2728\"}]},{\"@type\":\"WebSite\",\"@id\":\"https:\\\/\\\/stilanddesign.se\\\/#website\",\"url\":\"https:\\\/\\\/stilanddesign.se\\\/\",\"name\":\"Stil &amp; Design\",\"description\":\"F\u00f6r oss som \u00e4lskar mode!\",\"publisher\":{\"@id\":\"https:\\\/\\\/stilanddesign.se\\\/#organization\"},\"potentialAction\":[{\"@type\":\"SearchAction\",\"target\":{\"@type\":\"EntryPoint\",\"urlTemplate\":\"https:\\\/\\\/stilanddesign.se\\\/?s={search_term_string}\"},\"query-input\":{\"@type\":\"PropertyValueSpecification\",\"valueRequired\":true,\"valueName\":\"search_term_string\"}}],\"inLanguage\":\"en-US\"},{\"@type\":\"Organization\",\"@id\":\"https:\\\/\\\/stilanddesign.se\\\/#organization\",\"name\":\"Stil &amp; Design\",\"url\":\"https:\\\/\\\/stilanddesign.se\\\/\",\"logo\":{\"@type\":\"ImageObject\",\"inLanguage\":\"en-US\",\"@id\":\"https:\\\/\\\/stilanddesign.se\\\/#\\\/schema\\\/logo\\\/image\\\/\",\"url\":\"https:\\\/\\\/stilanddesign.se\\\/wp-content\\\/uploads\\\/2023\\\/12\\\/output-onlinepngtools-e1727784413220.png\",\"contentUrl\":\"https:\\\/\\\/stilanddesign.se\\\/wp-content\\\/uploads\\\/2023\\\/12\\\/output-onlinepngtools-e1727784413220.png\",\"width\":519,\"height\":135,\"caption\":\"Stil &amp; Design\"},\"image\":{\"@id\":\"https:\\\/\\\/stilanddesign.se\\\/#\\\/schema\\\/logo\\\/image\\\/\"}}]}<\/script>\n<!-- \/ Yoast SEO Premium plugin. -->","yoast_head_json":{"title":"Luftig kort\u00e4rmad skjorta med struktur \u2013 Zabaione \u2728 - Stil &amp; Design","robots":{"index":"index","follow":"follow","max-snippet":"max-snippet:-1","max-image-preview":"max-image-preview:large","max-video-preview":"max-video-preview:-1"},"canonical":"https:\/\/stilanddesign.se\/en\/product\/luftig-kortarmad-skjorta-med-struktur-zabaione-\u2728-3\/","og_locale":"en_US","og_type":"article","og_title":"Luftig kort\u00e4rmad skjorta med struktur \u2013 Zabaione \u2728","og_description":"Luftig kort\u00e4rmad skjorta med struktur \u2013 Zabaione \u2728En superfin och sval skjorta i l\u00e4tt, strukturerad kvalitet som \u00e4r perfekt f\u00f6r varma dagar \u2600\ufe0f\ud83d\ude0d Modellen har en stilren kragl\u00f6s hals med V-\u00f6ppning, knappar framtill och en avslappnad passform med kort \u00e4rm. Tyget har en fin struktur som ger en \u201clinnek\u00e4nsla\u201d och ett snyggt fall \ud83d\udcab Perfekt att b\u00e4ra till jeans, shorts eller matcha med byxor i samma material f\u00f6r en hel look \ud83d\udc56\u2728 \u2705 Kragl\u00f6s hals med V-\u00f6ppning\u2705 Kn\u00e4ppning framtill\u2705 Kort \u00e4rm\u2705 L\u00e4tt strukturerat tyg med fint fall \ud83d\udccc F\u00e4rger: Ljusbl\u00e5, Vit, Brun\ud83d\udccc Storlekar: S\u2013XXLMaterial: 80% viskos | 20% nylon \ud83e\uddf5Tv\u00e4ttr\u00e5d: 30\u00b0 \ud83e\uddfa","og_url":"https:\/\/stilanddesign.se\/en\/product\/luftig-kortarmad-skjorta-med-struktur-zabaione-\u2728-3\/","og_site_name":"Stil &amp; Design","article_modified_time":"2026-03-23T12:36:10+00:00","og_image":[{"width":1024,"height":1536,"url":"https:\/\/stilanddesign.se\/wp-content\/uploads\/2026\/03\/ChatGPT-Image-3-mars-2026-11_50_43.png","type":"image\/png"}],"twitter_card":"summary_large_image","twitter_misc":{"Est. reading time":"1 minute"},"schema":{"@context":"https:\/\/schema.org","@graph":[{"@type":"WebPage","@id":"https:\/\/stilanddesign.se\/produkt\/luftig-kortarmad-skjorta-med-struktur-zabaione-%e2%9c%a8-3\/","url":"https:\/\/stilanddesign.se\/produkt\/luftig-kortarmad-skjorta-med-struktur-zabaione-%e2%9c%a8-3\/","name":"Luftig kort\u00e4rmad skjorta med struktur \u2013 Zabaione \u2728 - Stil &amp; Design","isPartOf":{"@id":"https:\/\/stilanddesign.se\/#website"},"primaryImageOfPage":{"@id":"https:\/\/stilanddesign.se\/produkt\/luftig-kortarmad-skjorta-med-struktur-zabaione-%e2%9c%a8-3\/#primaryimage"},"image":{"@id":"https:\/\/stilanddesign.se\/produkt\/luftig-kortarmad-skjorta-med-struktur-zabaione-%e2%9c%a8-3\/#primaryimage"},"thumbnailUrl":"https:\/\/stilanddesign.se\/wp-content\/uploads\/2026\/03\/ChatGPT-Image-3-mars-2026-11_50_43.png","datePublished":"2026-03-12T08:27:21+00:00","dateModified":"2026-03-23T12:36:10+00:00","breadcrumb":{"@id":"https:\/\/stilanddesign.se\/produkt\/luftig-kortarmad-skjorta-med-struktur-zabaione-%e2%9c%a8-3\/#breadcrumb"},"inLanguage":"en-US","potentialAction":[{"@type":"ReadAction","target":["https:\/\/stilanddesign.se\/produkt\/luftig-kortarmad-skjorta-med-struktur-zabaione-%e2%9c%a8-3\/"]}]},{"@type":"ImageObject","inLanguage":"en-US","@id":"https:\/\/stilanddesign.se\/produkt\/luftig-kortarmad-skjorta-med-struktur-zabaione-%e2%9c%a8-3\/#primaryimage","url":"https:\/\/stilanddesign.se\/wp-content\/uploads\/2026\/03\/ChatGPT-Image-3-mars-2026-11_50_43.png","contentUrl":"https:\/\/stilanddesign.se\/wp-content\/uploads\/2026\/03\/ChatGPT-Image-3-mars-2026-11_50_43.png","width":1024,"height":1536},{"@type":"BreadcrumbList","@id":"https:\/\/stilanddesign.se\/produkt\/luftig-kortarmad-skjorta-med-struktur-zabaione-%e2%9c%a8-3\/#breadcrumb","itemListElement":[{"@type":"ListItem","position":1,"name":"Hem","item":"https:\/\/stilanddesign.se\/"},{"@type":"ListItem","position":2,"name":"Butiken","item":"https:\/\/stilanddesign.se\/butiken\/"},{"@type":"ListItem","position":3,"name":"Luftig kort\u00e4rmad skjorta med struktur \u2013 Zabaione \u2728"}]},{"@type":"WebSite","@id":"https:\/\/stilanddesign.se\/#website","url":"https:\/\/stilanddesign.se\/","name":"Style &amp; Design","description":"For those of us who love fashion!","publisher":{"@id":"https:\/\/stilanddesign.se\/#organization"},"potentialAction":[{"@type":"SearchAction","target":{"@type":"EntryPoint","urlTemplate":"https:\/\/stilanddesign.se\/?s={search_term_string}"},"query-input":{"@type":"PropertyValueSpecification","valueRequired":true,"valueName":"search_term_string"}}],"inLanguage":"en-US"},{"@type":"Organization","@id":"https:\/\/stilanddesign.se\/#organization","name":"Style &amp; Design","url":"https:\/\/stilanddesign.se\/","logo":{"@type":"ImageObject","inLanguage":"en-US","@id":"https:\/\/stilanddesign.se\/#\/schema\/logo\/image\/","url":"https:\/\/stilanddesign.se\/wp-content\/uploads\/2023\/12\/output-onlinepngtools-e1727784413220.png","contentUrl":"https:\/\/stilanddesign.se\/wp-content\/uploads\/2023\/12\/output-onlinepngtools-e1727784413220.png","width":519,"height":135,"caption":"Stil &amp; Design"},"image":{"@id":"https:\/\/stilanddesign.se\/#\/schema\/logo\/image\/"}}]}},"_links":{"self":[{"href":"https:\/\/stilanddesign.se\/en\/wp-json\/wp\/v2\/product\/1067607","targetHints":{"allow":["GET"]}}],"collection":[{"href":"https:\/\/stilanddesign.se\/en\/wp-json\/wp\/v2\/product"}],"about":[{"href":"https:\/\/stilanddesign.se\/en\/wp-json\/wp\/v2\/types\/product"}],"replies":[{"embeddable":true,"href":"https:\/\/stilanddesign.se\/en\/wp-json\/wp\/v2\/comments?post=1067607"}],"wp:featuredmedia":[{"embeddable":true,"href":"https:\/\/stilanddesign.se\/en\/wp-json\/wp\/v2\/media\/1067592"}],"wp:attachment":[{"href":"https:\/\/stilanddesign.se\/en\/wp-json\/wp\/v2\/media?parent=1067607"}],"wp:term":[{"taxonomy":"product_brand","embeddable":true,"href":"https:\/\/stilanddesign.se\/en\/wp-json\/wp\/v2\/product_brand?post=1067607"},{"taxonomy":"product_cat","embeddable":true,"href":"https:\/\/stilanddesign.se\/en\/wp-json\/wp\/v2\/product_cat?post=1067607"},{"taxonomy":"product_tag","embeddable":true,"href":"https:\/\/stilanddesign.se\/en\/wp-json\/wp\/v2\/product_tag?post=1067607"}],"curies":[{"name":"wp","href":"https:\/\/api.w.org\/{rel}","templated":true}]}}