{"id":1067552,"date":"2026-04-10T09:26:15","date_gmt":"2026-04-10T07:26:15","guid":{"rendered":"https:\/\/stilanddesign.se\/?post_type=product&#038;p=1067552"},"modified":"2026-04-10T15:06:42","modified_gmt":"2026-04-10T13:06:42","slug":"randig-skjorta-i-linne-viskos-zabaione-%f0%9f%92%99%f0%9f%a4%8d%e2%9c%a8","status":"publish","type":"product","link":"https:\/\/stilanddesign.se\/en\/product\/randig-skjorta-i-linne-viskos-zabaione-%f0%9f%92%99%f0%9f%a4%8d%e2%9c%a8\/","title":{"rendered":"Striped shirt in linen\/viscose \u2013 Zabaione \ud83d\udc99\ud83e\udd0d\u2728"},"content":{"rendered":"<p data-start=\"0\" data-end=\"330\"><strong data-start=\"0\" data-end=\"44\">Striped shirt in linen\/viscose \u2013 Zabaione<\/strong> \ud83d\udc99\ud83e\udd0d\u2728<br data-start=\"50\" data-end=\"53\" \/>A fresh and summery shirt with blue\/white stripes in a cool mix of <strong data-start=\"125\" data-end=\"145\">linen and viscose<\/strong> \ud83d\ude0d The shirt has classic <strong data-start=\"171\" data-end=\"186\">shirt collar<\/strong>, <strong data-start=\"188\" data-end=\"208\">buttons at the front<\/strong> and a practical <strong data-start=\"225\" data-end=\"239\">breast pocket<\/strong>. The sleeves can <strong data-start=\"253\" data-end=\"267\">rolled up<\/strong> and fastens with a small button flap for a relaxed look \ud83d\udc4c\u2600\ufe0f<\/p>\n<p data-start=\"332\" data-end=\"415\">Perfect to wear tucked into jeans\/shorts or open over a tank top on the beach \ud83d\udcab<\/p>\n<p data-start=\"417\" data-end=\"523\">\u2705 Shirt collar + buttoning at the front<br data-start=\"451\" data-end=\"454\" \/>\u2705 Chest pocket<br data-start=\"466\" data-end=\"469\" \/>\u2705 Fold-up sleeve (can be attached)<br data-start=\"497\" data-end=\"500\" \/>\u2705 Cool summer quality<\/p>\n<p data-start=\"525\" data-end=\"613\" data-is-last-node=\"\" data-is-only-node=\"\">\ud83d\udccc <strong data-start=\"528\" data-end=\"542\">Sizes:<\/strong> S\u2013XXL<br data-start=\"548\" data-end=\"551\" \/><strong data-start=\"551\" data-end=\"564\">Material:<\/strong> 53% linen | 47% viscose \ud83e\uddf5<br data-start=\"590\" data-end=\"593\" \/><strong data-start=\"593\" data-end=\"606\">Washing instructions:<\/strong> 30\u00b0 \ud83e\uddfa<\/p>","protected":false},"excerpt":{"rendered":"<p data-start=\"0\" data-end=\"330\"><strong data-start=\"0\" data-end=\"44\">Striped shirt in linen\/viscose \u2013 Zabaione<\/strong> \ud83d\udc99\ud83e\udd0d\u2728<br data-start=\"50\" data-end=\"53\" \/>A fresh and summery shirt with blue\/white stripes in a cool mix of <strong data-start=\"125\" data-end=\"145\">linen and viscose<\/strong> \ud83d\ude0d The shirt has classic <strong data-start=\"171\" data-end=\"186\">shirt collar<\/strong>, <strong data-start=\"188\" data-end=\"208\">buttons at the front<\/strong> and a practical <strong data-start=\"225\" data-end=\"239\">breast pocket<\/strong>. The sleeves can <strong data-start=\"253\" data-end=\"267\">rolled up<\/strong> and fastens with a small button flap for a relaxed look \ud83d\udc4c\u2600\ufe0f<\/p>\n<p data-start=\"332\" data-end=\"415\">Perfect to wear tucked into jeans\/shorts or open over a tank top on the beach \ud83d\udcab<\/p>\n<p data-start=\"417\" data-end=\"523\">\u2705 Shirt collar + buttoning at the front<br data-start=\"451\" data-end=\"454\" \/>\u2705 Chest pocket<br data-start=\"466\" data-end=\"469\" \/>\u2705 Fold-up sleeve (can be attached)<br data-start=\"497\" data-end=\"500\" \/>\u2705 Cool summer quality<\/p>\n<p data-start=\"525\" data-end=\"613\" data-is-last-node=\"\" data-is-only-node=\"\">\ud83d\udccc <strong data-start=\"528\" data-end=\"542\">Sizes:<\/strong> S\u2013XXL<br data-start=\"548\" data-end=\"551\" \/><strong data-start=\"551\" data-end=\"564\">Material:<\/strong> 53% linen | 47% viscose \ud83e\uddf5<br data-start=\"590\" data-end=\"593\" \/><strong data-start=\"593\" data-end=\"606\">Washing instructions:<\/strong> 30\u00b0 \ud83e\uddfa<\/p>","protected":false},"featured_media":1067557,"comment_status":"closed","ping_status":"closed","template":"","meta":[],"product_brand":[],"product_cat":[209],"product_tag":[],"class_list":{"0":"post-1067552","1":"product","2":"type-product","3":"status-publish","4":"has-post-thumbnail","6":"product_cat-reaprodukter","8":"first","9":"outofstock","10":"taxable","11":"shipping-taxable","12":"product-type-variable"},"yoast_head":"<!-- This site is optimized with the Yoast SEO Premium plugin v27.1 (Yoast SEO v27.4) - https:\/\/yoast.com\/product\/yoast-seo-premium-wordpress\/ -->\n<title>Randig skjorta i linne\/viskos \u2013 Zabaione \ud83d\udc99\ud83e\udd0d\u2728 - Stil &amp; Design<\/title>\n<meta name=\"robots\" content=\"index, follow, max-snippet:-1, max-image-preview:large, max-video-preview:-1\" \/>\n<link rel=\"canonical\" href=\"https:\/\/stilanddesign.se\/en\/product\/randig-skjorta-i-linne-viskos-zabaione-\ud83d\udc99\ud83e\udd0d\u2728\/\" \/>\n<meta property=\"og:locale\" content=\"en_US\" \/>\n<meta property=\"og:type\" content=\"article\" \/>\n<meta property=\"og:title\" content=\"Randig skjorta i linne\/viskos \u2013 Zabaione \ud83d\udc99\ud83e\udd0d\u2728\" \/>\n<meta property=\"og:description\" content=\"Randig skjorta i linne\/viskos \u2013 Zabaione \ud83d\udc99\ud83e\udd0d\u2728En fr\u00e4sch och somrig skjorta med bl\u00e5\/vita r\u00e4nder i en sval blandning av linne och viskos \ud83d\ude0d Skjortan har klassisk skjortkrage, knappar framtill och en praktisk br\u00f6stficka. \u00c4rmarna kan rullas upp och f\u00e4stas med en liten knappfl\u00e4rp f\u00f6r en avslappnad look \ud83d\udc4c\u2600\ufe0f Perfekt att b\u00e4ra instoppad i jeans\/shorts eller \u00f6ppen \u00f6ver ett linne p\u00e5 stranden \ud83d\udcab \u2705 Skjortkrage + kn\u00e4ppning framtill\u2705 Br\u00f6stficka\u2705 Uppvikbar \u00e4rm (kan f\u00e4stas)\u2705 Sval sommarkvalitet \ud83d\udccc Storlekar: S\u2013XXLMaterial: 53% linne | 47% viskos \ud83e\uddf5Tv\u00e4ttr\u00e5d: 30\u00b0 \ud83e\uddfa\" \/>\n<meta property=\"og:url\" content=\"https:\/\/stilanddesign.se\/en\/product\/randig-skjorta-i-linne-viskos-zabaione-\ud83d\udc99\ud83e\udd0d\u2728\/\" \/>\n<meta property=\"og:site_name\" content=\"Stil &amp; Design\" \/>\n<meta property=\"article:modified_time\" content=\"2026-04-10T13:06:42+00:00\" \/>\n<meta property=\"og:image\" content=\"https:\/\/stilanddesign.se\/wp-content\/uploads\/2026\/03\/ChatGPT-Image-3-mars-2026-11_20_45.png\" \/>\n\t<meta property=\"og:image:width\" content=\"1024\" \/>\n\t<meta property=\"og:image:height\" content=\"1536\" \/>\n\t<meta property=\"og:image:type\" content=\"image\/png\" \/>\n<meta name=\"twitter:card\" content=\"summary_large_image\" \/>\n<meta name=\"twitter:label1\" content=\"Est. reading time\" \/>\n\t<meta name=\"twitter:data1\" content=\"1 minute\" \/>\n<script type=\"application\/ld+json\" class=\"yoast-schema-graph\">{\"@context\":\"https:\\\/\\\/schema.org\",\"@graph\":[{\"@type\":\"WebPage\",\"@id\":\"https:\\\/\\\/stilanddesign.se\\\/produkt\\\/randig-skjorta-i-linne-viskos-zabaione-%f0%9f%92%99%f0%9f%a4%8d%e2%9c%a8\\\/\",\"url\":\"https:\\\/\\\/stilanddesign.se\\\/produkt\\\/randig-skjorta-i-linne-viskos-zabaione-%f0%9f%92%99%f0%9f%a4%8d%e2%9c%a8\\\/\",\"name\":\"Randig skjorta i linne\\\/viskos \u2013 Zabaione \ud83d\udc99\ud83e\udd0d\u2728 - Stil &amp; Design\",\"isPartOf\":{\"@id\":\"https:\\\/\\\/stilanddesign.se\\\/#website\"},\"primaryImageOfPage\":{\"@id\":\"https:\\\/\\\/stilanddesign.se\\\/produkt\\\/randig-skjorta-i-linne-viskos-zabaione-%f0%9f%92%99%f0%9f%a4%8d%e2%9c%a8\\\/#primaryimage\"},\"image\":{\"@id\":\"https:\\\/\\\/stilanddesign.se\\\/produkt\\\/randig-skjorta-i-linne-viskos-zabaione-%f0%9f%92%99%f0%9f%a4%8d%e2%9c%a8\\\/#primaryimage\"},\"thumbnailUrl\":\"https:\\\/\\\/stilanddesign.se\\\/wp-content\\\/uploads\\\/2026\\\/03\\\/ChatGPT-Image-3-mars-2026-11_20_45.png\",\"datePublished\":\"2026-04-10T07:26:15+00:00\",\"dateModified\":\"2026-04-10T13:06:42+00:00\",\"breadcrumb\":{\"@id\":\"https:\\\/\\\/stilanddesign.se\\\/produkt\\\/randig-skjorta-i-linne-viskos-zabaione-%f0%9f%92%99%f0%9f%a4%8d%e2%9c%a8\\\/#breadcrumb\"},\"inLanguage\":\"en-US\",\"potentialAction\":[{\"@type\":\"ReadAction\",\"target\":[\"https:\\\/\\\/stilanddesign.se\\\/produkt\\\/randig-skjorta-i-linne-viskos-zabaione-%f0%9f%92%99%f0%9f%a4%8d%e2%9c%a8\\\/\"]}]},{\"@type\":\"ImageObject\",\"inLanguage\":\"en-US\",\"@id\":\"https:\\\/\\\/stilanddesign.se\\\/produkt\\\/randig-skjorta-i-linne-viskos-zabaione-%f0%9f%92%99%f0%9f%a4%8d%e2%9c%a8\\\/#primaryimage\",\"url\":\"https:\\\/\\\/stilanddesign.se\\\/wp-content\\\/uploads\\\/2026\\\/03\\\/ChatGPT-Image-3-mars-2026-11_20_45.png\",\"contentUrl\":\"https:\\\/\\\/stilanddesign.se\\\/wp-content\\\/uploads\\\/2026\\\/03\\\/ChatGPT-Image-3-mars-2026-11_20_45.png\",\"width\":1024,\"height\":1536},{\"@type\":\"BreadcrumbList\",\"@id\":\"https:\\\/\\\/stilanddesign.se\\\/produkt\\\/randig-skjorta-i-linne-viskos-zabaione-%f0%9f%92%99%f0%9f%a4%8d%e2%9c%a8\\\/#breadcrumb\",\"itemListElement\":[{\"@type\":\"ListItem\",\"position\":1,\"name\":\"Hem\",\"item\":\"https:\\\/\\\/stilanddesign.se\\\/\"},{\"@type\":\"ListItem\",\"position\":2,\"name\":\"Butiken\",\"item\":\"https:\\\/\\\/stilanddesign.se\\\/butiken\\\/\"},{\"@type\":\"ListItem\",\"position\":3,\"name\":\"Randig skjorta i linne\\\/viskos \u2013 Zabaione \ud83d\udc99\ud83e\udd0d\u2728\"}]},{\"@type\":\"WebSite\",\"@id\":\"https:\\\/\\\/stilanddesign.se\\\/#website\",\"url\":\"https:\\\/\\\/stilanddesign.se\\\/\",\"name\":\"Stil &amp; Design\",\"description\":\"F\u00f6r oss som \u00e4lskar mode!\",\"publisher\":{\"@id\":\"https:\\\/\\\/stilanddesign.se\\\/#organization\"},\"potentialAction\":[{\"@type\":\"SearchAction\",\"target\":{\"@type\":\"EntryPoint\",\"urlTemplate\":\"https:\\\/\\\/stilanddesign.se\\\/?s={search_term_string}\"},\"query-input\":{\"@type\":\"PropertyValueSpecification\",\"valueRequired\":true,\"valueName\":\"search_term_string\"}}],\"inLanguage\":\"en-US\"},{\"@type\":\"Organization\",\"@id\":\"https:\\\/\\\/stilanddesign.se\\\/#organization\",\"name\":\"Stil &amp; Design\",\"url\":\"https:\\\/\\\/stilanddesign.se\\\/\",\"logo\":{\"@type\":\"ImageObject\",\"inLanguage\":\"en-US\",\"@id\":\"https:\\\/\\\/stilanddesign.se\\\/#\\\/schema\\\/logo\\\/image\\\/\",\"url\":\"https:\\\/\\\/stilanddesign.se\\\/wp-content\\\/uploads\\\/2023\\\/12\\\/output-onlinepngtools-e1727784413220.png\",\"contentUrl\":\"https:\\\/\\\/stilanddesign.se\\\/wp-content\\\/uploads\\\/2023\\\/12\\\/output-onlinepngtools-e1727784413220.png\",\"width\":519,\"height\":135,\"caption\":\"Stil &amp; Design\"},\"image\":{\"@id\":\"https:\\\/\\\/stilanddesign.se\\\/#\\\/schema\\\/logo\\\/image\\\/\"}}]}<\/script>\n<!-- \/ Yoast SEO Premium plugin. -->","yoast_head_json":{"title":"Randig skjorta i linne\/viskos \u2013 Zabaione \ud83d\udc99\ud83e\udd0d\u2728 - Stil &amp; Design","robots":{"index":"index","follow":"follow","max-snippet":"max-snippet:-1","max-image-preview":"max-image-preview:large","max-video-preview":"max-video-preview:-1"},"canonical":"https:\/\/stilanddesign.se\/en\/product\/randig-skjorta-i-linne-viskos-zabaione-\ud83d\udc99\ud83e\udd0d\u2728\/","og_locale":"en_US","og_type":"article","og_title":"Randig skjorta i linne\/viskos \u2013 Zabaione \ud83d\udc99\ud83e\udd0d\u2728","og_description":"Randig skjorta i linne\/viskos \u2013 Zabaione \ud83d\udc99\ud83e\udd0d\u2728En fr\u00e4sch och somrig skjorta med bl\u00e5\/vita r\u00e4nder i en sval blandning av linne och viskos \ud83d\ude0d Skjortan har klassisk skjortkrage, knappar framtill och en praktisk br\u00f6stficka. \u00c4rmarna kan rullas upp och f\u00e4stas med en liten knappfl\u00e4rp f\u00f6r en avslappnad look \ud83d\udc4c\u2600\ufe0f Perfekt att b\u00e4ra instoppad i jeans\/shorts eller \u00f6ppen \u00f6ver ett linne p\u00e5 stranden \ud83d\udcab \u2705 Skjortkrage + kn\u00e4ppning framtill\u2705 Br\u00f6stficka\u2705 Uppvikbar \u00e4rm (kan f\u00e4stas)\u2705 Sval sommarkvalitet \ud83d\udccc Storlekar: S\u2013XXLMaterial: 53% linne | 47% viskos \ud83e\uddf5Tv\u00e4ttr\u00e5d: 30\u00b0 \ud83e\uddfa","og_url":"https:\/\/stilanddesign.se\/en\/product\/randig-skjorta-i-linne-viskos-zabaione-\ud83d\udc99\ud83e\udd0d\u2728\/","og_site_name":"Stil &amp; Design","article_modified_time":"2026-04-10T13:06:42+00:00","og_image":[{"width":1024,"height":1536,"url":"https:\/\/stilanddesign.se\/wp-content\/uploads\/2026\/03\/ChatGPT-Image-3-mars-2026-11_20_45.png","type":"image\/png"}],"twitter_card":"summary_large_image","twitter_misc":{"Est. reading time":"1 minute"},"schema":{"@context":"https:\/\/schema.org","@graph":[{"@type":"WebPage","@id":"https:\/\/stilanddesign.se\/produkt\/randig-skjorta-i-linne-viskos-zabaione-%f0%9f%92%99%f0%9f%a4%8d%e2%9c%a8\/","url":"https:\/\/stilanddesign.se\/produkt\/randig-skjorta-i-linne-viskos-zabaione-%f0%9f%92%99%f0%9f%a4%8d%e2%9c%a8\/","name":"Randig skjorta i linne\/viskos \u2013 Zabaione \ud83d\udc99\ud83e\udd0d\u2728 - Stil &amp; Design","isPartOf":{"@id":"https:\/\/stilanddesign.se\/#website"},"primaryImageOfPage":{"@id":"https:\/\/stilanddesign.se\/produkt\/randig-skjorta-i-linne-viskos-zabaione-%f0%9f%92%99%f0%9f%a4%8d%e2%9c%a8\/#primaryimage"},"image":{"@id":"https:\/\/stilanddesign.se\/produkt\/randig-skjorta-i-linne-viskos-zabaione-%f0%9f%92%99%f0%9f%a4%8d%e2%9c%a8\/#primaryimage"},"thumbnailUrl":"https:\/\/stilanddesign.se\/wp-content\/uploads\/2026\/03\/ChatGPT-Image-3-mars-2026-11_20_45.png","datePublished":"2026-04-10T07:26:15+00:00","dateModified":"2026-04-10T13:06:42+00:00","breadcrumb":{"@id":"https:\/\/stilanddesign.se\/produkt\/randig-skjorta-i-linne-viskos-zabaione-%f0%9f%92%99%f0%9f%a4%8d%e2%9c%a8\/#breadcrumb"},"inLanguage":"en-US","potentialAction":[{"@type":"ReadAction","target":["https:\/\/stilanddesign.se\/produkt\/randig-skjorta-i-linne-viskos-zabaione-%f0%9f%92%99%f0%9f%a4%8d%e2%9c%a8\/"]}]},{"@type":"ImageObject","inLanguage":"en-US","@id":"https:\/\/stilanddesign.se\/produkt\/randig-skjorta-i-linne-viskos-zabaione-%f0%9f%92%99%f0%9f%a4%8d%e2%9c%a8\/#primaryimage","url":"https:\/\/stilanddesign.se\/wp-content\/uploads\/2026\/03\/ChatGPT-Image-3-mars-2026-11_20_45.png","contentUrl":"https:\/\/stilanddesign.se\/wp-content\/uploads\/2026\/03\/ChatGPT-Image-3-mars-2026-11_20_45.png","width":1024,"height":1536},{"@type":"BreadcrumbList","@id":"https:\/\/stilanddesign.se\/produkt\/randig-skjorta-i-linne-viskos-zabaione-%f0%9f%92%99%f0%9f%a4%8d%e2%9c%a8\/#breadcrumb","itemListElement":[{"@type":"ListItem","position":1,"name":"Hem","item":"https:\/\/stilanddesign.se\/"},{"@type":"ListItem","position":2,"name":"Butiken","item":"https:\/\/stilanddesign.se\/butiken\/"},{"@type":"ListItem","position":3,"name":"Randig skjorta i linne\/viskos \u2013 Zabaione \ud83d\udc99\ud83e\udd0d\u2728"}]},{"@type":"WebSite","@id":"https:\/\/stilanddesign.se\/#website","url":"https:\/\/stilanddesign.se\/","name":"Style &amp; Design","description":"For those of us who love fashion!","publisher":{"@id":"https:\/\/stilanddesign.se\/#organization"},"potentialAction":[{"@type":"SearchAction","target":{"@type":"EntryPoint","urlTemplate":"https:\/\/stilanddesign.se\/?s={search_term_string}"},"query-input":{"@type":"PropertyValueSpecification","valueRequired":true,"valueName":"search_term_string"}}],"inLanguage":"en-US"},{"@type":"Organization","@id":"https:\/\/stilanddesign.se\/#organization","name":"Style &amp; Design","url":"https:\/\/stilanddesign.se\/","logo":{"@type":"ImageObject","inLanguage":"en-US","@id":"https:\/\/stilanddesign.se\/#\/schema\/logo\/image\/","url":"https:\/\/stilanddesign.se\/wp-content\/uploads\/2023\/12\/output-onlinepngtools-e1727784413220.png","contentUrl":"https:\/\/stilanddesign.se\/wp-content\/uploads\/2023\/12\/output-onlinepngtools-e1727784413220.png","width":519,"height":135,"caption":"Stil &amp; Design"},"image":{"@id":"https:\/\/stilanddesign.se\/#\/schema\/logo\/image\/"}}]}},"_links":{"self":[{"href":"https:\/\/stilanddesign.se\/en\/wp-json\/wp\/v2\/product\/1067552","targetHints":{"allow":["GET"]}}],"collection":[{"href":"https:\/\/stilanddesign.se\/en\/wp-json\/wp\/v2\/product"}],"about":[{"href":"https:\/\/stilanddesign.se\/en\/wp-json\/wp\/v2\/types\/product"}],"replies":[{"embeddable":true,"href":"https:\/\/stilanddesign.se\/en\/wp-json\/wp\/v2\/comments?post=1067552"}],"wp:featuredmedia":[{"embeddable":true,"href":"https:\/\/stilanddesign.se\/en\/wp-json\/wp\/v2\/media\/1067557"}],"wp:attachment":[{"href":"https:\/\/stilanddesign.se\/en\/wp-json\/wp\/v2\/media?parent=1067552"}],"wp:term":[{"taxonomy":"product_brand","embeddable":true,"href":"https:\/\/stilanddesign.se\/en\/wp-json\/wp\/v2\/product_brand?post=1067552"},{"taxonomy":"product_cat","embeddable":true,"href":"https:\/\/stilanddesign.se\/en\/wp-json\/wp\/v2\/product_cat?post=1067552"},{"taxonomy":"product_tag","embeddable":true,"href":"https:\/\/stilanddesign.se\/en\/wp-json\/wp\/v2\/product_tag?post=1067552"}],"curies":[{"name":"wp","href":"https:\/\/api.w.org\/{rel}","templated":true}]}}