{"id":1067468,"date":"2026-03-02T16:08:27","date_gmt":"2026-03-02T15:08:27","guid":{"rendered":"https:\/\/stilanddesign.se\/?post_type=product&#038;p=1067468"},"modified":"2026-04-15T13:11:27","modified_gmt":"2026-04-15T11:11:27","slug":"rosa-spetstopp-med-kort-arm-%f0%9f%92%97%e2%9c%a8","status":"publish","type":"product","link":"https:\/\/stilanddesign.se\/en\/product\/rosa-spetstopp-med-kort-arm-%f0%9f%92%97%e2%9c%a8\/","title":{"rendered":"Pink lace top with short sleeves \ud83d\udc97\u2728"},"content":{"rendered":"<p data-start=\"0\" data-end=\"294\"><strong data-start=\"0\" data-end=\"31\">Pink lace top with short sleeves<\/strong> \ud83d\udc97\u2728<br data-start=\"35\" data-end=\"38\" \/>A super nice and soft top in pink with beautiful lace that gives a feminine and luxurious feel \ud83d\ude0d The top is <strong data-start=\"137\" data-end=\"149\">v-neck<\/strong> with <strong data-start=\"154\" data-end=\"183\">lace around the neckline<\/strong>, has <strong data-start=\"189\" data-end=\"225\">short sleeves with lace trim at cuffs<\/strong> and a nice one <strong data-start=\"237\" data-end=\"265\">lace trim around the bottom<\/strong> for an extra stylish finish \ud83d\udcab<\/p>\n<p data-start=\"296\" data-end=\"370\">Perfect to wear as is with jeans\/skirt or under a jacket\/cardigan \ud83d\udc56\u2728<\/p>\n<p data-start=\"372\" data-end=\"477\">\u2705 V-neck with lace details<br data-start=\"400\" data-end=\"403\" \/>\u2705 Lace trim at the cuffs<br data-start=\"424\" data-end=\"427\" \/>\u2705 Lace trim at the bottom<br data-start=\"446\" data-end=\"449\" \/>\u2705 Soft, stretchy quality<\/p>\n<p data-start=\"479\" data-end=\"577\" data-is-last-node=\"\" data-is-only-node=\"\">\ud83d\udccc <strong data-start=\"482\" data-end=\"494\">Size:<\/strong> One size \u2013 spacious, fits approx. <strong data-start=\"524\" data-end=\"533\">34\u201344<\/strong><br data-start=\"533\" data-end=\"536\" \/><strong data-start=\"536\" data-end=\"549\" data-is-only-node=\"\">Material:<\/strong> 95% viscose | 5% elastane \ud83e\uddf5<\/p>\n<p>&nbsp;<\/p>\n<p>&nbsp;<\/p>","protected":false},"excerpt":{"rendered":"<p data-start=\"0\" data-end=\"294\"><strong data-start=\"0\" data-end=\"31\">Pink lace top with short sleeves<\/strong> \ud83d\udc97\u2728<br data-start=\"35\" data-end=\"38\" \/>A super nice and soft top in pink with beautiful lace that gives a feminine and luxurious feel \ud83d\ude0d The top is <strong data-start=\"137\" data-end=\"149\">v-neck<\/strong> with <strong data-start=\"154\" data-end=\"183\">lace around the neckline<\/strong>, has <strong data-start=\"189\" data-end=\"225\">short sleeves with lace trim at cuffs<\/strong> and a nice one <strong data-start=\"237\" data-end=\"265\">lace trim around the bottom<\/strong> for an extra stylish finish \ud83d\udcab<\/p>\n<p data-start=\"296\" data-end=\"370\">Perfect to wear as is with jeans\/skirt or under a jacket\/cardigan \ud83d\udc56\u2728<\/p>\n<p data-start=\"372\" data-end=\"477\">\u2705 V-neck with lace details<br data-start=\"400\" data-end=\"403\" \/>\u2705 Lace trim at the cuffs<br data-start=\"424\" data-end=\"427\" \/>\u2705 Lace trim at the bottom<br data-start=\"446\" data-end=\"449\" \/>\u2705 Soft, stretchy quality<\/p>\n<p data-start=\"479\" data-end=\"577\" data-is-last-node=\"\" data-is-only-node=\"\">\ud83d\udccc <strong data-start=\"482\" data-end=\"494\">Size:<\/strong> One size \u2013 spacious, fits approx. <strong data-start=\"524\" data-end=\"533\">34\u201344<\/strong><br data-start=\"533\" data-end=\"536\" \/><strong data-start=\"536\" data-end=\"549\" data-is-only-node=\"\">Material:<\/strong> 95% viscose | 5% elastane \ud83e\uddf5<\/p>","protected":false},"featured_media":1067467,"comment_status":"closed","ping_status":"closed","template":"","meta":[],"product_brand":[],"product_cat":[211,222],"product_tag":[],"class_list":{"0":"post-1067468","1":"product","2":"type-product","3":"status-publish","4":"has-post-thumbnail","6":"product_cat-blusar","7":"product_cat-toppar-tischor","9":"first","10":"instock","11":"taxable","12":"shipping-taxable","13":"purchasable","14":"product-type-variable"},"yoast_head":"<!-- This site is optimized with the Yoast SEO Premium plugin v27.1 (Yoast SEO v27.4) - https:\/\/yoast.com\/product\/yoast-seo-premium-wordpress\/ -->\n<title>Rosa spetstopp med kort \u00e4rm \ud83d\udc97\u2728 - Stil &amp; Design<\/title>\n<meta name=\"robots\" content=\"index, follow, max-snippet:-1, max-image-preview:large, max-video-preview:-1\" \/>\n<link rel=\"canonical\" href=\"https:\/\/stilanddesign.se\/en\/product\/rosa-spetstopp-med-kort-arm-\ud83d\udc97\u2728\/\" \/>\n<meta property=\"og:locale\" content=\"en_US\" \/>\n<meta property=\"og:type\" content=\"article\" \/>\n<meta property=\"og:title\" content=\"Rosa spetstopp med kort \u00e4rm \ud83d\udc97\u2728\" \/>\n<meta property=\"og:description\" content=\"Rosa spetstopp med kort \u00e4rm \ud83d\udc97\u2728En superfin och mjuk topp i rosa med vacker spets som ger en feminin och lyxig k\u00e4nsla \ud83d\ude0d Toppen \u00e4r v-ringad med spets runt halsringningen, har kort \u00e4rm med spetskant i \u00e4rmslut och en fin spetskant runtom nertill f\u00f6r en extra snygg finish \ud83d\udcab Perfekt att b\u00e4ra som den \u00e4r till jeans\/kjol eller under en kavaj\/kofta \ud83d\udc56\u2728 \u2705 V-ringad med spetsdetaljer\u2705 Spetskant i \u00e4rmslut\u2705 Spetskant nertill\u2705 Mjuk, stretchig kvalitet \ud83d\udccc Storlek: One size \u2013 rymlig, passar ca 34\u201344Material: 95% viscose | 5% elastan \ud83e\uddf5\" \/>\n<meta property=\"og:url\" content=\"https:\/\/stilanddesign.se\/en\/product\/rosa-spetstopp-med-kort-arm-\ud83d\udc97\u2728\/\" \/>\n<meta property=\"og:site_name\" content=\"Stil &amp; Design\" \/>\n<meta property=\"article:modified_time\" content=\"2026-04-15T11:11:27+00:00\" \/>\n<meta property=\"og:image\" content=\"https:\/\/stilanddesign.se\/wp-content\/uploads\/2026\/03\/66565.jpeg\" \/>\n\t<meta property=\"og:image:width\" content=\"428\" \/>\n\t<meta property=\"og:image:height\" content=\"640\" \/>\n\t<meta property=\"og:image:type\" content=\"image\/jpeg\" \/>\n<meta name=\"twitter:card\" content=\"summary_large_image\" \/>\n<meta name=\"twitter:label1\" content=\"Est. reading time\" \/>\n\t<meta name=\"twitter:data1\" content=\"1 minute\" \/>\n<script type=\"application\/ld+json\" class=\"yoast-schema-graph\">{\"@context\":\"https:\\\/\\\/schema.org\",\"@graph\":[{\"@type\":\"WebPage\",\"@id\":\"https:\\\/\\\/stilanddesign.se\\\/produkt\\\/rosa-spetstopp-med-kort-arm-%f0%9f%92%97%e2%9c%a8\\\/\",\"url\":\"https:\\\/\\\/stilanddesign.se\\\/produkt\\\/rosa-spetstopp-med-kort-arm-%f0%9f%92%97%e2%9c%a8\\\/\",\"name\":\"Rosa spetstopp med kort \u00e4rm \ud83d\udc97\u2728 - Stil &amp; Design\",\"isPartOf\":{\"@id\":\"https:\\\/\\\/stilanddesign.se\\\/#website\"},\"primaryImageOfPage\":{\"@id\":\"https:\\\/\\\/stilanddesign.se\\\/produkt\\\/rosa-spetstopp-med-kort-arm-%f0%9f%92%97%e2%9c%a8\\\/#primaryimage\"},\"image\":{\"@id\":\"https:\\\/\\\/stilanddesign.se\\\/produkt\\\/rosa-spetstopp-med-kort-arm-%f0%9f%92%97%e2%9c%a8\\\/#primaryimage\"},\"thumbnailUrl\":\"https:\\\/\\\/stilanddesign.se\\\/wp-content\\\/uploads\\\/2026\\\/03\\\/66565.jpeg\",\"datePublished\":\"2026-03-02T15:08:27+00:00\",\"dateModified\":\"2026-04-15T11:11:27+00:00\",\"breadcrumb\":{\"@id\":\"https:\\\/\\\/stilanddesign.se\\\/produkt\\\/rosa-spetstopp-med-kort-arm-%f0%9f%92%97%e2%9c%a8\\\/#breadcrumb\"},\"inLanguage\":\"en-US\",\"potentialAction\":[{\"@type\":\"ReadAction\",\"target\":[\"https:\\\/\\\/stilanddesign.se\\\/produkt\\\/rosa-spetstopp-med-kort-arm-%f0%9f%92%97%e2%9c%a8\\\/\"]}]},{\"@type\":\"ImageObject\",\"inLanguage\":\"en-US\",\"@id\":\"https:\\\/\\\/stilanddesign.se\\\/produkt\\\/rosa-spetstopp-med-kort-arm-%f0%9f%92%97%e2%9c%a8\\\/#primaryimage\",\"url\":\"https:\\\/\\\/stilanddesign.se\\\/wp-content\\\/uploads\\\/2026\\\/03\\\/66565.jpeg\",\"contentUrl\":\"https:\\\/\\\/stilanddesign.se\\\/wp-content\\\/uploads\\\/2026\\\/03\\\/66565.jpeg\",\"width\":428,\"height\":640,\"caption\":\"Rosa spetstopp med kort \u00e4rm\"},{\"@type\":\"BreadcrumbList\",\"@id\":\"https:\\\/\\\/stilanddesign.se\\\/produkt\\\/rosa-spetstopp-med-kort-arm-%f0%9f%92%97%e2%9c%a8\\\/#breadcrumb\",\"itemListElement\":[{\"@type\":\"ListItem\",\"position\":1,\"name\":\"Hem\",\"item\":\"https:\\\/\\\/stilanddesign.se\\\/\"},{\"@type\":\"ListItem\",\"position\":2,\"name\":\"Butiken\",\"item\":\"https:\\\/\\\/stilanddesign.se\\\/butiken\\\/\"},{\"@type\":\"ListItem\",\"position\":3,\"name\":\"Rosa spetstopp med kort \u00e4rm \ud83d\udc97\u2728\"}]},{\"@type\":\"WebSite\",\"@id\":\"https:\\\/\\\/stilanddesign.se\\\/#website\",\"url\":\"https:\\\/\\\/stilanddesign.se\\\/\",\"name\":\"Stil &amp; Design\",\"description\":\"F\u00f6r oss som \u00e4lskar mode!\",\"publisher\":{\"@id\":\"https:\\\/\\\/stilanddesign.se\\\/#organization\"},\"potentialAction\":[{\"@type\":\"SearchAction\",\"target\":{\"@type\":\"EntryPoint\",\"urlTemplate\":\"https:\\\/\\\/stilanddesign.se\\\/?s={search_term_string}\"},\"query-input\":{\"@type\":\"PropertyValueSpecification\",\"valueRequired\":true,\"valueName\":\"search_term_string\"}}],\"inLanguage\":\"en-US\"},{\"@type\":\"Organization\",\"@id\":\"https:\\\/\\\/stilanddesign.se\\\/#organization\",\"name\":\"Stil &amp; Design\",\"url\":\"https:\\\/\\\/stilanddesign.se\\\/\",\"logo\":{\"@type\":\"ImageObject\",\"inLanguage\":\"en-US\",\"@id\":\"https:\\\/\\\/stilanddesign.se\\\/#\\\/schema\\\/logo\\\/image\\\/\",\"url\":\"https:\\\/\\\/stilanddesign.se\\\/wp-content\\\/uploads\\\/2023\\\/12\\\/output-onlinepngtools-e1727784413220.png\",\"contentUrl\":\"https:\\\/\\\/stilanddesign.se\\\/wp-content\\\/uploads\\\/2023\\\/12\\\/output-onlinepngtools-e1727784413220.png\",\"width\":519,\"height\":135,\"caption\":\"Stil &amp; Design\"},\"image\":{\"@id\":\"https:\\\/\\\/stilanddesign.se\\\/#\\\/schema\\\/logo\\\/image\\\/\"}}]}<\/script>\n<!-- \/ Yoast SEO Premium plugin. -->","yoast_head_json":{"title":"Rosa spetstopp med kort \u00e4rm \ud83d\udc97\u2728 - Stil &amp; Design","robots":{"index":"index","follow":"follow","max-snippet":"max-snippet:-1","max-image-preview":"max-image-preview:large","max-video-preview":"max-video-preview:-1"},"canonical":"https:\/\/stilanddesign.se\/en\/product\/rosa-spetstopp-med-kort-arm-\ud83d\udc97\u2728\/","og_locale":"en_US","og_type":"article","og_title":"Rosa spetstopp med kort \u00e4rm \ud83d\udc97\u2728","og_description":"Rosa spetstopp med kort \u00e4rm \ud83d\udc97\u2728En superfin och mjuk topp i rosa med vacker spets som ger en feminin och lyxig k\u00e4nsla \ud83d\ude0d Toppen \u00e4r v-ringad med spets runt halsringningen, har kort \u00e4rm med spetskant i \u00e4rmslut och en fin spetskant runtom nertill f\u00f6r en extra snygg finish \ud83d\udcab Perfekt att b\u00e4ra som den \u00e4r till jeans\/kjol eller under en kavaj\/kofta \ud83d\udc56\u2728 \u2705 V-ringad med spetsdetaljer\u2705 Spetskant i \u00e4rmslut\u2705 Spetskant nertill\u2705 Mjuk, stretchig kvalitet \ud83d\udccc Storlek: One size \u2013 rymlig, passar ca 34\u201344Material: 95% viscose | 5% elastan \ud83e\uddf5","og_url":"https:\/\/stilanddesign.se\/en\/product\/rosa-spetstopp-med-kort-arm-\ud83d\udc97\u2728\/","og_site_name":"Stil &amp; Design","article_modified_time":"2026-04-15T11:11:27+00:00","og_image":[{"width":428,"height":640,"url":"https:\/\/stilanddesign.se\/wp-content\/uploads\/2026\/03\/66565.jpeg","type":"image\/jpeg"}],"twitter_card":"summary_large_image","twitter_misc":{"Est. reading time":"1 minute"},"schema":{"@context":"https:\/\/schema.org","@graph":[{"@type":"WebPage","@id":"https:\/\/stilanddesign.se\/produkt\/rosa-spetstopp-med-kort-arm-%f0%9f%92%97%e2%9c%a8\/","url":"https:\/\/stilanddesign.se\/produkt\/rosa-spetstopp-med-kort-arm-%f0%9f%92%97%e2%9c%a8\/","name":"Rosa spetstopp med kort \u00e4rm \ud83d\udc97\u2728 - Stil &amp; Design","isPartOf":{"@id":"https:\/\/stilanddesign.se\/#website"},"primaryImageOfPage":{"@id":"https:\/\/stilanddesign.se\/produkt\/rosa-spetstopp-med-kort-arm-%f0%9f%92%97%e2%9c%a8\/#primaryimage"},"image":{"@id":"https:\/\/stilanddesign.se\/produkt\/rosa-spetstopp-med-kort-arm-%f0%9f%92%97%e2%9c%a8\/#primaryimage"},"thumbnailUrl":"https:\/\/stilanddesign.se\/wp-content\/uploads\/2026\/03\/66565.jpeg","datePublished":"2026-03-02T15:08:27+00:00","dateModified":"2026-04-15T11:11:27+00:00","breadcrumb":{"@id":"https:\/\/stilanddesign.se\/produkt\/rosa-spetstopp-med-kort-arm-%f0%9f%92%97%e2%9c%a8\/#breadcrumb"},"inLanguage":"en-US","potentialAction":[{"@type":"ReadAction","target":["https:\/\/stilanddesign.se\/produkt\/rosa-spetstopp-med-kort-arm-%f0%9f%92%97%e2%9c%a8\/"]}]},{"@type":"ImageObject","inLanguage":"en-US","@id":"https:\/\/stilanddesign.se\/produkt\/rosa-spetstopp-med-kort-arm-%f0%9f%92%97%e2%9c%a8\/#primaryimage","url":"https:\/\/stilanddesign.se\/wp-content\/uploads\/2026\/03\/66565.jpeg","contentUrl":"https:\/\/stilanddesign.se\/wp-content\/uploads\/2026\/03\/66565.jpeg","width":428,"height":640,"caption":"Rosa spetstopp med kort \u00e4rm"},{"@type":"BreadcrumbList","@id":"https:\/\/stilanddesign.se\/produkt\/rosa-spetstopp-med-kort-arm-%f0%9f%92%97%e2%9c%a8\/#breadcrumb","itemListElement":[{"@type":"ListItem","position":1,"name":"Hem","item":"https:\/\/stilanddesign.se\/"},{"@type":"ListItem","position":2,"name":"Butiken","item":"https:\/\/stilanddesign.se\/butiken\/"},{"@type":"ListItem","position":3,"name":"Rosa spetstopp med kort \u00e4rm \ud83d\udc97\u2728"}]},{"@type":"WebSite","@id":"https:\/\/stilanddesign.se\/#website","url":"https:\/\/stilanddesign.se\/","name":"Style &amp; Design","description":"For those of us who love fashion!","publisher":{"@id":"https:\/\/stilanddesign.se\/#organization"},"potentialAction":[{"@type":"SearchAction","target":{"@type":"EntryPoint","urlTemplate":"https:\/\/stilanddesign.se\/?s={search_term_string}"},"query-input":{"@type":"PropertyValueSpecification","valueRequired":true,"valueName":"search_term_string"}}],"inLanguage":"en-US"},{"@type":"Organization","@id":"https:\/\/stilanddesign.se\/#organization","name":"Style &amp; Design","url":"https:\/\/stilanddesign.se\/","logo":{"@type":"ImageObject","inLanguage":"en-US","@id":"https:\/\/stilanddesign.se\/#\/schema\/logo\/image\/","url":"https:\/\/stilanddesign.se\/wp-content\/uploads\/2023\/12\/output-onlinepngtools-e1727784413220.png","contentUrl":"https:\/\/stilanddesign.se\/wp-content\/uploads\/2023\/12\/output-onlinepngtools-e1727784413220.png","width":519,"height":135,"caption":"Stil &amp; Design"},"image":{"@id":"https:\/\/stilanddesign.se\/#\/schema\/logo\/image\/"}}]}},"_links":{"self":[{"href":"https:\/\/stilanddesign.se\/en\/wp-json\/wp\/v2\/product\/1067468","targetHints":{"allow":["GET"]}}],"collection":[{"href":"https:\/\/stilanddesign.se\/en\/wp-json\/wp\/v2\/product"}],"about":[{"href":"https:\/\/stilanddesign.se\/en\/wp-json\/wp\/v2\/types\/product"}],"replies":[{"embeddable":true,"href":"https:\/\/stilanddesign.se\/en\/wp-json\/wp\/v2\/comments?post=1067468"}],"wp:featuredmedia":[{"embeddable":true,"href":"https:\/\/stilanddesign.se\/en\/wp-json\/wp\/v2\/media\/1067467"}],"wp:attachment":[{"href":"https:\/\/stilanddesign.se\/en\/wp-json\/wp\/v2\/media?parent=1067468"}],"wp:term":[{"taxonomy":"product_brand","embeddable":true,"href":"https:\/\/stilanddesign.se\/en\/wp-json\/wp\/v2\/product_brand?post=1067468"},{"taxonomy":"product_cat","embeddable":true,"href":"https:\/\/stilanddesign.se\/en\/wp-json\/wp\/v2\/product_cat?post=1067468"},{"taxonomy":"product_tag","embeddable":true,"href":"https:\/\/stilanddesign.se\/en\/wp-json\/wp\/v2\/product_tag?post=1067468"}],"curies":[{"name":"wp","href":"https:\/\/api.w.org\/{rel}","templated":true}]}}