{"id":1067230,"date":"2026-02-27T15:46:02","date_gmt":"2026-02-27T14:46:02","guid":{"rendered":"https:\/\/stilanddesign.se\/?post_type=product&#038;p=1067230"},"modified":"2026-04-16T15:58:04","modified_gmt":"2026-04-16T13:58:04","slug":"jeansshorts-i-stretch-zabaione-%f0%9f%91%96%e2%9c%a8","status":"publish","type":"product","link":"https:\/\/stilanddesign.se\/en\/product\/jeansshorts-i-stretch-zabaione-%f0%9f%91%96%e2%9c%a8\/","title":{"rendered":"Denim shorts in stretch \u2013 Zabaione \ud83d\udc56\u2728"},"content":{"rendered":"<article class=\"text-token-text-primary w-full focus:outline-none [--shadow-height:45px] has-data-writing-block:pointer-events-none has-data-writing-block:-mt-(--shadow-height) has-data-writing-block:pt-(--shadow-height) [&amp;:has([data-writing-block])&gt;*]:pointer-events-auto scroll-mt-(--header-height)\" dir=\"auto\" tabindex=\"-1\" data-turn-id=\"0b4dca5c-0a06-4dd0-9354-33f3e6a29419\" data-testid=\"conversation-turn-151\" data-scroll-anchor=\"false\" data-turn=\"user\"><\/article>\n<article class=\"text-token-text-primary w-full focus:outline-none [--shadow-height:45px] has-data-writing-block:pointer-events-none has-data-writing-block:-mt-(--shadow-height) has-data-writing-block:pt-(--shadow-height) [&amp;:has([data-writing-block])&gt;*]:pointer-events-auto scroll-mt-[calc(var(--header-height)+min(200px,max(70px,20svh)))]\" dir=\"auto\" tabindex=\"-1\" data-turn-id=\"request-6996d4f6-9504-8327-92cd-dd6b5b61765c-5\" data-testid=\"conversation-turn-152\" data-scroll-anchor=\"true\" data-turn=\"assistant\">\n<div class=\"text-base my-auto mx-auto pb-10 [--thread-content-margin:--spacing(4)] @w-sm\/main:[--thread-content-margin:--spacing(6)] @w-lg\/main:[--thread-content-margin:--spacing(16)] px-(--thread-content-margin)\">\n<div class=\"[--thread-content-max-width:40rem] @w-lg\/main:[--thread-content-max-width:48rem] mx-auto max-w-(--thread-content-max-width) flex-1 group\/turn-messages focus-visible:outline-hidden relative flex w-full min-w-0 flex-col agent-turn\" tabindex=\"-1\">\n<div class=\"flex max-w-full flex-col grow\">\n<div class=\"min-h-8 text-message relative flex w-full flex-col items-end gap-2 text-start break-words whitespace-normal [.text-message+&amp;]:mt-1\" dir=\"auto\" data-message-author-role=\"assistant\" data-message-id=\"c8cb340e-b449-4f40-8943-c11f3d0b16a5\" data-message-model-slug=\"gpt-5-2-thinking\">\n<div class=\"flex w-full flex-col gap-1 empty:hidden first:pt-[1px]\">\n<div class=\"markdown prose dark:prose-invert w-full wrap-break-word light markdown-new-styling\">\n<p data-start=\"0\" data-end=\"252\"><strong data-start=\"0\" data-end=\"36\">Jeansshorts i stretch \u2013 Zabaione<\/strong> \ud83d\udc56\u2728<br data-start=\"40\" data-end=\"43\" \/>Supersk\u00f6na jeansshorts i en klassisk bl\u00e5 tv\u00e4tt med lagom stretch \u2013 perfekta f\u00f6r sommarens alla dagar \u2600\ufe0f\ud83d\ude0d Shortsen har en sk\u00f6n passform, snygga fickor och uppvikta benslut f\u00f6r en avslappnad men stilren look \ud83d\udc4c<\/p>\n<p data-start=\"254\" data-end=\"350\">L\u00e4tta att matcha med t-shirt, linne eller skjorta \u2013 sneakers eller sandaler funkar lika bra \ud83d\udc5f\ud83e\ude74<\/p>\n<p data-start=\"352\" data-end=\"438\">\u2705 Klassisk jeanslook<br data-start=\"372\" data-end=\"375\" \/>\u2705 Bekv\u00e4m stretch<br data-start=\"391\" data-end=\"394\" \/>\u2705 Snygga fickdetaljer<br data-start=\"415\" data-end=\"418\" \/>\u2705 Uppvikta benslut<\/p>\n<p data-start=\"440\" data-end=\"557\" data-is-last-node=\"\" data-is-only-node=\"\">\ud83d\udccc <strong data-start=\"443\" data-end=\"457\">Storlekar:<\/strong> 34\u201344<br data-start=\"463\" data-end=\"466\" \/><strong data-start=\"466\" data-end=\"479\">Material:<\/strong> 70% bomull | 25% polyester | 3% viskos | 2% elastan \ud83e\uddf5<br data-start=\"534\" data-end=\"537\" \/><strong data-start=\"537\" data-end=\"550\">Tv\u00e4ttr\u00e5d:<\/strong> 30\u00b0 \ud83e\uddfa<\/p>\n<\/div>\n<\/div>\n<\/div>\n<\/div>\n<\/div>\n<\/div>\n<\/article>\n","protected":false},"excerpt":{"rendered":"<article class=\"text-token-text-primary w-full focus:outline-none [--shadow-height:45px] has-data-writing-block:pointer-events-none has-data-writing-block:-mt-(--shadow-height) has-data-writing-block:pt-(--shadow-height) [&amp;:has([data-writing-block])&gt;*]:pointer-events-auto scroll-mt-(--header-height)\" dir=\"auto\" tabindex=\"-1\" data-turn-id=\"0b4dca5c-0a06-4dd0-9354-33f3e6a29419\" data-testid=\"conversation-turn-151\" data-scroll-anchor=\"false\" data-turn=\"user\"><\/article>\n<article class=\"text-token-text-primary w-full focus:outline-none [--shadow-height:45px] has-data-writing-block:pointer-events-none has-data-writing-block:-mt-(--shadow-height) has-data-writing-block:pt-(--shadow-height) [&amp;:has([data-writing-block])&gt;*]:pointer-events-auto scroll-mt-[calc(var(--header-height)+min(200px,max(70px,20svh)))]\" dir=\"auto\" tabindex=\"-1\" data-turn-id=\"request-6996d4f6-9504-8327-92cd-dd6b5b61765c-5\" data-testid=\"conversation-turn-152\" data-scroll-anchor=\"true\" data-turn=\"assistant\">\n<div class=\"text-base my-auto mx-auto pb-10 [--thread-content-margin:--spacing(4)] @w-sm\/main:[--thread-content-margin:--spacing(6)] @w-lg\/main:[--thread-content-margin:--spacing(16)] px-(--thread-content-margin)\">\n<div class=\"[--thread-content-max-width:40rem] @w-lg\/main:[--thread-content-max-width:48rem] mx-auto max-w-(--thread-content-max-width) flex-1 group\/turn-messages focus-visible:outline-hidden relative flex w-full min-w-0 flex-col agent-turn\" tabindex=\"-1\">\n<div class=\"flex max-w-full flex-col grow\">\n<div class=\"min-h-8 text-message relative flex w-full flex-col items-end gap-2 text-start break-words whitespace-normal [.text-message+&amp;]:mt-1\" dir=\"auto\" data-message-author-role=\"assistant\" data-message-id=\"c8cb340e-b449-4f40-8943-c11f3d0b16a5\" data-message-model-slug=\"gpt-5-2-thinking\">\n<div class=\"flex w-full flex-col gap-1 empty:hidden first:pt-[1px]\">\n<div class=\"markdown prose dark:prose-invert w-full wrap-break-word light markdown-new-styling\">\n<p data-start=\"0\" data-end=\"252\"><strong data-start=\"0\" data-end=\"36\">Jeansshorts i stretch \u2013 Zabaione<\/strong> \ud83d\udc56\u2728<br data-start=\"40\" data-end=\"43\" \/>Supersk\u00f6na jeansshorts i en klassisk bl\u00e5 tv\u00e4tt med lagom stretch \u2013 perfekta f\u00f6r sommarens alla dagar \u2600\ufe0f\ud83d\ude0d Shortsen har en sk\u00f6n passform, snygga fickor och uppvikta benslut f\u00f6r en avslappnad men stilren look \ud83d\udc4c<\/p>\n<p data-start=\"254\" data-end=\"350\">L\u00e4tta att matcha med t-shirt, linne eller skjorta \u2013 sneakers eller sandaler funkar lika bra \ud83d\udc5f\ud83e\ude74<\/p>\n<p data-start=\"352\" data-end=\"438\">\u2705 Klassisk jeanslook<br data-start=\"372\" data-end=\"375\" \/>\u2705 Bekv\u00e4m stretch<br data-start=\"391\" data-end=\"394\" \/>\u2705 Snygga fickdetaljer<br data-start=\"415\" data-end=\"418\" \/>\u2705 Uppvikta benslut<\/p>\n<p data-start=\"440\" data-end=\"557\" data-is-last-node=\"\" data-is-only-node=\"\">\ud83d\udccc <strong data-start=\"443\" data-end=\"457\">Storlekar:<\/strong> 34\u201344<br data-start=\"463\" data-end=\"466\" \/><strong data-start=\"466\" data-end=\"479\">Material:<\/strong> 70% bomull | 25% polyester | 3% viskos | 2% elastan \ud83e\uddf5<br data-start=\"534\" data-end=\"537\" \/><strong data-start=\"537\" data-end=\"550\">Tv\u00e4ttr\u00e5d:<\/strong> 30\u00b0 \ud83e\uddfa<\/p>\n<\/div>\n<\/div>\n<\/div>\n<\/div>\n<\/div>\n<\/div>\n<\/article>\n","protected":false},"featured_media":1067252,"comment_status":"closed","ping_status":"closed","template":"","meta":[],"product_brand":[],"product_cat":[229],"product_tag":[],"class_list":{"0":"post-1067230","1":"product","2":"type-product","3":"status-publish","4":"has-post-thumbnail","6":"product_cat-shorts","8":"first","9":"instock","10":"taxable","11":"shipping-taxable","12":"purchasable","13":"product-type-variable"},"yoast_head":"<!-- This site is optimized with the Yoast SEO Premium plugin v27.1 (Yoast SEO v27.4) - https:\/\/yoast.com\/product\/yoast-seo-premium-wordpress\/ -->\n<title>Jeansshorts i stretch \u2013 Zabaione \ud83d\udc56\u2728 - Stil &amp; Design<\/title>\n<meta name=\"robots\" content=\"index, follow, max-snippet:-1, max-image-preview:large, max-video-preview:-1\" \/>\n<link rel=\"canonical\" href=\"https:\/\/stilanddesign.se\/en\/product\/jeansshorts-i-stretch-zabaione-\ud83d\udc56\u2728\/\" \/>\n<meta property=\"og:locale\" content=\"en_US\" \/>\n<meta property=\"og:type\" content=\"article\" \/>\n<meta property=\"og:title\" content=\"Jeansshorts i stretch \u2013 Zabaione \ud83d\udc56\u2728\" \/>\n<meta property=\"og:description\" content=\"Jeansshorts i stretch \u2013 Zabaione \ud83d\udc56\u2728Supersk\u00f6na jeansshorts i en klassisk bl\u00e5 tv\u00e4tt med lagom stretch \u2013 perfekta f\u00f6r sommarens alla dagar \u2600\ufe0f\ud83d\ude0d Shortsen har en sk\u00f6n passform, snygga fickor och uppvikta benslut f\u00f6r en avslappnad men stilren look \ud83d\udc4c L\u00e4tta att matcha med t-shirt, linne eller skjorta \u2013 sneakers eller sandaler funkar lika bra \ud83d\udc5f\ud83e\ude74 \u2705 Klassisk jeanslook\u2705 Bekv\u00e4m stretch\u2705 Snygga fickdetaljer\u2705 Uppvikta benslut \ud83d\udccc Storlekar: 34\u201344Material: 70% bomull | 25% polyester | 3% viskos | 2% elastan \ud83e\uddf5Tv\u00e4ttr\u00e5d: 30\u00b0 \ud83e\uddfa\" \/>\n<meta property=\"og:url\" content=\"https:\/\/stilanddesign.se\/en\/product\/jeansshorts-i-stretch-zabaione-\ud83d\udc56\u2728\/\" \/>\n<meta property=\"og:site_name\" content=\"Stil &amp; Design\" \/>\n<meta property=\"article:modified_time\" content=\"2026-04-16T13:58:04+00:00\" \/>\n<meta property=\"og:image\" content=\"https:\/\/stilanddesign.se\/wp-content\/uploads\/2026\/02\/0fddada0-19d8-418c-903e-d2acacee78eb.jpg\" \/>\n\t<meta property=\"og:image:width\" content=\"1440\" \/>\n\t<meta property=\"og:image:height\" content=\"1920\" \/>\n\t<meta property=\"og:image:type\" content=\"image\/jpeg\" \/>\n<meta name=\"twitter:card\" content=\"summary_large_image\" \/>\n<meta name=\"twitter:label1\" content=\"Est. reading time\" \/>\n\t<meta name=\"twitter:data1\" content=\"1 minute\" \/>\n<script type=\"application\/ld+json\" class=\"yoast-schema-graph\">{\"@context\":\"https:\\\/\\\/schema.org\",\"@graph\":[{\"@type\":\"WebPage\",\"@id\":\"https:\\\/\\\/stilanddesign.se\\\/produkt\\\/jeansshorts-i-stretch-zabaione-%f0%9f%91%96%e2%9c%a8\\\/\",\"url\":\"https:\\\/\\\/stilanddesign.se\\\/produkt\\\/jeansshorts-i-stretch-zabaione-%f0%9f%91%96%e2%9c%a8\\\/\",\"name\":\"Jeansshorts i stretch \u2013 Zabaione \ud83d\udc56\u2728 - Stil &amp; Design\",\"isPartOf\":{\"@id\":\"https:\\\/\\\/stilanddesign.se\\\/#website\"},\"primaryImageOfPage\":{\"@id\":\"https:\\\/\\\/stilanddesign.se\\\/produkt\\\/jeansshorts-i-stretch-zabaione-%f0%9f%91%96%e2%9c%a8\\\/#primaryimage\"},\"image\":{\"@id\":\"https:\\\/\\\/stilanddesign.se\\\/produkt\\\/jeansshorts-i-stretch-zabaione-%f0%9f%91%96%e2%9c%a8\\\/#primaryimage\"},\"thumbnailUrl\":\"https:\\\/\\\/stilanddesign.se\\\/wp-content\\\/uploads\\\/2026\\\/02\\\/0fddada0-19d8-418c-903e-d2acacee78eb.jpg\",\"datePublished\":\"2026-02-27T14:46:02+00:00\",\"dateModified\":\"2026-04-16T13:58:04+00:00\",\"breadcrumb\":{\"@id\":\"https:\\\/\\\/stilanddesign.se\\\/produkt\\\/jeansshorts-i-stretch-zabaione-%f0%9f%91%96%e2%9c%a8\\\/#breadcrumb\"},\"inLanguage\":\"en-US\",\"potentialAction\":[{\"@type\":\"ReadAction\",\"target\":[\"https:\\\/\\\/stilanddesign.se\\\/produkt\\\/jeansshorts-i-stretch-zabaione-%f0%9f%91%96%e2%9c%a8\\\/\"]}]},{\"@type\":\"ImageObject\",\"inLanguage\":\"en-US\",\"@id\":\"https:\\\/\\\/stilanddesign.se\\\/produkt\\\/jeansshorts-i-stretch-zabaione-%f0%9f%91%96%e2%9c%a8\\\/#primaryimage\",\"url\":\"https:\\\/\\\/stilanddesign.se\\\/wp-content\\\/uploads\\\/2026\\\/02\\\/0fddada0-19d8-418c-903e-d2acacee78eb.jpg\",\"contentUrl\":\"https:\\\/\\\/stilanddesign.se\\\/wp-content\\\/uploads\\\/2026\\\/02\\\/0fddada0-19d8-418c-903e-d2acacee78eb.jpg\",\"width\":1440,\"height\":1920},{\"@type\":\"BreadcrumbList\",\"@id\":\"https:\\\/\\\/stilanddesign.se\\\/produkt\\\/jeansshorts-i-stretch-zabaione-%f0%9f%91%96%e2%9c%a8\\\/#breadcrumb\",\"itemListElement\":[{\"@type\":\"ListItem\",\"position\":1,\"name\":\"Hem\",\"item\":\"https:\\\/\\\/stilanddesign.se\\\/\"},{\"@type\":\"ListItem\",\"position\":2,\"name\":\"Butiken\",\"item\":\"https:\\\/\\\/stilanddesign.se\\\/butiken\\\/\"},{\"@type\":\"ListItem\",\"position\":3,\"name\":\"Jeansshorts i stretch \u2013 Zabaione \ud83d\udc56\u2728\"}]},{\"@type\":\"WebSite\",\"@id\":\"https:\\\/\\\/stilanddesign.se\\\/#website\",\"url\":\"https:\\\/\\\/stilanddesign.se\\\/\",\"name\":\"Stil &amp; Design\",\"description\":\"F\u00f6r oss som \u00e4lskar mode!\",\"publisher\":{\"@id\":\"https:\\\/\\\/stilanddesign.se\\\/#organization\"},\"potentialAction\":[{\"@type\":\"SearchAction\",\"target\":{\"@type\":\"EntryPoint\",\"urlTemplate\":\"https:\\\/\\\/stilanddesign.se\\\/?s={search_term_string}\"},\"query-input\":{\"@type\":\"PropertyValueSpecification\",\"valueRequired\":true,\"valueName\":\"search_term_string\"}}],\"inLanguage\":\"en-US\"},{\"@type\":\"Organization\",\"@id\":\"https:\\\/\\\/stilanddesign.se\\\/#organization\",\"name\":\"Stil &amp; Design\",\"url\":\"https:\\\/\\\/stilanddesign.se\\\/\",\"logo\":{\"@type\":\"ImageObject\",\"inLanguage\":\"en-US\",\"@id\":\"https:\\\/\\\/stilanddesign.se\\\/#\\\/schema\\\/logo\\\/image\\\/\",\"url\":\"https:\\\/\\\/stilanddesign.se\\\/wp-content\\\/uploads\\\/2023\\\/12\\\/output-onlinepngtools-e1727784413220.png\",\"contentUrl\":\"https:\\\/\\\/stilanddesign.se\\\/wp-content\\\/uploads\\\/2023\\\/12\\\/output-onlinepngtools-e1727784413220.png\",\"width\":519,\"height\":135,\"caption\":\"Stil &amp; Design\"},\"image\":{\"@id\":\"https:\\\/\\\/stilanddesign.se\\\/#\\\/schema\\\/logo\\\/image\\\/\"}}]}<\/script>\n<!-- \/ Yoast SEO Premium plugin. -->","yoast_head_json":{"title":"Jeansshorts i stretch \u2013 Zabaione \ud83d\udc56\u2728 - Stil &amp; Design","robots":{"index":"index","follow":"follow","max-snippet":"max-snippet:-1","max-image-preview":"max-image-preview:large","max-video-preview":"max-video-preview:-1"},"canonical":"https:\/\/stilanddesign.se\/en\/product\/jeansshorts-i-stretch-zabaione-\ud83d\udc56\u2728\/","og_locale":"en_US","og_type":"article","og_title":"Jeansshorts i stretch \u2013 Zabaione \ud83d\udc56\u2728","og_description":"Jeansshorts i stretch \u2013 Zabaione \ud83d\udc56\u2728Supersk\u00f6na jeansshorts i en klassisk bl\u00e5 tv\u00e4tt med lagom stretch \u2013 perfekta f\u00f6r sommarens alla dagar \u2600\ufe0f\ud83d\ude0d Shortsen har en sk\u00f6n passform, snygga fickor och uppvikta benslut f\u00f6r en avslappnad men stilren look \ud83d\udc4c L\u00e4tta att matcha med t-shirt, linne eller skjorta \u2013 sneakers eller sandaler funkar lika bra \ud83d\udc5f\ud83e\ude74 \u2705 Klassisk jeanslook\u2705 Bekv\u00e4m stretch\u2705 Snygga fickdetaljer\u2705 Uppvikta benslut \ud83d\udccc Storlekar: 34\u201344Material: 70% bomull | 25% polyester | 3% viskos | 2% elastan \ud83e\uddf5Tv\u00e4ttr\u00e5d: 30\u00b0 \ud83e\uddfa","og_url":"https:\/\/stilanddesign.se\/en\/product\/jeansshorts-i-stretch-zabaione-\ud83d\udc56\u2728\/","og_site_name":"Stil &amp; Design","article_modified_time":"2026-04-16T13:58:04+00:00","og_image":[{"width":1440,"height":1920,"url":"https:\/\/stilanddesign.se\/wp-content\/uploads\/2026\/02\/0fddada0-19d8-418c-903e-d2acacee78eb.jpg","type":"image\/jpeg"}],"twitter_card":"summary_large_image","twitter_misc":{"Est. reading time":"1 minute"},"schema":{"@context":"https:\/\/schema.org","@graph":[{"@type":"WebPage","@id":"https:\/\/stilanddesign.se\/produkt\/jeansshorts-i-stretch-zabaione-%f0%9f%91%96%e2%9c%a8\/","url":"https:\/\/stilanddesign.se\/produkt\/jeansshorts-i-stretch-zabaione-%f0%9f%91%96%e2%9c%a8\/","name":"Jeansshorts i stretch \u2013 Zabaione \ud83d\udc56\u2728 - Stil &amp; Design","isPartOf":{"@id":"https:\/\/stilanddesign.se\/#website"},"primaryImageOfPage":{"@id":"https:\/\/stilanddesign.se\/produkt\/jeansshorts-i-stretch-zabaione-%f0%9f%91%96%e2%9c%a8\/#primaryimage"},"image":{"@id":"https:\/\/stilanddesign.se\/produkt\/jeansshorts-i-stretch-zabaione-%f0%9f%91%96%e2%9c%a8\/#primaryimage"},"thumbnailUrl":"https:\/\/stilanddesign.se\/wp-content\/uploads\/2026\/02\/0fddada0-19d8-418c-903e-d2acacee78eb.jpg","datePublished":"2026-02-27T14:46:02+00:00","dateModified":"2026-04-16T13:58:04+00:00","breadcrumb":{"@id":"https:\/\/stilanddesign.se\/produkt\/jeansshorts-i-stretch-zabaione-%f0%9f%91%96%e2%9c%a8\/#breadcrumb"},"inLanguage":"en-US","potentialAction":[{"@type":"ReadAction","target":["https:\/\/stilanddesign.se\/produkt\/jeansshorts-i-stretch-zabaione-%f0%9f%91%96%e2%9c%a8\/"]}]},{"@type":"ImageObject","inLanguage":"en-US","@id":"https:\/\/stilanddesign.se\/produkt\/jeansshorts-i-stretch-zabaione-%f0%9f%91%96%e2%9c%a8\/#primaryimage","url":"https:\/\/stilanddesign.se\/wp-content\/uploads\/2026\/02\/0fddada0-19d8-418c-903e-d2acacee78eb.jpg","contentUrl":"https:\/\/stilanddesign.se\/wp-content\/uploads\/2026\/02\/0fddada0-19d8-418c-903e-d2acacee78eb.jpg","width":1440,"height":1920},{"@type":"BreadcrumbList","@id":"https:\/\/stilanddesign.se\/produkt\/jeansshorts-i-stretch-zabaione-%f0%9f%91%96%e2%9c%a8\/#breadcrumb","itemListElement":[{"@type":"ListItem","position":1,"name":"Hem","item":"https:\/\/stilanddesign.se\/"},{"@type":"ListItem","position":2,"name":"Butiken","item":"https:\/\/stilanddesign.se\/butiken\/"},{"@type":"ListItem","position":3,"name":"Jeansshorts i stretch \u2013 Zabaione \ud83d\udc56\u2728"}]},{"@type":"WebSite","@id":"https:\/\/stilanddesign.se\/#website","url":"https:\/\/stilanddesign.se\/","name":"Style &amp; Design","description":"For those of us who love fashion!","publisher":{"@id":"https:\/\/stilanddesign.se\/#organization"},"potentialAction":[{"@type":"SearchAction","target":{"@type":"EntryPoint","urlTemplate":"https:\/\/stilanddesign.se\/?s={search_term_string}"},"query-input":{"@type":"PropertyValueSpecification","valueRequired":true,"valueName":"search_term_string"}}],"inLanguage":"en-US"},{"@type":"Organization","@id":"https:\/\/stilanddesign.se\/#organization","name":"Style &amp; Design","url":"https:\/\/stilanddesign.se\/","logo":{"@type":"ImageObject","inLanguage":"en-US","@id":"https:\/\/stilanddesign.se\/#\/schema\/logo\/image\/","url":"https:\/\/stilanddesign.se\/wp-content\/uploads\/2023\/12\/output-onlinepngtools-e1727784413220.png","contentUrl":"https:\/\/stilanddesign.se\/wp-content\/uploads\/2023\/12\/output-onlinepngtools-e1727784413220.png","width":519,"height":135,"caption":"Stil &amp; Design"},"image":{"@id":"https:\/\/stilanddesign.se\/#\/schema\/logo\/image\/"}}]}},"_links":{"self":[{"href":"https:\/\/stilanddesign.se\/en\/wp-json\/wp\/v2\/product\/1067230","targetHints":{"allow":["GET"]}}],"collection":[{"href":"https:\/\/stilanddesign.se\/en\/wp-json\/wp\/v2\/product"}],"about":[{"href":"https:\/\/stilanddesign.se\/en\/wp-json\/wp\/v2\/types\/product"}],"replies":[{"embeddable":true,"href":"https:\/\/stilanddesign.se\/en\/wp-json\/wp\/v2\/comments?post=1067230"}],"wp:featuredmedia":[{"embeddable":true,"href":"https:\/\/stilanddesign.se\/en\/wp-json\/wp\/v2\/media\/1067252"}],"wp:attachment":[{"href":"https:\/\/stilanddesign.se\/en\/wp-json\/wp\/v2\/media?parent=1067230"}],"wp:term":[{"taxonomy":"product_brand","embeddable":true,"href":"https:\/\/stilanddesign.se\/en\/wp-json\/wp\/v2\/product_brand?post=1067230"},{"taxonomy":"product_cat","embeddable":true,"href":"https:\/\/stilanddesign.se\/en\/wp-json\/wp\/v2\/product_cat?post=1067230"},{"taxonomy":"product_tag","embeddable":true,"href":"https:\/\/stilanddesign.se\/en\/wp-json\/wp\/v2\/product_tag?post=1067230"}],"curies":[{"name":"wp","href":"https:\/\/api.w.org\/{rel}","templated":true}]}}