{"id":1067223,"date":"2026-04-13T10:16:09","date_gmt":"2026-04-13T08:16:09","guid":{"rendered":"https:\/\/stilanddesign.se\/?post_type=product&#038;p=1067223"},"modified":"2026-04-13T14:51:34","modified_gmt":"2026-04-13T12:51:34","slug":"stickad-troja-med-monster-zabaione-%f0%9f%a4%8d%f0%9f%96%a4%e2%9c%a8","status":"publish","type":"product","link":"https:\/\/stilanddesign.se\/en\/product\/stickad-troja-med-monster-zabaione-%f0%9f%a4%8d%f0%9f%96%a4%e2%9c%a8\/","title":{"rendered":"Knitted sweater with pattern \u2013 Zabaione \ud83e\udd0d\ud83d\udda4\u2728"},"content":{"rendered":"<p data-start=\"0\" data-end=\"303\"><strong data-start=\"0\" data-end=\"40\">Knitted sweater with pattern \u2013 Zabaione<\/strong> \ud83e\udd0d\ud83d\udda4\u2728<br data-start=\"46\" data-end=\"49\" \/>A stylish and comfortable knitted sweater with a graphic pattern in black\/white that gives a modern and stylish look \ud83d\ude0d The sweater has <strong data-start=\"166\" data-end=\"181\">rounded neck<\/strong>, a relaxed fit and <strong data-start=\"210\" data-end=\"226\">half-short sleeve<\/strong> with ribbed edges - perfect to wear all year round, both with jeans and skirts \ud83d\udc56\ud83d\udcab<\/p>\n<p data-start=\"305\" data-end=\"419\">\u2705 Round neck<br data-start=\"316\" data-end=\"319\" \/>\u2705 Stylish pattern in black\/beige<br data-start=\"348\" data-end=\"351\" data-is-only-node=\"\" \/>\u2705 Relaxed fit<br data-start=\"372\" data-end=\"375\" \/>\u2705 Ribbed edges at neck, sleeves &amp; hem<\/p>\n<p data-start=\"421\" data-end=\"530\" data-is-last-node=\"\" data-is-only-node=\"\">\ud83d\udccc <strong data-start=\"424\" data-end=\"438\">Sizes:<\/strong> S\/M \u2013 M\/L \u2013 L\/XL<br data-start=\"455\" data-end=\"458\" \/><strong data-start=\"458\" data-end=\"471\">Material:<\/strong> 50% cotton | 50% polyacrylic \ud83e\uddf5<br data-start=\"501\" data-end=\"504\" \/><strong data-start=\"504\" data-end=\"517\">Washing instructions:<\/strong> Hand washing \ud83e\uddfa<\/p>","protected":false},"excerpt":{"rendered":"<p data-start=\"0\" data-end=\"303\"><strong data-start=\"0\" data-end=\"40\">Knitted sweater with pattern \u2013 Zabaione<\/strong> \ud83e\udd0d\ud83d\udda4\u2728<br data-start=\"46\" data-end=\"49\" \/>A stylish and comfortable knitted sweater with a graphic pattern in black\/white that gives a modern and stylish look \ud83d\ude0d The sweater has <strong data-start=\"166\" data-end=\"181\">rounded neck<\/strong>, a relaxed fit and <strong data-start=\"210\" data-end=\"226\">half-short sleeve<\/strong> with ribbed edges - perfect to wear all year round, both with jeans and skirts \ud83d\udc56\ud83d\udcab<\/p>\n<p data-start=\"305\" data-end=\"419\">\u2705 Round neck<br data-start=\"316\" data-end=\"319\" \/>\u2705 Stylish pattern in black\/beige<br data-start=\"348\" data-end=\"351\" data-is-only-node=\"\" \/>\u2705 Relaxed fit<br data-start=\"372\" data-end=\"375\" \/>\u2705 Ribbed edges at neck, sleeves &amp; hem<\/p>\n<p data-start=\"421\" data-end=\"530\" data-is-last-node=\"\" data-is-only-node=\"\">\ud83d\udccc <strong data-start=\"424\" data-end=\"438\">Sizes:<\/strong> S\/M \u2013 M\/L \u2013 L\/XL<br data-start=\"455\" data-end=\"458\" \/><strong data-start=\"458\" data-end=\"471\">Material:<\/strong> 50% cotton | 50% polyacrylic \ud83e\uddf5<br data-start=\"501\" data-end=\"504\" \/><strong data-start=\"504\" data-end=\"517\">Washing instructions:<\/strong> Hand washing \ud83e\uddfa<\/p>","protected":false},"featured_media":1067229,"comment_status":"closed","ping_status":"closed","template":"","meta":[],"product_brand":[],"product_cat":[209],"product_tag":[],"class_list":{"0":"post-1067223","1":"product","2":"type-product","3":"status-publish","4":"has-post-thumbnail","6":"product_cat-reaprodukter","8":"first","9":"outofstock","10":"taxable","11":"shipping-taxable","12":"product-type-variable"},"yoast_head":"<!-- This site is optimized with the Yoast SEO Premium plugin v27.1 (Yoast SEO v27.4) - https:\/\/yoast.com\/product\/yoast-seo-premium-wordpress\/ -->\n<title>Stickad tr\u00f6ja med m\u00f6nster \u2013 Zabaione \ud83e\udd0d\ud83d\udda4\u2728 - Stil &amp; Design<\/title>\n<meta name=\"robots\" content=\"index, follow, max-snippet:-1, max-image-preview:large, max-video-preview:-1\" \/>\n<link rel=\"canonical\" href=\"https:\/\/stilanddesign.se\/en\/product\/stickad-troja-med-monster-zabaione-\ud83e\udd0d\ud83d\udda4\u2728\/\" \/>\n<meta property=\"og:locale\" content=\"en_US\" \/>\n<meta property=\"og:type\" content=\"article\" \/>\n<meta property=\"og:title\" content=\"Stickad tr\u00f6ja med m\u00f6nster \u2013 Zabaione \ud83e\udd0d\ud83d\udda4\u2728\" \/>\n<meta property=\"og:description\" content=\"Stickad tr\u00f6ja med m\u00f6nster \u2013 Zabaione \ud83e\udd0d\ud83d\udda4\u2728En snygg och bekv\u00e4m stickad tr\u00f6ja med grafiskt m\u00f6nster i svart\/vitt som ger en modern och stilren look \ud83d\ude0d Tr\u00f6jan har rundad hals, en avslappnad passform och halvkort \u00e4rm med ribbade kanter \u2013 perfekt att b\u00e4ra \u00e5ret om, b\u00e5de till jeans och kjol \ud83d\udc56\ud83d\udcab \u2705 Rund hals\u2705 Snyggt m\u00f6nster i svart\/beige\u2705 Avslappnad passform\u2705 Ribbade kanter vid hals, \u00e4rm &amp; nederkant \ud83d\udccc Storlekar: S\/M \u2013 M\/L \u2013 L\/XLMaterial: 50% bomull | 50% polyakryl \ud83e\uddf5Tv\u00e4ttr\u00e5d: Handtv\u00e4tt \ud83e\uddfa\" \/>\n<meta property=\"og:url\" content=\"https:\/\/stilanddesign.se\/en\/product\/stickad-troja-med-monster-zabaione-\ud83e\udd0d\ud83d\udda4\u2728\/\" \/>\n<meta property=\"og:site_name\" content=\"Stil &amp; Design\" \/>\n<meta property=\"article:modified_time\" content=\"2026-04-13T12:51:34+00:00\" \/>\n<meta property=\"og:image\" content=\"https:\/\/stilanddesign.se\/wp-content\/uploads\/2026\/02\/4070709095160_1.jpg\" \/>\n\t<meta property=\"og:image:width\" content=\"889\" \/>\n\t<meta property=\"og:image:height\" content=\"1280\" \/>\n\t<meta property=\"og:image:type\" content=\"image\/jpeg\" \/>\n<meta name=\"twitter:card\" content=\"summary_large_image\" \/>\n<meta name=\"twitter:label1\" content=\"Est. reading time\" \/>\n\t<meta name=\"twitter:data1\" content=\"1 minute\" \/>\n<script type=\"application\/ld+json\" class=\"yoast-schema-graph\">{\"@context\":\"https:\\\/\\\/schema.org\",\"@graph\":[{\"@type\":\"WebPage\",\"@id\":\"https:\\\/\\\/stilanddesign.se\\\/produkt\\\/stickad-troja-med-monster-zabaione-%f0%9f%a4%8d%f0%9f%96%a4%e2%9c%a8\\\/\",\"url\":\"https:\\\/\\\/stilanddesign.se\\\/produkt\\\/stickad-troja-med-monster-zabaione-%f0%9f%a4%8d%f0%9f%96%a4%e2%9c%a8\\\/\",\"name\":\"Stickad tr\u00f6ja med m\u00f6nster \u2013 Zabaione \ud83e\udd0d\ud83d\udda4\u2728 - Stil &amp; Design\",\"isPartOf\":{\"@id\":\"https:\\\/\\\/stilanddesign.se\\\/#website\"},\"primaryImageOfPage\":{\"@id\":\"https:\\\/\\\/stilanddesign.se\\\/produkt\\\/stickad-troja-med-monster-zabaione-%f0%9f%a4%8d%f0%9f%96%a4%e2%9c%a8\\\/#primaryimage\"},\"image\":{\"@id\":\"https:\\\/\\\/stilanddesign.se\\\/produkt\\\/stickad-troja-med-monster-zabaione-%f0%9f%a4%8d%f0%9f%96%a4%e2%9c%a8\\\/#primaryimage\"},\"thumbnailUrl\":\"https:\\\/\\\/stilanddesign.se\\\/wp-content\\\/uploads\\\/2026\\\/02\\\/4070709095160_1.jpg\",\"datePublished\":\"2026-04-13T08:16:09+00:00\",\"dateModified\":\"2026-04-13T12:51:34+00:00\",\"breadcrumb\":{\"@id\":\"https:\\\/\\\/stilanddesign.se\\\/produkt\\\/stickad-troja-med-monster-zabaione-%f0%9f%a4%8d%f0%9f%96%a4%e2%9c%a8\\\/#breadcrumb\"},\"inLanguage\":\"en-US\",\"potentialAction\":[{\"@type\":\"ReadAction\",\"target\":[\"https:\\\/\\\/stilanddesign.se\\\/produkt\\\/stickad-troja-med-monster-zabaione-%f0%9f%a4%8d%f0%9f%96%a4%e2%9c%a8\\\/\"]}]},{\"@type\":\"ImageObject\",\"inLanguage\":\"en-US\",\"@id\":\"https:\\\/\\\/stilanddesign.se\\\/produkt\\\/stickad-troja-med-monster-zabaione-%f0%9f%a4%8d%f0%9f%96%a4%e2%9c%a8\\\/#primaryimage\",\"url\":\"https:\\\/\\\/stilanddesign.se\\\/wp-content\\\/uploads\\\/2026\\\/02\\\/4070709095160_1.jpg\",\"contentUrl\":\"https:\\\/\\\/stilanddesign.se\\\/wp-content\\\/uploads\\\/2026\\\/02\\\/4070709095160_1.jpg\",\"width\":889,\"height\":1280},{\"@type\":\"BreadcrumbList\",\"@id\":\"https:\\\/\\\/stilanddesign.se\\\/produkt\\\/stickad-troja-med-monster-zabaione-%f0%9f%a4%8d%f0%9f%96%a4%e2%9c%a8\\\/#breadcrumb\",\"itemListElement\":[{\"@type\":\"ListItem\",\"position\":1,\"name\":\"Hem\",\"item\":\"https:\\\/\\\/stilanddesign.se\\\/\"},{\"@type\":\"ListItem\",\"position\":2,\"name\":\"Butiken\",\"item\":\"https:\\\/\\\/stilanddesign.se\\\/butiken\\\/\"},{\"@type\":\"ListItem\",\"position\":3,\"name\":\"Stickad tr\u00f6ja med m\u00f6nster \u2013 Zabaione \ud83e\udd0d\ud83d\udda4\u2728\"}]},{\"@type\":\"WebSite\",\"@id\":\"https:\\\/\\\/stilanddesign.se\\\/#website\",\"url\":\"https:\\\/\\\/stilanddesign.se\\\/\",\"name\":\"Stil &amp; Design\",\"description\":\"F\u00f6r oss som \u00e4lskar mode!\",\"publisher\":{\"@id\":\"https:\\\/\\\/stilanddesign.se\\\/#organization\"},\"potentialAction\":[{\"@type\":\"SearchAction\",\"target\":{\"@type\":\"EntryPoint\",\"urlTemplate\":\"https:\\\/\\\/stilanddesign.se\\\/?s={search_term_string}\"},\"query-input\":{\"@type\":\"PropertyValueSpecification\",\"valueRequired\":true,\"valueName\":\"search_term_string\"}}],\"inLanguage\":\"en-US\"},{\"@type\":\"Organization\",\"@id\":\"https:\\\/\\\/stilanddesign.se\\\/#organization\",\"name\":\"Stil &amp; Design\",\"url\":\"https:\\\/\\\/stilanddesign.se\\\/\",\"logo\":{\"@type\":\"ImageObject\",\"inLanguage\":\"en-US\",\"@id\":\"https:\\\/\\\/stilanddesign.se\\\/#\\\/schema\\\/logo\\\/image\\\/\",\"url\":\"https:\\\/\\\/stilanddesign.se\\\/wp-content\\\/uploads\\\/2023\\\/12\\\/output-onlinepngtools-e1727784413220.png\",\"contentUrl\":\"https:\\\/\\\/stilanddesign.se\\\/wp-content\\\/uploads\\\/2023\\\/12\\\/output-onlinepngtools-e1727784413220.png\",\"width\":519,\"height\":135,\"caption\":\"Stil &amp; Design\"},\"image\":{\"@id\":\"https:\\\/\\\/stilanddesign.se\\\/#\\\/schema\\\/logo\\\/image\\\/\"}}]}<\/script>\n<!-- \/ Yoast SEO Premium plugin. -->","yoast_head_json":{"title":"Stickad tr\u00f6ja med m\u00f6nster \u2013 Zabaione \ud83e\udd0d\ud83d\udda4\u2728 - Stil &amp; Design","robots":{"index":"index","follow":"follow","max-snippet":"max-snippet:-1","max-image-preview":"max-image-preview:large","max-video-preview":"max-video-preview:-1"},"canonical":"https:\/\/stilanddesign.se\/en\/product\/stickad-troja-med-monster-zabaione-\ud83e\udd0d\ud83d\udda4\u2728\/","og_locale":"en_US","og_type":"article","og_title":"Stickad tr\u00f6ja med m\u00f6nster \u2013 Zabaione \ud83e\udd0d\ud83d\udda4\u2728","og_description":"Stickad tr\u00f6ja med m\u00f6nster \u2013 Zabaione \ud83e\udd0d\ud83d\udda4\u2728En snygg och bekv\u00e4m stickad tr\u00f6ja med grafiskt m\u00f6nster i svart\/vitt som ger en modern och stilren look \ud83d\ude0d Tr\u00f6jan har rundad hals, en avslappnad passform och halvkort \u00e4rm med ribbade kanter \u2013 perfekt att b\u00e4ra \u00e5ret om, b\u00e5de till jeans och kjol \ud83d\udc56\ud83d\udcab \u2705 Rund hals\u2705 Snyggt m\u00f6nster i svart\/beige\u2705 Avslappnad passform\u2705 Ribbade kanter vid hals, \u00e4rm &amp; nederkant \ud83d\udccc Storlekar: S\/M \u2013 M\/L \u2013 L\/XLMaterial: 50% bomull | 50% polyakryl \ud83e\uddf5Tv\u00e4ttr\u00e5d: Handtv\u00e4tt \ud83e\uddfa","og_url":"https:\/\/stilanddesign.se\/en\/product\/stickad-troja-med-monster-zabaione-\ud83e\udd0d\ud83d\udda4\u2728\/","og_site_name":"Stil &amp; Design","article_modified_time":"2026-04-13T12:51:34+00:00","og_image":[{"width":889,"height":1280,"url":"https:\/\/stilanddesign.se\/wp-content\/uploads\/2026\/02\/4070709095160_1.jpg","type":"image\/jpeg"}],"twitter_card":"summary_large_image","twitter_misc":{"Est. reading time":"1 minute"},"schema":{"@context":"https:\/\/schema.org","@graph":[{"@type":"WebPage","@id":"https:\/\/stilanddesign.se\/produkt\/stickad-troja-med-monster-zabaione-%f0%9f%a4%8d%f0%9f%96%a4%e2%9c%a8\/","url":"https:\/\/stilanddesign.se\/produkt\/stickad-troja-med-monster-zabaione-%f0%9f%a4%8d%f0%9f%96%a4%e2%9c%a8\/","name":"Stickad tr\u00f6ja med m\u00f6nster \u2013 Zabaione \ud83e\udd0d\ud83d\udda4\u2728 - Stil &amp; Design","isPartOf":{"@id":"https:\/\/stilanddesign.se\/#website"},"primaryImageOfPage":{"@id":"https:\/\/stilanddesign.se\/produkt\/stickad-troja-med-monster-zabaione-%f0%9f%a4%8d%f0%9f%96%a4%e2%9c%a8\/#primaryimage"},"image":{"@id":"https:\/\/stilanddesign.se\/produkt\/stickad-troja-med-monster-zabaione-%f0%9f%a4%8d%f0%9f%96%a4%e2%9c%a8\/#primaryimage"},"thumbnailUrl":"https:\/\/stilanddesign.se\/wp-content\/uploads\/2026\/02\/4070709095160_1.jpg","datePublished":"2026-04-13T08:16:09+00:00","dateModified":"2026-04-13T12:51:34+00:00","breadcrumb":{"@id":"https:\/\/stilanddesign.se\/produkt\/stickad-troja-med-monster-zabaione-%f0%9f%a4%8d%f0%9f%96%a4%e2%9c%a8\/#breadcrumb"},"inLanguage":"en-US","potentialAction":[{"@type":"ReadAction","target":["https:\/\/stilanddesign.se\/produkt\/stickad-troja-med-monster-zabaione-%f0%9f%a4%8d%f0%9f%96%a4%e2%9c%a8\/"]}]},{"@type":"ImageObject","inLanguage":"en-US","@id":"https:\/\/stilanddesign.se\/produkt\/stickad-troja-med-monster-zabaione-%f0%9f%a4%8d%f0%9f%96%a4%e2%9c%a8\/#primaryimage","url":"https:\/\/stilanddesign.se\/wp-content\/uploads\/2026\/02\/4070709095160_1.jpg","contentUrl":"https:\/\/stilanddesign.se\/wp-content\/uploads\/2026\/02\/4070709095160_1.jpg","width":889,"height":1280},{"@type":"BreadcrumbList","@id":"https:\/\/stilanddesign.se\/produkt\/stickad-troja-med-monster-zabaione-%f0%9f%a4%8d%f0%9f%96%a4%e2%9c%a8\/#breadcrumb","itemListElement":[{"@type":"ListItem","position":1,"name":"Hem","item":"https:\/\/stilanddesign.se\/"},{"@type":"ListItem","position":2,"name":"Butiken","item":"https:\/\/stilanddesign.se\/butiken\/"},{"@type":"ListItem","position":3,"name":"Stickad tr\u00f6ja med m\u00f6nster \u2013 Zabaione \ud83e\udd0d\ud83d\udda4\u2728"}]},{"@type":"WebSite","@id":"https:\/\/stilanddesign.se\/#website","url":"https:\/\/stilanddesign.se\/","name":"Style &amp; Design","description":"For those of us who love fashion!","publisher":{"@id":"https:\/\/stilanddesign.se\/#organization"},"potentialAction":[{"@type":"SearchAction","target":{"@type":"EntryPoint","urlTemplate":"https:\/\/stilanddesign.se\/?s={search_term_string}"},"query-input":{"@type":"PropertyValueSpecification","valueRequired":true,"valueName":"search_term_string"}}],"inLanguage":"en-US"},{"@type":"Organization","@id":"https:\/\/stilanddesign.se\/#organization","name":"Style &amp; Design","url":"https:\/\/stilanddesign.se\/","logo":{"@type":"ImageObject","inLanguage":"en-US","@id":"https:\/\/stilanddesign.se\/#\/schema\/logo\/image\/","url":"https:\/\/stilanddesign.se\/wp-content\/uploads\/2023\/12\/output-onlinepngtools-e1727784413220.png","contentUrl":"https:\/\/stilanddesign.se\/wp-content\/uploads\/2023\/12\/output-onlinepngtools-e1727784413220.png","width":519,"height":135,"caption":"Stil &amp; Design"},"image":{"@id":"https:\/\/stilanddesign.se\/#\/schema\/logo\/image\/"}}]}},"_links":{"self":[{"href":"https:\/\/stilanddesign.se\/en\/wp-json\/wp\/v2\/product\/1067223","targetHints":{"allow":["GET"]}}],"collection":[{"href":"https:\/\/stilanddesign.se\/en\/wp-json\/wp\/v2\/product"}],"about":[{"href":"https:\/\/stilanddesign.se\/en\/wp-json\/wp\/v2\/types\/product"}],"replies":[{"embeddable":true,"href":"https:\/\/stilanddesign.se\/en\/wp-json\/wp\/v2\/comments?post=1067223"}],"wp:featuredmedia":[{"embeddable":true,"href":"https:\/\/stilanddesign.se\/en\/wp-json\/wp\/v2\/media\/1067229"}],"wp:attachment":[{"href":"https:\/\/stilanddesign.se\/en\/wp-json\/wp\/v2\/media?parent=1067223"}],"wp:term":[{"taxonomy":"product_brand","embeddable":true,"href":"https:\/\/stilanddesign.se\/en\/wp-json\/wp\/v2\/product_brand?post=1067223"},{"taxonomy":"product_cat","embeddable":true,"href":"https:\/\/stilanddesign.se\/en\/wp-json\/wp\/v2\/product_cat?post=1067223"},{"taxonomy":"product_tag","embeddable":true,"href":"https:\/\/stilanddesign.se\/en\/wp-json\/wp\/v2\/product_tag?post=1067223"}],"curies":[{"name":"wp","href":"https:\/\/api.w.org\/{rel}","templated":true}]}}