{"id":1067207,"date":"2026-03-31T09:47:51","date_gmt":"2026-03-31T07:47:51","guid":{"rendered":"https:\/\/stilanddesign.se\/?post_type=product&#038;p=1067207"},"modified":"2026-03-31T16:59:44","modified_gmt":"2026-03-31T14:59:44","slug":"phoebe-troja-randig-stickad-i-flera-farger-%f0%9f%8c%88%e2%9c%a8-2","status":"publish","type":"product","link":"https:\/\/stilanddesign.se\/en\/product\/phoebe-troja-randig-stickad-i-flera-farger-%f0%9f%8c%88%e2%9c%a8-2\/","title":{"rendered":"PHOEBE sweater \u2013 striped knit in several colors \ud83c\udf08\u2728"},"content":{"rendered":"<p data-start=\"0\" data-end=\"264\"><strong data-start=\"0\" data-end=\"48\">PHOEBE sweater \u2013 striped knit in several colors<\/strong> \ud83c\udf08\u2728<br data-start=\"52\" data-end=\"55\" \/>Stylish and super lovely striped knitted sweater with different colors that give the outfit a fresh pop \ud83d\ude0d The sweater is made of comfortable cotton with <strong data-start=\"177\" data-end=\"190\">round neck<\/strong> and fine knitted details at <strong data-start=\"222\" data-end=\"235\">sleeveless<\/strong> for an extra stylish finish \ud83d\udcab<\/p>\n<p data-start=\"266\" data-end=\"355\">Match with jeans \u2013 or pick up one of the colors in the sweater for a well-thought-out look \ud83d\udc56\u2728<\/p>\n<p data-start=\"357\" data-end=\"461\">\u2705 Round neck<br data-start=\"368\" data-end=\"371\" \/>\u2705 Striped in several colors<br data-start=\"394\" data-end=\"397\" \/>\u2705 Fine knitting at the cuffs<br data-start=\"427\" data-end=\"430\" \/>\u2705 Soft and stretchy quality<\/p>\n<p data-start=\"463\" data-end=\"556\" data-is-last-node=\"\" data-is-only-node=\"\">\ud83d\udccc <strong data-start=\"466\" data-end=\"480\">Sizes:<\/strong> S\/M, L\/XL<br data-start=\"490\" data-end=\"493\" \/><strong data-start=\"493\" data-end=\"506\">Material:<\/strong> 95% cotton | 5% elastane \ud83e\uddf5<br data-start=\"533\" data-end=\"536\" \/><strong data-start=\"536\" data-end=\"549\">Washing instructions:<\/strong> 30\u00b0 \ud83e\uddfa<\/p>\n<h1 class=\"wp-block-post-title\"><\/h1>","protected":false},"excerpt":{"rendered":"<p data-start=\"0\" data-end=\"264\"><strong data-start=\"0\" data-end=\"48\">PHOEBE sweater \u2013 striped knit in several colors<\/strong> \ud83c\udf08\u2728<br data-start=\"52\" data-end=\"55\" \/>Stylish and super lovely striped knitted sweater with different colors that give the outfit a fresh pop \ud83d\ude0d The sweater is made of comfortable cotton with <strong data-start=\"177\" data-end=\"190\">round neck<\/strong> and fine knitted details at <strong data-start=\"222\" data-end=\"235\">sleeveless<\/strong> for an extra stylish finish \ud83d\udcab<\/p>\n<p data-start=\"266\" data-end=\"355\">Match with jeans \u2013 or pick up one of the colors in the sweater for a well-thought-out look \ud83d\udc56\u2728<\/p>\n<p data-start=\"357\" data-end=\"461\">\u2705 Round neck<br data-start=\"368\" data-end=\"371\" \/>\u2705 Striped in several colors<br data-start=\"394\" data-end=\"397\" \/>\u2705 Fine knitting at the cuffs<br data-start=\"427\" data-end=\"430\" \/>\u2705 Soft and stretchy quality<\/p>\n<p data-start=\"463\" data-end=\"556\" data-is-last-node=\"\" data-is-only-node=\"\">\ud83d\udccc <strong data-start=\"466\" data-end=\"480\">Sizes:<\/strong> S\/M, L\/XL<br data-start=\"490\" data-end=\"493\" \/><strong data-start=\"493\" data-end=\"506\">Material:<\/strong> 95% cotton | 5% elastane \ud83e\uddf5<br data-start=\"533\" data-end=\"536\" \/><strong data-start=\"536\" data-end=\"549\">Washing instructions:<\/strong> 30\u00b0 \ud83e\uddfa<\/p>\n<h1 class=\"wp-block-post-title\"><\/h1>","protected":false},"featured_media":1067205,"comment_status":"closed","ping_status":"closed","template":"","meta":[],"product_brand":[],"product_cat":[209],"product_tag":[],"class_list":{"0":"post-1067207","1":"product","2":"type-product","3":"status-publish","4":"has-post-thumbnail","6":"product_cat-reaprodukter","8":"first","9":"outofstock","10":"taxable","11":"shipping-taxable","12":"product-type-variable"},"yoast_head":"<!-- This site is optimized with the Yoast SEO Premium plugin v27.1 (Yoast SEO v27.4) - https:\/\/yoast.com\/product\/yoast-seo-premium-wordpress\/ -->\n<title>PHOEBE tr\u00f6ja \u2013 randig stickad i flera f\u00e4rger \ud83c\udf08\u2728 - Stil &amp; Design<\/title>\n<meta name=\"robots\" content=\"index, follow, max-snippet:-1, max-image-preview:large, max-video-preview:-1\" \/>\n<link rel=\"canonical\" href=\"https:\/\/stilanddesign.se\/en\/product\/phoebe-troja-randig-stickad-i-flera-farger-\ud83c\udf08\u2728-2\/\" \/>\n<meta property=\"og:locale\" content=\"en_US\" \/>\n<meta property=\"og:type\" content=\"article\" \/>\n<meta property=\"og:title\" content=\"PHOEBE tr\u00f6ja \u2013 randig stickad i flera f\u00e4rger \ud83c\udf08\u2728\" \/>\n<meta property=\"og:description\" content=\"PHOEBE tr\u00f6ja \u2013 randig stickad i flera f\u00e4rger \ud83c\udf08\u2728Snygg och superh\u00e4rlig randig stickad tr\u00f6ja med olika f\u00e4rger som ger outfiten en fr\u00e4sch pop \ud83d\ude0d Tr\u00f6jan \u00e4r i sk\u00f6n bomull med rund hals och fina stickade detaljer vid \u00e4rmsluten f\u00f6r en extra snygg finish \ud83d\udcab Matcha med jeans \u2013 eller plocka upp n\u00e5gon av f\u00e4rgerna i tr\u00f6jan f\u00f6r en genomt\u00e4nkt look \ud83d\udc56\u2728 \u2705 Rund hals\u2705 Randig i flera f\u00e4rger\u2705 Fina stickningar vid \u00e4rmslut\u2705 Mjuk och stretchig kvalitet \ud83d\udccc Storlekar: S\/M, L\/XLMaterial: 95% bomull | 5% elastan \ud83e\uddf5Tv\u00e4ttr\u00e5d: 30\u00b0 \ud83e\uddfa\" \/>\n<meta property=\"og:url\" content=\"https:\/\/stilanddesign.se\/en\/product\/phoebe-troja-randig-stickad-i-flera-farger-\ud83c\udf08\u2728-2\/\" \/>\n<meta property=\"og:site_name\" content=\"Stil &amp; Design\" \/>\n<meta property=\"article:modified_time\" content=\"2026-03-31T14:59:44+00:00\" \/>\n<meta property=\"og:image\" content=\"https:\/\/stilanddesign.se\/wp-content\/uploads\/2026\/02\/66143112.webp\" \/>\n\t<meta property=\"og:image:width\" content=\"600\" \/>\n\t<meta property=\"og:image:height\" content=\"800\" \/>\n\t<meta property=\"og:image:type\" content=\"image\/webp\" \/>\n<meta name=\"twitter:card\" content=\"summary_large_image\" \/>\n<meta name=\"twitter:label1\" content=\"Est. reading time\" \/>\n\t<meta name=\"twitter:data1\" content=\"1 minute\" \/>\n<script type=\"application\/ld+json\" class=\"yoast-schema-graph\">{\"@context\":\"https:\\\/\\\/schema.org\",\"@graph\":[{\"@type\":\"WebPage\",\"@id\":\"https:\\\/\\\/stilanddesign.se\\\/produkt\\\/phoebe-troja-randig-stickad-i-flera-farger-%f0%9f%8c%88%e2%9c%a8-2\\\/\",\"url\":\"https:\\\/\\\/stilanddesign.se\\\/produkt\\\/phoebe-troja-randig-stickad-i-flera-farger-%f0%9f%8c%88%e2%9c%a8-2\\\/\",\"name\":\"PHOEBE tr\u00f6ja \u2013 randig stickad i flera f\u00e4rger \ud83c\udf08\u2728 - Stil &amp; Design\",\"isPartOf\":{\"@id\":\"https:\\\/\\\/stilanddesign.se\\\/#website\"},\"primaryImageOfPage\":{\"@id\":\"https:\\\/\\\/stilanddesign.se\\\/produkt\\\/phoebe-troja-randig-stickad-i-flera-farger-%f0%9f%8c%88%e2%9c%a8-2\\\/#primaryimage\"},\"image\":{\"@id\":\"https:\\\/\\\/stilanddesign.se\\\/produkt\\\/phoebe-troja-randig-stickad-i-flera-farger-%f0%9f%8c%88%e2%9c%a8-2\\\/#primaryimage\"},\"thumbnailUrl\":\"https:\\\/\\\/stilanddesign.se\\\/wp-content\\\/uploads\\\/2026\\\/02\\\/66143112.webp\",\"datePublished\":\"2026-03-31T07:47:51+00:00\",\"dateModified\":\"2026-03-31T14:59:44+00:00\",\"breadcrumb\":{\"@id\":\"https:\\\/\\\/stilanddesign.se\\\/produkt\\\/phoebe-troja-randig-stickad-i-flera-farger-%f0%9f%8c%88%e2%9c%a8-2\\\/#breadcrumb\"},\"inLanguage\":\"en-US\",\"potentialAction\":[{\"@type\":\"ReadAction\",\"target\":[\"https:\\\/\\\/stilanddesign.se\\\/produkt\\\/phoebe-troja-randig-stickad-i-flera-farger-%f0%9f%8c%88%e2%9c%a8-2\\\/\"]}]},{\"@type\":\"ImageObject\",\"inLanguage\":\"en-US\",\"@id\":\"https:\\\/\\\/stilanddesign.se\\\/produkt\\\/phoebe-troja-randig-stickad-i-flera-farger-%f0%9f%8c%88%e2%9c%a8-2\\\/#primaryimage\",\"url\":\"https:\\\/\\\/stilanddesign.se\\\/wp-content\\\/uploads\\\/2026\\\/02\\\/66143112.webp\",\"contentUrl\":\"https:\\\/\\\/stilanddesign.se\\\/wp-content\\\/uploads\\\/2026\\\/02\\\/66143112.webp\",\"width\":600,\"height\":800,\"caption\":\"Stickad bomullstr\u00f6ja i multif\u00e4rg\"},{\"@type\":\"BreadcrumbList\",\"@id\":\"https:\\\/\\\/stilanddesign.se\\\/produkt\\\/phoebe-troja-randig-stickad-i-flera-farger-%f0%9f%8c%88%e2%9c%a8-2\\\/#breadcrumb\",\"itemListElement\":[{\"@type\":\"ListItem\",\"position\":1,\"name\":\"Hem\",\"item\":\"https:\\\/\\\/stilanddesign.se\\\/\"},{\"@type\":\"ListItem\",\"position\":2,\"name\":\"Butiken\",\"item\":\"https:\\\/\\\/stilanddesign.se\\\/butiken\\\/\"},{\"@type\":\"ListItem\",\"position\":3,\"name\":\"PHOEBE tr\u00f6ja \u2013 randig stickad i flera f\u00e4rger \ud83c\udf08\u2728\"}]},{\"@type\":\"WebSite\",\"@id\":\"https:\\\/\\\/stilanddesign.se\\\/#website\",\"url\":\"https:\\\/\\\/stilanddesign.se\\\/\",\"name\":\"Stil &amp; Design\",\"description\":\"F\u00f6r oss som \u00e4lskar mode!\",\"publisher\":{\"@id\":\"https:\\\/\\\/stilanddesign.se\\\/#organization\"},\"potentialAction\":[{\"@type\":\"SearchAction\",\"target\":{\"@type\":\"EntryPoint\",\"urlTemplate\":\"https:\\\/\\\/stilanddesign.se\\\/?s={search_term_string}\"},\"query-input\":{\"@type\":\"PropertyValueSpecification\",\"valueRequired\":true,\"valueName\":\"search_term_string\"}}],\"inLanguage\":\"en-US\"},{\"@type\":\"Organization\",\"@id\":\"https:\\\/\\\/stilanddesign.se\\\/#organization\",\"name\":\"Stil &amp; Design\",\"url\":\"https:\\\/\\\/stilanddesign.se\\\/\",\"logo\":{\"@type\":\"ImageObject\",\"inLanguage\":\"en-US\",\"@id\":\"https:\\\/\\\/stilanddesign.se\\\/#\\\/schema\\\/logo\\\/image\\\/\",\"url\":\"https:\\\/\\\/stilanddesign.se\\\/wp-content\\\/uploads\\\/2023\\\/12\\\/output-onlinepngtools-e1727784413220.png\",\"contentUrl\":\"https:\\\/\\\/stilanddesign.se\\\/wp-content\\\/uploads\\\/2023\\\/12\\\/output-onlinepngtools-e1727784413220.png\",\"width\":519,\"height\":135,\"caption\":\"Stil &amp; Design\"},\"image\":{\"@id\":\"https:\\\/\\\/stilanddesign.se\\\/#\\\/schema\\\/logo\\\/image\\\/\"}}]}<\/script>\n<!-- \/ Yoast SEO Premium plugin. -->","yoast_head_json":{"title":"PHOEBE tr\u00f6ja \u2013 randig stickad i flera f\u00e4rger \ud83c\udf08\u2728 - Stil &amp; Design","robots":{"index":"index","follow":"follow","max-snippet":"max-snippet:-1","max-image-preview":"max-image-preview:large","max-video-preview":"max-video-preview:-1"},"canonical":"https:\/\/stilanddesign.se\/en\/product\/phoebe-troja-randig-stickad-i-flera-farger-\ud83c\udf08\u2728-2\/","og_locale":"en_US","og_type":"article","og_title":"PHOEBE tr\u00f6ja \u2013 randig stickad i flera f\u00e4rger \ud83c\udf08\u2728","og_description":"PHOEBE tr\u00f6ja \u2013 randig stickad i flera f\u00e4rger \ud83c\udf08\u2728Snygg och superh\u00e4rlig randig stickad tr\u00f6ja med olika f\u00e4rger som ger outfiten en fr\u00e4sch pop \ud83d\ude0d Tr\u00f6jan \u00e4r i sk\u00f6n bomull med rund hals och fina stickade detaljer vid \u00e4rmsluten f\u00f6r en extra snygg finish \ud83d\udcab Matcha med jeans \u2013 eller plocka upp n\u00e5gon av f\u00e4rgerna i tr\u00f6jan f\u00f6r en genomt\u00e4nkt look \ud83d\udc56\u2728 \u2705 Rund hals\u2705 Randig i flera f\u00e4rger\u2705 Fina stickningar vid \u00e4rmslut\u2705 Mjuk och stretchig kvalitet \ud83d\udccc Storlekar: S\/M, L\/XLMaterial: 95% bomull | 5% elastan \ud83e\uddf5Tv\u00e4ttr\u00e5d: 30\u00b0 \ud83e\uddfa","og_url":"https:\/\/stilanddesign.se\/en\/product\/phoebe-troja-randig-stickad-i-flera-farger-\ud83c\udf08\u2728-2\/","og_site_name":"Stil &amp; Design","article_modified_time":"2026-03-31T14:59:44+00:00","og_image":[{"width":600,"height":800,"url":"https:\/\/stilanddesign.se\/wp-content\/uploads\/2026\/02\/66143112.webp","type":"image\/webp"}],"twitter_card":"summary_large_image","twitter_misc":{"Est. reading time":"1 minute"},"schema":{"@context":"https:\/\/schema.org","@graph":[{"@type":"WebPage","@id":"https:\/\/stilanddesign.se\/produkt\/phoebe-troja-randig-stickad-i-flera-farger-%f0%9f%8c%88%e2%9c%a8-2\/","url":"https:\/\/stilanddesign.se\/produkt\/phoebe-troja-randig-stickad-i-flera-farger-%f0%9f%8c%88%e2%9c%a8-2\/","name":"PHOEBE tr\u00f6ja \u2013 randig stickad i flera f\u00e4rger \ud83c\udf08\u2728 - Stil &amp; Design","isPartOf":{"@id":"https:\/\/stilanddesign.se\/#website"},"primaryImageOfPage":{"@id":"https:\/\/stilanddesign.se\/produkt\/phoebe-troja-randig-stickad-i-flera-farger-%f0%9f%8c%88%e2%9c%a8-2\/#primaryimage"},"image":{"@id":"https:\/\/stilanddesign.se\/produkt\/phoebe-troja-randig-stickad-i-flera-farger-%f0%9f%8c%88%e2%9c%a8-2\/#primaryimage"},"thumbnailUrl":"https:\/\/stilanddesign.se\/wp-content\/uploads\/2026\/02\/66143112.webp","datePublished":"2026-03-31T07:47:51+00:00","dateModified":"2026-03-31T14:59:44+00:00","breadcrumb":{"@id":"https:\/\/stilanddesign.se\/produkt\/phoebe-troja-randig-stickad-i-flera-farger-%f0%9f%8c%88%e2%9c%a8-2\/#breadcrumb"},"inLanguage":"en-US","potentialAction":[{"@type":"ReadAction","target":["https:\/\/stilanddesign.se\/produkt\/phoebe-troja-randig-stickad-i-flera-farger-%f0%9f%8c%88%e2%9c%a8-2\/"]}]},{"@type":"ImageObject","inLanguage":"en-US","@id":"https:\/\/stilanddesign.se\/produkt\/phoebe-troja-randig-stickad-i-flera-farger-%f0%9f%8c%88%e2%9c%a8-2\/#primaryimage","url":"https:\/\/stilanddesign.se\/wp-content\/uploads\/2026\/02\/66143112.webp","contentUrl":"https:\/\/stilanddesign.se\/wp-content\/uploads\/2026\/02\/66143112.webp","width":600,"height":800,"caption":"Stickad bomullstr\u00f6ja i multif\u00e4rg"},{"@type":"BreadcrumbList","@id":"https:\/\/stilanddesign.se\/produkt\/phoebe-troja-randig-stickad-i-flera-farger-%f0%9f%8c%88%e2%9c%a8-2\/#breadcrumb","itemListElement":[{"@type":"ListItem","position":1,"name":"Hem","item":"https:\/\/stilanddesign.se\/"},{"@type":"ListItem","position":2,"name":"Butiken","item":"https:\/\/stilanddesign.se\/butiken\/"},{"@type":"ListItem","position":3,"name":"PHOEBE tr\u00f6ja \u2013 randig stickad i flera f\u00e4rger \ud83c\udf08\u2728"}]},{"@type":"WebSite","@id":"https:\/\/stilanddesign.se\/#website","url":"https:\/\/stilanddesign.se\/","name":"Style &amp; Design","description":"For those of us who love fashion!","publisher":{"@id":"https:\/\/stilanddesign.se\/#organization"},"potentialAction":[{"@type":"SearchAction","target":{"@type":"EntryPoint","urlTemplate":"https:\/\/stilanddesign.se\/?s={search_term_string}"},"query-input":{"@type":"PropertyValueSpecification","valueRequired":true,"valueName":"search_term_string"}}],"inLanguage":"en-US"},{"@type":"Organization","@id":"https:\/\/stilanddesign.se\/#organization","name":"Style &amp; Design","url":"https:\/\/stilanddesign.se\/","logo":{"@type":"ImageObject","inLanguage":"en-US","@id":"https:\/\/stilanddesign.se\/#\/schema\/logo\/image\/","url":"https:\/\/stilanddesign.se\/wp-content\/uploads\/2023\/12\/output-onlinepngtools-e1727784413220.png","contentUrl":"https:\/\/stilanddesign.se\/wp-content\/uploads\/2023\/12\/output-onlinepngtools-e1727784413220.png","width":519,"height":135,"caption":"Stil &amp; Design"},"image":{"@id":"https:\/\/stilanddesign.se\/#\/schema\/logo\/image\/"}}]}},"_links":{"self":[{"href":"https:\/\/stilanddesign.se\/en\/wp-json\/wp\/v2\/product\/1067207","targetHints":{"allow":["GET"]}}],"collection":[{"href":"https:\/\/stilanddesign.se\/en\/wp-json\/wp\/v2\/product"}],"about":[{"href":"https:\/\/stilanddesign.se\/en\/wp-json\/wp\/v2\/types\/product"}],"replies":[{"embeddable":true,"href":"https:\/\/stilanddesign.se\/en\/wp-json\/wp\/v2\/comments?post=1067207"}],"wp:featuredmedia":[{"embeddable":true,"href":"https:\/\/stilanddesign.se\/en\/wp-json\/wp\/v2\/media\/1067205"}],"wp:attachment":[{"href":"https:\/\/stilanddesign.se\/en\/wp-json\/wp\/v2\/media?parent=1067207"}],"wp:term":[{"taxonomy":"product_brand","embeddable":true,"href":"https:\/\/stilanddesign.se\/en\/wp-json\/wp\/v2\/product_brand?post=1067207"},{"taxonomy":"product_cat","embeddable":true,"href":"https:\/\/stilanddesign.se\/en\/wp-json\/wp\/v2\/product_cat?post=1067207"},{"taxonomy":"product_tag","embeddable":true,"href":"https:\/\/stilanddesign.se\/en\/wp-json\/wp\/v2\/product_tag?post=1067207"}],"curies":[{"name":"wp","href":"https:\/\/api.w.org\/{rel}","templated":true}]}}