{"id":1067191,"date":"2026-03-31T09:49:00","date_gmt":"2026-03-31T07:49:00","guid":{"rendered":"https:\/\/stilanddesign.se\/?post_type=product&#038;p=1067191"},"modified":"2026-03-31T10:43:57","modified_gmt":"2026-03-31T08:43:57","slug":"phoebe-troja-randig-stickad-i-flera-farger-%f0%9f%8c%88%e2%9c%a8","status":"publish","type":"product","link":"https:\/\/stilanddesign.se\/en\/product\/phoebe-troja-randig-stickad-i-flera-farger-%f0%9f%8c%88%e2%9c%a8\/","title":{"rendered":"PHOEBE sweater \u2013 striped knit in several colors \ud83c\udf08\u2728"},"content":{"rendered":"<article class=\"text-token-text-primary w-full focus:outline-none [--shadow-height:45px] has-data-writing-block:pointer-events-none has-data-writing-block:-mt-(--shadow-height) has-data-writing-block:pt-(--shadow-height) [&amp;:has([data-writing-block])&gt;*]:pointer-events-auto scroll-mt-(--header-height)\" dir=\"auto\" tabindex=\"-1\" data-turn-id=\"1bd60b42-35fc-4bac-b3aa-d309966d4daf\" data-testid=\"conversation-turn-211\" data-scroll-anchor=\"false\" data-turn=\"user\"><\/article>\n<article class=\"text-token-text-primary w-full focus:outline-none [--shadow-height:45px] has-data-writing-block:pointer-events-none has-data-writing-block:-mt-(--shadow-height) has-data-writing-block:pt-(--shadow-height) [&amp;:has([data-writing-block])&gt;*]:pointer-events-auto scroll-mt-[calc(var(--header-height)+min(200px,max(70px,20svh)))]\" dir=\"auto\" tabindex=\"-1\" data-turn-id=\"request-6996d4f6-9504-8327-92cd-dd6b5b61765c-18\" data-testid=\"conversation-turn-212\" data-scroll-anchor=\"true\" data-turn=\"assistant\">\n<div class=\"text-base my-auto mx-auto pb-10 [--thread-content-margin:--spacing(4)] @w-sm\/main:[--thread-content-margin:--spacing(6)] @w-lg\/main:[--thread-content-margin:--spacing(16)] px-(--thread-content-margin)\">\n<div class=\"[--thread-content-max-width:40rem] @w-lg\/main:[--thread-content-max-width:48rem] mx-auto max-w-(--thread-content-max-width) flex-1 group\/turn-messages focus-visible:outline-hidden relative flex w-full min-w-0 flex-col agent-turn\" tabindex=\"-1\">\n<div class=\"flex max-w-full flex-col grow\">\n<div class=\"min-h-8 text-message relative flex w-full flex-col items-end gap-2 text-start break-words whitespace-normal [.text-message+&amp;]:mt-1\" dir=\"auto\" data-message-author-role=\"assistant\" data-message-id=\"72b71b61-ac57-45c4-bee7-381fd068f21b\" data-message-model-slug=\"gpt-5-2-thinking\">\n<div class=\"flex w-full flex-col gap-1 empty:hidden first:pt-[1px]\">\n<div class=\"markdown prose dark:prose-invert w-full wrap-break-word light markdown-new-styling\">\n<p data-start=\"0\" data-end=\"258\"><strong data-start=\"0\" data-end=\"48\">PHOEBE tr\u00f6ja \u2013 randig stickad i flera f\u00e4rger<\/strong> \ud83c\udf08\u2728<br data-start=\"52\" data-end=\"55\" \/>Snygg och superh\u00e4rlig randig stickad tr\u00f6ja med olika f\u00e4rger som lyfter hela outfiten \ud83d\ude0d Tr\u00f6jan \u00e4r i sk\u00f6n bomull med <strong data-start=\"171\" data-end=\"184\">rund hals<\/strong> och fina stickade detaljer vid <strong data-start=\"216\" data-end=\"229\">\u00e4rmsluten<\/strong> f\u00f6r en extra snygg finish \ud83d\udcab<\/p>\n<p data-start=\"260\" data-end=\"361\">Perfekt att matcha med jeans \u2013 eller plocka upp n\u00e5gon av f\u00e4rgerna i tr\u00f6jan f\u00f6r en genomt\u00e4nkt look \ud83d\udc56\u2728<\/p>\n<p data-start=\"363\" data-end=\"467\">\u2705 Rund hals<br data-start=\"374\" data-end=\"377\" \/>\u2705 Randig i flera f\u00e4rger<br data-start=\"400\" data-end=\"403\" \/>\u2705 Fina stickningar vid \u00e4rmslut<br data-start=\"433\" data-end=\"436\" \/>\u2705 Mjuk och stretchig kvalitet<\/p>\n<p data-start=\"469\" data-end=\"562\" data-is-last-node=\"\" data-is-only-node=\"\">\ud83d\udccc <strong data-start=\"472\" data-end=\"486\">Storlekar:<\/strong> S\/M, L\/XL<br data-start=\"496\" data-end=\"499\" \/><strong data-start=\"499\" data-end=\"512\">Material:<\/strong> 95% bomull | 5% elastan \ud83e\uddf5<br data-start=\"539\" data-end=\"542\" \/><strong data-start=\"542\" data-end=\"555\">Tv\u00e4ttr\u00e5d:<\/strong> 30\u00b0 \ud83e\uddfa<\/p>\n<\/div>\n<\/div>\n<\/div>\n<\/div>\n<\/div>\n<\/div>\n<\/article>\n<h1 class=\"wp-block-post-title\"><\/h1>\n","protected":false},"excerpt":{"rendered":"<article class=\"text-token-text-primary w-full focus:outline-none [--shadow-height:45px] has-data-writing-block:pointer-events-none has-data-writing-block:-mt-(--shadow-height) has-data-writing-block:pt-(--shadow-height) [&amp;:has([data-writing-block])&gt;*]:pointer-events-auto scroll-mt-(--header-height)\" dir=\"auto\" tabindex=\"-1\" data-turn-id=\"1bd60b42-35fc-4bac-b3aa-d309966d4daf\" data-testid=\"conversation-turn-211\" data-scroll-anchor=\"false\" data-turn=\"user\"><\/article>\n<article class=\"text-token-text-primary w-full focus:outline-none [--shadow-height:45px] has-data-writing-block:pointer-events-none has-data-writing-block:-mt-(--shadow-height) has-data-writing-block:pt-(--shadow-height) [&amp;:has([data-writing-block])&gt;*]:pointer-events-auto scroll-mt-[calc(var(--header-height)+min(200px,max(70px,20svh)))]\" dir=\"auto\" tabindex=\"-1\" data-turn-id=\"request-6996d4f6-9504-8327-92cd-dd6b5b61765c-18\" data-testid=\"conversation-turn-212\" data-scroll-anchor=\"true\" data-turn=\"assistant\">\n<div class=\"text-base my-auto mx-auto pb-10 [--thread-content-margin:--spacing(4)] @w-sm\/main:[--thread-content-margin:--spacing(6)] @w-lg\/main:[--thread-content-margin:--spacing(16)] px-(--thread-content-margin)\">\n<div class=\"[--thread-content-max-width:40rem] @w-lg\/main:[--thread-content-max-width:48rem] mx-auto max-w-(--thread-content-max-width) flex-1 group\/turn-messages focus-visible:outline-hidden relative flex w-full min-w-0 flex-col agent-turn\" tabindex=\"-1\">\n<div class=\"flex max-w-full flex-col grow\">\n<div class=\"min-h-8 text-message relative flex w-full flex-col items-end gap-2 text-start break-words whitespace-normal [.text-message+&amp;]:mt-1\" dir=\"auto\" data-message-author-role=\"assistant\" data-message-id=\"72b71b61-ac57-45c4-bee7-381fd068f21b\" data-message-model-slug=\"gpt-5-2-thinking\">\n<div class=\"flex w-full flex-col gap-1 empty:hidden first:pt-[1px]\">\n<div class=\"markdown prose dark:prose-invert w-full wrap-break-word light markdown-new-styling\">\n<p data-start=\"0\" data-end=\"258\"><strong data-start=\"0\" data-end=\"48\">PHOEBE tr\u00f6ja \u2013 randig stickad i flera f\u00e4rger<\/strong> \ud83c\udf08\u2728<br data-start=\"52\" data-end=\"55\" \/>Snygg och superh\u00e4rlig randig stickad tr\u00f6ja med olika f\u00e4rger som lyfter hela outfiten \ud83d\ude0d Tr\u00f6jan \u00e4r i sk\u00f6n bomull med <strong data-start=\"171\" data-end=\"184\">rund hals<\/strong> och fina stickade detaljer vid <strong data-start=\"216\" data-end=\"229\">\u00e4rmsluten<\/strong> f\u00f6r en extra snygg finish \ud83d\udcab<\/p>\n<p data-start=\"260\" data-end=\"361\">Perfekt att matcha med jeans \u2013 eller plocka upp n\u00e5gon av f\u00e4rgerna i tr\u00f6jan f\u00f6r en genomt\u00e4nkt look \ud83d\udc56\u2728<\/p>\n<p data-start=\"363\" data-end=\"467\">\u2705 Rund hals<br data-start=\"374\" data-end=\"377\" \/>\u2705 Randig i flera f\u00e4rger<br data-start=\"400\" data-end=\"403\" \/>\u2705 Fina stickningar vid \u00e4rmslut<br data-start=\"433\" data-end=\"436\" \/>\u2705 Mjuk och stretchig kvalitet<\/p>\n<p data-start=\"469\" data-end=\"562\" data-is-last-node=\"\" data-is-only-node=\"\">\ud83d\udccc <strong data-start=\"472\" data-end=\"486\">Storlekar:<\/strong> S\/M, L\/XL<br data-start=\"496\" data-end=\"499\" \/><strong data-start=\"499\" data-end=\"512\">Material:<\/strong> 95% bomull | 5% elastan \ud83e\uddf5<br data-start=\"539\" data-end=\"542\" \/><strong data-start=\"542\" data-end=\"555\">Tv\u00e4ttr\u00e5d:<\/strong> 30\u00b0 \ud83e\uddfa<\/p>\n<\/div>\n<\/div>\n<\/div>\n<\/div>\n<\/div>\n<\/div>\n<\/article>\n<h1 class=\"wp-block-post-title\"><\/h1>\n","protected":false},"featured_media":1067173,"comment_status":"closed","ping_status":"closed","template":"","meta":[],"product_brand":[],"product_cat":[209],"product_tag":[],"class_list":{"0":"post-1067191","1":"product","2":"type-product","3":"status-publish","4":"has-post-thumbnail","6":"product_cat-reaprodukter","8":"first","9":"outofstock","10":"taxable","11":"shipping-taxable","12":"product-type-variable"},"yoast_head":"<!-- This site is optimized with the Yoast SEO Premium plugin v27.1 (Yoast SEO v27.4) - https:\/\/yoast.com\/product\/yoast-seo-premium-wordpress\/ -->\n<title>PHOEBE tr\u00f6ja \u2013 randig stickad i flera f\u00e4rger \ud83c\udf08\u2728 - Stil &amp; Design<\/title>\n<meta name=\"robots\" content=\"index, follow, max-snippet:-1, max-image-preview:large, max-video-preview:-1\" \/>\n<link rel=\"canonical\" href=\"https:\/\/stilanddesign.se\/en\/product\/phoebe-troja-randig-stickad-i-flera-farger-\ud83c\udf08\u2728\/\" \/>\n<meta property=\"og:locale\" content=\"en_US\" \/>\n<meta property=\"og:type\" content=\"article\" \/>\n<meta property=\"og:title\" content=\"PHOEBE tr\u00f6ja \u2013 randig stickad i flera f\u00e4rger \ud83c\udf08\u2728\" \/>\n<meta property=\"og:description\" content=\"PHOEBE tr\u00f6ja \u2013 randig stickad i flera f\u00e4rger \ud83c\udf08\u2728Snygg och superh\u00e4rlig randig stickad tr\u00f6ja med olika f\u00e4rger som lyfter hela outfiten \ud83d\ude0d Tr\u00f6jan \u00e4r i sk\u00f6n bomull med rund hals och fina stickade detaljer vid \u00e4rmsluten f\u00f6r en extra snygg finish \ud83d\udcab Perfekt att matcha med jeans \u2013 eller plocka upp n\u00e5gon av f\u00e4rgerna i tr\u00f6jan f\u00f6r en genomt\u00e4nkt look \ud83d\udc56\u2728 \u2705 Rund hals\u2705 Randig i flera f\u00e4rger\u2705 Fina stickningar vid \u00e4rmslut\u2705 Mjuk och stretchig kvalitet \ud83d\udccc Storlekar: S\/M, L\/XLMaterial: 95% bomull | 5% elastan \ud83e\uddf5Tv\u00e4ttr\u00e5d: 30\u00b0 \ud83e\uddfa\" \/>\n<meta property=\"og:url\" content=\"https:\/\/stilanddesign.se\/en\/product\/phoebe-troja-randig-stickad-i-flera-farger-\ud83c\udf08\u2728\/\" \/>\n<meta property=\"og:site_name\" content=\"Stil &amp; Design\" \/>\n<meta property=\"article:modified_time\" content=\"2026-03-31T08:43:57+00:00\" \/>\n<meta property=\"og:image\" content=\"https:\/\/stilanddesign.se\/wp-content\/uploads\/2026\/02\/665654543333333333333.webp\" \/>\n\t<meta property=\"og:image:width\" content=\"1920\" \/>\n\t<meta property=\"og:image:height\" content=\"2560\" \/>\n\t<meta property=\"og:image:type\" content=\"image\/webp\" \/>\n<meta name=\"twitter:card\" content=\"summary_large_image\" \/>\n<meta name=\"twitter:label1\" content=\"Est. reading time\" \/>\n\t<meta name=\"twitter:data1\" content=\"1 minute\" \/>\n<script type=\"application\/ld+json\" class=\"yoast-schema-graph\">{\"@context\":\"https:\\\/\\\/schema.org\",\"@graph\":[{\"@type\":\"WebPage\",\"@id\":\"https:\\\/\\\/stilanddesign.se\\\/produkt\\\/phoebe-troja-randig-stickad-i-flera-farger-%f0%9f%8c%88%e2%9c%a8\\\/\",\"url\":\"https:\\\/\\\/stilanddesign.se\\\/produkt\\\/phoebe-troja-randig-stickad-i-flera-farger-%f0%9f%8c%88%e2%9c%a8\\\/\",\"name\":\"PHOEBE tr\u00f6ja \u2013 randig stickad i flera f\u00e4rger \ud83c\udf08\u2728 - Stil &amp; Design\",\"isPartOf\":{\"@id\":\"https:\\\/\\\/stilanddesign.se\\\/#website\"},\"primaryImageOfPage\":{\"@id\":\"https:\\\/\\\/stilanddesign.se\\\/produkt\\\/phoebe-troja-randig-stickad-i-flera-farger-%f0%9f%8c%88%e2%9c%a8\\\/#primaryimage\"},\"image\":{\"@id\":\"https:\\\/\\\/stilanddesign.se\\\/produkt\\\/phoebe-troja-randig-stickad-i-flera-farger-%f0%9f%8c%88%e2%9c%a8\\\/#primaryimage\"},\"thumbnailUrl\":\"https:\\\/\\\/stilanddesign.se\\\/wp-content\\\/uploads\\\/2026\\\/02\\\/665654543333333333333.webp\",\"datePublished\":\"2026-03-31T07:49:00+00:00\",\"dateModified\":\"2026-03-31T08:43:57+00:00\",\"breadcrumb\":{\"@id\":\"https:\\\/\\\/stilanddesign.se\\\/produkt\\\/phoebe-troja-randig-stickad-i-flera-farger-%f0%9f%8c%88%e2%9c%a8\\\/#breadcrumb\"},\"inLanguage\":\"en-US\",\"potentialAction\":[{\"@type\":\"ReadAction\",\"target\":[\"https:\\\/\\\/stilanddesign.se\\\/produkt\\\/phoebe-troja-randig-stickad-i-flera-farger-%f0%9f%8c%88%e2%9c%a8\\\/\"]}]},{\"@type\":\"ImageObject\",\"inLanguage\":\"en-US\",\"@id\":\"https:\\\/\\\/stilanddesign.se\\\/produkt\\\/phoebe-troja-randig-stickad-i-flera-farger-%f0%9f%8c%88%e2%9c%a8\\\/#primaryimage\",\"url\":\"https:\\\/\\\/stilanddesign.se\\\/wp-content\\\/uploads\\\/2026\\\/02\\\/665654543333333333333.webp\",\"contentUrl\":\"https:\\\/\\\/stilanddesign.se\\\/wp-content\\\/uploads\\\/2026\\\/02\\\/665654543333333333333.webp\",\"width\":1920,\"height\":2560,\"caption\":\"Stickad bomullstr\u00f6ja i randig bl\u00e5\"},{\"@type\":\"BreadcrumbList\",\"@id\":\"https:\\\/\\\/stilanddesign.se\\\/produkt\\\/phoebe-troja-randig-stickad-i-flera-farger-%f0%9f%8c%88%e2%9c%a8\\\/#breadcrumb\",\"itemListElement\":[{\"@type\":\"ListItem\",\"position\":1,\"name\":\"Hem\",\"item\":\"https:\\\/\\\/stilanddesign.se\\\/\"},{\"@type\":\"ListItem\",\"position\":2,\"name\":\"Butiken\",\"item\":\"https:\\\/\\\/stilanddesign.se\\\/butiken\\\/\"},{\"@type\":\"ListItem\",\"position\":3,\"name\":\"PHOEBE tr\u00f6ja \u2013 randig stickad i flera f\u00e4rger \ud83c\udf08\u2728\"}]},{\"@type\":\"WebSite\",\"@id\":\"https:\\\/\\\/stilanddesign.se\\\/#website\",\"url\":\"https:\\\/\\\/stilanddesign.se\\\/\",\"name\":\"Stil &amp; Design\",\"description\":\"F\u00f6r oss som \u00e4lskar mode!\",\"publisher\":{\"@id\":\"https:\\\/\\\/stilanddesign.se\\\/#organization\"},\"potentialAction\":[{\"@type\":\"SearchAction\",\"target\":{\"@type\":\"EntryPoint\",\"urlTemplate\":\"https:\\\/\\\/stilanddesign.se\\\/?s={search_term_string}\"},\"query-input\":{\"@type\":\"PropertyValueSpecification\",\"valueRequired\":true,\"valueName\":\"search_term_string\"}}],\"inLanguage\":\"en-US\"},{\"@type\":\"Organization\",\"@id\":\"https:\\\/\\\/stilanddesign.se\\\/#organization\",\"name\":\"Stil &amp; Design\",\"url\":\"https:\\\/\\\/stilanddesign.se\\\/\",\"logo\":{\"@type\":\"ImageObject\",\"inLanguage\":\"en-US\",\"@id\":\"https:\\\/\\\/stilanddesign.se\\\/#\\\/schema\\\/logo\\\/image\\\/\",\"url\":\"https:\\\/\\\/stilanddesign.se\\\/wp-content\\\/uploads\\\/2023\\\/12\\\/output-onlinepngtools-e1727784413220.png\",\"contentUrl\":\"https:\\\/\\\/stilanddesign.se\\\/wp-content\\\/uploads\\\/2023\\\/12\\\/output-onlinepngtools-e1727784413220.png\",\"width\":519,\"height\":135,\"caption\":\"Stil &amp; Design\"},\"image\":{\"@id\":\"https:\\\/\\\/stilanddesign.se\\\/#\\\/schema\\\/logo\\\/image\\\/\"}}]}<\/script>\n<!-- \/ Yoast SEO Premium plugin. -->","yoast_head_json":{"title":"PHOEBE tr\u00f6ja \u2013 randig stickad i flera f\u00e4rger \ud83c\udf08\u2728 - Stil &amp; Design","robots":{"index":"index","follow":"follow","max-snippet":"max-snippet:-1","max-image-preview":"max-image-preview:large","max-video-preview":"max-video-preview:-1"},"canonical":"https:\/\/stilanddesign.se\/en\/product\/phoebe-troja-randig-stickad-i-flera-farger-\ud83c\udf08\u2728\/","og_locale":"en_US","og_type":"article","og_title":"PHOEBE tr\u00f6ja \u2013 randig stickad i flera f\u00e4rger \ud83c\udf08\u2728","og_description":"PHOEBE tr\u00f6ja \u2013 randig stickad i flera f\u00e4rger \ud83c\udf08\u2728Snygg och superh\u00e4rlig randig stickad tr\u00f6ja med olika f\u00e4rger som lyfter hela outfiten \ud83d\ude0d Tr\u00f6jan \u00e4r i sk\u00f6n bomull med rund hals och fina stickade detaljer vid \u00e4rmsluten f\u00f6r en extra snygg finish \ud83d\udcab Perfekt att matcha med jeans \u2013 eller plocka upp n\u00e5gon av f\u00e4rgerna i tr\u00f6jan f\u00f6r en genomt\u00e4nkt look \ud83d\udc56\u2728 \u2705 Rund hals\u2705 Randig i flera f\u00e4rger\u2705 Fina stickningar vid \u00e4rmslut\u2705 Mjuk och stretchig kvalitet \ud83d\udccc Storlekar: S\/M, L\/XLMaterial: 95% bomull | 5% elastan \ud83e\uddf5Tv\u00e4ttr\u00e5d: 30\u00b0 \ud83e\uddfa","og_url":"https:\/\/stilanddesign.se\/en\/product\/phoebe-troja-randig-stickad-i-flera-farger-\ud83c\udf08\u2728\/","og_site_name":"Stil &amp; Design","article_modified_time":"2026-03-31T08:43:57+00:00","og_image":[{"width":1920,"height":2560,"url":"https:\/\/stilanddesign.se\/wp-content\/uploads\/2026\/02\/665654543333333333333.webp","type":"image\/webp"}],"twitter_card":"summary_large_image","twitter_misc":{"Est. reading time":"1 minute"},"schema":{"@context":"https:\/\/schema.org","@graph":[{"@type":"WebPage","@id":"https:\/\/stilanddesign.se\/produkt\/phoebe-troja-randig-stickad-i-flera-farger-%f0%9f%8c%88%e2%9c%a8\/","url":"https:\/\/stilanddesign.se\/produkt\/phoebe-troja-randig-stickad-i-flera-farger-%f0%9f%8c%88%e2%9c%a8\/","name":"PHOEBE tr\u00f6ja \u2013 randig stickad i flera f\u00e4rger \ud83c\udf08\u2728 - Stil &amp; Design","isPartOf":{"@id":"https:\/\/stilanddesign.se\/#website"},"primaryImageOfPage":{"@id":"https:\/\/stilanddesign.se\/produkt\/phoebe-troja-randig-stickad-i-flera-farger-%f0%9f%8c%88%e2%9c%a8\/#primaryimage"},"image":{"@id":"https:\/\/stilanddesign.se\/produkt\/phoebe-troja-randig-stickad-i-flera-farger-%f0%9f%8c%88%e2%9c%a8\/#primaryimage"},"thumbnailUrl":"https:\/\/stilanddesign.se\/wp-content\/uploads\/2026\/02\/665654543333333333333.webp","datePublished":"2026-03-31T07:49:00+00:00","dateModified":"2026-03-31T08:43:57+00:00","breadcrumb":{"@id":"https:\/\/stilanddesign.se\/produkt\/phoebe-troja-randig-stickad-i-flera-farger-%f0%9f%8c%88%e2%9c%a8\/#breadcrumb"},"inLanguage":"en-US","potentialAction":[{"@type":"ReadAction","target":["https:\/\/stilanddesign.se\/produkt\/phoebe-troja-randig-stickad-i-flera-farger-%f0%9f%8c%88%e2%9c%a8\/"]}]},{"@type":"ImageObject","inLanguage":"en-US","@id":"https:\/\/stilanddesign.se\/produkt\/phoebe-troja-randig-stickad-i-flera-farger-%f0%9f%8c%88%e2%9c%a8\/#primaryimage","url":"https:\/\/stilanddesign.se\/wp-content\/uploads\/2026\/02\/665654543333333333333.webp","contentUrl":"https:\/\/stilanddesign.se\/wp-content\/uploads\/2026\/02\/665654543333333333333.webp","width":1920,"height":2560,"caption":"Stickad bomullstr\u00f6ja i randig bl\u00e5"},{"@type":"BreadcrumbList","@id":"https:\/\/stilanddesign.se\/produkt\/phoebe-troja-randig-stickad-i-flera-farger-%f0%9f%8c%88%e2%9c%a8\/#breadcrumb","itemListElement":[{"@type":"ListItem","position":1,"name":"Hem","item":"https:\/\/stilanddesign.se\/"},{"@type":"ListItem","position":2,"name":"Butiken","item":"https:\/\/stilanddesign.se\/butiken\/"},{"@type":"ListItem","position":3,"name":"PHOEBE tr\u00f6ja \u2013 randig stickad i flera f\u00e4rger \ud83c\udf08\u2728"}]},{"@type":"WebSite","@id":"https:\/\/stilanddesign.se\/#website","url":"https:\/\/stilanddesign.se\/","name":"Style &amp; Design","description":"For those of us who love fashion!","publisher":{"@id":"https:\/\/stilanddesign.se\/#organization"},"potentialAction":[{"@type":"SearchAction","target":{"@type":"EntryPoint","urlTemplate":"https:\/\/stilanddesign.se\/?s={search_term_string}"},"query-input":{"@type":"PropertyValueSpecification","valueRequired":true,"valueName":"search_term_string"}}],"inLanguage":"en-US"},{"@type":"Organization","@id":"https:\/\/stilanddesign.se\/#organization","name":"Style &amp; Design","url":"https:\/\/stilanddesign.se\/","logo":{"@type":"ImageObject","inLanguage":"en-US","@id":"https:\/\/stilanddesign.se\/#\/schema\/logo\/image\/","url":"https:\/\/stilanddesign.se\/wp-content\/uploads\/2023\/12\/output-onlinepngtools-e1727784413220.png","contentUrl":"https:\/\/stilanddesign.se\/wp-content\/uploads\/2023\/12\/output-onlinepngtools-e1727784413220.png","width":519,"height":135,"caption":"Stil &amp; Design"},"image":{"@id":"https:\/\/stilanddesign.se\/#\/schema\/logo\/image\/"}}]}},"_links":{"self":[{"href":"https:\/\/stilanddesign.se\/en\/wp-json\/wp\/v2\/product\/1067191","targetHints":{"allow":["GET"]}}],"collection":[{"href":"https:\/\/stilanddesign.se\/en\/wp-json\/wp\/v2\/product"}],"about":[{"href":"https:\/\/stilanddesign.se\/en\/wp-json\/wp\/v2\/types\/product"}],"replies":[{"embeddable":true,"href":"https:\/\/stilanddesign.se\/en\/wp-json\/wp\/v2\/comments?post=1067191"}],"wp:featuredmedia":[{"embeddable":true,"href":"https:\/\/stilanddesign.se\/en\/wp-json\/wp\/v2\/media\/1067173"}],"wp:attachment":[{"href":"https:\/\/stilanddesign.se\/en\/wp-json\/wp\/v2\/media?parent=1067191"}],"wp:term":[{"taxonomy":"product_brand","embeddable":true,"href":"https:\/\/stilanddesign.se\/en\/wp-json\/wp\/v2\/product_brand?post=1067191"},{"taxonomy":"product_cat","embeddable":true,"href":"https:\/\/stilanddesign.se\/en\/wp-json\/wp\/v2\/product_cat?post=1067191"},{"taxonomy":"product_tag","embeddable":true,"href":"https:\/\/stilanddesign.se\/en\/wp-json\/wp\/v2\/product_tag?post=1067191"}],"curies":[{"name":"wp","href":"https:\/\/api.w.org\/{rel}","templated":true}]}}