{"id":1066974,"date":"2026-04-13T13:25:21","date_gmt":"2026-04-13T11:25:21","guid":{"rendered":"https:\/\/stilanddesign.se\/?post_type=product&#038;p=1066974"},"modified":"2026-04-14T16:53:04","modified_gmt":"2026-04-14T14:53:04","slug":"collegetroja-copenhagen-i-orange-brun-frmarha-du-chateu","status":"publish","type":"product","link":"https:\/\/stilanddesign.se\/en\/product\/collegetroja-copenhagen-i-orange-brun-frmarha-du-chateu\/","title":{"rendered":"Sweatshirt Copenhagen in orange\/brown, Marha Du Chateu"},"content":{"rendered":"<p data-start=\"0\" data-end=\"57\">\ud83e\udd0e <strong data-start=\"3\" data-end=\"52\">Sweatshirt &quot;Copenhagen&quot; \u2013 Martha Du Chateau<\/strong> \ud83e\udd0e<\/p>\n<p data-start=\"59\" data-end=\"280\">A stylish and relaxed college sweater in orange that gives a soft but trendy impression. The brown print creates a nice contrast and gives the garment a modern, well-thought-out feel - perfect for both everyday life and days off \u2728<\/p>\n<p data-start=\"282\" data-end=\"550\">\u2714 <strong data-start=\"284\" data-end=\"299\">Rounded neck<\/strong> for a classic and comfortable fit<br data-start=\"335\" data-end=\"338\" \/>\u2714 Orange bottom with <strong data-start=\"357\" data-end=\"387\">\u201d&quot;Copenhagen&quot; print in brown<\/strong> in front<br data-start=\"396\" data-end=\"399\" data-is-only-node=\"\" \/>\u2714 <strong data-start=\"401\" data-end=\"413\">Long sleeve<\/strong> with brown print and <strong data-start=\"434\" data-end=\"452\">cuffs<\/strong><br data-start=\"452\" data-end=\"455\" \/>\u2714 <strong data-start=\"457\" data-end=\"473\">Cuff at the bottom<\/strong> which gives a nice fall<br data-start=\"495\" data-end=\"498\" \/>\u2714 <strong data-start=\"500\" data-end=\"530\">Spacious and oversized model<\/strong> \u2013 casual chic<\/p>\n<p data-start=\"552\" data-end=\"607\"><strong data-start=\"552\" data-end=\"565\">Material:<\/strong><br data-start=\"565\" data-end=\"568\" \/>50% polyester, 42% viscose, 8% elastane<\/p>\n<p data-start=\"609\" data-end=\"723\" data-is-last-node=\"\" data-is-only-node=\"\">An easy-to-wear favorite that goes just as well with jeans as with softer pants \u2013 simple, trendy and incredibly comfortable \ud83e\udd0e<\/p>\n<h1><strong>\u00a0<\/strong><\/h1>\n<p>&nbsp;<\/p>\n<p>&nbsp;<\/p>\n<p>&nbsp;<\/p>\n<p>&nbsp;<\/p>","protected":false},"excerpt":{"rendered":"<p data-start=\"0\" data-end=\"57\">\ud83e\udd0e <strong data-start=\"3\" data-end=\"52\">Sweatshirt &quot;Copenhagen&quot; \u2013 Martha Du Chateau<\/strong> \ud83e\udd0e<\/p>\n<p data-start=\"59\" data-end=\"280\">A stylish and relaxed college sweater in orange that gives a soft but trendy impression. The brown print creates a nice contrast and gives the garment a modern, well-thought-out feel - perfect for both everyday life and days off \u2728<\/p>\n<p data-start=\"282\" data-end=\"550\">\u2714 <strong data-start=\"284\" data-end=\"299\">Rounded neck<\/strong> for a classic and comfortable fit<br data-start=\"335\" data-end=\"338\" \/>\u2714 Orange with <strong data-start=\"357\" data-end=\"387\">\u201d&quot;Copenhagen&quot; print in brown<\/strong> in front<br data-start=\"396\" data-end=\"399\" data-is-only-node=\"\" \/>\u2714 <strong data-start=\"401\" data-end=\"413\">Long sleeve<\/strong> with brown print and <strong data-start=\"434\" data-end=\"452\">cuffs<\/strong><br data-start=\"452\" data-end=\"455\" \/>\u2714 <strong data-start=\"457\" data-end=\"473\">Cuff at the bottom<\/strong> which gives a nice fall<br data-start=\"495\" data-end=\"498\" \/>\u2714 <strong data-start=\"500\" data-end=\"530\">Spacious and oversized model<\/strong> \u2013 casual chic<\/p>\n<p data-start=\"552\" data-end=\"607\"><strong data-start=\"552\" data-end=\"565\">Material:<\/strong><br data-start=\"565\" data-end=\"568\" \/>50% polyester, 42% viscose, 8% elastane<\/p>\n<p data-start=\"609\" data-end=\"723\" data-is-last-node=\"\" data-is-only-node=\"\">An easy-to-wear favorite that goes just as well with jeans as with softer pants \u2013 simple, trendy and incredibly comfortable \ud83e\udd0e<\/p>\n<h1><strong>\u00a0<\/strong><\/h1>\n<p>&nbsp;<\/p>\n<p>&nbsp;<\/p>","protected":false},"featured_media":1066970,"comment_status":"closed","ping_status":"closed","template":"","meta":[],"product_brand":[],"product_cat":[217,223],"product_tag":[],"class_list":{"0":"post-1066974","1":"product","2":"type-product","3":"status-publish","4":"has-post-thumbnail","6":"product_cat-produktnyheter","7":"product_cat-stickade-trojor","9":"first","10":"instock","11":"taxable","12":"shipping-taxable","13":"purchasable","14":"product-type-variable"},"yoast_head":"<!-- This site is optimized with the Yoast SEO Premium plugin v27.1 (Yoast SEO v27.4) - https:\/\/yoast.com\/product\/yoast-seo-premium-wordpress\/ -->\n<title>Collegetr\u00f6ja Copenhagen i orange\/brun fr,Marha Du Chateu - Stil &amp; Design<\/title>\n<meta name=\"robots\" content=\"index, follow, max-snippet:-1, max-image-preview:large, max-video-preview:-1\" \/>\n<link rel=\"canonical\" href=\"https:\/\/stilanddesign.se\/en\/product\/collegetroja-copenhagen-i-orange-brun-frmarha-du-chateu\/\" \/>\n<meta property=\"og:locale\" content=\"en_US\" \/>\n<meta property=\"og:type\" content=\"article\" \/>\n<meta property=\"og:title\" content=\"Collegetr\u00f6ja Copenhagen i orange\/brun fr,Marha Du Chateu\" \/>\n<meta property=\"og:description\" content=\"\ud83e\udd0e Collegetr\u00f6ja \u201dCopenhagen\u201d \u2013 Martha Du Chateau \ud83e\udd0e En stilren och avslappnad collegetr\u00f6ja i orange som ger ett mjukt men trendigt intryck. Det bruna trycket skapar en snygg kontrast och ger plagget en modern, genomt\u00e4nkt k\u00e4nsla \u2013 perfekt f\u00f6r b\u00e5de vardag och lediga dagar \u2728 \u2714 Rundad hals f\u00f6r en klassisk och bekv\u00e4m passform\u2714 Orange\u00a0 med \u201dCopenhagen\u201d-tryck i brunt framtill\u2714 L\u00e5ng \u00e4rm med brunt tryck och mudd i \u00e4rmslut\u2714 Mudd nertill som ger ett fint fall\u2714 Rymlig och oversize modell \u2013 avslappnat chic Material:50% polyester, 42% viskos, 8% elastan En l\u00e4ttburen favorit som passar lika bra till jeans som till mjukare byxor \u2013 enkel, trendig och otroligt bekv\u00e4m \ud83e\udd0e  \u00a0 &nbsp;  &nbsp;\" \/>\n<meta property=\"og:url\" content=\"https:\/\/stilanddesign.se\/en\/product\/collegetroja-copenhagen-i-orange-brun-frmarha-du-chateu\/\" \/>\n<meta property=\"og:site_name\" content=\"Stil &amp; Design\" \/>\n<meta property=\"article:modified_time\" content=\"2026-04-14T14:53:04+00:00\" \/>\n<meta property=\"og:image\" content=\"https:\/\/stilanddesign.se\/wp-content\/uploads\/2026\/02\/77676545555.jpg\" \/>\n\t<meta property=\"og:image:width\" content=\"1024\" \/>\n\t<meta property=\"og:image:height\" content=\"1024\" \/>\n\t<meta property=\"og:image:type\" content=\"image\/jpeg\" \/>\n<meta name=\"twitter:card\" content=\"summary_large_image\" \/>\n<meta name=\"twitter:label1\" content=\"Est. reading time\" \/>\n\t<meta name=\"twitter:data1\" content=\"1 minute\" \/>\n<script type=\"application\/ld+json\" class=\"yoast-schema-graph\">{\"@context\":\"https:\\\/\\\/schema.org\",\"@graph\":[{\"@type\":\"WebPage\",\"@id\":\"https:\\\/\\\/stilanddesign.se\\\/produkt\\\/collegetroja-copenhagen-i-orange-brun-frmarha-du-chateu\\\/\",\"url\":\"https:\\\/\\\/stilanddesign.se\\\/produkt\\\/collegetroja-copenhagen-i-orange-brun-frmarha-du-chateu\\\/\",\"name\":\"Collegetr\u00f6ja Copenhagen i orange\\\/brun fr,Marha Du Chateu - Stil &amp; Design\",\"isPartOf\":{\"@id\":\"https:\\\/\\\/stilanddesign.se\\\/#website\"},\"primaryImageOfPage\":{\"@id\":\"https:\\\/\\\/stilanddesign.se\\\/produkt\\\/collegetroja-copenhagen-i-orange-brun-frmarha-du-chateu\\\/#primaryimage\"},\"image\":{\"@id\":\"https:\\\/\\\/stilanddesign.se\\\/produkt\\\/collegetroja-copenhagen-i-orange-brun-frmarha-du-chateu\\\/#primaryimage\"},\"thumbnailUrl\":\"https:\\\/\\\/stilanddesign.se\\\/wp-content\\\/uploads\\\/2026\\\/02\\\/77676545555.jpg\",\"datePublished\":\"2026-04-13T11:25:21+00:00\",\"dateModified\":\"2026-04-14T14:53:04+00:00\",\"breadcrumb\":{\"@id\":\"https:\\\/\\\/stilanddesign.se\\\/produkt\\\/collegetroja-copenhagen-i-orange-brun-frmarha-du-chateu\\\/#breadcrumb\"},\"inLanguage\":\"en-US\",\"potentialAction\":[{\"@type\":\"ReadAction\",\"target\":[\"https:\\\/\\\/stilanddesign.se\\\/produkt\\\/collegetroja-copenhagen-i-orange-brun-frmarha-du-chateu\\\/\"]}]},{\"@type\":\"ImageObject\",\"inLanguage\":\"en-US\",\"@id\":\"https:\\\/\\\/stilanddesign.se\\\/produkt\\\/collegetroja-copenhagen-i-orange-brun-frmarha-du-chateu\\\/#primaryimage\",\"url\":\"https:\\\/\\\/stilanddesign.se\\\/wp-content\\\/uploads\\\/2026\\\/02\\\/77676545555.jpg\",\"contentUrl\":\"https:\\\/\\\/stilanddesign.se\\\/wp-content\\\/uploads\\\/2026\\\/02\\\/77676545555.jpg\",\"width\":1024,\"height\":1024,\"caption\":\"Collegetr\u00f6ja Copenhagen orange\\\/brun\"},{\"@type\":\"BreadcrumbList\",\"@id\":\"https:\\\/\\\/stilanddesign.se\\\/produkt\\\/collegetroja-copenhagen-i-orange-brun-frmarha-du-chateu\\\/#breadcrumb\",\"itemListElement\":[{\"@type\":\"ListItem\",\"position\":1,\"name\":\"Hem\",\"item\":\"https:\\\/\\\/stilanddesign.se\\\/\"},{\"@type\":\"ListItem\",\"position\":2,\"name\":\"Butiken\",\"item\":\"https:\\\/\\\/stilanddesign.se\\\/butiken\\\/\"},{\"@type\":\"ListItem\",\"position\":3,\"name\":\"Collegetr\u00f6ja Copenhagen i orange\\\/brun fr,Marha Du Chateu\"}]},{\"@type\":\"WebSite\",\"@id\":\"https:\\\/\\\/stilanddesign.se\\\/#website\",\"url\":\"https:\\\/\\\/stilanddesign.se\\\/\",\"name\":\"Stil &amp; Design\",\"description\":\"F\u00f6r oss som \u00e4lskar mode!\",\"publisher\":{\"@id\":\"https:\\\/\\\/stilanddesign.se\\\/#organization\"},\"potentialAction\":[{\"@type\":\"SearchAction\",\"target\":{\"@type\":\"EntryPoint\",\"urlTemplate\":\"https:\\\/\\\/stilanddesign.se\\\/?s={search_term_string}\"},\"query-input\":{\"@type\":\"PropertyValueSpecification\",\"valueRequired\":true,\"valueName\":\"search_term_string\"}}],\"inLanguage\":\"en-US\"},{\"@type\":\"Organization\",\"@id\":\"https:\\\/\\\/stilanddesign.se\\\/#organization\",\"name\":\"Stil &amp; Design\",\"url\":\"https:\\\/\\\/stilanddesign.se\\\/\",\"logo\":{\"@type\":\"ImageObject\",\"inLanguage\":\"en-US\",\"@id\":\"https:\\\/\\\/stilanddesign.se\\\/#\\\/schema\\\/logo\\\/image\\\/\",\"url\":\"https:\\\/\\\/stilanddesign.se\\\/wp-content\\\/uploads\\\/2023\\\/12\\\/output-onlinepngtools-e1727784413220.png\",\"contentUrl\":\"https:\\\/\\\/stilanddesign.se\\\/wp-content\\\/uploads\\\/2023\\\/12\\\/output-onlinepngtools-e1727784413220.png\",\"width\":519,\"height\":135,\"caption\":\"Stil &amp; Design\"},\"image\":{\"@id\":\"https:\\\/\\\/stilanddesign.se\\\/#\\\/schema\\\/logo\\\/image\\\/\"}}]}<\/script>\n<!-- \/ Yoast SEO Premium plugin. -->","yoast_head_json":{"title":"Collegetr\u00f6ja Copenhagen i orange\/brun fr,Marha Du Chateu - Stil &amp; Design","robots":{"index":"index","follow":"follow","max-snippet":"max-snippet:-1","max-image-preview":"max-image-preview:large","max-video-preview":"max-video-preview:-1"},"canonical":"https:\/\/stilanddesign.se\/en\/product\/collegetroja-copenhagen-i-orange-brun-frmarha-du-chateu\/","og_locale":"en_US","og_type":"article","og_title":"Collegetr\u00f6ja Copenhagen i orange\/brun fr,Marha Du Chateu","og_description":"\ud83e\udd0e Collegetr\u00f6ja \u201dCopenhagen\u201d \u2013 Martha Du Chateau \ud83e\udd0e En stilren och avslappnad collegetr\u00f6ja i orange som ger ett mjukt men trendigt intryck. Det bruna trycket skapar en snygg kontrast och ger plagget en modern, genomt\u00e4nkt k\u00e4nsla \u2013 perfekt f\u00f6r b\u00e5de vardag och lediga dagar \u2728 \u2714 Rundad hals f\u00f6r en klassisk och bekv\u00e4m passform\u2714 Orange\u00a0 med \u201dCopenhagen\u201d-tryck i brunt framtill\u2714 L\u00e5ng \u00e4rm med brunt tryck och mudd i \u00e4rmslut\u2714 Mudd nertill som ger ett fint fall\u2714 Rymlig och oversize modell \u2013 avslappnat chic Material:50% polyester, 42% viskos, 8% elastan En l\u00e4ttburen favorit som passar lika bra till jeans som till mjukare byxor \u2013 enkel, trendig och otroligt bekv\u00e4m \ud83e\udd0e  \u00a0 &nbsp;  &nbsp;","og_url":"https:\/\/stilanddesign.se\/en\/product\/collegetroja-copenhagen-i-orange-brun-frmarha-du-chateu\/","og_site_name":"Stil &amp; Design","article_modified_time":"2026-04-14T14:53:04+00:00","og_image":[{"width":1024,"height":1024,"url":"https:\/\/stilanddesign.se\/wp-content\/uploads\/2026\/02\/77676545555.jpg","type":"image\/jpeg"}],"twitter_card":"summary_large_image","twitter_misc":{"Est. reading time":"1 minute"},"schema":{"@context":"https:\/\/schema.org","@graph":[{"@type":"WebPage","@id":"https:\/\/stilanddesign.se\/produkt\/collegetroja-copenhagen-i-orange-brun-frmarha-du-chateu\/","url":"https:\/\/stilanddesign.se\/produkt\/collegetroja-copenhagen-i-orange-brun-frmarha-du-chateu\/","name":"Collegetr\u00f6ja Copenhagen i orange\/brun fr,Marha Du Chateu - Stil &amp; Design","isPartOf":{"@id":"https:\/\/stilanddesign.se\/#website"},"primaryImageOfPage":{"@id":"https:\/\/stilanddesign.se\/produkt\/collegetroja-copenhagen-i-orange-brun-frmarha-du-chateu\/#primaryimage"},"image":{"@id":"https:\/\/stilanddesign.se\/produkt\/collegetroja-copenhagen-i-orange-brun-frmarha-du-chateu\/#primaryimage"},"thumbnailUrl":"https:\/\/stilanddesign.se\/wp-content\/uploads\/2026\/02\/77676545555.jpg","datePublished":"2026-04-13T11:25:21+00:00","dateModified":"2026-04-14T14:53:04+00:00","breadcrumb":{"@id":"https:\/\/stilanddesign.se\/produkt\/collegetroja-copenhagen-i-orange-brun-frmarha-du-chateu\/#breadcrumb"},"inLanguage":"en-US","potentialAction":[{"@type":"ReadAction","target":["https:\/\/stilanddesign.se\/produkt\/collegetroja-copenhagen-i-orange-brun-frmarha-du-chateu\/"]}]},{"@type":"ImageObject","inLanguage":"en-US","@id":"https:\/\/stilanddesign.se\/produkt\/collegetroja-copenhagen-i-orange-brun-frmarha-du-chateu\/#primaryimage","url":"https:\/\/stilanddesign.se\/wp-content\/uploads\/2026\/02\/77676545555.jpg","contentUrl":"https:\/\/stilanddesign.se\/wp-content\/uploads\/2026\/02\/77676545555.jpg","width":1024,"height":1024,"caption":"Collegetr\u00f6ja Copenhagen orange\/brun"},{"@type":"BreadcrumbList","@id":"https:\/\/stilanddesign.se\/produkt\/collegetroja-copenhagen-i-orange-brun-frmarha-du-chateu\/#breadcrumb","itemListElement":[{"@type":"ListItem","position":1,"name":"Hem","item":"https:\/\/stilanddesign.se\/"},{"@type":"ListItem","position":2,"name":"Butiken","item":"https:\/\/stilanddesign.se\/butiken\/"},{"@type":"ListItem","position":3,"name":"Collegetr\u00f6ja Copenhagen i orange\/brun fr,Marha Du Chateu"}]},{"@type":"WebSite","@id":"https:\/\/stilanddesign.se\/#website","url":"https:\/\/stilanddesign.se\/","name":"Style &amp; Design","description":"For those of us who love fashion!","publisher":{"@id":"https:\/\/stilanddesign.se\/#organization"},"potentialAction":[{"@type":"SearchAction","target":{"@type":"EntryPoint","urlTemplate":"https:\/\/stilanddesign.se\/?s={search_term_string}"},"query-input":{"@type":"PropertyValueSpecification","valueRequired":true,"valueName":"search_term_string"}}],"inLanguage":"en-US"},{"@type":"Organization","@id":"https:\/\/stilanddesign.se\/#organization","name":"Style &amp; Design","url":"https:\/\/stilanddesign.se\/","logo":{"@type":"ImageObject","inLanguage":"en-US","@id":"https:\/\/stilanddesign.se\/#\/schema\/logo\/image\/","url":"https:\/\/stilanddesign.se\/wp-content\/uploads\/2023\/12\/output-onlinepngtools-e1727784413220.png","contentUrl":"https:\/\/stilanddesign.se\/wp-content\/uploads\/2023\/12\/output-onlinepngtools-e1727784413220.png","width":519,"height":135,"caption":"Stil &amp; Design"},"image":{"@id":"https:\/\/stilanddesign.se\/#\/schema\/logo\/image\/"}}]}},"_links":{"self":[{"href":"https:\/\/stilanddesign.se\/en\/wp-json\/wp\/v2\/product\/1066974","targetHints":{"allow":["GET"]}}],"collection":[{"href":"https:\/\/stilanddesign.se\/en\/wp-json\/wp\/v2\/product"}],"about":[{"href":"https:\/\/stilanddesign.se\/en\/wp-json\/wp\/v2\/types\/product"}],"replies":[{"embeddable":true,"href":"https:\/\/stilanddesign.se\/en\/wp-json\/wp\/v2\/comments?post=1066974"}],"wp:featuredmedia":[{"embeddable":true,"href":"https:\/\/stilanddesign.se\/en\/wp-json\/wp\/v2\/media\/1066970"}],"wp:attachment":[{"href":"https:\/\/stilanddesign.se\/en\/wp-json\/wp\/v2\/media?parent=1066974"}],"wp:term":[{"taxonomy":"product_brand","embeddable":true,"href":"https:\/\/stilanddesign.se\/en\/wp-json\/wp\/v2\/product_brand?post=1066974"},{"taxonomy":"product_cat","embeddable":true,"href":"https:\/\/stilanddesign.se\/en\/wp-json\/wp\/v2\/product_cat?post=1066974"},{"taxonomy":"product_tag","embeddable":true,"href":"https:\/\/stilanddesign.se\/en\/wp-json\/wp\/v2\/product_tag?post=1066974"}],"curies":[{"name":"wp","href":"https:\/\/api.w.org\/{rel}","templated":true}]}}