{"id":1066794,"date":"2026-04-10T09:28:45","date_gmt":"2026-04-10T07:28:45","guid":{"rendered":"https:\/\/stilanddesign.se\/?post_type=product&#038;p=1066794"},"modified":"2026-04-15T18:17:13","modified_gmt":"2026-04-15T16:17:13","slug":"randig-skjorta-i-ecovero-viskos-zabaione-%f0%9f%92%97%f0%9f%92%99%e2%9c%a8","status":"publish","type":"product","link":"https:\/\/stilanddesign.se\/en\/product\/randig-skjorta-i-ecovero-viskos-zabaione-%f0%9f%92%97%f0%9f%92%99%e2%9c%a8\/","title":{"rendered":"Striped shirt in EcoVero viscose \u2013 Zabaione \ud83d\udc97\ud83d\udc99\u2728"},"content":{"rendered":"<p data-start=\"0\" data-end=\"319\"><strong data-start=\"0\" data-end=\"46\">Striped shirt in EcoVero viscose \u2013 Zabaione<\/strong> \ud83d\udc97\ud83d\udc99\u2728<br data-start=\"52\" data-end=\"55\" \/>A fresh and super nice striped shirt in soft <strong data-start=\"100\" data-end=\"118\">EcoVero viscose<\/strong> that falls nicely and feels wonderfully cool \ud83d\ude0d The shirt has classic <strong data-start=\"185\" data-end=\"200\">shirt collar<\/strong>, <strong data-start=\"202\" data-end=\"222\">buttons at the front<\/strong> and a relaxed fit that makes it just as nice tucked in as worn loose over pants\/shorts \ud83d\udc56\u2600\ufe0f<\/p>\n<p data-start=\"321\" data-end=\"404\">Perfect as an everyday shirt \u2013 or open over a tank top for a more laidback look \ud83d\udcab<\/p>\n<p data-start=\"406\" data-end=\"498\">\u2705 Shirt collar<br data-start=\"419\" data-end=\"422\" \/>\u2705 Button closure at the front<br data-start=\"442\" data-end=\"445\" \/>\u2705 Long sleeve with cuff<br data-start=\"469\" data-end=\"472\" \/>\u2705 Soft and cool quality<\/p>\n<p data-start=\"500\" data-end=\"553\">\ud83d\udccc <strong data-start=\"503\" data-end=\"514\">Colors:<\/strong> Pink &amp; Blue<br data-start=\"525\" data-end=\"528\" \/>\ud83d\udccc <strong data-start=\"531\" data-end=\"545\">Sizes:<\/strong> S\u2013XXL<\/p>\n<p data-start=\"555\" data-end=\"616\" data-is-last-node=\"\" data-is-only-node=\"\"><strong data-start=\"555\" data-end=\"568\">Material:<\/strong> 100% viscose (EcoVero) \ud83e\uddf5<br data-start=\"593\" data-end=\"596\" \/><strong data-start=\"596\" data-end=\"609\">Washing instructions:<\/strong> 30\u00b0 \ud83e\uddfa<\/p>","protected":false},"excerpt":{"rendered":"<p data-start=\"0\" data-end=\"319\"><strong data-start=\"0\" data-end=\"46\">Striped shirt in EcoVero viscose \u2013 Zabaione<\/strong> \ud83d\udc97\ud83d\udc99\u2728<br data-start=\"52\" data-end=\"55\" \/>A fresh and super nice striped shirt in soft <strong data-start=\"100\" data-end=\"118\">EcoVero viscose<\/strong> that falls nicely and feels wonderfully cool \ud83d\ude0d The shirt has classic <strong data-start=\"185\" data-end=\"200\">shirt collar<\/strong>, <strong data-start=\"202\" data-end=\"222\">buttons at the front<\/strong> and a relaxed fit that makes it just as nice tucked in as worn loose over pants\/shorts \ud83d\udc56\u2600\ufe0f<\/p>\n<p data-start=\"321\" data-end=\"404\">Perfect as an everyday shirt \u2013 or open over a tank top for a more laidback look \ud83d\udcab<\/p>\n<p data-start=\"406\" data-end=\"498\">\u2705 Shirt collar<br data-start=\"419\" data-end=\"422\" \/>\u2705 Button closure at the front<br data-start=\"442\" data-end=\"445\" \/>\u2705 Long sleeve with cuff<br data-start=\"469\" data-end=\"472\" \/>\u2705 Soft and cool quality<\/p>\n<p data-start=\"500\" data-end=\"553\">\ud83d\udccc <strong data-start=\"503\" data-end=\"514\">Colors:<\/strong> Pink &amp; Blue<br data-start=\"525\" data-end=\"528\" \/>\ud83d\udccc <strong data-start=\"531\" data-end=\"545\">Sizes:<\/strong> S\u2013XXL<\/p>\n<p data-start=\"555\" data-end=\"616\" data-is-last-node=\"\" data-is-only-node=\"\"><strong data-start=\"555\" data-end=\"568\">Material:<\/strong> 100% viscose (EcoVero) \ud83e\uddf5<br data-start=\"593\" data-end=\"596\" \/><strong data-start=\"596\" data-end=\"609\">Washing instructions:<\/strong> 30\u00b0 \ud83e\uddfa<\/p>","protected":false},"featured_media":1066790,"comment_status":"closed","ping_status":"closed","template":"","meta":[],"product_brand":[],"product_cat":[209],"product_tag":[],"class_list":{"0":"post-1066794","1":"product","2":"type-product","3":"status-publish","4":"has-post-thumbnail","6":"product_cat-reaprodukter","8":"first","9":"instock","10":"sale","11":"taxable","12":"shipping-taxable","13":"purchasable","14":"product-type-variable"},"yoast_head":"<!-- This site is optimized with the Yoast SEO Premium plugin v27.1 (Yoast SEO v27.4) - https:\/\/yoast.com\/product\/yoast-seo-premium-wordpress\/ -->\n<title>Randig skjorta i EcoVero-viskos \u2013 Zabaione \ud83d\udc97\ud83d\udc99\u2728 - Stil &amp; Design<\/title>\n<meta name=\"robots\" content=\"index, follow, max-snippet:-1, max-image-preview:large, max-video-preview:-1\" \/>\n<link rel=\"canonical\" href=\"https:\/\/stilanddesign.se\/en\/product\/randig-skjorta-i-ecovero-viskos-zabaione-\ud83d\udc97\ud83d\udc99\u2728\/\" \/>\n<meta property=\"og:locale\" content=\"en_US\" \/>\n<meta property=\"og:type\" content=\"article\" \/>\n<meta property=\"og:title\" content=\"Randig skjorta i EcoVero-viskos \u2013 Zabaione \ud83d\udc97\ud83d\udc99\u2728\" \/>\n<meta property=\"og:description\" content=\"Randig skjorta i EcoVero-viskos \u2013 Zabaione \ud83d\udc97\ud83d\udc99\u2728En fr\u00e4sch och superfin randig skjorta i mjuk EcoVero-viskos som faller snyggt och k\u00e4nns h\u00e4rligt sval \ud83d\ude0d Skjortan har klassisk skjortkrage, knappar framtill och en avslappnad passform som g\u00f6r den lika fin instoppad som att b\u00e4ra l\u00f6s \u00f6ver byxa\/shorts \ud83d\udc56\u2600\ufe0f Perfekt som vardagsskjorta \u2013 eller \u00f6ppen \u00f6ver ett linne f\u00f6r en mer laidback look \ud83d\udcab \u2705 Skjortkrage\u2705 Kn\u00e4ppning framtill\u2705 L\u00e5ng \u00e4rm med manschett\u2705 Mjuk och sval kvalitet \ud83d\udccc F\u00e4rger: Rosa &amp; Bl\u00e5\ud83d\udccc Storlekar: S\u2013XXL Material: 100% viskos (EcoVero) \ud83e\uddf5Tv\u00e4ttr\u00e5d: 30\u00b0 \ud83e\uddfa\" \/>\n<meta property=\"og:url\" content=\"https:\/\/stilanddesign.se\/en\/product\/randig-skjorta-i-ecovero-viskos-zabaione-\ud83d\udc97\ud83d\udc99\u2728\/\" \/>\n<meta property=\"og:site_name\" content=\"Stil &amp; Design\" \/>\n<meta property=\"article:modified_time\" content=\"2026-04-15T16:17:13+00:00\" \/>\n<meta property=\"og:image\" content=\"https:\/\/stilanddesign.se\/wp-content\/uploads\/2026\/02\/4068696882252_1.jpg\" \/>\n\t<meta property=\"og:image:width\" content=\"889\" \/>\n\t<meta property=\"og:image:height\" content=\"1280\" \/>\n\t<meta property=\"og:image:type\" content=\"image\/jpeg\" \/>\n<meta name=\"twitter:card\" content=\"summary_large_image\" \/>\n<meta name=\"twitter:label1\" content=\"Est. reading time\" \/>\n\t<meta name=\"twitter:data1\" content=\"1 minute\" \/>\n<script type=\"application\/ld+json\" class=\"yoast-schema-graph\">{\"@context\":\"https:\\\/\\\/schema.org\",\"@graph\":[{\"@type\":\"WebPage\",\"@id\":\"https:\\\/\\\/stilanddesign.se\\\/produkt\\\/randig-skjorta-i-ecovero-viskos-zabaione-%f0%9f%92%97%f0%9f%92%99%e2%9c%a8\\\/\",\"url\":\"https:\\\/\\\/stilanddesign.se\\\/produkt\\\/randig-skjorta-i-ecovero-viskos-zabaione-%f0%9f%92%97%f0%9f%92%99%e2%9c%a8\\\/\",\"name\":\"Randig skjorta i EcoVero-viskos \u2013 Zabaione \ud83d\udc97\ud83d\udc99\u2728 - Stil &amp; Design\",\"isPartOf\":{\"@id\":\"https:\\\/\\\/stilanddesign.se\\\/#website\"},\"primaryImageOfPage\":{\"@id\":\"https:\\\/\\\/stilanddesign.se\\\/produkt\\\/randig-skjorta-i-ecovero-viskos-zabaione-%f0%9f%92%97%f0%9f%92%99%e2%9c%a8\\\/#primaryimage\"},\"image\":{\"@id\":\"https:\\\/\\\/stilanddesign.se\\\/produkt\\\/randig-skjorta-i-ecovero-viskos-zabaione-%f0%9f%92%97%f0%9f%92%99%e2%9c%a8\\\/#primaryimage\"},\"thumbnailUrl\":\"https:\\\/\\\/stilanddesign.se\\\/wp-content\\\/uploads\\\/2026\\\/02\\\/4068696882252_1.jpg\",\"datePublished\":\"2026-04-10T07:28:45+00:00\",\"dateModified\":\"2026-04-15T16:17:13+00:00\",\"breadcrumb\":{\"@id\":\"https:\\\/\\\/stilanddesign.se\\\/produkt\\\/randig-skjorta-i-ecovero-viskos-zabaione-%f0%9f%92%97%f0%9f%92%99%e2%9c%a8\\\/#breadcrumb\"},\"inLanguage\":\"en-US\",\"potentialAction\":[{\"@type\":\"ReadAction\",\"target\":[\"https:\\\/\\\/stilanddesign.se\\\/produkt\\\/randig-skjorta-i-ecovero-viskos-zabaione-%f0%9f%92%97%f0%9f%92%99%e2%9c%a8\\\/\"]}]},{\"@type\":\"ImageObject\",\"inLanguage\":\"en-US\",\"@id\":\"https:\\\/\\\/stilanddesign.se\\\/produkt\\\/randig-skjorta-i-ecovero-viskos-zabaione-%f0%9f%92%97%f0%9f%92%99%e2%9c%a8\\\/#primaryimage\",\"url\":\"https:\\\/\\\/stilanddesign.se\\\/wp-content\\\/uploads\\\/2026\\\/02\\\/4068696882252_1.jpg\",\"contentUrl\":\"https:\\\/\\\/stilanddesign.se\\\/wp-content\\\/uploads\\\/2026\\\/02\\\/4068696882252_1.jpg\",\"width\":889,\"height\":1280},{\"@type\":\"BreadcrumbList\",\"@id\":\"https:\\\/\\\/stilanddesign.se\\\/produkt\\\/randig-skjorta-i-ecovero-viskos-zabaione-%f0%9f%92%97%f0%9f%92%99%e2%9c%a8\\\/#breadcrumb\",\"itemListElement\":[{\"@type\":\"ListItem\",\"position\":1,\"name\":\"Hem\",\"item\":\"https:\\\/\\\/stilanddesign.se\\\/\"},{\"@type\":\"ListItem\",\"position\":2,\"name\":\"Butiken\",\"item\":\"https:\\\/\\\/stilanddesign.se\\\/butiken\\\/\"},{\"@type\":\"ListItem\",\"position\":3,\"name\":\"Randig skjorta i EcoVero-viskos \u2013 Zabaione \ud83d\udc97\ud83d\udc99\u2728\"}]},{\"@type\":\"WebSite\",\"@id\":\"https:\\\/\\\/stilanddesign.se\\\/#website\",\"url\":\"https:\\\/\\\/stilanddesign.se\\\/\",\"name\":\"Stil &amp; Design\",\"description\":\"F\u00f6r oss som \u00e4lskar mode!\",\"publisher\":{\"@id\":\"https:\\\/\\\/stilanddesign.se\\\/#organization\"},\"potentialAction\":[{\"@type\":\"SearchAction\",\"target\":{\"@type\":\"EntryPoint\",\"urlTemplate\":\"https:\\\/\\\/stilanddesign.se\\\/?s={search_term_string}\"},\"query-input\":{\"@type\":\"PropertyValueSpecification\",\"valueRequired\":true,\"valueName\":\"search_term_string\"}}],\"inLanguage\":\"en-US\"},{\"@type\":\"Organization\",\"@id\":\"https:\\\/\\\/stilanddesign.se\\\/#organization\",\"name\":\"Stil &amp; Design\",\"url\":\"https:\\\/\\\/stilanddesign.se\\\/\",\"logo\":{\"@type\":\"ImageObject\",\"inLanguage\":\"en-US\",\"@id\":\"https:\\\/\\\/stilanddesign.se\\\/#\\\/schema\\\/logo\\\/image\\\/\",\"url\":\"https:\\\/\\\/stilanddesign.se\\\/wp-content\\\/uploads\\\/2023\\\/12\\\/output-onlinepngtools-e1727784413220.png\",\"contentUrl\":\"https:\\\/\\\/stilanddesign.se\\\/wp-content\\\/uploads\\\/2023\\\/12\\\/output-onlinepngtools-e1727784413220.png\",\"width\":519,\"height\":135,\"caption\":\"Stil &amp; Design\"},\"image\":{\"@id\":\"https:\\\/\\\/stilanddesign.se\\\/#\\\/schema\\\/logo\\\/image\\\/\"}}]}<\/script>\n<!-- \/ Yoast SEO Premium plugin. -->","yoast_head_json":{"title":"Randig skjorta i EcoVero-viskos \u2013 Zabaione \ud83d\udc97\ud83d\udc99\u2728 - Stil &amp; Design","robots":{"index":"index","follow":"follow","max-snippet":"max-snippet:-1","max-image-preview":"max-image-preview:large","max-video-preview":"max-video-preview:-1"},"canonical":"https:\/\/stilanddesign.se\/en\/product\/randig-skjorta-i-ecovero-viskos-zabaione-\ud83d\udc97\ud83d\udc99\u2728\/","og_locale":"en_US","og_type":"article","og_title":"Randig skjorta i EcoVero-viskos \u2013 Zabaione \ud83d\udc97\ud83d\udc99\u2728","og_description":"Randig skjorta i EcoVero-viskos \u2013 Zabaione \ud83d\udc97\ud83d\udc99\u2728En fr\u00e4sch och superfin randig skjorta i mjuk EcoVero-viskos som faller snyggt och k\u00e4nns h\u00e4rligt sval \ud83d\ude0d Skjortan har klassisk skjortkrage, knappar framtill och en avslappnad passform som g\u00f6r den lika fin instoppad som att b\u00e4ra l\u00f6s \u00f6ver byxa\/shorts \ud83d\udc56\u2600\ufe0f Perfekt som vardagsskjorta \u2013 eller \u00f6ppen \u00f6ver ett linne f\u00f6r en mer laidback look \ud83d\udcab \u2705 Skjortkrage\u2705 Kn\u00e4ppning framtill\u2705 L\u00e5ng \u00e4rm med manschett\u2705 Mjuk och sval kvalitet \ud83d\udccc F\u00e4rger: Rosa &amp; Bl\u00e5\ud83d\udccc Storlekar: S\u2013XXL Material: 100% viskos (EcoVero) \ud83e\uddf5Tv\u00e4ttr\u00e5d: 30\u00b0 \ud83e\uddfa","og_url":"https:\/\/stilanddesign.se\/en\/product\/randig-skjorta-i-ecovero-viskos-zabaione-\ud83d\udc97\ud83d\udc99\u2728\/","og_site_name":"Stil &amp; Design","article_modified_time":"2026-04-15T16:17:13+00:00","og_image":[{"width":889,"height":1280,"url":"https:\/\/stilanddesign.se\/wp-content\/uploads\/2026\/02\/4068696882252_1.jpg","type":"image\/jpeg"}],"twitter_card":"summary_large_image","twitter_misc":{"Est. reading time":"1 minute"},"schema":{"@context":"https:\/\/schema.org","@graph":[{"@type":"WebPage","@id":"https:\/\/stilanddesign.se\/produkt\/randig-skjorta-i-ecovero-viskos-zabaione-%f0%9f%92%97%f0%9f%92%99%e2%9c%a8\/","url":"https:\/\/stilanddesign.se\/produkt\/randig-skjorta-i-ecovero-viskos-zabaione-%f0%9f%92%97%f0%9f%92%99%e2%9c%a8\/","name":"Randig skjorta i EcoVero-viskos \u2013 Zabaione \ud83d\udc97\ud83d\udc99\u2728 - Stil &amp; Design","isPartOf":{"@id":"https:\/\/stilanddesign.se\/#website"},"primaryImageOfPage":{"@id":"https:\/\/stilanddesign.se\/produkt\/randig-skjorta-i-ecovero-viskos-zabaione-%f0%9f%92%97%f0%9f%92%99%e2%9c%a8\/#primaryimage"},"image":{"@id":"https:\/\/stilanddesign.se\/produkt\/randig-skjorta-i-ecovero-viskos-zabaione-%f0%9f%92%97%f0%9f%92%99%e2%9c%a8\/#primaryimage"},"thumbnailUrl":"https:\/\/stilanddesign.se\/wp-content\/uploads\/2026\/02\/4068696882252_1.jpg","datePublished":"2026-04-10T07:28:45+00:00","dateModified":"2026-04-15T16:17:13+00:00","breadcrumb":{"@id":"https:\/\/stilanddesign.se\/produkt\/randig-skjorta-i-ecovero-viskos-zabaione-%f0%9f%92%97%f0%9f%92%99%e2%9c%a8\/#breadcrumb"},"inLanguage":"en-US","potentialAction":[{"@type":"ReadAction","target":["https:\/\/stilanddesign.se\/produkt\/randig-skjorta-i-ecovero-viskos-zabaione-%f0%9f%92%97%f0%9f%92%99%e2%9c%a8\/"]}]},{"@type":"ImageObject","inLanguage":"en-US","@id":"https:\/\/stilanddesign.se\/produkt\/randig-skjorta-i-ecovero-viskos-zabaione-%f0%9f%92%97%f0%9f%92%99%e2%9c%a8\/#primaryimage","url":"https:\/\/stilanddesign.se\/wp-content\/uploads\/2026\/02\/4068696882252_1.jpg","contentUrl":"https:\/\/stilanddesign.se\/wp-content\/uploads\/2026\/02\/4068696882252_1.jpg","width":889,"height":1280},{"@type":"BreadcrumbList","@id":"https:\/\/stilanddesign.se\/produkt\/randig-skjorta-i-ecovero-viskos-zabaione-%f0%9f%92%97%f0%9f%92%99%e2%9c%a8\/#breadcrumb","itemListElement":[{"@type":"ListItem","position":1,"name":"Hem","item":"https:\/\/stilanddesign.se\/"},{"@type":"ListItem","position":2,"name":"Butiken","item":"https:\/\/stilanddesign.se\/butiken\/"},{"@type":"ListItem","position":3,"name":"Randig skjorta i EcoVero-viskos \u2013 Zabaione \ud83d\udc97\ud83d\udc99\u2728"}]},{"@type":"WebSite","@id":"https:\/\/stilanddesign.se\/#website","url":"https:\/\/stilanddesign.se\/","name":"Style &amp; Design","description":"For those of us who love fashion!","publisher":{"@id":"https:\/\/stilanddesign.se\/#organization"},"potentialAction":[{"@type":"SearchAction","target":{"@type":"EntryPoint","urlTemplate":"https:\/\/stilanddesign.se\/?s={search_term_string}"},"query-input":{"@type":"PropertyValueSpecification","valueRequired":true,"valueName":"search_term_string"}}],"inLanguage":"en-US"},{"@type":"Organization","@id":"https:\/\/stilanddesign.se\/#organization","name":"Style &amp; Design","url":"https:\/\/stilanddesign.se\/","logo":{"@type":"ImageObject","inLanguage":"en-US","@id":"https:\/\/stilanddesign.se\/#\/schema\/logo\/image\/","url":"https:\/\/stilanddesign.se\/wp-content\/uploads\/2023\/12\/output-onlinepngtools-e1727784413220.png","contentUrl":"https:\/\/stilanddesign.se\/wp-content\/uploads\/2023\/12\/output-onlinepngtools-e1727784413220.png","width":519,"height":135,"caption":"Stil &amp; Design"},"image":{"@id":"https:\/\/stilanddesign.se\/#\/schema\/logo\/image\/"}}]}},"_links":{"self":[{"href":"https:\/\/stilanddesign.se\/en\/wp-json\/wp\/v2\/product\/1066794","targetHints":{"allow":["GET"]}}],"collection":[{"href":"https:\/\/stilanddesign.se\/en\/wp-json\/wp\/v2\/product"}],"about":[{"href":"https:\/\/stilanddesign.se\/en\/wp-json\/wp\/v2\/types\/product"}],"replies":[{"embeddable":true,"href":"https:\/\/stilanddesign.se\/en\/wp-json\/wp\/v2\/comments?post=1066794"}],"wp:featuredmedia":[{"embeddable":true,"href":"https:\/\/stilanddesign.se\/en\/wp-json\/wp\/v2\/media\/1066790"}],"wp:attachment":[{"href":"https:\/\/stilanddesign.se\/en\/wp-json\/wp\/v2\/media?parent=1066794"}],"wp:term":[{"taxonomy":"product_brand","embeddable":true,"href":"https:\/\/stilanddesign.se\/en\/wp-json\/wp\/v2\/product_brand?post=1066794"},{"taxonomy":"product_cat","embeddable":true,"href":"https:\/\/stilanddesign.se\/en\/wp-json\/wp\/v2\/product_cat?post=1066794"},{"taxonomy":"product_tag","embeddable":true,"href":"https:\/\/stilanddesign.se\/en\/wp-json\/wp\/v2\/product_tag?post=1066794"}],"curies":[{"name":"wp","href":"https:\/\/api.w.org\/{rel}","templated":true}]}}