{"id":1066405,"date":"2026-03-27T14:07:41","date_gmt":"2026-03-27T13:07:41","guid":{"rendered":"https:\/\/stilanddesign.se\/?post_type=product&#038;p=1066405"},"modified":"2026-04-05T10:21:01","modified_gmt":"2026-04-05T08:21:01","slug":"fin-bomullsklanning-tunika-i-gult","status":"publish","type":"product","link":"https:\/\/stilanddesign.se\/en\/product\/fin-bomullsklanning-tunika-i-gult\/","title":{"rendered":"Yellow cotton dress\/tunic with embroidered flowers \ud83d\udc9b\ud83c\udf38\u2728"},"content":{"rendered":"<div class=\"text-base my-auto mx-auto pb-10 [--thread-content-margin:--spacing(4)] @w-sm\/main:[--thread-content-margin:--spacing(6)] @w-lg\/main:[--thread-content-margin:--spacing(16)] px-(--thread-content-margin)\">\n<div class=\"[--thread-content-max-width:40rem] @w-lg\/main:[--thread-content-max-width:48rem] mx-auto max-w-(--thread-content-max-width) flex-1 group\/turn-messages focus-visible:outline-hidden relative flex w-full min-w-0 flex-col agent-turn\" tabindex=\"-1\">\n<div class=\"flex max-w-full flex-col grow\">\n<div class=\"min-h-8 text-message relative flex w-full flex-col items-end gap-2 text-start break-words whitespace-normal [.text-message+&amp;]:mt-1\" dir=\"auto\" data-message-author-role=\"assistant\" data-message-id=\"287af6fa-bd09-40ba-9bc7-8745fccac916\" data-message-model-slug=\"gpt-5-2\">\n<div class=\"flex w-full flex-col gap-1 empty:hidden first:pt-[1px]\">\n<div class=\"markdown prose dark:prose-invert w-full break-words light markdown-new-styling\">\n<p data-start=\"0\" data-end=\"296\"><strong data-start=\"0\" data-end=\"52\">Gul bomullskl\u00e4nning\/tunika med broderade blommor<\/strong> \ud83d\udc9b\ud83c\udf38\u2728<br data-start=\"58\" data-end=\"61\" \/>En superfin och somrig kl\u00e4nning\/tunika i <strong data-start=\"102\" data-end=\"117\">100% bomull<\/strong> med vackra <strong data-start=\"129\" data-end=\"163\">vita broderade blommor i tyget<\/strong> \u2013 fr\u00e4sch, romantisk och l\u00e4ttburen \ud83d\ude0d Den \u00e4r <strong data-start=\"208\" data-end=\"229\">v-ringad framtill<\/strong> och kn\u00e4pps med <strong data-start=\"245\" data-end=\"258\">4 knappar<\/strong>, vilket ger en snygg och tidl\u00f6s look.<\/p>\n<p data-start=\"298\" data-end=\"485\">Kl\u00e4nningen har en fin <strong data-start=\"320\" data-end=\"338\">volang nertill<\/strong> och <strong data-start=\"343\" data-end=\"375\">3\/4-\u00e4rm med volang i \u00e4rmslut<\/strong> som ger ett mjukt och feminint fall \ud83d\udcab Perfekt b\u00e5de som kl\u00e4nning varma dagar eller som tunika \u00f6ver byxor \ud83d\udc56\u2600\ufe0f<\/p>\n<p data-start=\"487\" data-end=\"605\">\u2705 Broderade blommor i tyget \ud83c\udf38<br data-start=\"517\" data-end=\"520\" \/>\u2705 V-ringad + 4 knappar framtill<br data-start=\"551\" data-end=\"554\" \/>\u2705 Volang nertill<br data-start=\"570\" data-end=\"573\" \/>\u2705 3\/4-\u00e4rm med volang i \u00e4rmslut<\/p>\n<p data-start=\"607\" data-end=\"689\">\ud83d\udccf <strong data-start=\"610\" data-end=\"620\">L\u00e4ngd:<\/strong> 92 cm (fr\u00e5n axel)<br data-start=\"638\" data-end=\"641\" \/>\ud83d\udccc <strong data-start=\"644\" data-end=\"656\">Storlek:<\/strong> One size \u2013 passar ca <strong data-start=\"678\" data-end=\"687\" data-is-only-node=\"\">34\u201342<\/strong><\/p>\n<p data-start=\"691\" data-end=\"742\" data-is-last-node=\"\" data-is-only-node=\"\"><strong data-start=\"691\" data-end=\"704\">Material:<\/strong> 100% bomull \ud83e\uddf5<br data-start=\"719\" data-end=\"722\" \/><strong data-start=\"722\" data-end=\"735\">Tv\u00e4ttr\u00e5d:<\/strong> 30\u00b0 \ud83e\uddfa<\/p>\n<\/div>\n<\/div>\n<\/div>\n<\/div>\n<\/div>\n<\/div>\n","protected":false},"excerpt":{"rendered":"<div class=\"text-base my-auto mx-auto pb-10 [--thread-content-margin:--spacing(4)] @w-sm\/main:[--thread-content-margin:--spacing(6)] @w-lg\/main:[--thread-content-margin:--spacing(16)] px-(--thread-content-margin)\">\n<div class=\"[--thread-content-max-width:40rem] @w-lg\/main:[--thread-content-max-width:48rem] mx-auto max-w-(--thread-content-max-width) flex-1 group\/turn-messages focus-visible:outline-hidden relative flex w-full min-w-0 flex-col agent-turn\" tabindex=\"-1\">\n<div class=\"flex max-w-full flex-col grow\">\n<div class=\"min-h-8 text-message relative flex w-full flex-col items-end gap-2 text-start break-words whitespace-normal [.text-message+&amp;]:mt-1\" dir=\"auto\" data-message-author-role=\"assistant\" data-message-id=\"287af6fa-bd09-40ba-9bc7-8745fccac916\" data-message-model-slug=\"gpt-5-2\">\n<div class=\"flex w-full flex-col gap-1 empty:hidden first:pt-[1px]\">\n<div class=\"markdown prose dark:prose-invert w-full break-words light markdown-new-styling\">\n<p data-start=\"0\" data-end=\"296\"><strong data-start=\"0\" data-end=\"52\">Gul bomullskl\u00e4nning\/tunika med broderade blommor<\/strong> \ud83d\udc9b\ud83c\udf38\u2728<br data-start=\"58\" data-end=\"61\" \/>En superfin och somrig kl\u00e4nning\/tunika i <strong data-start=\"102\" data-end=\"117\">100% bomull<\/strong> med vackra <strong data-start=\"129\" data-end=\"163\">vita broderade blommor i tyget<\/strong> \u2013 fr\u00e4sch, romantisk och l\u00e4ttburen \ud83d\ude0d Den \u00e4r <strong data-start=\"208\" data-end=\"229\">v-ringad framtill<\/strong> och kn\u00e4pps med <strong data-start=\"245\" data-end=\"258\">4 knappar<\/strong>, vilket ger en snygg och tidl\u00f6s look.<\/p>\n<p data-start=\"298\" data-end=\"485\">Kl\u00e4nningen har en fin <strong data-start=\"320\" data-end=\"338\">volang nertill<\/strong> och <strong data-start=\"343\" data-end=\"375\">3\/4-\u00e4rm med volang i \u00e4rmslut<\/strong> som ger ett mjukt och feminint fall \ud83d\udcab Perfekt b\u00e5de som kl\u00e4nning varma dagar eller som tunika \u00f6ver byxor \ud83d\udc56\u2600\ufe0f<\/p>\n<p data-start=\"487\" data-end=\"605\">\u2705 Broderade blommor i tyget \ud83c\udf38<br data-start=\"517\" data-end=\"520\" \/>\u2705 V-ringad + 4 knappar framtill<br data-start=\"551\" data-end=\"554\" \/>\u2705 Volang nertill<br data-start=\"570\" data-end=\"573\" \/>\u2705 3\/4-\u00e4rm med volang i \u00e4rmslut<\/p>\n<p data-start=\"607\" data-end=\"689\">\ud83d\udccf <strong data-start=\"610\" data-end=\"620\">L\u00e4ngd:<\/strong> 92 cm (fr\u00e5n axel)<br data-start=\"638\" data-end=\"641\" \/>\ud83d\udccc <strong data-start=\"644\" data-end=\"656\">Storlek:<\/strong> One size \u2013 passar ca <strong data-start=\"678\" data-end=\"687\" data-is-only-node=\"\">34\u201342<\/strong><\/p>\n<p data-start=\"691\" data-end=\"742\" data-is-last-node=\"\" data-is-only-node=\"\"><strong data-start=\"691\" data-end=\"704\">Material:<\/strong> 100% bomull \ud83e\uddf5<br data-start=\"719\" data-end=\"722\" \/><strong data-start=\"722\" data-end=\"735\">Tv\u00e4ttr\u00e5d:<\/strong> 30\u00b0 \ud83e\uddfa<\/p>\n<\/div>\n<\/div>\n<\/div>\n<\/div>\n<\/div>\n<\/div>\n","protected":false},"featured_media":1066485,"comment_status":"closed","ping_status":"closed","template":"","meta":[],"product_brand":[],"product_cat":[215,225],"product_tag":[],"class_list":{"0":"post-1066405","1":"product","2":"type-product","3":"status-publish","4":"has-post-thumbnail","6":"product_cat-klanningar","7":"product_cat-tunikor","9":"first","10":"instock","11":"taxable","12":"shipping-taxable","13":"purchasable","14":"product-type-variable"},"yoast_head":"<!-- This site is optimized with the Yoast SEO Premium plugin v27.1 (Yoast SEO v27.4) - https:\/\/yoast.com\/product\/yoast-seo-premium-wordpress\/ -->\n<title>Gul bomullskl\u00e4nning\/tunika med broderade blommor \ud83d\udc9b\ud83c\udf38\u2728 - Stil &amp; Design<\/title>\n<meta name=\"robots\" content=\"index, follow, max-snippet:-1, max-image-preview:large, max-video-preview:-1\" \/>\n<link rel=\"canonical\" href=\"https:\/\/stilanddesign.se\/en\/product\/fin-bomullsklanning-tunika-i-gult\/\" \/>\n<meta property=\"og:locale\" content=\"en_US\" \/>\n<meta property=\"og:type\" content=\"article\" \/>\n<meta property=\"og:title\" content=\"Gul bomullskl\u00e4nning\/tunika med broderade blommor \ud83d\udc9b\ud83c\udf38\u2728\" \/>\n<meta property=\"og:description\" content=\"Gul bomullskl\u00e4nning\/tunika med broderade blommor \ud83d\udc9b\ud83c\udf38\u2728En superfin och somrig kl\u00e4nning\/tunika i 100% bomull med vackra vita broderade blommor i tyget \u2013 fr\u00e4sch, romantisk och l\u00e4ttburen \ud83d\ude0d Den \u00e4r v-ringad framtill och kn\u00e4pps med 4 knappar, vilket ger en snygg och tidl\u00f6s look. Kl\u00e4nningen har en fin volang nertill och 3\/4-\u00e4rm med volang i \u00e4rmslut som ger ett mjukt och feminint fall \ud83d\udcab Perfekt b\u00e5de som kl\u00e4nning varma dagar eller som tunika \u00f6ver byxor \ud83d\udc56\u2600\ufe0f \u2705 Broderade blommor i tyget \ud83c\udf38\u2705 V-ringad + 4 knappar framtill\u2705 Volang nertill\u2705 3\/4-\u00e4rm med volang i \u00e4rmslut \ud83d\udccf L\u00e4ngd: 92 cm (fr\u00e5n axel)\ud83d\udccc Storlek: One size \u2013 passar ca 34\u201342 Material: 100% bomull \ud83e\uddf5Tv\u00e4ttr\u00e5d: 30\u00b0 \ud83e\uddfa\" \/>\n<meta property=\"og:url\" content=\"https:\/\/stilanddesign.se\/en\/product\/fin-bomullsklanning-tunika-i-gult\/\" \/>\n<meta property=\"og:site_name\" content=\"Stil &amp; Design\" \/>\n<meta property=\"article:modified_time\" content=\"2026-04-05T08:21:01+00:00\" \/>\n<meta property=\"og:image\" content=\"https:\/\/stilanddesign.se\/wp-content\/uploads\/2026\/02\/C8CE5D3D-0607-471E-BB55-29B81408AC99-683x1024.png\" \/>\n\t<meta property=\"og:image:width\" content=\"683\" \/>\n\t<meta property=\"og:image:height\" content=\"1024\" \/>\n\t<meta property=\"og:image:type\" content=\"image\/png\" \/>\n<meta name=\"twitter:card\" content=\"summary_large_image\" \/>\n<meta name=\"twitter:label1\" content=\"Est. reading time\" \/>\n\t<meta name=\"twitter:data1\" content=\"1 minute\" \/>\n<script type=\"application\/ld+json\" class=\"yoast-schema-graph\">{\"@context\":\"https:\\\/\\\/schema.org\",\"@graph\":[{\"@type\":\"WebPage\",\"@id\":\"https:\\\/\\\/stilanddesign.se\\\/produkt\\\/fin-bomullsklanning-tunika-i-gult\\\/\",\"url\":\"https:\\\/\\\/stilanddesign.se\\\/produkt\\\/fin-bomullsklanning-tunika-i-gult\\\/\",\"name\":\"Gul bomullskl\u00e4nning\\\/tunika med broderade blommor \ud83d\udc9b\ud83c\udf38\u2728 - Stil &amp; Design\",\"isPartOf\":{\"@id\":\"https:\\\/\\\/stilanddesign.se\\\/#website\"},\"primaryImageOfPage\":{\"@id\":\"https:\\\/\\\/stilanddesign.se\\\/produkt\\\/fin-bomullsklanning-tunika-i-gult\\\/#primaryimage\"},\"image\":{\"@id\":\"https:\\\/\\\/stilanddesign.se\\\/produkt\\\/fin-bomullsklanning-tunika-i-gult\\\/#primaryimage\"},\"thumbnailUrl\":\"https:\\\/\\\/stilanddesign.se\\\/wp-content\\\/uploads\\\/2026\\\/02\\\/C8CE5D3D-0607-471E-BB55-29B81408AC99.png\",\"datePublished\":\"2026-03-27T13:07:41+00:00\",\"dateModified\":\"2026-04-05T08:21:01+00:00\",\"breadcrumb\":{\"@id\":\"https:\\\/\\\/stilanddesign.se\\\/produkt\\\/fin-bomullsklanning-tunika-i-gult\\\/#breadcrumb\"},\"inLanguage\":\"en-US\",\"potentialAction\":[{\"@type\":\"ReadAction\",\"target\":[\"https:\\\/\\\/stilanddesign.se\\\/produkt\\\/fin-bomullsklanning-tunika-i-gult\\\/\"]}]},{\"@type\":\"ImageObject\",\"inLanguage\":\"en-US\",\"@id\":\"https:\\\/\\\/stilanddesign.se\\\/produkt\\\/fin-bomullsklanning-tunika-i-gult\\\/#primaryimage\",\"url\":\"https:\\\/\\\/stilanddesign.se\\\/wp-content\\\/uploads\\\/2026\\\/02\\\/C8CE5D3D-0607-471E-BB55-29B81408AC99.png\",\"contentUrl\":\"https:\\\/\\\/stilanddesign.se\\\/wp-content\\\/uploads\\\/2026\\\/02\\\/C8CE5D3D-0607-471E-BB55-29B81408AC99.png\",\"width\":1024,\"height\":1536},{\"@type\":\"BreadcrumbList\",\"@id\":\"https:\\\/\\\/stilanddesign.se\\\/produkt\\\/fin-bomullsklanning-tunika-i-gult\\\/#breadcrumb\",\"itemListElement\":[{\"@type\":\"ListItem\",\"position\":1,\"name\":\"Hem\",\"item\":\"https:\\\/\\\/stilanddesign.se\\\/\"},{\"@type\":\"ListItem\",\"position\":2,\"name\":\"Butiken\",\"item\":\"https:\\\/\\\/stilanddesign.se\\\/butiken\\\/\"},{\"@type\":\"ListItem\",\"position\":3,\"name\":\"Gul bomullskl\u00e4nning\\\/tunika med broderade blommor \ud83d\udc9b\ud83c\udf38\u2728\"}]},{\"@type\":\"WebSite\",\"@id\":\"https:\\\/\\\/stilanddesign.se\\\/#website\",\"url\":\"https:\\\/\\\/stilanddesign.se\\\/\",\"name\":\"Stil &amp; Design\",\"description\":\"F\u00f6r oss som \u00e4lskar mode!\",\"publisher\":{\"@id\":\"https:\\\/\\\/stilanddesign.se\\\/#organization\"},\"potentialAction\":[{\"@type\":\"SearchAction\",\"target\":{\"@type\":\"EntryPoint\",\"urlTemplate\":\"https:\\\/\\\/stilanddesign.se\\\/?s={search_term_string}\"},\"query-input\":{\"@type\":\"PropertyValueSpecification\",\"valueRequired\":true,\"valueName\":\"search_term_string\"}}],\"inLanguage\":\"en-US\"},{\"@type\":\"Organization\",\"@id\":\"https:\\\/\\\/stilanddesign.se\\\/#organization\",\"name\":\"Stil &amp; Design\",\"url\":\"https:\\\/\\\/stilanddesign.se\\\/\",\"logo\":{\"@type\":\"ImageObject\",\"inLanguage\":\"en-US\",\"@id\":\"https:\\\/\\\/stilanddesign.se\\\/#\\\/schema\\\/logo\\\/image\\\/\",\"url\":\"https:\\\/\\\/stilanddesign.se\\\/wp-content\\\/uploads\\\/2023\\\/12\\\/output-onlinepngtools-e1727784413220.png\",\"contentUrl\":\"https:\\\/\\\/stilanddesign.se\\\/wp-content\\\/uploads\\\/2023\\\/12\\\/output-onlinepngtools-e1727784413220.png\",\"width\":519,\"height\":135,\"caption\":\"Stil &amp; Design\"},\"image\":{\"@id\":\"https:\\\/\\\/stilanddesign.se\\\/#\\\/schema\\\/logo\\\/image\\\/\"}}]}<\/script>\n<!-- \/ Yoast SEO Premium plugin. -->","yoast_head_json":{"title":"Gul bomullskl\u00e4nning\/tunika med broderade blommor \ud83d\udc9b\ud83c\udf38\u2728 - Stil &amp; Design","robots":{"index":"index","follow":"follow","max-snippet":"max-snippet:-1","max-image-preview":"max-image-preview:large","max-video-preview":"max-video-preview:-1"},"canonical":"https:\/\/stilanddesign.se\/en\/product\/fin-bomullsklanning-tunika-i-gult\/","og_locale":"en_US","og_type":"article","og_title":"Gul bomullskl\u00e4nning\/tunika med broderade blommor \ud83d\udc9b\ud83c\udf38\u2728","og_description":"Gul bomullskl\u00e4nning\/tunika med broderade blommor \ud83d\udc9b\ud83c\udf38\u2728En superfin och somrig kl\u00e4nning\/tunika i 100% bomull med vackra vita broderade blommor i tyget \u2013 fr\u00e4sch, romantisk och l\u00e4ttburen \ud83d\ude0d Den \u00e4r v-ringad framtill och kn\u00e4pps med 4 knappar, vilket ger en snygg och tidl\u00f6s look. Kl\u00e4nningen har en fin volang nertill och 3\/4-\u00e4rm med volang i \u00e4rmslut som ger ett mjukt och feminint fall \ud83d\udcab Perfekt b\u00e5de som kl\u00e4nning varma dagar eller som tunika \u00f6ver byxor \ud83d\udc56\u2600\ufe0f \u2705 Broderade blommor i tyget \ud83c\udf38\u2705 V-ringad + 4 knappar framtill\u2705 Volang nertill\u2705 3\/4-\u00e4rm med volang i \u00e4rmslut \ud83d\udccf L\u00e4ngd: 92 cm (fr\u00e5n axel)\ud83d\udccc Storlek: One size \u2013 passar ca 34\u201342 Material: 100% bomull \ud83e\uddf5Tv\u00e4ttr\u00e5d: 30\u00b0 \ud83e\uddfa","og_url":"https:\/\/stilanddesign.se\/en\/product\/fin-bomullsklanning-tunika-i-gult\/","og_site_name":"Stil &amp; Design","article_modified_time":"2026-04-05T08:21:01+00:00","og_image":[{"width":683,"height":1024,"url":"https:\/\/stilanddesign.se\/wp-content\/uploads\/2026\/02\/C8CE5D3D-0607-471E-BB55-29B81408AC99-683x1024.png","type":"image\/png"}],"twitter_card":"summary_large_image","twitter_misc":{"Est. reading time":"1 minute"},"schema":{"@context":"https:\/\/schema.org","@graph":[{"@type":"WebPage","@id":"https:\/\/stilanddesign.se\/produkt\/fin-bomullsklanning-tunika-i-gult\/","url":"https:\/\/stilanddesign.se\/produkt\/fin-bomullsklanning-tunika-i-gult\/","name":"Gul bomullskl\u00e4nning\/tunika med broderade blommor \ud83d\udc9b\ud83c\udf38\u2728 - Stil &amp; Design","isPartOf":{"@id":"https:\/\/stilanddesign.se\/#website"},"primaryImageOfPage":{"@id":"https:\/\/stilanddesign.se\/produkt\/fin-bomullsklanning-tunika-i-gult\/#primaryimage"},"image":{"@id":"https:\/\/stilanddesign.se\/produkt\/fin-bomullsklanning-tunika-i-gult\/#primaryimage"},"thumbnailUrl":"https:\/\/stilanddesign.se\/wp-content\/uploads\/2026\/02\/C8CE5D3D-0607-471E-BB55-29B81408AC99.png","datePublished":"2026-03-27T13:07:41+00:00","dateModified":"2026-04-05T08:21:01+00:00","breadcrumb":{"@id":"https:\/\/stilanddesign.se\/produkt\/fin-bomullsklanning-tunika-i-gult\/#breadcrumb"},"inLanguage":"en-US","potentialAction":[{"@type":"ReadAction","target":["https:\/\/stilanddesign.se\/produkt\/fin-bomullsklanning-tunika-i-gult\/"]}]},{"@type":"ImageObject","inLanguage":"en-US","@id":"https:\/\/stilanddesign.se\/produkt\/fin-bomullsklanning-tunika-i-gult\/#primaryimage","url":"https:\/\/stilanddesign.se\/wp-content\/uploads\/2026\/02\/C8CE5D3D-0607-471E-BB55-29B81408AC99.png","contentUrl":"https:\/\/stilanddesign.se\/wp-content\/uploads\/2026\/02\/C8CE5D3D-0607-471E-BB55-29B81408AC99.png","width":1024,"height":1536},{"@type":"BreadcrumbList","@id":"https:\/\/stilanddesign.se\/produkt\/fin-bomullsklanning-tunika-i-gult\/#breadcrumb","itemListElement":[{"@type":"ListItem","position":1,"name":"Hem","item":"https:\/\/stilanddesign.se\/"},{"@type":"ListItem","position":2,"name":"Butiken","item":"https:\/\/stilanddesign.se\/butiken\/"},{"@type":"ListItem","position":3,"name":"Gul bomullskl\u00e4nning\/tunika med broderade blommor \ud83d\udc9b\ud83c\udf38\u2728"}]},{"@type":"WebSite","@id":"https:\/\/stilanddesign.se\/#website","url":"https:\/\/stilanddesign.se\/","name":"Style &amp; Design","description":"For those of us who love fashion!","publisher":{"@id":"https:\/\/stilanddesign.se\/#organization"},"potentialAction":[{"@type":"SearchAction","target":{"@type":"EntryPoint","urlTemplate":"https:\/\/stilanddesign.se\/?s={search_term_string}"},"query-input":{"@type":"PropertyValueSpecification","valueRequired":true,"valueName":"search_term_string"}}],"inLanguage":"en-US"},{"@type":"Organization","@id":"https:\/\/stilanddesign.se\/#organization","name":"Style &amp; Design","url":"https:\/\/stilanddesign.se\/","logo":{"@type":"ImageObject","inLanguage":"en-US","@id":"https:\/\/stilanddesign.se\/#\/schema\/logo\/image\/","url":"https:\/\/stilanddesign.se\/wp-content\/uploads\/2023\/12\/output-onlinepngtools-e1727784413220.png","contentUrl":"https:\/\/stilanddesign.se\/wp-content\/uploads\/2023\/12\/output-onlinepngtools-e1727784413220.png","width":519,"height":135,"caption":"Stil &amp; Design"},"image":{"@id":"https:\/\/stilanddesign.se\/#\/schema\/logo\/image\/"}}]}},"_links":{"self":[{"href":"https:\/\/stilanddesign.se\/en\/wp-json\/wp\/v2\/product\/1066405","targetHints":{"allow":["GET"]}}],"collection":[{"href":"https:\/\/stilanddesign.se\/en\/wp-json\/wp\/v2\/product"}],"about":[{"href":"https:\/\/stilanddesign.se\/en\/wp-json\/wp\/v2\/types\/product"}],"replies":[{"embeddable":true,"href":"https:\/\/stilanddesign.se\/en\/wp-json\/wp\/v2\/comments?post=1066405"}],"wp:featuredmedia":[{"embeddable":true,"href":"https:\/\/stilanddesign.se\/en\/wp-json\/wp\/v2\/media\/1066485"}],"wp:attachment":[{"href":"https:\/\/stilanddesign.se\/en\/wp-json\/wp\/v2\/media?parent=1066405"}],"wp:term":[{"taxonomy":"product_brand","embeddable":true,"href":"https:\/\/stilanddesign.se\/en\/wp-json\/wp\/v2\/product_brand?post=1066405"},{"taxonomy":"product_cat","embeddable":true,"href":"https:\/\/stilanddesign.se\/en\/wp-json\/wp\/v2\/product_cat?post=1066405"},{"taxonomy":"product_tag","embeddable":true,"href":"https:\/\/stilanddesign.se\/en\/wp-json\/wp\/v2\/product_tag?post=1066405"}],"curies":[{"name":"wp","href":"https:\/\/api.w.org\/{rel}","templated":true}]}}