{"id":1066367,"date":"2026-03-25T09:51:27","date_gmt":"2026-03-25T08:51:27","guid":{"rendered":"https:\/\/stilanddesign.se\/?post_type=product&#038;p=1066367"},"modified":"2026-04-07T11:15:47","modified_gmt":"2026-04-07T09:15:47","slug":"%f0%9f%92%9a-romantisk-dimgron-blus-med-volang-tidlos-elegans-med-wow-kansla-%e2%9c%a8","status":"publish","type":"product","link":"https:\/\/stilanddesign.se\/en\/product\/%f0%9f%92%9a-romantisk-dimgron-blus-med-volang-tidlos-elegans-med-wow-kansla-%e2%9c%a8\/","title":{"rendered":"\ud83d\udc9a Romantic misty green blouse with ruffles \u2013 timeless elegance with a wow-feeling \u2728"},"content":{"rendered":"<div class=\"text-base my-auto mx-auto pb-10 [--thread-content-margin:--spacing(4)] @w-sm\/main:[--thread-content-margin:--spacing(6)] @w-lg\/main:[--thread-content-margin:--spacing(16)] px-(--thread-content-margin)\">\n<div class=\"[--thread-content-max-width:40rem] @w-lg\/main:[--thread-content-max-width:48rem] mx-auto max-w-(--thread-content-max-width) flex-1 group\/turn-messages focus-visible:outline-hidden relative flex w-full min-w-0 flex-col agent-turn\" tabindex=\"-1\">\n<div class=\"flex max-w-full flex-col grow\">\n<div class=\"min-h-8 text-message relative flex w-full flex-col items-end gap-2 text-start break-words whitespace-normal [.text-message+&amp;]:mt-1\" dir=\"auto\" data-message-author-role=\"assistant\" data-message-id=\"287af6fa-bd09-40ba-9bc7-8745fccac916\" data-message-model-slug=\"gpt-5-2\">\n<div class=\"flex w-full flex-col gap-1 empty:hidden first:pt-[1px]\">\n<div class=\"markdown prose dark:prose-invert w-full break-words light markdown-new-styling\">\n<p data-start=\"0\" data-end=\"76\">\ud83d\udc9a <strong data-start=\"3\" data-end=\"72\">Romantisk dimgr\u00f6n blus med volang \u2013 tidl\u00f6s elegans med wow-k\u00e4nsla<\/strong> \u2728<\/p>\n<p data-start=\"78\" data-end=\"306\">Lyft din stil med denna vackra dimgr\u00f6na blus som kombinerar klassisk design med romantiska detaljer \ud83d\udcab Den mjuka volangen framtill skapar ett feminint uttryck och ger plagget det d\u00e4r lilla extra som verkligen f\u00e5ngar blicken \ud83c\udf3f<\/p>\n<p data-start=\"308\" data-end=\"561\">Den stilrena skjortkragen och kn\u00e4ppningen framtill ger en elegant k\u00e4nsla, medan de l\u00e5nga \u00e4rmarna med res\u00e5rsmock i \u00e4rmsluten b\u00e5de \u00e4r bekv\u00e4ma och snygga \ud83d\udc96 Passformen \u00e4r ledig och smickrande \u2013 perfekt att b\u00e4ra b\u00e5de instoppad eller l\u00f6st f\u00f6r olika looks \u2728<\/p>\n<p data-start=\"563\" data-end=\"659\">Matcha med jeans f\u00f6r en avslappnad stil eller med dressade byxor f\u00f6r en mer uppkl\u00e4dd outfit \ud83e\udd0d<\/p>\n<p data-start=\"661\" data-end=\"777\">\ud83d\udc96 One size \u2013 passar ca stl 34\u201344<br data-start=\"694\" data-end=\"697\" \/>\ud83d\udc96 L\u00e4ngd: ca 70 cm fr\u00e5n axel<br data-start=\"725\" data-end=\"728\" \/>\ud83d\udc96 Material: 100% polyester<br data-start=\"755\" data-end=\"758\" \/>\ud83d\udc96 Tv\u00e4ttr\u00e5d: 30\u00b0C<\/p>\n<p data-start=\"779\" data-end=\"843\" data-is-last-node=\"\" data-is-only-node=\"\">En riktig garderobsfavorit \u2013 feminin, stilren och alltid r\u00e4tt \ud83d\udc95<\/p>\n<\/div>\n<\/div>\n<\/div>\n<\/div>\n<\/div>\n<\/div>\n","protected":false},"excerpt":{"rendered":"<div class=\"text-base my-auto mx-auto pb-10 [--thread-content-margin:--spacing(4)] @w-sm\/main:[--thread-content-margin:--spacing(6)] @w-lg\/main:[--thread-content-margin:--spacing(16)] px-(--thread-content-margin)\">\n<div class=\"[--thread-content-max-width:40rem] @w-lg\/main:[--thread-content-max-width:48rem] mx-auto max-w-(--thread-content-max-width) flex-1 group\/turn-messages focus-visible:outline-hidden relative flex w-full min-w-0 flex-col agent-turn\" tabindex=\"-1\">\n<div class=\"flex max-w-full flex-col grow\">\n<div class=\"min-h-8 text-message relative flex w-full flex-col items-end gap-2 text-start break-words whitespace-normal [.text-message+&amp;]:mt-1\" dir=\"auto\" data-message-author-role=\"assistant\" data-message-id=\"287af6fa-bd09-40ba-9bc7-8745fccac916\" data-message-model-slug=\"gpt-5-2\">\n<div class=\"flex w-full flex-col gap-1 empty:hidden first:pt-[1px]\">\n<div class=\"markdown prose dark:prose-invert w-full break-words light markdown-new-styling\">\n<p data-start=\"0\" data-end=\"76\">\ud83d\udc9a <strong data-start=\"3\" data-end=\"72\">Romantisk dimgr\u00f6n blus med volang \u2013 tidl\u00f6s elegans med wow-k\u00e4nsla<\/strong> \u2728<\/p>\n<p data-start=\"78\" data-end=\"306\">Lyft din stil med denna vackra dimgr\u00f6na blus som kombinerar klassisk design med romantiska detaljer \ud83d\udcab Den mjuka volangen framtill skapar ett feminint uttryck och ger plagget det d\u00e4r lilla extra som verkligen f\u00e5ngar blicken \ud83c\udf3f<\/p>\n<p data-start=\"308\" data-end=\"561\">Den stilrena skjortkragen och kn\u00e4ppningen framtill ger en elegant k\u00e4nsla, medan de l\u00e5nga \u00e4rmarna med res\u00e5rsmock i \u00e4rmsluten b\u00e5de \u00e4r bekv\u00e4ma och snygga \ud83d\udc96 Passformen \u00e4r ledig och smickrande \u2013 perfekt att b\u00e4ra b\u00e5de instoppad eller l\u00f6st f\u00f6r olika looks \u2728<\/p>\n<p data-start=\"563\" data-end=\"659\">Matcha med jeans f\u00f6r en avslappnad stil eller med dressade byxor f\u00f6r en mer uppkl\u00e4dd outfit \ud83e\udd0d<\/p>\n<p data-start=\"661\" data-end=\"777\">\ud83d\udc96 One size \u2013 passar ca stl 34\u201344<br data-start=\"694\" data-end=\"697\" \/>\ud83d\udc96 L\u00e4ngd: ca 70 cm fr\u00e5n axel<br data-start=\"725\" data-end=\"728\" \/>\ud83d\udc96 Material: 100% polyester<br data-start=\"755\" data-end=\"758\" \/>\ud83d\udc96 Tv\u00e4ttr\u00e5d: 30\u00b0C<\/p>\n<p data-start=\"779\" data-end=\"843\" data-is-last-node=\"\" data-is-only-node=\"\">En riktig garderobsfavorit \u2013 feminin, stilren och alltid r\u00e4tt \ud83d\udc95<\/p>\n<\/div>\n<\/div>\n<\/div>\n<\/div>\n<\/div>\n<\/div>\n","protected":false},"featured_media":1066493,"comment_status":"closed","ping_status":"closed","template":"","meta":[],"product_brand":[],"product_cat":[211],"product_tag":[],"class_list":{"0":"post-1066367","1":"product","2":"type-product","3":"status-publish","4":"has-post-thumbnail","6":"product_cat-blusar","8":"first","9":"outofstock","10":"taxable","11":"shipping-taxable","12":"product-type-variable"},"yoast_head":"<!-- This site is optimized with the Yoast SEO Premium plugin v27.1 (Yoast SEO v27.4) - https:\/\/yoast.com\/product\/yoast-seo-premium-wordpress\/ -->\n<title>\ud83d\udc9a Romantisk dimgr\u00f6n blus med volang \u2013 tidl\u00f6s elegans med wow-k\u00e4nsla \u2728 - Stil &amp; Design<\/title>\n<meta name=\"robots\" content=\"index, follow, max-snippet:-1, max-image-preview:large, max-video-preview:-1\" \/>\n<link rel=\"canonical\" href=\"https:\/\/stilanddesign.se\/en\/product\/\ud83d\udc9a-romantisk-dimgron-blus-med-volang-tidlos-elegans-med-wow-kansla-\u2728\/\" \/>\n<meta property=\"og:locale\" content=\"en_US\" \/>\n<meta property=\"og:type\" content=\"article\" \/>\n<meta property=\"og:title\" content=\"\ud83d\udc9a Romantisk dimgr\u00f6n blus med volang \u2013 tidl\u00f6s elegans med wow-k\u00e4nsla \u2728\" \/>\n<meta property=\"og:description\" content=\"\ud83d\udc9a Romantisk dimgr\u00f6n blus med volang \u2013 tidl\u00f6s elegans med wow-k\u00e4nsla \u2728 Lyft din stil med denna vackra dimgr\u00f6na blus som kombinerar klassisk design med romantiska detaljer \ud83d\udcab Den mjuka volangen framtill skapar ett feminint uttryck och ger plagget det d\u00e4r lilla extra som verkligen f\u00e5ngar blicken \ud83c\udf3f Den stilrena skjortkragen och kn\u00e4ppningen framtill ger en elegant k\u00e4nsla, medan de l\u00e5nga \u00e4rmarna med res\u00e5rsmock i \u00e4rmsluten b\u00e5de \u00e4r bekv\u00e4ma och snygga \ud83d\udc96 Passformen \u00e4r ledig och smickrande \u2013 perfekt att b\u00e4ra b\u00e5de instoppad eller l\u00f6st f\u00f6r olika looks \u2728 Matcha med jeans f\u00f6r en avslappnad stil eller med dressade byxor f\u00f6r en mer uppkl\u00e4dd outfit \ud83e\udd0d \ud83d\udc96 One size \u2013 passar ca stl 34\u201344\ud83d\udc96 L\u00e4ngd: ca 70 cm fr\u00e5n axel\ud83d\udc96 Material: 100% polyester\ud83d\udc96 Tv\u00e4ttr\u00e5d: 30\u00b0C En riktig garderobsfavorit \u2013 feminin, stilren och alltid r\u00e4tt \ud83d\udc95\" \/>\n<meta property=\"og:url\" content=\"https:\/\/stilanddesign.se\/en\/product\/\ud83d\udc9a-romantisk-dimgron-blus-med-volang-tidlos-elegans-med-wow-kansla-\u2728\/\" \/>\n<meta property=\"og:site_name\" content=\"Stil &amp; Design\" \/>\n<meta property=\"article:modified_time\" content=\"2026-04-07T09:15:47+00:00\" \/>\n<meta property=\"og:image\" content=\"https:\/\/stilanddesign.se\/wp-content\/uploads\/2026\/02\/e152f199-fb70-4bce-9c4d-d2f50ab7fb39.png\" \/>\n\t<meta property=\"og:image:width\" content=\"1024\" \/>\n\t<meta property=\"og:image:height\" content=\"1536\" \/>\n\t<meta property=\"og:image:type\" content=\"image\/png\" \/>\n<meta name=\"twitter:card\" content=\"summary_large_image\" \/>\n<meta name=\"twitter:label1\" content=\"Est. reading time\" \/>\n\t<meta name=\"twitter:data1\" content=\"1 minute\" \/>\n<script type=\"application\/ld+json\" class=\"yoast-schema-graph\">{\"@context\":\"https:\\\/\\\/schema.org\",\"@graph\":[{\"@type\":\"WebPage\",\"@id\":\"https:\\\/\\\/stilanddesign.se\\\/produkt\\\/%f0%9f%92%9a-romantisk-dimgron-blus-med-volang-tidlos-elegans-med-wow-kansla-%e2%9c%a8\\\/\",\"url\":\"https:\\\/\\\/stilanddesign.se\\\/produkt\\\/%f0%9f%92%9a-romantisk-dimgron-blus-med-volang-tidlos-elegans-med-wow-kansla-%e2%9c%a8\\\/\",\"name\":\"\ud83d\udc9a Romantisk dimgr\u00f6n blus med volang \u2013 tidl\u00f6s elegans med wow-k\u00e4nsla \u2728 - Stil &amp; Design\",\"isPartOf\":{\"@id\":\"https:\\\/\\\/stilanddesign.se\\\/#website\"},\"primaryImageOfPage\":{\"@id\":\"https:\\\/\\\/stilanddesign.se\\\/produkt\\\/%f0%9f%92%9a-romantisk-dimgron-blus-med-volang-tidlos-elegans-med-wow-kansla-%e2%9c%a8\\\/#primaryimage\"},\"image\":{\"@id\":\"https:\\\/\\\/stilanddesign.se\\\/produkt\\\/%f0%9f%92%9a-romantisk-dimgron-blus-med-volang-tidlos-elegans-med-wow-kansla-%e2%9c%a8\\\/#primaryimage\"},\"thumbnailUrl\":\"https:\\\/\\\/stilanddesign.se\\\/wp-content\\\/uploads\\\/2026\\\/02\\\/e152f199-fb70-4bce-9c4d-d2f50ab7fb39.png\",\"datePublished\":\"2026-03-25T08:51:27+00:00\",\"dateModified\":\"2026-04-07T09:15:47+00:00\",\"breadcrumb\":{\"@id\":\"https:\\\/\\\/stilanddesign.se\\\/produkt\\\/%f0%9f%92%9a-romantisk-dimgron-blus-med-volang-tidlos-elegans-med-wow-kansla-%e2%9c%a8\\\/#breadcrumb\"},\"inLanguage\":\"en-US\",\"potentialAction\":[{\"@type\":\"ReadAction\",\"target\":[\"https:\\\/\\\/stilanddesign.se\\\/produkt\\\/%f0%9f%92%9a-romantisk-dimgron-blus-med-volang-tidlos-elegans-med-wow-kansla-%e2%9c%a8\\\/\"]}]},{\"@type\":\"ImageObject\",\"inLanguage\":\"en-US\",\"@id\":\"https:\\\/\\\/stilanddesign.se\\\/produkt\\\/%f0%9f%92%9a-romantisk-dimgron-blus-med-volang-tidlos-elegans-med-wow-kansla-%e2%9c%a8\\\/#primaryimage\",\"url\":\"https:\\\/\\\/stilanddesign.se\\\/wp-content\\\/uploads\\\/2026\\\/02\\\/e152f199-fb70-4bce-9c4d-d2f50ab7fb39.png\",\"contentUrl\":\"https:\\\/\\\/stilanddesign.se\\\/wp-content\\\/uploads\\\/2026\\\/02\\\/e152f199-fb70-4bce-9c4d-d2f50ab7fb39.png\",\"width\":1024,\"height\":1536},{\"@type\":\"BreadcrumbList\",\"@id\":\"https:\\\/\\\/stilanddesign.se\\\/produkt\\\/%f0%9f%92%9a-romantisk-dimgron-blus-med-volang-tidlos-elegans-med-wow-kansla-%e2%9c%a8\\\/#breadcrumb\",\"itemListElement\":[{\"@type\":\"ListItem\",\"position\":1,\"name\":\"Hem\",\"item\":\"https:\\\/\\\/stilanddesign.se\\\/\"},{\"@type\":\"ListItem\",\"position\":2,\"name\":\"Butiken\",\"item\":\"https:\\\/\\\/stilanddesign.se\\\/butiken\\\/\"},{\"@type\":\"ListItem\",\"position\":3,\"name\":\"\ud83d\udc9a Romantisk dimgr\u00f6n blus med volang \u2013 tidl\u00f6s elegans med wow-k\u00e4nsla \u2728\"}]},{\"@type\":\"WebSite\",\"@id\":\"https:\\\/\\\/stilanddesign.se\\\/#website\",\"url\":\"https:\\\/\\\/stilanddesign.se\\\/\",\"name\":\"Stil &amp; Design\",\"description\":\"F\u00f6r oss som \u00e4lskar mode!\",\"publisher\":{\"@id\":\"https:\\\/\\\/stilanddesign.se\\\/#organization\"},\"potentialAction\":[{\"@type\":\"SearchAction\",\"target\":{\"@type\":\"EntryPoint\",\"urlTemplate\":\"https:\\\/\\\/stilanddesign.se\\\/?s={search_term_string}\"},\"query-input\":{\"@type\":\"PropertyValueSpecification\",\"valueRequired\":true,\"valueName\":\"search_term_string\"}}],\"inLanguage\":\"en-US\"},{\"@type\":\"Organization\",\"@id\":\"https:\\\/\\\/stilanddesign.se\\\/#organization\",\"name\":\"Stil &amp; Design\",\"url\":\"https:\\\/\\\/stilanddesign.se\\\/\",\"logo\":{\"@type\":\"ImageObject\",\"inLanguage\":\"en-US\",\"@id\":\"https:\\\/\\\/stilanddesign.se\\\/#\\\/schema\\\/logo\\\/image\\\/\",\"url\":\"https:\\\/\\\/stilanddesign.se\\\/wp-content\\\/uploads\\\/2023\\\/12\\\/output-onlinepngtools-e1727784413220.png\",\"contentUrl\":\"https:\\\/\\\/stilanddesign.se\\\/wp-content\\\/uploads\\\/2023\\\/12\\\/output-onlinepngtools-e1727784413220.png\",\"width\":519,\"height\":135,\"caption\":\"Stil &amp; Design\"},\"image\":{\"@id\":\"https:\\\/\\\/stilanddesign.se\\\/#\\\/schema\\\/logo\\\/image\\\/\"}}]}<\/script>\n<!-- \/ Yoast SEO Premium plugin. -->","yoast_head_json":{"title":"\ud83d\udc9a Romantisk dimgr\u00f6n blus med volang \u2013 tidl\u00f6s elegans med wow-k\u00e4nsla \u2728 - Stil &amp; Design","robots":{"index":"index","follow":"follow","max-snippet":"max-snippet:-1","max-image-preview":"max-image-preview:large","max-video-preview":"max-video-preview:-1"},"canonical":"https:\/\/stilanddesign.se\/en\/product\/\ud83d\udc9a-romantisk-dimgron-blus-med-volang-tidlos-elegans-med-wow-kansla-\u2728\/","og_locale":"en_US","og_type":"article","og_title":"\ud83d\udc9a Romantisk dimgr\u00f6n blus med volang \u2013 tidl\u00f6s elegans med wow-k\u00e4nsla \u2728","og_description":"\ud83d\udc9a Romantisk dimgr\u00f6n blus med volang \u2013 tidl\u00f6s elegans med wow-k\u00e4nsla \u2728 Lyft din stil med denna vackra dimgr\u00f6na blus som kombinerar klassisk design med romantiska detaljer \ud83d\udcab Den mjuka volangen framtill skapar ett feminint uttryck och ger plagget det d\u00e4r lilla extra som verkligen f\u00e5ngar blicken \ud83c\udf3f Den stilrena skjortkragen och kn\u00e4ppningen framtill ger en elegant k\u00e4nsla, medan de l\u00e5nga \u00e4rmarna med res\u00e5rsmock i \u00e4rmsluten b\u00e5de \u00e4r bekv\u00e4ma och snygga \ud83d\udc96 Passformen \u00e4r ledig och smickrande \u2013 perfekt att b\u00e4ra b\u00e5de instoppad eller l\u00f6st f\u00f6r olika looks \u2728 Matcha med jeans f\u00f6r en avslappnad stil eller med dressade byxor f\u00f6r en mer uppkl\u00e4dd outfit \ud83e\udd0d \ud83d\udc96 One size \u2013 passar ca stl 34\u201344\ud83d\udc96 L\u00e4ngd: ca 70 cm fr\u00e5n axel\ud83d\udc96 Material: 100% polyester\ud83d\udc96 Tv\u00e4ttr\u00e5d: 30\u00b0C En riktig garderobsfavorit \u2013 feminin, stilren och alltid r\u00e4tt \ud83d\udc95","og_url":"https:\/\/stilanddesign.se\/en\/product\/\ud83d\udc9a-romantisk-dimgron-blus-med-volang-tidlos-elegans-med-wow-kansla-\u2728\/","og_site_name":"Stil &amp; Design","article_modified_time":"2026-04-07T09:15:47+00:00","og_image":[{"width":1024,"height":1536,"url":"https:\/\/stilanddesign.se\/wp-content\/uploads\/2026\/02\/e152f199-fb70-4bce-9c4d-d2f50ab7fb39.png","type":"image\/png"}],"twitter_card":"summary_large_image","twitter_misc":{"Est. reading time":"1 minute"},"schema":{"@context":"https:\/\/schema.org","@graph":[{"@type":"WebPage","@id":"https:\/\/stilanddesign.se\/produkt\/%f0%9f%92%9a-romantisk-dimgron-blus-med-volang-tidlos-elegans-med-wow-kansla-%e2%9c%a8\/","url":"https:\/\/stilanddesign.se\/produkt\/%f0%9f%92%9a-romantisk-dimgron-blus-med-volang-tidlos-elegans-med-wow-kansla-%e2%9c%a8\/","name":"\ud83d\udc9a Romantisk dimgr\u00f6n blus med volang \u2013 tidl\u00f6s elegans med wow-k\u00e4nsla \u2728 - Stil &amp; Design","isPartOf":{"@id":"https:\/\/stilanddesign.se\/#website"},"primaryImageOfPage":{"@id":"https:\/\/stilanddesign.se\/produkt\/%f0%9f%92%9a-romantisk-dimgron-blus-med-volang-tidlos-elegans-med-wow-kansla-%e2%9c%a8\/#primaryimage"},"image":{"@id":"https:\/\/stilanddesign.se\/produkt\/%f0%9f%92%9a-romantisk-dimgron-blus-med-volang-tidlos-elegans-med-wow-kansla-%e2%9c%a8\/#primaryimage"},"thumbnailUrl":"https:\/\/stilanddesign.se\/wp-content\/uploads\/2026\/02\/e152f199-fb70-4bce-9c4d-d2f50ab7fb39.png","datePublished":"2026-03-25T08:51:27+00:00","dateModified":"2026-04-07T09:15:47+00:00","breadcrumb":{"@id":"https:\/\/stilanddesign.se\/produkt\/%f0%9f%92%9a-romantisk-dimgron-blus-med-volang-tidlos-elegans-med-wow-kansla-%e2%9c%a8\/#breadcrumb"},"inLanguage":"en-US","potentialAction":[{"@type":"ReadAction","target":["https:\/\/stilanddesign.se\/produkt\/%f0%9f%92%9a-romantisk-dimgron-blus-med-volang-tidlos-elegans-med-wow-kansla-%e2%9c%a8\/"]}]},{"@type":"ImageObject","inLanguage":"en-US","@id":"https:\/\/stilanddesign.se\/produkt\/%f0%9f%92%9a-romantisk-dimgron-blus-med-volang-tidlos-elegans-med-wow-kansla-%e2%9c%a8\/#primaryimage","url":"https:\/\/stilanddesign.se\/wp-content\/uploads\/2026\/02\/e152f199-fb70-4bce-9c4d-d2f50ab7fb39.png","contentUrl":"https:\/\/stilanddesign.se\/wp-content\/uploads\/2026\/02\/e152f199-fb70-4bce-9c4d-d2f50ab7fb39.png","width":1024,"height":1536},{"@type":"BreadcrumbList","@id":"https:\/\/stilanddesign.se\/produkt\/%f0%9f%92%9a-romantisk-dimgron-blus-med-volang-tidlos-elegans-med-wow-kansla-%e2%9c%a8\/#breadcrumb","itemListElement":[{"@type":"ListItem","position":1,"name":"Hem","item":"https:\/\/stilanddesign.se\/"},{"@type":"ListItem","position":2,"name":"Butiken","item":"https:\/\/stilanddesign.se\/butiken\/"},{"@type":"ListItem","position":3,"name":"\ud83d\udc9a Romantisk dimgr\u00f6n blus med volang \u2013 tidl\u00f6s elegans med wow-k\u00e4nsla \u2728"}]},{"@type":"WebSite","@id":"https:\/\/stilanddesign.se\/#website","url":"https:\/\/stilanddesign.se\/","name":"Style &amp; Design","description":"For those of us who love fashion!","publisher":{"@id":"https:\/\/stilanddesign.se\/#organization"},"potentialAction":[{"@type":"SearchAction","target":{"@type":"EntryPoint","urlTemplate":"https:\/\/stilanddesign.se\/?s={search_term_string}"},"query-input":{"@type":"PropertyValueSpecification","valueRequired":true,"valueName":"search_term_string"}}],"inLanguage":"en-US"},{"@type":"Organization","@id":"https:\/\/stilanddesign.se\/#organization","name":"Style &amp; Design","url":"https:\/\/stilanddesign.se\/","logo":{"@type":"ImageObject","inLanguage":"en-US","@id":"https:\/\/stilanddesign.se\/#\/schema\/logo\/image\/","url":"https:\/\/stilanddesign.se\/wp-content\/uploads\/2023\/12\/output-onlinepngtools-e1727784413220.png","contentUrl":"https:\/\/stilanddesign.se\/wp-content\/uploads\/2023\/12\/output-onlinepngtools-e1727784413220.png","width":519,"height":135,"caption":"Stil &amp; Design"},"image":{"@id":"https:\/\/stilanddesign.se\/#\/schema\/logo\/image\/"}}]}},"_links":{"self":[{"href":"https:\/\/stilanddesign.se\/en\/wp-json\/wp\/v2\/product\/1066367","targetHints":{"allow":["GET"]}}],"collection":[{"href":"https:\/\/stilanddesign.se\/en\/wp-json\/wp\/v2\/product"}],"about":[{"href":"https:\/\/stilanddesign.se\/en\/wp-json\/wp\/v2\/types\/product"}],"replies":[{"embeddable":true,"href":"https:\/\/stilanddesign.se\/en\/wp-json\/wp\/v2\/comments?post=1066367"}],"wp:featuredmedia":[{"embeddable":true,"href":"https:\/\/stilanddesign.se\/en\/wp-json\/wp\/v2\/media\/1066493"}],"wp:attachment":[{"href":"https:\/\/stilanddesign.se\/en\/wp-json\/wp\/v2\/media?parent=1066367"}],"wp:term":[{"taxonomy":"product_brand","embeddable":true,"href":"https:\/\/stilanddesign.se\/en\/wp-json\/wp\/v2\/product_brand?post=1066367"},{"taxonomy":"product_cat","embeddable":true,"href":"https:\/\/stilanddesign.se\/en\/wp-json\/wp\/v2\/product_cat?post=1066367"},{"taxonomy":"product_tag","embeddable":true,"href":"https:\/\/stilanddesign.se\/en\/wp-json\/wp\/v2\/product_tag?post=1066367"}],"curies":[{"name":"wp","href":"https:\/\/api.w.org\/{rel}","templated":true}]}}