{"id":1066269,"date":"2026-04-02T08:53:37","date_gmt":"2026-04-02T06:53:37","guid":{"rendered":"https:\/\/stilanddesign.se\/?post_type=product&#038;p=1066269"},"modified":"2026-04-02T10:22:55","modified_gmt":"2026-04-02T08:22:55","slug":"stickad-kofta-i-mork-denim-med-knytband-%f0%9f%92%99%e2%9c%a8","status":"publish","type":"product","link":"https:\/\/stilanddesign.se\/en\/product\/stickad-kofta-i-mork-denim-med-knytband-%f0%9f%92%99%e2%9c%a8\/","title":{"rendered":"Knitted cardigan in dark denim \u2013 with ties \ud83d\udc99\u2728"},"content":{"rendered":"<p data-start=\"0\" data-end=\"318\"><strong data-start=\"0\" data-end=\"45\">Knitted cardigan in dark denim - with ties<\/strong> \ud83d\udc99\u2728<br data-start=\"49\" data-end=\"52\" \/>A super nice and lovely knitted cardigan in dark denim that gives a stylish, soft and a bit \u201ccozy chic\u201d look \ud83d\ude0d The cardigan ties at the front with <strong data-start=\"180\" data-end=\"194\">3 ties<\/strong> and has nice details with <strong data-start=\"221\" data-end=\"232\">3\/4 sleeve<\/strong>, small ruffle and a <strong data-start=\"255\" data-end=\"272\">off-white edge<\/strong> around the cuffs for an extra nice contrast \ud83d\udcab<\/p>\n<p data-start=\"320\" data-end=\"406\">Perfect to wear over a top, blouse or dress - a real wardrobe favorite all year round \u2728<\/p>\n<p data-start=\"408\" data-end=\"490\">\u2705 Ties at the front with 3 ties<br data-start=\"439\" data-end=\"442\" \/>\u2705 3\/4 sleeve<br data-start=\"451\" data-end=\"454\" \/>\u2705 Ruffle + off-white edge at sleeve ends<\/p>\n<p data-start=\"492\" data-end=\"540\">\ud83d\udccc <strong data-start=\"495\" data-end=\"507\">Size:<\/strong> One size \u2013 fits approx. <strong data-start=\"529\" data-end=\"538\">34\u201342<\/strong><\/p>\n<p data-start=\"542\" data-end=\"606\" data-is-last-node=\"\" data-is-only-node=\"\"><strong data-start=\"542\" data-end=\"555\">Material:<\/strong> 70% acrylic | 12% polyamide | 9% viscose | 9% wool \ud83e\uddf5<\/p>","protected":false},"excerpt":{"rendered":"<p data-start=\"0\" data-end=\"318\"><strong data-start=\"0\" data-end=\"45\">Knitted cardigan in dark denim - with ties<\/strong> \ud83d\udc99\u2728<br data-start=\"49\" data-end=\"52\" \/>A super nice and lovely knitted cardigan in dark denim that gives a stylish, soft and a bit \u201ccozy chic\u201d look \ud83d\ude0d The cardigan ties at the front with <strong data-start=\"180\" data-end=\"194\">3 ties<\/strong> and has nice details with <strong data-start=\"221\" data-end=\"232\">3\/4 sleeve<\/strong>, small ruffle and a <strong data-start=\"255\" data-end=\"272\">off-white edge<\/strong> around the cuffs for an extra nice contrast \ud83d\udcab<\/p>\n<p data-start=\"320\" data-end=\"406\">Perfect to wear over a top, blouse or dress - a real wardrobe favorite all year round \u2728<\/p>\n<p data-start=\"408\" data-end=\"490\">\u2705 Ties at the front with 3 ties<br data-start=\"439\" data-end=\"442\" \/>\u2705 3\/4 sleeve<br data-start=\"451\" data-end=\"454\" \/>\u2705 Ruffle + off-white edge at sleeve ends<\/p>\n<p data-start=\"492\" data-end=\"540\">\ud83d\udccc <strong data-start=\"495\" data-end=\"507\">Size:<\/strong> One size \u2013 fits approx. <strong data-start=\"529\" data-end=\"538\">34\u201342<\/strong><\/p>\n<p data-start=\"542\" data-end=\"606\" data-is-last-node=\"\" data-is-only-node=\"\"><strong data-start=\"542\" data-end=\"555\">Material:<\/strong> 70% acrylic | 12% polyamide | 9% viscose | 9% wool \ud83e\uddf5<\/p>\n<p>% wool<\/p>","protected":false},"featured_media":1066267,"comment_status":"closed","ping_status":"closed","template":"","meta":[],"product_brand":[],"product_cat":[209],"product_tag":[],"class_list":{"0":"post-1066269","1":"product","2":"type-product","3":"status-publish","4":"has-post-thumbnail","6":"product_cat-reaprodukter","8":"first","9":"outofstock","10":"taxable","11":"shipping-taxable","12":"product-type-variable"},"yoast_head":"<!-- This site is optimized with the Yoast SEO Premium plugin v27.1 (Yoast SEO v27.4) - https:\/\/yoast.com\/product\/yoast-seo-premium-wordpress\/ -->\n<title>Stickad kofta i m\u00f6rk denim \u2013 med knytband \ud83d\udc99\u2728 - Stil &amp; Design<\/title>\n<meta name=\"robots\" content=\"index, follow, max-snippet:-1, max-image-preview:large, max-video-preview:-1\" \/>\n<link rel=\"canonical\" href=\"https:\/\/stilanddesign.se\/en\/product\/stickad-kofta-i-mork-denim-med-knytband-\ud83d\udc99\u2728\/\" \/>\n<meta property=\"og:locale\" content=\"en_US\" \/>\n<meta property=\"og:type\" content=\"article\" \/>\n<meta property=\"og:title\" content=\"Stickad kofta i m\u00f6rk denim \u2013 med knytband \ud83d\udc99\u2728\" \/>\n<meta property=\"og:description\" content=\"Stickad kofta i m\u00f6rk denim \u2013 med knytband \ud83d\udc99\u2728En superfin och h\u00e4rlig stickad kofta i m\u00f6rk denim som ger en snygg, mjuk och lite \u201ccozy chic\u201d look \ud83d\ude0d Koftan knyts framtill med 3 knytband och har fina detaljer med 3\/4-\u00e4rm, liten volang samt en offwhite kant runtom i \u00e4rmslut f\u00f6r en extra fin kontrast \ud83d\udcab Perfekt att b\u00e4ra \u00f6ver topp, blus eller kl\u00e4nning \u2013 en riktig garderobsfavorit \u00e5ret om \u2728 \u2705 Knyts framtill med 3 knytband\u2705 3\/4-\u00e4rm\u2705 Volang + offwhite kant i \u00e4rmslut \ud83d\udccc Storlek: One size \u2013 passar ca 34\u201342 Material: 70% acryl | 12% poliamide | 9% viscose | 9% ull \ud83e\uddf5 % ull\" \/>\n<meta property=\"og:url\" content=\"https:\/\/stilanddesign.se\/en\/product\/stickad-kofta-i-mork-denim-med-knytband-\ud83d\udc99\u2728\/\" \/>\n<meta property=\"og:site_name\" content=\"Stil &amp; Design\" \/>\n<meta property=\"article:modified_time\" content=\"2026-04-02T08:22:55+00:00\" \/>\n<meta property=\"og:image\" content=\"https:\/\/stilanddesign.se\/wp-content\/uploads\/2026\/02\/6656545444444444.jpeg\" \/>\n\t<meta property=\"og:image:width\" content=\"1622\" \/>\n\t<meta property=\"og:image:height\" content=\"2048\" \/>\n\t<meta property=\"og:image:type\" content=\"image\/jpeg\" \/>\n<meta name=\"twitter:card\" content=\"summary_large_image\" \/>\n<meta name=\"twitter:label1\" content=\"Est. reading time\" \/>\n\t<meta name=\"twitter:data1\" content=\"1 minute\" \/>\n<script type=\"application\/ld+json\" class=\"yoast-schema-graph\">{\"@context\":\"https:\\\/\\\/schema.org\",\"@graph\":[{\"@type\":\"WebPage\",\"@id\":\"https:\\\/\\\/stilanddesign.se\\\/produkt\\\/stickad-kofta-i-mork-denim-med-knytband-%f0%9f%92%99%e2%9c%a8\\\/\",\"url\":\"https:\\\/\\\/stilanddesign.se\\\/produkt\\\/stickad-kofta-i-mork-denim-med-knytband-%f0%9f%92%99%e2%9c%a8\\\/\",\"name\":\"Stickad kofta i m\u00f6rk denim \u2013 med knytband \ud83d\udc99\u2728 - Stil &amp; Design\",\"isPartOf\":{\"@id\":\"https:\\\/\\\/stilanddesign.se\\\/#website\"},\"primaryImageOfPage\":{\"@id\":\"https:\\\/\\\/stilanddesign.se\\\/produkt\\\/stickad-kofta-i-mork-denim-med-knytband-%f0%9f%92%99%e2%9c%a8\\\/#primaryimage\"},\"image\":{\"@id\":\"https:\\\/\\\/stilanddesign.se\\\/produkt\\\/stickad-kofta-i-mork-denim-med-knytband-%f0%9f%92%99%e2%9c%a8\\\/#primaryimage\"},\"thumbnailUrl\":\"https:\\\/\\\/stilanddesign.se\\\/wp-content\\\/uploads\\\/2026\\\/02\\\/6656545444444444.jpeg\",\"datePublished\":\"2026-04-02T06:53:37+00:00\",\"dateModified\":\"2026-04-02T08:22:55+00:00\",\"breadcrumb\":{\"@id\":\"https:\\\/\\\/stilanddesign.se\\\/produkt\\\/stickad-kofta-i-mork-denim-med-knytband-%f0%9f%92%99%e2%9c%a8\\\/#breadcrumb\"},\"inLanguage\":\"en-US\",\"potentialAction\":[{\"@type\":\"ReadAction\",\"target\":[\"https:\\\/\\\/stilanddesign.se\\\/produkt\\\/stickad-kofta-i-mork-denim-med-knytband-%f0%9f%92%99%e2%9c%a8\\\/\"]}]},{\"@type\":\"ImageObject\",\"inLanguage\":\"en-US\",\"@id\":\"https:\\\/\\\/stilanddesign.se\\\/produkt\\\/stickad-kofta-i-mork-denim-med-knytband-%f0%9f%92%99%e2%9c%a8\\\/#primaryimage\",\"url\":\"https:\\\/\\\/stilanddesign.se\\\/wp-content\\\/uploads\\\/2026\\\/02\\\/6656545444444444.jpeg\",\"contentUrl\":\"https:\\\/\\\/stilanddesign.se\\\/wp-content\\\/uploads\\\/2026\\\/02\\\/6656545444444444.jpeg\",\"width\":1622,\"height\":2048,\"caption\":\"Fin stickad kofta i m\u00f6rk denim\"},{\"@type\":\"BreadcrumbList\",\"@id\":\"https:\\\/\\\/stilanddesign.se\\\/produkt\\\/stickad-kofta-i-mork-denim-med-knytband-%f0%9f%92%99%e2%9c%a8\\\/#breadcrumb\",\"itemListElement\":[{\"@type\":\"ListItem\",\"position\":1,\"name\":\"Hem\",\"item\":\"https:\\\/\\\/stilanddesign.se\\\/\"},{\"@type\":\"ListItem\",\"position\":2,\"name\":\"Butiken\",\"item\":\"https:\\\/\\\/stilanddesign.se\\\/butiken\\\/\"},{\"@type\":\"ListItem\",\"position\":3,\"name\":\"Stickad kofta i m\u00f6rk denim \u2013 med knytband \ud83d\udc99\u2728\"}]},{\"@type\":\"WebSite\",\"@id\":\"https:\\\/\\\/stilanddesign.se\\\/#website\",\"url\":\"https:\\\/\\\/stilanddesign.se\\\/\",\"name\":\"Stil &amp; Design\",\"description\":\"F\u00f6r oss som \u00e4lskar mode!\",\"publisher\":{\"@id\":\"https:\\\/\\\/stilanddesign.se\\\/#organization\"},\"potentialAction\":[{\"@type\":\"SearchAction\",\"target\":{\"@type\":\"EntryPoint\",\"urlTemplate\":\"https:\\\/\\\/stilanddesign.se\\\/?s={search_term_string}\"},\"query-input\":{\"@type\":\"PropertyValueSpecification\",\"valueRequired\":true,\"valueName\":\"search_term_string\"}}],\"inLanguage\":\"en-US\"},{\"@type\":\"Organization\",\"@id\":\"https:\\\/\\\/stilanddesign.se\\\/#organization\",\"name\":\"Stil &amp; Design\",\"url\":\"https:\\\/\\\/stilanddesign.se\\\/\",\"logo\":{\"@type\":\"ImageObject\",\"inLanguage\":\"en-US\",\"@id\":\"https:\\\/\\\/stilanddesign.se\\\/#\\\/schema\\\/logo\\\/image\\\/\",\"url\":\"https:\\\/\\\/stilanddesign.se\\\/wp-content\\\/uploads\\\/2023\\\/12\\\/output-onlinepngtools-e1727784413220.png\",\"contentUrl\":\"https:\\\/\\\/stilanddesign.se\\\/wp-content\\\/uploads\\\/2023\\\/12\\\/output-onlinepngtools-e1727784413220.png\",\"width\":519,\"height\":135,\"caption\":\"Stil &amp; Design\"},\"image\":{\"@id\":\"https:\\\/\\\/stilanddesign.se\\\/#\\\/schema\\\/logo\\\/image\\\/\"}}]}<\/script>\n<!-- \/ Yoast SEO Premium plugin. -->","yoast_head_json":{"title":"Stickad kofta i m\u00f6rk denim \u2013 med knytband \ud83d\udc99\u2728 - Stil &amp; Design","robots":{"index":"index","follow":"follow","max-snippet":"max-snippet:-1","max-image-preview":"max-image-preview:large","max-video-preview":"max-video-preview:-1"},"canonical":"https:\/\/stilanddesign.se\/en\/product\/stickad-kofta-i-mork-denim-med-knytband-\ud83d\udc99\u2728\/","og_locale":"en_US","og_type":"article","og_title":"Stickad kofta i m\u00f6rk denim \u2013 med knytband \ud83d\udc99\u2728","og_description":"Stickad kofta i m\u00f6rk denim \u2013 med knytband \ud83d\udc99\u2728En superfin och h\u00e4rlig stickad kofta i m\u00f6rk denim som ger en snygg, mjuk och lite \u201ccozy chic\u201d look \ud83d\ude0d Koftan knyts framtill med 3 knytband och har fina detaljer med 3\/4-\u00e4rm, liten volang samt en offwhite kant runtom i \u00e4rmslut f\u00f6r en extra fin kontrast \ud83d\udcab Perfekt att b\u00e4ra \u00f6ver topp, blus eller kl\u00e4nning \u2013 en riktig garderobsfavorit \u00e5ret om \u2728 \u2705 Knyts framtill med 3 knytband\u2705 3\/4-\u00e4rm\u2705 Volang + offwhite kant i \u00e4rmslut \ud83d\udccc Storlek: One size \u2013 passar ca 34\u201342 Material: 70% acryl | 12% poliamide | 9% viscose | 9% ull \ud83e\uddf5 % ull","og_url":"https:\/\/stilanddesign.se\/en\/product\/stickad-kofta-i-mork-denim-med-knytband-\ud83d\udc99\u2728\/","og_site_name":"Stil &amp; Design","article_modified_time":"2026-04-02T08:22:55+00:00","og_image":[{"width":1622,"height":2048,"url":"https:\/\/stilanddesign.se\/wp-content\/uploads\/2026\/02\/6656545444444444.jpeg","type":"image\/jpeg"}],"twitter_card":"summary_large_image","twitter_misc":{"Est. reading time":"1 minute"},"schema":{"@context":"https:\/\/schema.org","@graph":[{"@type":"WebPage","@id":"https:\/\/stilanddesign.se\/produkt\/stickad-kofta-i-mork-denim-med-knytband-%f0%9f%92%99%e2%9c%a8\/","url":"https:\/\/stilanddesign.se\/produkt\/stickad-kofta-i-mork-denim-med-knytband-%f0%9f%92%99%e2%9c%a8\/","name":"Stickad kofta i m\u00f6rk denim \u2013 med knytband \ud83d\udc99\u2728 - Stil &amp; Design","isPartOf":{"@id":"https:\/\/stilanddesign.se\/#website"},"primaryImageOfPage":{"@id":"https:\/\/stilanddesign.se\/produkt\/stickad-kofta-i-mork-denim-med-knytband-%f0%9f%92%99%e2%9c%a8\/#primaryimage"},"image":{"@id":"https:\/\/stilanddesign.se\/produkt\/stickad-kofta-i-mork-denim-med-knytband-%f0%9f%92%99%e2%9c%a8\/#primaryimage"},"thumbnailUrl":"https:\/\/stilanddesign.se\/wp-content\/uploads\/2026\/02\/6656545444444444.jpeg","datePublished":"2026-04-02T06:53:37+00:00","dateModified":"2026-04-02T08:22:55+00:00","breadcrumb":{"@id":"https:\/\/stilanddesign.se\/produkt\/stickad-kofta-i-mork-denim-med-knytband-%f0%9f%92%99%e2%9c%a8\/#breadcrumb"},"inLanguage":"en-US","potentialAction":[{"@type":"ReadAction","target":["https:\/\/stilanddesign.se\/produkt\/stickad-kofta-i-mork-denim-med-knytband-%f0%9f%92%99%e2%9c%a8\/"]}]},{"@type":"ImageObject","inLanguage":"en-US","@id":"https:\/\/stilanddesign.se\/produkt\/stickad-kofta-i-mork-denim-med-knytband-%f0%9f%92%99%e2%9c%a8\/#primaryimage","url":"https:\/\/stilanddesign.se\/wp-content\/uploads\/2026\/02\/6656545444444444.jpeg","contentUrl":"https:\/\/stilanddesign.se\/wp-content\/uploads\/2026\/02\/6656545444444444.jpeg","width":1622,"height":2048,"caption":"Fin stickad kofta i m\u00f6rk denim"},{"@type":"BreadcrumbList","@id":"https:\/\/stilanddesign.se\/produkt\/stickad-kofta-i-mork-denim-med-knytband-%f0%9f%92%99%e2%9c%a8\/#breadcrumb","itemListElement":[{"@type":"ListItem","position":1,"name":"Hem","item":"https:\/\/stilanddesign.se\/"},{"@type":"ListItem","position":2,"name":"Butiken","item":"https:\/\/stilanddesign.se\/butiken\/"},{"@type":"ListItem","position":3,"name":"Stickad kofta i m\u00f6rk denim \u2013 med knytband \ud83d\udc99\u2728"}]},{"@type":"WebSite","@id":"https:\/\/stilanddesign.se\/#website","url":"https:\/\/stilanddesign.se\/","name":"Style &amp; Design","description":"For those of us who love fashion!","publisher":{"@id":"https:\/\/stilanddesign.se\/#organization"},"potentialAction":[{"@type":"SearchAction","target":{"@type":"EntryPoint","urlTemplate":"https:\/\/stilanddesign.se\/?s={search_term_string}"},"query-input":{"@type":"PropertyValueSpecification","valueRequired":true,"valueName":"search_term_string"}}],"inLanguage":"en-US"},{"@type":"Organization","@id":"https:\/\/stilanddesign.se\/#organization","name":"Style &amp; Design","url":"https:\/\/stilanddesign.se\/","logo":{"@type":"ImageObject","inLanguage":"en-US","@id":"https:\/\/stilanddesign.se\/#\/schema\/logo\/image\/","url":"https:\/\/stilanddesign.se\/wp-content\/uploads\/2023\/12\/output-onlinepngtools-e1727784413220.png","contentUrl":"https:\/\/stilanddesign.se\/wp-content\/uploads\/2023\/12\/output-onlinepngtools-e1727784413220.png","width":519,"height":135,"caption":"Stil &amp; Design"},"image":{"@id":"https:\/\/stilanddesign.se\/#\/schema\/logo\/image\/"}}]}},"_links":{"self":[{"href":"https:\/\/stilanddesign.se\/en\/wp-json\/wp\/v2\/product\/1066269","targetHints":{"allow":["GET"]}}],"collection":[{"href":"https:\/\/stilanddesign.se\/en\/wp-json\/wp\/v2\/product"}],"about":[{"href":"https:\/\/stilanddesign.se\/en\/wp-json\/wp\/v2\/types\/product"}],"replies":[{"embeddable":true,"href":"https:\/\/stilanddesign.se\/en\/wp-json\/wp\/v2\/comments?post=1066269"}],"wp:featuredmedia":[{"embeddable":true,"href":"https:\/\/stilanddesign.se\/en\/wp-json\/wp\/v2\/media\/1066267"}],"wp:attachment":[{"href":"https:\/\/stilanddesign.se\/en\/wp-json\/wp\/v2\/media?parent=1066269"}],"wp:term":[{"taxonomy":"product_brand","embeddable":true,"href":"https:\/\/stilanddesign.se\/en\/wp-json\/wp\/v2\/product_brand?post=1066269"},{"taxonomy":"product_cat","embeddable":true,"href":"https:\/\/stilanddesign.se\/en\/wp-json\/wp\/v2\/product_cat?post=1066269"},{"taxonomy":"product_tag","embeddable":true,"href":"https:\/\/stilanddesign.se\/en\/wp-json\/wp\/v2\/product_tag?post=1066269"}],"curies":[{"name":"wp","href":"https:\/\/api.w.org\/{rel}","templated":true}]}}