{"id":1066223,"date":"2026-03-31T10:20:39","date_gmt":"2026-03-31T08:20:39","guid":{"rendered":"https:\/\/stilanddesign.se\/?post_type=product&#038;p=1066223"},"modified":"2026-04-04T15:57:55","modified_gmt":"2026-04-04T13:57:55","slug":"klassiska-vida-byxor-med-pressveck-sisters-point-%e2%9c%a8%f0%9f%91%96","status":"publish","type":"product","link":"https:\/\/stilanddesign.se\/en\/product\/klassiska-vida-byxor-med-pressveck-sisters-point-%e2%9c%a8%f0%9f%91%96\/","title":{"rendered":"Classic wide trousers with press pleats \u2013 Sisters Point \u2728\ud83d\udc56"},"content":{"rendered":"<p data-start=\"0\" data-end=\"313\"><strong data-start=\"0\" data-end=\"54\">Classic wide trousers with press pleats \u2013 Sisters Point<\/strong> \u2728\ud83d\udc56<br data-start=\"58\" data-end=\"61\" \/>Stylish and timeless wide trousers with <strong data-start=\"97\" data-end=\"119\">press pleats at the front<\/strong> which gives a stylish, dressed-up look - perfect for work, everyday wear and parties \ud83d\ude0d The trousers have a simple, elegant design that is easy to match with everything from blouses and jackets to knitwear and t-shirts \ud83d\udcab<\/p>\n<p data-start=\"315\" data-end=\"398\">\u2705 Wide legs<br data-start=\"325\" data-end=\"328\" \/>\u2705 Pressed pleats at the front<br data-start=\"348\" data-end=\"351\" \/>\u2705 Classic model that suits many occasions<\/p>\n<p data-start=\"400\" data-end=\"457\">\ud83d\udccc <strong data-start=\"403\" data-end=\"417\">Sizes:<\/strong> XS\u2013XL<br data-start=\"423\" data-end=\"426\" \/>\ud83d\udc57 The model is wearing <strong data-start=\"442\" data-end=\"455\" data-is-only-node=\"\">size S<\/strong><\/p>\n<p data-start=\"459\" data-end=\"502\" data-is-last-node=\"\" data-is-only-node=\"\"><strong data-start=\"459\" data-end=\"472\">Material:<\/strong> 95% polyester | 5% elastane \ud83e\uddf5<\/p>","protected":false},"excerpt":{"rendered":"<p data-start=\"0\" data-end=\"313\"><strong data-start=\"0\" data-end=\"54\">Classic wide trousers with press pleats \u2013 Sisters Point<\/strong> \u2728\ud83d\udc56<br data-start=\"58\" data-end=\"61\" \/>Stylish and timeless wide trousers with <strong data-start=\"97\" data-end=\"119\">press pleats at the front<\/strong> which gives a stylish, dressed-up look - perfect for work, everyday wear and parties \ud83d\ude0d The trousers have a simple, elegant design that is easy to match with everything from blouses and jackets to knitwear and t-shirts \ud83d\udcab<\/p>\n<p data-start=\"315\" data-end=\"398\">\u2705 Wide legs<br data-start=\"325\" data-end=\"328\" \/>\u2705 Pressed pleats at the front<br data-start=\"348\" data-end=\"351\" \/>\u2705 Classic model that suits many occasions<\/p>\n<p data-start=\"400\" data-end=\"457\">\ud83d\udccc <strong data-start=\"403\" data-end=\"417\">Sizes:<\/strong> XS\u2013XL<br data-start=\"423\" data-end=\"426\" \/>\ud83d\udc57 The model is wearing <strong data-start=\"442\" data-end=\"455\" data-is-only-node=\"\">size S<\/strong><\/p>\n<p data-start=\"459\" data-end=\"502\" data-is-last-node=\"\" data-is-only-node=\"\"><strong data-start=\"459\" data-end=\"472\">Material:<\/strong> 95% polyester | 5% elastane \ud83e\uddf5<\/p>","protected":false},"featured_media":1066229,"comment_status":"closed","ping_status":"closed","template":"","meta":[],"product_brand":[],"product_cat":[209],"product_tag":[],"class_list":{"0":"post-1066223","1":"product","2":"type-product","3":"status-publish","4":"has-post-thumbnail","6":"product_cat-reaprodukter","8":"first","9":"outofstock","10":"taxable","11":"shipping-taxable","12":"product-type-variable"},"yoast_head":"<!-- This site is optimized with the Yoast SEO Premium plugin v27.1 (Yoast SEO v27.4) - https:\/\/yoast.com\/product\/yoast-seo-premium-wordpress\/ -->\n<title>Klassiska vida byxor med pressveck \u2013 Sisters Point \u2728\ud83d\udc56 - Stil &amp; Design<\/title>\n<meta name=\"robots\" content=\"index, follow, max-snippet:-1, max-image-preview:large, max-video-preview:-1\" \/>\n<link rel=\"canonical\" href=\"https:\/\/stilanddesign.se\/en\/product\/klassiska-vida-byxor-med-pressveck-sisters-point-\u2728\ud83d\udc56\/\" \/>\n<meta property=\"og:locale\" content=\"en_US\" \/>\n<meta property=\"og:type\" content=\"article\" \/>\n<meta property=\"og:title\" content=\"Klassiska vida byxor med pressveck \u2013 Sisters Point \u2728\ud83d\udc56\" \/>\n<meta property=\"og:description\" content=\"Klassiska vida byxor med pressveck \u2013 Sisters Point \u2728\ud83d\udc56Stilrena och tidl\u00f6sa vida byxor med pressveck framtill som ger en snygg, dressad look \u2013 perfekta b\u00e5de till jobb, vardag och fest \ud83d\ude0d Byxorna har en enkel, elegant design som \u00e4r l\u00e4tt att matcha med allt fr\u00e5n blus och kavaj till stickat och t-shirt \ud83d\udcab \u2705 Vida ben\u2705 Pressveck framtill\u2705 Klassisk modell som passar m\u00e5nga tillf\u00e4llen \ud83d\udccc Storlekar: XS\u2013XL\ud83d\udc57 Modellen b\u00e4r storlek S Material: 95% polyester | 5% elastan \ud83e\uddf5\" \/>\n<meta property=\"og:url\" content=\"https:\/\/stilanddesign.se\/en\/product\/klassiska-vida-byxor-med-pressveck-sisters-point-\u2728\ud83d\udc56\/\" \/>\n<meta property=\"og:site_name\" content=\"Stil &amp; Design\" \/>\n<meta property=\"article:modified_time\" content=\"2026-04-04T13:57:55+00:00\" \/>\n<meta property=\"og:image\" content=\"https:\/\/stilanddesign.se\/wp-content\/uploads\/2026\/02\/10-viksa-pa_450x650c-5.jpg\" \/>\n\t<meta property=\"og:image:width\" content=\"450\" \/>\n\t<meta property=\"og:image:height\" content=\"650\" \/>\n\t<meta property=\"og:image:type\" content=\"image\/jpeg\" \/>\n<meta name=\"twitter:card\" content=\"summary_large_image\" \/>\n<meta name=\"twitter:label1\" content=\"Est. reading time\" \/>\n\t<meta name=\"twitter:data1\" content=\"1 minute\" \/>\n<script type=\"application\/ld+json\" class=\"yoast-schema-graph\">{\"@context\":\"https:\\\/\\\/schema.org\",\"@graph\":[{\"@type\":\"WebPage\",\"@id\":\"https:\\\/\\\/stilanddesign.se\\\/produkt\\\/klassiska-vida-byxor-med-pressveck-sisters-point-%e2%9c%a8%f0%9f%91%96\\\/\",\"url\":\"https:\\\/\\\/stilanddesign.se\\\/produkt\\\/klassiska-vida-byxor-med-pressveck-sisters-point-%e2%9c%a8%f0%9f%91%96\\\/\",\"name\":\"Klassiska vida byxor med pressveck \u2013 Sisters Point \u2728\ud83d\udc56 - Stil &amp; Design\",\"isPartOf\":{\"@id\":\"https:\\\/\\\/stilanddesign.se\\\/#website\"},\"primaryImageOfPage\":{\"@id\":\"https:\\\/\\\/stilanddesign.se\\\/produkt\\\/klassiska-vida-byxor-med-pressveck-sisters-point-%e2%9c%a8%f0%9f%91%96\\\/#primaryimage\"},\"image\":{\"@id\":\"https:\\\/\\\/stilanddesign.se\\\/produkt\\\/klassiska-vida-byxor-med-pressveck-sisters-point-%e2%9c%a8%f0%9f%91%96\\\/#primaryimage\"},\"thumbnailUrl\":\"https:\\\/\\\/stilanddesign.se\\\/wp-content\\\/uploads\\\/2026\\\/02\\\/10-viksa-pa_450x650c-5.jpg\",\"datePublished\":\"2026-03-31T08:20:39+00:00\",\"dateModified\":\"2026-04-04T13:57:55+00:00\",\"breadcrumb\":{\"@id\":\"https:\\\/\\\/stilanddesign.se\\\/produkt\\\/klassiska-vida-byxor-med-pressveck-sisters-point-%e2%9c%a8%f0%9f%91%96\\\/#breadcrumb\"},\"inLanguage\":\"en-US\",\"potentialAction\":[{\"@type\":\"ReadAction\",\"target\":[\"https:\\\/\\\/stilanddesign.se\\\/produkt\\\/klassiska-vida-byxor-med-pressveck-sisters-point-%e2%9c%a8%f0%9f%91%96\\\/\"]}]},{\"@type\":\"ImageObject\",\"inLanguage\":\"en-US\",\"@id\":\"https:\\\/\\\/stilanddesign.se\\\/produkt\\\/klassiska-vida-byxor-med-pressveck-sisters-point-%e2%9c%a8%f0%9f%91%96\\\/#primaryimage\",\"url\":\"https:\\\/\\\/stilanddesign.se\\\/wp-content\\\/uploads\\\/2026\\\/02\\\/10-viksa-pa_450x650c-5.jpg\",\"contentUrl\":\"https:\\\/\\\/stilanddesign.se\\\/wp-content\\\/uploads\\\/2026\\\/02\\\/10-viksa-pa_450x650c-5.jpg\",\"width\":450,\"height\":650},{\"@type\":\"BreadcrumbList\",\"@id\":\"https:\\\/\\\/stilanddesign.se\\\/produkt\\\/klassiska-vida-byxor-med-pressveck-sisters-point-%e2%9c%a8%f0%9f%91%96\\\/#breadcrumb\",\"itemListElement\":[{\"@type\":\"ListItem\",\"position\":1,\"name\":\"Hem\",\"item\":\"https:\\\/\\\/stilanddesign.se\\\/\"},{\"@type\":\"ListItem\",\"position\":2,\"name\":\"Butiken\",\"item\":\"https:\\\/\\\/stilanddesign.se\\\/butiken\\\/\"},{\"@type\":\"ListItem\",\"position\":3,\"name\":\"Klassiska vida byxor med pressveck \u2013 Sisters Point \u2728\ud83d\udc56\"}]},{\"@type\":\"WebSite\",\"@id\":\"https:\\\/\\\/stilanddesign.se\\\/#website\",\"url\":\"https:\\\/\\\/stilanddesign.se\\\/\",\"name\":\"Stil &amp; Design\",\"description\":\"F\u00f6r oss som \u00e4lskar mode!\",\"publisher\":{\"@id\":\"https:\\\/\\\/stilanddesign.se\\\/#organization\"},\"potentialAction\":[{\"@type\":\"SearchAction\",\"target\":{\"@type\":\"EntryPoint\",\"urlTemplate\":\"https:\\\/\\\/stilanddesign.se\\\/?s={search_term_string}\"},\"query-input\":{\"@type\":\"PropertyValueSpecification\",\"valueRequired\":true,\"valueName\":\"search_term_string\"}}],\"inLanguage\":\"en-US\"},{\"@type\":\"Organization\",\"@id\":\"https:\\\/\\\/stilanddesign.se\\\/#organization\",\"name\":\"Stil &amp; Design\",\"url\":\"https:\\\/\\\/stilanddesign.se\\\/\",\"logo\":{\"@type\":\"ImageObject\",\"inLanguage\":\"en-US\",\"@id\":\"https:\\\/\\\/stilanddesign.se\\\/#\\\/schema\\\/logo\\\/image\\\/\",\"url\":\"https:\\\/\\\/stilanddesign.se\\\/wp-content\\\/uploads\\\/2023\\\/12\\\/output-onlinepngtools-e1727784413220.png\",\"contentUrl\":\"https:\\\/\\\/stilanddesign.se\\\/wp-content\\\/uploads\\\/2023\\\/12\\\/output-onlinepngtools-e1727784413220.png\",\"width\":519,\"height\":135,\"caption\":\"Stil &amp; Design\"},\"image\":{\"@id\":\"https:\\\/\\\/stilanddesign.se\\\/#\\\/schema\\\/logo\\\/image\\\/\"}}]}<\/script>\n<!-- \/ Yoast SEO Premium plugin. -->","yoast_head_json":{"title":"Klassiska vida byxor med pressveck \u2013 Sisters Point \u2728\ud83d\udc56 - Stil &amp; Design","robots":{"index":"index","follow":"follow","max-snippet":"max-snippet:-1","max-image-preview":"max-image-preview:large","max-video-preview":"max-video-preview:-1"},"canonical":"https:\/\/stilanddesign.se\/en\/product\/klassiska-vida-byxor-med-pressveck-sisters-point-\u2728\ud83d\udc56\/","og_locale":"en_US","og_type":"article","og_title":"Klassiska vida byxor med pressveck \u2013 Sisters Point \u2728\ud83d\udc56","og_description":"Klassiska vida byxor med pressveck \u2013 Sisters Point \u2728\ud83d\udc56Stilrena och tidl\u00f6sa vida byxor med pressveck framtill som ger en snygg, dressad look \u2013 perfekta b\u00e5de till jobb, vardag och fest \ud83d\ude0d Byxorna har en enkel, elegant design som \u00e4r l\u00e4tt att matcha med allt fr\u00e5n blus och kavaj till stickat och t-shirt \ud83d\udcab \u2705 Vida ben\u2705 Pressveck framtill\u2705 Klassisk modell som passar m\u00e5nga tillf\u00e4llen \ud83d\udccc Storlekar: XS\u2013XL\ud83d\udc57 Modellen b\u00e4r storlek S Material: 95% polyester | 5% elastan \ud83e\uddf5","og_url":"https:\/\/stilanddesign.se\/en\/product\/klassiska-vida-byxor-med-pressveck-sisters-point-\u2728\ud83d\udc56\/","og_site_name":"Stil &amp; Design","article_modified_time":"2026-04-04T13:57:55+00:00","og_image":[{"width":450,"height":650,"url":"https:\/\/stilanddesign.se\/wp-content\/uploads\/2026\/02\/10-viksa-pa_450x650c-5.jpg","type":"image\/jpeg"}],"twitter_card":"summary_large_image","twitter_misc":{"Est. reading time":"1 minute"},"schema":{"@context":"https:\/\/schema.org","@graph":[{"@type":"WebPage","@id":"https:\/\/stilanddesign.se\/produkt\/klassiska-vida-byxor-med-pressveck-sisters-point-%e2%9c%a8%f0%9f%91%96\/","url":"https:\/\/stilanddesign.se\/produkt\/klassiska-vida-byxor-med-pressveck-sisters-point-%e2%9c%a8%f0%9f%91%96\/","name":"Klassiska vida byxor med pressveck \u2013 Sisters Point \u2728\ud83d\udc56 - Stil &amp; Design","isPartOf":{"@id":"https:\/\/stilanddesign.se\/#website"},"primaryImageOfPage":{"@id":"https:\/\/stilanddesign.se\/produkt\/klassiska-vida-byxor-med-pressveck-sisters-point-%e2%9c%a8%f0%9f%91%96\/#primaryimage"},"image":{"@id":"https:\/\/stilanddesign.se\/produkt\/klassiska-vida-byxor-med-pressveck-sisters-point-%e2%9c%a8%f0%9f%91%96\/#primaryimage"},"thumbnailUrl":"https:\/\/stilanddesign.se\/wp-content\/uploads\/2026\/02\/10-viksa-pa_450x650c-5.jpg","datePublished":"2026-03-31T08:20:39+00:00","dateModified":"2026-04-04T13:57:55+00:00","breadcrumb":{"@id":"https:\/\/stilanddesign.se\/produkt\/klassiska-vida-byxor-med-pressveck-sisters-point-%e2%9c%a8%f0%9f%91%96\/#breadcrumb"},"inLanguage":"en-US","potentialAction":[{"@type":"ReadAction","target":["https:\/\/stilanddesign.se\/produkt\/klassiska-vida-byxor-med-pressveck-sisters-point-%e2%9c%a8%f0%9f%91%96\/"]}]},{"@type":"ImageObject","inLanguage":"en-US","@id":"https:\/\/stilanddesign.se\/produkt\/klassiska-vida-byxor-med-pressveck-sisters-point-%e2%9c%a8%f0%9f%91%96\/#primaryimage","url":"https:\/\/stilanddesign.se\/wp-content\/uploads\/2026\/02\/10-viksa-pa_450x650c-5.jpg","contentUrl":"https:\/\/stilanddesign.se\/wp-content\/uploads\/2026\/02\/10-viksa-pa_450x650c-5.jpg","width":450,"height":650},{"@type":"BreadcrumbList","@id":"https:\/\/stilanddesign.se\/produkt\/klassiska-vida-byxor-med-pressveck-sisters-point-%e2%9c%a8%f0%9f%91%96\/#breadcrumb","itemListElement":[{"@type":"ListItem","position":1,"name":"Hem","item":"https:\/\/stilanddesign.se\/"},{"@type":"ListItem","position":2,"name":"Butiken","item":"https:\/\/stilanddesign.se\/butiken\/"},{"@type":"ListItem","position":3,"name":"Klassiska vida byxor med pressveck \u2013 Sisters Point \u2728\ud83d\udc56"}]},{"@type":"WebSite","@id":"https:\/\/stilanddesign.se\/#website","url":"https:\/\/stilanddesign.se\/","name":"Style &amp; Design","description":"For those of us who love fashion!","publisher":{"@id":"https:\/\/stilanddesign.se\/#organization"},"potentialAction":[{"@type":"SearchAction","target":{"@type":"EntryPoint","urlTemplate":"https:\/\/stilanddesign.se\/?s={search_term_string}"},"query-input":{"@type":"PropertyValueSpecification","valueRequired":true,"valueName":"search_term_string"}}],"inLanguage":"en-US"},{"@type":"Organization","@id":"https:\/\/stilanddesign.se\/#organization","name":"Style &amp; Design","url":"https:\/\/stilanddesign.se\/","logo":{"@type":"ImageObject","inLanguage":"en-US","@id":"https:\/\/stilanddesign.se\/#\/schema\/logo\/image\/","url":"https:\/\/stilanddesign.se\/wp-content\/uploads\/2023\/12\/output-onlinepngtools-e1727784413220.png","contentUrl":"https:\/\/stilanddesign.se\/wp-content\/uploads\/2023\/12\/output-onlinepngtools-e1727784413220.png","width":519,"height":135,"caption":"Stil &amp; Design"},"image":{"@id":"https:\/\/stilanddesign.se\/#\/schema\/logo\/image\/"}}]}},"_links":{"self":[{"href":"https:\/\/stilanddesign.se\/en\/wp-json\/wp\/v2\/product\/1066223","targetHints":{"allow":["GET"]}}],"collection":[{"href":"https:\/\/stilanddesign.se\/en\/wp-json\/wp\/v2\/product"}],"about":[{"href":"https:\/\/stilanddesign.se\/en\/wp-json\/wp\/v2\/types\/product"}],"replies":[{"embeddable":true,"href":"https:\/\/stilanddesign.se\/en\/wp-json\/wp\/v2\/comments?post=1066223"}],"wp:featuredmedia":[{"embeddable":true,"href":"https:\/\/stilanddesign.se\/en\/wp-json\/wp\/v2\/media\/1066229"}],"wp:attachment":[{"href":"https:\/\/stilanddesign.se\/en\/wp-json\/wp\/v2\/media?parent=1066223"}],"wp:term":[{"taxonomy":"product_brand","embeddable":true,"href":"https:\/\/stilanddesign.se\/en\/wp-json\/wp\/v2\/product_brand?post=1066223"},{"taxonomy":"product_cat","embeddable":true,"href":"https:\/\/stilanddesign.se\/en\/wp-json\/wp\/v2\/product_cat?post=1066223"},{"taxonomy":"product_tag","embeddable":true,"href":"https:\/\/stilanddesign.se\/en\/wp-json\/wp\/v2\/product_tag?post=1066223"}],"curies":[{"name":"wp","href":"https:\/\/api.w.org\/{rel}","templated":true}]}}